{"id":102694,"date":"2026-02-11T10:14:30","date_gmt":"2026-02-11T10:14:30","guid":{"rendered":"https:\/\/beta.truzzer.com\/product\/google-review-qr-code-business-card-standard\/"},"modified":"2026-02-13T10:24:54","modified_gmt":"2026-02-13T10:24:54","slug":"google-review-qr-code-business-card-standard","status":"publish","type":"product","link":"https:\/\/www.truzzer.com\/it\/prodotto\/google-review-qr-code-business-card-standard\/","title":{"rendered":"Google Recensione QR Codice Biglietto da Visita Standard"},"content":{"rendered":"<h2>Google Recensione Biglietto da visita codice QR \u2013 Standard<\/h2>\n<p>\nIl <strong>Biglietto da visita Standard Truzzer<\/strong> \u00e8 l&#8217;ingresso semplice ed efficace nel mondo delle recensioni Google.<br \/>\nCombina un design moderno e professionale con la potenza diretta di un <strong>codice QR individuale<\/strong><br \/>\nche porta i tuoi clienti direttamente alla pagina delle recensioni Google della tua azienda.<br \/>\nCi\u00f2 rende le recensioni una parte naturale di ogni interazione con il cliente.\n<\/p>\n<h3>Il modo pi\u00f9 semplice per ottenere pi\u00f9 recensioni Google<\/h3>\n<p>\nCon il <strong>Biglietto da visita con codice QR standard<\/strong>, i clienti potranno consigliarti facilmente.<br \/>\n\u00c8 sufficiente una rapida scansione con uno smartphone e i risultati arriveranno direttamente alla pagina delle recensioni di Google \u2014<br \/>\nnessuna ricerca, nessuna deviazione, nessuna barriera tecnica.<br \/>\nQuesta carta \u00e8 ideale per chiunque desideri creare maggiore fiducia con una <strong>presenza professionale<\/strong> e allo stesso tempo aumentare la propria <strong>visibilit\u00e0 online<\/strong>.\n<\/p>\n<ul>\n<li><strong>Design pulito e professionale<\/strong>: perfetto per l&#8217;uso quotidiano<\/li>\n<li><strong>Indirizza il codice QR<\/strong> al tuo profilo aziendale Google<\/li>\n<li><strong>Configurazione completa e pronto all&#8217;uso<\/strong>immediatamente<\/li>\n<li><strong>Personalizzabile<\/strong> con il tuo logo e nome aziendale<\/li>\n<li><strong>Made in Germany<\/strong>: testato, configurato e pronto per la spedizione<\/li>\n<li><strong>Perfetto<\/strong> per attivit\u00e0 commerciali, servizi, ospitalit\u00e0, fitness &amp; vendita al dettaglio<\/li>\n<\/ul>\n<h3>Come funziona<\/h3>\n<p>\n1. Inserisci il nome della tua attivit\u00e0 quando effettui l&#8217;ordine.<br \/>\n2. Generiamo il tuo <strong>link di recensione individuale<\/strong> e creiamo il codice QR.<br \/>\n3. Ricevi la carta <strong>completamente configurata<\/strong>: consegnala e lascia che i clienti la scannerizzino.\n<\/p>\n<p>\nCon una scansione, i clienti aprono la pagina delle recensioni Google della tua azienda \u2014<br \/>\ne possono condividere subito la loro esperienza.\n<\/p>\n<h3>Perch\u00e9 la versione Standard<\/h3>\n<p>\nQuesta carta \u00e8 intenzionalmente progettata per essere <strong>minimalista e universalmente utilizzabile<\/strong>.<br \/>\nFunziona per qualsiasi attivit\u00e0 e in qualsiasi contesto, che si tratti di conversazioni di vendita, appuntamenti o servizio clienti.<br \/>\nIl focus \u00e8 sulla massima semplicit\u00e0 ed efficacia.\n<\/p>\n<h3>Vantaggi per la tua azienda<\/h3>\n<ul>\n<li>Pi\u00f9 <strong>recensioni autentiche dei clienti<\/strong> senza strumenti aggiuntivi<\/li>\n<li>Miglioramento della <strong>visibilit\u00e0<\/strong> e delle classifiche di Google<\/li>\n<li>Maggiore fiducia attraverso il feedback autentico dei clienti<\/li>\n<li>Nessun abbonamento, nessuna app, nessuno sforzo<\/li>\n<\/ul>\n<h3>Perch\u00e9 Truzzer<\/h3>\n<p>\nTruzzer \u00e8 <strong>inventore e leader di mercato<\/strong> per QR &amp; Prodotti NFC realizzati per le recensioni Google.<br \/>\nI nostri prodotti sono gi\u00e0 utilizzati da migliaia di aziende e contribuiscono a generare pi\u00f9 recensioni e a creare fiducia ogni giorno.<br \/>\nGestiamo l&#8217;intera configurazione per te: riceverai tutto pronto per l&#8217;uso.\n<\/p>\n<ul>\n<li>Leader di mercato &amp; inventore in Germania<\/li>\n<li>Supporto tedesco e assistenza configurazione personale<\/li>\n<li>I migliori su Google<\/li>\n<li>Compatibile con qualsiasi smartphone<\/li>\n<li>Nessuna app, nessun accesso richiesto<\/li>\n<\/ul>\n<h3>Dettagli tecnici<\/h3>\n<ul>\n<li>Formato: biglietto da visita standard<\/li>\n<li>Materiale: carta di plastica resistente (opaca o lucida)<\/li>\n<li>Tecnologia: codice QR (opzionale con NFC)<\/li>\n<li>Collegamento: collegamento di revisione diretto al tuo profilo Google<\/li>\n<li>Personalizzazione: logo e ragione sociale opzionali<\/li>\n<\/ul>\n<h3>Conclusione<\/h3>\n<p>\nIl <strong>Google Review QR Code Business Card \u2013 Standard<\/strong> \u00e8 lo strumento ideale per le aziende<br \/>\nche desiderano aumentare attivamente le recensioni senza tecnologie o sforzi aggiuntivi.<br \/>\nUna soluzione semplice, comprovata ed efficace per una maggiore portata, fiducia e crescita.\n<\/p>\n<hr>\n<p>\n<strong>Ordina ora, inclusa la configurazione e la configurazione. Codice QR.<\/strong><br \/>\nAltre recensioni. Pi\u00f9 visibilit\u00e0. Pi\u00f9 successo con Truzzer.<\/p>\n","protected":false},"excerpt":{"rendered":"<h2>\n  <img decoding=\"async\" class=\"alignnone size-full wp-image-56732\" src=\"https:\/\/truzzer.com\/wp-content\/uploads\/2026\/02\/qrscan-ezgif.com-video-to-webp-converter-1.webp\" alt=\"\" larghezza=\"150\" altezza=\"150\" \/><br \/>\n<\/h2>\n<h2>Ottieni facilmente pi\u00f9 recensioni Google con i biglietti da visita con codice Google Review QR<\/h2>\n<p>\nScopri i nostri nuovi biglietti da visita standard progettati per aiutarti a raccogliere pi\u00f9 recensioni Google, con un aspetto pulito e moderno che si adatta perfettamente a qualsiasi attivit\u00e0.\n<\/p>\n<p>\nCon i biglietti da visita con codice Google Review QR, puoi ottenere pi\u00f9 recensioni Google in pochissimo tempo.\n<\/p>\n<p>\nTutto ci\u00f2 che i tuoi clienti devono fare \u00e8 scansionare il codice QR con la fotocamera del loro smartphone e verranno indirizzati direttamente alla pagina di recensione Google.\n<\/p>\n<p>\nNel campo di configurazione, inserisci semplicemente il nome e l&#8217;indirizzo della tua attivit\u00e0. Sulla base di queste informazioni, creeremo per te il tuo link di recensione individuale, cos\u00ec non dovrai preoccuparti di nulla.<\/p>\n","protected":false},"featured_media":102783,"comment_status":"open","ping_status":"closed","template":"","meta":{"_acf_changed":false,"_yoast_wpseo_focuskw":"Recensione Google Biglietto da visita","_yoast_wpseo_title":"Google Review QR Code Business Card Standard | truzzer","_yoast_wpseo_metadesc":"Pi\u00f9 recensioni Google a 5 stelle con Google Review QR Code Business Card Standard di truzzer. Facile da configurare, pronto all'uso. Ordina ora!"},"product_brand":[1653],"product_cat":[600,492,811,812,755,1619],"product_tag":[],"class_list":{"0":"post-102694","1":"product","2":"type-product","3":"status-publish","4":"has-post-thumbnail","6":"product_brand-google","7":"product_cat-codice-qr-biglietti-da-visita","8":"product_cat-codice-qr-prodotti","9":"product_cat-recensione-google-biglietti-da-visita","10":"product_cat-recensione-google-biglietti-da-visita-con-codice-qr","11":"product_cat-recensione-google-prodotti","12":"product_cat-wifi-prodotti","13":"pa_material-karton","14":"pa_orientation-portrett","15":"pa_placement-bon","16":"pa_placement-lommebok-personlig","17":"pa_placement-opuscolo","18":"pa_placement-portemonnee-personale","19":"pa_product-type-visitekaartjes","20":"pa_shape-rechthoek","21":"pa_technology-codice-qr","23":"first","24":"instock","25":"taxable","26":"shipping-taxable","27":"purchasable","28":"product-type-simple"},"acf":[],"yoast_head":"<!-- This site is optimized with the Yoast SEO plugin v27.0 - https:\/\/yoast.com\/product\/yoast-seo-wordpress\/ -->\n<title>Google Review QR Code Business Card Standard | truzzer<\/title>\n<meta name=\"description\" content=\"Pi\u00f9 recensioni Google a 5 stelle con Google Review QR Code Business Card Standard di truzzer. Facile da configurare, pronto all&#039;uso. Ordina ora!\" \/>\n<meta name=\"robots\" content=\"index, follow, max-snippet:-1, max-image-preview:large, max-video-preview:-1\" \/>\n<link rel=\"canonical\" href=\"https:\/\/www.truzzer.com\/it\/prodotto\/google-review-qr-code-business-card-standard\/\" \/>\n<meta property=\"og:locale\" content=\"it_IT\" \/>\n<meta property=\"og:type\" content=\"article\" \/>\n<meta property=\"og:title\" content=\"Google Review QR Code Business Card Standard | truzzer\" \/>\n<meta property=\"og:description\" content=\"Pi\u00f9 recensioni Google a 5 stelle con Google Review QR Code Business Card Standard di truzzer. Facile da configurare, pronto all&#039;uso. Ordina ora!\" \/>\n<meta property=\"og:url\" content=\"https:\/\/www.truzzer.com\/it\/prodotto\/google-review-qr-code-business-card-standard\/\" \/>\n<meta property=\"og:site_name\" content=\"truzzer\" \/>\n<meta property=\"article:modified_time\" content=\"2026-02-13T10:24:54+00:00\" \/>\n<meta property=\"og:image\" content=\"https:\/\/www.truzzer.com\/wp-content\/uploads\/2026\/02\/Google-Bewertung-QR-Code-VIsitenkarte-Standard-2-empfehlio-1-en.jpg\" \/>\n\t<meta property=\"og:image:width\" content=\"1024\" \/>\n\t<meta property=\"og:image:height\" content=\"1024\" \/>\n\t<meta property=\"og:image:type\" content=\"image\/jpeg\" \/>\n<meta name=\"twitter:card\" content=\"summary_large_image\" \/>\n<meta name=\"twitter:label1\" content=\"Tempo di lettura stimato\" \/>\n\t<meta name=\"twitter:data1\" content=\"2 minuti\" \/>\n<script type=\"application\/ld+json\" class=\"yoast-schema-graph\">{\"@context\":\"https:\/\/schema.org\",\"@graph\":[{\"@type\":\"WebPage\",\"@id\":\"https:\/\/www.truzzer.com\/it\/prodotto\/google-review-qr-code-business-card-standard\/\",\"url\":\"https:\/\/www.truzzer.com\/it\/prodotto\/google-review-qr-code-business-card-standard\/\",\"name\":\"Google Review QR Code Business Card Standard | truzzer\",\"isPartOf\":{\"@id\":\"https:\/\/www.truzzer.com\/it\/#website\"},\"primaryImageOfPage\":{\"@id\":\"https:\/\/www.truzzer.com\/it\/prodotto\/google-review-qr-code-business-card-standard\/#primaryimage\"},\"image\":{\"@id\":\"https:\/\/www.truzzer.com\/it\/prodotto\/google-review-qr-code-business-card-standard\/#primaryimage\"},\"thumbnailUrl\":\"https:\/\/www.truzzer.com\/wp-content\/uploads\/2026\/02\/Google-Bewertung-QR-Code-VIsitenkarte-Standard-2-empfehlio-1-en.jpg\",\"datePublished\":\"2026-02-11T10:14:30+00:00\",\"dateModified\":\"2026-02-13T10:24:54+00:00\",\"description\":\"Pi\u00f9 recensioni Google a 5 stelle con Google Review QR Code Business Card Standard di truzzer. Facile da configurare, pronto all'uso. Ordina ora!\",\"breadcrumb\":{\"@id\":\"https:\/\/www.truzzer.com\/it\/prodotto\/google-review-qr-code-business-card-standard\/#breadcrumb\"},\"inLanguage\":\"it-IT\",\"potentialAction\":[{\"@type\":\"ReadAction\",\"target\":[\"https:\/\/www.truzzer.com\/it\/prodotto\/google-review-qr-code-business-card-standard\/\"]}]},{\"@type\":\"ImageObject\",\"inLanguage\":\"it-IT\",\"@id\":\"https:\/\/www.truzzer.com\/it\/prodotto\/google-review-qr-code-business-card-standard\/#primaryimage\",\"url\":\"https:\/\/www.truzzer.com\/wp-content\/uploads\/2026\/02\/Google-Bewertung-QR-Code-VIsitenkarte-Standard-2-empfehlio-1-en.jpg\",\"contentUrl\":\"https:\/\/www.truzzer.com\/wp-content\/uploads\/2026\/02\/Google-Bewertung-QR-Code-VIsitenkarte-Standard-2-empfehlio-1-en.jpg\",\"width\":1024,\"height\":1024},{\"@type\":\"BreadcrumbList\",\"@id\":\"https:\/\/www.truzzer.com\/it\/prodotto\/google-review-qr-code-business-card-standard\/#breadcrumb\",\"itemListElement\":[{\"@type\":\"ListItem\",\"position\":1,\"name\":\"Home\",\"item\":\"https:\/\/www.truzzer.com\/it\/\"},{\"@type\":\"ListItem\",\"position\":2,\"name\":\"Negozio\",\"item\":\"https:\/\/www.truzzer.com\/it\/shop\/\"},{\"@type\":\"ListItem\",\"position\":3,\"name\":\"Google Recensione QR Codice Biglietto da Visita Standard\"}]},{\"@type\":\"WebSite\",\"@id\":\"https:\/\/www.truzzer.com\/it\/#website\",\"url\":\"https:\/\/www.truzzer.com\/it\/\",\"name\":\"truzzer\",\"description\":\"Experts for customer trust\",\"publisher\":{\"@id\":\"https:\/\/www.truzzer.com\/it\/#organization\"},\"potentialAction\":[{\"@type\":\"SearchAction\",\"target\":{\"@type\":\"EntryPoint\",\"urlTemplate\":\"https:\/\/www.truzzer.com\/it\/?s={search_term_string}\"},\"query-input\":{\"@type\":\"PropertyValueSpecification\",\"valueRequired\":true,\"valueName\":\"search_term_string\"}}],\"inLanguage\":\"it-IT\"},{\"@type\":\"Organization\",\"@id\":\"https:\/\/www.truzzer.com\/it\/#organization\",\"name\":\"truzzer\",\"url\":\"https:\/\/www.truzzer.com\/it\/\",\"logo\":{\"@type\":\"ImageObject\",\"inLanguage\":\"it-IT\",\"@id\":\"https:\/\/www.truzzer.com\/it\/#\/schema\/logo\/image\/\",\"url\":\"https:\/\/truzzer.com\/wp-content\/uploads\/2026\/01\/truzzer-logo-black-1.svg\",\"contentUrl\":\"https:\/\/truzzer.com\/wp-content\/uploads\/2026\/01\/truzzer-logo-black-1.svg\",\"width\":938,\"height\":199,\"caption\":\"truzzer\"},\"image\":{\"@id\":\"https:\/\/www.truzzer.com\/it\/#\/schema\/logo\/image\/\"}}]}<\/script>\n<!-- \/ Yoast SEO plugin. -->","yoast_head_json":{"title":"Google Review QR Code Business Card Standard | truzzer","description":"Pi\u00f9 recensioni Google a 5 stelle con Google Review QR Code Business Card Standard di truzzer. Facile da configurare, pronto all'uso. Ordina ora!","robots":{"index":"index","follow":"follow","max-snippet":"max-snippet:-1","max-image-preview":"max-image-preview:large","max-video-preview":"max-video-preview:-1"},"canonical":"https:\/\/www.truzzer.com\/it\/prodotto\/google-review-qr-code-business-card-standard\/","og_locale":"it_IT","og_type":"article","og_title":"Google Review QR Code Business Card Standard | truzzer","og_description":"Pi\u00f9 recensioni Google a 5 stelle con Google Review QR Code Business Card Standard di truzzer. Facile da configurare, pronto all'uso. Ordina ora!","og_url":"https:\/\/www.truzzer.com\/it\/prodotto\/google-review-qr-code-business-card-standard\/","og_site_name":"truzzer","article_modified_time":"2026-02-13T10:24:54+00:00","og_image":[{"width":1024,"height":1024,"url":"https:\/\/www.truzzer.com\/wp-content\/uploads\/2026\/02\/Google-Bewertung-QR-Code-VIsitenkarte-Standard-2-empfehlio-1-en.jpg","type":"image\/jpeg"}],"twitter_card":"summary_large_image","twitter_misc":{"Tempo di lettura stimato":"2 minuti"},"schema":{"@context":"https:\/\/schema.org","@graph":[{"@type":"WebPage","@id":"https:\/\/www.truzzer.com\/it\/prodotto\/google-review-qr-code-business-card-standard\/","url":"https:\/\/www.truzzer.com\/it\/prodotto\/google-review-qr-code-business-card-standard\/","name":"Google Review QR Code Business Card Standard | truzzer","isPartOf":{"@id":"https:\/\/www.truzzer.com\/it\/#website"},"primaryImageOfPage":{"@id":"https:\/\/www.truzzer.com\/it\/prodotto\/google-review-qr-code-business-card-standard\/#primaryimage"},"image":{"@id":"https:\/\/www.truzzer.com\/it\/prodotto\/google-review-qr-code-business-card-standard\/#primaryimage"},"thumbnailUrl":"https:\/\/www.truzzer.com\/wp-content\/uploads\/2026\/02\/Google-Bewertung-QR-Code-VIsitenkarte-Standard-2-empfehlio-1-en.jpg","datePublished":"2026-02-11T10:14:30+00:00","dateModified":"2026-02-13T10:24:54+00:00","description":"Pi\u00f9 recensioni Google a 5 stelle con Google Review QR Code Business Card Standard di truzzer. Facile da configurare, pronto all'uso. Ordina ora!","breadcrumb":{"@id":"https:\/\/www.truzzer.com\/it\/prodotto\/google-review-qr-code-business-card-standard\/#breadcrumb"},"inLanguage":"it-IT","potentialAction":[{"@type":"ReadAction","target":["https:\/\/www.truzzer.com\/it\/prodotto\/google-review-qr-code-business-card-standard\/"]}]},{"@type":"ImageObject","inLanguage":"it-IT","@id":"https:\/\/www.truzzer.com\/it\/prodotto\/google-review-qr-code-business-card-standard\/#primaryimage","url":"https:\/\/www.truzzer.com\/wp-content\/uploads\/2026\/02\/Google-Bewertung-QR-Code-VIsitenkarte-Standard-2-empfehlio-1-en.jpg","contentUrl":"https:\/\/www.truzzer.com\/wp-content\/uploads\/2026\/02\/Google-Bewertung-QR-Code-VIsitenkarte-Standard-2-empfehlio-1-en.jpg","width":1024,"height":1024},{"@type":"BreadcrumbList","@id":"https:\/\/www.truzzer.com\/it\/prodotto\/google-review-qr-code-business-card-standard\/#breadcrumb","itemListElement":[{"@type":"ListItem","position":1,"name":"Home","item":"https:\/\/www.truzzer.com\/it\/"},{"@type":"ListItem","position":2,"name":"Negozio","item":"https:\/\/www.truzzer.com\/it\/shop\/"},{"@type":"ListItem","position":3,"name":"Google Recensione QR Codice Biglietto da Visita Standard"}]},{"@type":"WebSite","@id":"https:\/\/www.truzzer.com\/it\/#website","url":"https:\/\/www.truzzer.com\/it\/","name":"truzzer","description":"Experts for customer trust","publisher":{"@id":"https:\/\/www.truzzer.com\/it\/#organization"},"potentialAction":[{"@type":"SearchAction","target":{"@type":"EntryPoint","urlTemplate":"https:\/\/www.truzzer.com\/it\/?s={search_term_string}"},"query-input":{"@type":"PropertyValueSpecification","valueRequired":true,"valueName":"search_term_string"}}],"inLanguage":"it-IT"},{"@type":"Organization","@id":"https:\/\/www.truzzer.com\/it\/#organization","name":"truzzer","url":"https:\/\/www.truzzer.com\/it\/","logo":{"@type":"ImageObject","inLanguage":"it-IT","@id":"https:\/\/www.truzzer.com\/it\/#\/schema\/logo\/image\/","url":"https:\/\/truzzer.com\/wp-content\/uploads\/2026\/01\/truzzer-logo-black-1.svg","contentUrl":"https:\/\/truzzer.com\/wp-content\/uploads\/2026\/01\/truzzer-logo-black-1.svg","width":938,"height":199,"caption":"truzzer"},"image":{"@id":"https:\/\/www.truzzer.com\/it\/#\/schema\/logo\/image\/"}}]}},"tiered_pricing_type":"fixed","tiered_pricing_fixed_rules":[],"tiered_pricing_product_settings":{"layout":"default","base_unit_name":{"singular":null,"plural":null},"default_variation":null},"tiered_pricing_minimum_quantity":null,"tiered_pricing_roles_data":[],"tiered_pricing_percentage_rules":[],"tiered_pricing_maximum_quantity":null,"tiered_pricing_quantity_step":null,"_links":{"self":[{"href":"https:\/\/www.truzzer.com\/it\/wp-json\/wp\/v2\/product\/102694","targetHints":{"allow":["GET"]}}],"collection":[{"href":"https:\/\/www.truzzer.com\/it\/wp-json\/wp\/v2\/product"}],"about":[{"href":"https:\/\/www.truzzer.com\/it\/wp-json\/wp\/v2\/types\/product"}],"replies":[{"embeddable":true,"href":"https:\/\/www.truzzer.com\/it\/wp-json\/wp\/v2\/comments?post=102694"}],"wp:featuredmedia":[{"embeddable":true,"href":"https:\/\/www.truzzer.com\/it\/wp-json\/wp\/v2\/media\/102783"}],"wp:attachment":[{"href":"https:\/\/www.truzzer.com\/it\/wp-json\/wp\/v2\/media?parent=102694"}],"wp:term":[{"taxonomy":"product_brand","embeddable":true,"href":"https:\/\/www.truzzer.com\/it\/wp-json\/wp\/v2\/product_brand?post=102694"},{"taxonomy":"product_cat","embeddable":true,"href":"https:\/\/www.truzzer.com\/it\/wp-json\/wp\/v2\/product_cat?post=102694"},{"taxonomy":"product_tag","embeddable":true,"href":"https:\/\/www.truzzer.com\/it\/wp-json\/wp\/v2\/product_tag?post=102694"}],"curies":[{"name":"wp","href":"https:\/\/api.w.org\/{rel}","templated":true}]}}