{"id":92869,"date":"2026-02-05T11:44:47","date_gmt":"2026-02-05T11:44:47","guid":{"rendered":"https:\/\/beta.truzzer.com\/product\/guaire-controlla-il-colore-dei-biglietti-da-visita-con-il-codice-qr-di-revisione-di-yelp\/"},"modified":"2026-02-13T08:34:56","modified_gmt":"2026-02-13T08:34:56","slug":"guaire-controlla-il-colore-dei-biglietti-da-visita-con-il-codice-qr-di-revisione-di-yelp","status":"publish","type":"product","link":"https:\/\/www.truzzer.com\/it\/prodotto\/guaire-controlla-il-colore-dei-biglietti-da-visita-con-il-codice-qr-di-revisione-di-yelp\/","title":{"rendered":"Yelp! Recensione Biglietto da Visita Colore con Yelp recensione Codice QR"},"content":{"rendered":"<h2>get Sie ganz einfach More Yelp-Reviewen von Kanden<\/h2>\n<p>con den truzzer Yelp! I biglietti da visita &#8220;puliti&#8221; possono ottenere una recensione pi\u00f9 rapida e positiva dei tuoi risultati positivi e la tua immagine e la tua reputazione aumenteranno.<\/p>\n<p>Zus\u00e4tzlich st\u00e4rken Sie durch die positiven Reviewen die Bindung zu yourem Unternehmen e verbessern il tuo posizionamento SEO.<\/p>\n<p>Im praktischen Business Cardsformat haben Sie jederzeit die M\u00f6glichkeit, More Yelp-Reviewen zu get and die Online-Review for youre Kanden zug\u00e4nglich zu machen.<\/p>\n<p>Geben Sie die truzzer Yelp Biglietti da visita an youre Kanden, legen Sie sie in die Einkaufstasche, senden Sie sie with youren Produkten o platzieren Sie sie auf den Tischen im Restaurant. Fertig.<\/p>\n<p>Der QR Code f\u00fchrt youre Kanden direkt zu yourer Yelp-Review, OHNE dass sie your Unternehmen zuerst suchen m\u00fcssen. Quindi impedisci la tua risposta alla recensione Yelp.<\/p>\n<p>Sie k\u00f6nnen die Yelp-Business Cards ganz einfach con il tuo logo personalizzato e un tuo Unternehmen anpassen.<\/p>\n<p>Il prodotto &#8220;Bewerten Sie uns auf Yelp&#8221; \u00e8 semplicemente disponibile, come noi ti mostriamo sotto l&#8217;adesivo delle recensioni Google.<\/p>\n<p>&nbsp;<\/p>\n<p>&nbsp;<\/p>\n<h3>Schetto 1: Der Kande scannt den QR Code<\/h3>\n<p>Um Ihnen zu folgen, muss der Kande nur den QR Code scan. \u00c8 necessario che la fotocamera dello smartphone (nessuna app scanner utilizzata) sia posizionata sopra il prodotto.<\/p>\n<p><img decoding=\"async\" src=\"https:\/\/www.truzzer.com\/wp-content\/uploads\/2026\/02\/how-to-use-the-product-truzzer-google.jpg.webp\" height=\"933\" width=\"1400\" class=\"alignnone wp-image-22402 size-full\" alt=\"Hand scanning a QR code for Google reviews on a smartphone.\"  > <\/p>\n<p>Un pop-up verr\u00e0 visualizzato quindi sullo schermo dell&#8217;immagine (iPhone) o verr\u00e0 visualizzato un codice QR (smartphone Android\/Google).<\/p>\n<h3>Testo 2: Der Kande gelangt direct to Google-Reviewsformular<\/h3>\n<p>Das Reviewsformular \u00f6ffnet sich im Browser des Smartphones, and der Kande kann Sie direkt bewerten.<\/p>\n<p>Nota:<\/p>\n<p>Bitte beachten Sie, dass ein Google Il mio profilo aziendale \u00e8 stato modificato per ottenere una recensione Google.<\/p>\n<p>&nbsp;<\/p>\n","protected":false},"excerpt":{"rendered":"<p>Fai in modo che tu sia leggero, visita Yelp!<\/p>\n<p>with den Yelp-Business Cards \u201eClean\u201c with Yelp-Reviews-QR Code in einem reduzierten and ansprechenden design, das zu jedem Unternehmen passt, k\u00f6nnen Sie m\u00fchelos neue Yelp-Reviewen \u00fcberall gewinnen.<\/p>\n<p>Im handlichen Business Cardsformat sind die &#8220;Bewerten Sie uns auf Yelp&#8221;-Biglietti da visita ideali per jedermann e jedes Unternehmen.<\/p>\n<p>So helfen Ihnen die Yelp-Recensioni-Biglietti da visita<\/p>\n<p>I biglietti da visita richiedono i pi\u00f9 grandi H\u00fcrden per te Kanden bei der Yelp-Recensione:<\/p>\n<p>Keine unangenehmen Fragen e Bitten \u2013 einfach \u00fcberreichen. L&#8217;invito all&#8217;azione \u00e8 stato pubblicato per te.<\/p>\n<p>La recensione non \u00e8 stata modificata perch\u00e9 il Kanden e la recensione Yelp sono stati scritti.<\/p>\n<p>Kein Suchen e keine Schwierigkeiten: Der QR Code f\u00fchrt direkt zu yourem Reviewsformular.<\/p>\n<p>Greifbar: Die Business Cards machen die Yelp-Review greifbar.<\/p>\n<p>Keine zus\u00e4tzliche App: Der QR Code kann einfach with der Smartphone-Camera gescannt werden.<\/p>\n<p>Wir erstellen and verlinken den QR Code for die direkte Review auf yourem Yelp-Profil! Queste informazioni ti permetteranno di contattare la tua azienda.<\/p>\n<p>Bitte f\u00fcgen Sie your Logo \u00fcber die Upload-Funktion hinzu e geben Sie youre Kontaktdaten ein, die auf der Business Card erscheinen.<\/p>\n","protected":false},"featured_media":92870,"comment_status":"open","ping_status":"closed","template":"","meta":{"_acf_changed":false,"_yoast_wpseo_focuskw":"Recensione Yelp Biglietto da visita","_yoast_wpseo_title":"Yelp! Review Business Card Color with Yelp revi... | truzzer","_yoast_wpseo_metadesc":"Pi\u00f9 recensioni Yelp con Yelp! Review Business Card Color with Yelp review QR Code di truzzer. Facile da configurare, pronto all'uso. Ordina ora!"},"product_brand":[1716],"product_cat":[600,601,492,563,494],"product_tag":[],"class_list":{"0":"post-92869","1":"product","2":"type-product","3":"status-publish","4":"has-post-thumbnail","6":"product_brand-yelp","7":"product_cat-codice-qr-biglietti-da-visita","8":"product_cat-codice-qr-biglietti-da-visita-con-informazioni-di-contatto","9":"product_cat-codice-qr-prodotti","10":"product_cat-recensione-yelp-biglietti-da-visita","11":"product_cat-recensioni-yelp","12":"pa_product-type-visitekaartjes","13":"pa_technology-codice-qr","15":"first","16":"instock","17":"taxable","18":"shipping-taxable","19":"purchasable","20":"product-type-simple"},"acf":[],"yoast_head":"<!-- This site is optimized with the Yoast SEO plugin v27.0 - https:\/\/yoast.com\/product\/yoast-seo-wordpress\/ -->\n<title>Yelp! Review Business Card Color with Yelp revi... | truzzer<\/title>\n<meta name=\"description\" content=\"Pi\u00f9 recensioni Yelp con Yelp! Review Business Card Color with Yelp review QR Code di truzzer. Facile da configurare, pronto all&#039;uso. Ordina ora!\" \/>\n<meta name=\"robots\" content=\"index, follow, max-snippet:-1, max-image-preview:large, max-video-preview:-1\" \/>\n<link rel=\"canonical\" href=\"https:\/\/www.truzzer.com\/it\/prodotto\/guaire-controlla-il-colore-dei-biglietti-da-visita-con-il-codice-qr-di-revisione-di-yelp\/\" \/>\n<meta property=\"og:locale\" content=\"it_IT\" \/>\n<meta property=\"og:type\" content=\"article\" \/>\n<meta property=\"og:title\" content=\"Yelp! Review Business Card Color with Yelp revi... | truzzer\" \/>\n<meta property=\"og:description\" content=\"Pi\u00f9 recensioni Yelp con Yelp! Review Business Card Color with Yelp review QR Code di truzzer. Facile da configurare, pronto all&#039;uso. Ordina ora!\" \/>\n<meta property=\"og:url\" content=\"https:\/\/www.truzzer.com\/it\/prodotto\/guaire-controlla-il-colore-dei-biglietti-da-visita-con-il-codice-qr-di-revisione-di-yelp\/\" \/>\n<meta property=\"og:site_name\" content=\"truzzer\" \/>\n<meta property=\"article:modified_time\" content=\"2026-02-13T08:34:56+00:00\" \/>\n<meta property=\"og:image\" content=\"https:\/\/www.truzzer.com\/wp-content\/uploads\/2026\/02\/review-us-on-yelp-business-card-color-with-review-qr-code-color-truzzer-1.jpg\" \/>\n\t<meta property=\"og:image:width\" content=\"1200\" \/>\n\t<meta property=\"og:image:height\" content=\"1200\" \/>\n\t<meta property=\"og:image:type\" content=\"image\/jpeg\" \/>\n<meta name=\"twitter:card\" content=\"summary_large_image\" \/>\n<meta name=\"twitter:label1\" content=\"Tempo di lettura stimato\" \/>\n\t<meta name=\"twitter:data1\" content=\"1 minuto\" \/>\n<script type=\"application\/ld+json\" class=\"yoast-schema-graph\">{\"@context\":\"https:\/\/schema.org\",\"@graph\":[{\"@type\":\"WebPage\",\"@id\":\"https:\/\/www.truzzer.com\/it\/prodotto\/guaire-controlla-il-colore-dei-biglietti-da-visita-con-il-codice-qr-di-revisione-di-yelp\/\",\"url\":\"https:\/\/www.truzzer.com\/it\/prodotto\/guaire-controlla-il-colore-dei-biglietti-da-visita-con-il-codice-qr-di-revisione-di-yelp\/\",\"name\":\"Yelp! Review Business Card Color with Yelp revi... | truzzer\",\"isPartOf\":{\"@id\":\"https:\/\/www.truzzer.com\/it\/#website\"},\"primaryImageOfPage\":{\"@id\":\"https:\/\/www.truzzer.com\/it\/prodotto\/guaire-controlla-il-colore-dei-biglietti-da-visita-con-il-codice-qr-di-revisione-di-yelp\/#primaryimage\"},\"image\":{\"@id\":\"https:\/\/www.truzzer.com\/it\/prodotto\/guaire-controlla-il-colore-dei-biglietti-da-visita-con-il-codice-qr-di-revisione-di-yelp\/#primaryimage\"},\"thumbnailUrl\":\"https:\/\/www.truzzer.com\/wp-content\/uploads\/2026\/02\/review-us-on-yelp-business-card-color-with-review-qr-code-color-truzzer-1.jpg\",\"datePublished\":\"2026-02-05T11:44:47+00:00\",\"dateModified\":\"2026-02-13T08:34:56+00:00\",\"description\":\"Pi\u00f9 recensioni Yelp con Yelp! Review Business Card Color with Yelp review QR Code di truzzer. Facile da configurare, pronto all'uso. Ordina ora!\",\"breadcrumb\":{\"@id\":\"https:\/\/www.truzzer.com\/it\/prodotto\/guaire-controlla-il-colore-dei-biglietti-da-visita-con-il-codice-qr-di-revisione-di-yelp\/#breadcrumb\"},\"inLanguage\":\"it-IT\",\"potentialAction\":[{\"@type\":\"ReadAction\",\"target\":[\"https:\/\/www.truzzer.com\/it\/prodotto\/guaire-controlla-il-colore-dei-biglietti-da-visita-con-il-codice-qr-di-revisione-di-yelp\/\"]}]},{\"@type\":\"ImageObject\",\"inLanguage\":\"it-IT\",\"@id\":\"https:\/\/www.truzzer.com\/it\/prodotto\/guaire-controlla-il-colore-dei-biglietti-da-visita-con-il-codice-qr-di-revisione-di-yelp\/#primaryimage\",\"url\":\"https:\/\/www.truzzer.com\/wp-content\/uploads\/2026\/02\/review-us-on-yelp-business-card-color-with-review-qr-code-color-truzzer-1.jpg\",\"contentUrl\":\"https:\/\/www.truzzer.com\/wp-content\/uploads\/2026\/02\/review-us-on-yelp-business-card-color-with-review-qr-code-color-truzzer-1.jpg\",\"width\":1200,\"height\":1200},{\"@type\":\"BreadcrumbList\",\"@id\":\"https:\/\/www.truzzer.com\/it\/prodotto\/guaire-controlla-il-colore-dei-biglietti-da-visita-con-il-codice-qr-di-revisione-di-yelp\/#breadcrumb\",\"itemListElement\":[{\"@type\":\"ListItem\",\"position\":1,\"name\":\"Home\",\"item\":\"https:\/\/www.truzzer.com\/it\/\"},{\"@type\":\"ListItem\",\"position\":2,\"name\":\"Negozio\",\"item\":\"https:\/\/www.truzzer.com\/it\/shop\/\"},{\"@type\":\"ListItem\",\"position\":3,\"name\":\"Yelp! Recensione Biglietto da Visita Colore con Yelp recensione Codice QR\"}]},{\"@type\":\"WebSite\",\"@id\":\"https:\/\/www.truzzer.com\/it\/#website\",\"url\":\"https:\/\/www.truzzer.com\/it\/\",\"name\":\"truzzer\",\"description\":\"Experts for customer trust\",\"publisher\":{\"@id\":\"https:\/\/www.truzzer.com\/it\/#organization\"},\"potentialAction\":[{\"@type\":\"SearchAction\",\"target\":{\"@type\":\"EntryPoint\",\"urlTemplate\":\"https:\/\/www.truzzer.com\/it\/?s={search_term_string}\"},\"query-input\":{\"@type\":\"PropertyValueSpecification\",\"valueRequired\":true,\"valueName\":\"search_term_string\"}}],\"inLanguage\":\"it-IT\"},{\"@type\":\"Organization\",\"@id\":\"https:\/\/www.truzzer.com\/it\/#organization\",\"name\":\"truzzer\",\"url\":\"https:\/\/www.truzzer.com\/it\/\",\"logo\":{\"@type\":\"ImageObject\",\"inLanguage\":\"it-IT\",\"@id\":\"https:\/\/www.truzzer.com\/it\/#\/schema\/logo\/image\/\",\"url\":\"https:\/\/truzzer.com\/wp-content\/uploads\/2026\/01\/truzzer-logo-black-1.svg\",\"contentUrl\":\"https:\/\/truzzer.com\/wp-content\/uploads\/2026\/01\/truzzer-logo-black-1.svg\",\"width\":938,\"height\":199,\"caption\":\"truzzer\"},\"image\":{\"@id\":\"https:\/\/www.truzzer.com\/it\/#\/schema\/logo\/image\/\"}}]}<\/script>\n<!-- \/ Yoast SEO plugin. -->","yoast_head_json":{"title":"Yelp! Review Business Card Color with Yelp revi... | truzzer","description":"Pi\u00f9 recensioni Yelp con Yelp! Review Business Card Color with Yelp review QR Code di truzzer. Facile da configurare, pronto all'uso. Ordina ora!","robots":{"index":"index","follow":"follow","max-snippet":"max-snippet:-1","max-image-preview":"max-image-preview:large","max-video-preview":"max-video-preview:-1"},"canonical":"https:\/\/www.truzzer.com\/it\/prodotto\/guaire-controlla-il-colore-dei-biglietti-da-visita-con-il-codice-qr-di-revisione-di-yelp\/","og_locale":"it_IT","og_type":"article","og_title":"Yelp! Review Business Card Color with Yelp revi... | truzzer","og_description":"Pi\u00f9 recensioni Yelp con Yelp! Review Business Card Color with Yelp review QR Code di truzzer. Facile da configurare, pronto all'uso. Ordina ora!","og_url":"https:\/\/www.truzzer.com\/it\/prodotto\/guaire-controlla-il-colore-dei-biglietti-da-visita-con-il-codice-qr-di-revisione-di-yelp\/","og_site_name":"truzzer","article_modified_time":"2026-02-13T08:34:56+00:00","og_image":[{"width":1200,"height":1200,"url":"https:\/\/www.truzzer.com\/wp-content\/uploads\/2026\/02\/review-us-on-yelp-business-card-color-with-review-qr-code-color-truzzer-1.jpg","type":"image\/jpeg"}],"twitter_card":"summary_large_image","twitter_misc":{"Tempo di lettura stimato":"1 minuto"},"schema":{"@context":"https:\/\/schema.org","@graph":[{"@type":"WebPage","@id":"https:\/\/www.truzzer.com\/it\/prodotto\/guaire-controlla-il-colore-dei-biglietti-da-visita-con-il-codice-qr-di-revisione-di-yelp\/","url":"https:\/\/www.truzzer.com\/it\/prodotto\/guaire-controlla-il-colore-dei-biglietti-da-visita-con-il-codice-qr-di-revisione-di-yelp\/","name":"Yelp! Review Business Card Color with Yelp revi... | truzzer","isPartOf":{"@id":"https:\/\/www.truzzer.com\/it\/#website"},"primaryImageOfPage":{"@id":"https:\/\/www.truzzer.com\/it\/prodotto\/guaire-controlla-il-colore-dei-biglietti-da-visita-con-il-codice-qr-di-revisione-di-yelp\/#primaryimage"},"image":{"@id":"https:\/\/www.truzzer.com\/it\/prodotto\/guaire-controlla-il-colore-dei-biglietti-da-visita-con-il-codice-qr-di-revisione-di-yelp\/#primaryimage"},"thumbnailUrl":"https:\/\/www.truzzer.com\/wp-content\/uploads\/2026\/02\/review-us-on-yelp-business-card-color-with-review-qr-code-color-truzzer-1.jpg","datePublished":"2026-02-05T11:44:47+00:00","dateModified":"2026-02-13T08:34:56+00:00","description":"Pi\u00f9 recensioni Yelp con Yelp! Review Business Card Color with Yelp review QR Code di truzzer. Facile da configurare, pronto all'uso. Ordina ora!","breadcrumb":{"@id":"https:\/\/www.truzzer.com\/it\/prodotto\/guaire-controlla-il-colore-dei-biglietti-da-visita-con-il-codice-qr-di-revisione-di-yelp\/#breadcrumb"},"inLanguage":"it-IT","potentialAction":[{"@type":"ReadAction","target":["https:\/\/www.truzzer.com\/it\/prodotto\/guaire-controlla-il-colore-dei-biglietti-da-visita-con-il-codice-qr-di-revisione-di-yelp\/"]}]},{"@type":"ImageObject","inLanguage":"it-IT","@id":"https:\/\/www.truzzer.com\/it\/prodotto\/guaire-controlla-il-colore-dei-biglietti-da-visita-con-il-codice-qr-di-revisione-di-yelp\/#primaryimage","url":"https:\/\/www.truzzer.com\/wp-content\/uploads\/2026\/02\/review-us-on-yelp-business-card-color-with-review-qr-code-color-truzzer-1.jpg","contentUrl":"https:\/\/www.truzzer.com\/wp-content\/uploads\/2026\/02\/review-us-on-yelp-business-card-color-with-review-qr-code-color-truzzer-1.jpg","width":1200,"height":1200},{"@type":"BreadcrumbList","@id":"https:\/\/www.truzzer.com\/it\/prodotto\/guaire-controlla-il-colore-dei-biglietti-da-visita-con-il-codice-qr-di-revisione-di-yelp\/#breadcrumb","itemListElement":[{"@type":"ListItem","position":1,"name":"Home","item":"https:\/\/www.truzzer.com\/it\/"},{"@type":"ListItem","position":2,"name":"Negozio","item":"https:\/\/www.truzzer.com\/it\/shop\/"},{"@type":"ListItem","position":3,"name":"Yelp! Recensione Biglietto da Visita Colore con Yelp recensione Codice QR"}]},{"@type":"WebSite","@id":"https:\/\/www.truzzer.com\/it\/#website","url":"https:\/\/www.truzzer.com\/it\/","name":"truzzer","description":"Experts for customer trust","publisher":{"@id":"https:\/\/www.truzzer.com\/it\/#organization"},"potentialAction":[{"@type":"SearchAction","target":{"@type":"EntryPoint","urlTemplate":"https:\/\/www.truzzer.com\/it\/?s={search_term_string}"},"query-input":{"@type":"PropertyValueSpecification","valueRequired":true,"valueName":"search_term_string"}}],"inLanguage":"it-IT"},{"@type":"Organization","@id":"https:\/\/www.truzzer.com\/it\/#organization","name":"truzzer","url":"https:\/\/www.truzzer.com\/it\/","logo":{"@type":"ImageObject","inLanguage":"it-IT","@id":"https:\/\/www.truzzer.com\/it\/#\/schema\/logo\/image\/","url":"https:\/\/truzzer.com\/wp-content\/uploads\/2026\/01\/truzzer-logo-black-1.svg","contentUrl":"https:\/\/truzzer.com\/wp-content\/uploads\/2026\/01\/truzzer-logo-black-1.svg","width":938,"height":199,"caption":"truzzer"},"image":{"@id":"https:\/\/www.truzzer.com\/it\/#\/schema\/logo\/image\/"}}]}},"tiered_pricing_type":"fixed","tiered_pricing_fixed_rules":[],"tiered_pricing_product_settings":{"layout":"default","base_unit_name":{"singular":null,"plural":null},"default_variation":null},"tiered_pricing_minimum_quantity":null,"tiered_pricing_roles_data":[],"tiered_pricing_percentage_rules":[],"tiered_pricing_maximum_quantity":null,"tiered_pricing_quantity_step":null,"_links":{"self":[{"href":"https:\/\/www.truzzer.com\/it\/wp-json\/wp\/v2\/product\/92869","targetHints":{"allow":["GET"]}}],"collection":[{"href":"https:\/\/www.truzzer.com\/it\/wp-json\/wp\/v2\/product"}],"about":[{"href":"https:\/\/www.truzzer.com\/it\/wp-json\/wp\/v2\/types\/product"}],"replies":[{"embeddable":true,"href":"https:\/\/www.truzzer.com\/it\/wp-json\/wp\/v2\/comments?post=92869"}],"wp:featuredmedia":[{"embeddable":true,"href":"https:\/\/www.truzzer.com\/it\/wp-json\/wp\/v2\/media\/92870"}],"wp:attachment":[{"href":"https:\/\/www.truzzer.com\/it\/wp-json\/wp\/v2\/media?parent=92869"}],"wp:term":[{"taxonomy":"product_brand","embeddable":true,"href":"https:\/\/www.truzzer.com\/it\/wp-json\/wp\/v2\/product_brand?post=92869"},{"taxonomy":"product_cat","embeddable":true,"href":"https:\/\/www.truzzer.com\/it\/wp-json\/wp\/v2\/product_cat?post=92869"},{"taxonomy":"product_tag","embeddable":true,"href":"https:\/\/www.truzzer.com\/it\/wp-json\/wp\/v2\/product_tag?post=92869"}],"curies":[{"name":"wp","href":"https:\/\/api.w.org\/{rel}","templated":true}]}}