{"id":92889,"date":"2026-02-05T11:44:39","date_gmt":"2026-02-05T11:44:39","guid":{"rendered":"https:\/\/beta.truzzer.com\/product\/guaire-recensione-adesivo-pulito-con-qr-recensione\/"},"modified":"2026-02-13T08:35:51","modified_gmt":"2026-02-13T08:35:51","slug":"guaire-recensione-adesivo-pulito-con-qr-recensione","status":"publish","type":"product","link":"https:\/\/www.truzzer.com\/it\/prodotto\/guaire-recensione-adesivo-pulito-con-qr-recensione\/","title":{"rendered":"Yelp! Recensione Adesivo Pulito con recensione QR"},"content":{"rendered":"<p>con tana Truzzer Yelp! RecensioniStickern con QR Code-Link e il tuo logo k\u00f6nnen Sie schnell positive Reviewen von youren zufriedenen Kanden direkt nel tuo business get.<\/p>\n<p>Im praktischen randen Formatta machen Sie die Yelp! Recensione per il tuo Kanden greifbar. Platzieren Sie die Sticker gut sichtbar im Kassenbereich, an der Eingangst\u00fcr or \u00fcberall dort, wo youre Kanden die Sticker sehen k\u00f6nnen.<\/p>\n<ul>\n<li>Geeignet per den Innen- e Au\u00dfenbereich<\/li>\n<li>Festa del Wetter<\/li>\n<li>for jede glatte Oberfl\u00e4che geeignet<\/li>\n<li>per EinzelhandelsBusinesse, T\u00fcren o als Auto-Yelp-Sticker<\/li>\n<li>Zeigt youren Kanden, dass sie Sie auch auf Yelp! puoi trovarlo<\/li>\n<li>personalizzato per Sie angefertigt<\/li>\n<\/ul>\n<p>Puoi usare l&#8217;Yelp! RecensioniAdesivo con il tuo logo ganz einfach personalisieren e il tuo Unternehmen anpassen.<\/p>\n<p>L&#8217;adesivo Google pu\u00f2 essere visto come funziona l&#8217;adesivo (identica funzionalit\u00e0).<\/p>\n<p>&nbsp;<\/p>\n<p>&lt;h3&gt;Schritt 1: Der Kande scannt den QR Code&lt;\/h3&gt; Um Ihnen zu folgen, muss der Kande nur den QR Code scan. Dazu muss die Camera des Smartphones (keine zus\u00e4tzliche Scanner-App erforderlich) einfach \u00fcber das Produkt gehalten werden. &lt;img class=&#8221;alignnone wp-image-22402 size-full&#8221; src=&#8221;https:\/\/www.truzzer.com\/wp-content\/uploads\/2026\/02\/how-to-use-the-product-truzzer-google.jpg.webp&#8221; alt=&#8221;&#8221; width=&#8221;1400&#8243; Height=&#8221;933&#8243; \/&gt;<\/p>\n<p>Ein Pop-up erscheint dann auf dem Bildschirm (iPhone) o ein QR Code wird angezeigt (Android\/Google-Smartphones).<\/p>\n<p>&lt;h3&gt;Schritt 2: Der Kande gelangt direkt zum Google-Reviewsformular&lt;\/h3&gt; Das Reviewsformular \u00f6ffnet sich im Browser des Smartphones, and der Kande kann Sie direkt bewerten.<\/p>\n","protected":false},"excerpt":{"rendered":"<p>Die \u201eBewerten Sie uns auf Yelp!\u201c-Sticker helfen Ihnen, schneller More Yelp-Reviewen von youren Kanden zu get.<\/p>\n<p>Selbstklebend passen sich die &#8220;Bewerten Sie uns auf Yelp!&#8221;-Sticker nahtlos in jedes Unternehmen ein and haften auf jeder glatten Oberfl\u00e4che.<\/p>\n<p>Wir erstellen and verlinken den QR Code for die direkte Review auf yourem Yelp-Profil for Sie!<\/p>\n<p>Diese Informationen entnehmen wir yourer Firmenadresse.<\/p>\n","protected":false},"featured_media":92890,"comment_status":"open","ping_status":"closed","template":"","meta":{"_acf_changed":false,"_yoast_wpseo_focuskw":"Recensione Yelp Adesivo","_yoast_wpseo_title":"Yelp! Review Sticker Clean with review QR | truzzer","_yoast_wpseo_metadesc":"Pi\u00f9 recensioni Yelp con Yelp! Review Sticker Clean with review QR di truzzer. Facile da configurare, pronto all'uso. Ordina ora!"},"product_brand":[1716],"product_cat":[493,492,495,494],"product_tag":[],"class_list":{"0":"post-92889","1":"product","2":"type-product","3":"status-publish","4":"has-post-thumbnail","6":"product_brand-yelp","7":"product_cat-codice-qr-adesivi","8":"product_cat-codice-qr-prodotti","9":"product_cat-recensione-yelp-adesivi","10":"product_cat-recensioni-yelp","11":"pa_product-type-adesivo","12":"pa_shape-rondo","13":"pa_technology-codice-qr","15":"first","16":"instock","17":"taxable","18":"shipping-taxable","19":"purchasable","20":"product-type-variable","21":"has-default-attributes"},"acf":[],"yoast_head":"<!-- This site is optimized with the Yoast SEO plugin v27.0 - https:\/\/yoast.com\/product\/yoast-seo-wordpress\/ -->\n<title>Yelp! Review Sticker Clean with review QR | truzzer<\/title>\n<meta name=\"description\" content=\"Pi\u00f9 recensioni Yelp con Yelp! Review Sticker Clean with review QR di truzzer. Facile da configurare, pronto all&#039;uso. Ordina ora!\" \/>\n<meta name=\"robots\" content=\"index, follow, max-snippet:-1, max-image-preview:large, max-video-preview:-1\" \/>\n<link rel=\"canonical\" href=\"https:\/\/www.truzzer.com\/it\/prodotto\/guaire-recensione-adesivo-pulito-con-qr-recensione\/\" \/>\n<meta property=\"og:locale\" content=\"it_IT\" \/>\n<meta property=\"og:type\" content=\"article\" \/>\n<meta property=\"og:title\" content=\"Yelp! Review Sticker Clean with review QR | truzzer\" \/>\n<meta property=\"og:description\" content=\"Pi\u00f9 recensioni Yelp con Yelp! Review Sticker Clean with review QR di truzzer. Facile da configurare, pronto all&#039;uso. Ordina ora!\" \/>\n<meta property=\"og:url\" content=\"https:\/\/www.truzzer.com\/it\/prodotto\/guaire-recensione-adesivo-pulito-con-qr-recensione\/\" \/>\n<meta property=\"og:site_name\" content=\"truzzer\" \/>\n<meta property=\"article:modified_time\" content=\"2026-02-13T08:35:51+00:00\" \/>\n<meta property=\"og:image\" content=\"https:\/\/www.truzzer.com\/wp-content\/uploads\/2026\/02\/review-us-on-yelp-sticker-with-review-qr-code-clean-truzzer-1.jpg\" \/>\n\t<meta property=\"og:image:width\" content=\"1200\" \/>\n\t<meta property=\"og:image:height\" content=\"1200\" \/>\n\t<meta property=\"og:image:type\" content=\"image\/jpeg\" \/>\n<meta name=\"twitter:card\" content=\"summary_large_image\" \/>\n<meta name=\"twitter:label1\" content=\"Tempo di lettura stimato\" \/>\n\t<meta name=\"twitter:data1\" content=\"1 minuto\" \/>\n<script type=\"application\/ld+json\" class=\"yoast-schema-graph\">{\"@context\":\"https:\/\/schema.org\",\"@graph\":[{\"@type\":\"WebPage\",\"@id\":\"https:\/\/www.truzzer.com\/it\/prodotto\/guaire-recensione-adesivo-pulito-con-qr-recensione\/\",\"url\":\"https:\/\/www.truzzer.com\/it\/prodotto\/guaire-recensione-adesivo-pulito-con-qr-recensione\/\",\"name\":\"Yelp! Review Sticker Clean with review QR | truzzer\",\"isPartOf\":{\"@id\":\"https:\/\/www.truzzer.com\/it\/#website\"},\"primaryImageOfPage\":{\"@id\":\"https:\/\/www.truzzer.com\/it\/prodotto\/guaire-recensione-adesivo-pulito-con-qr-recensione\/#primaryimage\"},\"image\":{\"@id\":\"https:\/\/www.truzzer.com\/it\/prodotto\/guaire-recensione-adesivo-pulito-con-qr-recensione\/#primaryimage\"},\"thumbnailUrl\":\"https:\/\/www.truzzer.com\/wp-content\/uploads\/2026\/02\/review-us-on-yelp-sticker-with-review-qr-code-clean-truzzer-1.jpg\",\"datePublished\":\"2026-02-05T11:44:39+00:00\",\"dateModified\":\"2026-02-13T08:35:51+00:00\",\"description\":\"Pi\u00f9 recensioni Yelp con Yelp! Review Sticker Clean with review QR di truzzer. Facile da configurare, pronto all'uso. Ordina ora!\",\"breadcrumb\":{\"@id\":\"https:\/\/www.truzzer.com\/it\/prodotto\/guaire-recensione-adesivo-pulito-con-qr-recensione\/#breadcrumb\"},\"inLanguage\":\"it-IT\",\"potentialAction\":[{\"@type\":\"ReadAction\",\"target\":[\"https:\/\/www.truzzer.com\/it\/prodotto\/guaire-recensione-adesivo-pulito-con-qr-recensione\/\"]}]},{\"@type\":\"ImageObject\",\"inLanguage\":\"it-IT\",\"@id\":\"https:\/\/www.truzzer.com\/it\/prodotto\/guaire-recensione-adesivo-pulito-con-qr-recensione\/#primaryimage\",\"url\":\"https:\/\/www.truzzer.com\/wp-content\/uploads\/2026\/02\/review-us-on-yelp-sticker-with-review-qr-code-clean-truzzer-1.jpg\",\"contentUrl\":\"https:\/\/www.truzzer.com\/wp-content\/uploads\/2026\/02\/review-us-on-yelp-sticker-with-review-qr-code-clean-truzzer-1.jpg\",\"width\":1200,\"height\":1200},{\"@type\":\"BreadcrumbList\",\"@id\":\"https:\/\/www.truzzer.com\/it\/prodotto\/guaire-recensione-adesivo-pulito-con-qr-recensione\/#breadcrumb\",\"itemListElement\":[{\"@type\":\"ListItem\",\"position\":1,\"name\":\"Home\",\"item\":\"https:\/\/www.truzzer.com\/it\/\"},{\"@type\":\"ListItem\",\"position\":2,\"name\":\"Negozio\",\"item\":\"https:\/\/www.truzzer.com\/it\/shop\/\"},{\"@type\":\"ListItem\",\"position\":3,\"name\":\"Yelp! Recensione Adesivo Pulito con recensione QR\"}]},{\"@type\":\"WebSite\",\"@id\":\"https:\/\/www.truzzer.com\/it\/#website\",\"url\":\"https:\/\/www.truzzer.com\/it\/\",\"name\":\"truzzer\",\"description\":\"Experts for customer trust\",\"publisher\":{\"@id\":\"https:\/\/www.truzzer.com\/it\/#organization\"},\"potentialAction\":[{\"@type\":\"SearchAction\",\"target\":{\"@type\":\"EntryPoint\",\"urlTemplate\":\"https:\/\/www.truzzer.com\/it\/?s={search_term_string}\"},\"query-input\":{\"@type\":\"PropertyValueSpecification\",\"valueRequired\":true,\"valueName\":\"search_term_string\"}}],\"inLanguage\":\"it-IT\"},{\"@type\":\"Organization\",\"@id\":\"https:\/\/www.truzzer.com\/it\/#organization\",\"name\":\"truzzer\",\"url\":\"https:\/\/www.truzzer.com\/it\/\",\"logo\":{\"@type\":\"ImageObject\",\"inLanguage\":\"it-IT\",\"@id\":\"https:\/\/www.truzzer.com\/it\/#\/schema\/logo\/image\/\",\"url\":\"https:\/\/truzzer.com\/wp-content\/uploads\/2026\/01\/truzzer-logo-black-1.svg\",\"contentUrl\":\"https:\/\/truzzer.com\/wp-content\/uploads\/2026\/01\/truzzer-logo-black-1.svg\",\"width\":938,\"height\":199,\"caption\":\"truzzer\"},\"image\":{\"@id\":\"https:\/\/www.truzzer.com\/it\/#\/schema\/logo\/image\/\"}}]}<\/script>\n<!-- \/ Yoast SEO plugin. -->","yoast_head_json":{"title":"Yelp! Review Sticker Clean with review QR | truzzer","description":"Pi\u00f9 recensioni Yelp con Yelp! Review Sticker Clean with review QR di truzzer. Facile da configurare, pronto all'uso. Ordina ora!","robots":{"index":"index","follow":"follow","max-snippet":"max-snippet:-1","max-image-preview":"max-image-preview:large","max-video-preview":"max-video-preview:-1"},"canonical":"https:\/\/www.truzzer.com\/it\/prodotto\/guaire-recensione-adesivo-pulito-con-qr-recensione\/","og_locale":"it_IT","og_type":"article","og_title":"Yelp! Review Sticker Clean with review QR | truzzer","og_description":"Pi\u00f9 recensioni Yelp con Yelp! Review Sticker Clean with review QR di truzzer. Facile da configurare, pronto all'uso. Ordina ora!","og_url":"https:\/\/www.truzzer.com\/it\/prodotto\/guaire-recensione-adesivo-pulito-con-qr-recensione\/","og_site_name":"truzzer","article_modified_time":"2026-02-13T08:35:51+00:00","og_image":[{"width":1200,"height":1200,"url":"https:\/\/www.truzzer.com\/wp-content\/uploads\/2026\/02\/review-us-on-yelp-sticker-with-review-qr-code-clean-truzzer-1.jpg","type":"image\/jpeg"}],"twitter_card":"summary_large_image","twitter_misc":{"Tempo di lettura stimato":"1 minuto"},"schema":{"@context":"https:\/\/schema.org","@graph":[{"@type":"WebPage","@id":"https:\/\/www.truzzer.com\/it\/prodotto\/guaire-recensione-adesivo-pulito-con-qr-recensione\/","url":"https:\/\/www.truzzer.com\/it\/prodotto\/guaire-recensione-adesivo-pulito-con-qr-recensione\/","name":"Yelp! Review Sticker Clean with review QR | truzzer","isPartOf":{"@id":"https:\/\/www.truzzer.com\/it\/#website"},"primaryImageOfPage":{"@id":"https:\/\/www.truzzer.com\/it\/prodotto\/guaire-recensione-adesivo-pulito-con-qr-recensione\/#primaryimage"},"image":{"@id":"https:\/\/www.truzzer.com\/it\/prodotto\/guaire-recensione-adesivo-pulito-con-qr-recensione\/#primaryimage"},"thumbnailUrl":"https:\/\/www.truzzer.com\/wp-content\/uploads\/2026\/02\/review-us-on-yelp-sticker-with-review-qr-code-clean-truzzer-1.jpg","datePublished":"2026-02-05T11:44:39+00:00","dateModified":"2026-02-13T08:35:51+00:00","description":"Pi\u00f9 recensioni Yelp con Yelp! Review Sticker Clean with review QR di truzzer. Facile da configurare, pronto all'uso. Ordina ora!","breadcrumb":{"@id":"https:\/\/www.truzzer.com\/it\/prodotto\/guaire-recensione-adesivo-pulito-con-qr-recensione\/#breadcrumb"},"inLanguage":"it-IT","potentialAction":[{"@type":"ReadAction","target":["https:\/\/www.truzzer.com\/it\/prodotto\/guaire-recensione-adesivo-pulito-con-qr-recensione\/"]}]},{"@type":"ImageObject","inLanguage":"it-IT","@id":"https:\/\/www.truzzer.com\/it\/prodotto\/guaire-recensione-adesivo-pulito-con-qr-recensione\/#primaryimage","url":"https:\/\/www.truzzer.com\/wp-content\/uploads\/2026\/02\/review-us-on-yelp-sticker-with-review-qr-code-clean-truzzer-1.jpg","contentUrl":"https:\/\/www.truzzer.com\/wp-content\/uploads\/2026\/02\/review-us-on-yelp-sticker-with-review-qr-code-clean-truzzer-1.jpg","width":1200,"height":1200},{"@type":"BreadcrumbList","@id":"https:\/\/www.truzzer.com\/it\/prodotto\/guaire-recensione-adesivo-pulito-con-qr-recensione\/#breadcrumb","itemListElement":[{"@type":"ListItem","position":1,"name":"Home","item":"https:\/\/www.truzzer.com\/it\/"},{"@type":"ListItem","position":2,"name":"Negozio","item":"https:\/\/www.truzzer.com\/it\/shop\/"},{"@type":"ListItem","position":3,"name":"Yelp! Recensione Adesivo Pulito con recensione QR"}]},{"@type":"WebSite","@id":"https:\/\/www.truzzer.com\/it\/#website","url":"https:\/\/www.truzzer.com\/it\/","name":"truzzer","description":"Experts for customer trust","publisher":{"@id":"https:\/\/www.truzzer.com\/it\/#organization"},"potentialAction":[{"@type":"SearchAction","target":{"@type":"EntryPoint","urlTemplate":"https:\/\/www.truzzer.com\/it\/?s={search_term_string}"},"query-input":{"@type":"PropertyValueSpecification","valueRequired":true,"valueName":"search_term_string"}}],"inLanguage":"it-IT"},{"@type":"Organization","@id":"https:\/\/www.truzzer.com\/it\/#organization","name":"truzzer","url":"https:\/\/www.truzzer.com\/it\/","logo":{"@type":"ImageObject","inLanguage":"it-IT","@id":"https:\/\/www.truzzer.com\/it\/#\/schema\/logo\/image\/","url":"https:\/\/truzzer.com\/wp-content\/uploads\/2026\/01\/truzzer-logo-black-1.svg","contentUrl":"https:\/\/truzzer.com\/wp-content\/uploads\/2026\/01\/truzzer-logo-black-1.svg","width":938,"height":199,"caption":"truzzer"},"image":{"@id":"https:\/\/www.truzzer.com\/it\/#\/schema\/logo\/image\/"}}]}},"tiered_pricing_type":"fixed","tiered_pricing_fixed_rules":[],"tiered_pricing_product_settings":{"layout":"default","base_unit_name":{"singular":null,"plural":null},"default_variation":null},"tiered_pricing_minimum_quantity":null,"tiered_pricing_roles_data":[],"tiered_pricing_percentage_rules":[],"tiered_pricing_maximum_quantity":null,"tiered_pricing_quantity_step":null,"_links":{"self":[{"href":"https:\/\/www.truzzer.com\/it\/wp-json\/wp\/v2\/product\/92889","targetHints":{"allow":["GET"]}}],"collection":[{"href":"https:\/\/www.truzzer.com\/it\/wp-json\/wp\/v2\/product"}],"about":[{"href":"https:\/\/www.truzzer.com\/it\/wp-json\/wp\/v2\/types\/product"}],"replies":[{"embeddable":true,"href":"https:\/\/www.truzzer.com\/it\/wp-json\/wp\/v2\/comments?post=92889"}],"wp:featuredmedia":[{"embeddable":true,"href":"https:\/\/www.truzzer.com\/it\/wp-json\/wp\/v2\/media\/92890"}],"wp:attachment":[{"href":"https:\/\/www.truzzer.com\/it\/wp-json\/wp\/v2\/media?parent=92889"}],"wp:term":[{"taxonomy":"product_brand","embeddable":true,"href":"https:\/\/www.truzzer.com\/it\/wp-json\/wp\/v2\/product_brand?post=92889"},{"taxonomy":"product_cat","embeddable":true,"href":"https:\/\/www.truzzer.com\/it\/wp-json\/wp\/v2\/product_cat?post=92889"},{"taxonomy":"product_tag","embeddable":true,"href":"https:\/\/www.truzzer.com\/it\/wp-json\/wp\/v2\/product_tag?post=92889"}],"curies":[{"name":"wp","href":"https:\/\/api.w.org\/{rel}","templated":true}]}}