{"id":93214,"date":"2026-02-01T20:11:22","date_gmt":"2026-02-01T20:11:22","guid":{"rendered":"https:\/\/beta.truzzer.com\/product\/scheda-appuntamento-per-revisione-google-con-codice-qr-per-revisione-google\/"},"modified":"2026-02-13T09:52:53","modified_gmt":"2026-02-13T09:52:53","slug":"scheda-appuntamento-per-revisione-google-con-codice-qr-per-revisione-google","status":"publish","type":"product","link":"https:\/\/www.truzzer.com\/it\/prodotto\/scheda-appuntamento-per-revisione-google-con-codice-qr-per-revisione-google\/","title":{"rendered":"Google Scheda appuntamento per revisione con recensione Google Codice QR"},"content":{"rendered":"<h2>Ottieni semplicemente pi\u00f9 recensioni Google dai clienti<\/h2>\n<p>Con i biglietti per appuntamenti truzzer Google con codice Google Review QR, puoi ottenere recensioni positive dai tuoi clienti soddisfatti pi\u00f9 velocemente e migliorare la tua reputazione.<br \/>\nInoltre, aumenti il legame con la tua azienda e il tuo posizionamento SEO attraverso le valutazioni positive.<\/p>\n<p>Nel pratico formato biglietto da visita hai sempre la possibilit\u00e0 di avere pi\u00f9 recensioni Google a portata di mano e di rendere la recensione online tramite Google accessibile ai tuoi clienti in qualsiasi momento.<br \/>\nRegala ai tuoi clienti i biglietti da visita truzzer Google, mettili nella borsa della spesa, spediscili insieme ai tuoi prodotti o mettili sui tavoli del ristorante. Finito.<\/p>\n<p>Il codice QR indirizza i clienti direttamente alla tua recensione Google SENZA doverti prima cercare su Google. In questo modo eviterai salti nel processo di revisione dell&#8217;Google.<\/p>\n<p>Puoi personalizzare facilmente i Biglietti da visita Google con il tuo logo e adattarli alla tua azienda.<\/p>\n<h2>Ulteriori informazioni<\/h2>\n<p>Gestire un&#8217;attivit\u00e0 di successo basata sui servizi pu\u00f2 essere un&#8217;impresa impegnativa. Per le aziende che offrono servizi solo su appuntamento, come parrucchieri, autoservizi e massaggiatori, attirare nuovi clienti e fidelizzare quelli esistenti pu\u00f2 essere difficile. Un modo per distinguersi dalla concorrenza e aumentare il successo complessivo \u00e8 utilizzare le schede per appuntamenti Truzzer con le schede codice QR per revisione Google.<\/p>\n<p>Schede per appuntamenti Truzzer con recensione Google Le schede con codice QR sono uno strumento di marketing che consente alle aziende di consentire ai clienti di lasciare facilmente una recensione sulla loro esperienza. Queste carte contengono un codice QR che, una volta scansionato, indirizza il cliente direttamente alla pagina di recensione Google dell&#8217;azienda. Da l\u00ec, il cliente pu\u00f2 lasciare una recensione e fornire un prezioso feedback sulla propria esperienza.<\/p>\n<p>Quindi, in che modo le schede per appuntamenti Truzzer con Google e le schede con codice QR possono aumentare il successo complessivo delle attivit\u00e0 basate sui servizi? Per cominciare, le recensioni sono una parte importante del processo decisionale per molti clienti. Infatti, un recente sondaggio ha rilevato che il 91% dei consumatori legge le recensioni online prima di prendere una decisione di acquisto. Semplificando la possibilit\u00e0 per i clienti di lasciare una recensione, le aziende basate sui servizi possono aumentare la propria presenza online e creare fiducia con i potenziali clienti.<\/p>\n<p>Inoltre, le recensioni possono avere un impatto diretto sul posizionamento di un&#8217;azienda nei motori di ricerca. Google \u00e8 un popolare sito di recensioni e i motori di ricerca tengono conto del numero e della qualit\u00e0 delle recensioni di un&#8217;azienda quando determinano il posizionamento nei motori di ricerca. Incoraggiando i clienti a lasciare recensioni utilizzando le schede per appuntamenti Truzzer con le schede codice Google per recensioni QR, le aziende possono migliorare la propria visibilit\u00e0 online e attirare pi\u00f9 clienti.<\/p>\n<p>Le schede per appuntamenti Truzzer con recensione Google Le schede con codice QR forniscono inoltre alle aziende feedback preziosi sui loro servizi. Monitorando le recensioni, le aziende possono identificare le aree in cui eccellono e quelle in cui devono migliorare. Questo feedback pu\u00f2 essere utilizzato per apportare le modifiche necessarie e fornire un&#8217;esperienza ancora migliore ai clienti in futuro.<\/p>\n<p>Infine, le schede per appuntamenti Truzzer con recensione Google Le schede con codice QR sono uno strumento di marketing conveniente. Sono facili da distribuire e possono essere consegnati ai clienti durante l&#8217;appuntamento o collocati in luoghi strategici come le aree di attesa. Incoraggiando i clienti a lasciare una recensione, le aziende basate sui servizi possono aumentare la propria presenza online senza spendere molti soldi nei metodi di marketing tradizionali.<\/p>\n<p>In conclusione, le schede per appuntamenti Truzzer con recensione Google Le schede con codice QR sono uno strumento prezioso per le aziende basate sui servizi che desiderano aumentare il proprio successo complessivo. Rendendo pi\u00f9 semplice per i clienti lasciare una recensione, le aziende possono migliorare la propria presenza online, attirare pi\u00f9 clienti e offrire un&#8217;esperienza migliore ai propri clienti. Pertanto, se stai cercando un modo per superare la concorrenza, prendi in considerazione l&#8217;utilizzo dei biglietti per appuntamenti Truzzer con i biglietti con codice Google per revisione QR nella tua strategia di marketing.<\/p>\n<p>Le recensioni dei prodotti Google sono facili da usare, che vorremmo mostrarvi di seguito utilizzando l&#8217;esempio degli adesivi delle recensioni.<\/p>\n<p>&nbsp;<\/p>\n<p>&nbsp;<\/p>\n<h3>Passaggio 1: il cliente esegue la scansione del codice QR<\/h3>\n<p>Per seguirti, il cliente deve solo scansionare il codice QR. Tutto quello che devi fare \u00e8 tenere la fotocamera dello smartphone (non \u00e8 necessaria alcuna app scanner aggiuntiva) sul prodotto.<\/p>\n<p><img decoding=\"async\" src=\"https:\/\/www.truzzer.com\/wp-content\/uploads\/2026\/02\/how-to-use-the-product-truzzer-google.jpg.webp\" height=\"933\" width=\"1400\" class=\"alignnone wp-image-22402 size-full\" alt=\"Hand scanning a QR code for Google reviews on a smartphone.\"  > <\/p>\n<p>Sullo schermo verr\u00e0 quindi visualizzato un popup (iPhone) o verr\u00e0 visualizzato un codice QR (smartphone Android\/Google).<\/p>\n<h3>Passaggio 2: il cliente va direttamente al modulo di recensione Google<\/h3>\n<p>Il modulo di recensione si aprir\u00e0 nel browser dello smartphone e il cliente potr\u00e0 recensirti direttamente.<\/p>\n<p>Avviso:<br \/>\nTieni presente che per ottenere le recensioni Google \u00e8 necessario un profilo My Business Google.<\/p>\n<p>&nbsp;<\/p>\n","protected":false},"excerpt":{"rendered":"<p><strong>Aiuta i tuoi clienti a recensirti su Google!<\/strong><\/p>\n<p>Con i biglietti per appuntamenti truzzer con funzione di recensione Google integrata in un design ridotto e accattivante che si adatta a qualsiasi azienda, puoi facilmente vincere nuove recensioni Google.<\/p>\n<p>Con l&#8217;aiuto dei biglietti per appuntamento, la recensione dell&#8217;Google non viene pi\u00f9 dimenticata, poich\u00e9 \u00e8 psicologicamente collegata automaticamente a un appuntamento.<\/p>\n<p><strong>Ecco come i biglietti per appuntamenti ti aiutano<\/strong><\/p>\n<p>Le schede degli appuntamenti portano a te e ai tuoi clienti\/pazienti i maggiori ostacoli nel processo di revisione di Google:<\/p>\n<ul>\n<li>Nessuna domanda imbarazzante &amp; chiedendo, basta consegnare la carta. L&#8217;<strong>invito all&#8217;azione<\/strong> lo fa per te<\/li>\n<li>Niente pi\u00f9 richieste di revisione dimenticate, perch\u00e9 ai clienti\/pazienti verr\u00e0 ricordato di recensirti.<\/li>\n<li>Nessuna ricerca e nessuna difficolt\u00e0: il codice QR porta direttamente al modulo di recensione<\/li>\n<li><strong>Ttangibile<\/strong>: i biglietti d&#8217;appuntamento rendono tangibile la recensione.<\/li>\n<li>Nessuna app aggiuntiva: il codice QR pu\u00f2 essere scansionato con la fotocamera dello smartphone<\/li>\n<\/ul>\n<p>Creeremo e collegheremo per te il codice QR per la revisione diretta sul tuo profilo Google! Prendiamo queste informazioni dall&#8217;indirizzo della tua azienda.<\/p>\n","protected":false},"featured_media":93215,"comment_status":"open","ping_status":"closed","template":"","meta":{"_acf_changed":false,"_yoast_wpseo_focuskw":"Recensione Google Biglietto appuntamento","_yoast_wpseo_title":"Google Review Appointment Card with Google revi... | truzzer","_yoast_wpseo_metadesc":"Pi\u00f9 recensioni Google con Google Review Appointment Card with Google review QR Code di truzzer. Facile da configurare. Ordina ora!"},"product_brand":[1653],"product_cat":[600,492,811,812,755],"product_tag":[],"class_list":{"0":"post-93214","1":"product","2":"type-product","3":"status-publish","4":"has-post-thumbnail","6":"product_brand-google","7":"product_cat-codice-qr-biglietti-da-visita","8":"product_cat-codice-qr-prodotti","9":"product_cat-recensione-google-biglietti-da-visita","10":"product_cat-recensione-google-biglietti-da-visita-con-codice-qr","11":"product_cat-recensione-google-prodotti","12":"pa_industry-consulenza-burocratica","13":"pa_industry-locali-diensten","14":"pa_industry-onroerend-goed","15":"pa_material-karton","16":"pa_placement-balie-receptie","17":"pa_placement-opuscolo","18":"pa_placement-portemonnee-personale","19":"pa_product-type-visitekaartjes","20":"pa_technology-qr-code","22":"first","23":"instock","24":"taxable","25":"shipping-taxable","26":"purchasable","27":"product-type-simple"},"acf":[],"yoast_head":"<!-- This site is optimized with the Yoast SEO plugin v27.0 - https:\/\/yoast.com\/product\/yoast-seo-wordpress\/ -->\n<title>Google Review Appointment Card with Google revi... | truzzer<\/title>\n<meta name=\"description\" content=\"Pi\u00f9 recensioni Google con Google Review Appointment Card with Google review QR Code di truzzer. Facile da configurare. Ordina ora!\" \/>\n<meta name=\"robots\" content=\"index, follow, max-snippet:-1, max-image-preview:large, max-video-preview:-1\" \/>\n<link rel=\"canonical\" href=\"https:\/\/www.truzzer.com\/it\/prodotto\/scheda-appuntamento-per-revisione-google-con-codice-qr-per-revisione-google\/\" \/>\n<meta property=\"og:locale\" content=\"it_IT\" \/>\n<meta property=\"og:type\" content=\"article\" \/>\n<meta property=\"og:title\" content=\"Google Review Appointment Card with Google revi... | truzzer\" \/>\n<meta property=\"og:description\" content=\"Pi\u00f9 recensioni Google con Google Review Appointment Card with Google review QR Code di truzzer. Facile da configurare. Ordina ora!\" \/>\n<meta property=\"og:url\" content=\"https:\/\/www.truzzer.com\/it\/prodotto\/scheda-appuntamento-per-revisione-google-con-codice-qr-per-revisione-google\/\" \/>\n<meta property=\"og:site_name\" content=\"truzzer\" \/>\n<meta property=\"article:modified_time\" content=\"2026-02-13T09:52:53+00:00\" \/>\n<meta property=\"og:image\" content=\"https:\/\/www.truzzer.com\/wp-content\/uploads\/2026\/02\/truzzer-appointment-cards-with-google-review-front-both-5.jpg\" \/>\n\t<meta property=\"og:image:width\" content=\"1200\" \/>\n\t<meta property=\"og:image:height\" content=\"1200\" \/>\n\t<meta property=\"og:image:type\" content=\"image\/jpeg\" \/>\n<meta name=\"twitter:card\" content=\"summary_large_image\" \/>\n<meta name=\"twitter:label1\" content=\"Tempo di lettura stimato\" \/>\n\t<meta name=\"twitter:data1\" content=\"4 minuti\" \/>\n<script type=\"application\/ld+json\" class=\"yoast-schema-graph\">{\"@context\":\"https:\/\/schema.org\",\"@graph\":[{\"@type\":\"WebPage\",\"@id\":\"https:\/\/www.truzzer.com\/it\/prodotto\/scheda-appuntamento-per-revisione-google-con-codice-qr-per-revisione-google\/\",\"url\":\"https:\/\/www.truzzer.com\/it\/prodotto\/scheda-appuntamento-per-revisione-google-con-codice-qr-per-revisione-google\/\",\"name\":\"Google Review Appointment Card with Google revi... | truzzer\",\"isPartOf\":{\"@id\":\"https:\/\/www.truzzer.com\/it\/#website\"},\"primaryImageOfPage\":{\"@id\":\"https:\/\/www.truzzer.com\/it\/prodotto\/scheda-appuntamento-per-revisione-google-con-codice-qr-per-revisione-google\/#primaryimage\"},\"image\":{\"@id\":\"https:\/\/www.truzzer.com\/it\/prodotto\/scheda-appuntamento-per-revisione-google-con-codice-qr-per-revisione-google\/#primaryimage\"},\"thumbnailUrl\":\"https:\/\/www.truzzer.com\/wp-content\/uploads\/2026\/02\/truzzer-appointment-cards-with-google-review-front-both-5.jpg\",\"datePublished\":\"2026-02-01T20:11:22+00:00\",\"dateModified\":\"2026-02-13T09:52:53+00:00\",\"description\":\"Pi\u00f9 recensioni Google con Google Review Appointment Card with Google review QR Code di truzzer. Facile da configurare. Ordina ora!\",\"breadcrumb\":{\"@id\":\"https:\/\/www.truzzer.com\/it\/prodotto\/scheda-appuntamento-per-revisione-google-con-codice-qr-per-revisione-google\/#breadcrumb\"},\"inLanguage\":\"it-IT\",\"potentialAction\":[{\"@type\":\"ReadAction\",\"target\":[\"https:\/\/www.truzzer.com\/it\/prodotto\/scheda-appuntamento-per-revisione-google-con-codice-qr-per-revisione-google\/\"]}]},{\"@type\":\"ImageObject\",\"inLanguage\":\"it-IT\",\"@id\":\"https:\/\/www.truzzer.com\/it\/prodotto\/scheda-appuntamento-per-revisione-google-con-codice-qr-per-revisione-google\/#primaryimage\",\"url\":\"https:\/\/www.truzzer.com\/wp-content\/uploads\/2026\/02\/truzzer-appointment-cards-with-google-review-front-both-5.jpg\",\"contentUrl\":\"https:\/\/www.truzzer.com\/wp-content\/uploads\/2026\/02\/truzzer-appointment-cards-with-google-review-front-both-5.jpg\",\"width\":1200,\"height\":1200},{\"@type\":\"BreadcrumbList\",\"@id\":\"https:\/\/www.truzzer.com\/it\/prodotto\/scheda-appuntamento-per-revisione-google-con-codice-qr-per-revisione-google\/#breadcrumb\",\"itemListElement\":[{\"@type\":\"ListItem\",\"position\":1,\"name\":\"Home\",\"item\":\"https:\/\/www.truzzer.com\/it\/\"},{\"@type\":\"ListItem\",\"position\":2,\"name\":\"Negozio\",\"item\":\"https:\/\/www.truzzer.com\/it\/shop\/\"},{\"@type\":\"ListItem\",\"position\":3,\"name\":\"Google Scheda appuntamento per revisione con recensione Google Codice QR\"}]},{\"@type\":\"WebSite\",\"@id\":\"https:\/\/www.truzzer.com\/it\/#website\",\"url\":\"https:\/\/www.truzzer.com\/it\/\",\"name\":\"truzzer\",\"description\":\"Experts for customer trust\",\"publisher\":{\"@id\":\"https:\/\/www.truzzer.com\/it\/#organization\"},\"potentialAction\":[{\"@type\":\"SearchAction\",\"target\":{\"@type\":\"EntryPoint\",\"urlTemplate\":\"https:\/\/www.truzzer.com\/it\/?s={search_term_string}\"},\"query-input\":{\"@type\":\"PropertyValueSpecification\",\"valueRequired\":true,\"valueName\":\"search_term_string\"}}],\"inLanguage\":\"it-IT\"},{\"@type\":\"Organization\",\"@id\":\"https:\/\/www.truzzer.com\/it\/#organization\",\"name\":\"truzzer\",\"url\":\"https:\/\/www.truzzer.com\/it\/\",\"logo\":{\"@type\":\"ImageObject\",\"inLanguage\":\"it-IT\",\"@id\":\"https:\/\/www.truzzer.com\/it\/#\/schema\/logo\/image\/\",\"url\":\"https:\/\/truzzer.com\/wp-content\/uploads\/2026\/01\/truzzer-logo-black-1.svg\",\"contentUrl\":\"https:\/\/truzzer.com\/wp-content\/uploads\/2026\/01\/truzzer-logo-black-1.svg\",\"width\":938,\"height\":199,\"caption\":\"truzzer\"},\"image\":{\"@id\":\"https:\/\/www.truzzer.com\/it\/#\/schema\/logo\/image\/\"}}]}<\/script>\n<!-- \/ Yoast SEO plugin. -->","yoast_head_json":{"title":"Google Review Appointment Card with Google revi... | truzzer","description":"Pi\u00f9 recensioni Google con Google Review Appointment Card with Google review QR Code di truzzer. Facile da configurare. Ordina ora!","robots":{"index":"index","follow":"follow","max-snippet":"max-snippet:-1","max-image-preview":"max-image-preview:large","max-video-preview":"max-video-preview:-1"},"canonical":"https:\/\/www.truzzer.com\/it\/prodotto\/scheda-appuntamento-per-revisione-google-con-codice-qr-per-revisione-google\/","og_locale":"it_IT","og_type":"article","og_title":"Google Review Appointment Card with Google revi... | truzzer","og_description":"Pi\u00f9 recensioni Google con Google Review Appointment Card with Google review QR Code di truzzer. Facile da configurare. Ordina ora!","og_url":"https:\/\/www.truzzer.com\/it\/prodotto\/scheda-appuntamento-per-revisione-google-con-codice-qr-per-revisione-google\/","og_site_name":"truzzer","article_modified_time":"2026-02-13T09:52:53+00:00","og_image":[{"width":1200,"height":1200,"url":"https:\/\/www.truzzer.com\/wp-content\/uploads\/2026\/02\/truzzer-appointment-cards-with-google-review-front-both-5.jpg","type":"image\/jpeg"}],"twitter_card":"summary_large_image","twitter_misc":{"Tempo di lettura stimato":"4 minuti"},"schema":{"@context":"https:\/\/schema.org","@graph":[{"@type":"WebPage","@id":"https:\/\/www.truzzer.com\/it\/prodotto\/scheda-appuntamento-per-revisione-google-con-codice-qr-per-revisione-google\/","url":"https:\/\/www.truzzer.com\/it\/prodotto\/scheda-appuntamento-per-revisione-google-con-codice-qr-per-revisione-google\/","name":"Google Review Appointment Card with Google revi... | truzzer","isPartOf":{"@id":"https:\/\/www.truzzer.com\/it\/#website"},"primaryImageOfPage":{"@id":"https:\/\/www.truzzer.com\/it\/prodotto\/scheda-appuntamento-per-revisione-google-con-codice-qr-per-revisione-google\/#primaryimage"},"image":{"@id":"https:\/\/www.truzzer.com\/it\/prodotto\/scheda-appuntamento-per-revisione-google-con-codice-qr-per-revisione-google\/#primaryimage"},"thumbnailUrl":"https:\/\/www.truzzer.com\/wp-content\/uploads\/2026\/02\/truzzer-appointment-cards-with-google-review-front-both-5.jpg","datePublished":"2026-02-01T20:11:22+00:00","dateModified":"2026-02-13T09:52:53+00:00","description":"Pi\u00f9 recensioni Google con Google Review Appointment Card with Google review QR Code di truzzer. Facile da configurare. Ordina ora!","breadcrumb":{"@id":"https:\/\/www.truzzer.com\/it\/prodotto\/scheda-appuntamento-per-revisione-google-con-codice-qr-per-revisione-google\/#breadcrumb"},"inLanguage":"it-IT","potentialAction":[{"@type":"ReadAction","target":["https:\/\/www.truzzer.com\/it\/prodotto\/scheda-appuntamento-per-revisione-google-con-codice-qr-per-revisione-google\/"]}]},{"@type":"ImageObject","inLanguage":"it-IT","@id":"https:\/\/www.truzzer.com\/it\/prodotto\/scheda-appuntamento-per-revisione-google-con-codice-qr-per-revisione-google\/#primaryimage","url":"https:\/\/www.truzzer.com\/wp-content\/uploads\/2026\/02\/truzzer-appointment-cards-with-google-review-front-both-5.jpg","contentUrl":"https:\/\/www.truzzer.com\/wp-content\/uploads\/2026\/02\/truzzer-appointment-cards-with-google-review-front-both-5.jpg","width":1200,"height":1200},{"@type":"BreadcrumbList","@id":"https:\/\/www.truzzer.com\/it\/prodotto\/scheda-appuntamento-per-revisione-google-con-codice-qr-per-revisione-google\/#breadcrumb","itemListElement":[{"@type":"ListItem","position":1,"name":"Home","item":"https:\/\/www.truzzer.com\/it\/"},{"@type":"ListItem","position":2,"name":"Negozio","item":"https:\/\/www.truzzer.com\/it\/shop\/"},{"@type":"ListItem","position":3,"name":"Google Scheda appuntamento per revisione con recensione Google Codice QR"}]},{"@type":"WebSite","@id":"https:\/\/www.truzzer.com\/it\/#website","url":"https:\/\/www.truzzer.com\/it\/","name":"truzzer","description":"Experts for customer trust","publisher":{"@id":"https:\/\/www.truzzer.com\/it\/#organization"},"potentialAction":[{"@type":"SearchAction","target":{"@type":"EntryPoint","urlTemplate":"https:\/\/www.truzzer.com\/it\/?s={search_term_string}"},"query-input":{"@type":"PropertyValueSpecification","valueRequired":true,"valueName":"search_term_string"}}],"inLanguage":"it-IT"},{"@type":"Organization","@id":"https:\/\/www.truzzer.com\/it\/#organization","name":"truzzer","url":"https:\/\/www.truzzer.com\/it\/","logo":{"@type":"ImageObject","inLanguage":"it-IT","@id":"https:\/\/www.truzzer.com\/it\/#\/schema\/logo\/image\/","url":"https:\/\/truzzer.com\/wp-content\/uploads\/2026\/01\/truzzer-logo-black-1.svg","contentUrl":"https:\/\/truzzer.com\/wp-content\/uploads\/2026\/01\/truzzer-logo-black-1.svg","width":938,"height":199,"caption":"truzzer"},"image":{"@id":"https:\/\/www.truzzer.com\/it\/#\/schema\/logo\/image\/"}}]}},"tiered_pricing_type":"fixed","tiered_pricing_fixed_rules":[],"tiered_pricing_product_settings":{"layout":"default","base_unit_name":{"singular":null,"plural":null},"default_variation":null},"tiered_pricing_minimum_quantity":null,"tiered_pricing_roles_data":[],"tiered_pricing_percentage_rules":[],"tiered_pricing_maximum_quantity":null,"tiered_pricing_quantity_step":null,"_links":{"self":[{"href":"https:\/\/www.truzzer.com\/it\/wp-json\/wp\/v2\/product\/93214","targetHints":{"allow":["GET"]}}],"collection":[{"href":"https:\/\/www.truzzer.com\/it\/wp-json\/wp\/v2\/product"}],"about":[{"href":"https:\/\/www.truzzer.com\/it\/wp-json\/wp\/v2\/types\/product"}],"replies":[{"embeddable":true,"href":"https:\/\/www.truzzer.com\/it\/wp-json\/wp\/v2\/comments?post=93214"}],"wp:featuredmedia":[{"embeddable":true,"href":"https:\/\/www.truzzer.com\/it\/wp-json\/wp\/v2\/media\/93215"}],"wp:attachment":[{"href":"https:\/\/www.truzzer.com\/it\/wp-json\/wp\/v2\/media?parent=93214"}],"wp:term":[{"taxonomy":"product_brand","embeddable":true,"href":"https:\/\/www.truzzer.com\/it\/wp-json\/wp\/v2\/product_brand?post=93214"},{"taxonomy":"product_cat","embeddable":true,"href":"https:\/\/www.truzzer.com\/it\/wp-json\/wp\/v2\/product_cat?post=93214"},{"taxonomy":"product_tag","embeddable":true,"href":"https:\/\/www.truzzer.com\/it\/wp-json\/wp\/v2\/product_tag?post=93214"}],"curies":[{"name":"wp","href":"https:\/\/api.w.org\/{rel}","templated":true}]}}