{"id":93286,"date":"2026-02-01T20:10:57","date_gmt":"2026-02-01T20:10:57","guid":{"rendered":"https:\/\/beta.truzzer.com\/product\/seguici-su-instagram-colore-adesivo\/"},"modified":"2026-02-13T09:53:57","modified_gmt":"2026-02-13T09:53:57","slug":"seguici-su-instagram-colore-adesivo","status":"publish","type":"product","link":"https:\/\/www.truzzer.com\/it\/prodotto\/seguici-su-instagram-colore-adesivo\/","title":{"rendered":"Seguici su Instagram Colore adesivo"},"content":{"rendered":"<h2>Acquista Seguici sugli adesivi Instagram online<\/h2>\n<p>Con gli adesivi truzzer Seguici su Instagram con il collegamento al codice QR e il tuo nome utente, puoi facilmente ottenere nuovi follower su Instagram!<\/p>\n<p>Nel pratico formato rotondo rendete tangibile il vostro conto per i vostri clienti.<br \/>\nPosiziona gli adesivi ben in vista nell&#8217;area cassa, sulla porta d&#8217;ingresso, come adesivo sul paraurti della tua auto o ovunque i tuoi clienti possano vedere gli adesivi.<\/p>\n<p>-Adatto per uso interno ed esterno<br \/>\n&#8211; Resistente agli agenti atmosferici<br \/>\n-Adatto a qualsiasi superficie liscia<br \/>\n-Per negozi al dettaglio, porte o come adesivo Instagram per auto<br \/>\n-Mostra ai tuoi clienti che possono trovarti anche su Instagram<\/p>\n<p>Il link Seguici su Instagram adesivi con codice QR indirizza i tuoi clienti al tuo profilo quando scansionano il codice QR.<\/p>\n<p>&nbsp;<\/p>\n<h2>Ulteriori informazioni<\/h2>\n<p>Instagram \u00e8 diventata una delle piattaforme di social media pi\u00f9 popolari per le aziende che desiderano promuovere il proprio marchio, prodotti e servizi. Per aiutare le aziende ad acquisire pi\u00f9 follower e ad aumentare la propria portata, Instagram ha introdotto una variet\u00e0 di adesivi che possono essere aggiunti a storie e post. Tra questi adesivi spiccano gli adesivi con codice Truzzer Instagram QR come i migliori adesivi disponibili sulla piattaforma.<\/p>\n<p>Gli adesivi con codice Truzzer Instagram QR sono unici perch\u00e9 integrano un codice Instagram QR in un design adesivo personalizzato che include il nome del profilo dell&#8217;azienda. Si tratta di un potente strumento di marketing per le aziende perch\u00e9 consente ai follower di scansionare rapidamente e facilmente il codice QR con la fotocamera del proprio smartphone ed essere indirizzati direttamente al profilo Instagram dell&#8217;azienda.<\/p>\n<p>Questa funzionalit\u00e0 \u00e8 incredibilmente conveniente sia per l&#8217;azienda che per i follower. Per le aziende, elimina la necessit\u00e0 che i follower cerchino manualmente il proprio profilo. Il codice QR, invece, pu\u00f2 essere scansionato direttamente dall&#8217;adesivo, portando ad un immediato aumento delle visite al profilo e dei potenziali follower. Per i follower, il codice QR fa risparmiare tempo e fatica, consentendo loro di accedere rapidamente al profilo dell&#8217;azienda senza dover digitare manualmente il nome del profilo.<\/p>\n<p>Gli adesivi con codice Truzzer Instagram QR hanno anche un aspetto professionale e raffinato che li distingue dagli altri adesivi sulla piattaforma. Con il nome del profilo dell&#8217;azienda e il codice QR ben visibili sull&#8217;adesivo, \u00e8 facile capire che l&#8217;adesivo promuove un marchio specifico. Ci\u00f2 rende pi\u00f9 probabile che i follower interagiscano con l&#8217;adesivo e scansionino il codice QR, portando in definitiva a un aumento del seguito Instagram dell&#8217;azienda.<\/p>\n<p>Uno dei maggiori vantaggi dell&#8217;utilizzo degli adesivi con codice Truzzer Instagram QR \u00e8 che possono aumentare significativamente il successo di un&#8217;azienda acquisendo pi\u00f9 follower che mai. Con il comodo codice QR, \u00e8 pi\u00f9 probabile che i follower visitino il profilo Instagram di un&#8217;azienda, il che pu\u00f2 portare a un aumento del coinvolgimento, delle vendite e della consapevolezza del marchio. Maggiore \u00e8 il numero di follower di un&#8217;azienda, maggiore \u00e8 il numero di potenziali clienti che pu\u00f2 raggiungere, il che alla fine pu\u00f2 portare a un aumento delle entrate e del successo aziendale.<\/p>\n<p>In conclusione, gli adesivi con codice Truzzer Instagram QR sono i migliori adesivi disponibili sulla piattaforma grazie alla loro integrazione unica di un codice Instagram QR e di un nome di profilo in un design adesivo raffinato e professionale. Questa funzionalit\u00e0 \u00e8 incredibilmente conveniente sia per le aziende che per i follower, portando in definitiva a un aumento dei follower di Instagram e al potenziale successo aziendale. Utilizzando gli adesivi con codice Truzzer Instagram QR, le aziende possono usufruire di un potente strumento di marketing che pu\u00f2 aiutarle a raggiungere i propri obiettivi e raggiungere nuovi livelli di successo.<\/p>\n<p>&nbsp;<\/p>\n<p>I prodotti Seguici su Instagram sono facili da usare, che vorremmo mostrarti di seguito utilizzando come esempio gli adesivi &#8220;Seguici su Instagram&#8221;.<\/p>\n<p>&nbsp;<\/p>\n<h3>Passaggio 1: il cliente esegue la scansione del codice QR<\/h3>\n<p>Per seguirti, il cliente deve solo scansionare il codice QR. Tutto quello che devi fare \u00e8 tenere la fotocamera dello smartphone (non \u00e8 necessaria alcuna app scanner aggiuntiva) sul prodotto.<\/p>\n<p><img decoding=\"async\" class=\"alignleft wp-image-22262 size-full\" src=\"https:\/\/www.truzzer.com\/wp-content\/uploads\/2026\/02\/how-to-use-the-product-truzzer.jpg.webp\" alt=\"\" larghezza=\"1400\" altezza=\"933\" \/><\/p>\n<p>Sullo schermo apparir\u00e0 quindi un pop-up (iPhone) oppure apparir\u00e0 un codice QR (smartphone Android \/ Google).<\/p>\n<h3>Passaggio 2: il cliente va direttamente al profilo Instagram<\/h3>\n<p>Instagram si aprir\u00e0 e il cliente potr\u00e0 seguirti direttamente. Cos\u00ec facile Avviso:<br \/>\nTieni presente che per ottenere follower \u00e8 necessario un profilo Instagram.<\/p>\n<p>&nbsp;<\/p>\n","protected":false},"excerpt":{"rendered":"<p>Trasforma i tuoi clienti in follower Instagram con gli adesivi personalizzati Seguici su Instagram con il nome del proprio profilo e il collegamento QR scansionabile al tuo profilo Instagram.<\/p>\n<p>-Adatto per uso interno ed esterno<br \/>\n\u2013 Resistente agli agenti atmosferici<br \/>\n-Adatto a qualsiasi superficie liscia<br \/>\n-Per negozi al dettaglio, porte o come adesivo Instagram per auto<br \/>\n-Mostra ai tuoi clienti che possono trovarti anche su Instagram<br \/>\n\u2013 Fatto individualmente per te<br \/>\n-Disponibile in tre dimensioni<\/p>\n<p>Collegheremo per te il codice QR al tuo profilo Instagram!<br \/>\nAggiungi il tuo nome utente pi\u00f9 avanti nel processo di ordinazione, ad es. \u201c@La tua azienda\u201d.<\/p>\n","protected":false},"featured_media":93287,"comment_status":"open","ping_status":"closed","template":"","meta":{"_acf_changed":false,"_yoast_wpseo_focuskw":"Instagram QR Code Adesivo","_yoast_wpseo_title":"Follow us on Instagram Sticker Color | truzzer","_yoast_wpseo_metadesc":"Pi\u00f9 follower Instagram con Follow us on Instagram Sticker Color di truzzer. Facile da configurare, pronto all'uso. Ordina ora!"},"product_brand":[1664],"product_cat":[493,492,839,840,825],"product_tag":[],"class_list":{"0":"post-93286","1":"product","2":"type-product","3":"status-publish","4":"has-post-thumbnail","6":"product_brand-instagram","7":"product_cat-codice-qr-adesivi","8":"product_cat-codice-qr-prodotti","9":"product_cat-follower-instagram-adesivi","10":"product_cat-follower-instagram-adesivi-con-codice-qr","11":"product_cat-follower-instagram-prodotti","12":"pa_product-type-adesivo","13":"pa_shape-rondo","14":"pa_technology-codice-qr","16":"first","17":"instock","18":"taxable","19":"shipping-taxable","20":"purchasable","21":"product-type-variable","22":"has-default-attributes"},"acf":[],"yoast_head":"<!-- This site is optimized with the Yoast SEO plugin v27.0 - https:\/\/yoast.com\/product\/yoast-seo-wordpress\/ -->\n<title>Follow us on Instagram Sticker Color | truzzer<\/title>\n<meta name=\"description\" content=\"Pi\u00f9 follower Instagram con Follow us on Instagram Sticker Color di truzzer. Facile da configurare, pronto all&#039;uso. Ordina ora!\" \/>\n<meta name=\"robots\" content=\"index, follow, max-snippet:-1, max-image-preview:large, max-video-preview:-1\" \/>\n<link rel=\"canonical\" href=\"https:\/\/www.truzzer.com\/it\/prodotto\/seguici-su-instagram-colore-adesivo\/\" \/>\n<meta property=\"og:locale\" content=\"it_IT\" \/>\n<meta property=\"og:type\" content=\"article\" \/>\n<meta property=\"og:title\" content=\"Follow us on Instagram Sticker Color | truzzer\" \/>\n<meta property=\"og:description\" content=\"Pi\u00f9 follower Instagram con Follow us on Instagram Sticker Color di truzzer. Facile da configurare, pronto all&#039;uso. Ordina ora!\" \/>\n<meta property=\"og:url\" content=\"https:\/\/www.truzzer.com\/it\/prodotto\/seguici-su-instagram-colore-adesivo\/\" \/>\n<meta property=\"og:site_name\" content=\"truzzer\" \/>\n<meta property=\"article:modified_time\" content=\"2026-02-13T09:53:57+00:00\" \/>\n<meta property=\"og:image\" content=\"https:\/\/www.truzzer.com\/wp-content\/uploads\/2026\/02\/follow-us-on-instagram-sticker-qr-code-truzzer-1-von-6-4.jpg\" \/>\n\t<meta property=\"og:image:width\" content=\"1400\" \/>\n\t<meta property=\"og:image:height\" content=\"1400\" \/>\n\t<meta property=\"og:image:type\" content=\"image\/jpeg\" \/>\n<meta name=\"twitter:card\" content=\"summary_large_image\" \/>\n<meta name=\"twitter:label1\" content=\"Tempo di lettura stimato\" \/>\n\t<meta name=\"twitter:data1\" content=\"4 minuti\" \/>\n<script type=\"application\/ld+json\" class=\"yoast-schema-graph\">{\"@context\":\"https:\/\/schema.org\",\"@graph\":[{\"@type\":\"WebPage\",\"@id\":\"https:\/\/www.truzzer.com\/it\/prodotto\/seguici-su-instagram-colore-adesivo\/\",\"url\":\"https:\/\/www.truzzer.com\/it\/prodotto\/seguici-su-instagram-colore-adesivo\/\",\"name\":\"Follow us on Instagram Sticker Color | truzzer\",\"isPartOf\":{\"@id\":\"https:\/\/www.truzzer.com\/it\/#website\"},\"primaryImageOfPage\":{\"@id\":\"https:\/\/www.truzzer.com\/it\/prodotto\/seguici-su-instagram-colore-adesivo\/#primaryimage\"},\"image\":{\"@id\":\"https:\/\/www.truzzer.com\/it\/prodotto\/seguici-su-instagram-colore-adesivo\/#primaryimage\"},\"thumbnailUrl\":\"https:\/\/www.truzzer.com\/wp-content\/uploads\/2026\/02\/follow-us-on-instagram-sticker-qr-code-truzzer-1-von-6-4.jpg\",\"datePublished\":\"2026-02-01T20:10:57+00:00\",\"dateModified\":\"2026-02-13T09:53:57+00:00\",\"description\":\"Pi\u00f9 follower Instagram con Follow us on Instagram Sticker Color di truzzer. Facile da configurare, pronto all'uso. Ordina ora!\",\"breadcrumb\":{\"@id\":\"https:\/\/www.truzzer.com\/it\/prodotto\/seguici-su-instagram-colore-adesivo\/#breadcrumb\"},\"inLanguage\":\"it-IT\",\"potentialAction\":[{\"@type\":\"ReadAction\",\"target\":[\"https:\/\/www.truzzer.com\/it\/prodotto\/seguici-su-instagram-colore-adesivo\/\"]}]},{\"@type\":\"ImageObject\",\"inLanguage\":\"it-IT\",\"@id\":\"https:\/\/www.truzzer.com\/it\/prodotto\/seguici-su-instagram-colore-adesivo\/#primaryimage\",\"url\":\"https:\/\/www.truzzer.com\/wp-content\/uploads\/2026\/02\/follow-us-on-instagram-sticker-qr-code-truzzer-1-von-6-4.jpg\",\"contentUrl\":\"https:\/\/www.truzzer.com\/wp-content\/uploads\/2026\/02\/follow-us-on-instagram-sticker-qr-code-truzzer-1-von-6-4.jpg\",\"width\":1400,\"height\":1400},{\"@type\":\"BreadcrumbList\",\"@id\":\"https:\/\/www.truzzer.com\/it\/prodotto\/seguici-su-instagram-colore-adesivo\/#breadcrumb\",\"itemListElement\":[{\"@type\":\"ListItem\",\"position\":1,\"name\":\"Home\",\"item\":\"https:\/\/www.truzzer.com\/it\/\"},{\"@type\":\"ListItem\",\"position\":2,\"name\":\"Negozio\",\"item\":\"https:\/\/www.truzzer.com\/it\/shop\/\"},{\"@type\":\"ListItem\",\"position\":3,\"name\":\"Seguici su Instagram Colore adesivo\"}]},{\"@type\":\"WebSite\",\"@id\":\"https:\/\/www.truzzer.com\/it\/#website\",\"url\":\"https:\/\/www.truzzer.com\/it\/\",\"name\":\"truzzer\",\"description\":\"Experts for customer trust\",\"publisher\":{\"@id\":\"https:\/\/www.truzzer.com\/it\/#organization\"},\"potentialAction\":[{\"@type\":\"SearchAction\",\"target\":{\"@type\":\"EntryPoint\",\"urlTemplate\":\"https:\/\/www.truzzer.com\/it\/?s={search_term_string}\"},\"query-input\":{\"@type\":\"PropertyValueSpecification\",\"valueRequired\":true,\"valueName\":\"search_term_string\"}}],\"inLanguage\":\"it-IT\"},{\"@type\":\"Organization\",\"@id\":\"https:\/\/www.truzzer.com\/it\/#organization\",\"name\":\"truzzer\",\"url\":\"https:\/\/www.truzzer.com\/it\/\",\"logo\":{\"@type\":\"ImageObject\",\"inLanguage\":\"it-IT\",\"@id\":\"https:\/\/www.truzzer.com\/it\/#\/schema\/logo\/image\/\",\"url\":\"https:\/\/truzzer.com\/wp-content\/uploads\/2026\/01\/truzzer-logo-black-1.svg\",\"contentUrl\":\"https:\/\/truzzer.com\/wp-content\/uploads\/2026\/01\/truzzer-logo-black-1.svg\",\"width\":938,\"height\":199,\"caption\":\"truzzer\"},\"image\":{\"@id\":\"https:\/\/www.truzzer.com\/it\/#\/schema\/logo\/image\/\"}}]}<\/script>\n<!-- \/ Yoast SEO plugin. -->","yoast_head_json":{"title":"Follow us on Instagram Sticker Color | truzzer","description":"Pi\u00f9 follower Instagram con Follow us on Instagram Sticker Color di truzzer. Facile da configurare, pronto all'uso. Ordina ora!","robots":{"index":"index","follow":"follow","max-snippet":"max-snippet:-1","max-image-preview":"max-image-preview:large","max-video-preview":"max-video-preview:-1"},"canonical":"https:\/\/www.truzzer.com\/it\/prodotto\/seguici-su-instagram-colore-adesivo\/","og_locale":"it_IT","og_type":"article","og_title":"Follow us on Instagram Sticker Color | truzzer","og_description":"Pi\u00f9 follower Instagram con Follow us on Instagram Sticker Color di truzzer. Facile da configurare, pronto all'uso. Ordina ora!","og_url":"https:\/\/www.truzzer.com\/it\/prodotto\/seguici-su-instagram-colore-adesivo\/","og_site_name":"truzzer","article_modified_time":"2026-02-13T09:53:57+00:00","og_image":[{"width":1400,"height":1400,"url":"https:\/\/www.truzzer.com\/wp-content\/uploads\/2026\/02\/follow-us-on-instagram-sticker-qr-code-truzzer-1-von-6-4.jpg","type":"image\/jpeg"}],"twitter_card":"summary_large_image","twitter_misc":{"Tempo di lettura stimato":"4 minuti"},"schema":{"@context":"https:\/\/schema.org","@graph":[{"@type":"WebPage","@id":"https:\/\/www.truzzer.com\/it\/prodotto\/seguici-su-instagram-colore-adesivo\/","url":"https:\/\/www.truzzer.com\/it\/prodotto\/seguici-su-instagram-colore-adesivo\/","name":"Follow us on Instagram Sticker Color | truzzer","isPartOf":{"@id":"https:\/\/www.truzzer.com\/it\/#website"},"primaryImageOfPage":{"@id":"https:\/\/www.truzzer.com\/it\/prodotto\/seguici-su-instagram-colore-adesivo\/#primaryimage"},"image":{"@id":"https:\/\/www.truzzer.com\/it\/prodotto\/seguici-su-instagram-colore-adesivo\/#primaryimage"},"thumbnailUrl":"https:\/\/www.truzzer.com\/wp-content\/uploads\/2026\/02\/follow-us-on-instagram-sticker-qr-code-truzzer-1-von-6-4.jpg","datePublished":"2026-02-01T20:10:57+00:00","dateModified":"2026-02-13T09:53:57+00:00","description":"Pi\u00f9 follower Instagram con Follow us on Instagram Sticker Color di truzzer. Facile da configurare, pronto all'uso. Ordina ora!","breadcrumb":{"@id":"https:\/\/www.truzzer.com\/it\/prodotto\/seguici-su-instagram-colore-adesivo\/#breadcrumb"},"inLanguage":"it-IT","potentialAction":[{"@type":"ReadAction","target":["https:\/\/www.truzzer.com\/it\/prodotto\/seguici-su-instagram-colore-adesivo\/"]}]},{"@type":"ImageObject","inLanguage":"it-IT","@id":"https:\/\/www.truzzer.com\/it\/prodotto\/seguici-su-instagram-colore-adesivo\/#primaryimage","url":"https:\/\/www.truzzer.com\/wp-content\/uploads\/2026\/02\/follow-us-on-instagram-sticker-qr-code-truzzer-1-von-6-4.jpg","contentUrl":"https:\/\/www.truzzer.com\/wp-content\/uploads\/2026\/02\/follow-us-on-instagram-sticker-qr-code-truzzer-1-von-6-4.jpg","width":1400,"height":1400},{"@type":"BreadcrumbList","@id":"https:\/\/www.truzzer.com\/it\/prodotto\/seguici-su-instagram-colore-adesivo\/#breadcrumb","itemListElement":[{"@type":"ListItem","position":1,"name":"Home","item":"https:\/\/www.truzzer.com\/it\/"},{"@type":"ListItem","position":2,"name":"Negozio","item":"https:\/\/www.truzzer.com\/it\/shop\/"},{"@type":"ListItem","position":3,"name":"Seguici su Instagram Colore adesivo"}]},{"@type":"WebSite","@id":"https:\/\/www.truzzer.com\/it\/#website","url":"https:\/\/www.truzzer.com\/it\/","name":"truzzer","description":"Experts for customer trust","publisher":{"@id":"https:\/\/www.truzzer.com\/it\/#organization"},"potentialAction":[{"@type":"SearchAction","target":{"@type":"EntryPoint","urlTemplate":"https:\/\/www.truzzer.com\/it\/?s={search_term_string}"},"query-input":{"@type":"PropertyValueSpecification","valueRequired":true,"valueName":"search_term_string"}}],"inLanguage":"it-IT"},{"@type":"Organization","@id":"https:\/\/www.truzzer.com\/it\/#organization","name":"truzzer","url":"https:\/\/www.truzzer.com\/it\/","logo":{"@type":"ImageObject","inLanguage":"it-IT","@id":"https:\/\/www.truzzer.com\/it\/#\/schema\/logo\/image\/","url":"https:\/\/truzzer.com\/wp-content\/uploads\/2026\/01\/truzzer-logo-black-1.svg","contentUrl":"https:\/\/truzzer.com\/wp-content\/uploads\/2026\/01\/truzzer-logo-black-1.svg","width":938,"height":199,"caption":"truzzer"},"image":{"@id":"https:\/\/www.truzzer.com\/it\/#\/schema\/logo\/image\/"}}]}},"tiered_pricing_type":"fixed","tiered_pricing_fixed_rules":[],"tiered_pricing_product_settings":{"layout":"default","base_unit_name":{"singular":null,"plural":null},"default_variation":null},"tiered_pricing_minimum_quantity":null,"tiered_pricing_roles_data":[],"tiered_pricing_percentage_rules":[],"tiered_pricing_maximum_quantity":null,"tiered_pricing_quantity_step":null,"_links":{"self":[{"href":"https:\/\/www.truzzer.com\/it\/wp-json\/wp\/v2\/product\/93286","targetHints":{"allow":["GET"]}}],"collection":[{"href":"https:\/\/www.truzzer.com\/it\/wp-json\/wp\/v2\/product"}],"about":[{"href":"https:\/\/www.truzzer.com\/it\/wp-json\/wp\/v2\/types\/product"}],"replies":[{"embeddable":true,"href":"https:\/\/www.truzzer.com\/it\/wp-json\/wp\/v2\/comments?post=93286"}],"wp:featuredmedia":[{"embeddable":true,"href":"https:\/\/www.truzzer.com\/it\/wp-json\/wp\/v2\/media\/93287"}],"wp:attachment":[{"href":"https:\/\/www.truzzer.com\/it\/wp-json\/wp\/v2\/media?parent=93286"}],"wp:term":[{"taxonomy":"product_brand","embeddable":true,"href":"https:\/\/www.truzzer.com\/it\/wp-json\/wp\/v2\/product_brand?post=93286"},{"taxonomy":"product_cat","embeddable":true,"href":"https:\/\/www.truzzer.com\/it\/wp-json\/wp\/v2\/product_cat?post=93286"},{"taxonomy":"product_tag","embeddable":true,"href":"https:\/\/www.truzzer.com\/it\/wp-json\/wp\/v2\/product_tag?post=93286"}],"curies":[{"name":"wp","href":"https:\/\/api.w.org\/{rel}","templated":true}]}}