{"id":93326,"date":"2026-02-01T20:10:48","date_gmt":"2026-02-01T20:10:48","guid":{"rendered":"https:\/\/beta.truzzer.com\/product\/scrivici-una-recensione-sul-biglietto-da-visita-di-google-minimal\/"},"modified":"2026-02-13T09:54:28","modified_gmt":"2026-02-13T09:54:28","slug":"scrivici-una-recensione-sul-biglietto-da-visita-di-google-minimal","status":"publish","type":"product","link":"https:\/\/www.truzzer.com\/it\/prodotto\/scrivici-una-recensione-sul-biglietto-da-visita-di-google-minimal\/","title":{"rendered":"Scrivici una recensione sul biglietto da visita Google &#8220;Minimal&#8221;"},"content":{"rendered":"<h2>Ottieni facilmente pi\u00f9 recensioni Google dai clienti<\/h2>\n<p>Con i <strong>biglietti da visita truzzer Google<\/strong> puoi ottenere recensioni positive dai tuoi clienti soddisfatti pi\u00f9 velocemente e migliorare la tua immagine e reputazione.<br \/>\nInoltre, aumenti il legame con la tua azienda e il tuo posizionamento SEO attraverso le valutazioni positive.<\/p>\n<p>Nel pratico formato biglietto da visita hai sempre la possibilit\u00e0 di avere pi\u00f9 valutazioni Google B a portata di mano e di rendere la valutazione online accessibile ai tuoi clienti in qualsiasi momento.<br \/>\nRegala ai tuoi clienti i biglietti da visita truzzer Google, mettili nella borsa della spesa, spediscili insieme ai tuoi prodotti o posizionali sui tavoli del ristorante. <strong>Fatto<\/strong>.<\/p>\n<p>Il codice QR porta i clienti direttamente alla tua valutazione Google SENZA doverti prima cercare su Google. In questo modo eviterai salti nella valutazione Google.<\/p>\n<p>Puoi personalizzare facilmente i Biglietti da visita Google con il tuo logo e adattarli alla tua azienda.<\/p>\n<p>Le recensioni sui prodotti Google sono di facile utilizzo, che vorremmo mostrarvi di seguito utilizzando l&#8217;esempio delle schede di valutazione.<\/p>\n<h3>Passaggio 1: il cliente esegue la scansione del codice QR<\/h3>\n<p>Per valutarti, il cliente deve solo scansionare il codice QR. Tutto quello che devi fare \u00e8 tenere la fotocamera dello smartphone sopra il prodotto.<\/p>\n<p><img decoding=\"async\" class=\"alignleft wp-image-13570 size-full\" src=\"https:\/\/truzzer.com\/wp-content\/uploads\/2021\/01\/truzzer-google-bewertung-scan-1.jpg\" alt=\"\" larghezza=\"1200\" altezza=\"792\" \/><\/p>\n<p>Sullo schermo verr\u00e0 quindi visualizzato un popup (iPhone) o verr\u00e0 visualizzato un codice QR (smartphone Android\/Google).<\/p>\n<h3>Passaggio 2: il cliente va direttamente al modulo di valutazione<\/h3>\n<p>Si aprir\u00e0 quindi il modulo di valutazione e il cliente potr\u00e0 valutarti. Cos\u00ec facile.<\/p>\n<p><img decoding=\"async\" class=\"alignleft wp-image-13571 size-full\" src=\"https:\/\/truzzer.com\/wp-content\/uploads\/2021\/01\/truzzer-google-bewertung-scan-2.jpg\" alt=\"\" larghezza=\"1200\" altezza=\"792\" \/><\/p>\n<p><strong>Nota<\/strong>:<br \/>\nTieni presente che \u00e8 necessario che il tuo profilo Google My Business venga esaminato.<br \/>\nSe non ne hai uno, puoi farne creare uno dai nostri esperti.<strong> <a class=\"\" href=\"https:\/\/www.truzzer.com\/produkt\/google-my-business-einrichtung\/\" target=\"_blank\" rel=\"noopener noreferrer\">Fai clic qui<\/a> dopo <\/strong>aver aggiunto il tuo biglietto da visita Google al carrello.<\/p>\n","protected":false},"excerpt":{"rendered":"<p><strong>Permetti ai tuoi clienti di recensirti facilmente su Google!<\/strong><\/p>\n<p>Con Google &#8220;Minimal&#8221; biglietti da visita dal design ridotto e accattivante, che si adattano a qualsiasi azienda, puoi facilmente vincere nuove recensioni Google ovunque.<br \/>\nIn un pratico formato biglietto da visita, il &#8220;Reviewus on Google&#8221; i biglietti da visita sono ideali per chi viaggia molto per lavoro &#8211; per esempio. per artigiani e venditori.<\/p>\n<p>Creeremo e collegheremo per te il codice QR per la valutazione diretta sul tuo profilo Google! Prendiamo queste informazioni dall&#8217;indirizzo della tua azienda.<br \/>\nPuoi trovare ulteriori informazioni su come le mappe ti aiutano qui: <a href=\"#tab-description\"><\/a><\/p>\n","protected":false},"featured_media":93327,"comment_status":"open","ping_status":"closed","template":"","meta":{"_acf_changed":false,"_yoast_wpseo_focuskw":"Recensione Google Biglietto da visita","_yoast_wpseo_title":"Review us on Google business card \u201cMinimal\u201d | truzzer","_yoast_wpseo_metadesc":"Pi\u00f9 recensioni Google a 5 stelle con Review us on Google business card \u201cMinimal\u201d di truzzer. Facile da configurare, pronto all'uso. Ordina ora!"},"product_brand":[1653],"product_cat":[600,758,492,811,812,755],"product_tag":[],"class_list":{"0":"post-93326","1":"product","2":"type-product","3":"status-publish","4":"has-post-thumbnail","6":"product_brand-google","7":"product_cat-codice-qr-biglietti-da-visita","8":"product_cat-codice-qr-carte","9":"product_cat-codice-qr-prodotti","10":"product_cat-recensione-google-biglietti-da-visita","11":"product_cat-recensione-google-biglietti-da-visita-con-codice-qr","12":"product_cat-recensione-google-prodotti","13":"pa_industry-consulenza-burocratica","14":"pa_industry-locali-diensten","15":"pa_industry-onroerend-goed","16":"pa_material-karton","17":"pa_placement-balie-receptie","18":"pa_placement-opuscolo","19":"pa_placement-portemonnee-personale","20":"pa_product-type-kaarten","21":"pa_product-type-visitekaartjes","22":"pa_shape-rechthoek","23":"pa_technology-codice-qr","24":"pa_technology-qr-code","26":"first","27":"instock","28":"taxable","29":"shipping-taxable","30":"purchasable","31":"product-type-simple"},"acf":[],"yoast_head":"<!-- This site is optimized with the Yoast SEO plugin v27.0 - https:\/\/yoast.com\/product\/yoast-seo-wordpress\/ -->\n<title>Review us on Google business card \u201cMinimal\u201d | truzzer<\/title>\n<meta name=\"description\" content=\"Pi\u00f9 recensioni Google a 5 stelle con Review us on Google business card \u201cMinimal\u201d di truzzer. Facile da configurare, pronto all&#039;uso. Ordina ora!\" \/>\n<meta name=\"robots\" content=\"index, follow, max-snippet:-1, max-image-preview:large, max-video-preview:-1\" \/>\n<link rel=\"canonical\" href=\"https:\/\/www.truzzer.com\/it\/prodotto\/scrivici-una-recensione-sul-biglietto-da-visita-di-google-minimal\/\" \/>\n<meta property=\"og:locale\" content=\"it_IT\" \/>\n<meta property=\"og:type\" content=\"article\" \/>\n<meta property=\"og:title\" content=\"Review us on Google business card \u201cMinimal\u201d | truzzer\" \/>\n<meta property=\"og:description\" content=\"Pi\u00f9 recensioni Google a 5 stelle con Review us on Google business card \u201cMinimal\u201d di truzzer. Facile da configurare, pronto all&#039;uso. Ordina ora!\" \/>\n<meta property=\"og:url\" content=\"https:\/\/www.truzzer.com\/it\/prodotto\/scrivici-una-recensione-sul-biglietto-da-visita-di-google-minimal\/\" \/>\n<meta property=\"og:site_name\" content=\"truzzer\" \/>\n<meta property=\"article:modified_time\" content=\"2026-02-13T09:54:28+00:00\" \/>\n<meta property=\"og:image\" content=\"https:\/\/www.truzzer.com\/wp-content\/uploads\/2026\/02\/Google-business-card-minimal-front-truzzer-both-4.jpg\" \/>\n\t<meta property=\"og:image:width\" content=\"1200\" \/>\n\t<meta property=\"og:image:height\" content=\"1200\" \/>\n\t<meta property=\"og:image:type\" content=\"image\/jpeg\" \/>\n<meta name=\"twitter:card\" content=\"summary_large_image\" \/>\n<meta name=\"twitter:label1\" content=\"Tempo di lettura stimato\" \/>\n\t<meta name=\"twitter:data1\" content=\"1 minuto\" \/>\n<script type=\"application\/ld+json\" class=\"yoast-schema-graph\">{\"@context\":\"https:\/\/schema.org\",\"@graph\":[{\"@type\":\"WebPage\",\"@id\":\"https:\/\/www.truzzer.com\/it\/prodotto\/scrivici-una-recensione-sul-biglietto-da-visita-di-google-minimal\/\",\"url\":\"https:\/\/www.truzzer.com\/it\/prodotto\/scrivici-una-recensione-sul-biglietto-da-visita-di-google-minimal\/\",\"name\":\"Review us on Google business card \u201cMinimal\u201d | truzzer\",\"isPartOf\":{\"@id\":\"https:\/\/www.truzzer.com\/it\/#website\"},\"primaryImageOfPage\":{\"@id\":\"https:\/\/www.truzzer.com\/it\/prodotto\/scrivici-una-recensione-sul-biglietto-da-visita-di-google-minimal\/#primaryimage\"},\"image\":{\"@id\":\"https:\/\/www.truzzer.com\/it\/prodotto\/scrivici-una-recensione-sul-biglietto-da-visita-di-google-minimal\/#primaryimage\"},\"thumbnailUrl\":\"https:\/\/www.truzzer.com\/wp-content\/uploads\/2026\/02\/Google-business-card-minimal-front-truzzer-both-4.jpg\",\"datePublished\":\"2026-02-01T20:10:48+00:00\",\"dateModified\":\"2026-02-13T09:54:28+00:00\",\"description\":\"Pi\u00f9 recensioni Google a 5 stelle con Review us on Google business card \u201cMinimal\u201d di truzzer. Facile da configurare, pronto all'uso. Ordina ora!\",\"breadcrumb\":{\"@id\":\"https:\/\/www.truzzer.com\/it\/prodotto\/scrivici-una-recensione-sul-biglietto-da-visita-di-google-minimal\/#breadcrumb\"},\"inLanguage\":\"it-IT\",\"potentialAction\":[{\"@type\":\"ReadAction\",\"target\":[\"https:\/\/www.truzzer.com\/it\/prodotto\/scrivici-una-recensione-sul-biglietto-da-visita-di-google-minimal\/\"]}]},{\"@type\":\"ImageObject\",\"inLanguage\":\"it-IT\",\"@id\":\"https:\/\/www.truzzer.com\/it\/prodotto\/scrivici-una-recensione-sul-biglietto-da-visita-di-google-minimal\/#primaryimage\",\"url\":\"https:\/\/www.truzzer.com\/wp-content\/uploads\/2026\/02\/Google-business-card-minimal-front-truzzer-both-4.jpg\",\"contentUrl\":\"https:\/\/www.truzzer.com\/wp-content\/uploads\/2026\/02\/Google-business-card-minimal-front-truzzer-both-4.jpg\",\"width\":1200,\"height\":1200},{\"@type\":\"BreadcrumbList\",\"@id\":\"https:\/\/www.truzzer.com\/it\/prodotto\/scrivici-una-recensione-sul-biglietto-da-visita-di-google-minimal\/#breadcrumb\",\"itemListElement\":[{\"@type\":\"ListItem\",\"position\":1,\"name\":\"Home\",\"item\":\"https:\/\/www.truzzer.com\/it\/\"},{\"@type\":\"ListItem\",\"position\":2,\"name\":\"Negozio\",\"item\":\"https:\/\/www.truzzer.com\/it\/shop\/\"},{\"@type\":\"ListItem\",\"position\":3,\"name\":\"Scrivici una recensione sul biglietto da visita Google &#8220;Minimal&#8221;\"}]},{\"@type\":\"WebSite\",\"@id\":\"https:\/\/www.truzzer.com\/it\/#website\",\"url\":\"https:\/\/www.truzzer.com\/it\/\",\"name\":\"truzzer\",\"description\":\"Experts for customer trust\",\"publisher\":{\"@id\":\"https:\/\/www.truzzer.com\/it\/#organization\"},\"potentialAction\":[{\"@type\":\"SearchAction\",\"target\":{\"@type\":\"EntryPoint\",\"urlTemplate\":\"https:\/\/www.truzzer.com\/it\/?s={search_term_string}\"},\"query-input\":{\"@type\":\"PropertyValueSpecification\",\"valueRequired\":true,\"valueName\":\"search_term_string\"}}],\"inLanguage\":\"it-IT\"},{\"@type\":\"Organization\",\"@id\":\"https:\/\/www.truzzer.com\/it\/#organization\",\"name\":\"truzzer\",\"url\":\"https:\/\/www.truzzer.com\/it\/\",\"logo\":{\"@type\":\"ImageObject\",\"inLanguage\":\"it-IT\",\"@id\":\"https:\/\/www.truzzer.com\/it\/#\/schema\/logo\/image\/\",\"url\":\"https:\/\/truzzer.com\/wp-content\/uploads\/2026\/01\/truzzer-logo-black-1.svg\",\"contentUrl\":\"https:\/\/truzzer.com\/wp-content\/uploads\/2026\/01\/truzzer-logo-black-1.svg\",\"width\":938,\"height\":199,\"caption\":\"truzzer\"},\"image\":{\"@id\":\"https:\/\/www.truzzer.com\/it\/#\/schema\/logo\/image\/\"}}]}<\/script>\n<!-- \/ Yoast SEO plugin. -->","yoast_head_json":{"title":"Review us on Google business card \u201cMinimal\u201d | truzzer","description":"Pi\u00f9 recensioni Google a 5 stelle con Review us on Google business card \u201cMinimal\u201d di truzzer. Facile da configurare, pronto all'uso. Ordina ora!","robots":{"index":"index","follow":"follow","max-snippet":"max-snippet:-1","max-image-preview":"max-image-preview:large","max-video-preview":"max-video-preview:-1"},"canonical":"https:\/\/www.truzzer.com\/it\/prodotto\/scrivici-una-recensione-sul-biglietto-da-visita-di-google-minimal\/","og_locale":"it_IT","og_type":"article","og_title":"Review us on Google business card \u201cMinimal\u201d | truzzer","og_description":"Pi\u00f9 recensioni Google a 5 stelle con Review us on Google business card \u201cMinimal\u201d di truzzer. Facile da configurare, pronto all'uso. Ordina ora!","og_url":"https:\/\/www.truzzer.com\/it\/prodotto\/scrivici-una-recensione-sul-biglietto-da-visita-di-google-minimal\/","og_site_name":"truzzer","article_modified_time":"2026-02-13T09:54:28+00:00","og_image":[{"width":1200,"height":1200,"url":"https:\/\/www.truzzer.com\/wp-content\/uploads\/2026\/02\/Google-business-card-minimal-front-truzzer-both-4.jpg","type":"image\/jpeg"}],"twitter_card":"summary_large_image","twitter_misc":{"Tempo di lettura stimato":"1 minuto"},"schema":{"@context":"https:\/\/schema.org","@graph":[{"@type":"WebPage","@id":"https:\/\/www.truzzer.com\/it\/prodotto\/scrivici-una-recensione-sul-biglietto-da-visita-di-google-minimal\/","url":"https:\/\/www.truzzer.com\/it\/prodotto\/scrivici-una-recensione-sul-biglietto-da-visita-di-google-minimal\/","name":"Review us on Google business card \u201cMinimal\u201d | truzzer","isPartOf":{"@id":"https:\/\/www.truzzer.com\/it\/#website"},"primaryImageOfPage":{"@id":"https:\/\/www.truzzer.com\/it\/prodotto\/scrivici-una-recensione-sul-biglietto-da-visita-di-google-minimal\/#primaryimage"},"image":{"@id":"https:\/\/www.truzzer.com\/it\/prodotto\/scrivici-una-recensione-sul-biglietto-da-visita-di-google-minimal\/#primaryimage"},"thumbnailUrl":"https:\/\/www.truzzer.com\/wp-content\/uploads\/2026\/02\/Google-business-card-minimal-front-truzzer-both-4.jpg","datePublished":"2026-02-01T20:10:48+00:00","dateModified":"2026-02-13T09:54:28+00:00","description":"Pi\u00f9 recensioni Google a 5 stelle con Review us on Google business card \u201cMinimal\u201d di truzzer. Facile da configurare, pronto all'uso. Ordina ora!","breadcrumb":{"@id":"https:\/\/www.truzzer.com\/it\/prodotto\/scrivici-una-recensione-sul-biglietto-da-visita-di-google-minimal\/#breadcrumb"},"inLanguage":"it-IT","potentialAction":[{"@type":"ReadAction","target":["https:\/\/www.truzzer.com\/it\/prodotto\/scrivici-una-recensione-sul-biglietto-da-visita-di-google-minimal\/"]}]},{"@type":"ImageObject","inLanguage":"it-IT","@id":"https:\/\/www.truzzer.com\/it\/prodotto\/scrivici-una-recensione-sul-biglietto-da-visita-di-google-minimal\/#primaryimage","url":"https:\/\/www.truzzer.com\/wp-content\/uploads\/2026\/02\/Google-business-card-minimal-front-truzzer-both-4.jpg","contentUrl":"https:\/\/www.truzzer.com\/wp-content\/uploads\/2026\/02\/Google-business-card-minimal-front-truzzer-both-4.jpg","width":1200,"height":1200},{"@type":"BreadcrumbList","@id":"https:\/\/www.truzzer.com\/it\/prodotto\/scrivici-una-recensione-sul-biglietto-da-visita-di-google-minimal\/#breadcrumb","itemListElement":[{"@type":"ListItem","position":1,"name":"Home","item":"https:\/\/www.truzzer.com\/it\/"},{"@type":"ListItem","position":2,"name":"Negozio","item":"https:\/\/www.truzzer.com\/it\/shop\/"},{"@type":"ListItem","position":3,"name":"Scrivici una recensione sul biglietto da visita Google &#8220;Minimal&#8221;"}]},{"@type":"WebSite","@id":"https:\/\/www.truzzer.com\/it\/#website","url":"https:\/\/www.truzzer.com\/it\/","name":"truzzer","description":"Experts for customer trust","publisher":{"@id":"https:\/\/www.truzzer.com\/it\/#organization"},"potentialAction":[{"@type":"SearchAction","target":{"@type":"EntryPoint","urlTemplate":"https:\/\/www.truzzer.com\/it\/?s={search_term_string}"},"query-input":{"@type":"PropertyValueSpecification","valueRequired":true,"valueName":"search_term_string"}}],"inLanguage":"it-IT"},{"@type":"Organization","@id":"https:\/\/www.truzzer.com\/it\/#organization","name":"truzzer","url":"https:\/\/www.truzzer.com\/it\/","logo":{"@type":"ImageObject","inLanguage":"it-IT","@id":"https:\/\/www.truzzer.com\/it\/#\/schema\/logo\/image\/","url":"https:\/\/truzzer.com\/wp-content\/uploads\/2026\/01\/truzzer-logo-black-1.svg","contentUrl":"https:\/\/truzzer.com\/wp-content\/uploads\/2026\/01\/truzzer-logo-black-1.svg","width":938,"height":199,"caption":"truzzer"},"image":{"@id":"https:\/\/www.truzzer.com\/it\/#\/schema\/logo\/image\/"}}]}},"tiered_pricing_type":"fixed","tiered_pricing_fixed_rules":[],"tiered_pricing_product_settings":{"layout":"default","base_unit_name":{"singular":null,"plural":null},"default_variation":null},"tiered_pricing_minimum_quantity":null,"tiered_pricing_roles_data":[],"tiered_pricing_percentage_rules":[],"tiered_pricing_maximum_quantity":null,"tiered_pricing_quantity_step":null,"_links":{"self":[{"href":"https:\/\/www.truzzer.com\/it\/wp-json\/wp\/v2\/product\/93326","targetHints":{"allow":["GET"]}}],"collection":[{"href":"https:\/\/www.truzzer.com\/it\/wp-json\/wp\/v2\/product"}],"about":[{"href":"https:\/\/www.truzzer.com\/it\/wp-json\/wp\/v2\/types\/product"}],"replies":[{"embeddable":true,"href":"https:\/\/www.truzzer.com\/it\/wp-json\/wp\/v2\/comments?post=93326"}],"wp:featuredmedia":[{"embeddable":true,"href":"https:\/\/www.truzzer.com\/it\/wp-json\/wp\/v2\/media\/93327"}],"wp:attachment":[{"href":"https:\/\/www.truzzer.com\/it\/wp-json\/wp\/v2\/media?parent=93326"}],"wp:term":[{"taxonomy":"product_brand","embeddable":true,"href":"https:\/\/www.truzzer.com\/it\/wp-json\/wp\/v2\/product_brand?post=93326"},{"taxonomy":"product_cat","embeddable":true,"href":"https:\/\/www.truzzer.com\/it\/wp-json\/wp\/v2\/product_cat?post=93326"},{"taxonomy":"product_tag","embeddable":true,"href":"https:\/\/www.truzzer.com\/it\/wp-json\/wp\/v2\/product_tag?post=93326"}],"curies":[{"name":"wp","href":"https:\/\/api.w.org\/{rel}","templated":true}]}}