{"id":93883,"date":"2026-02-01T20:08:13","date_gmt":"2026-02-01T20:08:13","guid":{"rendered":"https:\/\/beta.truzzer.com\/product\/follow-us-on-instagram-package\/"},"modified":"2026-02-13T08:03:43","modified_gmt":"2026-02-13T08:03:43","slug":"follow-us-on-instagram-package","status":"publish","type":"product","link":"https:\/\/www.truzzer.com\/it\/prodotto\/follow-us-on-instagram-package\/","title":{"rendered":"Seguici sul pacchetto Instagram"},"content":{"rendered":"<h2>Trasforma semplicemente i clienti in follower<\/h2>\n<p>Il pacchetto truzzer Instagram composto dai bestseller assoluti del nostro negozio: 100 seguici su biglietti da visita Instagram &#8220;colore&#8221; e 5 adesivi Instagram con un diametro di 14,8 cm.<\/p>\n<p>I biglietti da visita sono personalizzati con il tuo logo, gli adesivi con il tuo nome utente e il codice QR porta direttamente al tuo profilo Instagram.<br \/>\nCreeremo e collegheremo il codice QR per te!<\/p>\n<p> e inserisci il tuo nome utente<\/p>\n<p>Il set \u00e8 composto dai nostri bestseller:<\/p>\n<ul>\n<li>100 biglietti da visita Instagram con logo e collegamento al codice QR<\/li>\n<li>5 adesivi Instagram con codice QR<\/li>\n<\/ul>\n<p><strong>Adesivi Instagram<\/strong><\/p>\n<p>-Adatto per uso interno ed esterno<br \/>\n&#8211; Resistente agli agenti atmosferici<br \/>\n-Adatto a qualsiasi superficie liscia<br \/>\n-Per negozi al dettaglio, porte o come adesivo Instagram per auto<br \/>\n&#8211; Realizzato individualmente per te<\/p>\n<p>I prodotti Seguici su Instagram sono facili da usare, come vorremmo mostrarti di seguito utilizzando come esempio gli adesivi &#8220;Seguici su Instagram&#8221;.<\/p>\n<p>&nbsp;<\/p>\n<h3>Passaggio 1: il cliente esegue la scansione del codice QR<\/h3>\n<p>Per seguirti, il cliente deve solo scansionare il codice QR. Tutto quello che devi fare \u00e8 tenere la fotocamera dello smartphone (non \u00e8 necessaria alcuna app scanner aggiuntiva) sul prodotto.<\/p>\n<p><img decoding=\"async\" class=\"alignleft wp-image-22262 size-full\" src=\"https:\/\/www.truzzer.com\/wp-content\/uploads\/2026\/02\/how-to-use-the-product-truzzer.jpg.webp\" alt=\"\" width=\"1400\" Height=\"933\" \/><\/p>\n<p>Sullo schermo verr\u00e0 quindi visualizzato un popup (iPhone) o verr\u00e0 visualizzato un codice QR (smartphone Android\/Google).<\/p>\n<h3>Passaggio 2: il cliente va direttamente al profilo Instagram<\/h3>\n<p>Instagram si aprir\u00e0 quindi e il cliente potr\u00e0 seguirti direttamente. Cos\u00ec facileAvviso:<br \/>\nTieni presente che per ottenere follower \u00e8 necessario un profilo Instagram.<\/p>\n<p>&nbsp;<\/p>\n","protected":false},"excerpt":{"rendered":"<p><strong>Ottieni pi\u00f9 follower Instagram reali con i biglietti da visita Instagram con il codice QR!<\/strong><\/p>\n<p>Risparmia sul pacchetto Instagram composto da 100 biglietti da visita con logo, codice QR e nome e 5 adesivi con codice QR e nome utente nel colore del disegno.<br \/>\nCollegheremo per te il codice QR al tuo profilo Instagram!<br \/>\n e inserisci il tuo nome utente Instagram.<\/p>\n","protected":false},"featured_media":93884,"comment_status":"open","ping_status":"closed","template":"","meta":{"_acf_changed":false,"_yoast_wpseo_focuskw":"Instagram QR Code Pacchetto","_yoast_wpseo_title":"Follow us on Instagram Package | truzzer","_yoast_wpseo_metadesc":"Pi\u00f9 follower Instagram con Follow us on Instagram Package di truzzer. Facile da configurare, pronto all'uso. Ordina ora!"},"product_brand":[1664],"product_cat":[910],"product_tag":[],"class_list":{"0":"post-93883","1":"product","2":"type-product","3":"status-publish","4":"has-post-thumbnail","6":"product_brand-instagram","7":"product_cat-follower-instagram-biglietti-da-visita-con-codice-qr","8":"pa_industry-consulenza-burocratica","9":"pa_industry-locali-diensten","10":"pa_industry-onroerend-goed","11":"pa_material-karton","12":"pa_placement-balie-receptie","13":"pa_placement-opuscolo","14":"pa_placement-portemonnee-personale","15":"pa_product-type-packages","16":"pa_technology-qr-code","18":"first","19":"instock","20":"taxable","21":"shipping-taxable","22":"product-type-simple"},"acf":[],"yoast_head":"<!-- This site is optimized with the Yoast SEO plugin v27.0 - https:\/\/yoast.com\/product\/yoast-seo-wordpress\/ -->\n<title>Follow us on Instagram Package | truzzer<\/title>\n<meta name=\"description\" content=\"Pi\u00f9 follower Instagram con Follow us on Instagram Package di truzzer. Facile da configurare, pronto all&#039;uso. Ordina ora!\" \/>\n<meta name=\"robots\" content=\"index, follow, max-snippet:-1, max-image-preview:large, max-video-preview:-1\" \/>\n<link rel=\"canonical\" href=\"https:\/\/www.truzzer.com\/it\/prodotto\/follow-us-on-instagram-package\/\" \/>\n<meta property=\"og:locale\" content=\"it_IT\" \/>\n<meta property=\"og:type\" content=\"article\" \/>\n<meta property=\"og:title\" content=\"Follow us on Instagram Package | truzzer\" \/>\n<meta property=\"og:description\" content=\"Pi\u00f9 follower Instagram con Follow us on Instagram Package di truzzer. Facile da configurare, pronto all&#039;uso. Ordina ora!\" \/>\n<meta property=\"og:url\" content=\"https:\/\/www.truzzer.com\/it\/prodotto\/follow-us-on-instagram-package\/\" \/>\n<meta property=\"og:site_name\" content=\"truzzer\" \/>\n<meta property=\"article:modified_time\" content=\"2026-02-13T08:03:43+00:00\" \/>\n<meta property=\"og:image\" content=\"https:\/\/www.truzzer.com\/wp-content\/uploads\/2026\/02\/instagram-follower-package-simple-business-front-qr-code-truzzer-1-von-11-1.jpg\" \/>\n\t<meta property=\"og:image:width\" content=\"1400\" \/>\n\t<meta property=\"og:image:height\" content=\"1400\" \/>\n\t<meta property=\"og:image:type\" content=\"image\/jpeg\" \/>\n<meta name=\"twitter:card\" content=\"summary_large_image\" \/>\n<meta name=\"twitter:label1\" content=\"Tempo di lettura stimato\" \/>\n\t<meta name=\"twitter:data1\" content=\"1 minuto\" \/>\n<script type=\"application\/ld+json\" class=\"yoast-schema-graph\">{\"@context\":\"https:\/\/schema.org\",\"@graph\":[{\"@type\":\"WebPage\",\"@id\":\"https:\/\/www.truzzer.com\/it\/prodotto\/follow-us-on-instagram-package\/\",\"url\":\"https:\/\/www.truzzer.com\/it\/prodotto\/follow-us-on-instagram-package\/\",\"name\":\"Follow us on Instagram Package | truzzer\",\"isPartOf\":{\"@id\":\"https:\/\/www.truzzer.com\/it\/#website\"},\"primaryImageOfPage\":{\"@id\":\"https:\/\/www.truzzer.com\/it\/prodotto\/follow-us-on-instagram-package\/#primaryimage\"},\"image\":{\"@id\":\"https:\/\/www.truzzer.com\/it\/prodotto\/follow-us-on-instagram-package\/#primaryimage\"},\"thumbnailUrl\":\"https:\/\/www.truzzer.com\/wp-content\/uploads\/2026\/02\/instagram-follower-package-simple-business-front-qr-code-truzzer-1-von-11-1.jpg\",\"datePublished\":\"2026-02-01T20:08:13+00:00\",\"dateModified\":\"2026-02-13T08:03:43+00:00\",\"description\":\"Pi\u00f9 follower Instagram con Follow us on Instagram Package di truzzer. Facile da configurare, pronto all'uso. Ordina ora!\",\"breadcrumb\":{\"@id\":\"https:\/\/www.truzzer.com\/it\/prodotto\/follow-us-on-instagram-package\/#breadcrumb\"},\"inLanguage\":\"it-IT\",\"potentialAction\":[{\"@type\":\"ReadAction\",\"target\":[\"https:\/\/www.truzzer.com\/it\/prodotto\/follow-us-on-instagram-package\/\"]}]},{\"@type\":\"ImageObject\",\"inLanguage\":\"it-IT\",\"@id\":\"https:\/\/www.truzzer.com\/it\/prodotto\/follow-us-on-instagram-package\/#primaryimage\",\"url\":\"https:\/\/www.truzzer.com\/wp-content\/uploads\/2026\/02\/instagram-follower-package-simple-business-front-qr-code-truzzer-1-von-11-1.jpg\",\"contentUrl\":\"https:\/\/www.truzzer.com\/wp-content\/uploads\/2026\/02\/instagram-follower-package-simple-business-front-qr-code-truzzer-1-von-11-1.jpg\",\"width\":1400,\"height\":1400},{\"@type\":\"BreadcrumbList\",\"@id\":\"https:\/\/www.truzzer.com\/it\/prodotto\/follow-us-on-instagram-package\/#breadcrumb\",\"itemListElement\":[{\"@type\":\"ListItem\",\"position\":1,\"name\":\"Home\",\"item\":\"https:\/\/www.truzzer.com\/it\/\"},{\"@type\":\"ListItem\",\"position\":2,\"name\":\"Negozio\",\"item\":\"https:\/\/www.truzzer.com\/it\/shop\/\"},{\"@type\":\"ListItem\",\"position\":3,\"name\":\"Seguici sul pacchetto Instagram\"}]},{\"@type\":\"WebSite\",\"@id\":\"https:\/\/www.truzzer.com\/it\/#website\",\"url\":\"https:\/\/www.truzzer.com\/it\/\",\"name\":\"truzzer\",\"description\":\"Experts for customer trust\",\"publisher\":{\"@id\":\"https:\/\/www.truzzer.com\/it\/#organization\"},\"potentialAction\":[{\"@type\":\"SearchAction\",\"target\":{\"@type\":\"EntryPoint\",\"urlTemplate\":\"https:\/\/www.truzzer.com\/it\/?s={search_term_string}\"},\"query-input\":{\"@type\":\"PropertyValueSpecification\",\"valueRequired\":true,\"valueName\":\"search_term_string\"}}],\"inLanguage\":\"it-IT\"},{\"@type\":\"Organization\",\"@id\":\"https:\/\/www.truzzer.com\/it\/#organization\",\"name\":\"truzzer\",\"url\":\"https:\/\/www.truzzer.com\/it\/\",\"logo\":{\"@type\":\"ImageObject\",\"inLanguage\":\"it-IT\",\"@id\":\"https:\/\/www.truzzer.com\/it\/#\/schema\/logo\/image\/\",\"url\":\"https:\/\/truzzer.com\/wp-content\/uploads\/2026\/01\/truzzer-logo-black-1.svg\",\"contentUrl\":\"https:\/\/truzzer.com\/wp-content\/uploads\/2026\/01\/truzzer-logo-black-1.svg\",\"width\":938,\"height\":199,\"caption\":\"truzzer\"},\"image\":{\"@id\":\"https:\/\/www.truzzer.com\/it\/#\/schema\/logo\/image\/\"}}]}<\/script>\n<!-- \/ Yoast SEO plugin. -->","yoast_head_json":{"title":"Follow us on Instagram Package | truzzer","description":"Pi\u00f9 follower Instagram con Follow us on Instagram Package di truzzer. Facile da configurare, pronto all'uso. Ordina ora!","robots":{"index":"index","follow":"follow","max-snippet":"max-snippet:-1","max-image-preview":"max-image-preview:large","max-video-preview":"max-video-preview:-1"},"canonical":"https:\/\/www.truzzer.com\/it\/prodotto\/follow-us-on-instagram-package\/","og_locale":"it_IT","og_type":"article","og_title":"Follow us on Instagram Package | truzzer","og_description":"Pi\u00f9 follower Instagram con Follow us on Instagram Package di truzzer. Facile da configurare, pronto all'uso. Ordina ora!","og_url":"https:\/\/www.truzzer.com\/it\/prodotto\/follow-us-on-instagram-package\/","og_site_name":"truzzer","article_modified_time":"2026-02-13T08:03:43+00:00","og_image":[{"width":1400,"height":1400,"url":"https:\/\/www.truzzer.com\/wp-content\/uploads\/2026\/02\/instagram-follower-package-simple-business-front-qr-code-truzzer-1-von-11-1.jpg","type":"image\/jpeg"}],"twitter_card":"summary_large_image","twitter_misc":{"Tempo di lettura stimato":"1 minuto"},"schema":{"@context":"https:\/\/schema.org","@graph":[{"@type":"WebPage","@id":"https:\/\/www.truzzer.com\/it\/prodotto\/follow-us-on-instagram-package\/","url":"https:\/\/www.truzzer.com\/it\/prodotto\/follow-us-on-instagram-package\/","name":"Follow us on Instagram Package | truzzer","isPartOf":{"@id":"https:\/\/www.truzzer.com\/it\/#website"},"primaryImageOfPage":{"@id":"https:\/\/www.truzzer.com\/it\/prodotto\/follow-us-on-instagram-package\/#primaryimage"},"image":{"@id":"https:\/\/www.truzzer.com\/it\/prodotto\/follow-us-on-instagram-package\/#primaryimage"},"thumbnailUrl":"https:\/\/www.truzzer.com\/wp-content\/uploads\/2026\/02\/instagram-follower-package-simple-business-front-qr-code-truzzer-1-von-11-1.jpg","datePublished":"2026-02-01T20:08:13+00:00","dateModified":"2026-02-13T08:03:43+00:00","description":"Pi\u00f9 follower Instagram con Follow us on Instagram Package di truzzer. Facile da configurare, pronto all'uso. Ordina ora!","breadcrumb":{"@id":"https:\/\/www.truzzer.com\/it\/prodotto\/follow-us-on-instagram-package\/#breadcrumb"},"inLanguage":"it-IT","potentialAction":[{"@type":"ReadAction","target":["https:\/\/www.truzzer.com\/it\/prodotto\/follow-us-on-instagram-package\/"]}]},{"@type":"ImageObject","inLanguage":"it-IT","@id":"https:\/\/www.truzzer.com\/it\/prodotto\/follow-us-on-instagram-package\/#primaryimage","url":"https:\/\/www.truzzer.com\/wp-content\/uploads\/2026\/02\/instagram-follower-package-simple-business-front-qr-code-truzzer-1-von-11-1.jpg","contentUrl":"https:\/\/www.truzzer.com\/wp-content\/uploads\/2026\/02\/instagram-follower-package-simple-business-front-qr-code-truzzer-1-von-11-1.jpg","width":1400,"height":1400},{"@type":"BreadcrumbList","@id":"https:\/\/www.truzzer.com\/it\/prodotto\/follow-us-on-instagram-package\/#breadcrumb","itemListElement":[{"@type":"ListItem","position":1,"name":"Home","item":"https:\/\/www.truzzer.com\/it\/"},{"@type":"ListItem","position":2,"name":"Negozio","item":"https:\/\/www.truzzer.com\/it\/shop\/"},{"@type":"ListItem","position":3,"name":"Seguici sul pacchetto Instagram"}]},{"@type":"WebSite","@id":"https:\/\/www.truzzer.com\/it\/#website","url":"https:\/\/www.truzzer.com\/it\/","name":"truzzer","description":"Experts for customer trust","publisher":{"@id":"https:\/\/www.truzzer.com\/it\/#organization"},"potentialAction":[{"@type":"SearchAction","target":{"@type":"EntryPoint","urlTemplate":"https:\/\/www.truzzer.com\/it\/?s={search_term_string}"},"query-input":{"@type":"PropertyValueSpecification","valueRequired":true,"valueName":"search_term_string"}}],"inLanguage":"it-IT"},{"@type":"Organization","@id":"https:\/\/www.truzzer.com\/it\/#organization","name":"truzzer","url":"https:\/\/www.truzzer.com\/it\/","logo":{"@type":"ImageObject","inLanguage":"it-IT","@id":"https:\/\/www.truzzer.com\/it\/#\/schema\/logo\/image\/","url":"https:\/\/truzzer.com\/wp-content\/uploads\/2026\/01\/truzzer-logo-black-1.svg","contentUrl":"https:\/\/truzzer.com\/wp-content\/uploads\/2026\/01\/truzzer-logo-black-1.svg","width":938,"height":199,"caption":"truzzer"},"image":{"@id":"https:\/\/www.truzzer.com\/it\/#\/schema\/logo\/image\/"}}]}},"tiered_pricing_type":"fixed","tiered_pricing_fixed_rules":[],"tiered_pricing_product_settings":{"layout":"default","base_unit_name":{"singular":null,"plural":null},"default_variation":null},"tiered_pricing_minimum_quantity":null,"tiered_pricing_roles_data":[],"tiered_pricing_percentage_rules":[],"tiered_pricing_maximum_quantity":null,"tiered_pricing_quantity_step":null,"_links":{"self":[{"href":"https:\/\/www.truzzer.com\/it\/wp-json\/wp\/v2\/product\/93883","targetHints":{"allow":["GET"]}}],"collection":[{"href":"https:\/\/www.truzzer.com\/it\/wp-json\/wp\/v2\/product"}],"about":[{"href":"https:\/\/www.truzzer.com\/it\/wp-json\/wp\/v2\/types\/product"}],"replies":[{"embeddable":true,"href":"https:\/\/www.truzzer.com\/it\/wp-json\/wp\/v2\/comments?post=93883"}],"wp:featuredmedia":[{"embeddable":true,"href":"https:\/\/www.truzzer.com\/it\/wp-json\/wp\/v2\/media\/93884"}],"wp:attachment":[{"href":"https:\/\/www.truzzer.com\/it\/wp-json\/wp\/v2\/media?parent=93883"}],"wp:term":[{"taxonomy":"product_brand","embeddable":true,"href":"https:\/\/www.truzzer.com\/it\/wp-json\/wp\/v2\/product_brand?post=93883"},{"taxonomy":"product_cat","embeddable":true,"href":"https:\/\/www.truzzer.com\/it\/wp-json\/wp\/v2\/product_cat?post=93883"},{"taxonomy":"product_tag","embeddable":true,"href":"https:\/\/www.truzzer.com\/it\/wp-json\/wp\/v2\/product_tag?post=93883"}],"curies":[{"name":"wp","href":"https:\/\/api.w.org\/{rel}","templated":true}]}}