{"id":94720,"date":"2026-02-01T20:04:30","date_gmt":"2026-02-01T20:04:30","guid":{"rendered":"https:\/\/beta.truzzer.com\/product\/instagram-sticker-labels-roll-clean\/"},"modified":"2026-02-13T08:31:36","modified_gmt":"2026-02-13T08:31:36","slug":"instagram-sticker-labels-roll-clean","status":"publish","type":"product","link":"https:\/\/www.truzzer.com\/it\/prodotto\/instagram-sticker-labels-roll-clean\/","title":{"rendered":"Instagram Etichette adesive arrotolabili e pulite"},"content":{"rendered":"<h2>Seguici sugli adesivi Instagram online come etichette in rotolo con codice QR per l&#8217;imballaggio di spedizione<\/h2>\n<p>Con le etichette truzzer &#8220;Seguici su Instagram&#8221; con il collegamento al codice QR e il tuo nome utente, puoi facilmente ottenere nuovi follower su Instagram! Nel pratico formato rotondo rendete il vostro conto tangibile per i vostri clienti. Attacca le etichette sui tuoi pacchi o quasi ovunque i tuoi clienti possano vederle.<br \/>\n<strong>-Adatto a qualsiasi superficie liscia<\/strong><br \/>\n<strong>-Per negozi, porte o come adesivo per auto Instagram<\/strong><br \/>\n<strong>-Mostra ai tuoi clienti che possono trovarti anche su Instagram<\/strong><br \/>\nGli adesivi &#8220;Seguici su Instagram&#8221; con il collegamento al codice QR portano i tuoi clienti al tuo profilo quando scansionano il codice QR.<\/p>\n<p>Informazioni per utilizzarli come adesivi angolari Instagram per scatole di spedizione:<br \/>\nVuoi utilizzare gli adesivi come adesivi angolari? Nessun problema! Sono realizzati in modo che ci sia spazio libero per la &#8220;piega&#8221; nel mezzo tra la call-to-action e il codice QR, in modo che n\u00e9 la call-to-action n\u00e9 il codice QR debbano essere piegati quando applicati.<\/p>\n<p>I prodotti &#8220;Seguici su Instagram&#8221; sono facili da usare e saremo lieti di mostrarti di seguito utilizzando come esempio gli adesivi &#8220;Seguici su Instagram&#8221;.<\/p>\n<h3>Passaggio 1: il cliente esegue la scansione del codice QR<\/h3>\n<p>Per seguirti, il cliente deve solo scansionare il codice QR. Tutto quello che devono fare \u00e8 tenere la fotocamera dello smartphone (non \u00e8 richiesta alcuna app scanner aggiuntiva) sul prodotto.<br \/>\n<img decoding=\"async\" class=\"alignleft wp-image-22262 size-full\" src=\"https:\/\/www.truzzer.com\/wp-content\/uploads\/2026\/02\/how-to-use-the-product-truzzer.jpg.webp\" alt=\"\" larghezza=\"1400\" altezza=\"933\" \/><br \/>\nSullo schermo apparir\u00e0 quindi un pop-up (iPhone) oppure apparir\u00e0 un codice QR (smartphone Android \/ Google).<\/p>\n<h3>Passaggio 2: il cliente va direttamente al profilo Instagram<\/h3>\n<p>Instagram si apre e il cliente pu\u00f2 seguirti direttamente. \u00c8 cos\u00ec semplice.<br \/>\nNota: per ottenere follower \u00e8 necessario un account Instagram.<\/p>\n","protected":false},"excerpt":{"rendered":"<p>Le etichette \u201cSeguici su Instagram\u201d di truzzer! Il tocco finale perfetto per l&#8217;imballaggio e un eye-catcher su qualsiasi superficie! Trasforma i tuoi clienti in follower Instagram con etichette personalizzate &#8220;Seguici su Instagram&#8221; con il nome del tuo profilo e un collegamento QR scansionabile al tuo profilo Instagram.<\/p>\n<p>\u2013 Ideale per spedizioni di scatole<br \/>\n\u2013 Adatto a qualsiasi superficie liscia<br \/>\n\u2013 Per imballaggi, negozi, porte o come adesivo per auto Instagram<br \/>\n\u2013 Mostra ai clienti che possono trovarti anche su Instagram<br \/>\n\u2013 Realizzato individualmente per te<br \/>\n\u2013 Disponibile in tre dimensioni<\/p>\n<p>Colleghiamo per te il codice QR al tuo profilo Instagram! Aggiungi il tuo nome utente pi\u00f9 tardi nel processo di pagamento, ad es. \u201c@IlTuoBusiness\u201d.<\/p>\n","protected":false},"featured_media":94721,"comment_status":"open","ping_status":"closed","template":"","meta":{"_acf_changed":false,"_yoast_wpseo_focuskw":"Instagram QR Code Rotolo adesivi","_yoast_wpseo_title":"Instagram Sticker Labels Roll Clean | truzzer","_yoast_wpseo_metadesc":"Pi\u00f9 follower Instagram con Instagram Sticker Labels Roll Clean di truzzer. Facile da configurare, pronto all'uso. Ordina ora!"},"product_brand":[1664],"product_cat":[493,492,1207,839,840,825,1206],"product_tag":[],"class_list":{"0":"post-94720","1":"product","2":"type-product","3":"status-publish","4":"has-post-thumbnail","6":"product_brand-instagram","7":"product_cat-codice-qr-adesivi","8":"product_cat-codice-qr-prodotti","9":"product_cat-codice-qr-rotoli-di-adesivi","10":"product_cat-follower-instagram-adesivi","11":"product_cat-follower-instagram-adesivi-con-codice-qr","12":"product_cat-follower-instagram-prodotti","13":"product_cat-follower-instagram-roll-up-con-codice-qr","14":"pa_industry-autodealer","15":"pa_industry-detailhandel","16":"pa_industry-events-entertainment","17":"pa_material-plastic","18":"pa_placement-balie-receptie","19":"pa_placement-events-entrance","20":"pa_placement-showroom-lobby","21":"pa_product-type-adesivo","22":"pa_product-type-sticker-roll","23":"pa_shape-rondo","24":"pa_technology-codice-qr","25":"pa_technology-qr-code","27":"first","28":"instock","29":"taxable","30":"shipping-taxable","31":"purchasable","32":"product-type-variable","33":"has-default-attributes"},"acf":[],"yoast_head":"<!-- This site is optimized with the Yoast SEO plugin v27.0 - https:\/\/yoast.com\/product\/yoast-seo-wordpress\/ -->\n<title>Instagram Sticker Labels Roll Clean | truzzer<\/title>\n<meta name=\"description\" content=\"Pi\u00f9 follower Instagram con Instagram Sticker Labels Roll Clean di truzzer. Facile da configurare, pronto all&#039;uso. Ordina ora!\" \/>\n<meta name=\"robots\" content=\"index, follow, max-snippet:-1, max-image-preview:large, max-video-preview:-1\" \/>\n<link rel=\"canonical\" href=\"https:\/\/www.truzzer.com\/it\/prodotto\/instagram-sticker-labels-roll-clean\/\" \/>\n<meta property=\"og:locale\" content=\"it_IT\" \/>\n<meta property=\"og:type\" content=\"article\" \/>\n<meta property=\"og:title\" content=\"Instagram Sticker Labels Roll Clean | truzzer\" \/>\n<meta property=\"og:description\" content=\"Pi\u00f9 follower Instagram con Instagram Sticker Labels Roll Clean di truzzer. Facile da configurare, pronto all&#039;uso. Ordina ora!\" \/>\n<meta property=\"og:url\" content=\"https:\/\/www.truzzer.com\/it\/prodotto\/instagram-sticker-labels-roll-clean\/\" \/>\n<meta property=\"og:site_name\" content=\"truzzer\" \/>\n<meta property=\"article:modified_time\" content=\"2026-02-13T08:31:36+00:00\" \/>\n<meta property=\"og:image\" content=\"https:\/\/www.truzzer.com\/wp-content\/uploads\/2026\/02\/Instagram-Sticker-roll-qr-code-link-truzzer-clean-2.jpg\" \/>\n\t<meta property=\"og:image:width\" content=\"1200\" \/>\n\t<meta property=\"og:image:height\" content=\"1200\" \/>\n\t<meta property=\"og:image:type\" content=\"image\/jpeg\" \/>\n<meta name=\"twitter:card\" content=\"summary_large_image\" \/>\n<meta name=\"twitter:label1\" content=\"Tempo di lettura stimato\" \/>\n\t<meta name=\"twitter:data1\" content=\"1 minuto\" \/>\n<script type=\"application\/ld+json\" class=\"yoast-schema-graph\">{\"@context\":\"https:\/\/schema.org\",\"@graph\":[{\"@type\":\"WebPage\",\"@id\":\"https:\/\/www.truzzer.com\/it\/prodotto\/instagram-sticker-labels-roll-clean\/\",\"url\":\"https:\/\/www.truzzer.com\/it\/prodotto\/instagram-sticker-labels-roll-clean\/\",\"name\":\"Instagram Sticker Labels Roll Clean | truzzer\",\"isPartOf\":{\"@id\":\"https:\/\/www.truzzer.com\/it\/#website\"},\"primaryImageOfPage\":{\"@id\":\"https:\/\/www.truzzer.com\/it\/prodotto\/instagram-sticker-labels-roll-clean\/#primaryimage\"},\"image\":{\"@id\":\"https:\/\/www.truzzer.com\/it\/prodotto\/instagram-sticker-labels-roll-clean\/#primaryimage\"},\"thumbnailUrl\":\"https:\/\/www.truzzer.com\/wp-content\/uploads\/2026\/02\/Instagram-Sticker-roll-qr-code-link-truzzer-clean-2.jpg\",\"datePublished\":\"2026-02-01T20:04:30+00:00\",\"dateModified\":\"2026-02-13T08:31:36+00:00\",\"description\":\"Pi\u00f9 follower Instagram con Instagram Sticker Labels Roll Clean di truzzer. Facile da configurare, pronto all'uso. Ordina ora!\",\"breadcrumb\":{\"@id\":\"https:\/\/www.truzzer.com\/it\/prodotto\/instagram-sticker-labels-roll-clean\/#breadcrumb\"},\"inLanguage\":\"it-IT\",\"potentialAction\":[{\"@type\":\"ReadAction\",\"target\":[\"https:\/\/www.truzzer.com\/it\/prodotto\/instagram-sticker-labels-roll-clean\/\"]}]},{\"@type\":\"ImageObject\",\"inLanguage\":\"it-IT\",\"@id\":\"https:\/\/www.truzzer.com\/it\/prodotto\/instagram-sticker-labels-roll-clean\/#primaryimage\",\"url\":\"https:\/\/www.truzzer.com\/wp-content\/uploads\/2026\/02\/Instagram-Sticker-roll-qr-code-link-truzzer-clean-2.jpg\",\"contentUrl\":\"https:\/\/www.truzzer.com\/wp-content\/uploads\/2026\/02\/Instagram-Sticker-roll-qr-code-link-truzzer-clean-2.jpg\",\"width\":1200,\"height\":1200},{\"@type\":\"BreadcrumbList\",\"@id\":\"https:\/\/www.truzzer.com\/it\/prodotto\/instagram-sticker-labels-roll-clean\/#breadcrumb\",\"itemListElement\":[{\"@type\":\"ListItem\",\"position\":1,\"name\":\"Home\",\"item\":\"https:\/\/www.truzzer.com\/it\/\"},{\"@type\":\"ListItem\",\"position\":2,\"name\":\"Negozio\",\"item\":\"https:\/\/www.truzzer.com\/it\/shop\/\"},{\"@type\":\"ListItem\",\"position\":3,\"name\":\"Instagram Etichette adesive arrotolabili e pulite\"}]},{\"@type\":\"WebSite\",\"@id\":\"https:\/\/www.truzzer.com\/it\/#website\",\"url\":\"https:\/\/www.truzzer.com\/it\/\",\"name\":\"truzzer\",\"description\":\"Experts for customer trust\",\"publisher\":{\"@id\":\"https:\/\/www.truzzer.com\/it\/#organization\"},\"potentialAction\":[{\"@type\":\"SearchAction\",\"target\":{\"@type\":\"EntryPoint\",\"urlTemplate\":\"https:\/\/www.truzzer.com\/it\/?s={search_term_string}\"},\"query-input\":{\"@type\":\"PropertyValueSpecification\",\"valueRequired\":true,\"valueName\":\"search_term_string\"}}],\"inLanguage\":\"it-IT\"},{\"@type\":\"Organization\",\"@id\":\"https:\/\/www.truzzer.com\/it\/#organization\",\"name\":\"truzzer\",\"url\":\"https:\/\/www.truzzer.com\/it\/\",\"logo\":{\"@type\":\"ImageObject\",\"inLanguage\":\"it-IT\",\"@id\":\"https:\/\/www.truzzer.com\/it\/#\/schema\/logo\/image\/\",\"url\":\"https:\/\/truzzer.com\/wp-content\/uploads\/2026\/01\/truzzer-logo-black-1.svg\",\"contentUrl\":\"https:\/\/truzzer.com\/wp-content\/uploads\/2026\/01\/truzzer-logo-black-1.svg\",\"width\":938,\"height\":199,\"caption\":\"truzzer\"},\"image\":{\"@id\":\"https:\/\/www.truzzer.com\/it\/#\/schema\/logo\/image\/\"}}]}<\/script>\n<!-- \/ Yoast SEO plugin. -->","yoast_head_json":{"title":"Instagram Sticker Labels Roll Clean | truzzer","description":"Pi\u00f9 follower Instagram con Instagram Sticker Labels Roll Clean di truzzer. Facile da configurare, pronto all'uso. Ordina ora!","robots":{"index":"index","follow":"follow","max-snippet":"max-snippet:-1","max-image-preview":"max-image-preview:large","max-video-preview":"max-video-preview:-1"},"canonical":"https:\/\/www.truzzer.com\/it\/prodotto\/instagram-sticker-labels-roll-clean\/","og_locale":"it_IT","og_type":"article","og_title":"Instagram Sticker Labels Roll Clean | truzzer","og_description":"Pi\u00f9 follower Instagram con Instagram Sticker Labels Roll Clean di truzzer. Facile da configurare, pronto all'uso. Ordina ora!","og_url":"https:\/\/www.truzzer.com\/it\/prodotto\/instagram-sticker-labels-roll-clean\/","og_site_name":"truzzer","article_modified_time":"2026-02-13T08:31:36+00:00","og_image":[{"width":1200,"height":1200,"url":"https:\/\/www.truzzer.com\/wp-content\/uploads\/2026\/02\/Instagram-Sticker-roll-qr-code-link-truzzer-clean-2.jpg","type":"image\/jpeg"}],"twitter_card":"summary_large_image","twitter_misc":{"Tempo di lettura stimato":"1 minuto"},"schema":{"@context":"https:\/\/schema.org","@graph":[{"@type":"WebPage","@id":"https:\/\/www.truzzer.com\/it\/prodotto\/instagram-sticker-labels-roll-clean\/","url":"https:\/\/www.truzzer.com\/it\/prodotto\/instagram-sticker-labels-roll-clean\/","name":"Instagram Sticker Labels Roll Clean | truzzer","isPartOf":{"@id":"https:\/\/www.truzzer.com\/it\/#website"},"primaryImageOfPage":{"@id":"https:\/\/www.truzzer.com\/it\/prodotto\/instagram-sticker-labels-roll-clean\/#primaryimage"},"image":{"@id":"https:\/\/www.truzzer.com\/it\/prodotto\/instagram-sticker-labels-roll-clean\/#primaryimage"},"thumbnailUrl":"https:\/\/www.truzzer.com\/wp-content\/uploads\/2026\/02\/Instagram-Sticker-roll-qr-code-link-truzzer-clean-2.jpg","datePublished":"2026-02-01T20:04:30+00:00","dateModified":"2026-02-13T08:31:36+00:00","description":"Pi\u00f9 follower Instagram con Instagram Sticker Labels Roll Clean di truzzer. Facile da configurare, pronto all'uso. Ordina ora!","breadcrumb":{"@id":"https:\/\/www.truzzer.com\/it\/prodotto\/instagram-sticker-labels-roll-clean\/#breadcrumb"},"inLanguage":"it-IT","potentialAction":[{"@type":"ReadAction","target":["https:\/\/www.truzzer.com\/it\/prodotto\/instagram-sticker-labels-roll-clean\/"]}]},{"@type":"ImageObject","inLanguage":"it-IT","@id":"https:\/\/www.truzzer.com\/it\/prodotto\/instagram-sticker-labels-roll-clean\/#primaryimage","url":"https:\/\/www.truzzer.com\/wp-content\/uploads\/2026\/02\/Instagram-Sticker-roll-qr-code-link-truzzer-clean-2.jpg","contentUrl":"https:\/\/www.truzzer.com\/wp-content\/uploads\/2026\/02\/Instagram-Sticker-roll-qr-code-link-truzzer-clean-2.jpg","width":1200,"height":1200},{"@type":"BreadcrumbList","@id":"https:\/\/www.truzzer.com\/it\/prodotto\/instagram-sticker-labels-roll-clean\/#breadcrumb","itemListElement":[{"@type":"ListItem","position":1,"name":"Home","item":"https:\/\/www.truzzer.com\/it\/"},{"@type":"ListItem","position":2,"name":"Negozio","item":"https:\/\/www.truzzer.com\/it\/shop\/"},{"@type":"ListItem","position":3,"name":"Instagram Etichette adesive arrotolabili e pulite"}]},{"@type":"WebSite","@id":"https:\/\/www.truzzer.com\/it\/#website","url":"https:\/\/www.truzzer.com\/it\/","name":"truzzer","description":"Experts for customer trust","publisher":{"@id":"https:\/\/www.truzzer.com\/it\/#organization"},"potentialAction":[{"@type":"SearchAction","target":{"@type":"EntryPoint","urlTemplate":"https:\/\/www.truzzer.com\/it\/?s={search_term_string}"},"query-input":{"@type":"PropertyValueSpecification","valueRequired":true,"valueName":"search_term_string"}}],"inLanguage":"it-IT"},{"@type":"Organization","@id":"https:\/\/www.truzzer.com\/it\/#organization","name":"truzzer","url":"https:\/\/www.truzzer.com\/it\/","logo":{"@type":"ImageObject","inLanguage":"it-IT","@id":"https:\/\/www.truzzer.com\/it\/#\/schema\/logo\/image\/","url":"https:\/\/truzzer.com\/wp-content\/uploads\/2026\/01\/truzzer-logo-black-1.svg","contentUrl":"https:\/\/truzzer.com\/wp-content\/uploads\/2026\/01\/truzzer-logo-black-1.svg","width":938,"height":199,"caption":"truzzer"},"image":{"@id":"https:\/\/www.truzzer.com\/it\/#\/schema\/logo\/image\/"}}]}},"tiered_pricing_type":"fixed","tiered_pricing_fixed_rules":[],"tiered_pricing_product_settings":{"layout":"default","base_unit_name":{"singular":null,"plural":null},"default_variation":null},"tiered_pricing_minimum_quantity":null,"tiered_pricing_roles_data":[],"tiered_pricing_percentage_rules":[],"tiered_pricing_maximum_quantity":null,"tiered_pricing_quantity_step":null,"_links":{"self":[{"href":"https:\/\/www.truzzer.com\/it\/wp-json\/wp\/v2\/product\/94720","targetHints":{"allow":["GET"]}}],"collection":[{"href":"https:\/\/www.truzzer.com\/it\/wp-json\/wp\/v2\/product"}],"about":[{"href":"https:\/\/www.truzzer.com\/it\/wp-json\/wp\/v2\/types\/product"}],"replies":[{"embeddable":true,"href":"https:\/\/www.truzzer.com\/it\/wp-json\/wp\/v2\/comments?post=94720"}],"wp:featuredmedia":[{"embeddable":true,"href":"https:\/\/www.truzzer.com\/it\/wp-json\/wp\/v2\/media\/94721"}],"wp:attachment":[{"href":"https:\/\/www.truzzer.com\/it\/wp-json\/wp\/v2\/media?parent=94720"}],"wp:term":[{"taxonomy":"product_brand","embeddable":true,"href":"https:\/\/www.truzzer.com\/it\/wp-json\/wp\/v2\/product_brand?post=94720"},{"taxonomy":"product_cat","embeddable":true,"href":"https:\/\/www.truzzer.com\/it\/wp-json\/wp\/v2\/product_cat?post=94720"},{"taxonomy":"product_tag","embeddable":true,"href":"https:\/\/www.truzzer.com\/it\/wp-json\/wp\/v2\/product_tag?post=94720"}],"curies":[{"name":"wp","href":"https:\/\/api.w.org\/{rel}","templated":true}]}}