{"id":95933,"date":"2026-02-01T20:03:29","date_gmt":"2026-02-01T20:03:29","guid":{"rendered":"https:\/\/beta.truzzer.com\/product\/follow-us-on-instagram-table-tent-icon\/"},"modified":"2026-02-13T09:47:35","modified_gmt":"2026-02-13T09:47:35","slug":"follow-us-on-instagram-table-tent-icon","status":"publish","type":"product","link":"https:\/\/www.truzzer.com\/it\/prodotto\/follow-us-on-instagram-table-tent-icon\/","title":{"rendered":"Seguici su Instagram Icona Tenda da Tavolo"},"content":{"rendered":"<h2><strong>Tenda da tavolo per pi\u00f9 follower Instagram<\/strong><\/h2>\n<p>Con i display da tavolo &#8220;Seguici su Instagram&#8221; truzzer in formato tenda da tavolo, puoi ottenere rapidamente nuovi follower su Instagram senza dover fare molto.<\/p>\n<p>Sul retro del display da tavolo Instagram \u00e8 presente un codice QR che porta direttamente al tuo profilo Instagram.<\/p>\n<p>Il codice QR porta i clienti direttamente al tuo profilo senza doverti cercare. In questo modo garantirai che i clienti ti troveranno.<\/p>\n<p>Puoi personalizzare facilmente i display da tavolo &#8220;Seguici su Instagram&#8221; con il tuo logo.<\/p>\n<p>I prodotti Seguici su Instagram sono facili da usare, come vorremmo mostrarti di seguito utilizzando come esempio gli adesivi &#8220;Seguici su Instagram&#8221;.<\/p>\n<p>&nbsp;<\/p>\n<h3>Passaggio 1: il cliente esegue la scansione del codice QR<\/h3>\n<p>Per seguirti, il cliente deve solo scansionare il codice QR. Tutto quello che devi fare \u00e8 tenere la fotocamera dello smartphone (non \u00e8 necessaria alcuna app scanner aggiuntiva) sul prodotto.<\/p>\n<p><img decoding=\"async\" class=\"alignleft wp-image-22262 size-full\" src=\"https:\/\/www.truzzer.com\/wp-content\/uploads\/2026\/02\/how-to-use-the-product-truzzer.jpg.webp\" alt=\"\" width=\"1400\" Height=\"933\" \/><\/p>\n<p>Sullo schermo verr\u00e0 quindi visualizzato un popup (iPhone) o verr\u00e0 visualizzato un codice QR (smartphone Android\/Google).<\/p>\n<h3>Passaggio 2: il cliente va direttamente al profilo Instagram<\/h3>\n<p>Instagram si aprir\u00e0 quindi e il cliente potr\u00e0 seguirti direttamente. Cos\u00ec facileAvviso:<br \/>\nTieni presente che per ottenere follower \u00e8 necessario un profilo Instagram.<\/p>\n<p>&nbsp;<\/p>\n","protected":false},"excerpt":{"rendered":"<p>Trasforma i tuoi clienti in follower Instagram con la funzione &#8220;<strong>Seguici su Instagram Iconic<\/strong>&#8221; la tabella viene visualizzata in formato tenda da tavolo. Consenti ai tuoi clienti di seguirti facilmente su Instagram con i display da tavolo Instagram nella fantastica e attraente grafica &#8220;Iconic&#8221; design con entrambi i lati progettati in modo identico.<br \/>\nCreeremo e collegheremo per te il codice QR al tuo profilo Instagram!<br \/>\nInserisci il nome del tuo profilo.<\/p>\n","protected":false},"featured_media":95934,"comment_status":"open","ping_status":"closed","template":"","meta":{"_acf_changed":false,"_yoast_wpseo_focuskw":"Instagram QR Code Espositore da tavolo","_yoast_wpseo_title":"Follow us on Instagram Table Tent Icon | truzzer","_yoast_wpseo_metadesc":"Pi\u00f9 follower Instagram con Follow us on Instagram Table Tent Icon di truzzer. Facile da configurare, pronto all'uso. Ordina ora!"},"product_brand":[1664],"product_cat":[977,492,976],"product_tag":[],"class_list":{"0":"post-95933","1":"product","2":"type-product","3":"status-publish","4":"has-post-thumbnail","6":"product_brand-instagram","7":"product_cat-codice-qr-display-supporti","8":"product_cat-codice-qr-prodotti","9":"product_cat-follower-instagram-espositori-da-tavolo-con-codice-qr","10":"pa_industry-albergo","11":"pa_industry-medische-praktijk","12":"pa_industry-ristorante-caffetteria","13":"pa_material-karton","14":"pa_placement-balie-receptie","15":"pa_placement-kassa-pos","16":"pa_placement-tafel","17":"pa_product-type-espositori-e-stand","18":"pa_technology-codice-qr","19":"pa_technology-qr-code","21":"first","22":"instock","23":"taxable","24":"shipping-taxable","25":"purchasable","26":"product-type-simple"},"acf":[],"yoast_head":"<!-- This site is optimized with the Yoast SEO plugin v27.0 - https:\/\/yoast.com\/product\/yoast-seo-wordpress\/ -->\n<title>Follow us on Instagram Table Tent Icon | truzzer<\/title>\n<meta name=\"description\" content=\"Pi\u00f9 follower Instagram con Follow us on Instagram Table Tent Icon di truzzer. Facile da configurare, pronto all&#039;uso. Ordina ora!\" \/>\n<meta name=\"robots\" content=\"index, follow, max-snippet:-1, max-image-preview:large, max-video-preview:-1\" \/>\n<link rel=\"canonical\" href=\"https:\/\/www.truzzer.com\/it\/prodotto\/follow-us-on-instagram-table-tent-icon\/\" \/>\n<meta property=\"og:locale\" content=\"it_IT\" \/>\n<meta property=\"og:type\" content=\"article\" \/>\n<meta property=\"og:title\" content=\"Follow us on Instagram Table Tent Icon | truzzer\" \/>\n<meta property=\"og:description\" content=\"Pi\u00f9 follower Instagram con Follow us on Instagram Table Tent Icon di truzzer. Facile da configurare, pronto all&#039;uso. Ordina ora!\" \/>\n<meta property=\"og:url\" content=\"https:\/\/www.truzzer.com\/it\/prodotto\/follow-us-on-instagram-table-tent-icon\/\" \/>\n<meta property=\"og:site_name\" content=\"truzzer\" \/>\n<meta property=\"article:modified_time\" content=\"2026-02-13T09:47:35+00:00\" \/>\n<meta property=\"og:image\" content=\"https:\/\/www.truzzer.com\/wp-content\/uploads\/2026\/02\/follow-us-on-instagram-table-tent-display-iconic-with-instagram-qr-code-truzzer-2.jpg\" \/>\n\t<meta property=\"og:image:width\" content=\"1200\" \/>\n\t<meta property=\"og:image:height\" content=\"1200\" \/>\n\t<meta property=\"og:image:type\" content=\"image\/jpeg\" \/>\n<meta name=\"twitter:card\" content=\"summary_large_image\" \/>\n<meta name=\"twitter:label1\" content=\"Tempo di lettura stimato\" \/>\n\t<meta name=\"twitter:data1\" content=\"1 minuto\" \/>\n<script type=\"application\/ld+json\" class=\"yoast-schema-graph\">{\"@context\":\"https:\/\/schema.org\",\"@graph\":[{\"@type\":\"WebPage\",\"@id\":\"https:\/\/www.truzzer.com\/it\/prodotto\/follow-us-on-instagram-table-tent-icon\/\",\"url\":\"https:\/\/www.truzzer.com\/it\/prodotto\/follow-us-on-instagram-table-tent-icon\/\",\"name\":\"Follow us on Instagram Table Tent Icon | truzzer\",\"isPartOf\":{\"@id\":\"https:\/\/www.truzzer.com\/it\/#website\"},\"primaryImageOfPage\":{\"@id\":\"https:\/\/www.truzzer.com\/it\/prodotto\/follow-us-on-instagram-table-tent-icon\/#primaryimage\"},\"image\":{\"@id\":\"https:\/\/www.truzzer.com\/it\/prodotto\/follow-us-on-instagram-table-tent-icon\/#primaryimage\"},\"thumbnailUrl\":\"https:\/\/www.truzzer.com\/wp-content\/uploads\/2026\/02\/follow-us-on-instagram-table-tent-display-iconic-with-instagram-qr-code-truzzer-2.jpg\",\"datePublished\":\"2026-02-01T20:03:29+00:00\",\"dateModified\":\"2026-02-13T09:47:35+00:00\",\"description\":\"Pi\u00f9 follower Instagram con Follow us on Instagram Table Tent Icon di truzzer. Facile da configurare, pronto all'uso. Ordina ora!\",\"breadcrumb\":{\"@id\":\"https:\/\/www.truzzer.com\/it\/prodotto\/follow-us-on-instagram-table-tent-icon\/#breadcrumb\"},\"inLanguage\":\"it-IT\",\"potentialAction\":[{\"@type\":\"ReadAction\",\"target\":[\"https:\/\/www.truzzer.com\/it\/prodotto\/follow-us-on-instagram-table-tent-icon\/\"]}]},{\"@type\":\"ImageObject\",\"inLanguage\":\"it-IT\",\"@id\":\"https:\/\/www.truzzer.com\/it\/prodotto\/follow-us-on-instagram-table-tent-icon\/#primaryimage\",\"url\":\"https:\/\/www.truzzer.com\/wp-content\/uploads\/2026\/02\/follow-us-on-instagram-table-tent-display-iconic-with-instagram-qr-code-truzzer-2.jpg\",\"contentUrl\":\"https:\/\/www.truzzer.com\/wp-content\/uploads\/2026\/02\/follow-us-on-instagram-table-tent-display-iconic-with-instagram-qr-code-truzzer-2.jpg\",\"width\":1200,\"height\":1200},{\"@type\":\"BreadcrumbList\",\"@id\":\"https:\/\/www.truzzer.com\/it\/prodotto\/follow-us-on-instagram-table-tent-icon\/#breadcrumb\",\"itemListElement\":[{\"@type\":\"ListItem\",\"position\":1,\"name\":\"Home\",\"item\":\"https:\/\/www.truzzer.com\/it\/\"},{\"@type\":\"ListItem\",\"position\":2,\"name\":\"Negozio\",\"item\":\"https:\/\/www.truzzer.com\/it\/shop\/\"},{\"@type\":\"ListItem\",\"position\":3,\"name\":\"Seguici su Instagram Icona Tenda da Tavolo\"}]},{\"@type\":\"WebSite\",\"@id\":\"https:\/\/www.truzzer.com\/it\/#website\",\"url\":\"https:\/\/www.truzzer.com\/it\/\",\"name\":\"truzzer\",\"description\":\"Experts for customer trust\",\"publisher\":{\"@id\":\"https:\/\/www.truzzer.com\/it\/#organization\"},\"potentialAction\":[{\"@type\":\"SearchAction\",\"target\":{\"@type\":\"EntryPoint\",\"urlTemplate\":\"https:\/\/www.truzzer.com\/it\/?s={search_term_string}\"},\"query-input\":{\"@type\":\"PropertyValueSpecification\",\"valueRequired\":true,\"valueName\":\"search_term_string\"}}],\"inLanguage\":\"it-IT\"},{\"@type\":\"Organization\",\"@id\":\"https:\/\/www.truzzer.com\/it\/#organization\",\"name\":\"truzzer\",\"url\":\"https:\/\/www.truzzer.com\/it\/\",\"logo\":{\"@type\":\"ImageObject\",\"inLanguage\":\"it-IT\",\"@id\":\"https:\/\/www.truzzer.com\/it\/#\/schema\/logo\/image\/\",\"url\":\"https:\/\/truzzer.com\/wp-content\/uploads\/2026\/01\/truzzer-logo-black-1.svg\",\"contentUrl\":\"https:\/\/truzzer.com\/wp-content\/uploads\/2026\/01\/truzzer-logo-black-1.svg\",\"width\":938,\"height\":199,\"caption\":\"truzzer\"},\"image\":{\"@id\":\"https:\/\/www.truzzer.com\/it\/#\/schema\/logo\/image\/\"}}]}<\/script>\n<!-- \/ Yoast SEO plugin. -->","yoast_head_json":{"title":"Follow us on Instagram Table Tent Icon | truzzer","description":"Pi\u00f9 follower Instagram con Follow us on Instagram Table Tent Icon di truzzer. Facile da configurare, pronto all'uso. Ordina ora!","robots":{"index":"index","follow":"follow","max-snippet":"max-snippet:-1","max-image-preview":"max-image-preview:large","max-video-preview":"max-video-preview:-1"},"canonical":"https:\/\/www.truzzer.com\/it\/prodotto\/follow-us-on-instagram-table-tent-icon\/","og_locale":"it_IT","og_type":"article","og_title":"Follow us on Instagram Table Tent Icon | truzzer","og_description":"Pi\u00f9 follower Instagram con Follow us on Instagram Table Tent Icon di truzzer. Facile da configurare, pronto all'uso. Ordina ora!","og_url":"https:\/\/www.truzzer.com\/it\/prodotto\/follow-us-on-instagram-table-tent-icon\/","og_site_name":"truzzer","article_modified_time":"2026-02-13T09:47:35+00:00","og_image":[{"width":1200,"height":1200,"url":"https:\/\/www.truzzer.com\/wp-content\/uploads\/2026\/02\/follow-us-on-instagram-table-tent-display-iconic-with-instagram-qr-code-truzzer-2.jpg","type":"image\/jpeg"}],"twitter_card":"summary_large_image","twitter_misc":{"Tempo di lettura stimato":"1 minuto"},"schema":{"@context":"https:\/\/schema.org","@graph":[{"@type":"WebPage","@id":"https:\/\/www.truzzer.com\/it\/prodotto\/follow-us-on-instagram-table-tent-icon\/","url":"https:\/\/www.truzzer.com\/it\/prodotto\/follow-us-on-instagram-table-tent-icon\/","name":"Follow us on Instagram Table Tent Icon | truzzer","isPartOf":{"@id":"https:\/\/www.truzzer.com\/it\/#website"},"primaryImageOfPage":{"@id":"https:\/\/www.truzzer.com\/it\/prodotto\/follow-us-on-instagram-table-tent-icon\/#primaryimage"},"image":{"@id":"https:\/\/www.truzzer.com\/it\/prodotto\/follow-us-on-instagram-table-tent-icon\/#primaryimage"},"thumbnailUrl":"https:\/\/www.truzzer.com\/wp-content\/uploads\/2026\/02\/follow-us-on-instagram-table-tent-display-iconic-with-instagram-qr-code-truzzer-2.jpg","datePublished":"2026-02-01T20:03:29+00:00","dateModified":"2026-02-13T09:47:35+00:00","description":"Pi\u00f9 follower Instagram con Follow us on Instagram Table Tent Icon di truzzer. Facile da configurare, pronto all'uso. Ordina ora!","breadcrumb":{"@id":"https:\/\/www.truzzer.com\/it\/prodotto\/follow-us-on-instagram-table-tent-icon\/#breadcrumb"},"inLanguage":"it-IT","potentialAction":[{"@type":"ReadAction","target":["https:\/\/www.truzzer.com\/it\/prodotto\/follow-us-on-instagram-table-tent-icon\/"]}]},{"@type":"ImageObject","inLanguage":"it-IT","@id":"https:\/\/www.truzzer.com\/it\/prodotto\/follow-us-on-instagram-table-tent-icon\/#primaryimage","url":"https:\/\/www.truzzer.com\/wp-content\/uploads\/2026\/02\/follow-us-on-instagram-table-tent-display-iconic-with-instagram-qr-code-truzzer-2.jpg","contentUrl":"https:\/\/www.truzzer.com\/wp-content\/uploads\/2026\/02\/follow-us-on-instagram-table-tent-display-iconic-with-instagram-qr-code-truzzer-2.jpg","width":1200,"height":1200},{"@type":"BreadcrumbList","@id":"https:\/\/www.truzzer.com\/it\/prodotto\/follow-us-on-instagram-table-tent-icon\/#breadcrumb","itemListElement":[{"@type":"ListItem","position":1,"name":"Home","item":"https:\/\/www.truzzer.com\/it\/"},{"@type":"ListItem","position":2,"name":"Negozio","item":"https:\/\/www.truzzer.com\/it\/shop\/"},{"@type":"ListItem","position":3,"name":"Seguici su Instagram Icona Tenda da Tavolo"}]},{"@type":"WebSite","@id":"https:\/\/www.truzzer.com\/it\/#website","url":"https:\/\/www.truzzer.com\/it\/","name":"truzzer","description":"Experts for customer trust","publisher":{"@id":"https:\/\/www.truzzer.com\/it\/#organization"},"potentialAction":[{"@type":"SearchAction","target":{"@type":"EntryPoint","urlTemplate":"https:\/\/www.truzzer.com\/it\/?s={search_term_string}"},"query-input":{"@type":"PropertyValueSpecification","valueRequired":true,"valueName":"search_term_string"}}],"inLanguage":"it-IT"},{"@type":"Organization","@id":"https:\/\/www.truzzer.com\/it\/#organization","name":"truzzer","url":"https:\/\/www.truzzer.com\/it\/","logo":{"@type":"ImageObject","inLanguage":"it-IT","@id":"https:\/\/www.truzzer.com\/it\/#\/schema\/logo\/image\/","url":"https:\/\/truzzer.com\/wp-content\/uploads\/2026\/01\/truzzer-logo-black-1.svg","contentUrl":"https:\/\/truzzer.com\/wp-content\/uploads\/2026\/01\/truzzer-logo-black-1.svg","width":938,"height":199,"caption":"truzzer"},"image":{"@id":"https:\/\/www.truzzer.com\/it\/#\/schema\/logo\/image\/"}}]}},"tiered_pricing_type":"fixed","tiered_pricing_fixed_rules":[],"tiered_pricing_product_settings":{"layout":"default","base_unit_name":{"singular":null,"plural":null},"default_variation":null},"tiered_pricing_minimum_quantity":null,"tiered_pricing_roles_data":[],"tiered_pricing_percentage_rules":[],"tiered_pricing_maximum_quantity":null,"tiered_pricing_quantity_step":null,"_links":{"self":[{"href":"https:\/\/www.truzzer.com\/it\/wp-json\/wp\/v2\/product\/95933","targetHints":{"allow":["GET"]}}],"collection":[{"href":"https:\/\/www.truzzer.com\/it\/wp-json\/wp\/v2\/product"}],"about":[{"href":"https:\/\/www.truzzer.com\/it\/wp-json\/wp\/v2\/types\/product"}],"replies":[{"embeddable":true,"href":"https:\/\/www.truzzer.com\/it\/wp-json\/wp\/v2\/comments?post=95933"}],"wp:featuredmedia":[{"embeddable":true,"href":"https:\/\/www.truzzer.com\/it\/wp-json\/wp\/v2\/media\/95934"}],"wp:attachment":[{"href":"https:\/\/www.truzzer.com\/it\/wp-json\/wp\/v2\/media?parent=95933"}],"wp:term":[{"taxonomy":"product_brand","embeddable":true,"href":"https:\/\/www.truzzer.com\/it\/wp-json\/wp\/v2\/product_brand?post=95933"},{"taxonomy":"product_cat","embeddable":true,"href":"https:\/\/www.truzzer.com\/it\/wp-json\/wp\/v2\/product_cat?post=95933"},{"taxonomy":"product_tag","embeddable":true,"href":"https:\/\/www.truzzer.com\/it\/wp-json\/wp\/v2\/product_tag?post=95933"}],"curies":[{"name":"wp","href":"https:\/\/api.w.org\/{rel}","templated":true}]}}