{"id":95935,"date":"2026-02-01T20:03:20","date_gmt":"2026-02-01T20:03:20","guid":{"rendered":"https:\/\/beta.truzzer.com\/product\/follow-us-on-instagram-sticker-icon\/"},"modified":"2026-02-13T09:48:51","modified_gmt":"2026-02-13T09:48:51","slug":"follow-us-on-instagram-sticker-icon","status":"publish","type":"product","link":"https:\/\/www.truzzer.com\/it\/prodotto\/follow-us-on-instagram-sticker-icon\/","title":{"rendered":"Seguici su Instagram Icona adesivo"},"content":{"rendered":"<p>Con gli adesivi truzzer Seguici su Instagram con il collegamento al codice QR e il tuo nome utente, puoi facilmente ottenere nuovi follower su Instagram!<\/p>\n<p>Nel pratico formato verticale rendete il vostro conto tangibile per i vostri clienti.<br \/>\nPosiziona gli adesivi ben in vista nell&#8217;area cassa, sulla porta d&#8217;ingresso o ovunque i tuoi clienti possano vedere gli adesivi.<\/p>\n<p>-Adatto per uso interno ed esterno<br \/>\n&#8211; Resistente agli agenti atmosferici<br \/>\n-Adatto a qualsiasi superficie liscia<br \/>\n-Per negozi al dettaglio, porte o come adesivo Instagram per auto<br \/>\n-Mostra ai tuoi clienti che possono trovarti anche su Instagram<br \/>\n&#8211; Realizzato individualmente per te<\/p>\n<p>Il link Seguici su Instagram con gli adesivi con codice QR indirizza i tuoi clienti al tuo profilo quando scansionano il codice QR.<\/p>\n<p>I prodotti Seguici su Instagram sono facili da usare, come vorremmo mostrarti di seguito utilizzando come esempio gli adesivi &#8220;Seguici su Instagram&#8221;.<\/p>\n<p>&nbsp;<\/p>\n<h3>Passaggio 1: il cliente esegue la scansione del codice QR<\/h3>\n<p>Per seguirti, il cliente deve solo scansionare il codice QR. Tutto quello che devi fare \u00e8 tenere la fotocamera dello smartphone (non \u00e8 necessaria alcuna app scanner aggiuntiva) sul prodotto.<\/p>\n<p><img decoding=\"async\" class=\"alignleft wp-image-22262 size-full\" src=\"https:\/\/www.truzzer.com\/wp-content\/uploads\/2026\/02\/how-to-use-the-product-truzzer.jpg.webp\" alt=\"\" width=\"1400\" Height=\"933\" \/><\/p>\n<p>Sullo schermo verr\u00e0 quindi visualizzato un popup (iPhone) o verr\u00e0 visualizzato un codice QR (smartphone Android\/Google).<\/p>\n<h3>Passaggio 2: il cliente va direttamente al profilo Instagram<\/h3>\n<p>Instagram si aprir\u00e0 quindi e il cliente potr\u00e0 seguirti direttamente. Cos\u00ec facileAvviso:<br \/>\nTieni presente che per ottenere follower \u00e8 necessario un profilo Instagram.<\/p>\n<p>&nbsp;<\/p>\n<p>&nbsp;<\/p>\n","protected":false},"excerpt":{"rendered":"<p>Trasforma i tuoi clienti in follower Instagram con gli adesivi personalizzati Seguici su Instagram con il nome del tuo profilo e il collegamento QR scansionabile al tuo profilo Instagram.<\/p>\n<p>-Adatto per uso interno ed esterno<br \/>\n-Resistente agli agenti atmosferici<br \/>\n-Adatto a qualsiasi superficie liscia<br \/>\n-Per negozi al dettaglio, porte o come adesivo Instagram per auto<br \/>\n-Mostra ai tuoi clienti che possono trovarti anche su Instagram<br \/>\n-Realizzato individualmente per te<br \/>\n-Disponibile in tre dimensioni<\/p>\n<p>Collegheremo per te il codice QR al tuo profilo Instagram!<br \/>\nAggiungi il tuo nome utente pi\u00f9 avanti nel processo di ordinazione, ad es. &#8220;@La tua azienda&#8221;.<\/p>\n","protected":false},"featured_media":95936,"comment_status":"open","ping_status":"closed","template":"","meta":{"_acf_changed":false,"_yoast_wpseo_focuskw":"Instagram QR Code Adesivo","_yoast_wpseo_title":"Follow us on Instagram Sticker Icon | truzzer","_yoast_wpseo_metadesc":"Pi\u00f9 follower Instagram con Follow us on Instagram Sticker Icon di truzzer. Facile da configurare, pronto all'uso. Ordina ora!"},"product_brand":[1664],"product_cat":[493,492,839,840,825],"product_tag":[],"class_list":{"0":"post-95935","1":"product","2":"type-product","3":"status-publish","4":"has-post-thumbnail","6":"product_brand-instagram","7":"product_cat-codice-qr-adesivi","8":"product_cat-codice-qr-prodotti","9":"product_cat-follower-instagram-adesivi","10":"product_cat-follower-instagram-adesivi-con-codice-qr","11":"product_cat-follower-instagram-prodotti","12":"pa_industry-detailhandel","13":"pa_industry-fitness-gym","14":"pa_industry-ristorante-caffetteria","15":"pa_material-vinyl","16":"pa_placement-balie-receptie","17":"pa_placement-verpakking","18":"pa_placement-window-door","19":"pa_product-type-adesivo","20":"pa_shape-rechthoek","21":"pa_technology-codice-qr","22":"pa_technology-qr-code","24":"first","25":"instock","26":"taxable","27":"shipping-taxable","28":"purchasable","29":"product-type-variable","30":"has-default-attributes"},"acf":[],"yoast_head":"<!-- This site is optimized with the Yoast SEO plugin v27.0 - https:\/\/yoast.com\/product\/yoast-seo-wordpress\/ -->\n<title>Follow us on Instagram Sticker Icon | truzzer<\/title>\n<meta name=\"description\" content=\"Pi\u00f9 follower Instagram con Follow us on Instagram Sticker Icon di truzzer. Facile da configurare, pronto all&#039;uso. Ordina ora!\" \/>\n<meta name=\"robots\" content=\"index, follow, max-snippet:-1, max-image-preview:large, max-video-preview:-1\" \/>\n<link rel=\"canonical\" href=\"https:\/\/www.truzzer.com\/it\/prodotto\/follow-us-on-instagram-sticker-icon\/\" \/>\n<meta property=\"og:locale\" content=\"it_IT\" \/>\n<meta property=\"og:type\" content=\"article\" \/>\n<meta property=\"og:title\" content=\"Follow us on Instagram Sticker Icon | truzzer\" \/>\n<meta property=\"og:description\" content=\"Pi\u00f9 follower Instagram con Follow us on Instagram Sticker Icon di truzzer. Facile da configurare, pronto all&#039;uso. Ordina ora!\" \/>\n<meta property=\"og:url\" content=\"https:\/\/www.truzzer.com\/it\/prodotto\/follow-us-on-instagram-sticker-icon\/\" \/>\n<meta property=\"og:site_name\" content=\"truzzer\" \/>\n<meta property=\"article:modified_time\" content=\"2026-02-13T09:48:51+00:00\" \/>\n<meta property=\"og:image\" content=\"https:\/\/www.truzzer.com\/wp-content\/uploads\/2026\/02\/follow-us-on-instagram-sticker-iconic-with-instagram-qr-code-truzzer.jpg\" \/>\n\t<meta property=\"og:image:width\" content=\"1200\" \/>\n\t<meta property=\"og:image:height\" content=\"1200\" \/>\n\t<meta property=\"og:image:type\" content=\"image\/jpeg\" \/>\n<meta name=\"twitter:card\" content=\"summary_large_image\" \/>\n<meta name=\"twitter:label1\" content=\"Tempo di lettura stimato\" \/>\n\t<meta name=\"twitter:data1\" content=\"1 minuto\" \/>\n<script type=\"application\/ld+json\" class=\"yoast-schema-graph\">{\"@context\":\"https:\/\/schema.org\",\"@graph\":[{\"@type\":\"WebPage\",\"@id\":\"https:\/\/www.truzzer.com\/it\/prodotto\/follow-us-on-instagram-sticker-icon\/\",\"url\":\"https:\/\/www.truzzer.com\/it\/prodotto\/follow-us-on-instagram-sticker-icon\/\",\"name\":\"Follow us on Instagram Sticker Icon | truzzer\",\"isPartOf\":{\"@id\":\"https:\/\/www.truzzer.com\/it\/#website\"},\"primaryImageOfPage\":{\"@id\":\"https:\/\/www.truzzer.com\/it\/prodotto\/follow-us-on-instagram-sticker-icon\/#primaryimage\"},\"image\":{\"@id\":\"https:\/\/www.truzzer.com\/it\/prodotto\/follow-us-on-instagram-sticker-icon\/#primaryimage\"},\"thumbnailUrl\":\"https:\/\/www.truzzer.com\/wp-content\/uploads\/2026\/02\/follow-us-on-instagram-sticker-iconic-with-instagram-qr-code-truzzer.jpg\",\"datePublished\":\"2026-02-01T20:03:20+00:00\",\"dateModified\":\"2026-02-13T09:48:51+00:00\",\"description\":\"Pi\u00f9 follower Instagram con Follow us on Instagram Sticker Icon di truzzer. Facile da configurare, pronto all'uso. Ordina ora!\",\"breadcrumb\":{\"@id\":\"https:\/\/www.truzzer.com\/it\/prodotto\/follow-us-on-instagram-sticker-icon\/#breadcrumb\"},\"inLanguage\":\"it-IT\",\"potentialAction\":[{\"@type\":\"ReadAction\",\"target\":[\"https:\/\/www.truzzer.com\/it\/prodotto\/follow-us-on-instagram-sticker-icon\/\"]}]},{\"@type\":\"ImageObject\",\"inLanguage\":\"it-IT\",\"@id\":\"https:\/\/www.truzzer.com\/it\/prodotto\/follow-us-on-instagram-sticker-icon\/#primaryimage\",\"url\":\"https:\/\/www.truzzer.com\/wp-content\/uploads\/2026\/02\/follow-us-on-instagram-sticker-iconic-with-instagram-qr-code-truzzer.jpg\",\"contentUrl\":\"https:\/\/www.truzzer.com\/wp-content\/uploads\/2026\/02\/follow-us-on-instagram-sticker-iconic-with-instagram-qr-code-truzzer.jpg\",\"width\":1200,\"height\":1200},{\"@type\":\"BreadcrumbList\",\"@id\":\"https:\/\/www.truzzer.com\/it\/prodotto\/follow-us-on-instagram-sticker-icon\/#breadcrumb\",\"itemListElement\":[{\"@type\":\"ListItem\",\"position\":1,\"name\":\"Home\",\"item\":\"https:\/\/www.truzzer.com\/it\/\"},{\"@type\":\"ListItem\",\"position\":2,\"name\":\"Negozio\",\"item\":\"https:\/\/www.truzzer.com\/it\/shop\/\"},{\"@type\":\"ListItem\",\"position\":3,\"name\":\"Seguici su Instagram Icona adesivo\"}]},{\"@type\":\"WebSite\",\"@id\":\"https:\/\/www.truzzer.com\/it\/#website\",\"url\":\"https:\/\/www.truzzer.com\/it\/\",\"name\":\"truzzer\",\"description\":\"Experts for customer trust\",\"publisher\":{\"@id\":\"https:\/\/www.truzzer.com\/it\/#organization\"},\"potentialAction\":[{\"@type\":\"SearchAction\",\"target\":{\"@type\":\"EntryPoint\",\"urlTemplate\":\"https:\/\/www.truzzer.com\/it\/?s={search_term_string}\"},\"query-input\":{\"@type\":\"PropertyValueSpecification\",\"valueRequired\":true,\"valueName\":\"search_term_string\"}}],\"inLanguage\":\"it-IT\"},{\"@type\":\"Organization\",\"@id\":\"https:\/\/www.truzzer.com\/it\/#organization\",\"name\":\"truzzer\",\"url\":\"https:\/\/www.truzzer.com\/it\/\",\"logo\":{\"@type\":\"ImageObject\",\"inLanguage\":\"it-IT\",\"@id\":\"https:\/\/www.truzzer.com\/it\/#\/schema\/logo\/image\/\",\"url\":\"https:\/\/truzzer.com\/wp-content\/uploads\/2026\/01\/truzzer-logo-black-1.svg\",\"contentUrl\":\"https:\/\/truzzer.com\/wp-content\/uploads\/2026\/01\/truzzer-logo-black-1.svg\",\"width\":938,\"height\":199,\"caption\":\"truzzer\"},\"image\":{\"@id\":\"https:\/\/www.truzzer.com\/it\/#\/schema\/logo\/image\/\"}}]}<\/script>\n<!-- \/ Yoast SEO plugin. -->","yoast_head_json":{"title":"Follow us on Instagram Sticker Icon | truzzer","description":"Pi\u00f9 follower Instagram con Follow us on Instagram Sticker Icon di truzzer. Facile da configurare, pronto all'uso. Ordina ora!","robots":{"index":"index","follow":"follow","max-snippet":"max-snippet:-1","max-image-preview":"max-image-preview:large","max-video-preview":"max-video-preview:-1"},"canonical":"https:\/\/www.truzzer.com\/it\/prodotto\/follow-us-on-instagram-sticker-icon\/","og_locale":"it_IT","og_type":"article","og_title":"Follow us on Instagram Sticker Icon | truzzer","og_description":"Pi\u00f9 follower Instagram con Follow us on Instagram Sticker Icon di truzzer. Facile da configurare, pronto all'uso. Ordina ora!","og_url":"https:\/\/www.truzzer.com\/it\/prodotto\/follow-us-on-instagram-sticker-icon\/","og_site_name":"truzzer","article_modified_time":"2026-02-13T09:48:51+00:00","og_image":[{"width":1200,"height":1200,"url":"https:\/\/www.truzzer.com\/wp-content\/uploads\/2026\/02\/follow-us-on-instagram-sticker-iconic-with-instagram-qr-code-truzzer.jpg","type":"image\/jpeg"}],"twitter_card":"summary_large_image","twitter_misc":{"Tempo di lettura stimato":"1 minuto"},"schema":{"@context":"https:\/\/schema.org","@graph":[{"@type":"WebPage","@id":"https:\/\/www.truzzer.com\/it\/prodotto\/follow-us-on-instagram-sticker-icon\/","url":"https:\/\/www.truzzer.com\/it\/prodotto\/follow-us-on-instagram-sticker-icon\/","name":"Follow us on Instagram Sticker Icon | truzzer","isPartOf":{"@id":"https:\/\/www.truzzer.com\/it\/#website"},"primaryImageOfPage":{"@id":"https:\/\/www.truzzer.com\/it\/prodotto\/follow-us-on-instagram-sticker-icon\/#primaryimage"},"image":{"@id":"https:\/\/www.truzzer.com\/it\/prodotto\/follow-us-on-instagram-sticker-icon\/#primaryimage"},"thumbnailUrl":"https:\/\/www.truzzer.com\/wp-content\/uploads\/2026\/02\/follow-us-on-instagram-sticker-iconic-with-instagram-qr-code-truzzer.jpg","datePublished":"2026-02-01T20:03:20+00:00","dateModified":"2026-02-13T09:48:51+00:00","description":"Pi\u00f9 follower Instagram con Follow us on Instagram Sticker Icon di truzzer. Facile da configurare, pronto all'uso. Ordina ora!","breadcrumb":{"@id":"https:\/\/www.truzzer.com\/it\/prodotto\/follow-us-on-instagram-sticker-icon\/#breadcrumb"},"inLanguage":"it-IT","potentialAction":[{"@type":"ReadAction","target":["https:\/\/www.truzzer.com\/it\/prodotto\/follow-us-on-instagram-sticker-icon\/"]}]},{"@type":"ImageObject","inLanguage":"it-IT","@id":"https:\/\/www.truzzer.com\/it\/prodotto\/follow-us-on-instagram-sticker-icon\/#primaryimage","url":"https:\/\/www.truzzer.com\/wp-content\/uploads\/2026\/02\/follow-us-on-instagram-sticker-iconic-with-instagram-qr-code-truzzer.jpg","contentUrl":"https:\/\/www.truzzer.com\/wp-content\/uploads\/2026\/02\/follow-us-on-instagram-sticker-iconic-with-instagram-qr-code-truzzer.jpg","width":1200,"height":1200},{"@type":"BreadcrumbList","@id":"https:\/\/www.truzzer.com\/it\/prodotto\/follow-us-on-instagram-sticker-icon\/#breadcrumb","itemListElement":[{"@type":"ListItem","position":1,"name":"Home","item":"https:\/\/www.truzzer.com\/it\/"},{"@type":"ListItem","position":2,"name":"Negozio","item":"https:\/\/www.truzzer.com\/it\/shop\/"},{"@type":"ListItem","position":3,"name":"Seguici su Instagram Icona adesivo"}]},{"@type":"WebSite","@id":"https:\/\/www.truzzer.com\/it\/#website","url":"https:\/\/www.truzzer.com\/it\/","name":"truzzer","description":"Experts for customer trust","publisher":{"@id":"https:\/\/www.truzzer.com\/it\/#organization"},"potentialAction":[{"@type":"SearchAction","target":{"@type":"EntryPoint","urlTemplate":"https:\/\/www.truzzer.com\/it\/?s={search_term_string}"},"query-input":{"@type":"PropertyValueSpecification","valueRequired":true,"valueName":"search_term_string"}}],"inLanguage":"it-IT"},{"@type":"Organization","@id":"https:\/\/www.truzzer.com\/it\/#organization","name":"truzzer","url":"https:\/\/www.truzzer.com\/it\/","logo":{"@type":"ImageObject","inLanguage":"it-IT","@id":"https:\/\/www.truzzer.com\/it\/#\/schema\/logo\/image\/","url":"https:\/\/truzzer.com\/wp-content\/uploads\/2026\/01\/truzzer-logo-black-1.svg","contentUrl":"https:\/\/truzzer.com\/wp-content\/uploads\/2026\/01\/truzzer-logo-black-1.svg","width":938,"height":199,"caption":"truzzer"},"image":{"@id":"https:\/\/www.truzzer.com\/it\/#\/schema\/logo\/image\/"}}]}},"tiered_pricing_type":"fixed","tiered_pricing_fixed_rules":[],"tiered_pricing_product_settings":{"layout":"default","base_unit_name":{"singular":null,"plural":null},"default_variation":null},"tiered_pricing_minimum_quantity":null,"tiered_pricing_roles_data":[],"tiered_pricing_percentage_rules":[],"tiered_pricing_maximum_quantity":null,"tiered_pricing_quantity_step":null,"_links":{"self":[{"href":"https:\/\/www.truzzer.com\/it\/wp-json\/wp\/v2\/product\/95935","targetHints":{"allow":["GET"]}}],"collection":[{"href":"https:\/\/www.truzzer.com\/it\/wp-json\/wp\/v2\/product"}],"about":[{"href":"https:\/\/www.truzzer.com\/it\/wp-json\/wp\/v2\/types\/product"}],"replies":[{"embeddable":true,"href":"https:\/\/www.truzzer.com\/it\/wp-json\/wp\/v2\/comments?post=95935"}],"wp:featuredmedia":[{"embeddable":true,"href":"https:\/\/www.truzzer.com\/it\/wp-json\/wp\/v2\/media\/95936"}],"wp:attachment":[{"href":"https:\/\/www.truzzer.com\/it\/wp-json\/wp\/v2\/media?parent=95935"}],"wp:term":[{"taxonomy":"product_brand","embeddable":true,"href":"https:\/\/www.truzzer.com\/it\/wp-json\/wp\/v2\/product_brand?post=95935"},{"taxonomy":"product_cat","embeddable":true,"href":"https:\/\/www.truzzer.com\/it\/wp-json\/wp\/v2\/product_cat?post=95935"},{"taxonomy":"product_tag","embeddable":true,"href":"https:\/\/www.truzzer.com\/it\/wp-json\/wp\/v2\/product_tag?post=95935"}],"curies":[{"name":"wp","href":"https:\/\/api.w.org\/{rel}","templated":true}]}}