{"id":96052,"date":"2026-02-01T20:01:58","date_gmt":"2026-02-01T20:01:58","guid":{"rendered":"https:\/\/beta.truzzer.com\/product\/google-review-nfc-sticker-square-with-google-review-qr-code\/"},"modified":"2026-02-13T09:57:27","modified_gmt":"2026-02-13T09:57:27","slug":"google-review-nfc-sticker-square-with-google-review-qr-code","status":"publish","type":"product","link":"https:\/\/www.truzzer.com\/it\/prodotto\/google-review-nfc-sticker-square-with-google-review-qr-code\/","title":{"rendered":"Google Recensione NFC Adesivo &#8220;Quadrato&#8221; con Google Recensione QR Codice"},"content":{"rendered":"<h2>Ottieni pi\u00f9 recensioni su Google con gli adesivi con codice Google Review NFC QR da truzzer!<\/h2>\n<p>Con gli <strong>adesivi per recensioni truzzer Google<\/strong> con collegamento NFC, puoi ottenere pi\u00f9 velocemente recensioni positive dai tuoi clienti soddisfatti direttamente nel tuo negozio.<\/p>\n<p>Posiziona gli adesivi ben in vista nell&#8217;area cassa, sulla porta d&#8217;ingresso o ovunque i tuoi clienti possano vedere gli adesivi.<\/p>\n<p>-Adatto per uso interno ed esterno<br \/>\n&#8211; Resistente agli agenti atmosferici<br \/>\n-Adatto a qualsiasi superficie liscia<br \/>\n-Per negozi al dettaglio, porte o come adesivo per auto Google<br \/>\n-Mostra ai tuoi clienti che possono trovarti anche su Google<br \/>\n&#8211; Realizzato individualmente per te<\/p>\n<p>&nbsp;<\/p>\n<p>&nbsp;<\/p>\n","protected":false},"excerpt":{"rendered":"<h2>Ricevi recensioni Google con NFC<\/h2>\n<p><strong>Ottenere recensioni Google dai clienti non \u00e8 mai stato cos\u00ec facile!<\/strong><br \/>\nCon gli adesivi\/adesivi Google recensioni NFC senza contatto puoi facilmente vincere nuove recensioni Google direttamente sul posto.<br \/>\nCon il suo design accattivante, l&#8217;adesivo di valutazione Google suscita l&#8217;interesse dei clienti e l&#8217;invito all&#8217;azione incoraggia i tuoi clienti a valutarti su Google.<\/p>\n<p>Tutto ci\u00f2 che i tuoi clienti devono fare \u00e8 avvicinare il proprio smartphone all&#8217;adesivo e sul telefono si aprir\u00e0 un popup che li porter\u00e0 direttamente al modulo di recensione!<\/p>\n<p>Se lo smartphone del cliente non dispone della funzione NFC, sull&#8217;adesivo \u00e8 presente un codice QR alternativo che pu\u00f2 essere scansionato direttamente con la fotocamera dello smartphone <strong>&#8211; in entrambi i casi non \u00e8 necessaria alcuna app separata!<\/strong><\/p>\n<h3><strong>Ecco come gli adesivi NFC ti aiutano a ottenere pi\u00f9 valutazioni Google<br \/><\/strong><\/h3>\n<p>Gli adesivi NFC portano te e i tuoi clienti a superare gli ostacoli pi\u00f9 grandi nella classificazione Google:<\/p>\n<ul>\n<li>Nessuna domanda imbarazzante &amp; Chiedi, basta posizionare sul posto. L&#8217;<strong>invito all&#8217;azione<\/strong> sostituisce per te la richiesta di una valutazione Google<\/li>\n<li>Non dimenticarlo, perch\u00e9 ai clienti verr\u00e0 ricordata la classificazione Google.<\/li>\n<li>Nessuna ricerca e senza problemi: <strong>Il collegamento NFC e il codice QR di revisione Google portano direttamente al modulo di revisione<\/strong> (lo creeremo per te)<strong><br \/><\/strong><\/li>\n<li><strong>Toccabile<\/strong>: gli adesivi rendono la valutazione tangibile.<\/li>\n<li>Non \u00e8 richiesta alcuna app aggiuntiva.<\/li>\n<li>Attira l&#8217;attenzione: design moderno<\/li>\n<\/ul>\n<p><strong>Creeremo e collegheremo per te il collegamento NFC e il codice QR per la valutazione diretta sul tuo profilo Google!<\/strong><strong><br \/><\/strong><\/p>\n","protected":false},"featured_media":96055,"comment_status":"open","ping_status":"closed","template":"","meta":{"_acf_changed":false,"_yoast_wpseo_focuskw":"Recensione Google NFC Adesivo","_yoast_wpseo_title":"Google Review NFC Sticker \u201cSquare\u201d with Google ... | truzzer","_yoast_wpseo_metadesc":"Pi\u00f9 recensioni Google con Google Review NFC Sticker \u201cSquare\u201d with Google Review QR Code di truzzer. Facile da configurare. Ordina ora!"},"product_brand":[1653],"product_cat":[1294,564,1299],"product_tag":[],"class_list":{"0":"post-96052","1":"product","2":"type-product","3":"status-publish","4":"has-post-thumbnail","6":"product_brand-google","7":"product_cat-nfc-adesivi","8":"product_cat-nfc-prodotti","9":"product_cat-recensione-google-adesivi-con-qr-nfc","10":"pa_industry-detailhandel","11":"pa_industry-fitness-gym","12":"pa_industry-ristorante-caffetteria","13":"pa_material-vinyl","14":"pa_placement-balie-receptie","15":"pa_placement-verpakking","16":"pa_placement-window-door","17":"pa_product-type-adesivo","18":"pa_shape-vierkant","19":"pa_technology-nfc","20":"pa_technology-qr-nfc","22":"first","23":"instock","24":"taxable","25":"shipping-taxable","26":"purchasable","27":"product-type-simple"},"acf":[],"yoast_head":"<!-- This site is optimized with the Yoast SEO plugin v27.0 - https:\/\/yoast.com\/product\/yoast-seo-wordpress\/ -->\n<title>Google Review NFC Sticker \u201cSquare\u201d with Google ... | truzzer<\/title>\n<meta name=\"description\" content=\"Pi\u00f9 recensioni Google con Google Review NFC Sticker \u201cSquare\u201d with Google Review QR Code di truzzer. Facile da configurare. Ordina ora!\" \/>\n<meta name=\"robots\" content=\"index, follow, max-snippet:-1, max-image-preview:large, max-video-preview:-1\" \/>\n<link rel=\"canonical\" href=\"https:\/\/www.truzzer.com\/it\/prodotto\/google-review-nfc-sticker-square-with-google-review-qr-code\/\" \/>\n<meta property=\"og:locale\" content=\"it_IT\" \/>\n<meta property=\"og:type\" content=\"article\" \/>\n<meta property=\"og:title\" content=\"Google Review NFC Sticker \u201cSquare\u201d with Google ... | truzzer\" \/>\n<meta property=\"og:description\" content=\"Pi\u00f9 recensioni Google con Google Review NFC Sticker \u201cSquare\u201d with Google Review QR Code di truzzer. Facile da configurare. Ordina ora!\" \/>\n<meta property=\"og:url\" content=\"https:\/\/www.truzzer.com\/it\/prodotto\/google-review-nfc-sticker-square-with-google-review-qr-code\/\" \/>\n<meta property=\"og:site_name\" content=\"truzzer\" \/>\n<meta property=\"article:modified_time\" content=\"2026-02-13T09:57:27+00:00\" \/>\n<meta property=\"og:image\" content=\"https:\/\/www.truzzer.com\/wp-content\/uploads\/2026\/02\/google-review-nfc-sticker-google-qr-code-truzzer-1-2.jpg\" \/>\n\t<meta property=\"og:image:width\" content=\"1200\" \/>\n\t<meta property=\"og:image:height\" content=\"1200\" \/>\n\t<meta property=\"og:image:type\" content=\"image\/jpeg\" \/>\n<meta name=\"twitter:card\" content=\"summary_large_image\" \/>\n<meta name=\"twitter:label1\" content=\"Tempo di lettura stimato\" \/>\n\t<meta name=\"twitter:data1\" content=\"1 minuto\" \/>\n<script type=\"application\/ld+json\" class=\"yoast-schema-graph\">{\"@context\":\"https:\/\/schema.org\",\"@graph\":[{\"@type\":\"WebPage\",\"@id\":\"https:\/\/www.truzzer.com\/it\/prodotto\/google-review-nfc-sticker-square-with-google-review-qr-code\/\",\"url\":\"https:\/\/www.truzzer.com\/it\/prodotto\/google-review-nfc-sticker-square-with-google-review-qr-code\/\",\"name\":\"Google Review NFC Sticker \u201cSquare\u201d with Google ... | truzzer\",\"isPartOf\":{\"@id\":\"https:\/\/www.truzzer.com\/it\/#website\"},\"primaryImageOfPage\":{\"@id\":\"https:\/\/www.truzzer.com\/it\/prodotto\/google-review-nfc-sticker-square-with-google-review-qr-code\/#primaryimage\"},\"image\":{\"@id\":\"https:\/\/www.truzzer.com\/it\/prodotto\/google-review-nfc-sticker-square-with-google-review-qr-code\/#primaryimage\"},\"thumbnailUrl\":\"https:\/\/www.truzzer.com\/wp-content\/uploads\/2026\/02\/google-review-nfc-sticker-google-qr-code-truzzer-1-2.jpg\",\"datePublished\":\"2026-02-01T20:01:58+00:00\",\"dateModified\":\"2026-02-13T09:57:27+00:00\",\"description\":\"Pi\u00f9 recensioni Google con Google Review NFC Sticker \u201cSquare\u201d with Google Review QR Code di truzzer. Facile da configurare. Ordina ora!\",\"breadcrumb\":{\"@id\":\"https:\/\/www.truzzer.com\/it\/prodotto\/google-review-nfc-sticker-square-with-google-review-qr-code\/#breadcrumb\"},\"inLanguage\":\"it-IT\",\"potentialAction\":[{\"@type\":\"ReadAction\",\"target\":[\"https:\/\/www.truzzer.com\/it\/prodotto\/google-review-nfc-sticker-square-with-google-review-qr-code\/\"]}]},{\"@type\":\"ImageObject\",\"inLanguage\":\"it-IT\",\"@id\":\"https:\/\/www.truzzer.com\/it\/prodotto\/google-review-nfc-sticker-square-with-google-review-qr-code\/#primaryimage\",\"url\":\"https:\/\/www.truzzer.com\/wp-content\/uploads\/2026\/02\/google-review-nfc-sticker-google-qr-code-truzzer-1-2.jpg\",\"contentUrl\":\"https:\/\/www.truzzer.com\/wp-content\/uploads\/2026\/02\/google-review-nfc-sticker-google-qr-code-truzzer-1-2.jpg\",\"width\":1200,\"height\":1200},{\"@type\":\"BreadcrumbList\",\"@id\":\"https:\/\/www.truzzer.com\/it\/prodotto\/google-review-nfc-sticker-square-with-google-review-qr-code\/#breadcrumb\",\"itemListElement\":[{\"@type\":\"ListItem\",\"position\":1,\"name\":\"Home\",\"item\":\"https:\/\/www.truzzer.com\/it\/\"},{\"@type\":\"ListItem\",\"position\":2,\"name\":\"Negozio\",\"item\":\"https:\/\/www.truzzer.com\/it\/shop\/\"},{\"@type\":\"ListItem\",\"position\":3,\"name\":\"Google Recensione NFC Adesivo &#8220;Quadrato&#8221; con Google Recensione QR Codice\"}]},{\"@type\":\"WebSite\",\"@id\":\"https:\/\/www.truzzer.com\/it\/#website\",\"url\":\"https:\/\/www.truzzer.com\/it\/\",\"name\":\"truzzer\",\"description\":\"Experts for customer trust\",\"publisher\":{\"@id\":\"https:\/\/www.truzzer.com\/it\/#organization\"},\"potentialAction\":[{\"@type\":\"SearchAction\",\"target\":{\"@type\":\"EntryPoint\",\"urlTemplate\":\"https:\/\/www.truzzer.com\/it\/?s={search_term_string}\"},\"query-input\":{\"@type\":\"PropertyValueSpecification\",\"valueRequired\":true,\"valueName\":\"search_term_string\"}}],\"inLanguage\":\"it-IT\"},{\"@type\":\"Organization\",\"@id\":\"https:\/\/www.truzzer.com\/it\/#organization\",\"name\":\"truzzer\",\"url\":\"https:\/\/www.truzzer.com\/it\/\",\"logo\":{\"@type\":\"ImageObject\",\"inLanguage\":\"it-IT\",\"@id\":\"https:\/\/www.truzzer.com\/it\/#\/schema\/logo\/image\/\",\"url\":\"https:\/\/truzzer.com\/wp-content\/uploads\/2026\/01\/truzzer-logo-black-1.svg\",\"contentUrl\":\"https:\/\/truzzer.com\/wp-content\/uploads\/2026\/01\/truzzer-logo-black-1.svg\",\"width\":938,\"height\":199,\"caption\":\"truzzer\"},\"image\":{\"@id\":\"https:\/\/www.truzzer.com\/it\/#\/schema\/logo\/image\/\"}}]}<\/script>\n<!-- \/ Yoast SEO plugin. -->","yoast_head_json":{"title":"Google Review NFC Sticker \u201cSquare\u201d with Google ... | truzzer","description":"Pi\u00f9 recensioni Google con Google Review NFC Sticker \u201cSquare\u201d with Google Review QR Code di truzzer. Facile da configurare. Ordina ora!","robots":{"index":"index","follow":"follow","max-snippet":"max-snippet:-1","max-image-preview":"max-image-preview:large","max-video-preview":"max-video-preview:-1"},"canonical":"https:\/\/www.truzzer.com\/it\/prodotto\/google-review-nfc-sticker-square-with-google-review-qr-code\/","og_locale":"it_IT","og_type":"article","og_title":"Google Review NFC Sticker \u201cSquare\u201d with Google ... | truzzer","og_description":"Pi\u00f9 recensioni Google con Google Review NFC Sticker \u201cSquare\u201d with Google Review QR Code di truzzer. Facile da configurare. Ordina ora!","og_url":"https:\/\/www.truzzer.com\/it\/prodotto\/google-review-nfc-sticker-square-with-google-review-qr-code\/","og_site_name":"truzzer","article_modified_time":"2026-02-13T09:57:27+00:00","og_image":[{"width":1200,"height":1200,"url":"https:\/\/www.truzzer.com\/wp-content\/uploads\/2026\/02\/google-review-nfc-sticker-google-qr-code-truzzer-1-2.jpg","type":"image\/jpeg"}],"twitter_card":"summary_large_image","twitter_misc":{"Tempo di lettura stimato":"1 minuto"},"schema":{"@context":"https:\/\/schema.org","@graph":[{"@type":"WebPage","@id":"https:\/\/www.truzzer.com\/it\/prodotto\/google-review-nfc-sticker-square-with-google-review-qr-code\/","url":"https:\/\/www.truzzer.com\/it\/prodotto\/google-review-nfc-sticker-square-with-google-review-qr-code\/","name":"Google Review NFC Sticker \u201cSquare\u201d with Google ... | truzzer","isPartOf":{"@id":"https:\/\/www.truzzer.com\/it\/#website"},"primaryImageOfPage":{"@id":"https:\/\/www.truzzer.com\/it\/prodotto\/google-review-nfc-sticker-square-with-google-review-qr-code\/#primaryimage"},"image":{"@id":"https:\/\/www.truzzer.com\/it\/prodotto\/google-review-nfc-sticker-square-with-google-review-qr-code\/#primaryimage"},"thumbnailUrl":"https:\/\/www.truzzer.com\/wp-content\/uploads\/2026\/02\/google-review-nfc-sticker-google-qr-code-truzzer-1-2.jpg","datePublished":"2026-02-01T20:01:58+00:00","dateModified":"2026-02-13T09:57:27+00:00","description":"Pi\u00f9 recensioni Google con Google Review NFC Sticker \u201cSquare\u201d with Google Review QR Code di truzzer. Facile da configurare. Ordina ora!","breadcrumb":{"@id":"https:\/\/www.truzzer.com\/it\/prodotto\/google-review-nfc-sticker-square-with-google-review-qr-code\/#breadcrumb"},"inLanguage":"it-IT","potentialAction":[{"@type":"ReadAction","target":["https:\/\/www.truzzer.com\/it\/prodotto\/google-review-nfc-sticker-square-with-google-review-qr-code\/"]}]},{"@type":"ImageObject","inLanguage":"it-IT","@id":"https:\/\/www.truzzer.com\/it\/prodotto\/google-review-nfc-sticker-square-with-google-review-qr-code\/#primaryimage","url":"https:\/\/www.truzzer.com\/wp-content\/uploads\/2026\/02\/google-review-nfc-sticker-google-qr-code-truzzer-1-2.jpg","contentUrl":"https:\/\/www.truzzer.com\/wp-content\/uploads\/2026\/02\/google-review-nfc-sticker-google-qr-code-truzzer-1-2.jpg","width":1200,"height":1200},{"@type":"BreadcrumbList","@id":"https:\/\/www.truzzer.com\/it\/prodotto\/google-review-nfc-sticker-square-with-google-review-qr-code\/#breadcrumb","itemListElement":[{"@type":"ListItem","position":1,"name":"Home","item":"https:\/\/www.truzzer.com\/it\/"},{"@type":"ListItem","position":2,"name":"Negozio","item":"https:\/\/www.truzzer.com\/it\/shop\/"},{"@type":"ListItem","position":3,"name":"Google Recensione NFC Adesivo &#8220;Quadrato&#8221; con Google Recensione QR Codice"}]},{"@type":"WebSite","@id":"https:\/\/www.truzzer.com\/it\/#website","url":"https:\/\/www.truzzer.com\/it\/","name":"truzzer","description":"Experts for customer trust","publisher":{"@id":"https:\/\/www.truzzer.com\/it\/#organization"},"potentialAction":[{"@type":"SearchAction","target":{"@type":"EntryPoint","urlTemplate":"https:\/\/www.truzzer.com\/it\/?s={search_term_string}"},"query-input":{"@type":"PropertyValueSpecification","valueRequired":true,"valueName":"search_term_string"}}],"inLanguage":"it-IT"},{"@type":"Organization","@id":"https:\/\/www.truzzer.com\/it\/#organization","name":"truzzer","url":"https:\/\/www.truzzer.com\/it\/","logo":{"@type":"ImageObject","inLanguage":"it-IT","@id":"https:\/\/www.truzzer.com\/it\/#\/schema\/logo\/image\/","url":"https:\/\/truzzer.com\/wp-content\/uploads\/2026\/01\/truzzer-logo-black-1.svg","contentUrl":"https:\/\/truzzer.com\/wp-content\/uploads\/2026\/01\/truzzer-logo-black-1.svg","width":938,"height":199,"caption":"truzzer"},"image":{"@id":"https:\/\/www.truzzer.com\/it\/#\/schema\/logo\/image\/"}}]}},"tiered_pricing_type":"fixed","tiered_pricing_fixed_rules":[],"tiered_pricing_product_settings":{"layout":"default","base_unit_name":{"singular":null,"plural":null},"default_variation":null},"tiered_pricing_minimum_quantity":null,"tiered_pricing_roles_data":[],"tiered_pricing_percentage_rules":[],"tiered_pricing_maximum_quantity":null,"tiered_pricing_quantity_step":null,"_links":{"self":[{"href":"https:\/\/www.truzzer.com\/it\/wp-json\/wp\/v2\/product\/96052","targetHints":{"allow":["GET"]}}],"collection":[{"href":"https:\/\/www.truzzer.com\/it\/wp-json\/wp\/v2\/product"}],"about":[{"href":"https:\/\/www.truzzer.com\/it\/wp-json\/wp\/v2\/types\/product"}],"replies":[{"embeddable":true,"href":"https:\/\/www.truzzer.com\/it\/wp-json\/wp\/v2\/comments?post=96052"}],"wp:featuredmedia":[{"embeddable":true,"href":"https:\/\/www.truzzer.com\/it\/wp-json\/wp\/v2\/media\/96055"}],"wp:attachment":[{"href":"https:\/\/www.truzzer.com\/it\/wp-json\/wp\/v2\/media?parent=96052"}],"wp:term":[{"taxonomy":"product_brand","embeddable":true,"href":"https:\/\/www.truzzer.com\/it\/wp-json\/wp\/v2\/product_brand?post=96052"},{"taxonomy":"product_cat","embeddable":true,"href":"https:\/\/www.truzzer.com\/it\/wp-json\/wp\/v2\/product_cat?post=96052"},{"taxonomy":"product_tag","embeddable":true,"href":"https:\/\/www.truzzer.com\/it\/wp-json\/wp\/v2\/product_tag?post=96052"}],"curies":[{"name":"wp","href":"https:\/\/api.w.org\/{rel}","templated":true}]}}