{"id":96057,"date":"2026-02-01T20:01:49","date_gmt":"2026-02-01T20:01:49","guid":{"rendered":"https:\/\/beta.truzzer.com\/product\/follow-us-on-instagram-nfc-business-card-tap\/"},"modified":"2026-02-13T07:59:10","modified_gmt":"2026-02-13T07:59:10","slug":"follow-us-on-instagram-nfc-business-card-tap","status":"publish","type":"product","link":"https:\/\/www.truzzer.com\/it\/prodotto\/follow-us-on-instagram-nfc-business-card-tap\/","title":{"rendered":"Seguici su Instagram NFC Biglietto da visita &#8220;Tap&#8221;"},"content":{"rendered":"<div style=\"width: 1280px\" class=\"wp-video\"><video class=\"wp-video-shortcode\" id=\"video-0-1\" width=\"1280\" height=\"720\" preload=\"metadata\" controls=\"controls\"><a href=\"https:\/\/www.truzzer.de\/wp-content\/uploads\/2023\/05\/ig-card.mp4\">https:\/\/www.truzzer.de\/wp-content\/uploads\/2023\/05\/ig-card.mp4<\/a><\/video><\/div>\n<p>Social media has become an important part of our daily life. Instagram is one of the most used platforms, with over a billion active users worldwide. Having a presence on Instagram is vital for businesses to gain greater reach and visibility. One way to achieve this is by using recommended Follow us on Instagram NFC cards.<\/p>\n<p>These NFC cards are an effective way to get your customers to follow your Instagram account. The cards can be easily placed on tables or counters for customers to see. If a customer has an NFC-enabled smartphone, they can simply hold the phone up to the card and they will be taken straight to your Instagram profile without having to manually look it up. This is an easy and convenient way for customers to follow you on Instagram.<\/p>\n<p>But what if the customer does not have an NFC-enabled smartphone? No problem. Each card also contains a QR code that the customer can simply scan with their smartphone to be redirected to your Instagram profile. This is a great option for customers who don&#8217;t have an NFC-enabled smartphone or don&#8217;t want to use the NFC feature.<\/p>\n<p>By using recommended Follow us on Instagram NFC cards, businesses can quickly and easily gain more followers on Instagram. These cards offer a convenient and effective way to boost your social media presence and increase your reach. In addition, they are easy to implement and do not require any special technical knowledge.<\/p>\n<p>Overall, using recommended Follow us on Instagram NFC cards is a great way for businesses to boost their social media presence and get more followers on Instagram. Incorporating NFC technology into your marketing strategy can help your business stand out from the competition and attract more customers.<\/p>\n<p>&nbsp;<\/p>\n","protected":false},"excerpt":{"rendered":"<h2>Vinci follower Instagram con le carte NFC!<\/h2>\n<p><strong>Convertire i clienti in follower Instagram non \u00e8 mai stato cos\u00ec facile!<\/strong><br \/>\nCon le carte contactless Instagram NFC puoi facilmente conquistare nuovi follower Instagram direttamente sul posto.<br \/>\nCon il loro design accattivante, le carte Instagram NFC suscitano l&#8217;interesse dei clienti e l&#8217;invito all&#8217;azione incoraggia i tuoi clienti a seguirti su Instagram.<\/p>\n<p>Tutto quello che i tuoi clienti dovranno fare \u00e8 avvicinare il proprio smartphone alla carta e sul loro telefono si aprir\u00e0 un pop-up che porter\u00e0 direttamente al tuo profilo Instagram!<\/p>\n<p>Se lo smartphone del cliente non dispone della funzione NFC, sull&#8217;espositore \u00e8 presente un codice alternativo QR, che pu\u00f2 essere scansionato direttamente con la fotocamera dello smartphone <strong>&#8211; in entrambi i casi non \u00e8 necessaria alcuna app separata!<\/strong><\/p>\n<h3><strong>Ecco come le carte NFC ti aiutano ad acquisire pi\u00f9 follower<br \/>\n<\/strong><\/h3>\n<p>&nbsp;<\/p>\n<ul>\n<li>Nessuna domanda imbarazzante &amp; Richiesta. L&#8217;<strong>invito all&#8217;azione<\/strong> incoraggia i tuoi clienti a seguirti<\/li>\n<li>Non dimenticarlo, perch\u00e9 i clienti verranno messi a conoscenza del tuo profilo Instagram<\/li>\n<li>Nessuna ricerca e nessuna difficolt\u00e0: <strong>Il link NFC e il codice Instagram QR portano direttamente al tuo profilo<\/strong>(lo creiamo noi per te)<strong><br \/>\n<\/strong><\/li>\n<li><strong>Accessibile<\/strong>: le carte NFC rendono tangibile il tuo profilo Instagram.<\/li>\n<li>Non \u00e8 richiesta alcuna app aggiuntiva.<\/li>\n<li>Attira l&#8217;attenzione: design moderno<\/li>\n<\/ul>\n<p><strong>Creeremo e collegheremo per te il collegamento NFC e il codice QR al tuo profilo Instagram!<\/strong><strong><br \/>\n<\/strong><\/p>\n","protected":false},"featured_media":96064,"comment_status":"open","ping_status":"closed","template":"","meta":{"_acf_changed":false,"_yoast_wpseo_focuskw":"Instagram QR Code NFC Tag","_yoast_wpseo_title":"Follow Us On Instagram NFC Business Card \u201cTap\u201d | truzzer","_yoast_wpseo_metadesc":"Pi\u00f9 follower Instagram con Follow Us On Instagram NFC Business Card \u201cTap\u201d di truzzer. Facile da configurare, pronto all'uso. Ordina ora!"},"product_brand":[1664],"product_cat":[1302,564],"product_tag":[],"class_list":{"0":"post-96057","1":"product","2":"type-product","3":"status-publish","4":"has-post-thumbnail","6":"product_brand-instagram","7":"product_cat-follower-instagram-biglietti-da-visita-con-nfc","8":"product_cat-nfc-prodotti","9":"pa_industry-consulenza-burocratica","10":"pa_industry-locali-diensten","11":"pa_industry-onroerend-goed","12":"pa_material-plastic","13":"pa_placement-balie-receptie","14":"pa_placement-opuscolo","15":"pa_placement-portemonnee-personale","16":"pa_product-type-visitekaartjes","17":"pa_technology-nfc","19":"first","20":"instock","21":"taxable","22":"shipping-taxable","23":"purchasable","24":"product-type-simple"},"acf":[],"yoast_head":"<!-- This site is optimized with the Yoast SEO plugin v27.0 - https:\/\/yoast.com\/product\/yoast-seo-wordpress\/ -->\n<title>Follow Us On Instagram NFC Business Card \u201cTap\u201d | truzzer<\/title>\n<meta name=\"description\" content=\"Pi\u00f9 follower Instagram con Follow Us On Instagram NFC Business Card \u201cTap\u201d di truzzer. Facile da configurare, pronto all&#039;uso. Ordina ora!\" \/>\n<meta name=\"robots\" content=\"index, follow, max-snippet:-1, max-image-preview:large, max-video-preview:-1\" \/>\n<link rel=\"canonical\" href=\"https:\/\/www.truzzer.com\/it\/prodotto\/follow-us-on-instagram-nfc-business-card-tap\/\" \/>\n<meta property=\"og:locale\" content=\"it_IT\" \/>\n<meta property=\"og:type\" content=\"article\" \/>\n<meta property=\"og:title\" content=\"Follow Us On Instagram NFC Business Card \u201cTap\u201d | truzzer\" \/>\n<meta property=\"og:description\" content=\"Pi\u00f9 follower Instagram con Follow Us On Instagram NFC Business Card \u201cTap\u201d di truzzer. Facile da configurare, pronto all&#039;uso. Ordina ora!\" \/>\n<meta property=\"og:url\" content=\"https:\/\/www.truzzer.com\/it\/prodotto\/follow-us-on-instagram-nfc-business-card-tap\/\" \/>\n<meta property=\"og:site_name\" content=\"truzzer\" \/>\n<meta property=\"article:modified_time\" content=\"2026-02-13T07:59:10+00:00\" \/>\n<meta property=\"og:image\" content=\"https:\/\/www.truzzer.com\/wp-content\/uploads\/2026\/02\/instagram-nfc-business-card-visitenkarte-smartcard-empfehlio-truzzer-1.jpg\" \/>\n\t<meta property=\"og:image:width\" content=\"1200\" \/>\n\t<meta property=\"og:image:height\" content=\"1200\" \/>\n\t<meta property=\"og:image:type\" content=\"image\/jpeg\" \/>\n<meta name=\"twitter:card\" content=\"summary_large_image\" \/>\n<meta name=\"twitter:label1\" content=\"Tempo di lettura stimato\" \/>\n\t<meta name=\"twitter:data1\" content=\"1 minuto\" \/>\n<script type=\"application\/ld+json\" class=\"yoast-schema-graph\">{\"@context\":\"https:\/\/schema.org\",\"@graph\":[{\"@type\":\"WebPage\",\"@id\":\"https:\/\/www.truzzer.com\/it\/prodotto\/follow-us-on-instagram-nfc-business-card-tap\/\",\"url\":\"https:\/\/www.truzzer.com\/it\/prodotto\/follow-us-on-instagram-nfc-business-card-tap\/\",\"name\":\"Follow Us On Instagram NFC Business Card \u201cTap\u201d | truzzer\",\"isPartOf\":{\"@id\":\"https:\/\/www.truzzer.com\/it\/#website\"},\"primaryImageOfPage\":{\"@id\":\"https:\/\/www.truzzer.com\/it\/prodotto\/follow-us-on-instagram-nfc-business-card-tap\/#primaryimage\"},\"image\":{\"@id\":\"https:\/\/www.truzzer.com\/it\/prodotto\/follow-us-on-instagram-nfc-business-card-tap\/#primaryimage\"},\"thumbnailUrl\":\"https:\/\/www.truzzer.com\/wp-content\/uploads\/2026\/02\/instagram-nfc-business-card-visitenkarte-smartcard-empfehlio-truzzer-1.jpg\",\"datePublished\":\"2026-02-01T20:01:49+00:00\",\"dateModified\":\"2026-02-13T07:59:10+00:00\",\"description\":\"Pi\u00f9 follower Instagram con Follow Us On Instagram NFC Business Card \u201cTap\u201d di truzzer. Facile da configurare, pronto all'uso. Ordina ora!\",\"breadcrumb\":{\"@id\":\"https:\/\/www.truzzer.com\/it\/prodotto\/follow-us-on-instagram-nfc-business-card-tap\/#breadcrumb\"},\"inLanguage\":\"it-IT\",\"potentialAction\":[{\"@type\":\"ReadAction\",\"target\":[\"https:\/\/www.truzzer.com\/it\/prodotto\/follow-us-on-instagram-nfc-business-card-tap\/\"]}]},{\"@type\":\"ImageObject\",\"inLanguage\":\"it-IT\",\"@id\":\"https:\/\/www.truzzer.com\/it\/prodotto\/follow-us-on-instagram-nfc-business-card-tap\/#primaryimage\",\"url\":\"https:\/\/www.truzzer.com\/wp-content\/uploads\/2026\/02\/instagram-nfc-business-card-visitenkarte-smartcard-empfehlio-truzzer-1.jpg\",\"contentUrl\":\"https:\/\/www.truzzer.com\/wp-content\/uploads\/2026\/02\/instagram-nfc-business-card-visitenkarte-smartcard-empfehlio-truzzer-1.jpg\",\"width\":1200,\"height\":1200},{\"@type\":\"BreadcrumbList\",\"@id\":\"https:\/\/www.truzzer.com\/it\/prodotto\/follow-us-on-instagram-nfc-business-card-tap\/#breadcrumb\",\"itemListElement\":[{\"@type\":\"ListItem\",\"position\":1,\"name\":\"Home\",\"item\":\"https:\/\/www.truzzer.com\/it\/\"},{\"@type\":\"ListItem\",\"position\":2,\"name\":\"Negozio\",\"item\":\"https:\/\/www.truzzer.com\/it\/shop\/\"},{\"@type\":\"ListItem\",\"position\":3,\"name\":\"Seguici su Instagram NFC Biglietto da visita &#8220;Tap&#8221;\"}]},{\"@type\":\"WebSite\",\"@id\":\"https:\/\/www.truzzer.com\/it\/#website\",\"url\":\"https:\/\/www.truzzer.com\/it\/\",\"name\":\"truzzer\",\"description\":\"Experts for customer trust\",\"publisher\":{\"@id\":\"https:\/\/www.truzzer.com\/it\/#organization\"},\"potentialAction\":[{\"@type\":\"SearchAction\",\"target\":{\"@type\":\"EntryPoint\",\"urlTemplate\":\"https:\/\/www.truzzer.com\/it\/?s={search_term_string}\"},\"query-input\":{\"@type\":\"PropertyValueSpecification\",\"valueRequired\":true,\"valueName\":\"search_term_string\"}}],\"inLanguage\":\"it-IT\"},{\"@type\":\"Organization\",\"@id\":\"https:\/\/www.truzzer.com\/it\/#organization\",\"name\":\"truzzer\",\"url\":\"https:\/\/www.truzzer.com\/it\/\",\"logo\":{\"@type\":\"ImageObject\",\"inLanguage\":\"it-IT\",\"@id\":\"https:\/\/www.truzzer.com\/it\/#\/schema\/logo\/image\/\",\"url\":\"https:\/\/truzzer.com\/wp-content\/uploads\/2026\/01\/truzzer-logo-black-1.svg\",\"contentUrl\":\"https:\/\/truzzer.com\/wp-content\/uploads\/2026\/01\/truzzer-logo-black-1.svg\",\"width\":938,\"height\":199,\"caption\":\"truzzer\"},\"image\":{\"@id\":\"https:\/\/www.truzzer.com\/it\/#\/schema\/logo\/image\/\"}}]}<\/script>\n<!-- \/ Yoast SEO plugin. -->","yoast_head_json":{"title":"Follow Us On Instagram NFC Business Card \u201cTap\u201d | truzzer","description":"Pi\u00f9 follower Instagram con Follow Us On Instagram NFC Business Card \u201cTap\u201d di truzzer. Facile da configurare, pronto all'uso. Ordina ora!","robots":{"index":"index","follow":"follow","max-snippet":"max-snippet:-1","max-image-preview":"max-image-preview:large","max-video-preview":"max-video-preview:-1"},"canonical":"https:\/\/www.truzzer.com\/it\/prodotto\/follow-us-on-instagram-nfc-business-card-tap\/","og_locale":"it_IT","og_type":"article","og_title":"Follow Us On Instagram NFC Business Card \u201cTap\u201d | truzzer","og_description":"Pi\u00f9 follower Instagram con Follow Us On Instagram NFC Business Card \u201cTap\u201d di truzzer. Facile da configurare, pronto all'uso. Ordina ora!","og_url":"https:\/\/www.truzzer.com\/it\/prodotto\/follow-us-on-instagram-nfc-business-card-tap\/","og_site_name":"truzzer","article_modified_time":"2026-02-13T07:59:10+00:00","og_image":[{"width":1200,"height":1200,"url":"https:\/\/www.truzzer.com\/wp-content\/uploads\/2026\/02\/instagram-nfc-business-card-visitenkarte-smartcard-empfehlio-truzzer-1.jpg","type":"image\/jpeg"}],"twitter_card":"summary_large_image","twitter_misc":{"Tempo di lettura stimato":"1 minuto"},"schema":{"@context":"https:\/\/schema.org","@graph":[{"@type":"WebPage","@id":"https:\/\/www.truzzer.com\/it\/prodotto\/follow-us-on-instagram-nfc-business-card-tap\/","url":"https:\/\/www.truzzer.com\/it\/prodotto\/follow-us-on-instagram-nfc-business-card-tap\/","name":"Follow Us On Instagram NFC Business Card \u201cTap\u201d | truzzer","isPartOf":{"@id":"https:\/\/www.truzzer.com\/it\/#website"},"primaryImageOfPage":{"@id":"https:\/\/www.truzzer.com\/it\/prodotto\/follow-us-on-instagram-nfc-business-card-tap\/#primaryimage"},"image":{"@id":"https:\/\/www.truzzer.com\/it\/prodotto\/follow-us-on-instagram-nfc-business-card-tap\/#primaryimage"},"thumbnailUrl":"https:\/\/www.truzzer.com\/wp-content\/uploads\/2026\/02\/instagram-nfc-business-card-visitenkarte-smartcard-empfehlio-truzzer-1.jpg","datePublished":"2026-02-01T20:01:49+00:00","dateModified":"2026-02-13T07:59:10+00:00","description":"Pi\u00f9 follower Instagram con Follow Us On Instagram NFC Business Card \u201cTap\u201d di truzzer. Facile da configurare, pronto all'uso. Ordina ora!","breadcrumb":{"@id":"https:\/\/www.truzzer.com\/it\/prodotto\/follow-us-on-instagram-nfc-business-card-tap\/#breadcrumb"},"inLanguage":"it-IT","potentialAction":[{"@type":"ReadAction","target":["https:\/\/www.truzzer.com\/it\/prodotto\/follow-us-on-instagram-nfc-business-card-tap\/"]}]},{"@type":"ImageObject","inLanguage":"it-IT","@id":"https:\/\/www.truzzer.com\/it\/prodotto\/follow-us-on-instagram-nfc-business-card-tap\/#primaryimage","url":"https:\/\/www.truzzer.com\/wp-content\/uploads\/2026\/02\/instagram-nfc-business-card-visitenkarte-smartcard-empfehlio-truzzer-1.jpg","contentUrl":"https:\/\/www.truzzer.com\/wp-content\/uploads\/2026\/02\/instagram-nfc-business-card-visitenkarte-smartcard-empfehlio-truzzer-1.jpg","width":1200,"height":1200},{"@type":"BreadcrumbList","@id":"https:\/\/www.truzzer.com\/it\/prodotto\/follow-us-on-instagram-nfc-business-card-tap\/#breadcrumb","itemListElement":[{"@type":"ListItem","position":1,"name":"Home","item":"https:\/\/www.truzzer.com\/it\/"},{"@type":"ListItem","position":2,"name":"Negozio","item":"https:\/\/www.truzzer.com\/it\/shop\/"},{"@type":"ListItem","position":3,"name":"Seguici su Instagram NFC Biglietto da visita &#8220;Tap&#8221;"}]},{"@type":"WebSite","@id":"https:\/\/www.truzzer.com\/it\/#website","url":"https:\/\/www.truzzer.com\/it\/","name":"truzzer","description":"Experts for customer trust","publisher":{"@id":"https:\/\/www.truzzer.com\/it\/#organization"},"potentialAction":[{"@type":"SearchAction","target":{"@type":"EntryPoint","urlTemplate":"https:\/\/www.truzzer.com\/it\/?s={search_term_string}"},"query-input":{"@type":"PropertyValueSpecification","valueRequired":true,"valueName":"search_term_string"}}],"inLanguage":"it-IT"},{"@type":"Organization","@id":"https:\/\/www.truzzer.com\/it\/#organization","name":"truzzer","url":"https:\/\/www.truzzer.com\/it\/","logo":{"@type":"ImageObject","inLanguage":"it-IT","@id":"https:\/\/www.truzzer.com\/it\/#\/schema\/logo\/image\/","url":"https:\/\/truzzer.com\/wp-content\/uploads\/2026\/01\/truzzer-logo-black-1.svg","contentUrl":"https:\/\/truzzer.com\/wp-content\/uploads\/2026\/01\/truzzer-logo-black-1.svg","width":938,"height":199,"caption":"truzzer"},"image":{"@id":"https:\/\/www.truzzer.com\/it\/#\/schema\/logo\/image\/"}}]}},"tiered_pricing_type":"fixed","tiered_pricing_fixed_rules":[],"tiered_pricing_product_settings":{"layout":"default","base_unit_name":{"singular":null,"plural":null},"default_variation":null},"tiered_pricing_minimum_quantity":null,"tiered_pricing_roles_data":[],"tiered_pricing_percentage_rules":[],"tiered_pricing_maximum_quantity":null,"tiered_pricing_quantity_step":null,"_links":{"self":[{"href":"https:\/\/www.truzzer.com\/it\/wp-json\/wp\/v2\/product\/96057","targetHints":{"allow":["GET"]}}],"collection":[{"href":"https:\/\/www.truzzer.com\/it\/wp-json\/wp\/v2\/product"}],"about":[{"href":"https:\/\/www.truzzer.com\/it\/wp-json\/wp\/v2\/types\/product"}],"replies":[{"embeddable":true,"href":"https:\/\/www.truzzer.com\/it\/wp-json\/wp\/v2\/comments?post=96057"}],"wp:featuredmedia":[{"embeddable":true,"href":"https:\/\/www.truzzer.com\/it\/wp-json\/wp\/v2\/media\/96064"}],"wp:attachment":[{"href":"https:\/\/www.truzzer.com\/it\/wp-json\/wp\/v2\/media?parent=96057"}],"wp:term":[{"taxonomy":"product_brand","embeddable":true,"href":"https:\/\/www.truzzer.com\/it\/wp-json\/wp\/v2\/product_brand?post=96057"},{"taxonomy":"product_cat","embeddable":true,"href":"https:\/\/www.truzzer.com\/it\/wp-json\/wp\/v2\/product_cat?post=96057"},{"taxonomy":"product_tag","embeddable":true,"href":"https:\/\/www.truzzer.com\/it\/wp-json\/wp\/v2\/product_tag?post=96057"}],"curies":[{"name":"wp","href":"https:\/\/api.w.org\/{rel}","templated":true}]}}