{"id":96091,"date":"2026-02-01T20:01:13","date_gmt":"2026-02-01T20:01:13","guid":{"rendered":"https:\/\/beta.truzzer.com\/product\/tripadvisor-review-nfc-card-tap-with-tripadvisor-review-qr-code\/"},"modified":"2026-02-13T08:04:08","modified_gmt":"2026-02-13T08:04:08","slug":"tripadvisor-review-nfc-card-tap-with-tripadvisor-review-qr-code","status":"publish","type":"product","link":"https:\/\/www.truzzer.com\/it\/prodotto\/tripadvisor-review-nfc-card-tap-with-tripadvisor-review-qr-code\/","title":{"rendered":"Recensione TripAdvisor Scheda NFC &#8220;Tap&#8221; con Recensione TripAdvisor Codice QR"},"content":{"rendered":"<h2>Get More TripAdvisor Reviews with truzzer&#8217;s TripAdvisor Review NFC QR Code Cards &#8220;Tap&#8221;!<\/h2>\n<p>With the <strong>truzzer TripAdvisor Review Cards<\/strong> featuring NFC links, you can quickly receive positive reviews from your satisfied customers right at your business location.<br \/>\n-Weather-resistant<br \/>\n-Shows your customers that they can find you on TripAdvisor too<br \/>\n-Custom-made specifically for you<\/p>\n","protected":false},"excerpt":{"rendered":"<div class=\"woocommerce-product-details__short-description\">\n<h2>Ottieni pi\u00f9 recensioni TripAdvisor con le schede NFC di revisione<\/h2>\n<p><strong>Ricevere recensioni TripAdvisor dai clienti non \u00e8 mai stato cos\u00ec facile!<\/strong><br \/>\nCon le schede Contactless TripAdvisor Reviews NFC, puoi facilmente ottenere nuove recensioni TripAdvisor direttamente sul posto.<br \/>\nIl design accattivante delle schede TripAdvisor Review NFC suscita l&#8217;entusiasmo dei clienti. interesse e l&#8217;invito all&#8217;azione li incoraggia a recensire la tua attivit\u00e0 su TripAdvisor.<br \/>\nTutto ci\u00f2 che i tuoi clienti devono fare \u00e8 tenere il loro smartphone vicino alle carte NFC e sul loro telefono si aprir\u00e0 un pop-up che li porter\u00e0 direttamente al tuo modulo di recensione!<\/p>\n<p>Se i clienti&#8217; gli smartphone non dispongono della funzionalit\u00e0 NFC, sul retro delle Card NFC \u00e8 disponibile un codice QR alternativo, che pu\u00f2 essere scansionato direttamente utilizzando la fotocamera dello smartphone <strong>&#8211; in entrambi i casi non \u00e8 necessaria alcuna app separata!<\/strong><\/p>\n<h3><strong>In che modo le schede NFC ti aiutano a ottenere pi\u00f9 recensioni TripAdvisor<\/strong><\/h3>\n<p>Le schede NFC eliminano gli ostacoli pi\u00f9 grandi sia per te che per i tuoi clienti quando si tratta di recensioni TripAdvisor:<\/p>\n<ul>\n<li>Non dovrai pi\u00f9 chiedere o supplicare il disagio. L&#8217;<strong>invito all&#8217;azione<\/strong> si occupa di richiedere recensioni TripAdvisor per te.<\/li>\n<li>Non dovrai pi\u00f9 dimenticarlo, poich\u00e9 ai clienti viene ricordato di lasciare una recensione TripAdvisor.<\/li>\n<li>Nessuna ricerca o difficolt\u00e0: <strong>Il collegamento NFC e il codice TripAdvisor Recensione QR portano direttamente al modulo di recensione<\/strong> (che creiamo per te)<strong><br \/>\n<\/strong><\/li>\n<li><strong>Concreto:<\/strong> le schede NFC rendono il processo di revisione pi\u00f9 tangibile.<\/li>\n<li>Non \u00e8 richiesta alcuna app aggiuntiva.<\/li>\n<li>Accattivante: design moderno<\/li>\n<\/ul>\n<p><strong>Ci occupiamo della creazione e del collegamento del collegamento NFC e del codice QR per le revisioni dirette sul tuo profilo TripAdvisor!<\/strong><strong><br \/>\n<\/strong><\/p>\n<\/div>\n","protected":false},"featured_media":96101,"comment_status":"open","ping_status":"closed","template":"","meta":{"_acf_changed":false,"_yoast_wpseo_focuskw":"Recensione TripAdvisor Carta NFC","_yoast_wpseo_title":"TripAdvisor Review NFC Card \u201cTap\u201d with TripAdvi... | truzzer","_yoast_wpseo_metadesc":"Pi\u00f9 recensioni TripAdvisor con TripAdvisor Review NFC Card \u201cTap\u201d with TripAdvisor Review QR Code di truzzer. Facile da configurare. Ordina ora!"},"product_brand":[1690],"product_cat":[565,564,1309,1310,1308],"product_tag":[],"class_list":{"0":"post-96091","1":"product","2":"type-product","3":"status-publish","4":"has-post-thumbnail","6":"product_brand-tripadvisor","7":"product_cat-nfc-biglietti-da-visita","8":"product_cat-nfc-prodotti","9":"product_cat-recensioni-tripadvisor-biglietti-da-visita","10":"product_cat-recensioni-tripadvisor-biglietti-da-visita-con-qr-nfc","11":"product_cat-recensioni-tripadvisor-prodotti","12":"pa_industry-consulenza-burocratica","13":"pa_industry-locali-diensten","14":"pa_industry-onroerend-goed","15":"pa_material-karton","16":"pa_material-plastic","17":"pa_orientation-portrett","18":"pa_placement-balie-receptie","19":"pa_placement-opuscolo","20":"pa_placement-portemonnee-personale","21":"pa_product-type-visitekaartjes","22":"pa_shape-rechthoek","23":"pa_technology-nfc","24":"pa_technology-qr-nfc","25":"pa_technology-qrnfc","27":"first","28":"instock","29":"taxable","30":"shipping-taxable","31":"purchasable","32":"product-type-simple"},"acf":[],"yoast_head":"<!-- This site is optimized with the Yoast SEO plugin v27.0 - https:\/\/yoast.com\/product\/yoast-seo-wordpress\/ -->\n<title>TripAdvisor Review NFC Card \u201cTap\u201d with TripAdvi... | truzzer<\/title>\n<meta name=\"description\" content=\"Pi\u00f9 recensioni TripAdvisor con TripAdvisor Review NFC Card \u201cTap\u201d with TripAdvisor Review QR Code di truzzer. Facile da configurare. Ordina ora!\" \/>\n<meta name=\"robots\" content=\"index, follow, max-snippet:-1, max-image-preview:large, max-video-preview:-1\" \/>\n<link rel=\"canonical\" href=\"https:\/\/www.truzzer.com\/it\/prodotto\/tripadvisor-review-nfc-card-tap-with-tripadvisor-review-qr-code\/\" \/>\n<meta property=\"og:locale\" content=\"it_IT\" \/>\n<meta property=\"og:type\" content=\"article\" \/>\n<meta property=\"og:title\" content=\"TripAdvisor Review NFC Card \u201cTap\u201d with TripAdvi... | truzzer\" \/>\n<meta property=\"og:description\" content=\"Pi\u00f9 recensioni TripAdvisor con TripAdvisor Review NFC Card \u201cTap\u201d with TripAdvisor Review QR Code di truzzer. Facile da configurare. Ordina ora!\" \/>\n<meta property=\"og:url\" content=\"https:\/\/www.truzzer.com\/it\/prodotto\/tripadvisor-review-nfc-card-tap-with-tripadvisor-review-qr-code\/\" \/>\n<meta property=\"og:site_name\" content=\"truzzer\" \/>\n<meta property=\"article:modified_time\" content=\"2026-02-13T08:04:08+00:00\" \/>\n<meta property=\"og:image\" content=\"https:\/\/www.truzzer.com\/wp-content\/uploads\/2026\/02\/tripadvisor-review-nfc-card-s-2.jpg\" \/>\n\t<meta property=\"og:image:width\" content=\"1200\" \/>\n\t<meta property=\"og:image:height\" content=\"1200\" \/>\n\t<meta property=\"og:image:type\" content=\"image\/jpeg\" \/>\n<meta name=\"twitter:card\" content=\"summary_large_image\" \/>\n<script type=\"application\/ld+json\" class=\"yoast-schema-graph\">{\"@context\":\"https:\/\/schema.org\",\"@graph\":[{\"@type\":\"WebPage\",\"@id\":\"https:\/\/www.truzzer.com\/it\/prodotto\/tripadvisor-review-nfc-card-tap-with-tripadvisor-review-qr-code\/\",\"url\":\"https:\/\/www.truzzer.com\/it\/prodotto\/tripadvisor-review-nfc-card-tap-with-tripadvisor-review-qr-code\/\",\"name\":\"TripAdvisor Review NFC Card \u201cTap\u201d with TripAdvi... | truzzer\",\"isPartOf\":{\"@id\":\"https:\/\/www.truzzer.com\/it\/#website\"},\"primaryImageOfPage\":{\"@id\":\"https:\/\/www.truzzer.com\/it\/prodotto\/tripadvisor-review-nfc-card-tap-with-tripadvisor-review-qr-code\/#primaryimage\"},\"image\":{\"@id\":\"https:\/\/www.truzzer.com\/it\/prodotto\/tripadvisor-review-nfc-card-tap-with-tripadvisor-review-qr-code\/#primaryimage\"},\"thumbnailUrl\":\"https:\/\/www.truzzer.com\/wp-content\/uploads\/2026\/02\/tripadvisor-review-nfc-card-s-2.jpg\",\"datePublished\":\"2026-02-01T20:01:13+00:00\",\"dateModified\":\"2026-02-13T08:04:08+00:00\",\"description\":\"Pi\u00f9 recensioni TripAdvisor con TripAdvisor Review NFC Card \u201cTap\u201d with TripAdvisor Review QR Code di truzzer. Facile da configurare. Ordina ora!\",\"breadcrumb\":{\"@id\":\"https:\/\/www.truzzer.com\/it\/prodotto\/tripadvisor-review-nfc-card-tap-with-tripadvisor-review-qr-code\/#breadcrumb\"},\"inLanguage\":\"it-IT\",\"potentialAction\":[{\"@type\":\"ReadAction\",\"target\":[\"https:\/\/www.truzzer.com\/it\/prodotto\/tripadvisor-review-nfc-card-tap-with-tripadvisor-review-qr-code\/\"]}]},{\"@type\":\"ImageObject\",\"inLanguage\":\"it-IT\",\"@id\":\"https:\/\/www.truzzer.com\/it\/prodotto\/tripadvisor-review-nfc-card-tap-with-tripadvisor-review-qr-code\/#primaryimage\",\"url\":\"https:\/\/www.truzzer.com\/wp-content\/uploads\/2026\/02\/tripadvisor-review-nfc-card-s-2.jpg\",\"contentUrl\":\"https:\/\/www.truzzer.com\/wp-content\/uploads\/2026\/02\/tripadvisor-review-nfc-card-s-2.jpg\",\"width\":1200,\"height\":1200},{\"@type\":\"BreadcrumbList\",\"@id\":\"https:\/\/www.truzzer.com\/it\/prodotto\/tripadvisor-review-nfc-card-tap-with-tripadvisor-review-qr-code\/#breadcrumb\",\"itemListElement\":[{\"@type\":\"ListItem\",\"position\":1,\"name\":\"Home\",\"item\":\"https:\/\/www.truzzer.com\/it\/\"},{\"@type\":\"ListItem\",\"position\":2,\"name\":\"Negozio\",\"item\":\"https:\/\/www.truzzer.com\/it\/shop\/\"},{\"@type\":\"ListItem\",\"position\":3,\"name\":\"Recensione TripAdvisor Scheda NFC &#8220;Tap&#8221; con Recensione TripAdvisor Codice QR\"}]},{\"@type\":\"WebSite\",\"@id\":\"https:\/\/www.truzzer.com\/it\/#website\",\"url\":\"https:\/\/www.truzzer.com\/it\/\",\"name\":\"truzzer\",\"description\":\"Experts for customer trust\",\"publisher\":{\"@id\":\"https:\/\/www.truzzer.com\/it\/#organization\"},\"potentialAction\":[{\"@type\":\"SearchAction\",\"target\":{\"@type\":\"EntryPoint\",\"urlTemplate\":\"https:\/\/www.truzzer.com\/it\/?s={search_term_string}\"},\"query-input\":{\"@type\":\"PropertyValueSpecification\",\"valueRequired\":true,\"valueName\":\"search_term_string\"}}],\"inLanguage\":\"it-IT\"},{\"@type\":\"Organization\",\"@id\":\"https:\/\/www.truzzer.com\/it\/#organization\",\"name\":\"truzzer\",\"url\":\"https:\/\/www.truzzer.com\/it\/\",\"logo\":{\"@type\":\"ImageObject\",\"inLanguage\":\"it-IT\",\"@id\":\"https:\/\/www.truzzer.com\/it\/#\/schema\/logo\/image\/\",\"url\":\"https:\/\/truzzer.com\/wp-content\/uploads\/2026\/01\/truzzer-logo-black-1.svg\",\"contentUrl\":\"https:\/\/truzzer.com\/wp-content\/uploads\/2026\/01\/truzzer-logo-black-1.svg\",\"width\":938,\"height\":199,\"caption\":\"truzzer\"},\"image\":{\"@id\":\"https:\/\/www.truzzer.com\/it\/#\/schema\/logo\/image\/\"}}]}<\/script>\n<!-- \/ Yoast SEO plugin. -->","yoast_head_json":{"title":"TripAdvisor Review NFC Card \u201cTap\u201d with TripAdvi... | truzzer","description":"Pi\u00f9 recensioni TripAdvisor con TripAdvisor Review NFC Card \u201cTap\u201d with TripAdvisor Review QR Code di truzzer. Facile da configurare. Ordina ora!","robots":{"index":"index","follow":"follow","max-snippet":"max-snippet:-1","max-image-preview":"max-image-preview:large","max-video-preview":"max-video-preview:-1"},"canonical":"https:\/\/www.truzzer.com\/it\/prodotto\/tripadvisor-review-nfc-card-tap-with-tripadvisor-review-qr-code\/","og_locale":"it_IT","og_type":"article","og_title":"TripAdvisor Review NFC Card \u201cTap\u201d with TripAdvi... | truzzer","og_description":"Pi\u00f9 recensioni TripAdvisor con TripAdvisor Review NFC Card \u201cTap\u201d with TripAdvisor Review QR Code di truzzer. Facile da configurare. Ordina ora!","og_url":"https:\/\/www.truzzer.com\/it\/prodotto\/tripadvisor-review-nfc-card-tap-with-tripadvisor-review-qr-code\/","og_site_name":"truzzer","article_modified_time":"2026-02-13T08:04:08+00:00","og_image":[{"width":1200,"height":1200,"url":"https:\/\/www.truzzer.com\/wp-content\/uploads\/2026\/02\/tripadvisor-review-nfc-card-s-2.jpg","type":"image\/jpeg"}],"twitter_card":"summary_large_image","schema":{"@context":"https:\/\/schema.org","@graph":[{"@type":"WebPage","@id":"https:\/\/www.truzzer.com\/it\/prodotto\/tripadvisor-review-nfc-card-tap-with-tripadvisor-review-qr-code\/","url":"https:\/\/www.truzzer.com\/it\/prodotto\/tripadvisor-review-nfc-card-tap-with-tripadvisor-review-qr-code\/","name":"TripAdvisor Review NFC Card \u201cTap\u201d with TripAdvi... | truzzer","isPartOf":{"@id":"https:\/\/www.truzzer.com\/it\/#website"},"primaryImageOfPage":{"@id":"https:\/\/www.truzzer.com\/it\/prodotto\/tripadvisor-review-nfc-card-tap-with-tripadvisor-review-qr-code\/#primaryimage"},"image":{"@id":"https:\/\/www.truzzer.com\/it\/prodotto\/tripadvisor-review-nfc-card-tap-with-tripadvisor-review-qr-code\/#primaryimage"},"thumbnailUrl":"https:\/\/www.truzzer.com\/wp-content\/uploads\/2026\/02\/tripadvisor-review-nfc-card-s-2.jpg","datePublished":"2026-02-01T20:01:13+00:00","dateModified":"2026-02-13T08:04:08+00:00","description":"Pi\u00f9 recensioni TripAdvisor con TripAdvisor Review NFC Card \u201cTap\u201d with TripAdvisor Review QR Code di truzzer. Facile da configurare. Ordina ora!","breadcrumb":{"@id":"https:\/\/www.truzzer.com\/it\/prodotto\/tripadvisor-review-nfc-card-tap-with-tripadvisor-review-qr-code\/#breadcrumb"},"inLanguage":"it-IT","potentialAction":[{"@type":"ReadAction","target":["https:\/\/www.truzzer.com\/it\/prodotto\/tripadvisor-review-nfc-card-tap-with-tripadvisor-review-qr-code\/"]}]},{"@type":"ImageObject","inLanguage":"it-IT","@id":"https:\/\/www.truzzer.com\/it\/prodotto\/tripadvisor-review-nfc-card-tap-with-tripadvisor-review-qr-code\/#primaryimage","url":"https:\/\/www.truzzer.com\/wp-content\/uploads\/2026\/02\/tripadvisor-review-nfc-card-s-2.jpg","contentUrl":"https:\/\/www.truzzer.com\/wp-content\/uploads\/2026\/02\/tripadvisor-review-nfc-card-s-2.jpg","width":1200,"height":1200},{"@type":"BreadcrumbList","@id":"https:\/\/www.truzzer.com\/it\/prodotto\/tripadvisor-review-nfc-card-tap-with-tripadvisor-review-qr-code\/#breadcrumb","itemListElement":[{"@type":"ListItem","position":1,"name":"Home","item":"https:\/\/www.truzzer.com\/it\/"},{"@type":"ListItem","position":2,"name":"Negozio","item":"https:\/\/www.truzzer.com\/it\/shop\/"},{"@type":"ListItem","position":3,"name":"Recensione TripAdvisor Scheda NFC &#8220;Tap&#8221; con Recensione TripAdvisor Codice QR"}]},{"@type":"WebSite","@id":"https:\/\/www.truzzer.com\/it\/#website","url":"https:\/\/www.truzzer.com\/it\/","name":"truzzer","description":"Experts for customer trust","publisher":{"@id":"https:\/\/www.truzzer.com\/it\/#organization"},"potentialAction":[{"@type":"SearchAction","target":{"@type":"EntryPoint","urlTemplate":"https:\/\/www.truzzer.com\/it\/?s={search_term_string}"},"query-input":{"@type":"PropertyValueSpecification","valueRequired":true,"valueName":"search_term_string"}}],"inLanguage":"it-IT"},{"@type":"Organization","@id":"https:\/\/www.truzzer.com\/it\/#organization","name":"truzzer","url":"https:\/\/www.truzzer.com\/it\/","logo":{"@type":"ImageObject","inLanguage":"it-IT","@id":"https:\/\/www.truzzer.com\/it\/#\/schema\/logo\/image\/","url":"https:\/\/truzzer.com\/wp-content\/uploads\/2026\/01\/truzzer-logo-black-1.svg","contentUrl":"https:\/\/truzzer.com\/wp-content\/uploads\/2026\/01\/truzzer-logo-black-1.svg","width":938,"height":199,"caption":"truzzer"},"image":{"@id":"https:\/\/www.truzzer.com\/it\/#\/schema\/logo\/image\/"}}]}},"tiered_pricing_type":"fixed","tiered_pricing_fixed_rules":[],"tiered_pricing_product_settings":{"layout":"default","base_unit_name":{"singular":null,"plural":null},"default_variation":null},"tiered_pricing_minimum_quantity":null,"tiered_pricing_roles_data":[],"tiered_pricing_percentage_rules":[],"tiered_pricing_maximum_quantity":null,"tiered_pricing_quantity_step":null,"_links":{"self":[{"href":"https:\/\/www.truzzer.com\/it\/wp-json\/wp\/v2\/product\/96091","targetHints":{"allow":["GET"]}}],"collection":[{"href":"https:\/\/www.truzzer.com\/it\/wp-json\/wp\/v2\/product"}],"about":[{"href":"https:\/\/www.truzzer.com\/it\/wp-json\/wp\/v2\/types\/product"}],"replies":[{"embeddable":true,"href":"https:\/\/www.truzzer.com\/it\/wp-json\/wp\/v2\/comments?post=96091"}],"wp:featuredmedia":[{"embeddable":true,"href":"https:\/\/www.truzzer.com\/it\/wp-json\/wp\/v2\/media\/96101"}],"wp:attachment":[{"href":"https:\/\/www.truzzer.com\/it\/wp-json\/wp\/v2\/media?parent=96091"}],"wp:term":[{"taxonomy":"product_brand","embeddable":true,"href":"https:\/\/www.truzzer.com\/it\/wp-json\/wp\/v2\/product_brand?post=96091"},{"taxonomy":"product_cat","embeddable":true,"href":"https:\/\/www.truzzer.com\/it\/wp-json\/wp\/v2\/product_cat?post=96091"},{"taxonomy":"product_tag","embeddable":true,"href":"https:\/\/www.truzzer.com\/it\/wp-json\/wp\/v2\/product_tag?post=96091"}],"curies":[{"name":"wp","href":"https:\/\/api.w.org\/{rel}","templated":true}]}}