{"id":96130,"date":"2026-02-01T20:00:21","date_gmt":"2026-02-01T20:00:21","guid":{"rendered":"https:\/\/beta.truzzer.com\/product\/follow-us-on-tiktok-nfc-business-card-tap\/"},"modified":"2026-02-13T08:02:49","modified_gmt":"2026-02-13T08:02:49","slug":"follow-us-on-tiktok-nfc-business-card-tap","status":"publish","type":"product","link":"https:\/\/www.truzzer.com\/it\/prodotto\/follow-us-on-tiktok-nfc-business-card-tap\/","title":{"rendered":"Seguici su TikTOk NFC Biglietto da visita &#8220;Tap&#8221;"},"content":{"rendered":"<p>I social media sono diventati una parte importante della nostra vita quotidiana. TikTok \u00e8 una delle piattaforme pi\u00f9 utilizzate, con oltre un miliardo di utenti attivi in \u200b\u200btutto il mondo. Avere una presenza su TikTok \u00e8 vitale per le aziende per ottenere maggiore portata e visibilit\u00e0. Un modo per raggiungere questo obiettivo \u00e8 utilizzare le schede Seguici consigliate su TikTok NFC.<\/p>\n<p>Queste carte NFC sono un modo efficace per convincere i tuoi clienti a seguire il tuo account TikTok. Le carte possono essere facilmente posizionate sui tavoli o sui banconi affinch\u00e9 i clienti possano vederle. Se un cliente ha uno smartphone abilitato NFC, pu\u00f2 semplicemente avvicinare il telefono alla carta e verr\u00e0 indirizzato direttamente al tuo profilo TikTok senza doverlo cercare manualmente. Questo \u00e8 un modo semplice e conveniente per consentire ai clienti di seguirti su TikTok.<\/p>\n<p>Ma cosa succede se il cliente non dispone di uno smartphone abilitato NFC? Nessun problema. Ogni carta contiene anche un codice QR che il cliente potr\u00e0 semplicemente scansionare con il proprio smartphone per essere reindirizzato al tuo profilo TikTok. Questa \u00e8 un&#8217;ottima opzione per i clienti che non dispongono di uno smartphone compatibile con NFC o che non desiderano utilizzare la funzionalit\u00e0 NFC.<\/p>\n<p>Utilizzando le schede Seguici consigliate su TikTok NFC, le aziende possono ottenere rapidamente e facilmente pi\u00f9 follower su TikTok. Queste carte offrono un modo conveniente ed efficace per potenziare la tua presenza sui social media e aumentare la tua portata. Inoltre, sono facili da implementare e non richiedono conoscenze tecniche particolari.<\/p>\n<p>Nel complesso, l&#8217;utilizzo delle schede consigliate Seguici su TikTok NFC \u00e8 un ottimo modo per le aziende di aumentare la propria presenza sui social media e ottenere pi\u00f9 follower su TikTok. Incorporare la tecnologia NFC nella tua strategia di marketing pu\u00f2 aiutare la tua azienda a distinguersi dalla concorrenza e ad attirare pi\u00f9 clienti.<\/p>\n<p>&nbsp;<\/p>\n","protected":false},"excerpt":{"rendered":"<h2>Vinci follower TikTok con le carte NFC!<\/h2>\n<p><strong>Convertire i clienti in follower TikTok non \u00e8 mai stato cos\u00ec facile!<\/strong><br \/>\nCon le carte contactless TikTok NFC puoi facilmente conquistare nuovi follower TikTok direttamente sul posto.<br \/>\nCon il loro design accattivante, le carte TikTok NFC suscitano l&#8217;interesse dei clienti e l&#8217;invito all&#8217;azione incoraggia i tuoi clienti a seguirti su TikTok.<\/p>\n<p>Tutto quello che i tuoi clienti dovranno fare \u00e8 avvicinare il proprio smartphone alla carta e sul loro telefono si aprir\u00e0 un pop-up che porter\u00e0 direttamente al tuo profilo TikTok!<\/p>\n<p>Se lo smartphone del cliente non dispone della funzione NFC, sull&#8217;espositore \u00e8 presente un codice alternativo QR, che pu\u00f2 essere scansionato direttamente con la fotocamera dello smartphone <strong>&#8211; in entrambi i casi non \u00e8 necessaria alcuna app separata!<\/strong><\/p>\n<h3><strong>Ecco come le carte NFC ti aiutano ad acquisire pi\u00f9 follower<br \/>\n<\/strong><\/h3>\n<p>&nbsp;<\/p>\n<ul>\n<li>Nessuna domanda imbarazzante &amp; Richiesta. L&#8217;<strong>invito all&#8217;azione<\/strong> incoraggia i tuoi clienti a seguirti<\/li>\n<li>Non dimenticarlo, perch\u00e9 i clienti verranno messi a conoscenza del tuo profilo TikTok<\/li>\n<li>Nessuna ricerca e nessuna difficolt\u00e0: <strong>Il link NFC e il codice TikTok QR portano direttamente al tuo profilo<\/strong>(lo creiamo noi per te)<strong><br \/>\n<\/strong><\/li>\n<li><strong>Accessibile<\/strong>: le carte NFC rendono tangibile il tuo profilo TikTok.<\/li>\n<li>Non \u00e8 richiesta alcuna app aggiuntiva.<\/li>\n<li>Attira l&#8217;attenzione: design moderno<\/li>\n<\/ul>\n<p><strong>Creeremo e collegheremo per te il collegamento NFC e il codice QR al tuo profilo TikTok!<\/strong><strong><br \/>\n<\/strong><\/p>\n","protected":false},"featured_media":96134,"comment_status":"open","ping_status":"closed","template":"","meta":{"_acf_changed":false,"_yoast_wpseo_focuskw":"TikTok QR Code Carta NFC","_yoast_wpseo_title":"Follow Us On TikTOk NFC Business Card \u201cTap\u201d | truzzer","_yoast_wpseo_metadesc":"Aumenta la tua portata TikTok con Follow Us On TikTOk NFC Business Card \u201cTap\u201d di truzzer. Facile da configurare, pronto all'uso. Ordina ora!"},"product_brand":[1682],"product_cat":[1134,1316,622,565,564],"product_tag":[],"class_list":{"0":"post-96130","1":"product","2":"type-product","3":"status-publish","4":"has-post-thumbnail","6":"product_brand-tiktok","7":"product_cat-follower-tiktok-biglietti-da-visita","8":"product_cat-follower-tiktok-biglietti-da-visita-con-nfc","9":"product_cat-follower-tiktok-prodotti","10":"product_cat-nfc-biglietti-da-visita","11":"product_cat-nfc-prodotti","12":"pa_industry-consulenza-burocratica","13":"pa_industry-locali-diensten","14":"pa_industry-onroerend-goed","15":"pa_material-plastic","16":"pa_orientation-portrett","17":"pa_placement-balie-receptie","18":"pa_placement-opuscolo","19":"pa_placement-portemonnee-personale","20":"pa_product-type-visitekaartjes","21":"pa_shape-rechthoek","22":"pa_technology-nfc","23":"pa_technology-qrnfc","25":"first","26":"instock","27":"taxable","28":"shipping-taxable","29":"purchasable","30":"product-type-simple"},"acf":[],"yoast_head":"<!-- This site is optimized with the Yoast SEO plugin v27.0 - https:\/\/yoast.com\/product\/yoast-seo-wordpress\/ -->\n<title>Follow Us On TikTOk NFC Business Card \u201cTap\u201d | truzzer<\/title>\n<meta name=\"description\" content=\"Aumenta la tua portata TikTok con Follow Us On TikTOk NFC Business Card \u201cTap\u201d di truzzer. Facile da configurare, pronto all&#039;uso. Ordina ora!\" \/>\n<meta name=\"robots\" content=\"index, follow, max-snippet:-1, max-image-preview:large, max-video-preview:-1\" \/>\n<link rel=\"canonical\" href=\"https:\/\/www.truzzer.com\/it\/prodotto\/follow-us-on-tiktok-nfc-business-card-tap\/\" \/>\n<meta property=\"og:locale\" content=\"it_IT\" \/>\n<meta property=\"og:type\" content=\"article\" \/>\n<meta property=\"og:title\" content=\"Follow Us On TikTOk NFC Business Card \u201cTap\u201d | truzzer\" \/>\n<meta property=\"og:description\" content=\"Aumenta la tua portata TikTok con Follow Us On TikTOk NFC Business Card \u201cTap\u201d di truzzer. Facile da configurare, pronto all&#039;uso. Ordina ora!\" \/>\n<meta property=\"og:url\" content=\"https:\/\/www.truzzer.com\/it\/prodotto\/follow-us-on-tiktok-nfc-business-card-tap\/\" \/>\n<meta property=\"og:site_name\" content=\"truzzer\" \/>\n<meta property=\"article:modified_time\" content=\"2026-02-13T08:02:49+00:00\" \/>\n<meta property=\"og:image\" content=\"https:\/\/www.truzzer.com\/wp-content\/uploads\/2026\/02\/tiktok-nfc-follower-card-truzzer-1.jpg\" \/>\n\t<meta property=\"og:image:width\" content=\"1200\" \/>\n\t<meta property=\"og:image:height\" content=\"1200\" \/>\n\t<meta property=\"og:image:type\" content=\"image\/jpeg\" \/>\n<meta name=\"twitter:card\" content=\"summary_large_image\" \/>\n<meta name=\"twitter:label1\" content=\"Tempo di lettura stimato\" \/>\n\t<meta name=\"twitter:data1\" content=\"2 minuti\" \/>\n<script type=\"application\/ld+json\" class=\"yoast-schema-graph\">{\"@context\":\"https:\/\/schema.org\",\"@graph\":[{\"@type\":\"WebPage\",\"@id\":\"https:\/\/www.truzzer.com\/it\/prodotto\/follow-us-on-tiktok-nfc-business-card-tap\/\",\"url\":\"https:\/\/www.truzzer.com\/it\/prodotto\/follow-us-on-tiktok-nfc-business-card-tap\/\",\"name\":\"Follow Us On TikTOk NFC Business Card \u201cTap\u201d | truzzer\",\"isPartOf\":{\"@id\":\"https:\/\/www.truzzer.com\/it\/#website\"},\"primaryImageOfPage\":{\"@id\":\"https:\/\/www.truzzer.com\/it\/prodotto\/follow-us-on-tiktok-nfc-business-card-tap\/#primaryimage\"},\"image\":{\"@id\":\"https:\/\/www.truzzer.com\/it\/prodotto\/follow-us-on-tiktok-nfc-business-card-tap\/#primaryimage\"},\"thumbnailUrl\":\"https:\/\/www.truzzer.com\/wp-content\/uploads\/2026\/02\/tiktok-nfc-follower-card-truzzer-1.jpg\",\"datePublished\":\"2026-02-01T20:00:21+00:00\",\"dateModified\":\"2026-02-13T08:02:49+00:00\",\"description\":\"Aumenta la tua portata TikTok con Follow Us On TikTOk NFC Business Card \u201cTap\u201d di truzzer. Facile da configurare, pronto all'uso. Ordina ora!\",\"breadcrumb\":{\"@id\":\"https:\/\/www.truzzer.com\/it\/prodotto\/follow-us-on-tiktok-nfc-business-card-tap\/#breadcrumb\"},\"inLanguage\":\"it-IT\",\"potentialAction\":[{\"@type\":\"ReadAction\",\"target\":[\"https:\/\/www.truzzer.com\/it\/prodotto\/follow-us-on-tiktok-nfc-business-card-tap\/\"]}]},{\"@type\":\"ImageObject\",\"inLanguage\":\"it-IT\",\"@id\":\"https:\/\/www.truzzer.com\/it\/prodotto\/follow-us-on-tiktok-nfc-business-card-tap\/#primaryimage\",\"url\":\"https:\/\/www.truzzer.com\/wp-content\/uploads\/2026\/02\/tiktok-nfc-follower-card-truzzer-1.jpg\",\"contentUrl\":\"https:\/\/www.truzzer.com\/wp-content\/uploads\/2026\/02\/tiktok-nfc-follower-card-truzzer-1.jpg\",\"width\":1200,\"height\":1200},{\"@type\":\"BreadcrumbList\",\"@id\":\"https:\/\/www.truzzer.com\/it\/prodotto\/follow-us-on-tiktok-nfc-business-card-tap\/#breadcrumb\",\"itemListElement\":[{\"@type\":\"ListItem\",\"position\":1,\"name\":\"Home\",\"item\":\"https:\/\/www.truzzer.com\/it\/\"},{\"@type\":\"ListItem\",\"position\":2,\"name\":\"Negozio\",\"item\":\"https:\/\/www.truzzer.com\/it\/shop\/\"},{\"@type\":\"ListItem\",\"position\":3,\"name\":\"Seguici su TikTOk NFC Biglietto da visita &#8220;Tap&#8221;\"}]},{\"@type\":\"WebSite\",\"@id\":\"https:\/\/www.truzzer.com\/it\/#website\",\"url\":\"https:\/\/www.truzzer.com\/it\/\",\"name\":\"truzzer\",\"description\":\"Experts for customer trust\",\"publisher\":{\"@id\":\"https:\/\/www.truzzer.com\/it\/#organization\"},\"potentialAction\":[{\"@type\":\"SearchAction\",\"target\":{\"@type\":\"EntryPoint\",\"urlTemplate\":\"https:\/\/www.truzzer.com\/it\/?s={search_term_string}\"},\"query-input\":{\"@type\":\"PropertyValueSpecification\",\"valueRequired\":true,\"valueName\":\"search_term_string\"}}],\"inLanguage\":\"it-IT\"},{\"@type\":\"Organization\",\"@id\":\"https:\/\/www.truzzer.com\/it\/#organization\",\"name\":\"truzzer\",\"url\":\"https:\/\/www.truzzer.com\/it\/\",\"logo\":{\"@type\":\"ImageObject\",\"inLanguage\":\"it-IT\",\"@id\":\"https:\/\/www.truzzer.com\/it\/#\/schema\/logo\/image\/\",\"url\":\"https:\/\/truzzer.com\/wp-content\/uploads\/2026\/01\/truzzer-logo-black-1.svg\",\"contentUrl\":\"https:\/\/truzzer.com\/wp-content\/uploads\/2026\/01\/truzzer-logo-black-1.svg\",\"width\":938,\"height\":199,\"caption\":\"truzzer\"},\"image\":{\"@id\":\"https:\/\/www.truzzer.com\/it\/#\/schema\/logo\/image\/\"}}]}<\/script>\n<!-- \/ Yoast SEO plugin. -->","yoast_head_json":{"title":"Follow Us On TikTOk NFC Business Card \u201cTap\u201d | truzzer","description":"Aumenta la tua portata TikTok con Follow Us On TikTOk NFC Business Card \u201cTap\u201d di truzzer. Facile da configurare, pronto all'uso. Ordina ora!","robots":{"index":"index","follow":"follow","max-snippet":"max-snippet:-1","max-image-preview":"max-image-preview:large","max-video-preview":"max-video-preview:-1"},"canonical":"https:\/\/www.truzzer.com\/it\/prodotto\/follow-us-on-tiktok-nfc-business-card-tap\/","og_locale":"it_IT","og_type":"article","og_title":"Follow Us On TikTOk NFC Business Card \u201cTap\u201d | truzzer","og_description":"Aumenta la tua portata TikTok con Follow Us On TikTOk NFC Business Card \u201cTap\u201d di truzzer. Facile da configurare, pronto all'uso. Ordina ora!","og_url":"https:\/\/www.truzzer.com\/it\/prodotto\/follow-us-on-tiktok-nfc-business-card-tap\/","og_site_name":"truzzer","article_modified_time":"2026-02-13T08:02:49+00:00","og_image":[{"width":1200,"height":1200,"url":"https:\/\/www.truzzer.com\/wp-content\/uploads\/2026\/02\/tiktok-nfc-follower-card-truzzer-1.jpg","type":"image\/jpeg"}],"twitter_card":"summary_large_image","twitter_misc":{"Tempo di lettura stimato":"2 minuti"},"schema":{"@context":"https:\/\/schema.org","@graph":[{"@type":"WebPage","@id":"https:\/\/www.truzzer.com\/it\/prodotto\/follow-us-on-tiktok-nfc-business-card-tap\/","url":"https:\/\/www.truzzer.com\/it\/prodotto\/follow-us-on-tiktok-nfc-business-card-tap\/","name":"Follow Us On TikTOk NFC Business Card \u201cTap\u201d | truzzer","isPartOf":{"@id":"https:\/\/www.truzzer.com\/it\/#website"},"primaryImageOfPage":{"@id":"https:\/\/www.truzzer.com\/it\/prodotto\/follow-us-on-tiktok-nfc-business-card-tap\/#primaryimage"},"image":{"@id":"https:\/\/www.truzzer.com\/it\/prodotto\/follow-us-on-tiktok-nfc-business-card-tap\/#primaryimage"},"thumbnailUrl":"https:\/\/www.truzzer.com\/wp-content\/uploads\/2026\/02\/tiktok-nfc-follower-card-truzzer-1.jpg","datePublished":"2026-02-01T20:00:21+00:00","dateModified":"2026-02-13T08:02:49+00:00","description":"Aumenta la tua portata TikTok con Follow Us On TikTOk NFC Business Card \u201cTap\u201d di truzzer. Facile da configurare, pronto all'uso. Ordina ora!","breadcrumb":{"@id":"https:\/\/www.truzzer.com\/it\/prodotto\/follow-us-on-tiktok-nfc-business-card-tap\/#breadcrumb"},"inLanguage":"it-IT","potentialAction":[{"@type":"ReadAction","target":["https:\/\/www.truzzer.com\/it\/prodotto\/follow-us-on-tiktok-nfc-business-card-tap\/"]}]},{"@type":"ImageObject","inLanguage":"it-IT","@id":"https:\/\/www.truzzer.com\/it\/prodotto\/follow-us-on-tiktok-nfc-business-card-tap\/#primaryimage","url":"https:\/\/www.truzzer.com\/wp-content\/uploads\/2026\/02\/tiktok-nfc-follower-card-truzzer-1.jpg","contentUrl":"https:\/\/www.truzzer.com\/wp-content\/uploads\/2026\/02\/tiktok-nfc-follower-card-truzzer-1.jpg","width":1200,"height":1200},{"@type":"BreadcrumbList","@id":"https:\/\/www.truzzer.com\/it\/prodotto\/follow-us-on-tiktok-nfc-business-card-tap\/#breadcrumb","itemListElement":[{"@type":"ListItem","position":1,"name":"Home","item":"https:\/\/www.truzzer.com\/it\/"},{"@type":"ListItem","position":2,"name":"Negozio","item":"https:\/\/www.truzzer.com\/it\/shop\/"},{"@type":"ListItem","position":3,"name":"Seguici su TikTOk NFC Biglietto da visita &#8220;Tap&#8221;"}]},{"@type":"WebSite","@id":"https:\/\/www.truzzer.com\/it\/#website","url":"https:\/\/www.truzzer.com\/it\/","name":"truzzer","description":"Experts for customer trust","publisher":{"@id":"https:\/\/www.truzzer.com\/it\/#organization"},"potentialAction":[{"@type":"SearchAction","target":{"@type":"EntryPoint","urlTemplate":"https:\/\/www.truzzer.com\/it\/?s={search_term_string}"},"query-input":{"@type":"PropertyValueSpecification","valueRequired":true,"valueName":"search_term_string"}}],"inLanguage":"it-IT"},{"@type":"Organization","@id":"https:\/\/www.truzzer.com\/it\/#organization","name":"truzzer","url":"https:\/\/www.truzzer.com\/it\/","logo":{"@type":"ImageObject","inLanguage":"it-IT","@id":"https:\/\/www.truzzer.com\/it\/#\/schema\/logo\/image\/","url":"https:\/\/truzzer.com\/wp-content\/uploads\/2026\/01\/truzzer-logo-black-1.svg","contentUrl":"https:\/\/truzzer.com\/wp-content\/uploads\/2026\/01\/truzzer-logo-black-1.svg","width":938,"height":199,"caption":"truzzer"},"image":{"@id":"https:\/\/www.truzzer.com\/it\/#\/schema\/logo\/image\/"}}]}},"tiered_pricing_type":"fixed","tiered_pricing_fixed_rules":[],"tiered_pricing_product_settings":{"layout":"default","base_unit_name":{"singular":null,"plural":null},"default_variation":null},"tiered_pricing_minimum_quantity":null,"tiered_pricing_roles_data":[],"tiered_pricing_percentage_rules":[],"tiered_pricing_maximum_quantity":null,"tiered_pricing_quantity_step":null,"_links":{"self":[{"href":"https:\/\/www.truzzer.com\/it\/wp-json\/wp\/v2\/product\/96130","targetHints":{"allow":["GET"]}}],"collection":[{"href":"https:\/\/www.truzzer.com\/it\/wp-json\/wp\/v2\/product"}],"about":[{"href":"https:\/\/www.truzzer.com\/it\/wp-json\/wp\/v2\/types\/product"}],"replies":[{"embeddable":true,"href":"https:\/\/www.truzzer.com\/it\/wp-json\/wp\/v2\/comments?post=96130"}],"wp:featuredmedia":[{"embeddable":true,"href":"https:\/\/www.truzzer.com\/it\/wp-json\/wp\/v2\/media\/96134"}],"wp:attachment":[{"href":"https:\/\/www.truzzer.com\/it\/wp-json\/wp\/v2\/media?parent=96130"}],"wp:term":[{"taxonomy":"product_brand","embeddable":true,"href":"https:\/\/www.truzzer.com\/it\/wp-json\/wp\/v2\/product_brand?post=96130"},{"taxonomy":"product_cat","embeddable":true,"href":"https:\/\/www.truzzer.com\/it\/wp-json\/wp\/v2\/product_cat?post=96130"},{"taxonomy":"product_tag","embeddable":true,"href":"https:\/\/www.truzzer.com\/it\/wp-json\/wp\/v2\/product_tag?post=96130"}],"curies":[{"name":"wp","href":"https:\/\/api.w.org\/{rel}","templated":true}]}}