{"id":96222,"date":"2026-02-01T19:58:13","date_gmt":"2026-02-01T19:58:13","guid":{"rendered":"https:\/\/beta.truzzer.com\/product\/trustband-google-review-nfc-wristband\/"},"modified":"2026-02-13T08:17:25","modified_gmt":"2026-02-13T08:17:25","slug":"trustband-google-review-nfc-wristband","status":"publish","type":"product","link":"https:\/\/www.truzzer.com\/it\/prodotto\/trustband-google-review-nfc-wristband\/","title":{"rendered":"banda fiduciaria. &#8211; Recensione Google Bracciale NFC"},"content":{"rendered":"","protected":false},"excerpt":{"rendered":"<div class=\"woocommerce-product-details__short-description\">\n<div class=\"wp-video\" style=\"width: 1920px\"><video autoplay=\"\" class=\"wp-video-shortcode\" controlli=\"controlli\" altezza=\"1080\" id=\"video-0-1\" preload=\"metadata\" larghezza=\"1920\"><a href=\"https:\/\/www.truzzer.com\/wp-content\/uploads\/2024\/03\/trustband-eng.mp4\">https:\/\/www.truzzer.com\/wp-content\/uploads\/2024\/03\/trustband-eng.mp4<\/a><\/video><\/div>\n<h2>Ricevi semplicemente pi\u00f9 recensioni Google contattando il cliente con la banda di fiducia NFC!<\/h2>\n<p>Approfitta della tecnologia NFC e genera pi\u00f9 recensioni su Google tramite le tue cameriere e i tuoi dipendenti con la banda fiduciaria empheilo. Con il braccialetto in silicone NFC impermeabile ed elastico con collegamento tag NFC integrato per indirizzare le recensioni Google, otterrai facilmente pi\u00f9 recensioni Google. Tutto ci\u00f2 che i tuoi clienti devono fare \u00e8 avvicinare il proprio smartphone al braccialetto e sul loro smartphone verr\u00e0 visualizzato un popup con la recensione Google.<\/p>\n<p>La recensione pu\u00f2 quindi essere facilmente integrata nel processo di pagamento e, con una richiesta amichevole da parte dello staff, gli ospiti e i clienti sono felici di soddisfare.<\/p>\n<p><strong>I tuoi vantaggi in breve:<\/strong><\/p>\n<ul>\n<li>Ottieni rapidamente pi\u00f9 recensioni Google<\/li>\n<li>Nessuna durata minima del contratto<\/li>\n<li>Braccialetto impermeabile e chip<\/li>\n<li>Taglia flessibile, adatta sia a donne che a uomini<\/li>\n<li>Una semplice icona Google bianca con 5 stelle adorna il braccialetto.<\/li>\n<li>Gestiamo il link di revisione e la codifica per te<\/li>\n<\/ul>\n<p><strong>Ci occupiamo della creazione e del collegamento del collegamento NFC e del codice QR per le revisioni dirette sul tuo profilo Google!<\/strong><strong><br \/>\n<\/strong><\/p>\n<\/div>\n","protected":false},"featured_media":96230,"comment_status":"open","ping_status":"closed","template":"","meta":{"_acf_changed":false,"_yoast_wpseo_focuskw":"Recensione Google Braccialetto NFC","_yoast_wpseo_title":"trustband. \u2013 Google review NFC wristband | truzzer","_yoast_wpseo_metadesc":"Pi\u00f9 recensioni Google a 5 stelle con trustband. \u2013 Google review NFC wristband di truzzer. Facile da configurare, pronto all'uso. Ordina ora!"},"product_brand":[1653],"product_cat":[1307,564,1305,1306,755],"product_tag":[],"class_list":{"0":"post-96222","1":"product","2":"type-product","3":"status-publish","4":"has-post-thumbnail","6":"product_brand-google","7":"product_cat-nfc-braccialetti","8":"product_cat-nfc-prodotti","9":"product_cat-recensione-google-altro","10":"product_cat-recensione-google-altro-con-nfc","11":"product_cat-recensione-google-prodotti","12":"pa_industry-consulenza-burocratica","13":"pa_industry-locali-diensten","14":"pa_industry-onroerend-goed","15":"pa_material-karton","16":"pa_placement-balie-receptie","17":"pa_placement-opuscolo","18":"pa_placement-portemonnee-personale","19":"pa_product-type-wristbands","20":"pa_technology-nfc","22":"first","23":"instock","24":"taxable","25":"shipping-taxable","26":"purchasable","27":"product-type-simple"},"acf":[],"yoast_head":"<!-- This site is optimized with the Yoast SEO plugin v27.0 - https:\/\/yoast.com\/product\/yoast-seo-wordpress\/ -->\n<title>trustband. \u2013 Google review NFC wristband | truzzer<\/title>\n<meta name=\"description\" content=\"Pi\u00f9 recensioni Google a 5 stelle con trustband. \u2013 Google review NFC wristband di truzzer. Facile da configurare, pronto all&#039;uso. Ordina ora!\" \/>\n<meta name=\"robots\" content=\"index, follow, max-snippet:-1, max-image-preview:large, max-video-preview:-1\" \/>\n<link rel=\"canonical\" href=\"https:\/\/www.truzzer.com\/it\/prodotto\/trustband-google-review-nfc-wristband\/\" \/>\n<meta property=\"og:locale\" content=\"it_IT\" \/>\n<meta property=\"og:type\" content=\"article\" \/>\n<meta property=\"og:title\" content=\"trustband. \u2013 Google review NFC wristband | truzzer\" \/>\n<meta property=\"og:description\" content=\"Pi\u00f9 recensioni Google a 5 stelle con trustband. \u2013 Google review NFC wristband di truzzer. Facile da configurare, pronto all&#039;uso. Ordina ora!\" \/>\n<meta property=\"og:url\" content=\"https:\/\/www.truzzer.com\/it\/prodotto\/trustband-google-review-nfc-wristband\/\" \/>\n<meta property=\"og:site_name\" content=\"truzzer\" \/>\n<meta property=\"article:modified_time\" content=\"2026-02-13T08:17:25+00:00\" \/>\n<meta property=\"og:image\" content=\"https:\/\/www.truzzer.com\/wp-content\/uploads\/2026\/02\/trustband-nfc-google-review-wristband-truzzer-2-4.jpg\" \/>\n\t<meta property=\"og:image:width\" content=\"1200\" \/>\n\t<meta property=\"og:image:height\" content=\"1200\" \/>\n\t<meta property=\"og:image:type\" content=\"image\/jpeg\" \/>\n<meta name=\"twitter:card\" content=\"summary_large_image\" \/>\n<script type=\"application\/ld+json\" class=\"yoast-schema-graph\">{\"@context\":\"https:\/\/schema.org\",\"@graph\":[{\"@type\":\"WebPage\",\"@id\":\"https:\/\/www.truzzer.com\/it\/prodotto\/trustband-google-review-nfc-wristband\/\",\"url\":\"https:\/\/www.truzzer.com\/it\/prodotto\/trustband-google-review-nfc-wristband\/\",\"name\":\"trustband. \u2013 Google review NFC wristband | truzzer\",\"isPartOf\":{\"@id\":\"https:\/\/www.truzzer.com\/it\/#website\"},\"primaryImageOfPage\":{\"@id\":\"https:\/\/www.truzzer.com\/it\/prodotto\/trustband-google-review-nfc-wristband\/#primaryimage\"},\"image\":{\"@id\":\"https:\/\/www.truzzer.com\/it\/prodotto\/trustband-google-review-nfc-wristband\/#primaryimage\"},\"thumbnailUrl\":\"https:\/\/www.truzzer.com\/wp-content\/uploads\/2026\/02\/trustband-nfc-google-review-wristband-truzzer-2-4.jpg\",\"datePublished\":\"2026-02-01T19:58:13+00:00\",\"dateModified\":\"2026-02-13T08:17:25+00:00\",\"description\":\"Pi\u00f9 recensioni Google a 5 stelle con trustband. \u2013 Google review NFC wristband di truzzer. Facile da configurare, pronto all'uso. Ordina ora!\",\"breadcrumb\":{\"@id\":\"https:\/\/www.truzzer.com\/it\/prodotto\/trustband-google-review-nfc-wristband\/#breadcrumb\"},\"inLanguage\":\"it-IT\",\"potentialAction\":[{\"@type\":\"ReadAction\",\"target\":[\"https:\/\/www.truzzer.com\/it\/prodotto\/trustband-google-review-nfc-wristband\/\"]}]},{\"@type\":\"ImageObject\",\"inLanguage\":\"it-IT\",\"@id\":\"https:\/\/www.truzzer.com\/it\/prodotto\/trustband-google-review-nfc-wristband\/#primaryimage\",\"url\":\"https:\/\/www.truzzer.com\/wp-content\/uploads\/2026\/02\/trustband-nfc-google-review-wristband-truzzer-2-4.jpg\",\"contentUrl\":\"https:\/\/www.truzzer.com\/wp-content\/uploads\/2026\/02\/trustband-nfc-google-review-wristband-truzzer-2-4.jpg\",\"width\":1200,\"height\":1200},{\"@type\":\"BreadcrumbList\",\"@id\":\"https:\/\/www.truzzer.com\/it\/prodotto\/trustband-google-review-nfc-wristband\/#breadcrumb\",\"itemListElement\":[{\"@type\":\"ListItem\",\"position\":1,\"name\":\"Home\",\"item\":\"https:\/\/www.truzzer.com\/it\/\"},{\"@type\":\"ListItem\",\"position\":2,\"name\":\"Negozio\",\"item\":\"https:\/\/www.truzzer.com\/it\/shop\/\"},{\"@type\":\"ListItem\",\"position\":3,\"name\":\"banda fiduciaria. &#8211; Recensione Google Bracciale NFC\"}]},{\"@type\":\"WebSite\",\"@id\":\"https:\/\/www.truzzer.com\/it\/#website\",\"url\":\"https:\/\/www.truzzer.com\/it\/\",\"name\":\"truzzer\",\"description\":\"Experts for customer trust\",\"publisher\":{\"@id\":\"https:\/\/www.truzzer.com\/it\/#organization\"},\"potentialAction\":[{\"@type\":\"SearchAction\",\"target\":{\"@type\":\"EntryPoint\",\"urlTemplate\":\"https:\/\/www.truzzer.com\/it\/?s={search_term_string}\"},\"query-input\":{\"@type\":\"PropertyValueSpecification\",\"valueRequired\":true,\"valueName\":\"search_term_string\"}}],\"inLanguage\":\"it-IT\"},{\"@type\":\"Organization\",\"@id\":\"https:\/\/www.truzzer.com\/it\/#organization\",\"name\":\"truzzer\",\"url\":\"https:\/\/www.truzzer.com\/it\/\",\"logo\":{\"@type\":\"ImageObject\",\"inLanguage\":\"it-IT\",\"@id\":\"https:\/\/www.truzzer.com\/it\/#\/schema\/logo\/image\/\",\"url\":\"https:\/\/truzzer.com\/wp-content\/uploads\/2026\/01\/truzzer-logo-black-1.svg\",\"contentUrl\":\"https:\/\/truzzer.com\/wp-content\/uploads\/2026\/01\/truzzer-logo-black-1.svg\",\"width\":938,\"height\":199,\"caption\":\"truzzer\"},\"image\":{\"@id\":\"https:\/\/www.truzzer.com\/it\/#\/schema\/logo\/image\/\"}}]}<\/script>\n<!-- \/ Yoast SEO plugin. -->","yoast_head_json":{"title":"trustband. \u2013 Google review NFC wristband | truzzer","description":"Pi\u00f9 recensioni Google a 5 stelle con trustband. \u2013 Google review NFC wristband di truzzer. Facile da configurare, pronto all'uso. Ordina ora!","robots":{"index":"index","follow":"follow","max-snippet":"max-snippet:-1","max-image-preview":"max-image-preview:large","max-video-preview":"max-video-preview:-1"},"canonical":"https:\/\/www.truzzer.com\/it\/prodotto\/trustband-google-review-nfc-wristband\/","og_locale":"it_IT","og_type":"article","og_title":"trustband. \u2013 Google review NFC wristband | truzzer","og_description":"Pi\u00f9 recensioni Google a 5 stelle con trustband. \u2013 Google review NFC wristband di truzzer. Facile da configurare, pronto all'uso. Ordina ora!","og_url":"https:\/\/www.truzzer.com\/it\/prodotto\/trustband-google-review-nfc-wristband\/","og_site_name":"truzzer","article_modified_time":"2026-02-13T08:17:25+00:00","og_image":[{"width":1200,"height":1200,"url":"https:\/\/www.truzzer.com\/wp-content\/uploads\/2026\/02\/trustband-nfc-google-review-wristband-truzzer-2-4.jpg","type":"image\/jpeg"}],"twitter_card":"summary_large_image","schema":{"@context":"https:\/\/schema.org","@graph":[{"@type":"WebPage","@id":"https:\/\/www.truzzer.com\/it\/prodotto\/trustband-google-review-nfc-wristband\/","url":"https:\/\/www.truzzer.com\/it\/prodotto\/trustband-google-review-nfc-wristband\/","name":"trustband. \u2013 Google review NFC wristband | truzzer","isPartOf":{"@id":"https:\/\/www.truzzer.com\/it\/#website"},"primaryImageOfPage":{"@id":"https:\/\/www.truzzer.com\/it\/prodotto\/trustband-google-review-nfc-wristband\/#primaryimage"},"image":{"@id":"https:\/\/www.truzzer.com\/it\/prodotto\/trustband-google-review-nfc-wristband\/#primaryimage"},"thumbnailUrl":"https:\/\/www.truzzer.com\/wp-content\/uploads\/2026\/02\/trustband-nfc-google-review-wristband-truzzer-2-4.jpg","datePublished":"2026-02-01T19:58:13+00:00","dateModified":"2026-02-13T08:17:25+00:00","description":"Pi\u00f9 recensioni Google a 5 stelle con trustband. \u2013 Google review NFC wristband di truzzer. Facile da configurare, pronto all'uso. Ordina ora!","breadcrumb":{"@id":"https:\/\/www.truzzer.com\/it\/prodotto\/trustband-google-review-nfc-wristband\/#breadcrumb"},"inLanguage":"it-IT","potentialAction":[{"@type":"ReadAction","target":["https:\/\/www.truzzer.com\/it\/prodotto\/trustband-google-review-nfc-wristband\/"]}]},{"@type":"ImageObject","inLanguage":"it-IT","@id":"https:\/\/www.truzzer.com\/it\/prodotto\/trustband-google-review-nfc-wristband\/#primaryimage","url":"https:\/\/www.truzzer.com\/wp-content\/uploads\/2026\/02\/trustband-nfc-google-review-wristband-truzzer-2-4.jpg","contentUrl":"https:\/\/www.truzzer.com\/wp-content\/uploads\/2026\/02\/trustband-nfc-google-review-wristband-truzzer-2-4.jpg","width":1200,"height":1200},{"@type":"BreadcrumbList","@id":"https:\/\/www.truzzer.com\/it\/prodotto\/trustband-google-review-nfc-wristband\/#breadcrumb","itemListElement":[{"@type":"ListItem","position":1,"name":"Home","item":"https:\/\/www.truzzer.com\/it\/"},{"@type":"ListItem","position":2,"name":"Negozio","item":"https:\/\/www.truzzer.com\/it\/shop\/"},{"@type":"ListItem","position":3,"name":"banda fiduciaria. &#8211; Recensione Google Bracciale NFC"}]},{"@type":"WebSite","@id":"https:\/\/www.truzzer.com\/it\/#website","url":"https:\/\/www.truzzer.com\/it\/","name":"truzzer","description":"Experts for customer trust","publisher":{"@id":"https:\/\/www.truzzer.com\/it\/#organization"},"potentialAction":[{"@type":"SearchAction","target":{"@type":"EntryPoint","urlTemplate":"https:\/\/www.truzzer.com\/it\/?s={search_term_string}"},"query-input":{"@type":"PropertyValueSpecification","valueRequired":true,"valueName":"search_term_string"}}],"inLanguage":"it-IT"},{"@type":"Organization","@id":"https:\/\/www.truzzer.com\/it\/#organization","name":"truzzer","url":"https:\/\/www.truzzer.com\/it\/","logo":{"@type":"ImageObject","inLanguage":"it-IT","@id":"https:\/\/www.truzzer.com\/it\/#\/schema\/logo\/image\/","url":"https:\/\/truzzer.com\/wp-content\/uploads\/2026\/01\/truzzer-logo-black-1.svg","contentUrl":"https:\/\/truzzer.com\/wp-content\/uploads\/2026\/01\/truzzer-logo-black-1.svg","width":938,"height":199,"caption":"truzzer"},"image":{"@id":"https:\/\/www.truzzer.com\/it\/#\/schema\/logo\/image\/"}}]}},"tiered_pricing_type":"fixed","tiered_pricing_fixed_rules":[],"tiered_pricing_product_settings":{"layout":"default","base_unit_name":{"singular":null,"plural":null},"default_variation":null},"tiered_pricing_minimum_quantity":null,"tiered_pricing_roles_data":[],"tiered_pricing_percentage_rules":[],"tiered_pricing_maximum_quantity":null,"tiered_pricing_quantity_step":null,"_links":{"self":[{"href":"https:\/\/www.truzzer.com\/it\/wp-json\/wp\/v2\/product\/96222","targetHints":{"allow":["GET"]}}],"collection":[{"href":"https:\/\/www.truzzer.com\/it\/wp-json\/wp\/v2\/product"}],"about":[{"href":"https:\/\/www.truzzer.com\/it\/wp-json\/wp\/v2\/types\/product"}],"replies":[{"embeddable":true,"href":"https:\/\/www.truzzer.com\/it\/wp-json\/wp\/v2\/comments?post=96222"}],"wp:featuredmedia":[{"embeddable":true,"href":"https:\/\/www.truzzer.com\/it\/wp-json\/wp\/v2\/media\/96230"}],"wp:attachment":[{"href":"https:\/\/www.truzzer.com\/it\/wp-json\/wp\/v2\/media?parent=96222"}],"wp:term":[{"taxonomy":"product_brand","embeddable":true,"href":"https:\/\/www.truzzer.com\/it\/wp-json\/wp\/v2\/product_brand?post=96222"},{"taxonomy":"product_cat","embeddable":true,"href":"https:\/\/www.truzzer.com\/it\/wp-json\/wp\/v2\/product_cat?post=96222"},{"taxonomy":"product_tag","embeddable":true,"href":"https:\/\/www.truzzer.com\/it\/wp-json\/wp\/v2\/product_tag?post=96222"}],"curies":[{"name":"wp","href":"https:\/\/api.w.org\/{rel}","templated":true}]}}