{"id":92387,"date":"2026-02-07T13:32:50","date_gmt":"2026-02-07T13:32:50","guid":{"rendered":"https:\/\/beta.truzzer.com\/sitemap\/"},"modified":"2026-02-13T08:00:08","modified_gmt":"2026-02-13T08:00:08","slug":"sitemap","status":"publish","type":"page","link":"https:\/\/www.truzzer.com\/no\/sitemap\/","title":{"rendered":"Sitemap"},"content":{"rendered":"<p>&laquo;`html<\/p>\n<div class=\"toc_sitemap\">\n<h3 class=\"toc_sitemap_pages\">Paginas<\/h3>\n<ul class=\"toc_sitemap_pages_list\">\n<li class=\"page_item page-item-1104\"><a href=\"https:\/\/truzzer.com\/no\/about-truzzer\/\">Over truzzer<\/a><\/li>\n<li class=\"page_item page-item-90323 current_page_parent\"><a href=\"https:\/\/truzzer.com\/no\/blog-2\/\">Blogg<\/a><\/li>\n<li class=\"page_item page-item-7\"><a href=\"https:\/\/truzzer.com\/no\/handlekurv\/\">Winkelwagen<\/a><\/li>\n<li class=\"page_item page-item-8\"><a href=\"https:\/\/truzzer.com\/no\/kasse\/\">Afrekenen<\/a><\/li>\n<li class=\"page_item page-item-891\"><a href=\"https:\/\/truzzer.com\/no\/contact\/\">Kontakt<\/a><\/li>\n<li class=\"page_item page-item-493\"><a href=\"https:\/\/truzzer.com\/no\/facebook\/\">Facebook<\/a><\/li>\n<li class=\"page_item page-item-584\"><a href=\"https:\/\/truzzer.com\/no\/faq\/\">Vanlige sp\u00f8rsm\u00e5l<\/a><\/li>\n<li class=\"page_item page-item-495\"><a href=\"https:\/\/truzzer.com\/no\/google\/\">Google<\/a><\/li>\n<li class=\"page_item page-item-365\"><a href=\"https:\/\/truzzer.com\/no\/gx\/\">gx<\/a><\/li>\n<li class=\"page_item page-item-442\"><a href=\"https:\/\/truzzer.com\/no\/gy\/\">gy<\/a><\/li>\n<li class=\"page_item page-item-57231\"><a href=\"https:\/\/truzzer.com\/no\/\">Hjem<\/a><\/li>\n<li class=\"page_item page-item-484\"><a href=\"https:\/\/truzzer.com\/no\/instagram\/\">Instagram<\/a><\/li>\n<li class=\"page_item page-item-583\"><a href=\"https:\/\/truzzer.com\/no\/legal-information\/\">Juridiske opplysninger<\/a><\/li>\n<li class=\"page_item page-item-953\"><a href=\"https:\/\/truzzer.com\/no\/linkedin\/\">LinkedIN<\/a><\/li>\n<li class=\"page_item page-item-9\"><a href=\"https:\/\/truzzer.com\/my-account\/\">Mijn konto<\/a><\/li>\n<li class=\"page_item page-item-580\"><a href=\"https:\/\/truzzer.com\/no\/payment-methods\/\">Betaalmetoder<\/a><\/li>\n<li class=\"page_item page-item-486\"><a href=\"https:\/\/truzzer.com\/no\/paypal\/\">PayPal<\/a><\/li>\n<li class=\"page_item page-item-581\"><a href=\"https:\/\/truzzer.com\/no\/privacy\/\">Personvern<\/a><\/li>\n<li class=\"page_item page-item-582\"><a href=\"https:\/\/truzzer.com\/no\/revocation\/\">Herroeping<\/a><\/li>\n<li class=\"page_item page-item-2\"><a href=\"https:\/\/truzzer.com\/no\/sample-page\/\">Voorbeeldpagina<\/a><\/li>\n<li class=\"page_item page-item-6\"><a href=\"https:\/\/truzzer.com\/no\/butikk\/\">Winkel<\/a><\/li>\n<li class=\"page_item page-item-90172\"><a href=\"https:\/\/truzzer.com\/no\/shop-by-industry\/\">Winkel per gren<\/a><\/li>\n<li class=\"page_item page-item-90641\"><a href=\"https:\/\/truzzer.com\/no\/sitemap-2\/\">Nettkart<\/a><\/li>\n<li class=\"page_item page-item-317\"><a href=\"https:\/\/truzzer.com\/no\/template\/\">sjabloon<\/a><\/li>\n<li class=\"page_item page-item-579\"><a href=\"https:\/\/truzzer.com\/no\/terms-and-conditions\/\">Alminnelige vilk\u00e5r<\/a><\/li>\n<li class=\"page_item page-item-491\"><a href=\"https:\/\/truzzer.com\/no\/tiktok\/\">TikTok<\/a><\/li>\n<li class=\"page_item page-item-912\"><a href=\"https:\/\/truzzer.com\/no\/tripadvisor-reviews\/\">TripAdvisor-anmeldelser<\/a><\/li>\n<li class=\"page_item page-item-485\"><a href=\"https:\/\/truzzer.com\/no\/whatsapp\/\">WhatsApp<\/a><\/li>\n<li class=\"page_item page-item-951\"><a href=\"https:\/\/truzzer.com\/no\/yelp-reviews\/\">Yelp-anmeldelser<\/a><\/li>\n<\/ul>\n<h3 class=\"toc_sitemap_categories\">Categoriesn<\/h3>\n<ul class=\"toc_sitemap_categories_list\">\n<li class=\"cat-item cat-item-170\"><a href=\"https:\/\/truzzer.com\/category\/alles-over-google-recensies\/\">Alle over Google-nyheter<\/a>\n<\/li>\n<li class=\"cat-item cat-item-171\"><a href=\"https:\/\/truzzer.com\/category\/allt-om-google-recensioner\/\">Allt om Google-recensioner<\/a>\n<\/li>\n<li class=\"cat-item cat-item-195\"><a href=\"https:\/\/truzzer.com\/category\/alt-om-google-anmeldelser\/\">Alt om Google-anmeldelser<\/a>\n<\/li>\n<li class=\"cat-item cat-item-166\"><a href=\"https:\/\/truzzer.com\/category\/google-review-information\/\">Google anmeldelser<\/a>\n<\/li>\n<li class=\"cat-item cat-item-232\"><a href=\"https:\/\/truzzer.com\/category\/instagram-no\/\">Instagram<\/a>\n<\/li>\n<li class=\"cat-item cat-item-183\"><a href=\"https:\/\/truzzer.com\/category\/instagram-es\/\">Instagram<\/a>\n<\/li>\n<li class=\"cat-item cat-item-234\"><a href=\"https:\/\/truzzer.com\/category\/instagram-pl\/\">Instagram<\/a>\n<\/li>\n<li class=\"cat-item cat-item-184\"><a href=\"https:\/\/truzzer.com\/category\/instagram-it\/\">Instagram<\/a>\n<\/li>\n<li class=\"cat-item cat-item-185\"><a href=\"https:\/\/truzzer.com\/category\/instagram-sv\/\">Instagram<\/a>\n<\/li>\n<li class=\"cat-item cat-item-175\"><a href=\"https:\/\/truzzer.com\/category\/instagram\/\">Instagram<\/a>\n<\/li>\n<li class=\"cat-item cat-item-181\"><a href=\"https:\/\/truzzer.com\/category\/instagram-nl\/\">Instagram<\/a>\n<\/li>\n<li class=\"cat-item cat-item-182\"><a href=\"https:\/\/truzzer.com\/category\/instagram-fr\/\">Instagram<\/a>\n<\/li>\n<li class=\"cat-item cat-item-240\"><a href=\"https:\/\/truzzer.com\/category\/allgemein\/\">Nieuws<\/a>\n<\/li>\n<li class=\"cat-item cat-item-168\"><a href=\"https:\/\/truzzer.com\/category\/todo-sobre-las-opiniones-de-google\/\">For \u00e5 gj\u00f8re v\u00e5re meninger om Google<\/a>\n<\/li>\n<li class=\"cat-item cat-item-169\"><a href=\"https:\/\/truzzer.com\/category\/tout-sur-les-avis-google\/\">Tout sur les avis Google<\/a>\n<\/li>\n<li class=\"cat-item cat-item-167\"><a href=\"https:\/\/truzzer.com\/category\/tutto-sulle-recensioni-di-google\/\">Til \u00e5 lese anmeldelser av Google<\/a>\n<\/li>\n<li class=\"cat-item cat-item-205\"><a href=\"https:\/\/truzzer.com\/category\/wszystko-o-recenzjach-google\/\">Wszystko eller recenzhach Google<\/a>\n<\/li>\n<\/ul>\n<\/div>\n","protected":false},"excerpt":{"rendered":"<p>&laquo;`html Paginas Over truzzer Blogg Winkelwagen Afrekenen Kontakt Facebook Vanlige sp\u00f8rsm\u00e5l Google gx gy Hjem Instagram Juridiske opplysninger LinkedIN Mijn<\/p>\n","protected":false},"author":2,"featured_media":0,"parent":0,"menu_order":0,"comment_status":"closed","ping_status":"closed","template":"","meta":{"_acf_changed":false,"_yoast_wpseo_focuskw":"","_yoast_wpseo_title":"","_yoast_wpseo_metadesc":"","footnotes":""},"class_list":["post-92387","page","type-page","status-publish","hentry"],"acf":[],"yoast_head":"<!-- This site is optimized with the Yoast SEO plugin v27.0 - https:\/\/yoast.com\/product\/yoast-seo-wordpress\/ -->\n<title>Sitemap | truzzer<\/title>\n<meta name=\"robots\" content=\"index, follow, max-snippet:-1, max-image-preview:large, max-video-preview:-1\" \/>\n<link rel=\"canonical\" href=\"https:\/\/www.truzzer.com\/no\/sitemap\/\" \/>\n<meta property=\"og:locale\" content=\"nb_NO\" \/>\n<meta property=\"og:type\" content=\"article\" \/>\n<meta property=\"og:title\" content=\"Sitemap | truzzer\" \/>\n<meta property=\"og:description\" content=\"&laquo;`html Paginas Over truzzer Blogg Winkelwagen Afrekenen Kontakt Facebook Vanlige sp\u00f8rsm\u00e5l Google gx gy Hjem Instagram Juridiske opplysninger LinkedIN Mijn\" \/>\n<meta property=\"og:url\" content=\"https:\/\/www.truzzer.com\/no\/sitemap\/\" \/>\n<meta property=\"og:site_name\" content=\"truzzer\" \/>\n<meta property=\"article:modified_time\" content=\"2026-02-13T08:00:08+00:00\" \/>\n<meta name=\"twitter:card\" content=\"summary_large_image\" \/>\n<script type=\"application\/ld+json\" class=\"yoast-schema-graph\">{\"@context\":\"https:\/\/schema.org\",\"@graph\":[{\"@type\":\"WebPage\",\"@id\":\"https:\/\/www.truzzer.com\/no\/sitemap\/\",\"url\":\"https:\/\/www.truzzer.com\/no\/sitemap\/\",\"name\":\"Sitemap | truzzer\",\"isPartOf\":{\"@id\":\"https:\/\/www.truzzer.com\/no\/#website\"},\"datePublished\":\"2026-02-07T13:32:50+00:00\",\"dateModified\":\"2026-02-13T08:00:08+00:00\",\"breadcrumb\":{\"@id\":\"https:\/\/www.truzzer.com\/no\/sitemap\/#breadcrumb\"},\"inLanguage\":\"nb-NO\",\"potentialAction\":[{\"@type\":\"ReadAction\",\"target\":[\"https:\/\/www.truzzer.com\/no\/sitemap\/\"]}]},{\"@type\":\"BreadcrumbList\",\"@id\":\"https:\/\/www.truzzer.com\/no\/sitemap\/#breadcrumb\",\"itemListElement\":[{\"@type\":\"ListItem\",\"position\":1,\"name\":\"Home\",\"item\":\"https:\/\/www.truzzer.com\/no\/\"},{\"@type\":\"ListItem\",\"position\":2,\"name\":\"Sitemap\"}]},{\"@type\":\"WebSite\",\"@id\":\"https:\/\/www.truzzer.com\/no\/#website\",\"url\":\"https:\/\/www.truzzer.com\/no\/\",\"name\":\"truzzer\",\"description\":\"Experts for customer trust\",\"publisher\":{\"@id\":\"https:\/\/www.truzzer.com\/no\/#organization\"},\"potentialAction\":[{\"@type\":\"SearchAction\",\"target\":{\"@type\":\"EntryPoint\",\"urlTemplate\":\"https:\/\/www.truzzer.com\/no\/?s={search_term_string}\"},\"query-input\":{\"@type\":\"PropertyValueSpecification\",\"valueRequired\":true,\"valueName\":\"search_term_string\"}}],\"inLanguage\":\"nb-NO\"},{\"@type\":\"Organization\",\"@id\":\"https:\/\/www.truzzer.com\/no\/#organization\",\"name\":\"truzzer\",\"url\":\"https:\/\/www.truzzer.com\/no\/\",\"logo\":{\"@type\":\"ImageObject\",\"inLanguage\":\"nb-NO\",\"@id\":\"https:\/\/www.truzzer.com\/no\/#\/schema\/logo\/image\/\",\"url\":\"https:\/\/truzzer.com\/wp-content\/uploads\/2026\/01\/truzzer-logo-black-1.svg\",\"contentUrl\":\"https:\/\/truzzer.com\/wp-content\/uploads\/2026\/01\/truzzer-logo-black-1.svg\",\"width\":938,\"height\":199,\"caption\":\"truzzer\"},\"image\":{\"@id\":\"https:\/\/www.truzzer.com\/no\/#\/schema\/logo\/image\/\"}}]}<\/script>\n<!-- \/ Yoast SEO plugin. -->","yoast_head_json":{"title":"Sitemap | truzzer","robots":{"index":"index","follow":"follow","max-snippet":"max-snippet:-1","max-image-preview":"max-image-preview:large","max-video-preview":"max-video-preview:-1"},"canonical":"https:\/\/www.truzzer.com\/no\/sitemap\/","og_locale":"nb_NO","og_type":"article","og_title":"Sitemap | truzzer","og_description":"&laquo;`html Paginas Over truzzer Blogg Winkelwagen Afrekenen Kontakt Facebook Vanlige sp\u00f8rsm\u00e5l Google gx gy Hjem Instagram Juridiske opplysninger LinkedIN Mijn","og_url":"https:\/\/www.truzzer.com\/no\/sitemap\/","og_site_name":"truzzer","article_modified_time":"2026-02-13T08:00:08+00:00","twitter_card":"summary_large_image","schema":{"@context":"https:\/\/schema.org","@graph":[{"@type":"WebPage","@id":"https:\/\/www.truzzer.com\/no\/sitemap\/","url":"https:\/\/www.truzzer.com\/no\/sitemap\/","name":"Sitemap | truzzer","isPartOf":{"@id":"https:\/\/www.truzzer.com\/no\/#website"},"datePublished":"2026-02-07T13:32:50+00:00","dateModified":"2026-02-13T08:00:08+00:00","breadcrumb":{"@id":"https:\/\/www.truzzer.com\/no\/sitemap\/#breadcrumb"},"inLanguage":"nb-NO","potentialAction":[{"@type":"ReadAction","target":["https:\/\/www.truzzer.com\/no\/sitemap\/"]}]},{"@type":"BreadcrumbList","@id":"https:\/\/www.truzzer.com\/no\/sitemap\/#breadcrumb","itemListElement":[{"@type":"ListItem","position":1,"name":"Home","item":"https:\/\/www.truzzer.com\/no\/"},{"@type":"ListItem","position":2,"name":"Sitemap"}]},{"@type":"WebSite","@id":"https:\/\/www.truzzer.com\/no\/#website","url":"https:\/\/www.truzzer.com\/no\/","name":"truzzer","description":"Experts for customer trust","publisher":{"@id":"https:\/\/www.truzzer.com\/no\/#organization"},"potentialAction":[{"@type":"SearchAction","target":{"@type":"EntryPoint","urlTemplate":"https:\/\/www.truzzer.com\/no\/?s={search_term_string}"},"query-input":{"@type":"PropertyValueSpecification","valueRequired":true,"valueName":"search_term_string"}}],"inLanguage":"nb-NO"},{"@type":"Organization","@id":"https:\/\/www.truzzer.com\/no\/#organization","name":"truzzer","url":"https:\/\/www.truzzer.com\/no\/","logo":{"@type":"ImageObject","inLanguage":"nb-NO","@id":"https:\/\/www.truzzer.com\/no\/#\/schema\/logo\/image\/","url":"https:\/\/truzzer.com\/wp-content\/uploads\/2026\/01\/truzzer-logo-black-1.svg","contentUrl":"https:\/\/truzzer.com\/wp-content\/uploads\/2026\/01\/truzzer-logo-black-1.svg","width":938,"height":199,"caption":"truzzer"},"image":{"@id":"https:\/\/www.truzzer.com\/no\/#\/schema\/logo\/image\/"}}]}},"_links":{"self":[{"href":"https:\/\/www.truzzer.com\/no\/wp-json\/wp\/v2\/pages\/92387","targetHints":{"allow":["GET"]}}],"collection":[{"href":"https:\/\/www.truzzer.com\/no\/wp-json\/wp\/v2\/pages"}],"about":[{"href":"https:\/\/www.truzzer.com\/no\/wp-json\/wp\/v2\/types\/page"}],"author":[{"embeddable":true,"href":"https:\/\/www.truzzer.com\/no\/wp-json\/wp\/v2\/users\/2"}],"replies":[{"embeddable":true,"href":"https:\/\/www.truzzer.com\/no\/wp-json\/wp\/v2\/comments?post=92387"}],"version-history":[{"count":0,"href":"https:\/\/www.truzzer.com\/no\/wp-json\/wp\/v2\/pages\/92387\/revisions"}],"wp:attachment":[{"href":"https:\/\/www.truzzer.com\/no\/wp-json\/wp\/v2\/media?parent=92387"}],"curies":[{"name":"wp","href":"https:\/\/api.w.org\/{rel}","templated":true}]}}