{"id":99129,"date":"2026-02-04T15:43:10","date_gmt":"2026-02-04T15:43:10","guid":{"rendered":"https:\/\/beta.truzzer.com\/revocation\/"},"modified":"2026-02-13T08:22:49","modified_gmt":"2026-02-13T08:22:49","slug":"revocation","status":"publish","type":"page","link":"https:\/\/www.truzzer.com\/no\/revocation\/","title":{"rendered":"Tilbakekalling"},"content":{"rendered":"<article class=\"entry-content post-22031 page type-page status-publish hentry\" id=\"post-22031\">\n<p><strong>\u00a0<\/strong><\/p>\n<p><strong>Melding til forbrukere om kansellering av kontrakter for varer levert i en enkelt forsendelse<\/strong><\/p>\n<p><em>Retningslinjer for kansellering<\/em><br \/>\nEn forbruker er enhver fysisk person som fullf\u00f8rer en juridisk transaksjon for form\u00e5l som for det meste ikke kan tilskrives noen yrkesaktivitet av verken kommersiell eller selvstendig n\u00e6ringsdrivende karakter de driver med.<\/p>\n<p><em>Angrerett<\/em><br \/>\nDu har rett til \u00e5 kansellere denne kontrakten uten \u00e5 oppgi grunner innen en fjorten dagers angrefrist som begynner p\u00e5 dagen du eller en tredjepart utpekt av deg (du kan ikke utpeke transport\u00f8ren) mottar varene. For \u00e5 ut\u00f8ve angreretten din m\u00e5 du gi oss beskjed (<\/p>\n<p><strong>truzzer.com<\/strong><br \/>\nASMUS&amp;HOCK GbR<br \/>\nMoltkestr. 25<br \/>\n42799 TysklandTelefonnummer: +49 2175 978 366 3<br \/>\nE-postadresse: <a class=\"__cf_email__\" data-cfemail=\"d7bfb2bbbbb897a3a5a2adadb2a5f9b4b8ba\" href=\"\/cdn-cgi\/l\/email-protection\">[e-postbeskyttet]<\/a><\/p>\n<p>). Du kan \u2013 men er ikke forpliktet til \u2013 bruke malen for kanselleringsskjema som er vedlagt denne avbestillingsreglene. Du vil bli ansett for \u00e5 ha overholdt den nevnte angrefristen hvis brevet, faksen eller e-posten din som varsler oss om bruken av angreretten ble sendt f\u00f8r utl\u00f8pet av kanselleringsperioden.<\/p>\n<p><em>Konsekvenser av kansellering<\/em><br \/>\nHvis du kansellerer denne kontrakten, er vi p\u00e5lagt \u00e5 betale tilbake alle betalinger vi har mottatt fra deg (inkludert fraktkostnader, men ekskludert tilleggskostnader som f\u00f8lge av at du har valgt et annet fraktalternativ enn standard, laveste fraktalternativ vi tilbyr) uten forsinkelser og innen en maksimal periode p\u00e5 fjorten dager fra datoen vi mottar brevet, faksen eller e-posten din som varsler oss om kanselleringen. Tilbakebetaling skjer med samme betalingstype som du brukte for den opprinnelige transaksjonen med mindre annet er avtalt med deg; under ingen omstendigheter vil du bli belastet med gebyrer i forbindelse med tilbakebetaling. Vi forbeholder oss retten til \u00e5 nekte tilbakebetaling inntil vi har mottatt de returnerte varene eller inntil du har fremlagt bevis p\u00e5 at du har returnert varene (det som er det f\u00f8rste tidspunktet). Du er p\u00e5lagt \u00e5 returnere varene til oss uten forsinkelser og innen en maksimal periode p\u00e5 fjorten dager fra datoen da du varsler oss om kanselleringen av denne kontrakten. Du vil bli ansett for \u00e5 ha overholdt den nevnte returperioden hvis du sender varene f\u00f8r utl\u00f8pet av den fjorten dager lange perioden.<\/p>\n<p>Du er ansvarlig for de direkte kostnadene ved \u00e5 returnere varene.<br \/>\nDu er kun ansvarlig for verdiforringelse av varene dersom slik verdiforringelse kan tilskrives den ikke-essensielle h\u00e5ndteringen av varene av deg for andre form\u00e5l enn verifisering av arten, egenskapene og funksjonaliteten til den.<\/p>\n<p><em>Mal for kanselleringsskjema<\/em><br \/>\n(Hvis du \u00f8nsker \u00e5 kansellere kontrakten, vennligst fyll ut dette skjemaet og send det tilbake til oss.)<br \/>\n\u2013 Til<\/p>\n<p><strong>truzzer.com<\/strong><br \/>\nASMUS&amp;HOCK GbR<br \/>\nMoltkestr. 25<br \/>\n42799 TysklandTelefonnummer: +49 2175 978 366 3<br \/>\nE-postadresse: <a class=\"__cf_email__\" data-cfemail=\"2e464b4242416e5a5c5b54544b5c004d4143\" href=\"\/cdn-cgi\/l\/email-protection\">[e-postbeskyttet]<\/a><\/p>\n<p>:<br \/>\n\u2013 Jeg\/vi (*) kansellerer herved kontrakten jeg\/vi (*) har inng\u00e5tt for kj\u00f8p av f\u00f8lgende varer (*)\/ levering av f\u00f8lgende tjeneste (*)<br \/>\n\u2013 Bestilt (*)\/mottatt (*)<br \/>\n\u2013 Navn p\u00e5 forbruker(e)<br \/>\n\u2013 Adresse til forbruker(e)<br \/>\n\u2013 Underskrift av forbruker(e) (bare n\u00f8dvendig hvis kanselleringen sendes i papirform)<br \/>\n\u2013 Dato<br \/>\n\u2014\u2014\u2014\u2014\u2014\u2014\u2014\u2014\u2014\u2014\u2014\u2014\u2014<br \/>\n(*) Slett det som passer.<\/p>\n<p><em>Ekskludering og for tidlig utl\u00f8p av angreretten<\/em><br \/>\nAngreretten gjelder ikke kontrakter for<br \/>\nlevering av varer som ikke er prefabrikkerte og hvis fabrikasjon enten er definert av de valgte alternativene og form\u00e5lene tiltenkt av forbrukeren eller tydelig skreddersydd til forbrukerens personlige behov;<br \/>\nlevering av varer som kan g\u00e5 til grunne raskt eller raskt overskride utl\u00f8psdatoen;<br \/>\nlevering av alkoholholdige drikker som det ble avtalt en pris for p\u00e5 tidspunktet for inng\u00e5elsen av kontrakten, men som tidligst kan leveres 30 dager etter kontraktsinng\u00e5elsen og hvis n\u00e5verdi er gjenstand for svingninger p\u00e5 markedet som gr\u00fcnderen ikke har noen innflytelse over;<br \/>\nlevering av aviser, tidsskrifter eller glansede magasiner, med unntak av de som det er abonnement p\u00e5. Angreretten opph\u00f8rer for tidlig ved kontrakter om levering av forseglede varer som av helsevern- eller hygienegrunner anses uegnet for retur i den grad deres forsegling ble brutt etter levering, for levering av varer som i sin natur blandes med andre varer. levering; levering av lyd- eller videoopptak eller dataprogramvare i en forseglet pakke i den grad forseglingen ble fjernet etter levering.<\/p>\n<p><strong>Melding til forbrukere om kansellering av kontrakter for levering av flere varer bestilt som en enkelt ordre, men levert separat<\/strong><\/p>\n<p><em>Retningslinjer for kansellering<\/em><br \/>\nEn forbruker er enhver fysisk person som fullf\u00f8rer en juridisk transaksjon for form\u00e5l som for det meste ikke kan tilskrives noen yrkesaktivitet av verken kommersiell eller selvstendig n\u00e6ringsdrivende karakter de driver med.<\/p>\n<p><em>Angrerett<\/em><br \/>\nDu har rett til \u00e5 kansellere denne kontrakten uten \u00e5 oppgi grunner innen en fjorten dagers angrefrist som begynner p\u00e5 dagen du eller en tredjepart utpekt av deg (du kan ikke utnevne transport\u00f8ren) mottar(e) mottak av de siste varene. For \u00e5 ut\u00f8ve angreretten din m\u00e5 du gi oss beskjed (<\/p>\n<p><strong>truzzer.com<\/strong><br \/>\nASMUS&amp;HOCK GbR<br \/>\nMoltkestr. 25<br \/>\n42799 TysklandTelefonnummer: +49 2175 978 366 3<br \/>\nE-postadresse: <a class=\"__cf_email__\" data-cfemail=\"375f525b5b58774345424d4d52451954585a\" href=\"\/cdn-cgi\/l\/email-protection\">[email\u00a0protected]<\/a>) av din beslutning om \u00e5 si opp denne kontrakten (f.eks. et brev sendt med post, faks eller e-post). Du kan \u2013 men er ikke forpliktet til \u2013 bruke malen for kanselleringsskjema som er vedlagt denne avbestillingsreglene. Du vil bli ansett for \u00e5 ha overholdt den nevnte angrefristen hvis brevet, faksen eller e-posten din som varsler oss om bruken av angreretten ble sendt f\u00f8r utl\u00f8pet av kanselleringsperioden.<\/p>\n<p><em>Konsekvenser av kansellering<\/em><br \/>\nHvis du kansellerer denne kontrakten, er vi p\u00e5lagt \u00e5 betale tilbake alle betalinger vi har mottatt fra deg (inkludert fraktkostnader, men unntatt tilleggskostnader som f\u00f8lge av at du har valgt et annet fraktalternativ enn det standard, laveste fraktalternativet vi tilbyr) uten forsinkelser og innen en maksimal periode p\u00e5 fjorten dager fra datoen vi mottar brevet, faksen eller e-posten din som varsler oss om kanselleringen. Tilbakebetaling skjer med samme betalingstype som du brukte for den opprinnelige transaksjonen med mindre annet er avtalt med deg; under ingen omstendigheter vil du bli belastet med gebyrer i forbindelse med tilbakebetaling. Vi forbeholder oss retten til \u00e5 nekte tilbakebetaling inntil vi har mottatt de returnerte varene eller inntil du har fremlagt bevis p\u00e5 at du har returnert varene (det som er det f\u00f8rste tidspunktet). Du er p\u00e5lagt \u00e5 returnere varene til oss uten forsinkelser og innen en maksimal periode p\u00e5 fjorten dager fra datoen da du varsler oss om kanselleringen av denne kontrakten. Du vil bli ansett for \u00e5 ha overholdt den nevnte returperioden hvis du sender varene f\u00f8r utl\u00f8pet av den fjorten dager lange perioden.<\/p>\n<p>Du er ansvarlig for de direkte kostnadene ved \u00e5 returnere varene. Du er kun ansvarlig for verdiforringelse av varene dersom slik verdiforringelse kan tilskrives den ikke-essensielle h\u00e5ndteringen av varene av deg for andre form\u00e5l enn verifisering av arten, egenskapene og funksjonaliteten til den.<\/p>\n<p><em>Mal for kanselleringsskjema<\/em><br \/>\n(Hvis du \u00f8nsker \u00e5 kansellere kontrakten, vennligst fyll ut dette skjemaet og send det tilbake til oss.)<br \/>\n\u2013 Til<\/p>\n<p><strong>truzzer.com<\/strong><br \/>\nASMUS&amp;HOCK GbR<br \/>\nMoltkestr. 25<br \/>\n42799 TysklandTelefonnummer: +49 2175 978 366 3<br \/>\nE-postadresse: <a class=\"__cf_email__\" data-cfemail=\"1f777a7373705f6b6d6a65657a6d317c7072\" href=\"\/cdn-cgi\/l\/email-protection\">[e-postbeskyttet]<\/a><\/p>\n<p>:<br \/>\n\u2013 Jeg\/vi (*) kansellerer herved kontrakten jeg\/vi (*) har inng\u00e5tt for kj\u00f8p av f\u00f8lgende varer (*)\/ levering av f\u00f8lgende tjeneste (*)<br \/>\n\u2013 Bestilt (*)\/mottatt (*)<br \/>\n\u2013 Navn p\u00e5 forbruker(e)<br \/>\n\u2013 Adresse til forbruker(e)<br \/>\n\u2013 Underskrift av forbruker(e) (bare n\u00f8dvendig hvis kanselleringen sendes i papirform)<br \/>\n\u2013 Dato<br \/>\n\u2014\u2014\u2014\u2014\u2014\u2014\u2014\u2014\u2014\u2014\u2014\u2014\u2014<br \/>\n(*) Slett det som passer.<\/p>\n<p><em>Ekskludering og for tidlig utl\u00f8p av angreretten<\/em><br \/>\nAngreretten gjelder ikke kontrakter om levering av varer som ikke er prefabrikkerte og hvis fabrikasjon enten er definert av de valgte alternativene og form\u00e5lene forbrukeren har tiltenkt eller tydelig skreddersydd til forbrukerens personlige behov;<br \/>\nlevering av varer som kan g\u00e5 til grunne raskt eller raskt overskride utl\u00f8psdatoen;<br \/>\nlevering av alkoholholdige drikker som det ble avtalt en pris for p\u00e5 tidspunktet for inng\u00e5elsen av kontrakten, men som tidligst kan leveres 30 dager etter kontraktsinng\u00e5elsen og hvis n\u00e5verdi er gjenstand for svingninger p\u00e5 markedet som gr\u00fcnderen ikke har noen innflytelse over;<br \/>\nlevering av aviser, tidsskrifter eller glansede magasiner, med unntak av de som det er abonnement p\u00e5. Angreretten opph\u00f8rer for tidlig ved kontrakter om levering av forseglede varer som av helsevern- eller hygienegrunner anses uegnet for retur i den grad deres forsegling ble brutt etter levering, for levering av varer som i sin natur blandes med andre varer. levering; levering av lyd- eller videoopptak eller dataprogramvare i en forseglet pakke i den grad forseglingen ble fjernet etter levering.<\/p>\n<p><strong>Melding til forbrukere om kansellering av kontrakter for varer levert i flere forsendelser eller deler<\/strong><\/p>\n<p><em>Retningslinjer for kansellering<\/em><br \/>\nEn forbruker er enhver fysisk person som fullf\u00f8rer en juridisk transaksjon for form\u00e5l som for det meste ikke kan tilskrives noen yrkesaktivitet av verken kommersiell eller selvstendig n\u00e6ringsdrivende karakter de driver med.<\/p>\n<p><em>Angrerett<\/em><br \/>\nDu har rett til \u00e5 kansellere denne kontrakten uten \u00e5 oppgi grunner innen en fjorten dagers angrefrist som begynner p\u00e5 dagen du eller en tredjepart utpekt av deg (du kan ikke utpeke transport\u00f8ren) mottar(e) mottak av den siste forsendelsen eller den siste delen av varene som er bestilt. For \u00e5 ut\u00f8ve angreretten din m\u00e5 du gi oss beskjed (<\/p>\n<p><strong>truzzer.com<\/strong><br \/>\nASMUS&amp;HOCK GbR<br \/>\nMoltkestr. 25<br \/>\n42799 TysklandTelefonnummer: +49 2175 978 366 3<br \/>\nE-postadresse: <a class=\"__cf_email__\" data-cfemail=\"640c0108080b241016111e1e01164a070b09\" href=\"\/cdn-cgi\/l\/email-protection\">[e-postbeskyttet]<\/a><\/p>\n<p>) av din beslutning om \u00e5 kansellere denne kontrakten ved hjelp av en utvetydig erkl\u00e6ring (f.eks. i form av et brev sendt per post, en faks eller en e-post). Du kan \u2013 men er ikke forpliktet til \u2013 bruke malen for kanselleringsskjema som er vedlagt denne avbestillingsreglene. Du vil bli ansett for \u00e5 ha overholdt den nevnte angrefristen hvis brevet, faksen eller e-posten din som varsler oss om bruken av angreretten ble sendt f\u00f8r utl\u00f8pet av kanselleringsperioden.<\/p>\n<p><em>Konsekvenser av kansellering<\/em><br \/>\nHvis du kansellerer denne kontrakten, er vi p\u00e5lagt \u00e5 betale tilbake alle betalinger vi har mottatt fra deg (inkludert fraktkostnader, men unntatt tilleggskostnader som f\u00f8lge av at du har valgt et annet fraktalternativ enn det standard, laveste fraktalternativet vi tilbyr) uten forsinkelser og innen en maksimal periode p\u00e5 fjorten dager fra datoen vi mottar brevet, faksen eller e-posten din som varsler oss om kanselleringen. Tilbakebetaling skjer med samme betalingstype som du brukte for den opprinnelige transaksjonen med mindre annet er avtalt med deg; under ingen omstendigheter vil du bli belastet med gebyrer i forbindelse med tilbakebetaling. Vi forbeholder oss retten til \u00e5 nekte tilbakebetaling inntil vi har mottatt de returnerte varene eller inntil du har fremlagt bevis p\u00e5 at du har returnert varene (det som er det f\u00f8rste tidspunktet). Du er p\u00e5lagt \u00e5 returnere varene til oss uten forsinkelser og innen en maksimal periode p\u00e5 fjorten dager fra datoen du informerer oss om kanselleringen av denne kontrakten. Du vil bli ansett for \u00e5 ha overholdt den nevnte returperioden hvis du sender varene f\u00f8r utl\u00f8pet av den fjorten dager lange perioden.<\/p>\n<p>Du er ansvarlig for de direkte kostnadene ved \u00e5 returnere varene. Du er bare ansvarlig for verdiforringelse av varene hvis slik verdiforringelse kan tilskrives den ikke-essensielle h\u00e5ndteringen av varene av deg til andre form\u00e5l enn verifisering av arten, egenskapene og funksjonaliteten til den.<em>Antallsskjemamal<\/em>(Hvis du \u00f8nsker \u00e5 kansellere kontrakten, fyll ut dette skjemaet og send det tilbake til oss.)<br \/>\n\u2013 Til :<\/p>\n<p><strong>truzzer.com<\/strong><br \/>\nASMUS&amp;HOCK GbR<br \/>\nMoltkestr. 25<br \/>\n42799 TysklandTelefonnummer: +49 2175 978 366 3<br \/>\nE-postadresse: <a class=\"__cf_email__\" data-cfemail=\"5f373a3333301f2b2d2a25253a2d713c3032\" href=\"\/cdn-cgi\/l\/email-protection\">[e-postbeskyttet]<\/a><\/p>\n<p>\u2013 Jeg\/vi (*) kansellerer herved kontrakten jeg\/vi (*) har inng\u00e5tt om kj\u00f8p av f\u00f8lgende varer (*)\/ levering av f\u00f8lgende tjeneste (*)<br \/>\n\u2013 Bestilt (*)\/mottatt (*)<br \/>\n\u2013 Navn p\u00e5 forbruker(e)<br \/>\n\u2013 Adresse til forbruker(e)<br \/>\n\u2013 Underskrift av forbruker(e) (bare n\u00f8dvendig hvis kanselleringen sendes i papirform)<br \/>\n\u2013 Dato<br \/>\n\u2014\u2014\u2014\u2014\u2014\u2014\u2014\u2014\u2014\u2014\u2014\u2014\u2014<br \/>\n(*) Slett det som passer.<\/p>\n<p><em>Ekskludering og for tidlig utl\u00f8p av angreretten<\/em><br \/>\nAngreretten gjelder ikke kontrakter for<br \/>\nlevering av varer som ikke er prefabrikkerte og hvis fabrikasjon enten er definert av de valgte alternativene og form\u00e5lene tiltenkt av forbrukeren eller tydelig skreddersydd til forbrukerens personlige behov;<br \/>\nlevering av varer som kan g\u00e5 til grunne raskt eller raskt overskride utl\u00f8psdatoen;<br \/>\nlevering av alkoholholdige drikker som det ble avtalt en pris for p\u00e5 tidspunktet for inng\u00e5elsen av kontrakten, men som tidligst kan leveres 30 dager etter kontraktsinng\u00e5elsen og hvis n\u00e5verdi er gjenstand for svingninger p\u00e5 markedet som gr\u00fcnderen ikke har noen innflytelse over;<br \/>\nlevering av aviser, tidsskrifter eller glansede magasiner, med unntak av de som det er abonnement p\u00e5. Angreretten opph\u00f8rer for tidlig ved kontrakter om levering av forseglede varer som av helsevern- eller hygienegrunner anses uegnet for retur i den grad deres forsegling ble brutt etter levering, for levering av varer som i sin natur blandes med andre varer. levering; levering av lyd- eller videoopptak eller dataprogramvare i en forseglet pakke i den grad forseglingen ble fjernet etter levering.<\/p>\n<p><\/artikkel><\/p>\n","protected":false},"excerpt":{"rendered":"<p>\u00a0 Melding til forbrukere om kansellering av kontrakter for varer levert i en enkelt forsendelse Retningslinjer for kansellering En forbruker<\/p>\n","protected":false},"author":1,"featured_media":0,"parent":0,"menu_order":0,"comment_status":"closed","ping_status":"closed","template":"","meta":{"_acf_changed":false,"_yoast_wpseo_focuskw":"","_yoast_wpseo_title":"","_yoast_wpseo_metadesc":"","footnotes":""},"class_list":["post-99129","page","type-page","status-publish","hentry"],"acf":[],"yoast_head":"<!-- This site is optimized with the Yoast SEO plugin v27.0 - https:\/\/yoast.com\/product\/yoast-seo-wordpress\/ -->\n<title>Tilbakekalling | truzzer<\/title>\n<meta name=\"robots\" content=\"index, follow, max-snippet:-1, max-image-preview:large, max-video-preview:-1\" \/>\n<link rel=\"canonical\" href=\"https:\/\/www.truzzer.com\/no\/revocation\/\" \/>\n<meta property=\"og:locale\" content=\"nb_NO\" \/>\n<meta property=\"og:type\" content=\"article\" \/>\n<meta property=\"og:title\" content=\"Tilbakekalling | truzzer\" \/>\n<meta property=\"og:description\" content=\"\u00a0 Melding til forbrukere om kansellering av kontrakter for varer levert i en enkelt forsendelse Retningslinjer for kansellering En forbruker\" \/>\n<meta property=\"og:url\" content=\"https:\/\/www.truzzer.com\/no\/revocation\/\" \/>\n<meta property=\"og:site_name\" content=\"truzzer\" \/>\n<meta property=\"article:modified_time\" content=\"2026-02-13T08:22:49+00:00\" \/>\n<meta name=\"twitter:card\" content=\"summary_large_image\" \/>\n<meta name=\"twitter:label1\" content=\"Ansl. lesetid\" \/>\n\t<meta name=\"twitter:data1\" content=\"10 minutter\" \/>\n<script type=\"application\/ld+json\" class=\"yoast-schema-graph\">{\"@context\":\"https:\/\/schema.org\",\"@graph\":[{\"@type\":\"WebPage\",\"@id\":\"https:\/\/www.truzzer.com\/no\/revocation\/\",\"url\":\"https:\/\/www.truzzer.com\/no\/revocation\/\",\"name\":\"Tilbakekalling | truzzer\",\"isPartOf\":{\"@id\":\"https:\/\/www.truzzer.com\/no\/#website\"},\"datePublished\":\"2026-02-04T15:43:10+00:00\",\"dateModified\":\"2026-02-13T08:22:49+00:00\",\"breadcrumb\":{\"@id\":\"https:\/\/www.truzzer.com\/no\/revocation\/#breadcrumb\"},\"inLanguage\":\"nb-NO\",\"potentialAction\":[{\"@type\":\"ReadAction\",\"target\":[\"https:\/\/www.truzzer.com\/no\/revocation\/\"]}]},{\"@type\":\"BreadcrumbList\",\"@id\":\"https:\/\/www.truzzer.com\/no\/revocation\/#breadcrumb\",\"itemListElement\":[{\"@type\":\"ListItem\",\"position\":1,\"name\":\"Home\",\"item\":\"https:\/\/www.truzzer.com\/no\/\"},{\"@type\":\"ListItem\",\"position\":2,\"name\":\"Tilbakekalling\"}]},{\"@type\":\"WebSite\",\"@id\":\"https:\/\/www.truzzer.com\/no\/#website\",\"url\":\"https:\/\/www.truzzer.com\/no\/\",\"name\":\"truzzer\",\"description\":\"Experts for customer trust\",\"publisher\":{\"@id\":\"https:\/\/www.truzzer.com\/no\/#organization\"},\"potentialAction\":[{\"@type\":\"SearchAction\",\"target\":{\"@type\":\"EntryPoint\",\"urlTemplate\":\"https:\/\/www.truzzer.com\/no\/?s={search_term_string}\"},\"query-input\":{\"@type\":\"PropertyValueSpecification\",\"valueRequired\":true,\"valueName\":\"search_term_string\"}}],\"inLanguage\":\"nb-NO\"},{\"@type\":\"Organization\",\"@id\":\"https:\/\/www.truzzer.com\/no\/#organization\",\"name\":\"truzzer\",\"url\":\"https:\/\/www.truzzer.com\/no\/\",\"logo\":{\"@type\":\"ImageObject\",\"inLanguage\":\"nb-NO\",\"@id\":\"https:\/\/www.truzzer.com\/no\/#\/schema\/logo\/image\/\",\"url\":\"https:\/\/truzzer.com\/wp-content\/uploads\/2026\/01\/truzzer-logo-black-1.svg\",\"contentUrl\":\"https:\/\/truzzer.com\/wp-content\/uploads\/2026\/01\/truzzer-logo-black-1.svg\",\"width\":938,\"height\":199,\"caption\":\"truzzer\"},\"image\":{\"@id\":\"https:\/\/www.truzzer.com\/no\/#\/schema\/logo\/image\/\"}}]}<\/script>\n<!-- \/ Yoast SEO plugin. -->","yoast_head_json":{"title":"Tilbakekalling | truzzer","robots":{"index":"index","follow":"follow","max-snippet":"max-snippet:-1","max-image-preview":"max-image-preview:large","max-video-preview":"max-video-preview:-1"},"canonical":"https:\/\/www.truzzer.com\/no\/revocation\/","og_locale":"nb_NO","og_type":"article","og_title":"Tilbakekalling | truzzer","og_description":"\u00a0 Melding til forbrukere om kansellering av kontrakter for varer levert i en enkelt forsendelse Retningslinjer for kansellering En forbruker","og_url":"https:\/\/www.truzzer.com\/no\/revocation\/","og_site_name":"truzzer","article_modified_time":"2026-02-13T08:22:49+00:00","twitter_card":"summary_large_image","twitter_misc":{"Ansl. lesetid":"10 minutter"},"schema":{"@context":"https:\/\/schema.org","@graph":[{"@type":"WebPage","@id":"https:\/\/www.truzzer.com\/no\/revocation\/","url":"https:\/\/www.truzzer.com\/no\/revocation\/","name":"Tilbakekalling | truzzer","isPartOf":{"@id":"https:\/\/www.truzzer.com\/no\/#website"},"datePublished":"2026-02-04T15:43:10+00:00","dateModified":"2026-02-13T08:22:49+00:00","breadcrumb":{"@id":"https:\/\/www.truzzer.com\/no\/revocation\/#breadcrumb"},"inLanguage":"nb-NO","potentialAction":[{"@type":"ReadAction","target":["https:\/\/www.truzzer.com\/no\/revocation\/"]}]},{"@type":"BreadcrumbList","@id":"https:\/\/www.truzzer.com\/no\/revocation\/#breadcrumb","itemListElement":[{"@type":"ListItem","position":1,"name":"Home","item":"https:\/\/www.truzzer.com\/no\/"},{"@type":"ListItem","position":2,"name":"Tilbakekalling"}]},{"@type":"WebSite","@id":"https:\/\/www.truzzer.com\/no\/#website","url":"https:\/\/www.truzzer.com\/no\/","name":"truzzer","description":"Experts for customer trust","publisher":{"@id":"https:\/\/www.truzzer.com\/no\/#organization"},"potentialAction":[{"@type":"SearchAction","target":{"@type":"EntryPoint","urlTemplate":"https:\/\/www.truzzer.com\/no\/?s={search_term_string}"},"query-input":{"@type":"PropertyValueSpecification","valueRequired":true,"valueName":"search_term_string"}}],"inLanguage":"nb-NO"},{"@type":"Organization","@id":"https:\/\/www.truzzer.com\/no\/#organization","name":"truzzer","url":"https:\/\/www.truzzer.com\/no\/","logo":{"@type":"ImageObject","inLanguage":"nb-NO","@id":"https:\/\/www.truzzer.com\/no\/#\/schema\/logo\/image\/","url":"https:\/\/truzzer.com\/wp-content\/uploads\/2026\/01\/truzzer-logo-black-1.svg","contentUrl":"https:\/\/truzzer.com\/wp-content\/uploads\/2026\/01\/truzzer-logo-black-1.svg","width":938,"height":199,"caption":"truzzer"},"image":{"@id":"https:\/\/www.truzzer.com\/no\/#\/schema\/logo\/image\/"}}]}},"_links":{"self":[{"href":"https:\/\/www.truzzer.com\/no\/wp-json\/wp\/v2\/pages\/99129","targetHints":{"allow":["GET"]}}],"collection":[{"href":"https:\/\/www.truzzer.com\/no\/wp-json\/wp\/v2\/pages"}],"about":[{"href":"https:\/\/www.truzzer.com\/no\/wp-json\/wp\/v2\/types\/page"}],"author":[{"embeddable":true,"href":"https:\/\/www.truzzer.com\/no\/wp-json\/wp\/v2\/users\/1"}],"replies":[{"embeddable":true,"href":"https:\/\/www.truzzer.com\/no\/wp-json\/wp\/v2\/comments?post=99129"}],"version-history":[{"count":0,"href":"https:\/\/www.truzzer.com\/no\/wp-json\/wp\/v2\/pages\/99129\/revisions"}],"wp:attachment":[{"href":"https:\/\/www.truzzer.com\/no\/wp-json\/wp\/v2\/media?parent=99129"}],"curies":[{"name":"wp","href":"https:\/\/api.w.org\/{rel}","templated":true}]}}