{"id":99131,"date":"2026-02-04T15:42:54","date_gmt":"2026-02-04T15:42:54","guid":{"rendered":"https:\/\/beta.truzzer.com\/payment-methods\/"},"modified":"2026-02-13T08:24:49","modified_gmt":"2026-02-13T08:24:49","slug":"payment-methods","status":"publish","type":"page","link":"https:\/\/www.truzzer.com\/no\/payment-methods\/","title":{"rendered":"Betalingsmetoder"},"content":{"rendered":"<article class=\"entry-content post-22034 page type-page status-publish hentry\" id=\"post-22034\">\n<p><strong>\u00a0<\/strong><\/p>\n<p><strong>Betalingstyper<\/strong><\/p>\n<p>Vi tilbyr deg f\u00f8lgende betalingstyper. Bare bla gjennom listen for den beste betalingstypen for deg. Fraktkostnader kan variere avhengig av valgt betalingstype. Prisene gitt i de respektive tilbudene er endelige og inkluderer alle priskomponenter (inkludert eventuell gjeldende avgift som merverdiavgift (MVA)). Andre skatter (f.eks. de som gjelder for kj\u00f8p innen fellesskap) og\/eller avgifter (f.eks. toll) p\u00e5l\u00f8per kun i forbindelse med grenseoverskridende transaksjoner og skal betales til de respektive toll- og\/eller skattemyndighetene og ikke leverand\u00f8ren. Kostnadene for frakt og levering er ikke inkludert i kj\u00f8pesummen og kan ses p\u00e5 siden &laquo;Fraktkostnader&raquo;. De er angitt separat under bestillingsprosessen og skal betales av deg i tillegg til kj\u00f8pesummen.<\/p>\n<p><em>amazon pay<\/em><\/p>\n<p><em>ideelt<\/em><\/p>\n<p><em>Direkte bankoverf\u00f8ring<\/em><\/p>\n<p>EPS<\/p>\n<p><\/artikkel><\/p>\n","protected":false},"excerpt":{"rendered":"<p>\u00a0 Betalingstyper Vi tilbyr deg f\u00f8lgende betalingstyper. Bare bla gjennom listen for den beste betalingstypen for deg. Fraktkostnader kan variere<\/p>\n","protected":false},"author":1,"featured_media":0,"parent":0,"menu_order":0,"comment_status":"closed","ping_status":"closed","template":"","meta":{"_acf_changed":false,"_yoast_wpseo_focuskw":"","_yoast_wpseo_title":"","_yoast_wpseo_metadesc":"","footnotes":""},"class_list":["post-99131","page","type-page","status-publish","hentry"],"acf":[],"yoast_head":"<!-- This site is optimized with the Yoast SEO plugin v27.0 - https:\/\/yoast.com\/product\/yoast-seo-wordpress\/ -->\n<title>Betalingsmetoder | truzzer<\/title>\n<meta name=\"robots\" content=\"index, follow, max-snippet:-1, max-image-preview:large, max-video-preview:-1\" \/>\n<link rel=\"canonical\" href=\"https:\/\/www.truzzer.com\/no\/payment-methods\/\" \/>\n<meta property=\"og:locale\" content=\"nb_NO\" \/>\n<meta property=\"og:type\" content=\"article\" \/>\n<meta property=\"og:title\" content=\"Betalingsmetoder | truzzer\" \/>\n<meta property=\"og:description\" content=\"\u00a0 Betalingstyper Vi tilbyr deg f\u00f8lgende betalingstyper. Bare bla gjennom listen for den beste betalingstypen for deg. Fraktkostnader kan variere\" \/>\n<meta property=\"og:url\" content=\"https:\/\/www.truzzer.com\/no\/payment-methods\/\" \/>\n<meta property=\"og:site_name\" content=\"truzzer\" \/>\n<meta property=\"article:modified_time\" content=\"2026-02-13T08:24:49+00:00\" \/>\n<meta name=\"twitter:card\" content=\"summary_large_image\" \/>\n<meta name=\"twitter:label1\" content=\"Ansl. lesetid\" \/>\n\t<meta name=\"twitter:data1\" content=\"1 minutt\" \/>\n<script type=\"application\/ld+json\" class=\"yoast-schema-graph\">{\"@context\":\"https:\/\/schema.org\",\"@graph\":[{\"@type\":\"WebPage\",\"@id\":\"https:\/\/www.truzzer.com\/no\/payment-methods\/\",\"url\":\"https:\/\/www.truzzer.com\/no\/payment-methods\/\",\"name\":\"Betalingsmetoder | truzzer\",\"isPartOf\":{\"@id\":\"https:\/\/www.truzzer.com\/no\/#website\"},\"datePublished\":\"2026-02-04T15:42:54+00:00\",\"dateModified\":\"2026-02-13T08:24:49+00:00\",\"breadcrumb\":{\"@id\":\"https:\/\/www.truzzer.com\/no\/payment-methods\/#breadcrumb\"},\"inLanguage\":\"nb-NO\",\"potentialAction\":[{\"@type\":\"ReadAction\",\"target\":[\"https:\/\/www.truzzer.com\/no\/payment-methods\/\"]}]},{\"@type\":\"BreadcrumbList\",\"@id\":\"https:\/\/www.truzzer.com\/no\/payment-methods\/#breadcrumb\",\"itemListElement\":[{\"@type\":\"ListItem\",\"position\":1,\"name\":\"Home\",\"item\":\"https:\/\/www.truzzer.com\/no\/\"},{\"@type\":\"ListItem\",\"position\":2,\"name\":\"Betalingsmetoder\"}]},{\"@type\":\"WebSite\",\"@id\":\"https:\/\/www.truzzer.com\/no\/#website\",\"url\":\"https:\/\/www.truzzer.com\/no\/\",\"name\":\"truzzer\",\"description\":\"Experts for customer trust\",\"publisher\":{\"@id\":\"https:\/\/www.truzzer.com\/no\/#organization\"},\"potentialAction\":[{\"@type\":\"SearchAction\",\"target\":{\"@type\":\"EntryPoint\",\"urlTemplate\":\"https:\/\/www.truzzer.com\/no\/?s={search_term_string}\"},\"query-input\":{\"@type\":\"PropertyValueSpecification\",\"valueRequired\":true,\"valueName\":\"search_term_string\"}}],\"inLanguage\":\"nb-NO\"},{\"@type\":\"Organization\",\"@id\":\"https:\/\/www.truzzer.com\/no\/#organization\",\"name\":\"truzzer\",\"url\":\"https:\/\/www.truzzer.com\/no\/\",\"logo\":{\"@type\":\"ImageObject\",\"inLanguage\":\"nb-NO\",\"@id\":\"https:\/\/www.truzzer.com\/no\/#\/schema\/logo\/image\/\",\"url\":\"https:\/\/truzzer.com\/wp-content\/uploads\/2026\/01\/truzzer-logo-black-1.svg\",\"contentUrl\":\"https:\/\/truzzer.com\/wp-content\/uploads\/2026\/01\/truzzer-logo-black-1.svg\",\"width\":938,\"height\":199,\"caption\":\"truzzer\"},\"image\":{\"@id\":\"https:\/\/www.truzzer.com\/no\/#\/schema\/logo\/image\/\"}}]}<\/script>\n<!-- \/ Yoast SEO plugin. -->","yoast_head_json":{"title":"Betalingsmetoder | truzzer","robots":{"index":"index","follow":"follow","max-snippet":"max-snippet:-1","max-image-preview":"max-image-preview:large","max-video-preview":"max-video-preview:-1"},"canonical":"https:\/\/www.truzzer.com\/no\/payment-methods\/","og_locale":"nb_NO","og_type":"article","og_title":"Betalingsmetoder | truzzer","og_description":"\u00a0 Betalingstyper Vi tilbyr deg f\u00f8lgende betalingstyper. Bare bla gjennom listen for den beste betalingstypen for deg. Fraktkostnader kan variere","og_url":"https:\/\/www.truzzer.com\/no\/payment-methods\/","og_site_name":"truzzer","article_modified_time":"2026-02-13T08:24:49+00:00","twitter_card":"summary_large_image","twitter_misc":{"Ansl. lesetid":"1 minutt"},"schema":{"@context":"https:\/\/schema.org","@graph":[{"@type":"WebPage","@id":"https:\/\/www.truzzer.com\/no\/payment-methods\/","url":"https:\/\/www.truzzer.com\/no\/payment-methods\/","name":"Betalingsmetoder | truzzer","isPartOf":{"@id":"https:\/\/www.truzzer.com\/no\/#website"},"datePublished":"2026-02-04T15:42:54+00:00","dateModified":"2026-02-13T08:24:49+00:00","breadcrumb":{"@id":"https:\/\/www.truzzer.com\/no\/payment-methods\/#breadcrumb"},"inLanguage":"nb-NO","potentialAction":[{"@type":"ReadAction","target":["https:\/\/www.truzzer.com\/no\/payment-methods\/"]}]},{"@type":"BreadcrumbList","@id":"https:\/\/www.truzzer.com\/no\/payment-methods\/#breadcrumb","itemListElement":[{"@type":"ListItem","position":1,"name":"Home","item":"https:\/\/www.truzzer.com\/no\/"},{"@type":"ListItem","position":2,"name":"Betalingsmetoder"}]},{"@type":"WebSite","@id":"https:\/\/www.truzzer.com\/no\/#website","url":"https:\/\/www.truzzer.com\/no\/","name":"truzzer","description":"Experts for customer trust","publisher":{"@id":"https:\/\/www.truzzer.com\/no\/#organization"},"potentialAction":[{"@type":"SearchAction","target":{"@type":"EntryPoint","urlTemplate":"https:\/\/www.truzzer.com\/no\/?s={search_term_string}"},"query-input":{"@type":"PropertyValueSpecification","valueRequired":true,"valueName":"search_term_string"}}],"inLanguage":"nb-NO"},{"@type":"Organization","@id":"https:\/\/www.truzzer.com\/no\/#organization","name":"truzzer","url":"https:\/\/www.truzzer.com\/no\/","logo":{"@type":"ImageObject","inLanguage":"nb-NO","@id":"https:\/\/www.truzzer.com\/no\/#\/schema\/logo\/image\/","url":"https:\/\/truzzer.com\/wp-content\/uploads\/2026\/01\/truzzer-logo-black-1.svg","contentUrl":"https:\/\/truzzer.com\/wp-content\/uploads\/2026\/01\/truzzer-logo-black-1.svg","width":938,"height":199,"caption":"truzzer"},"image":{"@id":"https:\/\/www.truzzer.com\/no\/#\/schema\/logo\/image\/"}}]}},"_links":{"self":[{"href":"https:\/\/www.truzzer.com\/no\/wp-json\/wp\/v2\/pages\/99131","targetHints":{"allow":["GET"]}}],"collection":[{"href":"https:\/\/www.truzzer.com\/no\/wp-json\/wp\/v2\/pages"}],"about":[{"href":"https:\/\/www.truzzer.com\/no\/wp-json\/wp\/v2\/types\/page"}],"author":[{"embeddable":true,"href":"https:\/\/www.truzzer.com\/no\/wp-json\/wp\/v2\/users\/1"}],"replies":[{"embeddable":true,"href":"https:\/\/www.truzzer.com\/no\/wp-json\/wp\/v2\/comments?post=99131"}],"version-history":[{"count":0,"href":"https:\/\/www.truzzer.com\/no\/wp-json\/wp\/v2\/pages\/99131\/revisions"}],"wp:attachment":[{"href":"https:\/\/www.truzzer.com\/no\/wp-json\/wp\/v2\/media?parent=99131"}],"curies":[{"name":"wp","href":"https:\/\/api.w.org\/{rel}","templated":true}]}}