{"id":99132,"date":"2026-02-04T15:42:46","date_gmt":"2026-02-04T15:42:46","guid":{"rendered":"https:\/\/beta.truzzer.com\/terms-and-conditions\/"},"modified":"2026-02-13T08:25:40","modified_gmt":"2026-02-13T08:25:40","slug":"terms-and-conditions","status":"publish","type":"page","link":"https:\/\/www.truzzer.com\/no\/terms-and-conditions\/","title":{"rendered":"Vilk\u00e5r og betingelser"},"content":{"rendered":"<article class=\"entry-content post-22036 page type-page status-publish hentry\" id=\"post-22036\">\n<p><strong>\u00a0<\/strong><\/p>\n<p><strong>Generelle vilk\u00e5r og betingelser (inkludert informasjon til kunder)<\/strong><\/p>\n<p>1. Anvendbarhet<br \/>\n2. Tilbud, tjenestebeskrivelser<br \/>\n3. Ordreprosess, inng\u00e5else av kontrakten<br \/>\n4. Priser, leveringskostnader<br \/>\n5. Levering, produkttilgjengelighet<br \/>\n6. Betalingsbetingelser<br \/>\n7. Eiendomsforbehold<br \/>\n8. Produktgaranti, garanti<br \/>\n9. Ansvar<br \/>\n10. Lagring av selve kontrakten<br \/>\n11. Sluttkommentarer<\/p>\n<p><strong>1. Anvendelse<\/strong><br \/>\n1.1. Forretningsforholdet mellom<\/p>\n<p>truzzer.com, et produkt fra eKomi Inc.<\/p>\n<p>9100 Wilshire Boulevard, #725 E<br \/>\nBeverly Hills, CA 90210<\/p>\n<p>Telefonnummer: +1 844-356-6487<br \/>\nE-postadresse: <a class=\"__cf_email__\" data-cfemail=\"0b636e6767644b7f797e71716e7925686466\" href=\"\/cdn-cgi\/l\/email-protection\">[e-postbeskyttet]<\/a><\/p>\n<p>(heretter kalt &laquo;leverand\u00f8ren&raquo;) og kunden (heretter referert til som &laquo;kunden&raquo;) er eksklusivt underlagt f\u00f8lgende generelle vilk\u00e5r og betingelser i versjonen som var gyldig p\u00e5 tidspunktet for bestilling.<\/p>\n<p>1.2. En forbruker i betydningen av disse generelle vilk\u00e5rene og betingelsene er enhver fysisk person som inng\u00e5r en juridisk transaksjon for et form\u00e5l som i hovedsak verken kan tilskrives hans kommersielle eller uavhengige profesjonelle aktivitet. En gr\u00fcnder er en fysisk eller juridisk person eller et partnerskap med rettslig handleevne som ved inng\u00e5else av en rettslig transaksjon handler i ut\u00f8velse av sin kommersielle eller uavhengige yrkesaktivitet.<\/p>\n<p>1.3. Avvikende vilk\u00e5r og betingelser for kunden skal ikke gjenkjennes med mindre selgeren uttrykkelig godtar deres gyldighet.<\/p>\n<p><strong>2. Tilbud, tjenestebeskrivelser<\/strong><br \/>\n2.1. Visning av produkter i nettbutikken er \u00e5 likestille med en invitasjon til \u00e5 legge inn en bestilling og ikke et juridisk bindende tilbud. Tjenestebeskrivelser inkludert i kataloger eller p\u00e5 leverand\u00f8rens nettsteder skal ikke sidestilles med verken et l\u00f8fte eller en garanti.<\/p>\n<p>2.2. Alle tilbud er gyldige \u00abs\u00e5 lenge lageret rekker\u00bb med mindre annet er angitt i den respektive produktbeskrivelsen. Unntatt feil.<\/p>\n<p><strong>NB: Skriv inn de riktige knappeetikettene i den f\u00f8lgende delen.<\/strong><br \/>\n<strong>3. Ordreprosess, inng\u00e5else av kontrakt<\/strong><br \/>\n3.1. Kunden st\u00e5r fritt til \u00e5 velge produkter etter eget valg fra leverand\u00f8rens produktutvalg og samle dem i en s\u00e5kalt &laquo;kurv&raquo; ved \u00e5 bruke Legg i handlekurv-knappen. Kunden kan deretter g\u00e5 videre til kurven sin og endre utvalget etter behov, for eksempel ved \u00e5 fjerne et produkt fra kurven. N\u00e5r de er forn\u00f8yd med valget, kan kunden g\u00e5 videre til det siste trinnet i bestillingsprosessen ved \u00e5 bruke Fortsett til kassen-knappen.<\/p>\n<p>3.2. N\u00e5r kunden klikker p\u00e5 Legg inn bestilling (betaling vil bli tatt) sender de en bindende foresp\u00f8rsel om \u00e5 kj\u00f8pe varene i handlekurven. F\u00f8r bestillingsplassering kan kunden se og endre bestillingsdataene sine n\u00e5r som helst og kan ogs\u00e5 bruke nettleserens \u00abTilbake\u00bb-funksjon for \u00e5 g\u00e5 tilbake til handlekurven eller avbryte bestillingsprosessen. Viktige oppf\u00f8ringer er merket med en stjerne (*).<\/p>\n<p>3.3. Leverand\u00f8ren svarer ved \u00e5 sende en e-post til kunden en automatisk bekreftelse p\u00e5 mottak; e-posten oppsummerer bestillingen kunden har lagt inn og kan skrives ut ved \u00e5 bruke &laquo;Skriv ut&raquo;-funksjonen (ordrebekreftelse). Den automatiske mottaksbekreftelsen dokumenterer kun mottak av kundens ordre av leverand\u00f8ren og er ikke \u00e5 likestille med ordreaksept. En bindende kj\u00f8pskontrakt anses kun \u00e5 v\u00e6re inng\u00e5tt dersom selgeren sender eller overleverer det bestilte produktet til kunden innen 2 dager eller bekrefter forsendelsen av det bestilte produktet innen 2 dager ved \u00e5 sende kunden en ny e-post, ordrebekreftelse eller en faktura.<\/p>\n<p>3.4. For kunder som er bedrifter, er den nevnte fristen for forsendelse, levering eller ordrebekreftelse syv dager i stedet for to.<\/p>\n<p>3.5. Dersom leverand\u00f8ren tilbyr en forskuddsbetalingsmulighet, anses kontrakten for \u00e5 v\u00e6re inng\u00e5tt p\u00e5 det tidspunktet kunden oppgir sine bankopplysninger og oppfyller betalingsforesp\u00f8rselen. Dersom, til tross for forfall og til tross for at kunden har f\u00e5tt en p\u00e5minnelse, betaling ikke er mottatt av selgeren innen 10 kalenderdager etter at ordrebekreftelsen er sendt, har selgeren rett til \u00e5 trekke seg fra kontrakten, og dermed gj\u00f8re ordren ugyldig og i sin tur frigj\u00f8re selgeren fra leveringsplikten. P\u00e5 dette tidspunktet anses bestillingen for \u00e5 ha blitt avsluttet uten ytterligere konsekvenser for verken kunden eller leverand\u00f8ren. Produkter som tilbys forskuddsbetaling for kan derfor reserveres i maksimalt 10 kalenderdager.<\/p>\n<p><strong>4. Priser, leveringskostnader<\/strong><br \/>\n4.1. Alle priser som er angitt p\u00e5 leverand\u00f8rens nettsted er inkludert lovbestemt merverdiavgift (mva) til gyldig sats.<\/p>\n<p>4.2. Leverand\u00f8ren belaster leveringskostnader i tillegg til prisene som er oppgitt. Leveringskostnader er tydelig forklart til kunden p\u00e5 en egen nettside og under selve bestillingsprosessen.<\/p>\n<p><strong>5. Levering, produkttilgjengelighet<\/strong><br \/>\n5.1. Dersom kunden velger forh\u00e5ndsbetaling vil levering skje etter mottak av fakturabel\u00f8pet.<\/p>\n<p>5.2. Selger har rett til \u00e5 trekke seg fra kontrakten dersom levering av varene mislykkes p\u00e5 grunn av kundens feil til tross for tre leveringsfors\u00f8k. Alle betalinger som allerede er utf\u00f8rt av kunden vil bli refundert uten forsinkelse.<\/p>\n<p>5.3. Leverand\u00f8ren har rett til \u00e5 trekke seg fra kontrakten dersom det bestilte produktet ikke er tilgjengelig fordi selgeren uten egen skyld ikke har f\u00e5tt levert det aktuelle produktet av sin leverand\u00f8r. Dersom denne situasjonen oppst\u00e5r, vil leverand\u00f8ren informere kunden uten opphold og om n\u00f8dvendig tilby \u00e5 levere et sammenlignbart produkt. Hvis det ikke er noen sammenlignbare produkter tilgjengelig eller kunden ikke \u00f8nsker \u00e5 bli levert med et sammenlignbart produkt, vil leverand\u00f8ren refundere alle betalinger som allerede er mottatt til kunden uten forsinkelse.<\/p>\n<p>5.4. Kunder blir varslet om leveringsperioder og restriksjoner p\u00e5 levering (f.eks. levering til bestemte land med unntak av andre) p\u00e5 en egen nettside eller i den respektive produktbeskrivelsen.<\/p>\n<p>5.5 N\u00e5r det gjelder kunder som er bedrifter, skal risikoen for utilsiktet tap og utilsiktet forringelse av varen g\u00e5 over p\u00e5 kj\u00f8perne s\u00e5 snart selgeren har levert varen til spedit\u00f8ren, transport\u00f8ren eller den person eller institusjon som ellers er utpekt til \u00e5 utf\u00f8re forsendelsen; de oppgitte leveringsdatoer og frister, med forbehold om andre l\u00f8fter og avtaler, er ikke faste datoer.<\/p>\n<p>5.6 Selger skal ikke v\u00e6re ansvarlig for forsinkelser i levering og ytelse p\u00e5 grunn av force majeure og p\u00e5 grunn av uforutsigbare hendelser som gj\u00f8r levering vesentlig vanskeligere eller umulig for Selger overfor kunder som er gr\u00fcndere, selv ikke ved bindende avtalte frister og datoer. I dette tilfellet skal Selger ha rett til \u00e5 utsette leveransen eller tjenesten med varigheten av hindringen pluss en rimelig oppstartsperiode. Retten til \u00e5 utsette fristen skal ogs\u00e5 gjelde kunder som er n\u00e6ringsdrivende i tilfeller av uforutsette hendelser som p\u00e5virker driften til en forh\u00e5ndsleverand\u00f8r og som verken forh\u00e5ndsleverand\u00f8ren eller Selger har ansvar for. I perioden med slik hindring skal kunden ogs\u00e5 frigj\u00f8res fra sine kontraktsmessige forpliktelser, spesielt betaling. Dersom forsinkelsen er urimelig for kunden, kan kunden trekke seg fra kontrakten ved skriftlig erkl\u00e6ring etter en rimelig frist fastsatt av kunden eller etter gjensidig samr\u00e5d med selger.<\/p>\n<p><strong>6. Betalingsbetingelser<\/strong><br \/>\n6.1. Kunden st\u00e5r fritt til \u00e5 velge en av de tilgjengelige betalingstypene under bestillingsprosessen; deres valg gj\u00f8res f\u00f8r fullf\u00f8ring av bestillingsprosessen. Kunder informeres om tilgjengelige betalingstyper p\u00e5 en egen nettside.<\/p>\n<p>6.2. Dersom acontobetaling er tilgjengelig, m\u00e5 betaling skje innen 30 dager etter mottak av varene og tilh\u00f8rende faktura. Full betaling m\u00e5 gj\u00f8res p\u00e5 forh\u00e5nd for alle andre betalingstyper.<\/p>\n<p>6.3. Hvis tredjepartsleverand\u00f8rer f\u00e5r i oppdrag \u00e5 behandle betalingen (f.eks. PayPal), gjelder de generelle vilk\u00e5rene og betingelsene som drives av disse leverand\u00f8rene.<\/p>\n<p>6.4. Hvis forfallsdatoen som betalingen skal skje innen er definert som en kalenderdato, vil kunden bli ansett for \u00e5 v\u00e6re p\u00e5 etterskudd s\u00e5 snart de ikke overholder denne forfallsdatoen og v\u00e6re ansvarlig for lovp\u00e5lagte forsinkelsesrenter.<\/p>\n<p>6.5. Kundens forpliktelse til \u00e5 betale forsinkelsesrenter utelukker ikke tvangsfullbyrdelse av andre krav om forsinkelsesrelaterte skader fra selgeren.<\/p>\n<p>6.6. Kunden har kun rett til motregning dersom deres motkrav er juridisk gyldige eller erkjent av leverand\u00f8ren. Kunden kan bare h\u00e5ndheve en tilbakeholdsrett dersom deres krav er et resultat av det samme kontraktsforholdet som leverand\u00f8rens krav.<\/p>\n<p><strong>7. Eiendomsforbehold<\/strong><br \/>\nSelgeren beholder eiendomsretten til de leverte varene inntil full betaling er foretatt.<br \/>\nFor kunder som er entrepren\u00f8rer gjelder i tillegg f\u00f8lgende: Selger beholder eiendomsretten til varene inntil alle krav som f\u00f8lger av et p\u00e5g\u00e5ende forretningsforhold er fullt ut oppgjort; kj\u00f8peren plikter \u00e5 behandle den kj\u00f8pte varen varsomt s\u00e5 lenge eiendomsretten enn\u00e5 ikke er overg\u00e5tt til ham. Han er s\u00e6rlig forpliktet til \u00e5 forsikre den tilstrekkelig for egen regning mot tyveri, brann og vannskader til gjenanskaffelsesverdi, dersom dette er hensiktsmessig eller vanlig i bransjen. Dersom det m\u00e5 utf\u00f8res vedlikeholds- og inspeksjonsarbeid, skal Kj\u00f8per utf\u00f8re dette i god tid for egen regning. Behandling eller transformasjon av de reserverte varene av kunden skal alltid utf\u00f8res for selgeren. Dersom de reserverte varene behandles med andre varer som ikke tilh\u00f8rer Selger, skal Selger overta medeierskap til den nye gjenstanden i forholdet mellom verdien av de reserverte varene og de \u00f8vrige behandlede gjenstandene p\u00e5 behandlingstidspunktet. For \u00f8vrig gjelder det samme for varen som er opprettet ved bearbeiding som for varer som er underlagt eiendomsforbehold. Kunden overdrar ogs\u00e5 kravet til \u00e5 sikre de krav mot ham som oppst\u00e5r mot tredjemann gjennom tilknytningen av forbeholdt gods med en eiendom. Tredjemanns tilgang til varene som eies eller medeides av selgeren skal meldes umiddelbart av kunden. Kunden skal b\u00e6re eventuelle kostnader for en tredjeparts handling eller kostnader for en utenrettslig frigj\u00f8ring som oppst\u00e5r fra slike inngrep. Kunden har rett til \u00e5 videreselge varene som er underlagt eiendomsforbehold i den ordin\u00e6re virksomheten. Kunden overdrar allerede som sikkerhet til selgeren alle krav som oppst\u00e5r ved videresalg eller andre rettslige grunner med hensyn til reserverte varer (inkludert alle saldokrav fra brukskonto). Selger gir tilbakekallelig fullmakt til Kunden til \u00e5 inndrive kravene som er tildelt Selger for sin regning og i sitt eget navn. Denne autorisasjonsautorisasjonen kan trekkes tilbake hvis kunden ikke oppfyller sine betalingsforpliktelser p\u00e5 riktig m\u00e5te. Selger forplikter seg til \u00e5 frigi sikkerhetene som Selger har krav p\u00e5 p\u00e5 Kundens anmodning n\u00e5r deres totale salgsverdi overstiger summen av alle utest\u00e5ende krav fra Selger som oppst\u00e5r fra forretningsforholdet med mer enn 10 % (eller med mer enn 50 % dersom det er risiko for likvidasjon). Valget av verdipapirene som skal frigis p\u00e5hviler selgeren. Med oppgj\u00f8r av alle krav fra selgeren fra leveringstransaksjoner, vil eiendomsretten til varene som er underlagt eiendomsforbehold og de overordnede kravene g\u00e5 over til kj\u00f8peren. Valget av verdipapirene som skal frigis er selgerens ansvar.<\/p>\n<p><strong>8. Produktgaranti og garanti<\/strong><br \/>\n8.1. Garantien (ansvar for mangler) skal fastsettes i henhold til lovbestemmelser, med forbehold om f\u00f8lgende bestemmelser.<\/p>\n<p>8.2. Varene levert av leverand\u00f8ren er kun underlagt en garanti dersom kunden ble uttrykkelig informert om en slik garanti og vilk\u00e5rene for denne f\u00f8r bestillingsprosessen startet.<\/p>\n<p>8.3. Hvis kunden er en gr\u00fcnder, skal han inspisere varene uten ugrunnet opphold, til tross for eventuelle lovp\u00e5lagte forpliktelser til \u00e5 varsle om mangler, og skal varsle leverand\u00f8ren skriftlig om eventuelle synlige materialfeil uten ugrunnet opphold, senest innen to uker etter levering, og om eventuelle ikke-synlige materialfeil uten ugrunnet opphold, senest innen to uker etter oppdagelsen. Avvik i kvalitet, vekt, st\u00f8rrelse, tykkelse, bredde, utstyr, m\u00f8nster og farge som er vanlig i bransjen og tillatt i henhold til kvalitetsstandarder eller mindre avvik skal ikke utgj\u00f8re mangler.<\/p>\n<p>8.4. Dersom kunden er en gr\u00fcnder, st\u00e5r valget mellom utbedring eller etterlevering av mangelfulle varer av selger.<\/p>\n<p>8.5. Uavhengig av ansvarsbestemmelsene i disse vilk\u00e5rene og betingelsene, foreldes materielle mangler ett \u00e5r etter overf\u00f8ringen av risiko for kunder som er gr\u00fcndere, med mindre lengre perioder er foreskrevet ved lov, spesielt n\u00e5r det gjelder spesielle bestemmelser for regress for gr\u00fcnderen. For brukte varer er garantien til kunder som er gr\u00fcndere ekskludert.<\/p>\n<p>8.6. Hvis kunden, som er en gr\u00fcnder, har installert den defekte varen i henhold til \u00a7 439 (3) i den tyske sivilloven (BGB) i en annen gjenstand eller festet den til en annen gjenstand i samsvar med dens type og tiltenkte bruk, skal selgeren, med forbehold om en uttrykkelig avtale og uten hinder av andre garantiforpliktelser, ikke v\u00e6re forpliktet til \u00e5 refundere kundens utgifter for den defekte gjenstanden eller den n\u00f8dvendige installasjonen for den defekte varen eller den n\u00f8dvendige installasjonen. feste av den reparerte eller leverte varen uten mangler innenfor rammen av etterf\u00f8lgende ytelse. Selger skal f\u00f8lgelig heller ikke v\u00e6re forpliktet til \u00e5 dekke utgifter til fjerning av den defekte varen og installasjon eller feste av den reparerte eller leverte feilfrie varen innenfor rammen av en regress fra Kunden innenfor forsyningskjeden (dvs. mellom Kunden og dennes kunder).<\/p>\n<p><strong>9. Ansvar<\/strong><br \/>\n9.1. F\u00f8lgende unntak og ansvarsbegrensninger i forbindelse med leverand\u00f8rens ansvar for kompensasjon gjelder uavhengig av andre lovbestemte kvalifikasjonskriterier.<\/p>\n<p>9.2. Selgeren er ansvarlig uten begrensning dersom skade er for\u00e5rsaket med forsett eller grov uaktsomhet.<\/p>\n<p>9.3. Selgeren er ogs\u00e5 ansvarlig for mindre uaktsomhet som f\u00f8rer til brudd p\u00e5 grunnleggende forpliktelser hvis overtredelse setter oppfyllelsen av kontraktsform\u00e5let i fare og brudd p\u00e5 forpliktelser hvis oppfyllelse er en forutsetning for forsvarlig oppfyllelse av kontrakten og normalt kan stoles p\u00e5 av kunden. I dette tilfellet er leverand\u00f8rens ansvar likevel begrenset til p\u00e5regnelig skade som er typisk for den aktuelle kontraktstypen. Selger er ikke ansvarlig for mindre uaktsomhet som f\u00f8rer til mislighold av andre forpliktelser enn de som er nevnt i de foreg\u00e5ende setningene.<\/p>\n<p>9.4. Ovennevnte ansvarsbegrensninger gjelder ikke skader p\u00e5 liv, lemmer eller helse, defekter identifisert etter aksept av en garanti ang\u00e5ende produktets art eller mangler holdt hemmelig med forsettlig bedrag. Ansvar i henhold til vilk\u00e5rene i den tyske loven om ansvar for defekte produkter forblir up\u00e5virket.<\/p>\n<p>9.5. I den grad leverand\u00f8rens ansvar er utelukket eller begrenset, gjelder slik utelukkelse og\/eller begrensning ogs\u00e5 det personlige ansvaret til ansatte, representanter og agenter.<\/p>\n<p><strong>10. Oppbevaring av selve kontrakten<\/strong><br \/>\n10.1. Kunden kan skrive ut kontrakten ved hjelp av nettleserens utskriftsfunksjon under det siste trinnet i bestillingsprosessen (dvs. f\u00f8r bestillingen hos leverand\u00f8ren).<\/p>\n<p>10.2. Leverand\u00f8ren vil ogs\u00e5 sende kunden en ordrebekreftelse som inneholder alle ordredata til e-postadressen kunden har oppgitt. I tillegg vil kunden motta en kopi av leverand\u00f8rens generelle vilk\u00e5r og betingelser (inkludert leverand\u00f8rens avbestillingsregler og informasjon om fraktkostnader og leverand\u00f8rens vilk\u00e5r for frakt og betaling) sammen med ordrebekreftelsen eller senest ved levering av varene. Hvis du har registrert deg i v\u00e5r butikk, kan du se bestillingene du har lagt inn i profilen din. Vi lagrer ogs\u00e5 kontrakten i profilen din, men gj\u00f8r den ikke tilgjengelig p\u00e5 internett.<\/p>\n<p>10.3. Kunder som er gr\u00fcndere kan motta kontraktsdokumentene via e-post, skriftlig eller ved \u00e5 henvise til en nettkilde.<\/p>\n<p><strong>11. Sluttkommentarer<\/strong><br \/>\n11.1. Hvis kj\u00f8peren er en entrepren\u00f8r, underlagt andre avtaler eller obligatoriske lovbestemmelser, er oppfyllelsesstedet selgerens sete, mens jurisdiksjonsstedet er selgerens sete dersom kunden er en kj\u00f8pmann, en juridisk person under offentlig rett eller et s\u00e6rskilt fond under offentlig rett eller kj\u00f8peren er i det landet hvor selgeren er hjemmeh\u00f8rende og ikke har noe generelt verneting. Selgerens rett til \u00e5 velge et annet godkjent jurisdiksjonssted er forbeholdt.<\/p>\n<p>11.2. N\u00e5r det gjelder gr\u00fcndere, gjelder loven i Forbundsrepublikken Tyskland\u00a0med unntak av FNs salgslov, s\u00e5 lenge det ikke er noen tvingende lovbestemmelser om det motsatte.<\/p>\n<p>11.3. Spr\u00e5ket i kontrakten er tysk.<\/p>\n<p><strong>NB: V\u00e6r oppmerksom p\u00e5 at lenken til <a href=\"https:\/\/ec.europa.eu\/consumers\/odr\/\">https:\/\/ec.europa.eu\/consumers\/odr\/<\/a> m\u00e5 v\u00e6re klikkbar<\/strong><br \/>\n11.4. Vi er verken villige eller forpliktet til \u00e5 delta i tvistel\u00f8sningssaker foran en forbrukervoldgiftsnemnd.<\/p>\n<p><\/artikkel><\/p>\n","protected":false},"excerpt":{"rendered":"<p>\u00a0 Generelle vilk\u00e5r og betingelser (inkludert informasjon til kunder) 1. Anvendbarhet 2. Tilbud, tjenestebeskrivelser 3. Ordreprosess, inng\u00e5else av kontrakten 4.<\/p>\n","protected":false},"author":1,"featured_media":0,"parent":0,"menu_order":0,"comment_status":"closed","ping_status":"closed","template":"","meta":{"_acf_changed":false,"_yoast_wpseo_focuskw":"","_yoast_wpseo_title":"","_yoast_wpseo_metadesc":"","footnotes":""},"class_list":["post-99132","page","type-page","status-publish","hentry"],"acf":[],"yoast_head":"<!-- This site is optimized with the Yoast SEO plugin v27.0 - https:\/\/yoast.com\/product\/yoast-seo-wordpress\/ -->\n<title>Vilk\u00e5r og betingelser | truzzer<\/title>\n<meta name=\"robots\" content=\"index, follow, max-snippet:-1, max-image-preview:large, max-video-preview:-1\" \/>\n<link rel=\"canonical\" href=\"https:\/\/www.truzzer.com\/no\/terms-and-conditions\/\" \/>\n<meta property=\"og:locale\" content=\"nb_NO\" \/>\n<meta property=\"og:type\" content=\"article\" \/>\n<meta property=\"og:title\" content=\"Vilk\u00e5r og betingelser | truzzer\" \/>\n<meta property=\"og:description\" content=\"\u00a0 Generelle vilk\u00e5r og betingelser (inkludert informasjon til kunder) 1. Anvendbarhet 2. Tilbud, tjenestebeskrivelser 3. Ordreprosess, inng\u00e5else av kontrakten 4.\" \/>\n<meta property=\"og:url\" content=\"https:\/\/www.truzzer.com\/no\/terms-and-conditions\/\" \/>\n<meta property=\"og:site_name\" content=\"truzzer\" \/>\n<meta property=\"article:modified_time\" content=\"2026-02-13T08:25:40+00:00\" \/>\n<meta name=\"twitter:card\" content=\"summary_large_image\" \/>\n<meta name=\"twitter:label1\" content=\"Ansl. lesetid\" \/>\n\t<meta name=\"twitter:data1\" content=\"12 minutter\" \/>\n<script type=\"application\/ld+json\" class=\"yoast-schema-graph\">{\"@context\":\"https:\/\/schema.org\",\"@graph\":[{\"@type\":\"WebPage\",\"@id\":\"https:\/\/www.truzzer.com\/no\/terms-and-conditions\/\",\"url\":\"https:\/\/www.truzzer.com\/no\/terms-and-conditions\/\",\"name\":\"Vilk\u00e5r og betingelser | truzzer\",\"isPartOf\":{\"@id\":\"https:\/\/www.truzzer.com\/no\/#website\"},\"datePublished\":\"2026-02-04T15:42:46+00:00\",\"dateModified\":\"2026-02-13T08:25:40+00:00\",\"breadcrumb\":{\"@id\":\"https:\/\/www.truzzer.com\/no\/terms-and-conditions\/#breadcrumb\"},\"inLanguage\":\"nb-NO\",\"potentialAction\":[{\"@type\":\"ReadAction\",\"target\":[\"https:\/\/www.truzzer.com\/no\/terms-and-conditions\/\"]}]},{\"@type\":\"BreadcrumbList\",\"@id\":\"https:\/\/www.truzzer.com\/no\/terms-and-conditions\/#breadcrumb\",\"itemListElement\":[{\"@type\":\"ListItem\",\"position\":1,\"name\":\"Home\",\"item\":\"https:\/\/www.truzzer.com\/no\/\"},{\"@type\":\"ListItem\",\"position\":2,\"name\":\"Vilk\u00e5r og betingelser\"}]},{\"@type\":\"WebSite\",\"@id\":\"https:\/\/www.truzzer.com\/no\/#website\",\"url\":\"https:\/\/www.truzzer.com\/no\/\",\"name\":\"truzzer\",\"description\":\"Experts for customer trust\",\"publisher\":{\"@id\":\"https:\/\/www.truzzer.com\/no\/#organization\"},\"potentialAction\":[{\"@type\":\"SearchAction\",\"target\":{\"@type\":\"EntryPoint\",\"urlTemplate\":\"https:\/\/www.truzzer.com\/no\/?s={search_term_string}\"},\"query-input\":{\"@type\":\"PropertyValueSpecification\",\"valueRequired\":true,\"valueName\":\"search_term_string\"}}],\"inLanguage\":\"nb-NO\"},{\"@type\":\"Organization\",\"@id\":\"https:\/\/www.truzzer.com\/no\/#organization\",\"name\":\"truzzer\",\"url\":\"https:\/\/www.truzzer.com\/no\/\",\"logo\":{\"@type\":\"ImageObject\",\"inLanguage\":\"nb-NO\",\"@id\":\"https:\/\/www.truzzer.com\/no\/#\/schema\/logo\/image\/\",\"url\":\"https:\/\/truzzer.com\/wp-content\/uploads\/2026\/01\/truzzer-logo-black-1.svg\",\"contentUrl\":\"https:\/\/truzzer.com\/wp-content\/uploads\/2026\/01\/truzzer-logo-black-1.svg\",\"width\":938,\"height\":199,\"caption\":\"truzzer\"},\"image\":{\"@id\":\"https:\/\/www.truzzer.com\/no\/#\/schema\/logo\/image\/\"}}]}<\/script>\n<!-- \/ Yoast SEO plugin. -->","yoast_head_json":{"title":"Vilk\u00e5r og betingelser | truzzer","robots":{"index":"index","follow":"follow","max-snippet":"max-snippet:-1","max-image-preview":"max-image-preview:large","max-video-preview":"max-video-preview:-1"},"canonical":"https:\/\/www.truzzer.com\/no\/terms-and-conditions\/","og_locale":"nb_NO","og_type":"article","og_title":"Vilk\u00e5r og betingelser | truzzer","og_description":"\u00a0 Generelle vilk\u00e5r og betingelser (inkludert informasjon til kunder) 1. Anvendbarhet 2. Tilbud, tjenestebeskrivelser 3. Ordreprosess, inng\u00e5else av kontrakten 4.","og_url":"https:\/\/www.truzzer.com\/no\/terms-and-conditions\/","og_site_name":"truzzer","article_modified_time":"2026-02-13T08:25:40+00:00","twitter_card":"summary_large_image","twitter_misc":{"Ansl. lesetid":"12 minutter"},"schema":{"@context":"https:\/\/schema.org","@graph":[{"@type":"WebPage","@id":"https:\/\/www.truzzer.com\/no\/terms-and-conditions\/","url":"https:\/\/www.truzzer.com\/no\/terms-and-conditions\/","name":"Vilk\u00e5r og betingelser | truzzer","isPartOf":{"@id":"https:\/\/www.truzzer.com\/no\/#website"},"datePublished":"2026-02-04T15:42:46+00:00","dateModified":"2026-02-13T08:25:40+00:00","breadcrumb":{"@id":"https:\/\/www.truzzer.com\/no\/terms-and-conditions\/#breadcrumb"},"inLanguage":"nb-NO","potentialAction":[{"@type":"ReadAction","target":["https:\/\/www.truzzer.com\/no\/terms-and-conditions\/"]}]},{"@type":"BreadcrumbList","@id":"https:\/\/www.truzzer.com\/no\/terms-and-conditions\/#breadcrumb","itemListElement":[{"@type":"ListItem","position":1,"name":"Home","item":"https:\/\/www.truzzer.com\/no\/"},{"@type":"ListItem","position":2,"name":"Vilk\u00e5r og betingelser"}]},{"@type":"WebSite","@id":"https:\/\/www.truzzer.com\/no\/#website","url":"https:\/\/www.truzzer.com\/no\/","name":"truzzer","description":"Experts for customer trust","publisher":{"@id":"https:\/\/www.truzzer.com\/no\/#organization"},"potentialAction":[{"@type":"SearchAction","target":{"@type":"EntryPoint","urlTemplate":"https:\/\/www.truzzer.com\/no\/?s={search_term_string}"},"query-input":{"@type":"PropertyValueSpecification","valueRequired":true,"valueName":"search_term_string"}}],"inLanguage":"nb-NO"},{"@type":"Organization","@id":"https:\/\/www.truzzer.com\/no\/#organization","name":"truzzer","url":"https:\/\/www.truzzer.com\/no\/","logo":{"@type":"ImageObject","inLanguage":"nb-NO","@id":"https:\/\/www.truzzer.com\/no\/#\/schema\/logo\/image\/","url":"https:\/\/truzzer.com\/wp-content\/uploads\/2026\/01\/truzzer-logo-black-1.svg","contentUrl":"https:\/\/truzzer.com\/wp-content\/uploads\/2026\/01\/truzzer-logo-black-1.svg","width":938,"height":199,"caption":"truzzer"},"image":{"@id":"https:\/\/www.truzzer.com\/no\/#\/schema\/logo\/image\/"}}]}},"_links":{"self":[{"href":"https:\/\/www.truzzer.com\/no\/wp-json\/wp\/v2\/pages\/99132","targetHints":{"allow":["GET"]}}],"collection":[{"href":"https:\/\/www.truzzer.com\/no\/wp-json\/wp\/v2\/pages"}],"about":[{"href":"https:\/\/www.truzzer.com\/no\/wp-json\/wp\/v2\/types\/page"}],"author":[{"embeddable":true,"href":"https:\/\/www.truzzer.com\/no\/wp-json\/wp\/v2\/users\/1"}],"replies":[{"embeddable":true,"href":"https:\/\/www.truzzer.com\/no\/wp-json\/wp\/v2\/comments?post=99132"}],"version-history":[{"count":0,"href":"https:\/\/www.truzzer.com\/no\/wp-json\/wp\/v2\/pages\/99132\/revisions"}],"wp:attachment":[{"href":"https:\/\/www.truzzer.com\/no\/wp-json\/wp\/v2\/media?parent=99132"}],"curies":[{"name":"wp","href":"https:\/\/api.w.org\/{rel}","templated":true}]}}