{"id":102271,"date":"2026-02-11T10:11:58","date_gmt":"2026-02-11T10:11:58","guid":{"rendered":"https:\/\/beta.truzzer.com\/product\/google-whatsapp-starter-visitt-card-qr-kode\/"},"modified":"2026-02-13T10:36:24","modified_gmt":"2026-02-13T10:36:24","slug":"google-whatsapp-starter-visitt-card-qr-kode","status":"publish","type":"product","link":"https:\/\/www.truzzer.com\/no\/produkt\/google-whatsapp-starter-visitt-card-qr-kode\/","title":{"rendered":"Google &amp; WhatsApp Starter visittkort &#8211; QR-kode"},"content":{"rendered":"<p>\nMed Google &amp; WhatsApp Starter Visittkort, du kombinerer tillit og direkte kommunikasjon.<br \/>\nP\u00e5 forsiden kan kunder legge igjen en Google-anmeldelse; p\u00e5 baksiden kan de kontakte deg direkte via WhatsApp.\n<\/p>\n<p>\nIdeell for servicefokuserte virksomheter som \u00f8nsker \u00e5 \u00f8ke vurderingene samtidig som de muliggj\u00f8r rask kundekontakt.\n<\/p>\n<p>\nBare skann \u2013 ingen skriving, ingen app-barrierer.<\/p>\n","protected":false},"excerpt":{"rendered":"<h2>\n  <img decoding=\"async\" class=\"alignnone size-full wp-image-56732\" src=\"https:\/\/truzzer.com\/wp-content\/uploads\/2026\/02\/qrscan-ezgif.com-video-to-webp-converter-1.webp\" alt=\"\" width=\"150\" height>1<br \/>\n<\/h2>\n<p>Dobbeltsidig startbeviskort:<\/p>\n<p><strong>Perfekt for tjenesteleverand\u00f8rer, bransjer, gjestfrihet, konsulenter og amp; tjenestebaserte virksomheter.<\/strong><\/p>\n<p><strong>H\u00f8ydepunkter:<\/strong><\/p>\n<ul>\n<li>Foran: Google-gjennomgang via QR-kode<\/li>\n<li>Tilbake: WhatsApp-kontakt via QR-kode<\/li>\n<li>Dobbeltsidig, vertikal layout<\/li>\n<li>Klassisk visittkortformat<\/li>\n<li>Passer for alle smarttelefonbrukere<\/li>\n<\/ul>\n","protected":false},"featured_media":102807,"comment_status":"open","ping_status":"closed","template":"","meta":{"_acf_changed":false,"_yoast_wpseo_focuskw":"Google WhatsApp Visittkort","_yoast_wpseo_title":"Google & WhatsApp Starter Visittkort \u2013 QR Code | truzzer","_yoast_wpseo_metadesc":"F\u00e5 Google anmeldelser & WhatsApp chatter med v\u00e5rt QR-kode visittkort fra truzzer. Bestill n\u00e5 \u2013 klar til bruk!"},"product_brand":[1656,1708],"product_cat":[767,813,814,505,604,928,946,947],"product_tag":[],"class_list":{"0":"post-102271","1":"product","2":"type-product","3":"status-publish","4":"has-post-thumbnail","6":"product_brand-google","7":"product_brand-whatsapp","8":"product_cat-google-anmeldelse-produkter","9":"product_cat-google-anmeldelse-visittkort","10":"product_cat-google-anmeldelse-visittkort-med-qr-kode","11":"product_cat-qr-kode-produkter","12":"product_cat-qr-kode-visittkort","13":"product_cat-whatsapp-chat-produkter","14":"product_cat-whatsapp-chat-visittkort","15":"product_cat-whatsapp-chat-visittkort-med-qr-kode","16":"pa_material-kartong","17":"pa_orientation-portrett","18":"pa_placement-bon","19":"pa_placement-brosjyre","20":"pa_placement-lommebok-personlig","21":"pa_placement-portemonnee-personlijk","22":"pa_product-type-visitekaartjes","23":"pa_shape-rechthoek","24":"pa_technology-qr-kode","26":"first","27":"instock","28":"taxable","29":"shipping-taxable","30":"purchasable","31":"product-type-simple"},"acf":[],"yoast_head":"<!-- This site is optimized with the Yoast SEO plugin v27.0 - https:\/\/yoast.com\/product\/yoast-seo-wordpress\/ -->\n<title>Google &amp; WhatsApp Starter Visittkort \u2013 QR Code | truzzer<\/title>\n<meta name=\"description\" content=\"F\u00e5 Google anmeldelser &amp; WhatsApp chatter med v\u00e5rt QR-kode visittkort fra truzzer. Bestill n\u00e5 \u2013 klar til bruk!\" \/>\n<meta name=\"robots\" content=\"index, follow, max-snippet:-1, max-image-preview:large, max-video-preview:-1\" \/>\n<link rel=\"canonical\" href=\"https:\/\/www.truzzer.com\/no\/produkt\/google-whatsapp-starter-visitt-card-qr-kode\/\" \/>\n<meta property=\"og:locale\" content=\"nb_NO\" \/>\n<meta property=\"og:type\" content=\"article\" \/>\n<meta property=\"og:title\" content=\"Google &amp; WhatsApp Starter Visittkort \u2013 QR Code | truzzer\" \/>\n<meta property=\"og:description\" content=\"F\u00e5 Google anmeldelser &amp; WhatsApp chatter med v\u00e5rt QR-kode visittkort fra truzzer. Bestill n\u00e5 \u2013 klar til bruk!\" \/>\n<meta property=\"og:url\" content=\"https:\/\/www.truzzer.com\/no\/produkt\/google-whatsapp-starter-visitt-card-qr-kode\/\" \/>\n<meta property=\"og:site_name\" content=\"truzzer\" \/>\n<meta property=\"article:modified_time\" content=\"2026-02-13T10:36:24+00:00\" \/>\n<meta property=\"og:image\" content=\"https:\/\/www.truzzer.com\/wp-content\/uploads\/2026\/02\/gogle-whats-app-3-en.jpg\" \/>\n\t<meta property=\"og:image:width\" content=\"1024\" \/>\n\t<meta property=\"og:image:height\" content=\"1024\" \/>\n\t<meta property=\"og:image:type\" content=\"image\/jpeg\" \/>\n<meta name=\"twitter:card\" content=\"summary_large_image\" \/>\n<script type=\"application\/ld+json\" class=\"yoast-schema-graph\">{\"@context\":\"https:\/\/schema.org\",\"@graph\":[{\"@type\":\"WebPage\",\"@id\":\"https:\/\/www.truzzer.com\/no\/produkt\/google-whatsapp-starter-visitt-card-qr-kode\/\",\"url\":\"https:\/\/www.truzzer.com\/no\/produkt\/google-whatsapp-starter-visitt-card-qr-kode\/\",\"name\":\"Google & WhatsApp Starter Visittkort \u2013 QR Code | truzzer\",\"isPartOf\":{\"@id\":\"https:\/\/www.truzzer.com\/no\/#website\"},\"primaryImageOfPage\":{\"@id\":\"https:\/\/www.truzzer.com\/no\/produkt\/google-whatsapp-starter-visitt-card-qr-kode\/#primaryimage\"},\"image\":{\"@id\":\"https:\/\/www.truzzer.com\/no\/produkt\/google-whatsapp-starter-visitt-card-qr-kode\/#primaryimage\"},\"thumbnailUrl\":\"https:\/\/www.truzzer.com\/wp-content\/uploads\/2026\/02\/gogle-whats-app-3-en.jpg\",\"datePublished\":\"2026-02-11T10:11:58+00:00\",\"dateModified\":\"2026-02-13T10:36:24+00:00\",\"description\":\"F\u00e5 Google anmeldelser & WhatsApp chatter med v\u00e5rt QR-kode visittkort fra truzzer. Bestill n\u00e5 \u2013 klar til bruk!\",\"breadcrumb\":{\"@id\":\"https:\/\/www.truzzer.com\/no\/produkt\/google-whatsapp-starter-visitt-card-qr-kode\/#breadcrumb\"},\"inLanguage\":\"nb-NO\",\"potentialAction\":[{\"@type\":\"ReadAction\",\"target\":[\"https:\/\/www.truzzer.com\/no\/produkt\/google-whatsapp-starter-visitt-card-qr-kode\/\"]}]},{\"@type\":\"ImageObject\",\"inLanguage\":\"nb-NO\",\"@id\":\"https:\/\/www.truzzer.com\/no\/produkt\/google-whatsapp-starter-visitt-card-qr-kode\/#primaryimage\",\"url\":\"https:\/\/www.truzzer.com\/wp-content\/uploads\/2026\/02\/gogle-whats-app-3-en.jpg\",\"contentUrl\":\"https:\/\/www.truzzer.com\/wp-content\/uploads\/2026\/02\/gogle-whats-app-3-en.jpg\",\"width\":1024,\"height\":1024},{\"@type\":\"BreadcrumbList\",\"@id\":\"https:\/\/www.truzzer.com\/no\/produkt\/google-whatsapp-starter-visitt-card-qr-kode\/#breadcrumb\",\"itemListElement\":[{\"@type\":\"ListItem\",\"position\":1,\"name\":\"Home\",\"item\":\"https:\/\/www.truzzer.com\/no\/\"},{\"@type\":\"ListItem\",\"position\":2,\"name\":\"Butikk\",\"item\":\"https:\/\/www.truzzer.com\/no\/butikk\/\"},{\"@type\":\"ListItem\",\"position\":3,\"name\":\"Google &amp; WhatsApp Starter visittkort &#8211; QR-kode\"}]},{\"@type\":\"WebSite\",\"@id\":\"https:\/\/www.truzzer.com\/no\/#website\",\"url\":\"https:\/\/www.truzzer.com\/no\/\",\"name\":\"truzzer\",\"description\":\"Experts for customer trust\",\"publisher\":{\"@id\":\"https:\/\/www.truzzer.com\/no\/#organization\"},\"potentialAction\":[{\"@type\":\"SearchAction\",\"target\":{\"@type\":\"EntryPoint\",\"urlTemplate\":\"https:\/\/www.truzzer.com\/no\/?s={search_term_string}\"},\"query-input\":{\"@type\":\"PropertyValueSpecification\",\"valueRequired\":true,\"valueName\":\"search_term_string\"}}],\"inLanguage\":\"nb-NO\"},{\"@type\":\"Organization\",\"@id\":\"https:\/\/www.truzzer.com\/no\/#organization\",\"name\":\"truzzer\",\"url\":\"https:\/\/www.truzzer.com\/no\/\",\"logo\":{\"@type\":\"ImageObject\",\"inLanguage\":\"nb-NO\",\"@id\":\"https:\/\/www.truzzer.com\/no\/#\/schema\/logo\/image\/\",\"url\":\"https:\/\/truzzer.com\/wp-content\/uploads\/2026\/01\/truzzer-logo-black-1.svg\",\"contentUrl\":\"https:\/\/truzzer.com\/wp-content\/uploads\/2026\/01\/truzzer-logo-black-1.svg\",\"width\":938,\"height\":199,\"caption\":\"truzzer\"},\"image\":{\"@id\":\"https:\/\/www.truzzer.com\/no\/#\/schema\/logo\/image\/\"}}]}<\/script>\n<!-- \/ Yoast SEO plugin. -->","yoast_head_json":{"title":"Google & WhatsApp Starter Visittkort \u2013 QR Code | truzzer","description":"F\u00e5 Google anmeldelser & WhatsApp chatter med v\u00e5rt QR-kode visittkort fra truzzer. Bestill n\u00e5 \u2013 klar til bruk!","robots":{"index":"index","follow":"follow","max-snippet":"max-snippet:-1","max-image-preview":"max-image-preview:large","max-video-preview":"max-video-preview:-1"},"canonical":"https:\/\/www.truzzer.com\/no\/produkt\/google-whatsapp-starter-visitt-card-qr-kode\/","og_locale":"nb_NO","og_type":"article","og_title":"Google & WhatsApp Starter Visittkort \u2013 QR Code | truzzer","og_description":"F\u00e5 Google anmeldelser & WhatsApp chatter med v\u00e5rt QR-kode visittkort fra truzzer. Bestill n\u00e5 \u2013 klar til bruk!","og_url":"https:\/\/www.truzzer.com\/no\/produkt\/google-whatsapp-starter-visitt-card-qr-kode\/","og_site_name":"truzzer","article_modified_time":"2026-02-13T10:36:24+00:00","og_image":[{"width":1024,"height":1024,"url":"https:\/\/www.truzzer.com\/wp-content\/uploads\/2026\/02\/gogle-whats-app-3-en.jpg","type":"image\/jpeg"}],"twitter_card":"summary_large_image","schema":{"@context":"https:\/\/schema.org","@graph":[{"@type":"WebPage","@id":"https:\/\/www.truzzer.com\/no\/produkt\/google-whatsapp-starter-visitt-card-qr-kode\/","url":"https:\/\/www.truzzer.com\/no\/produkt\/google-whatsapp-starter-visitt-card-qr-kode\/","name":"Google & WhatsApp Starter Visittkort \u2013 QR Code | truzzer","isPartOf":{"@id":"https:\/\/www.truzzer.com\/no\/#website"},"primaryImageOfPage":{"@id":"https:\/\/www.truzzer.com\/no\/produkt\/google-whatsapp-starter-visitt-card-qr-kode\/#primaryimage"},"image":{"@id":"https:\/\/www.truzzer.com\/no\/produkt\/google-whatsapp-starter-visitt-card-qr-kode\/#primaryimage"},"thumbnailUrl":"https:\/\/www.truzzer.com\/wp-content\/uploads\/2026\/02\/gogle-whats-app-3-en.jpg","datePublished":"2026-02-11T10:11:58+00:00","dateModified":"2026-02-13T10:36:24+00:00","description":"F\u00e5 Google anmeldelser & WhatsApp chatter med v\u00e5rt QR-kode visittkort fra truzzer. Bestill n\u00e5 \u2013 klar til bruk!","breadcrumb":{"@id":"https:\/\/www.truzzer.com\/no\/produkt\/google-whatsapp-starter-visitt-card-qr-kode\/#breadcrumb"},"inLanguage":"nb-NO","potentialAction":[{"@type":"ReadAction","target":["https:\/\/www.truzzer.com\/no\/produkt\/google-whatsapp-starter-visitt-card-qr-kode\/"]}]},{"@type":"ImageObject","inLanguage":"nb-NO","@id":"https:\/\/www.truzzer.com\/no\/produkt\/google-whatsapp-starter-visitt-card-qr-kode\/#primaryimage","url":"https:\/\/www.truzzer.com\/wp-content\/uploads\/2026\/02\/gogle-whats-app-3-en.jpg","contentUrl":"https:\/\/www.truzzer.com\/wp-content\/uploads\/2026\/02\/gogle-whats-app-3-en.jpg","width":1024,"height":1024},{"@type":"BreadcrumbList","@id":"https:\/\/www.truzzer.com\/no\/produkt\/google-whatsapp-starter-visitt-card-qr-kode\/#breadcrumb","itemListElement":[{"@type":"ListItem","position":1,"name":"Home","item":"https:\/\/www.truzzer.com\/no\/"},{"@type":"ListItem","position":2,"name":"Butikk","item":"https:\/\/www.truzzer.com\/no\/butikk\/"},{"@type":"ListItem","position":3,"name":"Google &amp; WhatsApp Starter visittkort &#8211; QR-kode"}]},{"@type":"WebSite","@id":"https:\/\/www.truzzer.com\/no\/#website","url":"https:\/\/www.truzzer.com\/no\/","name":"truzzer","description":"Experts for customer trust","publisher":{"@id":"https:\/\/www.truzzer.com\/no\/#organization"},"potentialAction":[{"@type":"SearchAction","target":{"@type":"EntryPoint","urlTemplate":"https:\/\/www.truzzer.com\/no\/?s={search_term_string}"},"query-input":{"@type":"PropertyValueSpecification","valueRequired":true,"valueName":"search_term_string"}}],"inLanguage":"nb-NO"},{"@type":"Organization","@id":"https:\/\/www.truzzer.com\/no\/#organization","name":"truzzer","url":"https:\/\/www.truzzer.com\/no\/","logo":{"@type":"ImageObject","inLanguage":"nb-NO","@id":"https:\/\/www.truzzer.com\/no\/#\/schema\/logo\/image\/","url":"https:\/\/truzzer.com\/wp-content\/uploads\/2026\/01\/truzzer-logo-black-1.svg","contentUrl":"https:\/\/truzzer.com\/wp-content\/uploads\/2026\/01\/truzzer-logo-black-1.svg","width":938,"height":199,"caption":"truzzer"},"image":{"@id":"https:\/\/www.truzzer.com\/no\/#\/schema\/logo\/image\/"}}]}},"tiered_pricing_type":"fixed","tiered_pricing_fixed_rules":[],"tiered_pricing_product_settings":{"layout":"default","base_unit_name":{"singular":null,"plural":null},"default_variation":null},"tiered_pricing_minimum_quantity":null,"tiered_pricing_roles_data":[],"tiered_pricing_percentage_rules":[],"tiered_pricing_maximum_quantity":null,"tiered_pricing_quantity_step":null,"_links":{"self":[{"href":"https:\/\/www.truzzer.com\/no\/wp-json\/wp\/v2\/product\/102271","targetHints":{"allow":["GET"]}}],"collection":[{"href":"https:\/\/www.truzzer.com\/no\/wp-json\/wp\/v2\/product"}],"about":[{"href":"https:\/\/www.truzzer.com\/no\/wp-json\/wp\/v2\/types\/product"}],"replies":[{"embeddable":true,"href":"https:\/\/www.truzzer.com\/no\/wp-json\/wp\/v2\/comments?post=102271"}],"wp:featuredmedia":[{"embeddable":true,"href":"https:\/\/www.truzzer.com\/no\/wp-json\/wp\/v2\/media\/102807"}],"wp:attachment":[{"href":"https:\/\/www.truzzer.com\/no\/wp-json\/wp\/v2\/media?parent=102271"}],"wp:term":[{"taxonomy":"product_brand","embeddable":true,"href":"https:\/\/www.truzzer.com\/no\/wp-json\/wp\/v2\/product_brand?post=102271"},{"taxonomy":"product_cat","embeddable":true,"href":"https:\/\/www.truzzer.com\/no\/wp-json\/wp\/v2\/product_cat?post=102271"},{"taxonomy":"product_tag","embeddable":true,"href":"https:\/\/www.truzzer.com\/no\/wp-json\/wp\/v2\/product_tag?post=102271"}],"curies":[{"name":"wp","href":"https:\/\/api.w.org\/{rel}","templated":true}]}}