{"id":102343,"date":"2026-02-11T10:12:31","date_gmt":"2026-02-11T10:12:31","guid":{"rendered":"https:\/\/beta.truzzer.com\/product\/instagram-followmonster-klistremerke-qr-kode-klistremerke-folgermagnet-i-3-storrelser\/"},"modified":"2026-02-13T10:32:29","modified_gmt":"2026-02-13T10:32:29","slug":"instagram-followmonster-klistremerke-qr-kode-klistremerke-folgermagnet-i-3-storrelser","status":"publish","type":"product","link":"https:\/\/www.truzzer.com\/no\/produkt\/instagram-followmonster-klistremerke-qr-kode-klistremerke-folgermagnet-i-3-storrelser\/","title":{"rendered":"Instagram FollowMonster-klistremerke | QR-kodeklistremerke | F\u00f8lgermagnet i 3 st\u00f8rrelser"},"content":{"rendered":"<p>\nF\u00e5 det unike <strong>Instagram FollowMonster-klistremerket<\/strong> \u2013 en fargerik, i\u00f8ynefallende design som leder kunder, gjester og fans direkte til Instagram-profilen din.\n<\/p>\n<p>\u2705 <strong>Slik fungerer det:<\/strong><\/p>\n<ul>\n<li>Det s\u00f8te FollowMonster peker rett p\u00e5 QR-koden din<\/li>\n<li>Hold smarttelefonen over den \u2013 ferdig!<\/li>\n<li>Ingen app, ingen problemer \u2013 begynn \u00e5 generere f\u00f8lgere umiddelbart<\/li>\n<\/ul>\n<p>\u2b50 <strong>Hvorfor f\u00f8lge Monster?<\/strong><\/p>\n<ul>\n<li>En vennlig oppmerksomhetsfanger med et regnbueutseende<\/li>\n<li>Fungerer med alle smarttelefoner<\/li>\n<li>Langvarig &amp; v\u00e6rbestandig<\/li>\n<li>Ideell for butikker, kafeer, studioer, arrangementer og amp; mer<\/li>\n<\/ul>\n<p>\ud83d\udccf <strong>Tilgjengelig i 3 st\u00f8rrelser:<\/strong><\/p>\n<ul>\n<li><strong>9,5 cm<\/strong> \u2013 perfekt for kassen eller en b\u00e6rbar datamaskin<\/li>\n<li><strong>14,8 cm<\/strong> \u2014 ideell for d\u00f8rer og amp; speil<\/li>\n<li><strong>21 cm<\/strong> \u2014 maksimal synlighet for butikkvinduer og amp; tellere<\/li>\n<\/ul>\n<p>\nGj\u00f8r Instagram-profilen din til en ekte f\u00f8lgemaskin \u2013 med Truzzers <strong>FollowMonster-klistremerke<\/strong> \ud83d\udc7e\ud83c\udf08\n<\/p>\n<h3>Trinn 1: Kunden skanner QR-koden<\/h3>\n<p>\nFor \u00e5 f\u00f8lge deg skanner kunden ganske enkelt QR-koden. Alt de trenger \u00e5 gj\u00f8re er \u00e5 peke smarttelefonkameraet mot klistremerket.\n<\/p>\n<p>\n<img decoding=\"async\" class=\"alignnone wp-image-13588 size-full\" src=\"https:\/\/truzzer.de\/wp-content\/uploads\/2020\/12\/truzzer-so-gehts-instagram-scan-11.jpg\" alt=\"\" width=\"1200\" \/ height = \"7\n<\/p>\n<p>\nEtterp\u00e5 vises et popup-vindu p\u00e5 skjermen (iPhone) eller et QR-kodeikon (Android \/ Google-smarttelefoner).\n<\/p>\n<h3>Trinn 2: Kunden f\u00f8res direkte til Instagram-profilen din<\/h3>\n<p>\nInstagram \u00e5pner, og kunden kan f\u00f8lge deg umiddelbart \u2014 s\u00e5 enkelt.\n<\/p>\n<p>\n<img decoding=\"async\" class=\"alignleft wp-image-13589 size-full\" src=\"https:\/\/truzzer.de\/wp-content\/uploads\/2020\/12\/truzzer-so-gehts-instagram-scan-1.jpg\" alt=\"\" width=\"1200\" \/ height = 792\n<\/p>\n<p><strong>Merk:<\/strong><\/p>\n<p>\nV\u00e6r oppmerksom p\u00e5 at en Instagram-profil kreves for \u00e5 f\u00e5 f\u00f8lgere.\n<\/p>\n<p>&nbsp;<\/p>\n","protected":false},"excerpt":{"rendered":"<p>Cute FollowMonster + Instagram QR Code = flere f\u00f8lgere p\u00e5 kort tid!<br \/>\nBare la folk skanne den og begynne \u00e5 f\u00e5 nye f\u00f8lgere umiddelbart.<\/p>\n<p>\nF\u00e5 det unike <strong>Instagram FollowMonster-klistremerket<\/strong> \u2013 din fargerike, i\u00f8ynefallende oppmerksomhetsfanger som leder kunder, gjester og fans rett til Instagram-profilen din.\n<\/p>\n<p>\u2705 <strong>Slik fungerer det:<\/strong><\/p>\n<ul>\n<li>Det s\u00f8te FollowMonster peker direkte til QR-koden din<\/li>\n<li>Hold en smarttelefon over den \u2013 ferdig!<\/li>\n<li>Ingen app, ingen problemer \u2013 begynn \u00e5 generere f\u00f8lgere umiddelbart<\/li>\n<\/ul>\n<p>\u2b50 <strong>Hvorfor f\u00f8lge Monster?<\/strong><\/p>\n<ul>\n<li>En vennlig oppmerksomhetsfanger med et regnbueutseende<\/li>\n<li>Fungerer med alle smarttelefoner<\/li>\n<li>Langvarig &amp; v\u00e6rbestandig<\/li>\n<li>Ideell for butikker, kafeer, studioer, arrangementer og amp; mer<\/li>\n<\/ul>\n<p>\ud83d\udccf <strong>Tilgjengelig i 3 st\u00f8rrelser:<\/strong><\/p>\n<ul>\n<li><strong>9,5 cm<\/strong> \u2013 perfekt for kassen eller en b\u00e6rbar datamaskin<\/li>\n<li><strong>14,8 cm<\/strong> \u2014 ideell for d\u00f8rer og amp; speil<\/li>\n<li><strong>21 cm<\/strong> \u2014 maksimal synlighet for butikkvinduer og amp; tellere<\/li>\n<\/ul>\n<p>\nGj\u00f8r Instagram-profilen din til en ekte f\u00f8lgemaskin \u2013 med Truzzers <strong>FollowMonster-klistremerke<\/strong> \ud83d\udc7e\ud83c\udf08\n<\/p>\n<h3><\/h3>\n","protected":false},"featured_media":102344,"comment_status":"open","ping_status":"closed","template":"","meta":{"_acf_changed":false,"_yoast_wpseo_focuskw":"Instagram QR-kode Klistremerke","_yoast_wpseo_title":"Instagram FollowMonster Klistremerke | truzzer","_yoast_wpseo_metadesc":"\u00d8k dine Instagram f\u00f8lgere raskt med v\u00e5rt QR-kode klistremerke fra truzzer. Bestill n\u00e5 \u2013 klar til bruk!"},"product_brand":[1658],"product_cat":[841,842,827,506,505],"product_tag":[],"class_list":{"0":"post-102343","1":"product","2":"type-product","3":"status-publish","4":"has-post-thumbnail","6":"product_brand-instagram","7":"product_cat-instagram-folgere-klistremerker","8":"product_cat-instagram-folgere-klistremerker-med-qr-kode","9":"product_cat-instagram-volgers-producten","10":"product_cat-qr-kode-klistremerker","11":"product_cat-qr-kode-produkter","12":"pa_product-type-klistremerke","14":"first","15":"instock","16":"taxable","17":"shipping-taxable","18":"purchasable","19":"product-type-variable","20":"has-default-attributes"},"acf":[],"yoast_head":"<!-- This site is optimized with the Yoast SEO plugin v27.0 - https:\/\/yoast.com\/product\/yoast-seo-wordpress\/ -->\n<title>Instagram FollowMonster Klistremerke | truzzer<\/title>\n<meta name=\"description\" content=\"\u00d8k dine Instagram f\u00f8lgere raskt med v\u00e5rt QR-kode klistremerke fra truzzer. Bestill n\u00e5 \u2013 klar til bruk!\" \/>\n<meta name=\"robots\" content=\"index, follow, max-snippet:-1, max-image-preview:large, max-video-preview:-1\" \/>\n<link rel=\"canonical\" href=\"https:\/\/www.truzzer.com\/no\/produkt\/instagram-followmonster-klistremerke-qr-kode-klistremerke-folgermagnet-i-3-storrelser\/\" \/>\n<meta property=\"og:locale\" content=\"nb_NO\" \/>\n<meta property=\"og:type\" content=\"article\" \/>\n<meta property=\"og:title\" content=\"Instagram FollowMonster Klistremerke | truzzer\" \/>\n<meta property=\"og:description\" content=\"\u00d8k dine Instagram f\u00f8lgere raskt med v\u00e5rt QR-kode klistremerke fra truzzer. Bestill n\u00e5 \u2013 klar til bruk!\" \/>\n<meta property=\"og:url\" content=\"https:\/\/www.truzzer.com\/no\/produkt\/instagram-followmonster-klistremerke-qr-kode-klistremerke-folgermagnet-i-3-storrelser\/\" \/>\n<meta property=\"og:site_name\" content=\"truzzer\" \/>\n<meta property=\"article:modified_time\" content=\"2026-02-13T10:32:29+00:00\" \/>\n<meta property=\"og:image\" content=\"https:\/\/www.truzzer.com\/wp-content\/uploads\/2026\/02\/followmonster-simple-3.jpg\" \/>\n\t<meta property=\"og:image:width\" content=\"1200\" \/>\n\t<meta property=\"og:image:height\" content=\"1200\" \/>\n\t<meta property=\"og:image:type\" content=\"image\/jpeg\" \/>\n<meta name=\"twitter:card\" content=\"summary_large_image\" \/>\n<meta name=\"twitter:label1\" content=\"Ansl. lesetid\" \/>\n\t<meta name=\"twitter:data1\" content=\"1 minutt\" \/>\n<script type=\"application\/ld+json\" class=\"yoast-schema-graph\">{\"@context\":\"https:\/\/schema.org\",\"@graph\":[{\"@type\":\"WebPage\",\"@id\":\"https:\/\/www.truzzer.com\/no\/produkt\/instagram-followmonster-klistremerke-qr-kode-klistremerke-folgermagnet-i-3-storrelser\/\",\"url\":\"https:\/\/www.truzzer.com\/no\/produkt\/instagram-followmonster-klistremerke-qr-kode-klistremerke-folgermagnet-i-3-storrelser\/\",\"name\":\"Instagram FollowMonster Klistremerke | truzzer\",\"isPartOf\":{\"@id\":\"https:\/\/www.truzzer.com\/no\/#website\"},\"primaryImageOfPage\":{\"@id\":\"https:\/\/www.truzzer.com\/no\/produkt\/instagram-followmonster-klistremerke-qr-kode-klistremerke-folgermagnet-i-3-storrelser\/#primaryimage\"},\"image\":{\"@id\":\"https:\/\/www.truzzer.com\/no\/produkt\/instagram-followmonster-klistremerke-qr-kode-klistremerke-folgermagnet-i-3-storrelser\/#primaryimage\"},\"thumbnailUrl\":\"https:\/\/www.truzzer.com\/wp-content\/uploads\/2026\/02\/followmonster-simple-3.jpg\",\"datePublished\":\"2026-02-11T10:12:31+00:00\",\"dateModified\":\"2026-02-13T10:32:29+00:00\",\"description\":\"\u00d8k dine Instagram f\u00f8lgere raskt med v\u00e5rt QR-kode klistremerke fra truzzer. Bestill n\u00e5 \u2013 klar til bruk!\",\"breadcrumb\":{\"@id\":\"https:\/\/www.truzzer.com\/no\/produkt\/instagram-followmonster-klistremerke-qr-kode-klistremerke-folgermagnet-i-3-storrelser\/#breadcrumb\"},\"inLanguage\":\"nb-NO\",\"potentialAction\":[{\"@type\":\"ReadAction\",\"target\":[\"https:\/\/www.truzzer.com\/no\/produkt\/instagram-followmonster-klistremerke-qr-kode-klistremerke-folgermagnet-i-3-storrelser\/\"]}]},{\"@type\":\"ImageObject\",\"inLanguage\":\"nb-NO\",\"@id\":\"https:\/\/www.truzzer.com\/no\/produkt\/instagram-followmonster-klistremerke-qr-kode-klistremerke-folgermagnet-i-3-storrelser\/#primaryimage\",\"url\":\"https:\/\/www.truzzer.com\/wp-content\/uploads\/2026\/02\/followmonster-simple-3.jpg\",\"contentUrl\":\"https:\/\/www.truzzer.com\/wp-content\/uploads\/2026\/02\/followmonster-simple-3.jpg\",\"width\":1200,\"height\":1200},{\"@type\":\"BreadcrumbList\",\"@id\":\"https:\/\/www.truzzer.com\/no\/produkt\/instagram-followmonster-klistremerke-qr-kode-klistremerke-folgermagnet-i-3-storrelser\/#breadcrumb\",\"itemListElement\":[{\"@type\":\"ListItem\",\"position\":1,\"name\":\"Home\",\"item\":\"https:\/\/www.truzzer.com\/no\/\"},{\"@type\":\"ListItem\",\"position\":2,\"name\":\"Butikk\",\"item\":\"https:\/\/www.truzzer.com\/no\/butikk\/\"},{\"@type\":\"ListItem\",\"position\":3,\"name\":\"Instagram FollowMonster-klistremerke | QR-kodeklistremerke | F\u00f8lgermagnet i 3 st\u00f8rrelser\"}]},{\"@type\":\"WebSite\",\"@id\":\"https:\/\/www.truzzer.com\/no\/#website\",\"url\":\"https:\/\/www.truzzer.com\/no\/\",\"name\":\"truzzer\",\"description\":\"Experts for customer trust\",\"publisher\":{\"@id\":\"https:\/\/www.truzzer.com\/no\/#organization\"},\"potentialAction\":[{\"@type\":\"SearchAction\",\"target\":{\"@type\":\"EntryPoint\",\"urlTemplate\":\"https:\/\/www.truzzer.com\/no\/?s={search_term_string}\"},\"query-input\":{\"@type\":\"PropertyValueSpecification\",\"valueRequired\":true,\"valueName\":\"search_term_string\"}}],\"inLanguage\":\"nb-NO\"},{\"@type\":\"Organization\",\"@id\":\"https:\/\/www.truzzer.com\/no\/#organization\",\"name\":\"truzzer\",\"url\":\"https:\/\/www.truzzer.com\/no\/\",\"logo\":{\"@type\":\"ImageObject\",\"inLanguage\":\"nb-NO\",\"@id\":\"https:\/\/www.truzzer.com\/no\/#\/schema\/logo\/image\/\",\"url\":\"https:\/\/truzzer.com\/wp-content\/uploads\/2026\/01\/truzzer-logo-black-1.svg\",\"contentUrl\":\"https:\/\/truzzer.com\/wp-content\/uploads\/2026\/01\/truzzer-logo-black-1.svg\",\"width\":938,\"height\":199,\"caption\":\"truzzer\"},\"image\":{\"@id\":\"https:\/\/www.truzzer.com\/no\/#\/schema\/logo\/image\/\"}}]}<\/script>\n<!-- \/ Yoast SEO plugin. -->","yoast_head_json":{"title":"Instagram FollowMonster Klistremerke | truzzer","description":"\u00d8k dine Instagram f\u00f8lgere raskt med v\u00e5rt QR-kode klistremerke fra truzzer. Bestill n\u00e5 \u2013 klar til bruk!","robots":{"index":"index","follow":"follow","max-snippet":"max-snippet:-1","max-image-preview":"max-image-preview:large","max-video-preview":"max-video-preview:-1"},"canonical":"https:\/\/www.truzzer.com\/no\/produkt\/instagram-followmonster-klistremerke-qr-kode-klistremerke-folgermagnet-i-3-storrelser\/","og_locale":"nb_NO","og_type":"article","og_title":"Instagram FollowMonster Klistremerke | truzzer","og_description":"\u00d8k dine Instagram f\u00f8lgere raskt med v\u00e5rt QR-kode klistremerke fra truzzer. Bestill n\u00e5 \u2013 klar til bruk!","og_url":"https:\/\/www.truzzer.com\/no\/produkt\/instagram-followmonster-klistremerke-qr-kode-klistremerke-folgermagnet-i-3-storrelser\/","og_site_name":"truzzer","article_modified_time":"2026-02-13T10:32:29+00:00","og_image":[{"width":1200,"height":1200,"url":"https:\/\/www.truzzer.com\/wp-content\/uploads\/2026\/02\/followmonster-simple-3.jpg","type":"image\/jpeg"}],"twitter_card":"summary_large_image","twitter_misc":{"Ansl. lesetid":"1 minutt"},"schema":{"@context":"https:\/\/schema.org","@graph":[{"@type":"WebPage","@id":"https:\/\/www.truzzer.com\/no\/produkt\/instagram-followmonster-klistremerke-qr-kode-klistremerke-folgermagnet-i-3-storrelser\/","url":"https:\/\/www.truzzer.com\/no\/produkt\/instagram-followmonster-klistremerke-qr-kode-klistremerke-folgermagnet-i-3-storrelser\/","name":"Instagram FollowMonster Klistremerke | truzzer","isPartOf":{"@id":"https:\/\/www.truzzer.com\/no\/#website"},"primaryImageOfPage":{"@id":"https:\/\/www.truzzer.com\/no\/produkt\/instagram-followmonster-klistremerke-qr-kode-klistremerke-folgermagnet-i-3-storrelser\/#primaryimage"},"image":{"@id":"https:\/\/www.truzzer.com\/no\/produkt\/instagram-followmonster-klistremerke-qr-kode-klistremerke-folgermagnet-i-3-storrelser\/#primaryimage"},"thumbnailUrl":"https:\/\/www.truzzer.com\/wp-content\/uploads\/2026\/02\/followmonster-simple-3.jpg","datePublished":"2026-02-11T10:12:31+00:00","dateModified":"2026-02-13T10:32:29+00:00","description":"\u00d8k dine Instagram f\u00f8lgere raskt med v\u00e5rt QR-kode klistremerke fra truzzer. Bestill n\u00e5 \u2013 klar til bruk!","breadcrumb":{"@id":"https:\/\/www.truzzer.com\/no\/produkt\/instagram-followmonster-klistremerke-qr-kode-klistremerke-folgermagnet-i-3-storrelser\/#breadcrumb"},"inLanguage":"nb-NO","potentialAction":[{"@type":"ReadAction","target":["https:\/\/www.truzzer.com\/no\/produkt\/instagram-followmonster-klistremerke-qr-kode-klistremerke-folgermagnet-i-3-storrelser\/"]}]},{"@type":"ImageObject","inLanguage":"nb-NO","@id":"https:\/\/www.truzzer.com\/no\/produkt\/instagram-followmonster-klistremerke-qr-kode-klistremerke-folgermagnet-i-3-storrelser\/#primaryimage","url":"https:\/\/www.truzzer.com\/wp-content\/uploads\/2026\/02\/followmonster-simple-3.jpg","contentUrl":"https:\/\/www.truzzer.com\/wp-content\/uploads\/2026\/02\/followmonster-simple-3.jpg","width":1200,"height":1200},{"@type":"BreadcrumbList","@id":"https:\/\/www.truzzer.com\/no\/produkt\/instagram-followmonster-klistremerke-qr-kode-klistremerke-folgermagnet-i-3-storrelser\/#breadcrumb","itemListElement":[{"@type":"ListItem","position":1,"name":"Home","item":"https:\/\/www.truzzer.com\/no\/"},{"@type":"ListItem","position":2,"name":"Butikk","item":"https:\/\/www.truzzer.com\/no\/butikk\/"},{"@type":"ListItem","position":3,"name":"Instagram FollowMonster-klistremerke | QR-kodeklistremerke | F\u00f8lgermagnet i 3 st\u00f8rrelser"}]},{"@type":"WebSite","@id":"https:\/\/www.truzzer.com\/no\/#website","url":"https:\/\/www.truzzer.com\/no\/","name":"truzzer","description":"Experts for customer trust","publisher":{"@id":"https:\/\/www.truzzer.com\/no\/#organization"},"potentialAction":[{"@type":"SearchAction","target":{"@type":"EntryPoint","urlTemplate":"https:\/\/www.truzzer.com\/no\/?s={search_term_string}"},"query-input":{"@type":"PropertyValueSpecification","valueRequired":true,"valueName":"search_term_string"}}],"inLanguage":"nb-NO"},{"@type":"Organization","@id":"https:\/\/www.truzzer.com\/no\/#organization","name":"truzzer","url":"https:\/\/www.truzzer.com\/no\/","logo":{"@type":"ImageObject","inLanguage":"nb-NO","@id":"https:\/\/www.truzzer.com\/no\/#\/schema\/logo\/image\/","url":"https:\/\/truzzer.com\/wp-content\/uploads\/2026\/01\/truzzer-logo-black-1.svg","contentUrl":"https:\/\/truzzer.com\/wp-content\/uploads\/2026\/01\/truzzer-logo-black-1.svg","width":938,"height":199,"caption":"truzzer"},"image":{"@id":"https:\/\/www.truzzer.com\/no\/#\/schema\/logo\/image\/"}}]}},"tiered_pricing_type":"fixed","tiered_pricing_fixed_rules":[],"tiered_pricing_product_settings":{"layout":"default","base_unit_name":{"singular":null,"plural":null},"default_variation":null},"tiered_pricing_minimum_quantity":null,"tiered_pricing_roles_data":[],"tiered_pricing_percentage_rules":[],"tiered_pricing_maximum_quantity":null,"tiered_pricing_quantity_step":null,"_links":{"self":[{"href":"https:\/\/www.truzzer.com\/no\/wp-json\/wp\/v2\/product\/102343","targetHints":{"allow":["GET"]}}],"collection":[{"href":"https:\/\/www.truzzer.com\/no\/wp-json\/wp\/v2\/product"}],"about":[{"href":"https:\/\/www.truzzer.com\/no\/wp-json\/wp\/v2\/types\/product"}],"replies":[{"embeddable":true,"href":"https:\/\/www.truzzer.com\/no\/wp-json\/wp\/v2\/comments?post=102343"}],"wp:featuredmedia":[{"embeddable":true,"href":"https:\/\/www.truzzer.com\/no\/wp-json\/wp\/v2\/media\/102344"}],"wp:attachment":[{"href":"https:\/\/www.truzzer.com\/no\/wp-json\/wp\/v2\/media?parent=102343"}],"wp:term":[{"taxonomy":"product_brand","embeddable":true,"href":"https:\/\/www.truzzer.com\/no\/wp-json\/wp\/v2\/product_brand?post=102343"},{"taxonomy":"product_cat","embeddable":true,"href":"https:\/\/www.truzzer.com\/no\/wp-json\/wp\/v2\/product_cat?post=102343"},{"taxonomy":"product_tag","embeddable":true,"href":"https:\/\/www.truzzer.com\/no\/wp-json\/wp\/v2\/product_tag?post=102343"}],"curies":[{"name":"wp","href":"https:\/\/api.w.org\/{rel}","templated":true}]}}