{"id":102459,"date":"2026-02-11T10:12:53","date_gmt":"2026-02-11T10:12:53","guid":{"rendered":"https:\/\/beta.truzzer.com\/product\/instagram-qr-kode-klistremerke-folg-oss-rund-hologram-utgave\/"},"modified":"2026-02-13T10:30:03","modified_gmt":"2026-02-13T10:30:03","slug":"instagram-qr-kode-klistremerke-folg-oss-rund-hologram-utgave","status":"publish","type":"product","link":"https:\/\/www.truzzer.com\/no\/produkt\/instagram-qr-kode-klistremerke-folg-oss-rund-hologram-utgave\/","title":{"rendered":"Instagram QR-kodeklistremerke \u201cF\u00f8lg oss\u201d \u2013 rund (hologramutgave)"},"content":{"rendered":"<p>\nMed <strong>Instagram QR Code Sticker \u00abF\u00f8lg oss\u00bb (Hologram Edition)<\/strong> tar du markedsf\u00f8ringen p\u00e5 sosiale medier til neste niv\u00e5.<br \/>\nDen i\u00f8ynefallende hologramdesignen fanger \u00f8yeblikkelig oppmerksomhet \u2013 og s\u00f8rger for at ingen kunder g\u00e5r glipp av infomeldingen din.\n<\/p>\n<p>\nHvert klistremerke kommer med en <strong>individuell QR-kode<\/strong> som kobler direkte til Instagram-profilen din.<br \/>\nKunder trenger ikke lenger \u00e5 s\u00f8ke etter deg \u2013 \u00e9n rask skanning med et smarttelefonkamera er nok, og de lander p\u00e5 kontoen din umiddelbart.\n<\/p>\n<p><strong>Fordelene dine p\u00e5 et \u00f8yeblikk:<\/strong><\/p>\n<ul>\n<li>\u2728 <strong>I\u00f8ynefallende hologramdesign<\/strong> \u2013 maksimal synlighet, enten det er p\u00e5 glass, disker eller emballasje.<\/li>\n<li>\ud83d\udcf2 <strong>Direkte QR-kode<\/strong> \u2014 kobles umiddelbart til Instagram-profilen din, ingen omveier.<\/li>\n<li>\ud83d\udccd <strong>Allsidig bruk<\/strong> \u2013 ideell for butikker, restauranter, barer, salonger, arrangementer eller produktemballasje.<\/li>\n<li>\ud83d\udccf <strong>Tilgjengelig i 3 st\u00f8rrelser<\/strong> \u2013 9,5 cm, 14,8 cm og 21 cm.<\/li>\n<li>\ud83c\udde9\ud83c\uddea <strong>Produsert i Tyskland<\/strong> \u2014 slitesterk kvalitet, v\u00e6rbestandig og amp; robust.<\/li>\n<\/ul>\n<p>\nDette gj\u00f8r at virksomheten din skiller seg ut \u2013 samtidig som den utvider Instagram-fellesskapet p\u00e5 en smart m\u00e5te.\n<\/p>\n<p>\n\u2705 <strong>Bare s\u00f8k \u2013 la kundene skanne \u2013 f\u00e5 f\u00f8lgere.<\/strong>\n<\/p>\n<h3>Trinn 1: Kunden skanner QR-koden<\/h3>\n<p>\nFor \u00e5 f\u00f8lge deg skanner kunden ganske enkelt QR-koden. Alt de trenger \u00e5 gj\u00f8re er \u00e5 rette smarttelefonkameraet mot klistremerket.\n<\/p>\n<p>\n<img decoding=\"async\" class=\"alignnone wp-image-13588 size-full\" src=\"https:\/\/truzzer.de\/wp-content\/uploads\/2020\/12\/truzzer-so-gehts-instagram-scan-11.jpg\" alt=\"\" width=\"1200\" \/ height = \"7\n<\/p>\n<p>\nEtterp\u00e5 vises et popup-vindu p\u00e5 skjermen (iPhone) eller et QR-kodeikon (Android \/ Google-smarttelefoner).\n<\/p>\n<h3>Trinn 2: Kunden f\u00f8res direkte til Instagram-profilen din<\/h3>\n<p>\nInstagram \u00e5pner, og kunden kan f\u00f8lge deg umiddelbart \u2014 s\u00e5 enkelt.\n<\/p>\n<p>\n<img decoding=\"async\" class=\"alignleft wp-image-13589 size-full\" src=\"https:\/\/truzzer.de\/wp-content\/uploads\/2020\/12\/truzzer-so-gehts-instagram-scan-1.jpg\" alt=\"\" width=\"1200\" \/ height = 792\n<\/p>\n<p><strong>Merk:<\/strong><\/p>\n<p>\nV\u00e6r oppmerksom p\u00e5 at en Instagram-profil kreves for \u00e5 f\u00e5 f\u00f8lgere.\n<\/p>\n<p>[elfsight_popup id=&raquo;6&#8243;]<\/p>\n","protected":false},"excerpt":{"rendered":"<p>\nMer glans, mer oppmerksomhet, flere f\u00f8lgere!<br \/>\nV\u00e5re runde <strong>Instagram Hologram Stickers<\/strong> er et ekte blikkfang. Med en integrert QR-kode leder du kundene dine direkte til profilen din \u2013 bare skann &amp; f\u00f8lg.<br \/>\nIdeell for: <strong>butikker, d\u00f8rer, disker, butikkvinduer, kasser, emballasje<\/strong>.\n<\/p>\n<p>\nTilgjengelig i <strong>3 st\u00f8rrelser<\/strong>: 9,5 cm, 14,8 cm, 21 cm.<\/p>\n","protected":false},"featured_media":102460,"comment_status":"open","ping_status":"closed","template":"","meta":{"_acf_changed":false,"_yoast_wpseo_focuskw":"Instagram QR-kode Klistremerke","_yoast_wpseo_title":"Instagram QR Code Klistremerke \u201cFollow Us\u201d \u2013 Round | truzzer","_yoast_wpseo_metadesc":"\u00d8k dine Instagram f\u00f8lgere raskt med v\u00e5rt QR-kode klistremerke fra truzzer. Bestill n\u00e5 \u2013 klar til bruk!"},"product_brand":[1658],"product_cat":[768,841,842,827],"product_tag":[],"class_list":{"0":"post-102459","1":"product","2":"type-product","3":"status-publish","4":"has-post-thumbnail","6":"product_brand-instagram","7":"product_cat-google-anmeldelse-kort","8":"product_cat-instagram-folgere-klistremerker","9":"product_cat-instagram-folgere-klistremerker-med-qr-kode","10":"product_cat-instagram-volgers-producten","11":"pa_material-vinyl","12":"pa_product-type-klistremerke","13":"pa_shape-rond","14":"pa_technology-qr-kode","16":"first","17":"instock","18":"taxable","19":"shipping-taxable","20":"product-type-simple"},"acf":[],"yoast_head":"<!-- This site is optimized with the Yoast SEO plugin v27.0 - https:\/\/yoast.com\/product\/yoast-seo-wordpress\/ -->\n<title>Instagram QR Code Klistremerke \u201cFollow Us\u201d \u2013 Round | truzzer<\/title>\n<meta name=\"description\" content=\"\u00d8k dine Instagram f\u00f8lgere raskt med v\u00e5rt QR-kode klistremerke fra truzzer. Bestill n\u00e5 \u2013 klar til bruk!\" \/>\n<meta name=\"robots\" content=\"index, follow, max-snippet:-1, max-image-preview:large, max-video-preview:-1\" \/>\n<link rel=\"canonical\" href=\"https:\/\/www.truzzer.com\/no\/produkt\/instagram-qr-kode-klistremerke-folg-oss-rund-hologram-utgave\/\" \/>\n<meta property=\"og:locale\" content=\"nb_NO\" \/>\n<meta property=\"og:type\" content=\"article\" \/>\n<meta property=\"og:title\" content=\"Instagram QR Code Klistremerke \u201cFollow Us\u201d \u2013 Round | truzzer\" \/>\n<meta property=\"og:description\" content=\"\u00d8k dine Instagram f\u00f8lgere raskt med v\u00e5rt QR-kode klistremerke fra truzzer. Bestill n\u00e5 \u2013 klar til bruk!\" \/>\n<meta property=\"og:url\" content=\"https:\/\/www.truzzer.com\/no\/produkt\/instagram-qr-kode-klistremerke-folg-oss-rund-hologram-utgave\/\" \/>\n<meta property=\"og:site_name\" content=\"truzzer\" \/>\n<meta property=\"article:modified_time\" content=\"2026-02-13T10:30:03+00:00\" \/>\n<meta property=\"og:image\" content=\"https:\/\/www.truzzer.com\/wp-content\/uploads\/2026\/02\/holo-sticker-round-color-phone-2.jpg\" \/>\n\t<meta property=\"og:image:width\" content=\"1200\" \/>\n\t<meta property=\"og:image:height\" content=\"1200\" \/>\n\t<meta property=\"og:image:type\" content=\"image\/jpeg\" \/>\n<meta name=\"twitter:card\" content=\"summary_large_image\" \/>\n<meta name=\"twitter:label1\" content=\"Ansl. lesetid\" \/>\n\t<meta name=\"twitter:data1\" content=\"1 minutt\" \/>\n<script type=\"application\/ld+json\" class=\"yoast-schema-graph\">{\"@context\":\"https:\/\/schema.org\",\"@graph\":[{\"@type\":\"WebPage\",\"@id\":\"https:\/\/www.truzzer.com\/no\/produkt\/instagram-qr-kode-klistremerke-folg-oss-rund-hologram-utgave\/\",\"url\":\"https:\/\/www.truzzer.com\/no\/produkt\/instagram-qr-kode-klistremerke-folg-oss-rund-hologram-utgave\/\",\"name\":\"Instagram QR Code Klistremerke \u201cFollow Us\u201d \u2013 Round | truzzer\",\"isPartOf\":{\"@id\":\"https:\/\/www.truzzer.com\/no\/#website\"},\"primaryImageOfPage\":{\"@id\":\"https:\/\/www.truzzer.com\/no\/produkt\/instagram-qr-kode-klistremerke-folg-oss-rund-hologram-utgave\/#primaryimage\"},\"image\":{\"@id\":\"https:\/\/www.truzzer.com\/no\/produkt\/instagram-qr-kode-klistremerke-folg-oss-rund-hologram-utgave\/#primaryimage\"},\"thumbnailUrl\":\"https:\/\/www.truzzer.com\/wp-content\/uploads\/2026\/02\/holo-sticker-round-color-phone-2.jpg\",\"datePublished\":\"2026-02-11T10:12:53+00:00\",\"dateModified\":\"2026-02-13T10:30:03+00:00\",\"description\":\"\u00d8k dine Instagram f\u00f8lgere raskt med v\u00e5rt QR-kode klistremerke fra truzzer. Bestill n\u00e5 \u2013 klar til bruk!\",\"breadcrumb\":{\"@id\":\"https:\/\/www.truzzer.com\/no\/produkt\/instagram-qr-kode-klistremerke-folg-oss-rund-hologram-utgave\/#breadcrumb\"},\"inLanguage\":\"nb-NO\",\"potentialAction\":[{\"@type\":\"ReadAction\",\"target\":[\"https:\/\/www.truzzer.com\/no\/produkt\/instagram-qr-kode-klistremerke-folg-oss-rund-hologram-utgave\/\"]}]},{\"@type\":\"ImageObject\",\"inLanguage\":\"nb-NO\",\"@id\":\"https:\/\/www.truzzer.com\/no\/produkt\/instagram-qr-kode-klistremerke-folg-oss-rund-hologram-utgave\/#primaryimage\",\"url\":\"https:\/\/www.truzzer.com\/wp-content\/uploads\/2026\/02\/holo-sticker-round-color-phone-2.jpg\",\"contentUrl\":\"https:\/\/www.truzzer.com\/wp-content\/uploads\/2026\/02\/holo-sticker-round-color-phone-2.jpg\",\"width\":1200,\"height\":1200},{\"@type\":\"BreadcrumbList\",\"@id\":\"https:\/\/www.truzzer.com\/no\/produkt\/instagram-qr-kode-klistremerke-folg-oss-rund-hologram-utgave\/#breadcrumb\",\"itemListElement\":[{\"@type\":\"ListItem\",\"position\":1,\"name\":\"Home\",\"item\":\"https:\/\/www.truzzer.com\/no\/\"},{\"@type\":\"ListItem\",\"position\":2,\"name\":\"Butikk\",\"item\":\"https:\/\/www.truzzer.com\/no\/butikk\/\"},{\"@type\":\"ListItem\",\"position\":3,\"name\":\"Instagram QR-kodeklistremerke \u201cF\u00f8lg oss\u201d \u2013 rund (hologramutgave)\"}]},{\"@type\":\"WebSite\",\"@id\":\"https:\/\/www.truzzer.com\/no\/#website\",\"url\":\"https:\/\/www.truzzer.com\/no\/\",\"name\":\"truzzer\",\"description\":\"Experts for customer trust\",\"publisher\":{\"@id\":\"https:\/\/www.truzzer.com\/no\/#organization\"},\"potentialAction\":[{\"@type\":\"SearchAction\",\"target\":{\"@type\":\"EntryPoint\",\"urlTemplate\":\"https:\/\/www.truzzer.com\/no\/?s={search_term_string}\"},\"query-input\":{\"@type\":\"PropertyValueSpecification\",\"valueRequired\":true,\"valueName\":\"search_term_string\"}}],\"inLanguage\":\"nb-NO\"},{\"@type\":\"Organization\",\"@id\":\"https:\/\/www.truzzer.com\/no\/#organization\",\"name\":\"truzzer\",\"url\":\"https:\/\/www.truzzer.com\/no\/\",\"logo\":{\"@type\":\"ImageObject\",\"inLanguage\":\"nb-NO\",\"@id\":\"https:\/\/www.truzzer.com\/no\/#\/schema\/logo\/image\/\",\"url\":\"https:\/\/truzzer.com\/wp-content\/uploads\/2026\/01\/truzzer-logo-black-1.svg\",\"contentUrl\":\"https:\/\/truzzer.com\/wp-content\/uploads\/2026\/01\/truzzer-logo-black-1.svg\",\"width\":938,\"height\":199,\"caption\":\"truzzer\"},\"image\":{\"@id\":\"https:\/\/www.truzzer.com\/no\/#\/schema\/logo\/image\/\"}}]}<\/script>\n<!-- \/ Yoast SEO plugin. -->","yoast_head_json":{"title":"Instagram QR Code Klistremerke \u201cFollow Us\u201d \u2013 Round | truzzer","description":"\u00d8k dine Instagram f\u00f8lgere raskt med v\u00e5rt QR-kode klistremerke fra truzzer. Bestill n\u00e5 \u2013 klar til bruk!","robots":{"index":"index","follow":"follow","max-snippet":"max-snippet:-1","max-image-preview":"max-image-preview:large","max-video-preview":"max-video-preview:-1"},"canonical":"https:\/\/www.truzzer.com\/no\/produkt\/instagram-qr-kode-klistremerke-folg-oss-rund-hologram-utgave\/","og_locale":"nb_NO","og_type":"article","og_title":"Instagram QR Code Klistremerke \u201cFollow Us\u201d \u2013 Round | truzzer","og_description":"\u00d8k dine Instagram f\u00f8lgere raskt med v\u00e5rt QR-kode klistremerke fra truzzer. Bestill n\u00e5 \u2013 klar til bruk!","og_url":"https:\/\/www.truzzer.com\/no\/produkt\/instagram-qr-kode-klistremerke-folg-oss-rund-hologram-utgave\/","og_site_name":"truzzer","article_modified_time":"2026-02-13T10:30:03+00:00","og_image":[{"width":1200,"height":1200,"url":"https:\/\/www.truzzer.com\/wp-content\/uploads\/2026\/02\/holo-sticker-round-color-phone-2.jpg","type":"image\/jpeg"}],"twitter_card":"summary_large_image","twitter_misc":{"Ansl. lesetid":"1 minutt"},"schema":{"@context":"https:\/\/schema.org","@graph":[{"@type":"WebPage","@id":"https:\/\/www.truzzer.com\/no\/produkt\/instagram-qr-kode-klistremerke-folg-oss-rund-hologram-utgave\/","url":"https:\/\/www.truzzer.com\/no\/produkt\/instagram-qr-kode-klistremerke-folg-oss-rund-hologram-utgave\/","name":"Instagram QR Code Klistremerke \u201cFollow Us\u201d \u2013 Round | truzzer","isPartOf":{"@id":"https:\/\/www.truzzer.com\/no\/#website"},"primaryImageOfPage":{"@id":"https:\/\/www.truzzer.com\/no\/produkt\/instagram-qr-kode-klistremerke-folg-oss-rund-hologram-utgave\/#primaryimage"},"image":{"@id":"https:\/\/www.truzzer.com\/no\/produkt\/instagram-qr-kode-klistremerke-folg-oss-rund-hologram-utgave\/#primaryimage"},"thumbnailUrl":"https:\/\/www.truzzer.com\/wp-content\/uploads\/2026\/02\/holo-sticker-round-color-phone-2.jpg","datePublished":"2026-02-11T10:12:53+00:00","dateModified":"2026-02-13T10:30:03+00:00","description":"\u00d8k dine Instagram f\u00f8lgere raskt med v\u00e5rt QR-kode klistremerke fra truzzer. Bestill n\u00e5 \u2013 klar til bruk!","breadcrumb":{"@id":"https:\/\/www.truzzer.com\/no\/produkt\/instagram-qr-kode-klistremerke-folg-oss-rund-hologram-utgave\/#breadcrumb"},"inLanguage":"nb-NO","potentialAction":[{"@type":"ReadAction","target":["https:\/\/www.truzzer.com\/no\/produkt\/instagram-qr-kode-klistremerke-folg-oss-rund-hologram-utgave\/"]}]},{"@type":"ImageObject","inLanguage":"nb-NO","@id":"https:\/\/www.truzzer.com\/no\/produkt\/instagram-qr-kode-klistremerke-folg-oss-rund-hologram-utgave\/#primaryimage","url":"https:\/\/www.truzzer.com\/wp-content\/uploads\/2026\/02\/holo-sticker-round-color-phone-2.jpg","contentUrl":"https:\/\/www.truzzer.com\/wp-content\/uploads\/2026\/02\/holo-sticker-round-color-phone-2.jpg","width":1200,"height":1200},{"@type":"BreadcrumbList","@id":"https:\/\/www.truzzer.com\/no\/produkt\/instagram-qr-kode-klistremerke-folg-oss-rund-hologram-utgave\/#breadcrumb","itemListElement":[{"@type":"ListItem","position":1,"name":"Home","item":"https:\/\/www.truzzer.com\/no\/"},{"@type":"ListItem","position":2,"name":"Butikk","item":"https:\/\/www.truzzer.com\/no\/butikk\/"},{"@type":"ListItem","position":3,"name":"Instagram QR-kodeklistremerke \u201cF\u00f8lg oss\u201d \u2013 rund (hologramutgave)"}]},{"@type":"WebSite","@id":"https:\/\/www.truzzer.com\/no\/#website","url":"https:\/\/www.truzzer.com\/no\/","name":"truzzer","description":"Experts for customer trust","publisher":{"@id":"https:\/\/www.truzzer.com\/no\/#organization"},"potentialAction":[{"@type":"SearchAction","target":{"@type":"EntryPoint","urlTemplate":"https:\/\/www.truzzer.com\/no\/?s={search_term_string}"},"query-input":{"@type":"PropertyValueSpecification","valueRequired":true,"valueName":"search_term_string"}}],"inLanguage":"nb-NO"},{"@type":"Organization","@id":"https:\/\/www.truzzer.com\/no\/#organization","name":"truzzer","url":"https:\/\/www.truzzer.com\/no\/","logo":{"@type":"ImageObject","inLanguage":"nb-NO","@id":"https:\/\/www.truzzer.com\/no\/#\/schema\/logo\/image\/","url":"https:\/\/truzzer.com\/wp-content\/uploads\/2026\/01\/truzzer-logo-black-1.svg","contentUrl":"https:\/\/truzzer.com\/wp-content\/uploads\/2026\/01\/truzzer-logo-black-1.svg","width":938,"height":199,"caption":"truzzer"},"image":{"@id":"https:\/\/www.truzzer.com\/no\/#\/schema\/logo\/image\/"}}]}},"tiered_pricing_type":"fixed","tiered_pricing_fixed_rules":[],"tiered_pricing_product_settings":{"layout":"default","base_unit_name":{"singular":null,"plural":null},"default_variation":null},"tiered_pricing_minimum_quantity":null,"tiered_pricing_roles_data":[],"tiered_pricing_percentage_rules":[],"tiered_pricing_maximum_quantity":null,"tiered_pricing_quantity_step":null,"_links":{"self":[{"href":"https:\/\/www.truzzer.com\/no\/wp-json\/wp\/v2\/product\/102459","targetHints":{"allow":["GET"]}}],"collection":[{"href":"https:\/\/www.truzzer.com\/no\/wp-json\/wp\/v2\/product"}],"about":[{"href":"https:\/\/www.truzzer.com\/no\/wp-json\/wp\/v2\/types\/product"}],"replies":[{"embeddable":true,"href":"https:\/\/www.truzzer.com\/no\/wp-json\/wp\/v2\/comments?post=102459"}],"wp:featuredmedia":[{"embeddable":true,"href":"https:\/\/www.truzzer.com\/no\/wp-json\/wp\/v2\/media\/102460"}],"wp:attachment":[{"href":"https:\/\/www.truzzer.com\/no\/wp-json\/wp\/v2\/media?parent=102459"}],"wp:term":[{"taxonomy":"product_brand","embeddable":true,"href":"https:\/\/www.truzzer.com\/no\/wp-json\/wp\/v2\/product_brand?post=102459"},{"taxonomy":"product_cat","embeddable":true,"href":"https:\/\/www.truzzer.com\/no\/wp-json\/wp\/v2\/product_cat?post=102459"},{"taxonomy":"product_tag","embeddable":true,"href":"https:\/\/www.truzzer.com\/no\/wp-json\/wp\/v2\/product_tag?post=102459"}],"curies":[{"name":"wp","href":"https:\/\/api.w.org\/{rel}","templated":true}]}}