{"id":102547,"date":"2026-02-11T10:13:35","date_gmt":"2026-02-11T10:13:35","guid":{"rendered":"https:\/\/beta.truzzer.com\/product\/google-review-qr-code-visittkort-standard-pro\/"},"modified":"2026-02-13T10:26:20","modified_gmt":"2026-02-13T10:26:20","slug":"google-review-qr-code-visittkort-standard-pro","status":"publish","type":"product","link":"https:\/\/www.truzzer.com\/no\/produkt\/google-review-qr-code-visittkort-standard-pro\/","title":{"rendered":"Google gjennomgang QR Code Visittkort Standard Pro"},"content":{"rendered":"<h2>Google Review QR Code visittkort \u2013 Standard PRO<\/h2>\n<p>\n<strong>Truzzer Standard PRO visittkort<\/strong> er den smarte m\u00e5ten \u00e5 lede kundene dine direkte til en Google-anmeldelse \u2013 enkelt, raskt og profesjonelt.<br \/>\nDen kombinerer <strong>funksjonell design<\/strong> med <strong>maksimal effekt<\/strong> og ble laget spesielt for virksomheter som verdsetter m\u00e5lbare resultater.\n<\/p>\n<h3>Den smarte starten p\u00e5 flere Google-anmeldelser<\/h3>\n<p>\nDette <strong>QR Code visittkortet<\/strong> er din daglige f\u00f8lgesvenn i kundeinteraksjoner \u2013 enten det er i butikk, under avtaler eller p\u00e5 messer.<br \/>\n\u00c9n skanning med en smarttelefon er nok, og kunden lander umiddelbart p\u00e5 vurderingssiden til Google-bedriftsprofilen din.<br \/>\nDette gj\u00f8r hvert m\u00f8te til en mulighet for en <strong>5-stjerners anmeldelse<\/strong>.\n<\/p>\n<ul>\n<li><strong>Funksjonell, moderne design<\/strong> \u2013 kompakt og f\u00f8rsteklasses finish<\/li>\n<li><strong>Direkt QR-koden til Google-anmeldelsersiden<\/strong> \u2013 ingen s\u00f8king, ingen omveier<\/li>\n<li><strong>Fullstendig oppsett &amp; individuelt konfigurert<\/strong><\/li>\n<li><strong>Valgfri tilpasning<\/strong> med din logo og bedriftsnavn<\/li>\n<li><strong>Produsert i Tyskland<\/strong> \u2014 kvalitet og p\u00e5litelighet fra Berlin<\/li>\n<li><strong>Ideell for handel, tjenester, gjestfrihet og detaljhandel<\/strong><\/li>\n<\/ul>\n<h3>Slik fungerer det<\/h3>\n<p>\n1. Du skriver inn firmanavnet ditt n\u00e5r du legger inn bestillingen.<br \/>\n2. Vi oppretter automatisk den riktige <strong>Google anmeldelseskoblingen<\/strong> og genererer QR-koden din.<br \/>\n3. Du mottar ditt <strong>fullt konfigurerte kort<\/strong> \u2013 bare pakke ut og bruk.\n<\/p>\n<p>\nKundene dine skanner QR-koden og kan legge igjen en anmeldelse umiddelbart \u2013 enkelt, sikkert og personvernvennlig.\n<\/p>\n<h3>Flere anmeldelser, mer synlighet, mer tillit<\/h3>\n<p>\n<strong>Google Review Standard PRO-kortet<\/strong> er den ideelle l\u00f8sningen for bedrifter som \u00f8nsker \u00e5 <strong>aktivt bygge sitt online rykte<\/strong>.<br \/>\nJo mer autentiske anmeldelser bedriften din mottar, desto sterkere blir din tilstedev\u00e6relse i Google-s\u00f8k \u2013 og med det, rekkevidden og inntektspotensialet ditt.\n<\/p>\n<h3>Hvorfor Truzzer<\/h3>\n<p>\nSom <strong>markedsleder for QR &amp; NFC-produkter<\/strong> bygget for Google-anmeldelser, og vi tilbyr fullt forberedte l\u00f8sninger.<br \/>\nProduktene v\u00e5re er klare til bruk umiddelbart, testet og skreddersydd for virksomheten din \u2013 med null teknisk oppsett p\u00e5 din side.\n<\/p>\n<ul>\n<li>Oppfinner &amp; markedsleder i Tyskland<\/li>\n<li>Tysk st\u00f8tte &amp; personlig assistanse<\/li>\n<li>H\u00f8yest rangert p\u00e5 Google<\/li>\n<li>Kompatibel med alle smarttelefoner<\/li>\n<li>Ingen app eller registrering kreves<\/li>\n<\/ul>\n<h3>Tekniske detaljer<\/h3>\n<ul>\n<li>Format: standard visittkort<\/li>\n<li>Materiale: slitesterkt plastkort i matt eller blank finish<\/li>\n<li>Teknologi: QR-kode (valgfritt med NFC)<\/li>\n<li>Kobling: direktekobling til Google-anmeldelsersiden din<\/li>\n<li>Tilpasning: bedriftsnavn &amp; logo valgfri<\/li>\n<\/ul>\n<h3>Konklusjon<\/h3>\n<p>\n<strong>Google Review QR Code Business Card Standard PRO<\/strong> er det perfekte verkt\u00f8yet for \u00e5 gj\u00f8re forn\u00f8yde kunder til ekte merkevareambassad\u00f8rer.<br \/>\nFlere anmeldelser betyr mer synlighet \u2013 og dette produktet hjelper deg \u00e5 oppn\u00e5 akkurat det p\u00e5 den enkleste m\u00e5ten.\n<\/p>\n<hr>\n<p>\n<strong>Bestill n\u00e5 \u2013 inkludert personlig oppsett og QR-kode.<\/strong><br \/>\nGj\u00f8r det enkelt for kundene dine \u00e5 anbefale deg \u2013 raskt, sikkert og profesjonelt.\n<\/p>\n<p>`<\/p>\n","protected":false},"excerpt":{"rendered":"<h2><img decoding=\"async\" class=\"alignnone size-full wp-image-56732\" src=\"https:\/\/truzzer.com\/wp-content\/uploads\/2026\/02\/qrscan-ezgif.com-video-to-webp-converter-1.webp\" alt=\"\" width=\"150\"> height=&raquo;1520&#8243;><\/p>\n<h2>Einfach mehr Google Reviewen erhalten with Google Review QR Code Business Cardn<\/h2>\n<p>Entdecke die neuen Standard Business Cardn for mehr Google Reviewen im ansprechenden and cleanen Design, wellche sich nahtlos in jedes Unternehmen eingliedern.<\/p>\n<p>Mit den Google Review QR Code Visitt Cardn gewinnst Du im Handumdrehen mehr Google Reviewen.<\/p>\n<p>Alles, var Deine Kandinnen &amp; Kanden hierzu tun m\u00fcssen, ist es den QR Code with der Smartphone Kamera til skanning og schon gelangen diese zur direkten Google Review.<\/p>\n<p>Bitte erg\u00e4nze im Konfigruationsfeld weiter an Deine Firmenadresse og Deinen Firmennamen. Anhand dieser Angaben erstellen wir den individuelle Reviewslink for Dich, sodass Du dich um nichts weiter k\u00fcmmern must.<\/p>\n","protected":false},"featured_media":102793,"comment_status":"open","ping_status":"closed","template":"","meta":{"_acf_changed":false,"_yoast_wpseo_focuskw":"Google Anmeldelse Visittkort","_yoast_wpseo_title":"Google Anmeldelse QR Code Visittkort Standard Pro | truzzer","_yoast_wpseo_metadesc":"F\u00e5 flere 5-stjerners Google anmeldelser med v\u00e5rt QR-kode visittkort fra truzzer. Bestill n\u00e5 \u2013 klar til bruk!"},"product_brand":[1656],"product_cat":[767,813,814,505,604,1620],"product_tag":[],"class_list":{"0":"post-102547","1":"product","2":"type-product","3":"status-publish","4":"has-post-thumbnail","6":"product_brand-google","7":"product_cat-google-anmeldelse-produkter","8":"product_cat-google-anmeldelse-visittkort","9":"product_cat-google-anmeldelse-visittkort-med-qr-kode","10":"product_cat-qr-kode-produkter","11":"product_cat-qr-kode-visittkort","12":"product_cat-wifi-produkter","13":"pa_material-kartong","14":"pa_orientation-portrett","15":"pa_placement-bon","16":"pa_placement-brosjyre","17":"pa_placement-lommebok-personlig","18":"pa_placement-portemonnee-personlijk","19":"pa_product-type-visitekaartjes","20":"pa_shape-rechthoek","21":"pa_technology-qr-kode","23":"first","24":"instock","25":"taxable","26":"shipping-taxable","27":"purchasable","28":"product-type-simple"},"acf":[],"yoast_head":"<!-- This site is optimized with the Yoast SEO plugin v27.0 - https:\/\/yoast.com\/product\/yoast-seo-wordpress\/ -->\n<title>Google Anmeldelse QR Code Visittkort Standard Pro | truzzer<\/title>\n<meta name=\"description\" content=\"F\u00e5 flere 5-stjerners Google anmeldelser med v\u00e5rt QR-kode visittkort fra truzzer. Bestill n\u00e5 \u2013 klar til bruk!\" \/>\n<meta name=\"robots\" content=\"index, follow, max-snippet:-1, max-image-preview:large, max-video-preview:-1\" \/>\n<link rel=\"canonical\" href=\"https:\/\/www.truzzer.com\/no\/produkt\/google-review-qr-code-visittkort-standard-pro\/\" \/>\n<meta property=\"og:locale\" content=\"nb_NO\" \/>\n<meta property=\"og:type\" content=\"article\" \/>\n<meta property=\"og:title\" content=\"Google Anmeldelse QR Code Visittkort Standard Pro | truzzer\" \/>\n<meta property=\"og:description\" content=\"F\u00e5 flere 5-stjerners Google anmeldelser med v\u00e5rt QR-kode visittkort fra truzzer. Bestill n\u00e5 \u2013 klar til bruk!\" \/>\n<meta property=\"og:url\" content=\"https:\/\/www.truzzer.com\/no\/produkt\/google-review-qr-code-visittkort-standard-pro\/\" \/>\n<meta property=\"og:site_name\" content=\"truzzer\" \/>\n<meta property=\"article:modified_time\" content=\"2026-02-13T10:26:20+00:00\" \/>\n<meta property=\"og:image\" content=\"https:\/\/www.truzzer.com\/wp-content\/uploads\/2026\/02\/Google-Bewertung-QR-Code-VIsitenkarte-Pro-3-empfehlio-2-en.jpg\" \/>\n\t<meta property=\"og:image:width\" content=\"1024\" \/>\n\t<meta property=\"og:image:height\" content=\"1024\" \/>\n\t<meta property=\"og:image:type\" content=\"image\/jpeg\" \/>\n<meta name=\"twitter:card\" content=\"summary_large_image\" \/>\n<meta name=\"twitter:label1\" content=\"Ansl. lesetid\" \/>\n\t<meta name=\"twitter:data1\" content=\"2 minutter\" \/>\n<script type=\"application\/ld+json\" class=\"yoast-schema-graph\">{\"@context\":\"https:\/\/schema.org\",\"@graph\":[{\"@type\":\"WebPage\",\"@id\":\"https:\/\/www.truzzer.com\/no\/produkt\/google-review-qr-code-visittkort-standard-pro\/\",\"url\":\"https:\/\/www.truzzer.com\/no\/produkt\/google-review-qr-code-visittkort-standard-pro\/\",\"name\":\"Google Anmeldelse QR Code Visittkort Standard Pro | truzzer\",\"isPartOf\":{\"@id\":\"https:\/\/www.truzzer.com\/no\/#website\"},\"primaryImageOfPage\":{\"@id\":\"https:\/\/www.truzzer.com\/no\/produkt\/google-review-qr-code-visittkort-standard-pro\/#primaryimage\"},\"image\":{\"@id\":\"https:\/\/www.truzzer.com\/no\/produkt\/google-review-qr-code-visittkort-standard-pro\/#primaryimage\"},\"thumbnailUrl\":\"https:\/\/www.truzzer.com\/wp-content\/uploads\/2026\/02\/Google-Bewertung-QR-Code-VIsitenkarte-Pro-3-empfehlio-2-en.jpg\",\"datePublished\":\"2026-02-11T10:13:35+00:00\",\"dateModified\":\"2026-02-13T10:26:20+00:00\",\"description\":\"F\u00e5 flere 5-stjerners Google anmeldelser med v\u00e5rt QR-kode visittkort fra truzzer. Bestill n\u00e5 \u2013 klar til bruk!\",\"breadcrumb\":{\"@id\":\"https:\/\/www.truzzer.com\/no\/produkt\/google-review-qr-code-visittkort-standard-pro\/#breadcrumb\"},\"inLanguage\":\"nb-NO\",\"potentialAction\":[{\"@type\":\"ReadAction\",\"target\":[\"https:\/\/www.truzzer.com\/no\/produkt\/google-review-qr-code-visittkort-standard-pro\/\"]}]},{\"@type\":\"ImageObject\",\"inLanguage\":\"nb-NO\",\"@id\":\"https:\/\/www.truzzer.com\/no\/produkt\/google-review-qr-code-visittkort-standard-pro\/#primaryimage\",\"url\":\"https:\/\/www.truzzer.com\/wp-content\/uploads\/2026\/02\/Google-Bewertung-QR-Code-VIsitenkarte-Pro-3-empfehlio-2-en.jpg\",\"contentUrl\":\"https:\/\/www.truzzer.com\/wp-content\/uploads\/2026\/02\/Google-Bewertung-QR-Code-VIsitenkarte-Pro-3-empfehlio-2-en.jpg\",\"width\":1024,\"height\":1024},{\"@type\":\"BreadcrumbList\",\"@id\":\"https:\/\/www.truzzer.com\/no\/produkt\/google-review-qr-code-visittkort-standard-pro\/#breadcrumb\",\"itemListElement\":[{\"@type\":\"ListItem\",\"position\":1,\"name\":\"Home\",\"item\":\"https:\/\/www.truzzer.com\/no\/\"},{\"@type\":\"ListItem\",\"position\":2,\"name\":\"Butikk\",\"item\":\"https:\/\/www.truzzer.com\/no\/butikk\/\"},{\"@type\":\"ListItem\",\"position\":3,\"name\":\"Google gjennomgang QR Code Visittkort Standard Pro\"}]},{\"@type\":\"WebSite\",\"@id\":\"https:\/\/www.truzzer.com\/no\/#website\",\"url\":\"https:\/\/www.truzzer.com\/no\/\",\"name\":\"truzzer\",\"description\":\"Experts for customer trust\",\"publisher\":{\"@id\":\"https:\/\/www.truzzer.com\/no\/#organization\"},\"potentialAction\":[{\"@type\":\"SearchAction\",\"target\":{\"@type\":\"EntryPoint\",\"urlTemplate\":\"https:\/\/www.truzzer.com\/no\/?s={search_term_string}\"},\"query-input\":{\"@type\":\"PropertyValueSpecification\",\"valueRequired\":true,\"valueName\":\"search_term_string\"}}],\"inLanguage\":\"nb-NO\"},{\"@type\":\"Organization\",\"@id\":\"https:\/\/www.truzzer.com\/no\/#organization\",\"name\":\"truzzer\",\"url\":\"https:\/\/www.truzzer.com\/no\/\",\"logo\":{\"@type\":\"ImageObject\",\"inLanguage\":\"nb-NO\",\"@id\":\"https:\/\/www.truzzer.com\/no\/#\/schema\/logo\/image\/\",\"url\":\"https:\/\/truzzer.com\/wp-content\/uploads\/2026\/01\/truzzer-logo-black-1.svg\",\"contentUrl\":\"https:\/\/truzzer.com\/wp-content\/uploads\/2026\/01\/truzzer-logo-black-1.svg\",\"width\":938,\"height\":199,\"caption\":\"truzzer\"},\"image\":{\"@id\":\"https:\/\/www.truzzer.com\/no\/#\/schema\/logo\/image\/\"}}]}<\/script>\n<!-- \/ Yoast SEO plugin. -->","yoast_head_json":{"title":"Google Anmeldelse QR Code Visittkort Standard Pro | truzzer","description":"F\u00e5 flere 5-stjerners Google anmeldelser med v\u00e5rt QR-kode visittkort fra truzzer. Bestill n\u00e5 \u2013 klar til bruk!","robots":{"index":"index","follow":"follow","max-snippet":"max-snippet:-1","max-image-preview":"max-image-preview:large","max-video-preview":"max-video-preview:-1"},"canonical":"https:\/\/www.truzzer.com\/no\/produkt\/google-review-qr-code-visittkort-standard-pro\/","og_locale":"nb_NO","og_type":"article","og_title":"Google Anmeldelse QR Code Visittkort Standard Pro | truzzer","og_description":"F\u00e5 flere 5-stjerners Google anmeldelser med v\u00e5rt QR-kode visittkort fra truzzer. Bestill n\u00e5 \u2013 klar til bruk!","og_url":"https:\/\/www.truzzer.com\/no\/produkt\/google-review-qr-code-visittkort-standard-pro\/","og_site_name":"truzzer","article_modified_time":"2026-02-13T10:26:20+00:00","og_image":[{"width":1024,"height":1024,"url":"https:\/\/www.truzzer.com\/wp-content\/uploads\/2026\/02\/Google-Bewertung-QR-Code-VIsitenkarte-Pro-3-empfehlio-2-en.jpg","type":"image\/jpeg"}],"twitter_card":"summary_large_image","twitter_misc":{"Ansl. lesetid":"2 minutter"},"schema":{"@context":"https:\/\/schema.org","@graph":[{"@type":"WebPage","@id":"https:\/\/www.truzzer.com\/no\/produkt\/google-review-qr-code-visittkort-standard-pro\/","url":"https:\/\/www.truzzer.com\/no\/produkt\/google-review-qr-code-visittkort-standard-pro\/","name":"Google Anmeldelse QR Code Visittkort Standard Pro | truzzer","isPartOf":{"@id":"https:\/\/www.truzzer.com\/no\/#website"},"primaryImageOfPage":{"@id":"https:\/\/www.truzzer.com\/no\/produkt\/google-review-qr-code-visittkort-standard-pro\/#primaryimage"},"image":{"@id":"https:\/\/www.truzzer.com\/no\/produkt\/google-review-qr-code-visittkort-standard-pro\/#primaryimage"},"thumbnailUrl":"https:\/\/www.truzzer.com\/wp-content\/uploads\/2026\/02\/Google-Bewertung-QR-Code-VIsitenkarte-Pro-3-empfehlio-2-en.jpg","datePublished":"2026-02-11T10:13:35+00:00","dateModified":"2026-02-13T10:26:20+00:00","description":"F\u00e5 flere 5-stjerners Google anmeldelser med v\u00e5rt QR-kode visittkort fra truzzer. Bestill n\u00e5 \u2013 klar til bruk!","breadcrumb":{"@id":"https:\/\/www.truzzer.com\/no\/produkt\/google-review-qr-code-visittkort-standard-pro\/#breadcrumb"},"inLanguage":"nb-NO","potentialAction":[{"@type":"ReadAction","target":["https:\/\/www.truzzer.com\/no\/produkt\/google-review-qr-code-visittkort-standard-pro\/"]}]},{"@type":"ImageObject","inLanguage":"nb-NO","@id":"https:\/\/www.truzzer.com\/no\/produkt\/google-review-qr-code-visittkort-standard-pro\/#primaryimage","url":"https:\/\/www.truzzer.com\/wp-content\/uploads\/2026\/02\/Google-Bewertung-QR-Code-VIsitenkarte-Pro-3-empfehlio-2-en.jpg","contentUrl":"https:\/\/www.truzzer.com\/wp-content\/uploads\/2026\/02\/Google-Bewertung-QR-Code-VIsitenkarte-Pro-3-empfehlio-2-en.jpg","width":1024,"height":1024},{"@type":"BreadcrumbList","@id":"https:\/\/www.truzzer.com\/no\/produkt\/google-review-qr-code-visittkort-standard-pro\/#breadcrumb","itemListElement":[{"@type":"ListItem","position":1,"name":"Home","item":"https:\/\/www.truzzer.com\/no\/"},{"@type":"ListItem","position":2,"name":"Butikk","item":"https:\/\/www.truzzer.com\/no\/butikk\/"},{"@type":"ListItem","position":3,"name":"Google gjennomgang QR Code Visittkort Standard Pro"}]},{"@type":"WebSite","@id":"https:\/\/www.truzzer.com\/no\/#website","url":"https:\/\/www.truzzer.com\/no\/","name":"truzzer","description":"Experts for customer trust","publisher":{"@id":"https:\/\/www.truzzer.com\/no\/#organization"},"potentialAction":[{"@type":"SearchAction","target":{"@type":"EntryPoint","urlTemplate":"https:\/\/www.truzzer.com\/no\/?s={search_term_string}"},"query-input":{"@type":"PropertyValueSpecification","valueRequired":true,"valueName":"search_term_string"}}],"inLanguage":"nb-NO"},{"@type":"Organization","@id":"https:\/\/www.truzzer.com\/no\/#organization","name":"truzzer","url":"https:\/\/www.truzzer.com\/no\/","logo":{"@type":"ImageObject","inLanguage":"nb-NO","@id":"https:\/\/www.truzzer.com\/no\/#\/schema\/logo\/image\/","url":"https:\/\/truzzer.com\/wp-content\/uploads\/2026\/01\/truzzer-logo-black-1.svg","contentUrl":"https:\/\/truzzer.com\/wp-content\/uploads\/2026\/01\/truzzer-logo-black-1.svg","width":938,"height":199,"caption":"truzzer"},"image":{"@id":"https:\/\/www.truzzer.com\/no\/#\/schema\/logo\/image\/"}}]}},"tiered_pricing_type":"fixed","tiered_pricing_fixed_rules":[],"tiered_pricing_product_settings":{"layout":"default","base_unit_name":{"singular":null,"plural":null},"default_variation":null},"tiered_pricing_minimum_quantity":null,"tiered_pricing_roles_data":[],"tiered_pricing_percentage_rules":[],"tiered_pricing_maximum_quantity":null,"tiered_pricing_quantity_step":null,"_links":{"self":[{"href":"https:\/\/www.truzzer.com\/no\/wp-json\/wp\/v2\/product\/102547","targetHints":{"allow":["GET"]}}],"collection":[{"href":"https:\/\/www.truzzer.com\/no\/wp-json\/wp\/v2\/product"}],"about":[{"href":"https:\/\/www.truzzer.com\/no\/wp-json\/wp\/v2\/types\/product"}],"replies":[{"embeddable":true,"href":"https:\/\/www.truzzer.com\/no\/wp-json\/wp\/v2\/comments?post=102547"}],"wp:featuredmedia":[{"embeddable":true,"href":"https:\/\/www.truzzer.com\/no\/wp-json\/wp\/v2\/media\/102793"}],"wp:attachment":[{"href":"https:\/\/www.truzzer.com\/no\/wp-json\/wp\/v2\/media?parent=102547"}],"wp:term":[{"taxonomy":"product_brand","embeddable":true,"href":"https:\/\/www.truzzer.com\/no\/wp-json\/wp\/v2\/product_brand?post=102547"},{"taxonomy":"product_cat","embeddable":true,"href":"https:\/\/www.truzzer.com\/no\/wp-json\/wp\/v2\/product_cat?post=102547"},{"taxonomy":"product_tag","embeddable":true,"href":"https:\/\/www.truzzer.com\/no\/wp-json\/wp\/v2\/product_tag?post=102547"}],"curies":[{"name":"wp","href":"https:\/\/api.w.org\/{rel}","templated":true}]}}