{"id":92805,"date":"2026-02-05T11:45:15","date_gmt":"2026-02-05T11:45:15","guid":{"rendered":"https:\/\/beta.truzzer.com\/product\/yelp-gjennomga-klistremerkefarge-med-anmeldelse-qr-kode\/"},"modified":"2026-02-13T08:32:05","modified_gmt":"2026-02-13T08:32:05","slug":"yelp-gjennomga-klistremerkefarge-med-anmeldelse-qr-kode","status":"publish","type":"product","link":"https:\/\/www.truzzer.com\/no\/produkt\/yelp-gjennomga-klistremerkefarge-med-anmeldelse-qr-kode\/","title":{"rendered":"Yelp! Gjennomg\u00e5 klistremerkefarge med anmeldelse QR-kode"},"content":{"rendered":"<p>med den Truzzer Yelp! AnmeldelserStickern with QR Code-Link and yourem ownen Logo k\u00f6nnen Sie schnell positive Reviewen von youren zufriedenen Kanden direkt in yourem Business get.<\/p>\n<p>Im praktiske randen Format machen Sie die Yelp! Anmeldelse for youre Kanden greifbar. Platzieren Sie die Sticker gut sichtbar im Kassenbereich, an der Eingangst\u00fcr or \u00fcberall dort, wo youre Kanden die Sticker sehen k\u00f6nnen.<\/p>\n<p>Geeignet for den Innen- og Au\u00dfenbereich<\/p>\n<p>Wetterfest<\/p>\n<p>for jede glatte Oberfl\u00e4che geeignet<\/p>\n<p>for EinzelhandelsBusinesse, T\u00fcren eller als Auto-Yelp-Sticker<\/p>\n<p>Zeigt youren Kanden, that sie Sie auch auf Yelp! funnet k\u00f6nnen<\/p>\n<p>skikk for Sie angefertigt<\/p>\n<p>Sie k\u00f6nnen die Yelp! AnmeldelserKlistremerke med din logo ganz einfach personalisieren og en bedrift anpassen.<\/p>\n<p>Am Beispiel der Google-Sticker kan se hvordan Sticker funksjonerer (identiske funksjoner).<\/p>\n<h3>Schritt 1: Der Kande scannt den QR Code<\/h3>\n<p>Um Ihnen zu folgen, muss der Kande nur den QR Code scan. Da skal du ha kameraet til smarttelefoner (en enkel tilgjengelig skanner-app) er enkelt over produktkvaliteten. <img decoding=\"async\" src=\"https:\/\/www.truzzer.com\/wp-content\/uploads\/2026\/02\/how-to-use-the-product-truzzer-google.jpg.webp\" height=\"933\" width=\"1400\" class=\"alignnone wp-image-22402 size-full\" alt=\"Hand scanning a QR code for Google reviews on a smartphone.\"  > <\/p>\n<p>En pop-up er merket med Bildschirm (iPhone) eller en QR-kode med angezeigt (Android\/Google-Smartphones).<\/p>\n<h3>Schritt 2: Der Kande gelangt direkte zum Google-Reviewsformular<\/h3>\n<p>Das Reviewsformular \u00f6ffnet sich im Browser des Smartphones, and der Kande kan Sie direkte bewerten.<\/p>\n","protected":false},"excerpt":{"rendered":"<p>Die \u201eBewerten Sie uns auf Yelp!\u201c-Sticker helfen Ihnen, faster More Yelp-Reviewen from youren Kanden to get.<\/p>\n<p>Selbstklebend pass sich die \u201eBewerten Sie uns auf Yelp!\u201c-Sticker nahtlos in jedes Unternehmen ein and haften auf jeder glatten Oberfl\u00e4che.<\/p>\n<p>Wir erstellen and verlinken den QR Code for die direkte Review auf yourem Yelp-Profil for Sie!<\/p>\n<p>Diese Informationen entnehmen wir yourer Firmenadresse.<\/p>\n","protected":false},"featured_media":92806,"comment_status":"open","ping_status":"closed","template":"","meta":{"_acf_changed":false,"_yoast_wpseo_focuskw":"Yelp Anmeldelse Klistremerke","_yoast_wpseo_title":"Yelp! Review Klistremerke Color | truzzer","_yoast_wpseo_metadesc":"Samle flere Yelp anmeldelser enkelt med v\u00e5rt QR-kode klistremerke fra truzzer. Bestill n\u00e5 \u2013 klar til bruk!"},"product_brand":[1714],"product_cat":[506,505,508,507],"product_tag":[],"class_list":{"0":"post-92805","1":"product","2":"type-product","3":"status-publish","4":"has-post-thumbnail","6":"product_brand-yelp","7":"product_cat-qr-kode-klistremerker","8":"product_cat-qr-kode-produkter","9":"product_cat-yelp-anmeldelse-klistremerker","10":"product_cat-yelp-anmeldelser","11":"pa_product-type-klistremerke","12":"pa_shape-rond","13":"pa_technology-qr-kode","15":"first","16":"instock","17":"taxable","18":"shipping-taxable","19":"purchasable","20":"product-type-variable","21":"has-default-attributes"},"acf":[],"yoast_head":"<!-- This site is optimized with the Yoast SEO plugin v27.0 - https:\/\/yoast.com\/product\/yoast-seo-wordpress\/ -->\n<title>Yelp! Review Klistremerke Color | truzzer<\/title>\n<meta name=\"description\" content=\"Samle flere Yelp anmeldelser enkelt med v\u00e5rt QR-kode klistremerke fra truzzer. Bestill n\u00e5 \u2013 klar til bruk!\" \/>\n<meta name=\"robots\" content=\"index, follow, max-snippet:-1, max-image-preview:large, max-video-preview:-1\" \/>\n<link rel=\"canonical\" href=\"https:\/\/www.truzzer.com\/no\/produkt\/yelp-gjennomga-klistremerkefarge-med-anmeldelse-qr-kode\/\" \/>\n<meta property=\"og:locale\" content=\"nb_NO\" \/>\n<meta property=\"og:type\" content=\"article\" \/>\n<meta property=\"og:title\" content=\"Yelp! Review Klistremerke Color | truzzer\" \/>\n<meta property=\"og:description\" content=\"Samle flere Yelp anmeldelser enkelt med v\u00e5rt QR-kode klistremerke fra truzzer. Bestill n\u00e5 \u2013 klar til bruk!\" \/>\n<meta property=\"og:url\" content=\"https:\/\/www.truzzer.com\/no\/produkt\/yelp-gjennomga-klistremerkefarge-med-anmeldelse-qr-kode\/\" \/>\n<meta property=\"og:site_name\" content=\"truzzer\" \/>\n<meta property=\"article:modified_time\" content=\"2026-02-13T08:32:05+00:00\" \/>\n<meta property=\"og:image\" content=\"https:\/\/www.truzzer.com\/wp-content\/uploads\/2026\/02\/review-us-on-yelp-sticker-with-review-qr-code-color-truzzer-1-2.jpg\" \/>\n\t<meta property=\"og:image:width\" content=\"1200\" \/>\n\t<meta property=\"og:image:height\" content=\"1200\" \/>\n\t<meta property=\"og:image:type\" content=\"image\/jpeg\" \/>\n<meta name=\"twitter:card\" content=\"summary_large_image\" \/>\n<meta name=\"twitter:label1\" content=\"Ansl. lesetid\" \/>\n\t<meta name=\"twitter:data1\" content=\"1 minutt\" \/>\n<script type=\"application\/ld+json\" class=\"yoast-schema-graph\">{\"@context\":\"https:\/\/schema.org\",\"@graph\":[{\"@type\":\"WebPage\",\"@id\":\"https:\/\/www.truzzer.com\/no\/produkt\/yelp-gjennomga-klistremerkefarge-med-anmeldelse-qr-kode\/\",\"url\":\"https:\/\/www.truzzer.com\/no\/produkt\/yelp-gjennomga-klistremerkefarge-med-anmeldelse-qr-kode\/\",\"name\":\"Yelp! Review Klistremerke Color | truzzer\",\"isPartOf\":{\"@id\":\"https:\/\/www.truzzer.com\/no\/#website\"},\"primaryImageOfPage\":{\"@id\":\"https:\/\/www.truzzer.com\/no\/produkt\/yelp-gjennomga-klistremerkefarge-med-anmeldelse-qr-kode\/#primaryimage\"},\"image\":{\"@id\":\"https:\/\/www.truzzer.com\/no\/produkt\/yelp-gjennomga-klistremerkefarge-med-anmeldelse-qr-kode\/#primaryimage\"},\"thumbnailUrl\":\"https:\/\/www.truzzer.com\/wp-content\/uploads\/2026\/02\/review-us-on-yelp-sticker-with-review-qr-code-color-truzzer-1-2.jpg\",\"datePublished\":\"2026-02-05T11:45:15+00:00\",\"dateModified\":\"2026-02-13T08:32:05+00:00\",\"description\":\"Samle flere Yelp anmeldelser enkelt med v\u00e5rt QR-kode klistremerke fra truzzer. Bestill n\u00e5 \u2013 klar til bruk!\",\"breadcrumb\":{\"@id\":\"https:\/\/www.truzzer.com\/no\/produkt\/yelp-gjennomga-klistremerkefarge-med-anmeldelse-qr-kode\/#breadcrumb\"},\"inLanguage\":\"nb-NO\",\"potentialAction\":[{\"@type\":\"ReadAction\",\"target\":[\"https:\/\/www.truzzer.com\/no\/produkt\/yelp-gjennomga-klistremerkefarge-med-anmeldelse-qr-kode\/\"]}]},{\"@type\":\"ImageObject\",\"inLanguage\":\"nb-NO\",\"@id\":\"https:\/\/www.truzzer.com\/no\/produkt\/yelp-gjennomga-klistremerkefarge-med-anmeldelse-qr-kode\/#primaryimage\",\"url\":\"https:\/\/www.truzzer.com\/wp-content\/uploads\/2026\/02\/review-us-on-yelp-sticker-with-review-qr-code-color-truzzer-1-2.jpg\",\"contentUrl\":\"https:\/\/www.truzzer.com\/wp-content\/uploads\/2026\/02\/review-us-on-yelp-sticker-with-review-qr-code-color-truzzer-1-2.jpg\",\"width\":1200,\"height\":1200},{\"@type\":\"BreadcrumbList\",\"@id\":\"https:\/\/www.truzzer.com\/no\/produkt\/yelp-gjennomga-klistremerkefarge-med-anmeldelse-qr-kode\/#breadcrumb\",\"itemListElement\":[{\"@type\":\"ListItem\",\"position\":1,\"name\":\"Home\",\"item\":\"https:\/\/www.truzzer.com\/no\/\"},{\"@type\":\"ListItem\",\"position\":2,\"name\":\"Butikk\",\"item\":\"https:\/\/www.truzzer.com\/no\/butikk\/\"},{\"@type\":\"ListItem\",\"position\":3,\"name\":\"Yelp! Gjennomg\u00e5 klistremerkefarge med anmeldelse QR-kode\"}]},{\"@type\":\"WebSite\",\"@id\":\"https:\/\/www.truzzer.com\/no\/#website\",\"url\":\"https:\/\/www.truzzer.com\/no\/\",\"name\":\"truzzer\",\"description\":\"Experts for customer trust\",\"publisher\":{\"@id\":\"https:\/\/www.truzzer.com\/no\/#organization\"},\"potentialAction\":[{\"@type\":\"SearchAction\",\"target\":{\"@type\":\"EntryPoint\",\"urlTemplate\":\"https:\/\/www.truzzer.com\/no\/?s={search_term_string}\"},\"query-input\":{\"@type\":\"PropertyValueSpecification\",\"valueRequired\":true,\"valueName\":\"search_term_string\"}}],\"inLanguage\":\"nb-NO\"},{\"@type\":\"Organization\",\"@id\":\"https:\/\/www.truzzer.com\/no\/#organization\",\"name\":\"truzzer\",\"url\":\"https:\/\/www.truzzer.com\/no\/\",\"logo\":{\"@type\":\"ImageObject\",\"inLanguage\":\"nb-NO\",\"@id\":\"https:\/\/www.truzzer.com\/no\/#\/schema\/logo\/image\/\",\"url\":\"https:\/\/truzzer.com\/wp-content\/uploads\/2026\/01\/truzzer-logo-black-1.svg\",\"contentUrl\":\"https:\/\/truzzer.com\/wp-content\/uploads\/2026\/01\/truzzer-logo-black-1.svg\",\"width\":938,\"height\":199,\"caption\":\"truzzer\"},\"image\":{\"@id\":\"https:\/\/www.truzzer.com\/no\/#\/schema\/logo\/image\/\"}}]}<\/script>\n<!-- \/ Yoast SEO plugin. -->","yoast_head_json":{"title":"Yelp! Review Klistremerke Color | truzzer","description":"Samle flere Yelp anmeldelser enkelt med v\u00e5rt QR-kode klistremerke fra truzzer. Bestill n\u00e5 \u2013 klar til bruk!","robots":{"index":"index","follow":"follow","max-snippet":"max-snippet:-1","max-image-preview":"max-image-preview:large","max-video-preview":"max-video-preview:-1"},"canonical":"https:\/\/www.truzzer.com\/no\/produkt\/yelp-gjennomga-klistremerkefarge-med-anmeldelse-qr-kode\/","og_locale":"nb_NO","og_type":"article","og_title":"Yelp! Review Klistremerke Color | truzzer","og_description":"Samle flere Yelp anmeldelser enkelt med v\u00e5rt QR-kode klistremerke fra truzzer. Bestill n\u00e5 \u2013 klar til bruk!","og_url":"https:\/\/www.truzzer.com\/no\/produkt\/yelp-gjennomga-klistremerkefarge-med-anmeldelse-qr-kode\/","og_site_name":"truzzer","article_modified_time":"2026-02-13T08:32:05+00:00","og_image":[{"width":1200,"height":1200,"url":"https:\/\/www.truzzer.com\/wp-content\/uploads\/2026\/02\/review-us-on-yelp-sticker-with-review-qr-code-color-truzzer-1-2.jpg","type":"image\/jpeg"}],"twitter_card":"summary_large_image","twitter_misc":{"Ansl. lesetid":"1 minutt"},"schema":{"@context":"https:\/\/schema.org","@graph":[{"@type":"WebPage","@id":"https:\/\/www.truzzer.com\/no\/produkt\/yelp-gjennomga-klistremerkefarge-med-anmeldelse-qr-kode\/","url":"https:\/\/www.truzzer.com\/no\/produkt\/yelp-gjennomga-klistremerkefarge-med-anmeldelse-qr-kode\/","name":"Yelp! Review Klistremerke Color | truzzer","isPartOf":{"@id":"https:\/\/www.truzzer.com\/no\/#website"},"primaryImageOfPage":{"@id":"https:\/\/www.truzzer.com\/no\/produkt\/yelp-gjennomga-klistremerkefarge-med-anmeldelse-qr-kode\/#primaryimage"},"image":{"@id":"https:\/\/www.truzzer.com\/no\/produkt\/yelp-gjennomga-klistremerkefarge-med-anmeldelse-qr-kode\/#primaryimage"},"thumbnailUrl":"https:\/\/www.truzzer.com\/wp-content\/uploads\/2026\/02\/review-us-on-yelp-sticker-with-review-qr-code-color-truzzer-1-2.jpg","datePublished":"2026-02-05T11:45:15+00:00","dateModified":"2026-02-13T08:32:05+00:00","description":"Samle flere Yelp anmeldelser enkelt med v\u00e5rt QR-kode klistremerke fra truzzer. Bestill n\u00e5 \u2013 klar til bruk!","breadcrumb":{"@id":"https:\/\/www.truzzer.com\/no\/produkt\/yelp-gjennomga-klistremerkefarge-med-anmeldelse-qr-kode\/#breadcrumb"},"inLanguage":"nb-NO","potentialAction":[{"@type":"ReadAction","target":["https:\/\/www.truzzer.com\/no\/produkt\/yelp-gjennomga-klistremerkefarge-med-anmeldelse-qr-kode\/"]}]},{"@type":"ImageObject","inLanguage":"nb-NO","@id":"https:\/\/www.truzzer.com\/no\/produkt\/yelp-gjennomga-klistremerkefarge-med-anmeldelse-qr-kode\/#primaryimage","url":"https:\/\/www.truzzer.com\/wp-content\/uploads\/2026\/02\/review-us-on-yelp-sticker-with-review-qr-code-color-truzzer-1-2.jpg","contentUrl":"https:\/\/www.truzzer.com\/wp-content\/uploads\/2026\/02\/review-us-on-yelp-sticker-with-review-qr-code-color-truzzer-1-2.jpg","width":1200,"height":1200},{"@type":"BreadcrumbList","@id":"https:\/\/www.truzzer.com\/no\/produkt\/yelp-gjennomga-klistremerkefarge-med-anmeldelse-qr-kode\/#breadcrumb","itemListElement":[{"@type":"ListItem","position":1,"name":"Home","item":"https:\/\/www.truzzer.com\/no\/"},{"@type":"ListItem","position":2,"name":"Butikk","item":"https:\/\/www.truzzer.com\/no\/butikk\/"},{"@type":"ListItem","position":3,"name":"Yelp! Gjennomg\u00e5 klistremerkefarge med anmeldelse QR-kode"}]},{"@type":"WebSite","@id":"https:\/\/www.truzzer.com\/no\/#website","url":"https:\/\/www.truzzer.com\/no\/","name":"truzzer","description":"Experts for customer trust","publisher":{"@id":"https:\/\/www.truzzer.com\/no\/#organization"},"potentialAction":[{"@type":"SearchAction","target":{"@type":"EntryPoint","urlTemplate":"https:\/\/www.truzzer.com\/no\/?s={search_term_string}"},"query-input":{"@type":"PropertyValueSpecification","valueRequired":true,"valueName":"search_term_string"}}],"inLanguage":"nb-NO"},{"@type":"Organization","@id":"https:\/\/www.truzzer.com\/no\/#organization","name":"truzzer","url":"https:\/\/www.truzzer.com\/no\/","logo":{"@type":"ImageObject","inLanguage":"nb-NO","@id":"https:\/\/www.truzzer.com\/no\/#\/schema\/logo\/image\/","url":"https:\/\/truzzer.com\/wp-content\/uploads\/2026\/01\/truzzer-logo-black-1.svg","contentUrl":"https:\/\/truzzer.com\/wp-content\/uploads\/2026\/01\/truzzer-logo-black-1.svg","width":938,"height":199,"caption":"truzzer"},"image":{"@id":"https:\/\/www.truzzer.com\/no\/#\/schema\/logo\/image\/"}}]}},"tiered_pricing_type":"fixed","tiered_pricing_fixed_rules":[],"tiered_pricing_product_settings":{"layout":"default","base_unit_name":{"singular":null,"plural":null},"default_variation":null},"tiered_pricing_minimum_quantity":null,"tiered_pricing_roles_data":[],"tiered_pricing_percentage_rules":[],"tiered_pricing_maximum_quantity":null,"tiered_pricing_quantity_step":null,"_links":{"self":[{"href":"https:\/\/www.truzzer.com\/no\/wp-json\/wp\/v2\/product\/92805","targetHints":{"allow":["GET"]}}],"collection":[{"href":"https:\/\/www.truzzer.com\/no\/wp-json\/wp\/v2\/product"}],"about":[{"href":"https:\/\/www.truzzer.com\/no\/wp-json\/wp\/v2\/types\/product"}],"replies":[{"embeddable":true,"href":"https:\/\/www.truzzer.com\/no\/wp-json\/wp\/v2\/comments?post=92805"}],"wp:featuredmedia":[{"embeddable":true,"href":"https:\/\/www.truzzer.com\/no\/wp-json\/wp\/v2\/media\/92806"}],"wp:attachment":[{"href":"https:\/\/www.truzzer.com\/no\/wp-json\/wp\/v2\/media?parent=92805"}],"wp:term":[{"taxonomy":"product_brand","embeddable":true,"href":"https:\/\/www.truzzer.com\/no\/wp-json\/wp\/v2\/product_brand?post=92805"},{"taxonomy":"product_cat","embeddable":true,"href":"https:\/\/www.truzzer.com\/no\/wp-json\/wp\/v2\/product_cat?post=92805"},{"taxonomy":"product_tag","embeddable":true,"href":"https:\/\/www.truzzer.com\/no\/wp-json\/wp\/v2\/product_tag?post=92805"}],"curies":[{"name":"wp","href":"https:\/\/api.w.org\/{rel}","templated":true}]}}