{"id":92857,"date":"2026-02-05T11:44:55","date_gmt":"2026-02-05T11:44:55","guid":{"rendered":"https:\/\/beta.truzzer.com\/product\/yelp-anmeld-visittkortrengjoring-med-yelp-anmeldelses-qr-kode\/"},"modified":"2026-02-13T08:34:01","modified_gmt":"2026-02-13T08:34:01","slug":"yelp-anmeld-visittkortrengjoring-med-yelp-anmeldelses-qr-kode","status":"publish","type":"product","link":"https:\/\/www.truzzer.com\/no\/produkt\/yelp-anmeld-visittkortrengjoring-med-yelp-anmeldelses-qr-kode\/","title":{"rendered":"Yelp! Anmeld visittkortrengj\u00f8ring med Yelp-anmeldelses QR-kode"},"content":{"rendered":"<h2>get Sie ganz einfach More Yelp-Reviewen von Kanden<\/h2>\n<p>med den truzzer Yelp! Visittkort &laquo;Clean&raquo; k\u00f6nnen Sie schneller positive Reviewen av youren zufriedenen Kanden get and your Image sowie youre Reputation boost.<\/p>\n<p>Forsterk deg gjennom positiv vurdering av Bindung zu yourem Unternehmen og verbesser SEO-rankingen din.<\/p>\n<p>Jeg har praktiske visittkortformater som har blitt kjent med M\u00f6glichkeit, mer Yelp-anmeldelse til \u00e5 f\u00e5 og d\u00f8 p\u00e5 nett-anmeldelse for din Kanden zug\u00e4nglich zu machen.<\/p>\n<p>Geben Sie die truzzer Yelp Visittkort an du er Kanden, legen Sie sie in die Einkaufstasche, send Sie sie with youren Produkten eller platzieren Sie sie auf den Tischen im Restaurant. Fertig.<\/p>\n<p>Der QR Code f\u00fchrt youre Kanden direkt zu yourer Yelp-Review, OHNE that sie your Unternehmen zuerst suchen m\u00fcssen. S\u00e5 verhindern Sie Abspr\u00fcnge bei der Yelp-Review.<\/p>\n<p>Sie du kan bruke Yelp-Visittkort er enkelt med din logo personlig og din bedrift anpassen.<\/p>\n<p>Den &laquo;Bewerten Sie uns auf Yelp&raquo;-Produktene er enkle \u00e5 bruke, som er tilgjengelige p\u00e5 Google-ReviewsSticker.<\/p>\n<p>&nbsp;<\/p>\n<p>&nbsp;<\/p>\n<h3>Schritt 1: Der Kande scannt den QR Code<\/h3>\n<p>Um Ihnen zu folgen, muss der Kande nur den QR-kodeskanning. Da m\u00e5 du bruke smarttelefonkameraet (enkelt tilgjengelig skannerapp) som er enkelt over produktkvaliteten.<\/p>\n<p><img decoding=\"async\" src=\"https:\/\/www.truzzer.com\/wp-content\/uploads\/2026\/02\/how-to-use-the-product-truzzer-google.jpg.webp\" height=\"933\" width=\"1400\" class=\"alignnone wp-image-22402 size-full\" alt=\"Hand scanning a QR code for Google reviews on a smartphone.\"  > <\/p>\n<p>Ein Popup erscheint dann auf dem Bildschirm (iPhone) eller ein QR Code wird angezeigt (Android\/Google-Smartphones).<\/p>\n<h3>Schritt 2: Der Kande gelangt direkte zum Google-Reviewsformular<\/h3>\n<p>Das Reviewsformular \u00f6ffnet sich im Browser des Smartphones, and der Kande kan Sie direkte bewerten.<\/p>\n<p>Tips:<\/p>\n<p>Bitte beachten Sie, that a Google My Business-Profil erforderlich ist, um Google-Reviewen to get.<\/p>\n<p>&nbsp;<\/p>\n","protected":false},"excerpt":{"rendered":"<p>Machen Sie es youren Kanden leicht, Sie auf Yelp zu bewerten!<\/p>\n<p>med Yelp-Visittkort \u201eClean\u201c med Yelp-Reviews-QR-kode i enkelt reduzierten og ansprechenden design, das zu jedem Unternehmen passt, k\u00f6nnen Sie m\u00fchelos neue Yelp-Reviewen \u00fcberall gewinnen.<\/p>\n<p>Im handlichen visittkortformat som \u201eBewerten Sie uns auf Yelp\u201c &#8211; Visittkort som er ideelle for jedermann og jedes Unternehmen.<\/p>\n<p>S\u00e5 helfen Ihnen die Yelp-anmeldelser-visitkort<\/p>\n<p>Die visittkort beseitigen die gr\u00f6\u00dften H\u00fcrden for youre Kanden bei der Yelp-Review:<\/p>\n<ul>\n<li>Keine unangenehmen Fragen og Bitten \u2013 einfach \u00fcberreichen. Der Call-to-Action \u00fcbernimmt das for Sie.<\/li>\n<li>Reviewen were nicht vergessen, da die Kanden and die Yelp-Review erinnert were.<\/li>\n<li>Kein Suchen og keine Schwierigkeiten: Der QR Code f\u00fchrt direkt zu yourem Reviewsformular.<\/li>\n<li>Greifbar: Die visittkort machen die Yelp-Review greifbar.<\/li>\n<li>Keine zus\u00e4tzliche App: QR-koden kan enkelt brukes med smarttelefonkameraet.<\/li>\n<\/ul>\n<p>Wir erstellen and verlinken den QR Code for die direkte Review auf yourem Yelp-Profil! Diese Informationen entnehmen wir yourer Firmenadresse.<\/p>\n<p>Bitte f\u00fcgen Sie logoen din over opplastingsfunksjonen hinzu og gi deg kontaktinformasjonen, som auf der visittkort erscheinen sollen.<\/p>\n","protected":false},"featured_media":92858,"comment_status":"open","ping_status":"closed","template":"","meta":{"_acf_changed":false,"_yoast_wpseo_focuskw":"Yelp Anmeldelse Visittkort","_yoast_wpseo_title":"Yelp! Review Visittkort Clean | truzzer","_yoast_wpseo_metadesc":"Samle flere Yelp anmeldelser enkelt med v\u00e5rt QR-kode visittkort fra truzzer. Bestill n\u00e5 \u2013 klar til bruk!"},"product_brand":[1714],"product_cat":[505,604,605,569,507],"product_tag":[],"class_list":{"0":"post-92857","1":"product","2":"type-product","3":"status-publish","4":"has-post-thumbnail","6":"product_brand-yelp","7":"product_cat-qr-kode-produkter","8":"product_cat-qr-kode-visittkort","9":"product_cat-qr-kode-visittkort-med-kontaktinformasjon","10":"product_cat-yelp-anmeldelse-visittkort","11":"product_cat-yelp-anmeldelser","12":"pa_product-type-visitekaartjes","13":"pa_technology-qr-kode","15":"first","16":"instock","17":"taxable","18":"shipping-taxable","19":"purchasable","20":"product-type-simple"},"acf":[],"yoast_head":"<!-- This site is optimized with the Yoast SEO plugin v27.0 - https:\/\/yoast.com\/product\/yoast-seo-wordpress\/ -->\n<title>Yelp! Review Visittkort Clean | truzzer<\/title>\n<meta name=\"description\" content=\"Samle flere Yelp anmeldelser enkelt med v\u00e5rt QR-kode visittkort fra truzzer. Bestill n\u00e5 \u2013 klar til bruk!\" \/>\n<meta name=\"robots\" content=\"index, follow, max-snippet:-1, max-image-preview:large, max-video-preview:-1\" \/>\n<link rel=\"canonical\" href=\"https:\/\/www.truzzer.com\/no\/produkt\/yelp-anmeld-visittkortrengjoring-med-yelp-anmeldelses-qr-kode\/\" \/>\n<meta property=\"og:locale\" content=\"nb_NO\" \/>\n<meta property=\"og:type\" content=\"article\" \/>\n<meta property=\"og:title\" content=\"Yelp! Review Visittkort Clean | truzzer\" \/>\n<meta property=\"og:description\" content=\"Samle flere Yelp anmeldelser enkelt med v\u00e5rt QR-kode visittkort fra truzzer. Bestill n\u00e5 \u2013 klar til bruk!\" \/>\n<meta property=\"og:url\" content=\"https:\/\/www.truzzer.com\/no\/produkt\/yelp-anmeld-visittkortrengjoring-med-yelp-anmeldelses-qr-kode\/\" \/>\n<meta property=\"og:site_name\" content=\"truzzer\" \/>\n<meta property=\"article:modified_time\" content=\"2026-02-13T08:34:01+00:00\" \/>\n<meta property=\"og:image\" content=\"https:\/\/www.truzzer.com\/wp-content\/uploads\/2026\/02\/review-us-on-yelp-business-card-clean-with-review-qr-code-color-truzzer-2-2.jpg\" \/>\n\t<meta property=\"og:image:width\" content=\"1200\" \/>\n\t<meta property=\"og:image:height\" content=\"1200\" \/>\n\t<meta property=\"og:image:type\" content=\"image\/jpeg\" \/>\n<meta name=\"twitter:card\" content=\"summary_large_image\" \/>\n<meta name=\"twitter:label1\" content=\"Ansl. lesetid\" \/>\n\t<meta name=\"twitter:data1\" content=\"1 minutt\" \/>\n<script type=\"application\/ld+json\" class=\"yoast-schema-graph\">{\"@context\":\"https:\/\/schema.org\",\"@graph\":[{\"@type\":\"WebPage\",\"@id\":\"https:\/\/www.truzzer.com\/no\/produkt\/yelp-anmeld-visittkortrengjoring-med-yelp-anmeldelses-qr-kode\/\",\"url\":\"https:\/\/www.truzzer.com\/no\/produkt\/yelp-anmeld-visittkortrengjoring-med-yelp-anmeldelses-qr-kode\/\",\"name\":\"Yelp! Review Visittkort Clean | truzzer\",\"isPartOf\":{\"@id\":\"https:\/\/www.truzzer.com\/no\/#website\"},\"primaryImageOfPage\":{\"@id\":\"https:\/\/www.truzzer.com\/no\/produkt\/yelp-anmeld-visittkortrengjoring-med-yelp-anmeldelses-qr-kode\/#primaryimage\"},\"image\":{\"@id\":\"https:\/\/www.truzzer.com\/no\/produkt\/yelp-anmeld-visittkortrengjoring-med-yelp-anmeldelses-qr-kode\/#primaryimage\"},\"thumbnailUrl\":\"https:\/\/www.truzzer.com\/wp-content\/uploads\/2026\/02\/review-us-on-yelp-business-card-clean-with-review-qr-code-color-truzzer-2-2.jpg\",\"datePublished\":\"2026-02-05T11:44:55+00:00\",\"dateModified\":\"2026-02-13T08:34:01+00:00\",\"description\":\"Samle flere Yelp anmeldelser enkelt med v\u00e5rt QR-kode visittkort fra truzzer. Bestill n\u00e5 \u2013 klar til bruk!\",\"breadcrumb\":{\"@id\":\"https:\/\/www.truzzer.com\/no\/produkt\/yelp-anmeld-visittkortrengjoring-med-yelp-anmeldelses-qr-kode\/#breadcrumb\"},\"inLanguage\":\"nb-NO\",\"potentialAction\":[{\"@type\":\"ReadAction\",\"target\":[\"https:\/\/www.truzzer.com\/no\/produkt\/yelp-anmeld-visittkortrengjoring-med-yelp-anmeldelses-qr-kode\/\"]}]},{\"@type\":\"ImageObject\",\"inLanguage\":\"nb-NO\",\"@id\":\"https:\/\/www.truzzer.com\/no\/produkt\/yelp-anmeld-visittkortrengjoring-med-yelp-anmeldelses-qr-kode\/#primaryimage\",\"url\":\"https:\/\/www.truzzer.com\/wp-content\/uploads\/2026\/02\/review-us-on-yelp-business-card-clean-with-review-qr-code-color-truzzer-2-2.jpg\",\"contentUrl\":\"https:\/\/www.truzzer.com\/wp-content\/uploads\/2026\/02\/review-us-on-yelp-business-card-clean-with-review-qr-code-color-truzzer-2-2.jpg\",\"width\":1200,\"height\":1200},{\"@type\":\"BreadcrumbList\",\"@id\":\"https:\/\/www.truzzer.com\/no\/produkt\/yelp-anmeld-visittkortrengjoring-med-yelp-anmeldelses-qr-kode\/#breadcrumb\",\"itemListElement\":[{\"@type\":\"ListItem\",\"position\":1,\"name\":\"Home\",\"item\":\"https:\/\/www.truzzer.com\/no\/\"},{\"@type\":\"ListItem\",\"position\":2,\"name\":\"Butikk\",\"item\":\"https:\/\/www.truzzer.com\/no\/butikk\/\"},{\"@type\":\"ListItem\",\"position\":3,\"name\":\"Yelp! Anmeld visittkortrengj\u00f8ring med Yelp-anmeldelses QR-kode\"}]},{\"@type\":\"WebSite\",\"@id\":\"https:\/\/www.truzzer.com\/no\/#website\",\"url\":\"https:\/\/www.truzzer.com\/no\/\",\"name\":\"truzzer\",\"description\":\"Experts for customer trust\",\"publisher\":{\"@id\":\"https:\/\/www.truzzer.com\/no\/#organization\"},\"potentialAction\":[{\"@type\":\"SearchAction\",\"target\":{\"@type\":\"EntryPoint\",\"urlTemplate\":\"https:\/\/www.truzzer.com\/no\/?s={search_term_string}\"},\"query-input\":{\"@type\":\"PropertyValueSpecification\",\"valueRequired\":true,\"valueName\":\"search_term_string\"}}],\"inLanguage\":\"nb-NO\"},{\"@type\":\"Organization\",\"@id\":\"https:\/\/www.truzzer.com\/no\/#organization\",\"name\":\"truzzer\",\"url\":\"https:\/\/www.truzzer.com\/no\/\",\"logo\":{\"@type\":\"ImageObject\",\"inLanguage\":\"nb-NO\",\"@id\":\"https:\/\/www.truzzer.com\/no\/#\/schema\/logo\/image\/\",\"url\":\"https:\/\/truzzer.com\/wp-content\/uploads\/2026\/01\/truzzer-logo-black-1.svg\",\"contentUrl\":\"https:\/\/truzzer.com\/wp-content\/uploads\/2026\/01\/truzzer-logo-black-1.svg\",\"width\":938,\"height\":199,\"caption\":\"truzzer\"},\"image\":{\"@id\":\"https:\/\/www.truzzer.com\/no\/#\/schema\/logo\/image\/\"}}]}<\/script>\n<!-- \/ Yoast SEO plugin. -->","yoast_head_json":{"title":"Yelp! Review Visittkort Clean | truzzer","description":"Samle flere Yelp anmeldelser enkelt med v\u00e5rt QR-kode visittkort fra truzzer. Bestill n\u00e5 \u2013 klar til bruk!","robots":{"index":"index","follow":"follow","max-snippet":"max-snippet:-1","max-image-preview":"max-image-preview:large","max-video-preview":"max-video-preview:-1"},"canonical":"https:\/\/www.truzzer.com\/no\/produkt\/yelp-anmeld-visittkortrengjoring-med-yelp-anmeldelses-qr-kode\/","og_locale":"nb_NO","og_type":"article","og_title":"Yelp! Review Visittkort Clean | truzzer","og_description":"Samle flere Yelp anmeldelser enkelt med v\u00e5rt QR-kode visittkort fra truzzer. Bestill n\u00e5 \u2013 klar til bruk!","og_url":"https:\/\/www.truzzer.com\/no\/produkt\/yelp-anmeld-visittkortrengjoring-med-yelp-anmeldelses-qr-kode\/","og_site_name":"truzzer","article_modified_time":"2026-02-13T08:34:01+00:00","og_image":[{"width":1200,"height":1200,"url":"https:\/\/www.truzzer.com\/wp-content\/uploads\/2026\/02\/review-us-on-yelp-business-card-clean-with-review-qr-code-color-truzzer-2-2.jpg","type":"image\/jpeg"}],"twitter_card":"summary_large_image","twitter_misc":{"Ansl. lesetid":"1 minutt"},"schema":{"@context":"https:\/\/schema.org","@graph":[{"@type":"WebPage","@id":"https:\/\/www.truzzer.com\/no\/produkt\/yelp-anmeld-visittkortrengjoring-med-yelp-anmeldelses-qr-kode\/","url":"https:\/\/www.truzzer.com\/no\/produkt\/yelp-anmeld-visittkortrengjoring-med-yelp-anmeldelses-qr-kode\/","name":"Yelp! Review Visittkort Clean | truzzer","isPartOf":{"@id":"https:\/\/www.truzzer.com\/no\/#website"},"primaryImageOfPage":{"@id":"https:\/\/www.truzzer.com\/no\/produkt\/yelp-anmeld-visittkortrengjoring-med-yelp-anmeldelses-qr-kode\/#primaryimage"},"image":{"@id":"https:\/\/www.truzzer.com\/no\/produkt\/yelp-anmeld-visittkortrengjoring-med-yelp-anmeldelses-qr-kode\/#primaryimage"},"thumbnailUrl":"https:\/\/www.truzzer.com\/wp-content\/uploads\/2026\/02\/review-us-on-yelp-business-card-clean-with-review-qr-code-color-truzzer-2-2.jpg","datePublished":"2026-02-05T11:44:55+00:00","dateModified":"2026-02-13T08:34:01+00:00","description":"Samle flere Yelp anmeldelser enkelt med v\u00e5rt QR-kode visittkort fra truzzer. Bestill n\u00e5 \u2013 klar til bruk!","breadcrumb":{"@id":"https:\/\/www.truzzer.com\/no\/produkt\/yelp-anmeld-visittkortrengjoring-med-yelp-anmeldelses-qr-kode\/#breadcrumb"},"inLanguage":"nb-NO","potentialAction":[{"@type":"ReadAction","target":["https:\/\/www.truzzer.com\/no\/produkt\/yelp-anmeld-visittkortrengjoring-med-yelp-anmeldelses-qr-kode\/"]}]},{"@type":"ImageObject","inLanguage":"nb-NO","@id":"https:\/\/www.truzzer.com\/no\/produkt\/yelp-anmeld-visittkortrengjoring-med-yelp-anmeldelses-qr-kode\/#primaryimage","url":"https:\/\/www.truzzer.com\/wp-content\/uploads\/2026\/02\/review-us-on-yelp-business-card-clean-with-review-qr-code-color-truzzer-2-2.jpg","contentUrl":"https:\/\/www.truzzer.com\/wp-content\/uploads\/2026\/02\/review-us-on-yelp-business-card-clean-with-review-qr-code-color-truzzer-2-2.jpg","width":1200,"height":1200},{"@type":"BreadcrumbList","@id":"https:\/\/www.truzzer.com\/no\/produkt\/yelp-anmeld-visittkortrengjoring-med-yelp-anmeldelses-qr-kode\/#breadcrumb","itemListElement":[{"@type":"ListItem","position":1,"name":"Home","item":"https:\/\/www.truzzer.com\/no\/"},{"@type":"ListItem","position":2,"name":"Butikk","item":"https:\/\/www.truzzer.com\/no\/butikk\/"},{"@type":"ListItem","position":3,"name":"Yelp! Anmeld visittkortrengj\u00f8ring med Yelp-anmeldelses QR-kode"}]},{"@type":"WebSite","@id":"https:\/\/www.truzzer.com\/no\/#website","url":"https:\/\/www.truzzer.com\/no\/","name":"truzzer","description":"Experts for customer trust","publisher":{"@id":"https:\/\/www.truzzer.com\/no\/#organization"},"potentialAction":[{"@type":"SearchAction","target":{"@type":"EntryPoint","urlTemplate":"https:\/\/www.truzzer.com\/no\/?s={search_term_string}"},"query-input":{"@type":"PropertyValueSpecification","valueRequired":true,"valueName":"search_term_string"}}],"inLanguage":"nb-NO"},{"@type":"Organization","@id":"https:\/\/www.truzzer.com\/no\/#organization","name":"truzzer","url":"https:\/\/www.truzzer.com\/no\/","logo":{"@type":"ImageObject","inLanguage":"nb-NO","@id":"https:\/\/www.truzzer.com\/no\/#\/schema\/logo\/image\/","url":"https:\/\/truzzer.com\/wp-content\/uploads\/2026\/01\/truzzer-logo-black-1.svg","contentUrl":"https:\/\/truzzer.com\/wp-content\/uploads\/2026\/01\/truzzer-logo-black-1.svg","width":938,"height":199,"caption":"truzzer"},"image":{"@id":"https:\/\/www.truzzer.com\/no\/#\/schema\/logo\/image\/"}}]}},"tiered_pricing_type":"fixed","tiered_pricing_fixed_rules":[],"tiered_pricing_product_settings":{"layout":"default","base_unit_name":{"singular":null,"plural":null},"default_variation":null},"tiered_pricing_minimum_quantity":null,"tiered_pricing_roles_data":[],"tiered_pricing_percentage_rules":[],"tiered_pricing_maximum_quantity":null,"tiered_pricing_quantity_step":null,"_links":{"self":[{"href":"https:\/\/www.truzzer.com\/no\/wp-json\/wp\/v2\/product\/92857","targetHints":{"allow":["GET"]}}],"collection":[{"href":"https:\/\/www.truzzer.com\/no\/wp-json\/wp\/v2\/product"}],"about":[{"href":"https:\/\/www.truzzer.com\/no\/wp-json\/wp\/v2\/types\/product"}],"replies":[{"embeddable":true,"href":"https:\/\/www.truzzer.com\/no\/wp-json\/wp\/v2\/comments?post=92857"}],"wp:featuredmedia":[{"embeddable":true,"href":"https:\/\/www.truzzer.com\/no\/wp-json\/wp\/v2\/media\/92858"}],"wp:attachment":[{"href":"https:\/\/www.truzzer.com\/no\/wp-json\/wp\/v2\/media?parent=92857"}],"wp:term":[{"taxonomy":"product_brand","embeddable":true,"href":"https:\/\/www.truzzer.com\/no\/wp-json\/wp\/v2\/product_brand?post=92857"},{"taxonomy":"product_cat","embeddable":true,"href":"https:\/\/www.truzzer.com\/no\/wp-json\/wp\/v2\/product_cat?post=92857"},{"taxonomy":"product_tag","embeddable":true,"href":"https:\/\/www.truzzer.com\/no\/wp-json\/wp\/v2\/product_tag?post=92857"}],"curies":[{"name":"wp","href":"https:\/\/api.w.org\/{rel}","templated":true}]}}