{"id":93219,"date":"2026-02-01T20:11:22","date_gmt":"2026-02-01T20:11:22","guid":{"rendered":"https:\/\/beta.truzzer.com\/product\/google-review-avtalekort-med-google-anmeldelses-qr-kode\/"},"modified":"2026-02-13T09:53:01","modified_gmt":"2026-02-13T09:53:01","slug":"google-review-avtalekort-med-google-anmeldelses-qr-kode","status":"publish","type":"product","link":"https:\/\/www.truzzer.com\/no\/produkt\/google-review-avtalekort-med-google-anmeldelses-qr-kode\/","title":{"rendered":"Google Review-avtalekort med Google-anmeldelses-QR-kode"},"content":{"rendered":"<h2>Bare f\u00e5 flere Google-anmeldelser fra kunder<\/h2>\n<p>Med truzzer Google-avtalekort med google review QR-kode kan du f\u00e5 positive anmeldelser fra forn\u00f8yde kunder raskere og forbedre omd\u00f8mmet ditt.<br \/>\nI tillegg \u00f8ker du b\u00e5ndet til bedriften din og SEO-rangeringen din gjennom de positive vurderingene.<\/p>\n<p>I det praktiske visittkortformatet har du alltid muligheten til \u00e5 f\u00e5 flere Google-anmeldelser for h\u00e5nden og gj\u00f8re onlineanmeldelsen gjennom google tilgjengelig for kundene dine n\u00e5r som helst.<br \/>\nGi kundene dine Google visittkort, legg dem i handleposen, send dem sammen med produktene dine eller legg dem p\u00e5 bordene i restauranten. Ferdig.<\/p>\n<p>QR-koden tar kundene direkte til Google-anmeldelsen din UTEN \u00e5 m\u00e5tte s\u00f8ke etter deg p\u00e5 Google f\u00f8rst. Slik forhindrer du hopp i Google-gjennomgangsprosessen.<\/p>\n<p>Du kan enkelt tilpasse Google visittkort med logoen din og tilpasse dem til bedriften din.<\/p>\n<h2>Mer informasjon<\/h2>\n<p>\u00c5 drive en vellykket tjenestebasert virksomhet kan v\u00e6re en utfordrende oppgave. For virksomheter som tilbyr tjenester kun etter avtale, som fris\u00f8rer, biltjenester og massasjeterapeuter, kan det v\u00e6re vanskelig \u00e5 tiltrekke seg nye kunder og beholde eksisterende. En m\u00e5te \u00e5 skille seg ut fra konkurrentene og \u00f8ke den totale suksessen er ved \u00e5 bruke Truzzer-avtalekort med Google-anmeldelses-QR-kodekort.<\/p>\n<p>Truzzer-avtalekort med Google-anmeldelse QR-kodekort er et markedsf\u00f8ringsverkt\u00f8y som lar bedrifter gj\u00f8re det enkelt for kunder \u00e5 legge igjen en anmeldelse av opplevelsen deres. Disse kortene inneholder en QR-kode som, n\u00e5r den skannes, tar kunden direkte til bedriftens Google-anmeldelserside. Derfra kan kunden legge igjen en anmeldelse og gi verdifull tilbakemelding p\u00e5 opplevelsen.<\/p>\n<p>S\u00e5, hvordan kan Truzzer-avtalekort med Google-anmeldelse av QR-kodekort \u00f8ke den generelle suksessen til tjenestebaserte virksomheter? For det f\u00f8rste er anmeldelser en viktig del av beslutningsprosessen for mange kunder. Faktisk fant en fersk unders\u00f8kelse at 91 % av forbrukerne leser anmeldelser p\u00e5 nettet f\u00f8r de tar en kj\u00f8psbeslutning. Ved \u00e5 gj\u00f8re det enkelt for kunder \u00e5 legge igjen en anmeldelse, kan tjenestebaserte virksomheter \u00f8ke sin tilstedev\u00e6relse p\u00e5 nettet og bygge tillit hos potensielle kunder.<\/p>\n<p>I tillegg kan anmeldelser ha en direkte innvirkning p\u00e5 bedriftens s\u00f8kemotorrangeringer. Google er et popul\u00e6rt anmeldelsesnettsted, og s\u00f8kemotorer tar hensyn til antallet og kvaliteten p\u00e5 anmeldelser en bedrift har n\u00e5r de bestemmer s\u00f8kemotorrangeringen. Ved \u00e5 oppmuntre kunder til \u00e5 legge igjen anmeldelser ved \u00e5 bruke Truzzer-avtalekort med Google-anmeldelse QR-kodekort, kan bedrifter forbedre sin online synlighet og tiltrekke seg flere kunder.<\/p>\n<p>Truzzer-avtalekort med QR-kodekort for Google-anmeldelser gir ogs\u00e5 bedrifter verdifull tilbakemelding om tjenestene deres. Ved \u00e5 overv\u00e5ke anmeldelser kan bedrifter identifisere omr\u00e5der der de utmerker seg og omr\u00e5der der de trenger \u00e5 forbedre seg. Denne tilbakemeldingen kan brukes til \u00e5 gj\u00f8re n\u00f8dvendige endringer og gi en enda bedre opplevelse for kundene i fremtiden.<\/p>\n<p>Til slutt, Truzzer-avtalekort med Google Review QR-kodekort er et kostnadseffektivt markedsf\u00f8ringsverkt\u00f8y. De er enkle \u00e5 distribuere og kan deles ut til kunder under avtalen eller plasseres p\u00e5 strategiske steder som for eksempel venteomr\u00e5der. Ved \u00e5 oppmuntre kunder til \u00e5 legge igjen en anmeldelse, kan tjenestebaserte virksomheter \u00f8ke sin tilstedev\u00e6relse p\u00e5 nettet uten \u00e5 bruke mye penger p\u00e5 tradisjonelle markedsf\u00f8ringsmetoder.<\/p>\n<p>Avslutningsvis er Truzzer-avtalekort med Google-anmeldelses-QR-kodekort et verdifullt verkt\u00f8y for tjenestebaserte virksomheter som \u00f8nsker \u00e5 \u00f8ke sin generelle suksess. Ved \u00e5 gj\u00f8re det enkelt for kunder \u00e5 legge igjen en anmeldelse, kan bedrifter forbedre sin online tilstedev\u00e6relse, tiltrekke seg flere kunder og gi en bedre opplevelse for sine kunder. S\u00e5 hvis du leter etter en m\u00e5te \u00e5 komme foran konkurrentene p\u00e5, b\u00f8r du vurdere \u00e5 bruke Truzzer-avtalekort med Googles QR-kodekort for anmeldelser i markedsf\u00f8ringsstrategien din.<\/p>\n<p>Gjennomg\u00e5 oss p\u00e5 Google-produktene er enkle \u00e5 bruke, som vi vil vise deg nedenfor ved \u00e5 bruke eksemplet med anmeldelsesklistremerker.<\/p>\n<p>&nbsp;<\/p>\n<p>&nbsp;<\/p>\n<h3>Trinn 1: Kunden skanner QR-koden<\/h3>\n<p>For \u00e5 f\u00f8lge deg trenger kunden bare \u00e5 skanne QR-koden. Alt du trenger \u00e5 gj\u00f8re er \u00e5 holde smarttelefonkameraet (ingen ekstra skanner-app n\u00f8dvendig) over produktet.<\/p>\n<p><img decoding=\"async\" src=\"https:\/\/www.truzzer.com\/wp-content\/uploads\/2026\/02\/how-to-use-the-product-truzzer-google.jpg.webp\" height=\"933\" width=\"1400\" class=\"alignnone wp-image-22402 size-full\" alt=\"Hand scanning a QR code for Google reviews on a smartphone.\"  > <\/p>\n<p>En popup vil da vises p\u00e5 skjermen (iPhone) eller en QR-kode (Android \/ Google-smarttelefoner).<\/p>\n<h3>Trinn 2: Kunden g\u00e5r direkte til Googles anmeldelsesskjema<\/h3>\n<p>Anmeldelsesskjemaet \u00e5pnes i smarttelefonens nettleser, og kunden kan vurdere deg direkte.<\/p>\n<p>Merk:<br \/>\nV\u00e6r oppmerksom p\u00e5 at en Google Min bedrift-profil kreves for \u00e5 f\u00e5 Google-anmeldelser.<\/p>\n<p>&nbsp;<\/p>\n","protected":false},"excerpt":{"rendered":"<p><strong>Hjelp kundene dine med \u00e5 anmelde deg p\u00e5 Google!<\/strong><\/p>\n<p>Med truzzer-avtalekortene med integrert Google-anmeldelsesfunksjon i redusert og attraktiv design som passer inn i ethvert selskap, kan du enkelt vinne nye Google-anmeldelser.<\/p>\n<p>Ved hjelp av avtalekortene glemmes ikke lenger Google-anmeldelsen, siden denne automatisk kobles psykologisk til en avtale.<\/p>\n<p><strong>Dette er hvordan avtalekort hjelper deg<\/strong><\/p>\n<p>Avtalekortene tar deg og dine kunder\/pasienter de st\u00f8rste hindringene i Google-gjennomgangsprosessen:<\/p>\n<ul>\n<li>Ingen vanskelige sp\u00f8rsm\u00e5l &amp; sp\u00f8r, bare gi fra deg kortet. <strong>Handlingsfremmende oppfordring<\/strong> gj\u00f8r det for deg<\/li>\n<li>Ingen flere glemte vurderingsforesp\u00f8rsler, fordi kundene\/pasientene vil bli p\u00e5minnet om \u00e5 vurdere deg.<\/li>\n<li>Ingen s\u00f8k og ingen problemer: QR-koden f\u00f8rer direkte til anmeldelsesskjemaet ditt<\/li>\n<li><strong>Tangripelig<\/strong>: Avtalekortene gj\u00f8r anmeldelsen h\u00e5ndgripelig.<\/li>\n<li>Ingen ekstra app: QR-koden kan skannes med smarttelefonkameraet<\/li>\n<\/ul>\n<p>Vi oppretter og kobler QR-koden for direkte gjennomgang p\u00e5 Google-profilen din for deg! Vi henter denne informasjonen fra bedriftens adresse.<\/p>\n","protected":false},"featured_media":93220,"comment_status":"open","ping_status":"closed","template":"","meta":{"_acf_changed":false,"_yoast_wpseo_focuskw":"Google Anmeldelse Avtalekort","_yoast_wpseo_title":"Google Anmeldelse Avtalekort | truzzer","_yoast_wpseo_metadesc":"F\u00e5 flere 5-stjerners Google anmeldelser med v\u00e5rt avtalekort fra truzzer. Bestill n\u00e5 \u2013 klar til bruk!"},"product_brand":[1656],"product_cat":[767,813,814,505,604],"product_tag":[],"class_list":{"0":"post-93219","1":"product","2":"type-product","3":"status-publish","4":"has-post-thumbnail","6":"product_brand-google","7":"product_cat-google-anmeldelse-produkter","8":"product_cat-google-anmeldelse-visittkort","9":"product_cat-google-anmeldelse-visittkort-med-qr-kode","10":"product_cat-qr-kode-produkter","11":"product_cat-qr-kode-visittkort","12":"pa_industry-byra-radgivning","13":"pa_industry-eiendom-goed","14":"pa_industry-lokale-diensten","15":"pa_material-kartong","16":"pa_placement-balie-receptie","17":"pa_placement-brosjyre","18":"pa_placement-portemonnee-personlijk","19":"pa_product-type-visitekaartjes","20":"pa_technology-qr-code","22":"first","23":"instock","24":"taxable","25":"shipping-taxable","26":"purchasable","27":"product-type-simple"},"acf":[],"yoast_head":"<!-- This site is optimized with the Yoast SEO plugin v27.0 - https:\/\/yoast.com\/product\/yoast-seo-wordpress\/ -->\n<title>Google Anmeldelse Avtalekort | truzzer<\/title>\n<meta name=\"description\" content=\"F\u00e5 flere 5-stjerners Google anmeldelser med v\u00e5rt avtalekort fra truzzer. Bestill n\u00e5 \u2013 klar til bruk!\" \/>\n<meta name=\"robots\" content=\"index, follow, max-snippet:-1, max-image-preview:large, max-video-preview:-1\" \/>\n<link rel=\"canonical\" href=\"https:\/\/www.truzzer.com\/no\/produkt\/google-review-avtalekort-med-google-anmeldelses-qr-kode\/\" \/>\n<meta property=\"og:locale\" content=\"nb_NO\" \/>\n<meta property=\"og:type\" content=\"article\" \/>\n<meta property=\"og:title\" content=\"Google Anmeldelse Avtalekort | truzzer\" \/>\n<meta property=\"og:description\" content=\"F\u00e5 flere 5-stjerners Google anmeldelser med v\u00e5rt avtalekort fra truzzer. Bestill n\u00e5 \u2013 klar til bruk!\" \/>\n<meta property=\"og:url\" content=\"https:\/\/www.truzzer.com\/no\/produkt\/google-review-avtalekort-med-google-anmeldelses-qr-kode\/\" \/>\n<meta property=\"og:site_name\" content=\"truzzer\" \/>\n<meta property=\"article:modified_time\" content=\"2026-02-13T09:53:01+00:00\" \/>\n<meta property=\"og:image\" content=\"https:\/\/www.truzzer.com\/wp-content\/uploads\/2026\/02\/truzzer-appointment-cards-with-google-review-front-both-5.jpg\" \/>\n\t<meta property=\"og:image:width\" content=\"1200\" \/>\n\t<meta property=\"og:image:height\" content=\"1200\" \/>\n\t<meta property=\"og:image:type\" content=\"image\/jpeg\" \/>\n<meta name=\"twitter:card\" content=\"summary_large_image\" \/>\n<meta name=\"twitter:label1\" content=\"Ansl. lesetid\" \/>\n\t<meta name=\"twitter:data1\" content=\"3 minutter\" \/>\n<script type=\"application\/ld+json\" class=\"yoast-schema-graph\">{\"@context\":\"https:\/\/schema.org\",\"@graph\":[{\"@type\":\"WebPage\",\"@id\":\"https:\/\/www.truzzer.com\/no\/produkt\/google-review-avtalekort-med-google-anmeldelses-qr-kode\/\",\"url\":\"https:\/\/www.truzzer.com\/no\/produkt\/google-review-avtalekort-med-google-anmeldelses-qr-kode\/\",\"name\":\"Google Anmeldelse Avtalekort | truzzer\",\"isPartOf\":{\"@id\":\"https:\/\/www.truzzer.com\/no\/#website\"},\"primaryImageOfPage\":{\"@id\":\"https:\/\/www.truzzer.com\/no\/produkt\/google-review-avtalekort-med-google-anmeldelses-qr-kode\/#primaryimage\"},\"image\":{\"@id\":\"https:\/\/www.truzzer.com\/no\/produkt\/google-review-avtalekort-med-google-anmeldelses-qr-kode\/#primaryimage\"},\"thumbnailUrl\":\"https:\/\/www.truzzer.com\/wp-content\/uploads\/2026\/02\/truzzer-appointment-cards-with-google-review-front-both-5.jpg\",\"datePublished\":\"2026-02-01T20:11:22+00:00\",\"dateModified\":\"2026-02-13T09:53:01+00:00\",\"description\":\"F\u00e5 flere 5-stjerners Google anmeldelser med v\u00e5rt avtalekort fra truzzer. Bestill n\u00e5 \u2013 klar til bruk!\",\"breadcrumb\":{\"@id\":\"https:\/\/www.truzzer.com\/no\/produkt\/google-review-avtalekort-med-google-anmeldelses-qr-kode\/#breadcrumb\"},\"inLanguage\":\"nb-NO\",\"potentialAction\":[{\"@type\":\"ReadAction\",\"target\":[\"https:\/\/www.truzzer.com\/no\/produkt\/google-review-avtalekort-med-google-anmeldelses-qr-kode\/\"]}]},{\"@type\":\"ImageObject\",\"inLanguage\":\"nb-NO\",\"@id\":\"https:\/\/www.truzzer.com\/no\/produkt\/google-review-avtalekort-med-google-anmeldelses-qr-kode\/#primaryimage\",\"url\":\"https:\/\/www.truzzer.com\/wp-content\/uploads\/2026\/02\/truzzer-appointment-cards-with-google-review-front-both-5.jpg\",\"contentUrl\":\"https:\/\/www.truzzer.com\/wp-content\/uploads\/2026\/02\/truzzer-appointment-cards-with-google-review-front-both-5.jpg\",\"width\":1200,\"height\":1200},{\"@type\":\"BreadcrumbList\",\"@id\":\"https:\/\/www.truzzer.com\/no\/produkt\/google-review-avtalekort-med-google-anmeldelses-qr-kode\/#breadcrumb\",\"itemListElement\":[{\"@type\":\"ListItem\",\"position\":1,\"name\":\"Home\",\"item\":\"https:\/\/www.truzzer.com\/no\/\"},{\"@type\":\"ListItem\",\"position\":2,\"name\":\"Butikk\",\"item\":\"https:\/\/www.truzzer.com\/no\/butikk\/\"},{\"@type\":\"ListItem\",\"position\":3,\"name\":\"Google Review-avtalekort med Google-anmeldelses-QR-kode\"}]},{\"@type\":\"WebSite\",\"@id\":\"https:\/\/www.truzzer.com\/no\/#website\",\"url\":\"https:\/\/www.truzzer.com\/no\/\",\"name\":\"truzzer\",\"description\":\"Experts for customer trust\",\"publisher\":{\"@id\":\"https:\/\/www.truzzer.com\/no\/#organization\"},\"potentialAction\":[{\"@type\":\"SearchAction\",\"target\":{\"@type\":\"EntryPoint\",\"urlTemplate\":\"https:\/\/www.truzzer.com\/no\/?s={search_term_string}\"},\"query-input\":{\"@type\":\"PropertyValueSpecification\",\"valueRequired\":true,\"valueName\":\"search_term_string\"}}],\"inLanguage\":\"nb-NO\"},{\"@type\":\"Organization\",\"@id\":\"https:\/\/www.truzzer.com\/no\/#organization\",\"name\":\"truzzer\",\"url\":\"https:\/\/www.truzzer.com\/no\/\",\"logo\":{\"@type\":\"ImageObject\",\"inLanguage\":\"nb-NO\",\"@id\":\"https:\/\/www.truzzer.com\/no\/#\/schema\/logo\/image\/\",\"url\":\"https:\/\/truzzer.com\/wp-content\/uploads\/2026\/01\/truzzer-logo-black-1.svg\",\"contentUrl\":\"https:\/\/truzzer.com\/wp-content\/uploads\/2026\/01\/truzzer-logo-black-1.svg\",\"width\":938,\"height\":199,\"caption\":\"truzzer\"},\"image\":{\"@id\":\"https:\/\/www.truzzer.com\/no\/#\/schema\/logo\/image\/\"}}]}<\/script>\n<!-- \/ Yoast SEO plugin. -->","yoast_head_json":{"title":"Google Anmeldelse Avtalekort | truzzer","description":"F\u00e5 flere 5-stjerners Google anmeldelser med v\u00e5rt avtalekort fra truzzer. Bestill n\u00e5 \u2013 klar til bruk!","robots":{"index":"index","follow":"follow","max-snippet":"max-snippet:-1","max-image-preview":"max-image-preview:large","max-video-preview":"max-video-preview:-1"},"canonical":"https:\/\/www.truzzer.com\/no\/produkt\/google-review-avtalekort-med-google-anmeldelses-qr-kode\/","og_locale":"nb_NO","og_type":"article","og_title":"Google Anmeldelse Avtalekort | truzzer","og_description":"F\u00e5 flere 5-stjerners Google anmeldelser med v\u00e5rt avtalekort fra truzzer. Bestill n\u00e5 \u2013 klar til bruk!","og_url":"https:\/\/www.truzzer.com\/no\/produkt\/google-review-avtalekort-med-google-anmeldelses-qr-kode\/","og_site_name":"truzzer","article_modified_time":"2026-02-13T09:53:01+00:00","og_image":[{"width":1200,"height":1200,"url":"https:\/\/www.truzzer.com\/wp-content\/uploads\/2026\/02\/truzzer-appointment-cards-with-google-review-front-both-5.jpg","type":"image\/jpeg"}],"twitter_card":"summary_large_image","twitter_misc":{"Ansl. lesetid":"3 minutter"},"schema":{"@context":"https:\/\/schema.org","@graph":[{"@type":"WebPage","@id":"https:\/\/www.truzzer.com\/no\/produkt\/google-review-avtalekort-med-google-anmeldelses-qr-kode\/","url":"https:\/\/www.truzzer.com\/no\/produkt\/google-review-avtalekort-med-google-anmeldelses-qr-kode\/","name":"Google Anmeldelse Avtalekort | truzzer","isPartOf":{"@id":"https:\/\/www.truzzer.com\/no\/#website"},"primaryImageOfPage":{"@id":"https:\/\/www.truzzer.com\/no\/produkt\/google-review-avtalekort-med-google-anmeldelses-qr-kode\/#primaryimage"},"image":{"@id":"https:\/\/www.truzzer.com\/no\/produkt\/google-review-avtalekort-med-google-anmeldelses-qr-kode\/#primaryimage"},"thumbnailUrl":"https:\/\/www.truzzer.com\/wp-content\/uploads\/2026\/02\/truzzer-appointment-cards-with-google-review-front-both-5.jpg","datePublished":"2026-02-01T20:11:22+00:00","dateModified":"2026-02-13T09:53:01+00:00","description":"F\u00e5 flere 5-stjerners Google anmeldelser med v\u00e5rt avtalekort fra truzzer. Bestill n\u00e5 \u2013 klar til bruk!","breadcrumb":{"@id":"https:\/\/www.truzzer.com\/no\/produkt\/google-review-avtalekort-med-google-anmeldelses-qr-kode\/#breadcrumb"},"inLanguage":"nb-NO","potentialAction":[{"@type":"ReadAction","target":["https:\/\/www.truzzer.com\/no\/produkt\/google-review-avtalekort-med-google-anmeldelses-qr-kode\/"]}]},{"@type":"ImageObject","inLanguage":"nb-NO","@id":"https:\/\/www.truzzer.com\/no\/produkt\/google-review-avtalekort-med-google-anmeldelses-qr-kode\/#primaryimage","url":"https:\/\/www.truzzer.com\/wp-content\/uploads\/2026\/02\/truzzer-appointment-cards-with-google-review-front-both-5.jpg","contentUrl":"https:\/\/www.truzzer.com\/wp-content\/uploads\/2026\/02\/truzzer-appointment-cards-with-google-review-front-both-5.jpg","width":1200,"height":1200},{"@type":"BreadcrumbList","@id":"https:\/\/www.truzzer.com\/no\/produkt\/google-review-avtalekort-med-google-anmeldelses-qr-kode\/#breadcrumb","itemListElement":[{"@type":"ListItem","position":1,"name":"Home","item":"https:\/\/www.truzzer.com\/no\/"},{"@type":"ListItem","position":2,"name":"Butikk","item":"https:\/\/www.truzzer.com\/no\/butikk\/"},{"@type":"ListItem","position":3,"name":"Google Review-avtalekort med Google-anmeldelses-QR-kode"}]},{"@type":"WebSite","@id":"https:\/\/www.truzzer.com\/no\/#website","url":"https:\/\/www.truzzer.com\/no\/","name":"truzzer","description":"Experts for customer trust","publisher":{"@id":"https:\/\/www.truzzer.com\/no\/#organization"},"potentialAction":[{"@type":"SearchAction","target":{"@type":"EntryPoint","urlTemplate":"https:\/\/www.truzzer.com\/no\/?s={search_term_string}"},"query-input":{"@type":"PropertyValueSpecification","valueRequired":true,"valueName":"search_term_string"}}],"inLanguage":"nb-NO"},{"@type":"Organization","@id":"https:\/\/www.truzzer.com\/no\/#organization","name":"truzzer","url":"https:\/\/www.truzzer.com\/no\/","logo":{"@type":"ImageObject","inLanguage":"nb-NO","@id":"https:\/\/www.truzzer.com\/no\/#\/schema\/logo\/image\/","url":"https:\/\/truzzer.com\/wp-content\/uploads\/2026\/01\/truzzer-logo-black-1.svg","contentUrl":"https:\/\/truzzer.com\/wp-content\/uploads\/2026\/01\/truzzer-logo-black-1.svg","width":938,"height":199,"caption":"truzzer"},"image":{"@id":"https:\/\/www.truzzer.com\/no\/#\/schema\/logo\/image\/"}}]}},"tiered_pricing_type":"fixed","tiered_pricing_fixed_rules":[],"tiered_pricing_product_settings":{"layout":"default","base_unit_name":{"singular":null,"plural":null},"default_variation":null},"tiered_pricing_minimum_quantity":null,"tiered_pricing_roles_data":[],"tiered_pricing_percentage_rules":[],"tiered_pricing_maximum_quantity":null,"tiered_pricing_quantity_step":null,"_links":{"self":[{"href":"https:\/\/www.truzzer.com\/no\/wp-json\/wp\/v2\/product\/93219","targetHints":{"allow":["GET"]}}],"collection":[{"href":"https:\/\/www.truzzer.com\/no\/wp-json\/wp\/v2\/product"}],"about":[{"href":"https:\/\/www.truzzer.com\/no\/wp-json\/wp\/v2\/types\/product"}],"replies":[{"embeddable":true,"href":"https:\/\/www.truzzer.com\/no\/wp-json\/wp\/v2\/comments?post=93219"}],"wp:featuredmedia":[{"embeddable":true,"href":"https:\/\/www.truzzer.com\/no\/wp-json\/wp\/v2\/media\/93220"}],"wp:attachment":[{"href":"https:\/\/www.truzzer.com\/no\/wp-json\/wp\/v2\/media?parent=93219"}],"wp:term":[{"taxonomy":"product_brand","embeddable":true,"href":"https:\/\/www.truzzer.com\/no\/wp-json\/wp\/v2\/product_brand?post=93219"},{"taxonomy":"product_cat","embeddable":true,"href":"https:\/\/www.truzzer.com\/no\/wp-json\/wp\/v2\/product_cat?post=93219"},{"taxonomy":"product_tag","embeddable":true,"href":"https:\/\/www.truzzer.com\/no\/wp-json\/wp\/v2\/product_tag?post=93219"}],"curies":[{"name":"wp","href":"https:\/\/api.w.org\/{rel}","templated":true}]}}