{"id":93254,"date":"2026-02-01T20:11:05","date_gmt":"2026-02-01T20:11:05","guid":{"rendered":"https:\/\/beta.truzzer.com\/product\/folg-oss-pa-instagram-kortet-clean\/"},"modified":"2026-02-13T09:53:38","modified_gmt":"2026-02-13T09:53:38","slug":"folg-oss-pa-instagram-kortet-clean","status":"publish","type":"product","link":"https:\/\/www.truzzer.com\/no\/produkt\/folg-oss-pa-instagram-kortet-clean\/","title":{"rendered":"F\u00f8lg oss p\u00e5 Instagram-kortet &laquo;Clean&raquo;"},"content":{"rendered":"<h2>Bare gj\u00f8r kunder til f\u00f8lgere<\/h2>\n<p>Med <strong>Truzzer Instagram-kortene<\/strong> kan du enkelt gj\u00f8re kundene dine om til ekte Instagram-f\u00f8lgere som virkelig er interessert i tilbudet ditt og innholdet ditt.<br \/>\nP\u00e5 denne m\u00e5ten kan du binde m\u00e5lgruppen din effektivt.<\/p>\n<p>I det hendige og samtidig sl\u00e5ende DIN A6-postkortformatet gj\u00f8r du Instagram-profilen din h\u00e5ndgripelig for kundene dine.<br \/>\nLegg truzzer-instagramkortene i kundenes handleposer, gi dem til regningen, send dem sammen med produktene dine eller legg dem p\u00e5 bordene i restauranten. <strong>Ferdig<\/strong>.<\/p>\n<p>Qr-koden tar kunder direkte til Instagram-profilen din uten \u00e5 m\u00e5tte lete etter deg.<\/p>\n<p>Du kan enkelt tilpasse Instagram-kortene med logoen din og tilpasse dem til din bedrift.<\/p>\n<p>F\u00f8lg oss p\u00e5 Instagram-produktene er enkle \u00e5 bruke, som vi vil vise deg nedenfor ved \u00e5 bruke &laquo;F\u00f8lg oss p\u00e5 Instagram-klistremerker&raquo; som eksempel.<\/p>\n<p>&nbsp;<\/p>\n<h3>Trinn 1: Kunden skanner QR-koden<\/h3>\n<p>For \u00e5 f\u00f8lge deg trenger kunden bare \u00e5 skanne QR-koden. Alt du trenger \u00e5 gj\u00f8re er \u00e5 holde smarttelefonkameraet (ingen ekstra skanner-app n\u00f8dvendig) over produktet.<\/p>\n<p><img decoding=\"async\" class=\"alignleft wp-image-22262 size-full\" src=\"https:\/\/www.truzzer.com\/wp-content\/uploads\/2026\/02\/how-to-use-the-product-truzzer.jpg.webp\" alt=\"\" width=\"1400\" height=\"933\" \/><\/p>\n<p>En popup vil da vises p\u00e5 skjermen (iPhone) eller en QR-kode (Android \/ Google-smarttelefoner).<\/p>\n<h3>Trinn 2: Kunden g\u00e5r direkte til Instagram-profilen<\/h3>\n<p>Instagram \u00e5pnes da og kunden kan f\u00f8lge deg direkte. S\u00e5 lettMerk:<br \/>\nV\u00e6r oppmerksom p\u00e5 at en Instagram-profil kreves for \u00e5 f\u00e5 f\u00f8lgere.<\/p>\n<p>&nbsp;<\/p>\n","protected":false},"excerpt":{"rendered":"<p>Gj\u00f8r det enkelt for kundene dine \u00e5 f\u00f8lge deg p\u00e5 Instagram med &#8220;Farge&#8221; Instagramkort i redusert og attraktivt design som passer inn i enhver bedrift.<br \/>\nVi kobler QR-koden til Instagram-profilen din for deg!<br \/>\n og skriv inn Instagram-brukernavnet ditt.<\/p>\n","protected":false},"featured_media":93255,"comment_status":"open","ping_status":"closed","template":"","meta":{"_acf_changed":false,"_yoast_wpseo_focuskw":"Instagram QR-kode Visittkort","_yoast_wpseo_title":"F\u00f8lg oss p\u00e5 Instagram Card \u201cClean\u201d | truzzer","_yoast_wpseo_metadesc":"\u00d8k dine Instagram f\u00f8lgere raskt med v\u00e5rt QR-kode visittkort fra truzzer. Bestill n\u00e5 \u2013 klar til bruk!"},"product_brand":[1658],"product_cat":[828,827,770,505],"product_tag":[],"class_list":{"0":"post-93254","1":"product","2":"type-product","3":"status-publish","4":"has-post-thumbnail","6":"product_brand-instagram","7":"product_cat-instagram-qr-kode-kort","8":"product_cat-instagram-volgers-producten","9":"product_cat-qr-kode-kort","10":"product_cat-qr-kode-produkter","11":"pa_industry-byra-radgivning","12":"pa_industry-eiendom-goed","13":"pa_industry-lokale-diensten","14":"pa_material-kartong","15":"pa_placement-balie-receptie","16":"pa_placement-brosjyre","17":"pa_placement-portemonnee-personlijk","18":"pa_product-type-kaarten","19":"pa_shape-rechthoek","20":"pa_technology-qr-code","21":"pa_technology-qr-kode","23":"first","24":"instock","25":"taxable","26":"shipping-taxable","27":"purchasable","28":"product-type-simple"},"acf":[],"yoast_head":"<!-- This site is optimized with the Yoast SEO plugin v27.0 - https:\/\/yoast.com\/product\/yoast-seo-wordpress\/ -->\n<title>F\u00f8lg oss p\u00e5 Instagram Card \u201cClean\u201d | truzzer<\/title>\n<meta name=\"description\" content=\"\u00d8k dine Instagram f\u00f8lgere raskt med v\u00e5rt QR-kode visittkort fra truzzer. Bestill n\u00e5 \u2013 klar til bruk!\" \/>\n<meta name=\"robots\" content=\"index, follow, max-snippet:-1, max-image-preview:large, max-video-preview:-1\" \/>\n<link rel=\"canonical\" href=\"https:\/\/www.truzzer.com\/no\/produkt\/folg-oss-pa-instagram-kortet-clean\/\" \/>\n<meta property=\"og:locale\" content=\"nb_NO\" \/>\n<meta property=\"og:type\" content=\"article\" \/>\n<meta property=\"og:title\" content=\"F\u00f8lg oss p\u00e5 Instagram Card \u201cClean\u201d | truzzer\" \/>\n<meta property=\"og:description\" content=\"\u00d8k dine Instagram f\u00f8lgere raskt med v\u00e5rt QR-kode visittkort fra truzzer. Bestill n\u00e5 \u2013 klar til bruk!\" \/>\n<meta property=\"og:url\" content=\"https:\/\/www.truzzer.com\/no\/produkt\/folg-oss-pa-instagram-kortet-clean\/\" \/>\n<meta property=\"og:site_name\" content=\"truzzer\" \/>\n<meta property=\"article:modified_time\" content=\"2026-02-13T09:53:38+00:00\" \/>\n<meta property=\"og:image\" content=\"https:\/\/www.truzzer.com\/wp-content\/uploads\/2026\/02\/instagram-follower-card-clean-front-with-qr-code-4-von-4-4-3.jpg\" \/>\n\t<meta property=\"og:image:width\" content=\"1400\" \/>\n\t<meta property=\"og:image:height\" content=\"1400\" \/>\n\t<meta property=\"og:image:type\" content=\"image\/jpeg\" \/>\n<meta name=\"twitter:card\" content=\"summary_large_image\" \/>\n<meta name=\"twitter:label1\" content=\"Ansl. lesetid\" \/>\n\t<meta name=\"twitter:data1\" content=\"1 minutt\" \/>\n<script type=\"application\/ld+json\" class=\"yoast-schema-graph\">{\"@context\":\"https:\/\/schema.org\",\"@graph\":[{\"@type\":\"WebPage\",\"@id\":\"https:\/\/www.truzzer.com\/no\/produkt\/folg-oss-pa-instagram-kortet-clean\/\",\"url\":\"https:\/\/www.truzzer.com\/no\/produkt\/folg-oss-pa-instagram-kortet-clean\/\",\"name\":\"F\u00f8lg oss p\u00e5 Instagram Card \u201cClean\u201d | truzzer\",\"isPartOf\":{\"@id\":\"https:\/\/www.truzzer.com\/no\/#website\"},\"primaryImageOfPage\":{\"@id\":\"https:\/\/www.truzzer.com\/no\/produkt\/folg-oss-pa-instagram-kortet-clean\/#primaryimage\"},\"image\":{\"@id\":\"https:\/\/www.truzzer.com\/no\/produkt\/folg-oss-pa-instagram-kortet-clean\/#primaryimage\"},\"thumbnailUrl\":\"https:\/\/www.truzzer.com\/wp-content\/uploads\/2026\/02\/instagram-follower-card-clean-front-with-qr-code-4-von-4-4-3.jpg\",\"datePublished\":\"2026-02-01T20:11:05+00:00\",\"dateModified\":\"2026-02-13T09:53:38+00:00\",\"description\":\"\u00d8k dine Instagram f\u00f8lgere raskt med v\u00e5rt QR-kode visittkort fra truzzer. Bestill n\u00e5 \u2013 klar til bruk!\",\"breadcrumb\":{\"@id\":\"https:\/\/www.truzzer.com\/no\/produkt\/folg-oss-pa-instagram-kortet-clean\/#breadcrumb\"},\"inLanguage\":\"nb-NO\",\"potentialAction\":[{\"@type\":\"ReadAction\",\"target\":[\"https:\/\/www.truzzer.com\/no\/produkt\/folg-oss-pa-instagram-kortet-clean\/\"]}]},{\"@type\":\"ImageObject\",\"inLanguage\":\"nb-NO\",\"@id\":\"https:\/\/www.truzzer.com\/no\/produkt\/folg-oss-pa-instagram-kortet-clean\/#primaryimage\",\"url\":\"https:\/\/www.truzzer.com\/wp-content\/uploads\/2026\/02\/instagram-follower-card-clean-front-with-qr-code-4-von-4-4-3.jpg\",\"contentUrl\":\"https:\/\/www.truzzer.com\/wp-content\/uploads\/2026\/02\/instagram-follower-card-clean-front-with-qr-code-4-von-4-4-3.jpg\",\"width\":1400,\"height\":1400},{\"@type\":\"BreadcrumbList\",\"@id\":\"https:\/\/www.truzzer.com\/no\/produkt\/folg-oss-pa-instagram-kortet-clean\/#breadcrumb\",\"itemListElement\":[{\"@type\":\"ListItem\",\"position\":1,\"name\":\"Home\",\"item\":\"https:\/\/www.truzzer.com\/no\/\"},{\"@type\":\"ListItem\",\"position\":2,\"name\":\"Butikk\",\"item\":\"https:\/\/www.truzzer.com\/no\/butikk\/\"},{\"@type\":\"ListItem\",\"position\":3,\"name\":\"F\u00f8lg oss p\u00e5 Instagram-kortet &#8220;Clean&#8221;\"}]},{\"@type\":\"WebSite\",\"@id\":\"https:\/\/www.truzzer.com\/no\/#website\",\"url\":\"https:\/\/www.truzzer.com\/no\/\",\"name\":\"truzzer\",\"description\":\"Experts for customer trust\",\"publisher\":{\"@id\":\"https:\/\/www.truzzer.com\/no\/#organization\"},\"potentialAction\":[{\"@type\":\"SearchAction\",\"target\":{\"@type\":\"EntryPoint\",\"urlTemplate\":\"https:\/\/www.truzzer.com\/no\/?s={search_term_string}\"},\"query-input\":{\"@type\":\"PropertyValueSpecification\",\"valueRequired\":true,\"valueName\":\"search_term_string\"}}],\"inLanguage\":\"nb-NO\"},{\"@type\":\"Organization\",\"@id\":\"https:\/\/www.truzzer.com\/no\/#organization\",\"name\":\"truzzer\",\"url\":\"https:\/\/www.truzzer.com\/no\/\",\"logo\":{\"@type\":\"ImageObject\",\"inLanguage\":\"nb-NO\",\"@id\":\"https:\/\/www.truzzer.com\/no\/#\/schema\/logo\/image\/\",\"url\":\"https:\/\/truzzer.com\/wp-content\/uploads\/2026\/01\/truzzer-logo-black-1.svg\",\"contentUrl\":\"https:\/\/truzzer.com\/wp-content\/uploads\/2026\/01\/truzzer-logo-black-1.svg\",\"width\":938,\"height\":199,\"caption\":\"truzzer\"},\"image\":{\"@id\":\"https:\/\/www.truzzer.com\/no\/#\/schema\/logo\/image\/\"}}]}<\/script>\n<!-- \/ Yoast SEO plugin. -->","yoast_head_json":{"title":"F\u00f8lg oss p\u00e5 Instagram Card \u201cClean\u201d | truzzer","description":"\u00d8k dine Instagram f\u00f8lgere raskt med v\u00e5rt QR-kode visittkort fra truzzer. Bestill n\u00e5 \u2013 klar til bruk!","robots":{"index":"index","follow":"follow","max-snippet":"max-snippet:-1","max-image-preview":"max-image-preview:large","max-video-preview":"max-video-preview:-1"},"canonical":"https:\/\/www.truzzer.com\/no\/produkt\/folg-oss-pa-instagram-kortet-clean\/","og_locale":"nb_NO","og_type":"article","og_title":"F\u00f8lg oss p\u00e5 Instagram Card \u201cClean\u201d | truzzer","og_description":"\u00d8k dine Instagram f\u00f8lgere raskt med v\u00e5rt QR-kode visittkort fra truzzer. Bestill n\u00e5 \u2013 klar til bruk!","og_url":"https:\/\/www.truzzer.com\/no\/produkt\/folg-oss-pa-instagram-kortet-clean\/","og_site_name":"truzzer","article_modified_time":"2026-02-13T09:53:38+00:00","og_image":[{"width":1400,"height":1400,"url":"https:\/\/www.truzzer.com\/wp-content\/uploads\/2026\/02\/instagram-follower-card-clean-front-with-qr-code-4-von-4-4-3.jpg","type":"image\/jpeg"}],"twitter_card":"summary_large_image","twitter_misc":{"Ansl. lesetid":"1 minutt"},"schema":{"@context":"https:\/\/schema.org","@graph":[{"@type":"WebPage","@id":"https:\/\/www.truzzer.com\/no\/produkt\/folg-oss-pa-instagram-kortet-clean\/","url":"https:\/\/www.truzzer.com\/no\/produkt\/folg-oss-pa-instagram-kortet-clean\/","name":"F\u00f8lg oss p\u00e5 Instagram Card \u201cClean\u201d | truzzer","isPartOf":{"@id":"https:\/\/www.truzzer.com\/no\/#website"},"primaryImageOfPage":{"@id":"https:\/\/www.truzzer.com\/no\/produkt\/folg-oss-pa-instagram-kortet-clean\/#primaryimage"},"image":{"@id":"https:\/\/www.truzzer.com\/no\/produkt\/folg-oss-pa-instagram-kortet-clean\/#primaryimage"},"thumbnailUrl":"https:\/\/www.truzzer.com\/wp-content\/uploads\/2026\/02\/instagram-follower-card-clean-front-with-qr-code-4-von-4-4-3.jpg","datePublished":"2026-02-01T20:11:05+00:00","dateModified":"2026-02-13T09:53:38+00:00","description":"\u00d8k dine Instagram f\u00f8lgere raskt med v\u00e5rt QR-kode visittkort fra truzzer. Bestill n\u00e5 \u2013 klar til bruk!","breadcrumb":{"@id":"https:\/\/www.truzzer.com\/no\/produkt\/folg-oss-pa-instagram-kortet-clean\/#breadcrumb"},"inLanguage":"nb-NO","potentialAction":[{"@type":"ReadAction","target":["https:\/\/www.truzzer.com\/no\/produkt\/folg-oss-pa-instagram-kortet-clean\/"]}]},{"@type":"ImageObject","inLanguage":"nb-NO","@id":"https:\/\/www.truzzer.com\/no\/produkt\/folg-oss-pa-instagram-kortet-clean\/#primaryimage","url":"https:\/\/www.truzzer.com\/wp-content\/uploads\/2026\/02\/instagram-follower-card-clean-front-with-qr-code-4-von-4-4-3.jpg","contentUrl":"https:\/\/www.truzzer.com\/wp-content\/uploads\/2026\/02\/instagram-follower-card-clean-front-with-qr-code-4-von-4-4-3.jpg","width":1400,"height":1400},{"@type":"BreadcrumbList","@id":"https:\/\/www.truzzer.com\/no\/produkt\/folg-oss-pa-instagram-kortet-clean\/#breadcrumb","itemListElement":[{"@type":"ListItem","position":1,"name":"Home","item":"https:\/\/www.truzzer.com\/no\/"},{"@type":"ListItem","position":2,"name":"Butikk","item":"https:\/\/www.truzzer.com\/no\/butikk\/"},{"@type":"ListItem","position":3,"name":"F\u00f8lg oss p\u00e5 Instagram-kortet &#8220;Clean&#8221;"}]},{"@type":"WebSite","@id":"https:\/\/www.truzzer.com\/no\/#website","url":"https:\/\/www.truzzer.com\/no\/","name":"truzzer","description":"Experts for customer trust","publisher":{"@id":"https:\/\/www.truzzer.com\/no\/#organization"},"potentialAction":[{"@type":"SearchAction","target":{"@type":"EntryPoint","urlTemplate":"https:\/\/www.truzzer.com\/no\/?s={search_term_string}"},"query-input":{"@type":"PropertyValueSpecification","valueRequired":true,"valueName":"search_term_string"}}],"inLanguage":"nb-NO"},{"@type":"Organization","@id":"https:\/\/www.truzzer.com\/no\/#organization","name":"truzzer","url":"https:\/\/www.truzzer.com\/no\/","logo":{"@type":"ImageObject","inLanguage":"nb-NO","@id":"https:\/\/www.truzzer.com\/no\/#\/schema\/logo\/image\/","url":"https:\/\/truzzer.com\/wp-content\/uploads\/2026\/01\/truzzer-logo-black-1.svg","contentUrl":"https:\/\/truzzer.com\/wp-content\/uploads\/2026\/01\/truzzer-logo-black-1.svg","width":938,"height":199,"caption":"truzzer"},"image":{"@id":"https:\/\/www.truzzer.com\/no\/#\/schema\/logo\/image\/"}}]}},"tiered_pricing_type":"fixed","tiered_pricing_fixed_rules":[],"tiered_pricing_product_settings":{"layout":"default","base_unit_name":{"singular":null,"plural":null},"default_variation":null},"tiered_pricing_minimum_quantity":null,"tiered_pricing_roles_data":[],"tiered_pricing_percentage_rules":[],"tiered_pricing_maximum_quantity":null,"tiered_pricing_quantity_step":null,"_links":{"self":[{"href":"https:\/\/www.truzzer.com\/no\/wp-json\/wp\/v2\/product\/93254","targetHints":{"allow":["GET"]}}],"collection":[{"href":"https:\/\/www.truzzer.com\/no\/wp-json\/wp\/v2\/product"}],"about":[{"href":"https:\/\/www.truzzer.com\/no\/wp-json\/wp\/v2\/types\/product"}],"replies":[{"embeddable":true,"href":"https:\/\/www.truzzer.com\/no\/wp-json\/wp\/v2\/comments?post=93254"}],"wp:featuredmedia":[{"embeddable":true,"href":"https:\/\/www.truzzer.com\/no\/wp-json\/wp\/v2\/media\/93255"}],"wp:attachment":[{"href":"https:\/\/www.truzzer.com\/no\/wp-json\/wp\/v2\/media?parent=93254"}],"wp:term":[{"taxonomy":"product_brand","embeddable":true,"href":"https:\/\/www.truzzer.com\/no\/wp-json\/wp\/v2\/product_brand?post=93254"},{"taxonomy":"product_cat","embeddable":true,"href":"https:\/\/www.truzzer.com\/no\/wp-json\/wp\/v2\/product_cat?post=93254"},{"taxonomy":"product_tag","embeddable":true,"href":"https:\/\/www.truzzer.com\/no\/wp-json\/wp\/v2\/product_tag?post=93254"}],"curies":[{"name":"wp","href":"https:\/\/api.w.org\/{rel}","templated":true}]}}