{"id":93646,"date":"2026-02-01T20:09:09","date_gmt":"2026-02-01T20:09:09","guid":{"rendered":"https:\/\/beta.truzzer.com\/product\/tripadvisor-review-cards\/"},"modified":"2026-02-13T10:01:12","modified_gmt":"2026-02-13T10:01:12","slug":"tripadvisor-review-cards","status":"publish","type":"product","link":"https:\/\/www.truzzer.com\/no\/produkt\/tripadvisor-review-cards\/","title":{"rendered":"Tripadvisor anmeldelseskort"},"content":{"rendered":"<h2>F\u00e5 enkelt flere Tripadvisor-anmeldelser fra gjester<\/h2>\n<p>Med <strong>truzzer Tripadvisor-vurderingskortene<\/strong> kan du raskere motta positive vurderinger fra dine forn\u00f8yde kunder og forbedre omd\u00f8mmet og omd\u00f8mmet ditt.<br \/>\nI tillegg \u00f8ker du b\u00e5ndet til hotellet ditt gjennom de positive vurderingene.<\/p>\n<p>I det hendige og samtidig sl\u00e5ende postkortformatet DIN A6 gj\u00f8r du nettvurderingen p\u00e5 Tripadvisor h\u00e5ndgripelig for gjestene dine.<br \/>\nGi evalueringskortene til regningen, legg dem ut p\u00e5 rommene eller i restauranten p\u00e5 bordene. <strong>Ferdig<\/strong>.<\/p>\n<p>QR-koden tar kunder direkte til din Tripadvisor-anmeldelse UTEN \u00e5 m\u00e5tte s\u00f8ke etter deg p\u00e5 Google f\u00f8rst. Slik forhindrer du sprett i Tripadvisor-vurderingen.<\/p>\n<p>Du kan enkelt tilpasse Tripadvisor anmeldelseskort med logoen din og tilpasse dem til din bedrift.<\/p>\n<h2>Mer informasjon<\/h2>\n<p>Gjenstfrihetsbransjen er et marked i stadig utvikling og konkurranse. For \u00e5 skille seg ut fra konkurrentene, m\u00e5 hoteller og restauranter finne m\u00e5ter \u00e5 engasjere seg med kundene sine og gi en eksepsjonell opplevelse. En m\u00e5te \u00e5 gj\u00f8re dette p\u00e5 er ved \u00e5 bruke Truzzer TripAdvisor review QR kodekort.<\/p>\n<p>Truzzer TripAdvisor anmeldelse QR kodekort er et innovativt markedsf\u00f8ringsverkt\u00f8y som lar kunder enkelt legge igjen en anmeldelse av opplevelsen deres. Disse kortene inneholder en QR-kode som, n\u00e5r den skannes, tar kunden direkte til hotellet eller restaurantens TripAdvisor-side. Derfra kan kunden legge igjen en anmeldelse og gi verdifull tilbakemelding p\u00e5 opplevelsen.<\/p>\n<p>S\u00e5, hvordan kan Truzzer TripAdvisor vurdere QR-kodekort \u00f8ke den generelle suksessen til hoteller og restauranter? For det f\u00f8rste er anmeldelser en viktig del av beslutningsprosessen for mange kunder. Faktisk fant en fersk unders\u00f8kelse at 97 % av forbrukerne leser anmeldelser p\u00e5 nettet f\u00f8r de tar en kj\u00f8psbeslutning. Ved \u00e5 gj\u00f8re det enkelt for kunder \u00e5 legge igjen en anmeldelse, kan hoteller og restauranter \u00f8ke sin tilstedev\u00e6relse p\u00e5 nettet og bygge tillit hos potensielle kunder.<\/p>\n<p>I tillegg kan anmeldelser ha en direkte innvirkning p\u00e5 bedriftens s\u00f8kemotorrangeringer. TripAdvisor er et popul\u00e6rt anmeldelsesnettsted, og s\u00f8kemotorer som Google tar hensyn til antallet og kvaliteten p\u00e5 anmeldelser en bedrift har n\u00e5r de bestemmer s\u00f8kemotorrangeringen. Ved \u00e5 oppmuntre kunder til \u00e5 legge igjen anmeldelser ved \u00e5 bruke Truzzer TripAdvisor review QR kodekort, kan hoteller og restauranter forbedre deres online synlighet og tiltrekke seg flere kunder.<\/p>\n<p>Truzzer TripAdvisor anmeldelse QR kodekort gir ogs\u00e5 hoteller og restauranter verdifull tilbakemelding p\u00e5 tjenestene deres. Ved \u00e5 overv\u00e5ke anmeldelser kan bedrifter identifisere omr\u00e5der der de utmerker seg og omr\u00e5der der de trenger \u00e5 forbedre seg. Denne tilbakemeldingen kan brukes til \u00e5 gj\u00f8re n\u00f8dvendige endringer og gi en enda bedre opplevelse for kundene i fremtiden.<\/p>\n<p>Til slutt, Truzzer TripAdvisor anmeldelse QR kodekort er et kostnadseffektivt markedsf\u00f8ringsverkt\u00f8y. De er enkle \u00e5 distribuere og kan plasseres p\u00e5 strategiske steder som hotellrom eller p\u00e5 restaurantbord. Ved \u00e5 oppmuntre kunder til \u00e5 legge igjen en anmeldelse, kan hoteller og restauranter \u00f8ke sin tilstedev\u00e6relse p\u00e5 nettet uten \u00e5 bruke mye penger p\u00e5 tradisjonelle markedsf\u00f8ringsmetoder.<\/p>\n<p>Avslutningsvis, Truzzer TripAdvisor anmeldelse QR kodekort er et verdifullt verkt\u00f8y for hoteller og restauranter som \u00f8nsker \u00e5 \u00f8ke deres generelle suksess. Ved \u00e5 gj\u00f8re det enkelt for kunder \u00e5 legge igjen en anmeldelse, kan bedrifter forbedre sin tilstedev\u00e6relse p\u00e5 nettet, tiltrekke seg flere kunder og gi gjestene en bedre opplevelse. S\u00e5 hvis du leter etter en m\u00e5te \u00e5 komme foran konkurrentene p\u00e5, b\u00f8r du vurdere \u00e5 bruke Truzzer TripAdvisor review QR kodekort i markedsf\u00f8ringsstrategien din.<\/p>\n<p><strong>Merk<\/strong>:<br \/>\nV\u00e6r oppmerksom p\u00e5 at du trenger din egen Tripadvisor-profil for \u00e5 bli vurdert.<\/p>\n","protected":false},"excerpt":{"rendered":"<p>Gj\u00f8r det enkelt for gjestene dine \u00e5 anmelde deg p\u00e5 Tripadvisor med Tripadvisor-anmeldelseskortene i redusert og attraktiv design som kan integreres i ethvert hotell.<br \/>\nVi vil koble QR-koden til din Tripadvisor-profil for deg!<\/p>\n","protected":false},"featured_media":93647,"comment_status":"open","ping_status":"closed","template":"","meta":{"_acf_changed":false,"_yoast_wpseo_focuskw":"TripAdvisor Anmeldelse Visittkort","_yoast_wpseo_title":"Tripadvisor Review Cards | truzzer","_yoast_wpseo_metadesc":"F\u00e5 flere TripAdvisor anmeldelser med v\u00e5rt QR-kode visittkort fra truzzer. Bestill n\u00e5 \u2013 klar til bruk!"},"product_brand":[1689],"product_cat":[770,505,1054],"product_tag":[],"class_list":{"0":"post-93646","1":"product","2":"type-product","3":"status-publish","4":"has-post-thumbnail","6":"product_brand-tripadvisor","7":"product_cat-qr-kode-kort","8":"product_cat-qr-kode-produkter","9":"product_cat-tripadvisor-anmeldelser-anmeldelseskort-med-qr-kode","10":"pa_industry-autodealer","11":"pa_industry-detailhandel","12":"pa_industry-schoonheidssalon","13":"pa_material-kartong","14":"pa_placement-bon","15":"pa_placement-brosjyre","16":"pa_placement-verpakking","17":"pa_product-type-kaarten","18":"pa_shape-rechthoek","19":"pa_technology-qr-code","20":"pa_technology-qr-kode","22":"first","23":"instock","24":"taxable","25":"shipping-taxable","26":"purchasable","27":"product-type-simple"},"acf":[],"yoast_head":"<!-- This site is optimized with the Yoast SEO plugin v27.0 - https:\/\/yoast.com\/product\/yoast-seo-wordpress\/ -->\n<title>Tripadvisor Review Cards | truzzer<\/title>\n<meta name=\"description\" content=\"F\u00e5 flere TripAdvisor anmeldelser med v\u00e5rt QR-kode visittkort fra truzzer. Bestill n\u00e5 \u2013 klar til bruk!\" \/>\n<meta name=\"robots\" content=\"index, follow, max-snippet:-1, max-image-preview:large, max-video-preview:-1\" \/>\n<link rel=\"canonical\" href=\"https:\/\/www.truzzer.com\/no\/produkt\/tripadvisor-review-cards\/\" \/>\n<meta property=\"og:locale\" content=\"nb_NO\" \/>\n<meta property=\"og:type\" content=\"article\" \/>\n<meta property=\"og:title\" content=\"Tripadvisor Review Cards | truzzer\" \/>\n<meta property=\"og:description\" content=\"F\u00e5 flere TripAdvisor anmeldelser med v\u00e5rt QR-kode visittkort fra truzzer. Bestill n\u00e5 \u2013 klar til bruk!\" \/>\n<meta property=\"og:url\" content=\"https:\/\/www.truzzer.com\/no\/produkt\/tripadvisor-review-cards\/\" \/>\n<meta property=\"og:site_name\" content=\"truzzer\" \/>\n<meta property=\"article:modified_time\" content=\"2026-02-13T10:01:12+00:00\" \/>\n<meta property=\"og:image\" content=\"https:\/\/www.truzzer.com\/wp-content\/uploads\/2026\/02\/review-us-on-tripadvisor-card-with-qr-code-full-front-2.jpg\" \/>\n\t<meta property=\"og:image:width\" content=\"1400\" \/>\n\t<meta property=\"og:image:height\" content=\"1400\" \/>\n\t<meta property=\"og:image:type\" content=\"image\/jpeg\" \/>\n<meta name=\"twitter:card\" content=\"summary_large_image\" \/>\n<meta name=\"twitter:label1\" content=\"Ansl. lesetid\" \/>\n\t<meta name=\"twitter:data1\" content=\"3 minutter\" \/>\n<script type=\"application\/ld+json\" class=\"yoast-schema-graph\">{\"@context\":\"https:\/\/schema.org\",\"@graph\":[{\"@type\":\"WebPage\",\"@id\":\"https:\/\/www.truzzer.com\/no\/produkt\/tripadvisor-review-cards\/\",\"url\":\"https:\/\/www.truzzer.com\/no\/produkt\/tripadvisor-review-cards\/\",\"name\":\"Tripadvisor Review Cards | truzzer\",\"isPartOf\":{\"@id\":\"https:\/\/www.truzzer.com\/no\/#website\"},\"primaryImageOfPage\":{\"@id\":\"https:\/\/www.truzzer.com\/no\/produkt\/tripadvisor-review-cards\/#primaryimage\"},\"image\":{\"@id\":\"https:\/\/www.truzzer.com\/no\/produkt\/tripadvisor-review-cards\/#primaryimage\"},\"thumbnailUrl\":\"https:\/\/www.truzzer.com\/wp-content\/uploads\/2026\/02\/review-us-on-tripadvisor-card-with-qr-code-full-front-2.jpg\",\"datePublished\":\"2026-02-01T20:09:09+00:00\",\"dateModified\":\"2026-02-13T10:01:12+00:00\",\"description\":\"F\u00e5 flere TripAdvisor anmeldelser med v\u00e5rt QR-kode visittkort fra truzzer. Bestill n\u00e5 \u2013 klar til bruk!\",\"breadcrumb\":{\"@id\":\"https:\/\/www.truzzer.com\/no\/produkt\/tripadvisor-review-cards\/#breadcrumb\"},\"inLanguage\":\"nb-NO\",\"potentialAction\":[{\"@type\":\"ReadAction\",\"target\":[\"https:\/\/www.truzzer.com\/no\/produkt\/tripadvisor-review-cards\/\"]}]},{\"@type\":\"ImageObject\",\"inLanguage\":\"nb-NO\",\"@id\":\"https:\/\/www.truzzer.com\/no\/produkt\/tripadvisor-review-cards\/#primaryimage\",\"url\":\"https:\/\/www.truzzer.com\/wp-content\/uploads\/2026\/02\/review-us-on-tripadvisor-card-with-qr-code-full-front-2.jpg\",\"contentUrl\":\"https:\/\/www.truzzer.com\/wp-content\/uploads\/2026\/02\/review-us-on-tripadvisor-card-with-qr-code-full-front-2.jpg\",\"width\":1400,\"height\":1400},{\"@type\":\"BreadcrumbList\",\"@id\":\"https:\/\/www.truzzer.com\/no\/produkt\/tripadvisor-review-cards\/#breadcrumb\",\"itemListElement\":[{\"@type\":\"ListItem\",\"position\":1,\"name\":\"Home\",\"item\":\"https:\/\/www.truzzer.com\/no\/\"},{\"@type\":\"ListItem\",\"position\":2,\"name\":\"Butikk\",\"item\":\"https:\/\/www.truzzer.com\/no\/butikk\/\"},{\"@type\":\"ListItem\",\"position\":3,\"name\":\"Tripadvisor anmeldelseskort\"}]},{\"@type\":\"WebSite\",\"@id\":\"https:\/\/www.truzzer.com\/no\/#website\",\"url\":\"https:\/\/www.truzzer.com\/no\/\",\"name\":\"truzzer\",\"description\":\"Experts for customer trust\",\"publisher\":{\"@id\":\"https:\/\/www.truzzer.com\/no\/#organization\"},\"potentialAction\":[{\"@type\":\"SearchAction\",\"target\":{\"@type\":\"EntryPoint\",\"urlTemplate\":\"https:\/\/www.truzzer.com\/no\/?s={search_term_string}\"},\"query-input\":{\"@type\":\"PropertyValueSpecification\",\"valueRequired\":true,\"valueName\":\"search_term_string\"}}],\"inLanguage\":\"nb-NO\"},{\"@type\":\"Organization\",\"@id\":\"https:\/\/www.truzzer.com\/no\/#organization\",\"name\":\"truzzer\",\"url\":\"https:\/\/www.truzzer.com\/no\/\",\"logo\":{\"@type\":\"ImageObject\",\"inLanguage\":\"nb-NO\",\"@id\":\"https:\/\/www.truzzer.com\/no\/#\/schema\/logo\/image\/\",\"url\":\"https:\/\/truzzer.com\/wp-content\/uploads\/2026\/01\/truzzer-logo-black-1.svg\",\"contentUrl\":\"https:\/\/truzzer.com\/wp-content\/uploads\/2026\/01\/truzzer-logo-black-1.svg\",\"width\":938,\"height\":199,\"caption\":\"truzzer\"},\"image\":{\"@id\":\"https:\/\/www.truzzer.com\/no\/#\/schema\/logo\/image\/\"}}]}<\/script>\n<!-- \/ Yoast SEO plugin. -->","yoast_head_json":{"title":"Tripadvisor Review Cards | truzzer","description":"F\u00e5 flere TripAdvisor anmeldelser med v\u00e5rt QR-kode visittkort fra truzzer. Bestill n\u00e5 \u2013 klar til bruk!","robots":{"index":"index","follow":"follow","max-snippet":"max-snippet:-1","max-image-preview":"max-image-preview:large","max-video-preview":"max-video-preview:-1"},"canonical":"https:\/\/www.truzzer.com\/no\/produkt\/tripadvisor-review-cards\/","og_locale":"nb_NO","og_type":"article","og_title":"Tripadvisor Review Cards | truzzer","og_description":"F\u00e5 flere TripAdvisor anmeldelser med v\u00e5rt QR-kode visittkort fra truzzer. Bestill n\u00e5 \u2013 klar til bruk!","og_url":"https:\/\/www.truzzer.com\/no\/produkt\/tripadvisor-review-cards\/","og_site_name":"truzzer","article_modified_time":"2026-02-13T10:01:12+00:00","og_image":[{"width":1400,"height":1400,"url":"https:\/\/www.truzzer.com\/wp-content\/uploads\/2026\/02\/review-us-on-tripadvisor-card-with-qr-code-full-front-2.jpg","type":"image\/jpeg"}],"twitter_card":"summary_large_image","twitter_misc":{"Ansl. lesetid":"3 minutter"},"schema":{"@context":"https:\/\/schema.org","@graph":[{"@type":"WebPage","@id":"https:\/\/www.truzzer.com\/no\/produkt\/tripadvisor-review-cards\/","url":"https:\/\/www.truzzer.com\/no\/produkt\/tripadvisor-review-cards\/","name":"Tripadvisor Review Cards | truzzer","isPartOf":{"@id":"https:\/\/www.truzzer.com\/no\/#website"},"primaryImageOfPage":{"@id":"https:\/\/www.truzzer.com\/no\/produkt\/tripadvisor-review-cards\/#primaryimage"},"image":{"@id":"https:\/\/www.truzzer.com\/no\/produkt\/tripadvisor-review-cards\/#primaryimage"},"thumbnailUrl":"https:\/\/www.truzzer.com\/wp-content\/uploads\/2026\/02\/review-us-on-tripadvisor-card-with-qr-code-full-front-2.jpg","datePublished":"2026-02-01T20:09:09+00:00","dateModified":"2026-02-13T10:01:12+00:00","description":"F\u00e5 flere TripAdvisor anmeldelser med v\u00e5rt QR-kode visittkort fra truzzer. Bestill n\u00e5 \u2013 klar til bruk!","breadcrumb":{"@id":"https:\/\/www.truzzer.com\/no\/produkt\/tripadvisor-review-cards\/#breadcrumb"},"inLanguage":"nb-NO","potentialAction":[{"@type":"ReadAction","target":["https:\/\/www.truzzer.com\/no\/produkt\/tripadvisor-review-cards\/"]}]},{"@type":"ImageObject","inLanguage":"nb-NO","@id":"https:\/\/www.truzzer.com\/no\/produkt\/tripadvisor-review-cards\/#primaryimage","url":"https:\/\/www.truzzer.com\/wp-content\/uploads\/2026\/02\/review-us-on-tripadvisor-card-with-qr-code-full-front-2.jpg","contentUrl":"https:\/\/www.truzzer.com\/wp-content\/uploads\/2026\/02\/review-us-on-tripadvisor-card-with-qr-code-full-front-2.jpg","width":1400,"height":1400},{"@type":"BreadcrumbList","@id":"https:\/\/www.truzzer.com\/no\/produkt\/tripadvisor-review-cards\/#breadcrumb","itemListElement":[{"@type":"ListItem","position":1,"name":"Home","item":"https:\/\/www.truzzer.com\/no\/"},{"@type":"ListItem","position":2,"name":"Butikk","item":"https:\/\/www.truzzer.com\/no\/butikk\/"},{"@type":"ListItem","position":3,"name":"Tripadvisor anmeldelseskort"}]},{"@type":"WebSite","@id":"https:\/\/www.truzzer.com\/no\/#website","url":"https:\/\/www.truzzer.com\/no\/","name":"truzzer","description":"Experts for customer trust","publisher":{"@id":"https:\/\/www.truzzer.com\/no\/#organization"},"potentialAction":[{"@type":"SearchAction","target":{"@type":"EntryPoint","urlTemplate":"https:\/\/www.truzzer.com\/no\/?s={search_term_string}"},"query-input":{"@type":"PropertyValueSpecification","valueRequired":true,"valueName":"search_term_string"}}],"inLanguage":"nb-NO"},{"@type":"Organization","@id":"https:\/\/www.truzzer.com\/no\/#organization","name":"truzzer","url":"https:\/\/www.truzzer.com\/no\/","logo":{"@type":"ImageObject","inLanguage":"nb-NO","@id":"https:\/\/www.truzzer.com\/no\/#\/schema\/logo\/image\/","url":"https:\/\/truzzer.com\/wp-content\/uploads\/2026\/01\/truzzer-logo-black-1.svg","contentUrl":"https:\/\/truzzer.com\/wp-content\/uploads\/2026\/01\/truzzer-logo-black-1.svg","width":938,"height":199,"caption":"truzzer"},"image":{"@id":"https:\/\/www.truzzer.com\/no\/#\/schema\/logo\/image\/"}}]}},"tiered_pricing_type":"fixed","tiered_pricing_fixed_rules":[],"tiered_pricing_product_settings":{"layout":"default","base_unit_name":{"singular":null,"plural":null},"default_variation":null},"tiered_pricing_minimum_quantity":null,"tiered_pricing_roles_data":[],"tiered_pricing_percentage_rules":[],"tiered_pricing_maximum_quantity":null,"tiered_pricing_quantity_step":null,"_links":{"self":[{"href":"https:\/\/www.truzzer.com\/no\/wp-json\/wp\/v2\/product\/93646","targetHints":{"allow":["GET"]}}],"collection":[{"href":"https:\/\/www.truzzer.com\/no\/wp-json\/wp\/v2\/product"}],"about":[{"href":"https:\/\/www.truzzer.com\/no\/wp-json\/wp\/v2\/types\/product"}],"replies":[{"embeddable":true,"href":"https:\/\/www.truzzer.com\/no\/wp-json\/wp\/v2\/comments?post=93646"}],"wp:featuredmedia":[{"embeddable":true,"href":"https:\/\/www.truzzer.com\/no\/wp-json\/wp\/v2\/media\/93647"}],"wp:attachment":[{"href":"https:\/\/www.truzzer.com\/no\/wp-json\/wp\/v2\/media?parent=93646"}],"wp:term":[{"taxonomy":"product_brand","embeddable":true,"href":"https:\/\/www.truzzer.com\/no\/wp-json\/wp\/v2\/product_brand?post=93646"},{"taxonomy":"product_cat","embeddable":true,"href":"https:\/\/www.truzzer.com\/no\/wp-json\/wp\/v2\/product_cat?post=93646"},{"taxonomy":"product_tag","embeddable":true,"href":"https:\/\/www.truzzer.com\/no\/wp-json\/wp\/v2\/product_tag?post=93646"}],"curies":[{"name":"wp","href":"https:\/\/api.w.org\/{rel}","templated":true}]}}