{"id":93687,"date":"2026-02-01T20:08:59","date_gmt":"2026-02-01T20:08:59","guid":{"rendered":"https:\/\/beta.truzzer.com\/product\/review-us-on-tripadvisor-sticker-with-qr-code-round\/"},"modified":"2026-02-13T07:58:51","modified_gmt":"2026-02-13T07:58:51","slug":"review-us-on-tripadvisor-sticker-with-qr-code-round","status":"publish","type":"product","link":"https:\/\/www.truzzer.com\/no\/produkt\/review-us-on-tripadvisor-sticker-with-qr-code-round\/","title":{"rendered":"Anmeld oss \u200b\u200bp\u00e5 Tripadvisor-klistremerke med QR-koderunde"},"content":{"rendered":"<p>Med truzzer Tripadvisor anmeldelsesklistremerker med en QR kodelenke og din egen logo, kan du raskt motta positive anmeldelser fra dine forn\u00f8yde gjester direkte p\u00e5 hotellet ditt.<\/p>\n<p>I det praktiske runde formatet gj\u00f8r du Tripadvisor-vurderingen h\u00e5ndgripelig for kundene dine.<br \/>\nPlasser klistremerkene fremtredende i resepsjonsomr\u00e5det eller hvor som helst hvor gjestene dine kan se klistremerkene.<\/p>\n<p>&#8211; Egnet for innend\u00f8rs og utend\u00f8rs bruk<br \/>\n&#8211; V\u00e6rbestandig<br \/>\n-Passer for enhver glatt overflate<br \/>\n-For butikker, d\u00f8rer eller som en bil Tripadvisor-klistremerke<br \/>\n-Viser kundene dine at de ogs\u00e5 kan finne deg p\u00e5 Tripadvisor<br \/>\n&#8211; Individuelt laget for deg<\/p>\n<p>Du kan enkelt tilpasse Tripadvisor anmeldelsesklistremerker med logoen din og tilpasse dem til din bedrift.<\/p>\n<p><strong>Merk:<\/strong><br \/>\nV\u00e6r oppmerksom p\u00e5 at du trenger din egen Tripadvisor-profil for \u00e5 bli vurdert<\/p>\n<p>&nbsp;<\/p>\n","protected":false},"excerpt":{"rendered":"<p>De selvklebende Review Us On Tripadvisor-dekalene\/klistremerkene passer inn i ethvert hotell og fester seg til enhver flat overflate.<br \/>\nVi vil koble QR-koden til din Tripadvisor-profil for deg for en direkte gjennomgang!<\/p>\n","protected":false},"featured_media":93688,"comment_status":"open","ping_status":"closed","template":"","meta":{"_acf_changed":false,"_yoast_wpseo_focuskw":"TripAdvisor Anmeldelse Klistremerke","_yoast_wpseo_title":"Anmeld oss p\u00e5 Tripadvisor sticker rund | truzzer","_yoast_wpseo_metadesc":"F\u00e5 flere TripAdvisor anmeldelser med v\u00e5rt QR-kode klistremerke fra truzzer. Bestill n\u00e5 \u2013 klar til bruk!"},"product_brand":[1689],"product_cat":[506,505,1076],"product_tag":[],"class_list":{"0":"post-93687","1":"product","2":"type-product","3":"status-publish","4":"has-post-thumbnail","6":"product_brand-tripadvisor","7":"product_cat-qr-kode-klistremerker","8":"product_cat-qr-kode-produkter","9":"product_cat-tripadvisor-anmeldelser-klistremerker-med-qr-kode","10":"pa_product-type-klistremerke","11":"pa_shape-rond","12":"pa_technology-qr-kode","14":"first","15":"instock","16":"taxable","17":"shipping-taxable","18":"purchasable","19":"product-type-variable","20":"has-default-attributes"},"acf":[],"yoast_head":"<!-- This site is optimized with the Yoast SEO plugin v27.0 - https:\/\/yoast.com\/product\/yoast-seo-wordpress\/ -->\n<title>Anmeld oss p\u00e5 Tripadvisor sticker rund | truzzer<\/title>\n<meta name=\"description\" content=\"F\u00e5 flere TripAdvisor anmeldelser med v\u00e5rt QR-kode klistremerke fra truzzer. Bestill n\u00e5 \u2013 klar til bruk!\" \/>\n<meta name=\"robots\" content=\"index, follow, max-snippet:-1, max-image-preview:large, max-video-preview:-1\" \/>\n<link rel=\"canonical\" href=\"https:\/\/www.truzzer.com\/no\/produkt\/review-us-on-tripadvisor-sticker-with-qr-code-round\/\" \/>\n<meta property=\"og:locale\" content=\"nb_NO\" \/>\n<meta property=\"og:type\" content=\"article\" \/>\n<meta property=\"og:title\" content=\"Anmeld oss p\u00e5 Tripadvisor sticker rund | truzzer\" \/>\n<meta property=\"og:description\" content=\"F\u00e5 flere TripAdvisor anmeldelser med v\u00e5rt QR-kode klistremerke fra truzzer. Bestill n\u00e5 \u2013 klar til bruk!\" \/>\n<meta property=\"og:url\" content=\"https:\/\/www.truzzer.com\/no\/produkt\/review-us-on-tripadvisor-sticker-with-qr-code-round\/\" \/>\n<meta property=\"og:site_name\" content=\"truzzer\" \/>\n<meta property=\"article:modified_time\" content=\"2026-02-13T07:58:51+00:00\" \/>\n<meta property=\"og:image\" content=\"https:\/\/www.truzzer.com\/wp-content\/uploads\/2026\/02\/review-us-on-tripadvisor-sticker-with-qr-code-back-1.jpg\" \/>\n\t<meta property=\"og:image:width\" content=\"1400\" \/>\n\t<meta property=\"og:image:height\" content=\"1400\" \/>\n\t<meta property=\"og:image:type\" content=\"image\/jpeg\" \/>\n<meta name=\"twitter:card\" content=\"summary_large_image\" \/>\n<meta name=\"twitter:label1\" content=\"Ansl. lesetid\" \/>\n\t<meta name=\"twitter:data1\" content=\"1 minutt\" \/>\n<script type=\"application\/ld+json\" class=\"yoast-schema-graph\">{\"@context\":\"https:\/\/schema.org\",\"@graph\":[{\"@type\":\"WebPage\",\"@id\":\"https:\/\/www.truzzer.com\/no\/produkt\/review-us-on-tripadvisor-sticker-with-qr-code-round\/\",\"url\":\"https:\/\/www.truzzer.com\/no\/produkt\/review-us-on-tripadvisor-sticker-with-qr-code-round\/\",\"name\":\"Anmeld oss p\u00e5 Tripadvisor sticker rund | truzzer\",\"isPartOf\":{\"@id\":\"https:\/\/www.truzzer.com\/no\/#website\"},\"primaryImageOfPage\":{\"@id\":\"https:\/\/www.truzzer.com\/no\/produkt\/review-us-on-tripadvisor-sticker-with-qr-code-round\/#primaryimage\"},\"image\":{\"@id\":\"https:\/\/www.truzzer.com\/no\/produkt\/review-us-on-tripadvisor-sticker-with-qr-code-round\/#primaryimage\"},\"thumbnailUrl\":\"https:\/\/www.truzzer.com\/wp-content\/uploads\/2026\/02\/review-us-on-tripadvisor-sticker-with-qr-code-back-1.jpg\",\"datePublished\":\"2026-02-01T20:08:59+00:00\",\"dateModified\":\"2026-02-13T07:58:51+00:00\",\"description\":\"F\u00e5 flere TripAdvisor anmeldelser med v\u00e5rt QR-kode klistremerke fra truzzer. Bestill n\u00e5 \u2013 klar til bruk!\",\"breadcrumb\":{\"@id\":\"https:\/\/www.truzzer.com\/no\/produkt\/review-us-on-tripadvisor-sticker-with-qr-code-round\/#breadcrumb\"},\"inLanguage\":\"nb-NO\",\"potentialAction\":[{\"@type\":\"ReadAction\",\"target\":[\"https:\/\/www.truzzer.com\/no\/produkt\/review-us-on-tripadvisor-sticker-with-qr-code-round\/\"]}]},{\"@type\":\"ImageObject\",\"inLanguage\":\"nb-NO\",\"@id\":\"https:\/\/www.truzzer.com\/no\/produkt\/review-us-on-tripadvisor-sticker-with-qr-code-round\/#primaryimage\",\"url\":\"https:\/\/www.truzzer.com\/wp-content\/uploads\/2026\/02\/review-us-on-tripadvisor-sticker-with-qr-code-back-1.jpg\",\"contentUrl\":\"https:\/\/www.truzzer.com\/wp-content\/uploads\/2026\/02\/review-us-on-tripadvisor-sticker-with-qr-code-back-1.jpg\",\"width\":1400,\"height\":1400},{\"@type\":\"BreadcrumbList\",\"@id\":\"https:\/\/www.truzzer.com\/no\/produkt\/review-us-on-tripadvisor-sticker-with-qr-code-round\/#breadcrumb\",\"itemListElement\":[{\"@type\":\"ListItem\",\"position\":1,\"name\":\"Home\",\"item\":\"https:\/\/www.truzzer.com\/no\/\"},{\"@type\":\"ListItem\",\"position\":2,\"name\":\"Butikk\",\"item\":\"https:\/\/www.truzzer.com\/no\/butikk\/\"},{\"@type\":\"ListItem\",\"position\":3,\"name\":\"Anmeld oss \u200b\u200bp\u00e5 Tripadvisor-klistremerke med QR-koderunde\"}]},{\"@type\":\"WebSite\",\"@id\":\"https:\/\/www.truzzer.com\/no\/#website\",\"url\":\"https:\/\/www.truzzer.com\/no\/\",\"name\":\"truzzer\",\"description\":\"Experts for customer trust\",\"publisher\":{\"@id\":\"https:\/\/www.truzzer.com\/no\/#organization\"},\"potentialAction\":[{\"@type\":\"SearchAction\",\"target\":{\"@type\":\"EntryPoint\",\"urlTemplate\":\"https:\/\/www.truzzer.com\/no\/?s={search_term_string}\"},\"query-input\":{\"@type\":\"PropertyValueSpecification\",\"valueRequired\":true,\"valueName\":\"search_term_string\"}}],\"inLanguage\":\"nb-NO\"},{\"@type\":\"Organization\",\"@id\":\"https:\/\/www.truzzer.com\/no\/#organization\",\"name\":\"truzzer\",\"url\":\"https:\/\/www.truzzer.com\/no\/\",\"logo\":{\"@type\":\"ImageObject\",\"inLanguage\":\"nb-NO\",\"@id\":\"https:\/\/www.truzzer.com\/no\/#\/schema\/logo\/image\/\",\"url\":\"https:\/\/truzzer.com\/wp-content\/uploads\/2026\/01\/truzzer-logo-black-1.svg\",\"contentUrl\":\"https:\/\/truzzer.com\/wp-content\/uploads\/2026\/01\/truzzer-logo-black-1.svg\",\"width\":938,\"height\":199,\"caption\":\"truzzer\"},\"image\":{\"@id\":\"https:\/\/www.truzzer.com\/no\/#\/schema\/logo\/image\/\"}}]}<\/script>\n<!-- \/ Yoast SEO plugin. -->","yoast_head_json":{"title":"Anmeld oss p\u00e5 Tripadvisor sticker rund | truzzer","description":"F\u00e5 flere TripAdvisor anmeldelser med v\u00e5rt QR-kode klistremerke fra truzzer. Bestill n\u00e5 \u2013 klar til bruk!","robots":{"index":"index","follow":"follow","max-snippet":"max-snippet:-1","max-image-preview":"max-image-preview:large","max-video-preview":"max-video-preview:-1"},"canonical":"https:\/\/www.truzzer.com\/no\/produkt\/review-us-on-tripadvisor-sticker-with-qr-code-round\/","og_locale":"nb_NO","og_type":"article","og_title":"Anmeld oss p\u00e5 Tripadvisor sticker rund | truzzer","og_description":"F\u00e5 flere TripAdvisor anmeldelser med v\u00e5rt QR-kode klistremerke fra truzzer. Bestill n\u00e5 \u2013 klar til bruk!","og_url":"https:\/\/www.truzzer.com\/no\/produkt\/review-us-on-tripadvisor-sticker-with-qr-code-round\/","og_site_name":"truzzer","article_modified_time":"2026-02-13T07:58:51+00:00","og_image":[{"width":1400,"height":1400,"url":"https:\/\/www.truzzer.com\/wp-content\/uploads\/2026\/02\/review-us-on-tripadvisor-sticker-with-qr-code-back-1.jpg","type":"image\/jpeg"}],"twitter_card":"summary_large_image","twitter_misc":{"Ansl. lesetid":"1 minutt"},"schema":{"@context":"https:\/\/schema.org","@graph":[{"@type":"WebPage","@id":"https:\/\/www.truzzer.com\/no\/produkt\/review-us-on-tripadvisor-sticker-with-qr-code-round\/","url":"https:\/\/www.truzzer.com\/no\/produkt\/review-us-on-tripadvisor-sticker-with-qr-code-round\/","name":"Anmeld oss p\u00e5 Tripadvisor sticker rund | truzzer","isPartOf":{"@id":"https:\/\/www.truzzer.com\/no\/#website"},"primaryImageOfPage":{"@id":"https:\/\/www.truzzer.com\/no\/produkt\/review-us-on-tripadvisor-sticker-with-qr-code-round\/#primaryimage"},"image":{"@id":"https:\/\/www.truzzer.com\/no\/produkt\/review-us-on-tripadvisor-sticker-with-qr-code-round\/#primaryimage"},"thumbnailUrl":"https:\/\/www.truzzer.com\/wp-content\/uploads\/2026\/02\/review-us-on-tripadvisor-sticker-with-qr-code-back-1.jpg","datePublished":"2026-02-01T20:08:59+00:00","dateModified":"2026-02-13T07:58:51+00:00","description":"F\u00e5 flere TripAdvisor anmeldelser med v\u00e5rt QR-kode klistremerke fra truzzer. Bestill n\u00e5 \u2013 klar til bruk!","breadcrumb":{"@id":"https:\/\/www.truzzer.com\/no\/produkt\/review-us-on-tripadvisor-sticker-with-qr-code-round\/#breadcrumb"},"inLanguage":"nb-NO","potentialAction":[{"@type":"ReadAction","target":["https:\/\/www.truzzer.com\/no\/produkt\/review-us-on-tripadvisor-sticker-with-qr-code-round\/"]}]},{"@type":"ImageObject","inLanguage":"nb-NO","@id":"https:\/\/www.truzzer.com\/no\/produkt\/review-us-on-tripadvisor-sticker-with-qr-code-round\/#primaryimage","url":"https:\/\/www.truzzer.com\/wp-content\/uploads\/2026\/02\/review-us-on-tripadvisor-sticker-with-qr-code-back-1.jpg","contentUrl":"https:\/\/www.truzzer.com\/wp-content\/uploads\/2026\/02\/review-us-on-tripadvisor-sticker-with-qr-code-back-1.jpg","width":1400,"height":1400},{"@type":"BreadcrumbList","@id":"https:\/\/www.truzzer.com\/no\/produkt\/review-us-on-tripadvisor-sticker-with-qr-code-round\/#breadcrumb","itemListElement":[{"@type":"ListItem","position":1,"name":"Home","item":"https:\/\/www.truzzer.com\/no\/"},{"@type":"ListItem","position":2,"name":"Butikk","item":"https:\/\/www.truzzer.com\/no\/butikk\/"},{"@type":"ListItem","position":3,"name":"Anmeld oss \u200b\u200bp\u00e5 Tripadvisor-klistremerke med QR-koderunde"}]},{"@type":"WebSite","@id":"https:\/\/www.truzzer.com\/no\/#website","url":"https:\/\/www.truzzer.com\/no\/","name":"truzzer","description":"Experts for customer trust","publisher":{"@id":"https:\/\/www.truzzer.com\/no\/#organization"},"potentialAction":[{"@type":"SearchAction","target":{"@type":"EntryPoint","urlTemplate":"https:\/\/www.truzzer.com\/no\/?s={search_term_string}"},"query-input":{"@type":"PropertyValueSpecification","valueRequired":true,"valueName":"search_term_string"}}],"inLanguage":"nb-NO"},{"@type":"Organization","@id":"https:\/\/www.truzzer.com\/no\/#organization","name":"truzzer","url":"https:\/\/www.truzzer.com\/no\/","logo":{"@type":"ImageObject","inLanguage":"nb-NO","@id":"https:\/\/www.truzzer.com\/no\/#\/schema\/logo\/image\/","url":"https:\/\/truzzer.com\/wp-content\/uploads\/2026\/01\/truzzer-logo-black-1.svg","contentUrl":"https:\/\/truzzer.com\/wp-content\/uploads\/2026\/01\/truzzer-logo-black-1.svg","width":938,"height":199,"caption":"truzzer"},"image":{"@id":"https:\/\/www.truzzer.com\/no\/#\/schema\/logo\/image\/"}}]}},"tiered_pricing_type":"fixed","tiered_pricing_fixed_rules":[],"tiered_pricing_product_settings":{"layout":"default","base_unit_name":{"singular":null,"plural":null},"default_variation":null},"tiered_pricing_minimum_quantity":null,"tiered_pricing_roles_data":[],"tiered_pricing_percentage_rules":[],"tiered_pricing_maximum_quantity":null,"tiered_pricing_quantity_step":null,"_links":{"self":[{"href":"https:\/\/www.truzzer.com\/no\/wp-json\/wp\/v2\/product\/93687","targetHints":{"allow":["GET"]}}],"collection":[{"href":"https:\/\/www.truzzer.com\/no\/wp-json\/wp\/v2\/product"}],"about":[{"href":"https:\/\/www.truzzer.com\/no\/wp-json\/wp\/v2\/types\/product"}],"replies":[{"embeddable":true,"href":"https:\/\/www.truzzer.com\/no\/wp-json\/wp\/v2\/comments?post=93687"}],"wp:featuredmedia":[{"embeddable":true,"href":"https:\/\/www.truzzer.com\/no\/wp-json\/wp\/v2\/media\/93688"}],"wp:attachment":[{"href":"https:\/\/www.truzzer.com\/no\/wp-json\/wp\/v2\/media?parent=93687"}],"wp:term":[{"taxonomy":"product_brand","embeddable":true,"href":"https:\/\/www.truzzer.com\/no\/wp-json\/wp\/v2\/product_brand?post=93687"},{"taxonomy":"product_cat","embeddable":true,"href":"https:\/\/www.truzzer.com\/no\/wp-json\/wp\/v2\/product_cat?post=93687"},{"taxonomy":"product_tag","embeddable":true,"href":"https:\/\/www.truzzer.com\/no\/wp-json\/wp\/v2\/product_tag?post=93687"}],"curies":[{"name":"wp","href":"https:\/\/api.w.org\/{rel}","templated":true}]}}