{"id":93739,"date":"2026-02-01T20:08:40","date_gmt":"2026-02-01T20:08:40","guid":{"rendered":"https:\/\/beta.truzzer.com\/product\/follow-us-on-instagram-sticker-rectangle\/"},"modified":"2026-02-13T08:00:06","modified_gmt":"2026-02-13T08:00:06","slug":"follow-us-on-instagram-sticker-rectangle","status":"publish","type":"product","link":"https:\/\/www.truzzer.com\/no\/produkt\/follow-us-on-instagram-sticker-rectangle\/","title":{"rendered":"F\u00f8lg oss p\u00e5 Instagram Sticker rektangel"},"content":{"rendered":"<p>Med truzzer F\u00f8lg oss p\u00e5 Instagram-klistremerker med QR-kodelenke og ditt eget brukernavn, kan du enkelt f\u00e5 nye f\u00f8lgere p\u00e5 Instagram!<\/p>\n<p>I det praktiske st\u00e5ende formatet gj\u00f8r du kontoen din h\u00e5ndgripelig for kundene dine.<br \/>\nPlasser klistremerkene tydelig i kassen, p\u00e5 inngangsd\u00f8ren eller hvor som helst hvor kundene dine kan se klistremerkene.<\/p>\n<p>-Passer for innend\u00f8rs og utend\u00f8rs bruk<br \/>\n&#8211; V\u00e6rbestandig<br \/>\n-Passer for enhver glatt overflate<br \/>\n-For butikker, d\u00f8rer eller som bil Instagram-klistremerke<br \/>\n-Viser kundene dine at de ogs\u00e5 kan finne deg p\u00e5 Instagram<br \/>\n&#8211; Individuelt laget for deg<\/p>\n<p>F\u00f8lg oss p\u00e5 Instagram-klistremerker med QR-kode-koblingen leder kundene dine til profilen din n\u00e5r de skanner QR-koden.<\/p>\n<p>F\u00f8lg oss p\u00e5 Instagram-produktene er enkle \u00e5 bruke, som vi vil vise deg nedenfor ved \u00e5 bruke &laquo;F\u00f8lg oss p\u00e5 Instagram-klistremerker&raquo; som eksempel.<\/p>\n<p>&nbsp;<\/p>\n<h3>Trinn 1: Kunden skanner QR-koden<\/h3>\n<p>For \u00e5 f\u00f8lge deg trenger kunden bare \u00e5 skanne QR-koden. Alt du trenger \u00e5 gj\u00f8re er \u00e5 holde smarttelefonkameraet (ingen ekstra skanner-app n\u00f8dvendig) over produktet.<\/p>\n<p><img decoding=\"async\" class=\"alignleft wp-image-22262 size-full\" src=\"https:\/\/www.truzzer.com\/wp-content\/uploads\/2026\/02\/how-to-use-the-product-truzzer.jpg.webp\" alt=\"\" width=\"1400\" height=\"9p>30&#8243; height<\/p>\n<p>En popup vil da vises p\u00e5 skjermen (iPhone) eller en QR-kode (Android \/ Google smarttelefoner).<\/p>\n<h3>Trinn 2: Kunden g\u00e5r direkte til Instagram-profilen<\/h3>\n<p>Instagram \u00e5pnes da og kunden kan f\u00f8lge deg direkte. S\u00e5 lettMerk:<br \/>\nV\u00e6r oppmerksom p\u00e5 at en Instagram-profil kreves for \u00e5 f\u00e5 f\u00f8lgere.<\/p>\n<p>&nbsp;<\/p>\n<p>&nbsp;<\/p>\n","protected":false},"excerpt":{"rendered":"<p>Gj\u00f8r kundene dine til Instagram-f\u00f8lgere med de personlige F\u00f8lg oss p\u00e5 Instagram-klistremerkene med deres eget profilnavn og skannbare QR-kobling til Instagram-profilen din.<\/p>\n<p>-Passer for innend\u00f8rs og utend\u00f8rs bruk<br \/>\n-V\u00e6rbestandig<br \/>\n-Passer for enhver glatt overflate<br \/>\n-For butikker, d\u00f8rer eller som bil Instagram-klistremerke<br \/>\n-Viser kundene dine at de ogs\u00e5 kan finne deg p\u00e5 Instagram<br \/>\n-Individuelt laget for deg<br \/>\n-Tilgjengelig i tre st\u00f8rrelser<\/p>\n<p>Vi vil koble QR-koden til din Instagram-profil for deg!<br \/>\nVennligst legg til brukernavnet ditt lenger ned i bestillingsprosessen, f.eks. &laquo;@Ditt selskap&raquo;.<\/p>\n","protected":false},"featured_media":93740,"comment_status":"open","ping_status":"closed","template":"","meta":{"_acf_changed":false,"_yoast_wpseo_focuskw":"Instagram QR-kode Klistremerke","_yoast_wpseo_title":"F\u00f8lg oss p\u00e5 Instagram Klistremerke rektangel | truzzer","_yoast_wpseo_metadesc":"\u00d8k dine Instagram f\u00f8lgere raskt med v\u00e5rt QR-kode klistremerke fra truzzer. Bestill n\u00e5 \u2013 klar til bruk!"},"product_brand":[1658],"product_cat":[841,842,827,506,505],"product_tag":[],"class_list":{"0":"post-93739","1":"product","2":"type-product","3":"status-publish","4":"has-post-thumbnail","6":"product_brand-instagram","7":"product_cat-instagram-folgere-klistremerker","8":"product_cat-instagram-folgere-klistremerker-med-qr-kode","9":"product_cat-instagram-volgers-producten","10":"product_cat-qr-kode-klistremerker","11":"product_cat-qr-kode-produkter","12":"pa_product-type-klistremerke","13":"pa_shape-rechthoek","14":"pa_technology-qr-kode","16":"first","17":"instock","18":"taxable","19":"shipping-taxable","20":"purchasable","21":"product-type-variable","22":"has-default-attributes"},"acf":[],"yoast_head":"<!-- This site is optimized with the Yoast SEO plugin v27.0 - https:\/\/yoast.com\/product\/yoast-seo-wordpress\/ -->\n<title>F\u00f8lg oss p\u00e5 Instagram Klistremerke rektangel | truzzer<\/title>\n<meta name=\"description\" content=\"\u00d8k dine Instagram f\u00f8lgere raskt med v\u00e5rt QR-kode klistremerke fra truzzer. Bestill n\u00e5 \u2013 klar til bruk!\" \/>\n<meta name=\"robots\" content=\"index, follow, max-snippet:-1, max-image-preview:large, max-video-preview:-1\" \/>\n<link rel=\"canonical\" href=\"https:\/\/www.truzzer.com\/no\/produkt\/follow-us-on-instagram-sticker-rectangle\/\" \/>\n<meta property=\"og:locale\" content=\"nb_NO\" \/>\n<meta property=\"og:type\" content=\"article\" \/>\n<meta property=\"og:title\" content=\"F\u00f8lg oss p\u00e5 Instagram Klistremerke rektangel | truzzer\" \/>\n<meta property=\"og:description\" content=\"\u00d8k dine Instagram f\u00f8lgere raskt med v\u00e5rt QR-kode klistremerke fra truzzer. Bestill n\u00e5 \u2013 klar til bruk!\" \/>\n<meta property=\"og:url\" content=\"https:\/\/www.truzzer.com\/no\/produkt\/follow-us-on-instagram-sticker-rectangle\/\" \/>\n<meta property=\"og:site_name\" content=\"truzzer\" \/>\n<meta property=\"article:modified_time\" content=\"2026-02-13T08:00:06+00:00\" \/>\n<meta property=\"og:image\" content=\"https:\/\/www.truzzer.com\/wp-content\/uploads\/2026\/02\/follow-us-on-instagram-sticker-qr-code-truzzer-4-von-6-1.jpg\" \/>\n\t<meta property=\"og:image:width\" content=\"1400\" \/>\n\t<meta property=\"og:image:height\" content=\"1400\" \/>\n\t<meta property=\"og:image:type\" content=\"image\/jpeg\" \/>\n<meta name=\"twitter:card\" content=\"summary_large_image\" \/>\n<meta name=\"twitter:label1\" content=\"Ansl. lesetid\" \/>\n\t<meta name=\"twitter:data1\" content=\"1 minutt\" \/>\n<script type=\"application\/ld+json\" class=\"yoast-schema-graph\">{\"@context\":\"https:\/\/schema.org\",\"@graph\":[{\"@type\":\"WebPage\",\"@id\":\"https:\/\/www.truzzer.com\/no\/produkt\/follow-us-on-instagram-sticker-rectangle\/\",\"url\":\"https:\/\/www.truzzer.com\/no\/produkt\/follow-us-on-instagram-sticker-rectangle\/\",\"name\":\"F\u00f8lg oss p\u00e5 Instagram Klistremerke rektangel | truzzer\",\"isPartOf\":{\"@id\":\"https:\/\/www.truzzer.com\/no\/#website\"},\"primaryImageOfPage\":{\"@id\":\"https:\/\/www.truzzer.com\/no\/produkt\/follow-us-on-instagram-sticker-rectangle\/#primaryimage\"},\"image\":{\"@id\":\"https:\/\/www.truzzer.com\/no\/produkt\/follow-us-on-instagram-sticker-rectangle\/#primaryimage\"},\"thumbnailUrl\":\"https:\/\/www.truzzer.com\/wp-content\/uploads\/2026\/02\/follow-us-on-instagram-sticker-qr-code-truzzer-4-von-6-1.jpg\",\"datePublished\":\"2026-02-01T20:08:40+00:00\",\"dateModified\":\"2026-02-13T08:00:06+00:00\",\"description\":\"\u00d8k dine Instagram f\u00f8lgere raskt med v\u00e5rt QR-kode klistremerke fra truzzer. Bestill n\u00e5 \u2013 klar til bruk!\",\"breadcrumb\":{\"@id\":\"https:\/\/www.truzzer.com\/no\/produkt\/follow-us-on-instagram-sticker-rectangle\/#breadcrumb\"},\"inLanguage\":\"nb-NO\",\"potentialAction\":[{\"@type\":\"ReadAction\",\"target\":[\"https:\/\/www.truzzer.com\/no\/produkt\/follow-us-on-instagram-sticker-rectangle\/\"]}]},{\"@type\":\"ImageObject\",\"inLanguage\":\"nb-NO\",\"@id\":\"https:\/\/www.truzzer.com\/no\/produkt\/follow-us-on-instagram-sticker-rectangle\/#primaryimage\",\"url\":\"https:\/\/www.truzzer.com\/wp-content\/uploads\/2026\/02\/follow-us-on-instagram-sticker-qr-code-truzzer-4-von-6-1.jpg\",\"contentUrl\":\"https:\/\/www.truzzer.com\/wp-content\/uploads\/2026\/02\/follow-us-on-instagram-sticker-qr-code-truzzer-4-von-6-1.jpg\",\"width\":1400,\"height\":1400},{\"@type\":\"BreadcrumbList\",\"@id\":\"https:\/\/www.truzzer.com\/no\/produkt\/follow-us-on-instagram-sticker-rectangle\/#breadcrumb\",\"itemListElement\":[{\"@type\":\"ListItem\",\"position\":1,\"name\":\"Home\",\"item\":\"https:\/\/www.truzzer.com\/no\/\"},{\"@type\":\"ListItem\",\"position\":2,\"name\":\"Butikk\",\"item\":\"https:\/\/www.truzzer.com\/no\/butikk\/\"},{\"@type\":\"ListItem\",\"position\":3,\"name\":\"F\u00f8lg oss p\u00e5 Instagram Sticker rektangel\"}]},{\"@type\":\"WebSite\",\"@id\":\"https:\/\/www.truzzer.com\/no\/#website\",\"url\":\"https:\/\/www.truzzer.com\/no\/\",\"name\":\"truzzer\",\"description\":\"Experts for customer trust\",\"publisher\":{\"@id\":\"https:\/\/www.truzzer.com\/no\/#organization\"},\"potentialAction\":[{\"@type\":\"SearchAction\",\"target\":{\"@type\":\"EntryPoint\",\"urlTemplate\":\"https:\/\/www.truzzer.com\/no\/?s={search_term_string}\"},\"query-input\":{\"@type\":\"PropertyValueSpecification\",\"valueRequired\":true,\"valueName\":\"search_term_string\"}}],\"inLanguage\":\"nb-NO\"},{\"@type\":\"Organization\",\"@id\":\"https:\/\/www.truzzer.com\/no\/#organization\",\"name\":\"truzzer\",\"url\":\"https:\/\/www.truzzer.com\/no\/\",\"logo\":{\"@type\":\"ImageObject\",\"inLanguage\":\"nb-NO\",\"@id\":\"https:\/\/www.truzzer.com\/no\/#\/schema\/logo\/image\/\",\"url\":\"https:\/\/truzzer.com\/wp-content\/uploads\/2026\/01\/truzzer-logo-black-1.svg\",\"contentUrl\":\"https:\/\/truzzer.com\/wp-content\/uploads\/2026\/01\/truzzer-logo-black-1.svg\",\"width\":938,\"height\":199,\"caption\":\"truzzer\"},\"image\":{\"@id\":\"https:\/\/www.truzzer.com\/no\/#\/schema\/logo\/image\/\"}}]}<\/script>\n<!-- \/ Yoast SEO plugin. -->","yoast_head_json":{"title":"F\u00f8lg oss p\u00e5 Instagram Klistremerke rektangel | truzzer","description":"\u00d8k dine Instagram f\u00f8lgere raskt med v\u00e5rt QR-kode klistremerke fra truzzer. Bestill n\u00e5 \u2013 klar til bruk!","robots":{"index":"index","follow":"follow","max-snippet":"max-snippet:-1","max-image-preview":"max-image-preview:large","max-video-preview":"max-video-preview:-1"},"canonical":"https:\/\/www.truzzer.com\/no\/produkt\/follow-us-on-instagram-sticker-rectangle\/","og_locale":"nb_NO","og_type":"article","og_title":"F\u00f8lg oss p\u00e5 Instagram Klistremerke rektangel | truzzer","og_description":"\u00d8k dine Instagram f\u00f8lgere raskt med v\u00e5rt QR-kode klistremerke fra truzzer. Bestill n\u00e5 \u2013 klar til bruk!","og_url":"https:\/\/www.truzzer.com\/no\/produkt\/follow-us-on-instagram-sticker-rectangle\/","og_site_name":"truzzer","article_modified_time":"2026-02-13T08:00:06+00:00","og_image":[{"width":1400,"height":1400,"url":"https:\/\/www.truzzer.com\/wp-content\/uploads\/2026\/02\/follow-us-on-instagram-sticker-qr-code-truzzer-4-von-6-1.jpg","type":"image\/jpeg"}],"twitter_card":"summary_large_image","twitter_misc":{"Ansl. lesetid":"1 minutt"},"schema":{"@context":"https:\/\/schema.org","@graph":[{"@type":"WebPage","@id":"https:\/\/www.truzzer.com\/no\/produkt\/follow-us-on-instagram-sticker-rectangle\/","url":"https:\/\/www.truzzer.com\/no\/produkt\/follow-us-on-instagram-sticker-rectangle\/","name":"F\u00f8lg oss p\u00e5 Instagram Klistremerke rektangel | truzzer","isPartOf":{"@id":"https:\/\/www.truzzer.com\/no\/#website"},"primaryImageOfPage":{"@id":"https:\/\/www.truzzer.com\/no\/produkt\/follow-us-on-instagram-sticker-rectangle\/#primaryimage"},"image":{"@id":"https:\/\/www.truzzer.com\/no\/produkt\/follow-us-on-instagram-sticker-rectangle\/#primaryimage"},"thumbnailUrl":"https:\/\/www.truzzer.com\/wp-content\/uploads\/2026\/02\/follow-us-on-instagram-sticker-qr-code-truzzer-4-von-6-1.jpg","datePublished":"2026-02-01T20:08:40+00:00","dateModified":"2026-02-13T08:00:06+00:00","description":"\u00d8k dine Instagram f\u00f8lgere raskt med v\u00e5rt QR-kode klistremerke fra truzzer. Bestill n\u00e5 \u2013 klar til bruk!","breadcrumb":{"@id":"https:\/\/www.truzzer.com\/no\/produkt\/follow-us-on-instagram-sticker-rectangle\/#breadcrumb"},"inLanguage":"nb-NO","potentialAction":[{"@type":"ReadAction","target":["https:\/\/www.truzzer.com\/no\/produkt\/follow-us-on-instagram-sticker-rectangle\/"]}]},{"@type":"ImageObject","inLanguage":"nb-NO","@id":"https:\/\/www.truzzer.com\/no\/produkt\/follow-us-on-instagram-sticker-rectangle\/#primaryimage","url":"https:\/\/www.truzzer.com\/wp-content\/uploads\/2026\/02\/follow-us-on-instagram-sticker-qr-code-truzzer-4-von-6-1.jpg","contentUrl":"https:\/\/www.truzzer.com\/wp-content\/uploads\/2026\/02\/follow-us-on-instagram-sticker-qr-code-truzzer-4-von-6-1.jpg","width":1400,"height":1400},{"@type":"BreadcrumbList","@id":"https:\/\/www.truzzer.com\/no\/produkt\/follow-us-on-instagram-sticker-rectangle\/#breadcrumb","itemListElement":[{"@type":"ListItem","position":1,"name":"Home","item":"https:\/\/www.truzzer.com\/no\/"},{"@type":"ListItem","position":2,"name":"Butikk","item":"https:\/\/www.truzzer.com\/no\/butikk\/"},{"@type":"ListItem","position":3,"name":"F\u00f8lg oss p\u00e5 Instagram Sticker rektangel"}]},{"@type":"WebSite","@id":"https:\/\/www.truzzer.com\/no\/#website","url":"https:\/\/www.truzzer.com\/no\/","name":"truzzer","description":"Experts for customer trust","publisher":{"@id":"https:\/\/www.truzzer.com\/no\/#organization"},"potentialAction":[{"@type":"SearchAction","target":{"@type":"EntryPoint","urlTemplate":"https:\/\/www.truzzer.com\/no\/?s={search_term_string}"},"query-input":{"@type":"PropertyValueSpecification","valueRequired":true,"valueName":"search_term_string"}}],"inLanguage":"nb-NO"},{"@type":"Organization","@id":"https:\/\/www.truzzer.com\/no\/#organization","name":"truzzer","url":"https:\/\/www.truzzer.com\/no\/","logo":{"@type":"ImageObject","inLanguage":"nb-NO","@id":"https:\/\/www.truzzer.com\/no\/#\/schema\/logo\/image\/","url":"https:\/\/truzzer.com\/wp-content\/uploads\/2026\/01\/truzzer-logo-black-1.svg","contentUrl":"https:\/\/truzzer.com\/wp-content\/uploads\/2026\/01\/truzzer-logo-black-1.svg","width":938,"height":199,"caption":"truzzer"},"image":{"@id":"https:\/\/www.truzzer.com\/no\/#\/schema\/logo\/image\/"}}]}},"tiered_pricing_type":"fixed","tiered_pricing_fixed_rules":[],"tiered_pricing_product_settings":{"layout":"default","base_unit_name":{"singular":null,"plural":null},"default_variation":null},"tiered_pricing_minimum_quantity":null,"tiered_pricing_roles_data":[],"tiered_pricing_percentage_rules":[],"tiered_pricing_maximum_quantity":null,"tiered_pricing_quantity_step":null,"_links":{"self":[{"href":"https:\/\/www.truzzer.com\/no\/wp-json\/wp\/v2\/product\/93739","targetHints":{"allow":["GET"]}}],"collection":[{"href":"https:\/\/www.truzzer.com\/no\/wp-json\/wp\/v2\/product"}],"about":[{"href":"https:\/\/www.truzzer.com\/no\/wp-json\/wp\/v2\/types\/product"}],"replies":[{"embeddable":true,"href":"https:\/\/www.truzzer.com\/no\/wp-json\/wp\/v2\/comments?post=93739"}],"wp:featuredmedia":[{"embeddable":true,"href":"https:\/\/www.truzzer.com\/no\/wp-json\/wp\/v2\/media\/93740"}],"wp:attachment":[{"href":"https:\/\/www.truzzer.com\/no\/wp-json\/wp\/v2\/media?parent=93739"}],"wp:term":[{"taxonomy":"product_brand","embeddable":true,"href":"https:\/\/www.truzzer.com\/no\/wp-json\/wp\/v2\/product_brand?post=93739"},{"taxonomy":"product_cat","embeddable":true,"href":"https:\/\/www.truzzer.com\/no\/wp-json\/wp\/v2\/product_cat?post=93739"},{"taxonomy":"product_tag","embeddable":true,"href":"https:\/\/www.truzzer.com\/no\/wp-json\/wp\/v2\/product_tag?post=93739"}],"curies":[{"name":"wp","href":"https:\/\/api.w.org\/{rel}","templated":true}]}}