{"id":93995,"date":"2026-02-01T20:07:56","date_gmt":"2026-02-01T20:07:56","guid":{"rendered":"https:\/\/beta.truzzer.com\/product\/review-us-on-google-package-bold-cards-and-stickers\/"},"modified":"2026-02-13T08:06:17","modified_gmt":"2026-02-13T08:06:17","slug":"review-us-on-google-package-bold-cards-and-stickers","status":"publish","type":"product","link":"https:\/\/www.truzzer.com\/no\/produkt\/review-us-on-google-package-bold-cards-and-stickers\/","title":{"rendered":"Anmeld oss \u200b\u200bp\u00e5 Google Package Bold &#8211; Cards and Stickers"},"content":{"rendered":"<h2>Bare f\u00e5 flere Google-anmeldelser fra kunder<\/h2>\n<p>Med truzzer Google anmeldelsespakke kan du f\u00e5 positive anmeldelser fra forn\u00f8yde kunder raskere og forbedre ditt image og omd\u00f8mme.<br \/>\nI tillegg \u00f8ker du b\u00e5ndet til bedriften din og SEO-rangeringen din gjennom de positive anmeldelsene.<\/p>\n<p>Settet best\u00e5r av v\u00e5re bestselgere:<\/p>\n<ul>\n<li>100 Google anmeldelseskort fet med logo og QR kodekobling<\/li>\n<li>5 Google-klistremerker (fet design) med\u00a0 Logo og QR-kode<\/li>\n<\/ul>\n<p><strong>Google anmeldelseskort med fet skrift<br \/>\n<\/strong><\/p>\n<p>I det hendige og samtidig sl\u00e5ende DIN A6-postkortformatet gj\u00f8r du onlineanmeldelsen h\u00e5ndgripelig for kundene dine.<br \/>\nLegg truzzer Google anmeldelseskort i kundenes handleposer, gi dem til regningen, send dem sammen med produktene dine eller legg dem p\u00e5 bordene i restauranten. Ferdig.<\/p>\n<p><strong>Google anmeldelsesklistremerker fet<br \/>\n<\/strong><\/p>\n<p>-Passer for innend\u00f8rs og utend\u00f8rs bruk<br \/>\n&#8211; V\u00e6rbestandig<br \/>\n-Passer for enhver glatt overflate<br \/>\n-For butikker, d\u00f8rer eller som bil Google-klistremerke<br \/>\n-Viser kundene dine at de ogs\u00e5 kan finne deg p\u00e5 Google<br \/>\n&#8211; Individuelt laget for deg<\/p>\n<p>Gjennomg\u00e5 oss p\u00e5 Google-produktene er enkle \u00e5 bruke, som vi vil vise deg nedenfor ved \u00e5 bruke eksemplet med anmeldelsesklistremerker.<\/p>\n<p>&nbsp;<\/p>\n<h3>Trinn 1: Kunden skanner QR-koden<\/h3>\n<p>For \u00e5 f\u00f8lge deg trenger kunden bare \u00e5 skanne QR-koden. Alt du trenger \u00e5 gj\u00f8re er \u00e5 holde smarttelefonkameraet (ingen ekstra skanner-app n\u00f8dvendig) over produktet.<\/p>\n<p><img decoding=\"async\" src=\"https:\/\/www.truzzer.com\/wp-content\/uploads\/2026\/02\/how-to-use-the-product-truzzer-google.jpg.webp\" width=\"p&gt;\" class=\"alignnone wp-image-22402 size-full\" alt=\"Hand scanning a QR code for Google reviews on a smartphone.\"  > 3430&#8243; h\u00f8yde=&raquo;p>1430&#8243;<\/p>\n<p>En popup vil da vises p\u00e5 skjermen (iPhone) eller en QR-kode (Android \/ Google smarttelefoner).<\/p>\n<h3>Trinn 2: Kunden g\u00e5r direkte til Google-gjennomgangsskjemaet<\/h3>\n<p>Anmeldelsesskjemaet \u00e5pnes i smarttelefonens nettleser, og kunden kan vurdere deg direkte.<\/p>\n<p>Merk:<br \/>\nV\u00e6r oppmerksom p\u00e5 at en Google My Business-profil kreves for \u00e5 f\u00e5 Google-anmeldelser.<\/p>\n<p>&nbsp;<\/p>\n","protected":false},"excerpt":{"rendered":"<p><strong>Gj\u00f8r Google-anmeldelsen konkret for kundene dine<\/strong><\/p>\n<p>truzzer Google anmeldelsespakke &#8220;Fet&#8221;\u00a0 best\u00e5ende av de absolutte bestselgerne i butikken v\u00e5r &#8211; 100 anmeld oss \u200b\u200bp\u00e5 Google-kort i dristig design og 5 Google-klistremerker med en diameter p\u00e5 14,8 cm \/ 5,8&#8243; .<\/p>\n<p>Kortene og klistremerkene er personlig tilpasset med logoen din, og QR-koden f\u00f8rer direkte til anmeldelsesskjemaet p\u00e5 Google.<br \/>\nVi vil opprette og koble QR-koden for direkte evaluering p\u00e5 Google-profilen din for deg!<br \/>\nVi henter denne informasjonen fra bedriftens adresse.<\/p>\n<p>Du kan finne mer informasjon om hvordan kortene hjelper deg her:\n<\/p>\n<p>&nbsp;<\/p>\n","protected":false},"featured_media":93996,"comment_status":"open","ping_status":"closed","template":"","meta":{"_acf_changed":false,"_yoast_wpseo_focuskw":"Google Anmeldelse Pakke","_yoast_wpseo_title":"Anmeld oss p\u00e5 Google Pakke Bold | truzzer","_yoast_wpseo_metadesc":"F\u00e5 flere 5-stjerners Google anmeldelser med v\u00e5rt komplette kort & klistremerke sett fra truzzer. Bestill n\u00e5 \u2013 klar til bruk!"},"product_brand":[1656],"product_cat":[1097,767,1096,505],"product_tag":[],"class_list":{"0":"post-93995","1":"product","2":"type-product","3":"status-publish","4":"has-post-thumbnail","6":"product_brand-google","7":"product_cat-bundles","8":"product_cat-google-anmeldelse-produkter","9":"product_cat-google-review-package","10":"product_cat-qr-kode-produkter","11":"pa_industry-detailhandel","12":"pa_industry-fitness-gym","13":"pa_industry-restaurant-kafe","14":"pa_material-vinyl","15":"pa_placement-balie-receptie","16":"pa_placement-verpakking","17":"pa_placement-window-door","18":"pa_product-type-klistremerke","19":"pa_technology-qr-code","20":"pa_technology-qr-kode","22":"first","23":"instock","24":"taxable","25":"shipping-taxable","26":"purchasable","27":"product-type-simple"},"acf":[],"yoast_head":"<!-- This site is optimized with the Yoast SEO plugin v27.0 - https:\/\/yoast.com\/product\/yoast-seo-wordpress\/ -->\n<title>Anmeld oss p\u00e5 Google Pakke Bold | truzzer<\/title>\n<meta name=\"description\" content=\"F\u00e5 flere 5-stjerners Google anmeldelser med v\u00e5rt komplette kort &amp; klistremerke sett fra truzzer. Bestill n\u00e5 \u2013 klar til bruk!\" \/>\n<meta name=\"robots\" content=\"index, follow, max-snippet:-1, max-image-preview:large, max-video-preview:-1\" \/>\n<link rel=\"canonical\" href=\"https:\/\/www.truzzer.com\/no\/produkt\/review-us-on-google-package-bold-cards-and-stickers\/\" \/>\n<meta property=\"og:locale\" content=\"nb_NO\" \/>\n<meta property=\"og:type\" content=\"article\" \/>\n<meta property=\"og:title\" content=\"Anmeld oss p\u00e5 Google Pakke Bold | truzzer\" \/>\n<meta property=\"og:description\" content=\"F\u00e5 flere 5-stjerners Google anmeldelser med v\u00e5rt komplette kort &amp; klistremerke sett fra truzzer. Bestill n\u00e5 \u2013 klar til bruk!\" \/>\n<meta property=\"og:url\" content=\"https:\/\/www.truzzer.com\/no\/produkt\/review-us-on-google-package-bold-cards-and-stickers\/\" \/>\n<meta property=\"og:site_name\" content=\"truzzer\" \/>\n<meta property=\"article:modified_time\" content=\"2026-02-13T08:06:17+00:00\" \/>\n<meta property=\"og:image\" content=\"https:\/\/www.truzzer.com\/wp-content\/uploads\/2026\/02\/review-us-on-google-package-bold-front-qr-code-truzzer-1-von-11-1.jpg\" \/>\n\t<meta property=\"og:image:width\" content=\"1400\" \/>\n\t<meta property=\"og:image:height\" content=\"1400\" \/>\n\t<meta property=\"og:image:type\" content=\"image\/jpeg\" \/>\n<meta name=\"twitter:card\" content=\"summary_large_image\" \/>\n<meta name=\"twitter:label1\" content=\"Ansl. lesetid\" \/>\n\t<meta name=\"twitter:data1\" content=\"1 minutt\" \/>\n<script type=\"application\/ld+json\" class=\"yoast-schema-graph\">{\"@context\":\"https:\/\/schema.org\",\"@graph\":[{\"@type\":\"WebPage\",\"@id\":\"https:\/\/www.truzzer.com\/no\/produkt\/review-us-on-google-package-bold-cards-and-stickers\/\",\"url\":\"https:\/\/www.truzzer.com\/no\/produkt\/review-us-on-google-package-bold-cards-and-stickers\/\",\"name\":\"Anmeld oss p\u00e5 Google Pakke Bold | truzzer\",\"isPartOf\":{\"@id\":\"https:\/\/www.truzzer.com\/no\/#website\"},\"primaryImageOfPage\":{\"@id\":\"https:\/\/www.truzzer.com\/no\/produkt\/review-us-on-google-package-bold-cards-and-stickers\/#primaryimage\"},\"image\":{\"@id\":\"https:\/\/www.truzzer.com\/no\/produkt\/review-us-on-google-package-bold-cards-and-stickers\/#primaryimage\"},\"thumbnailUrl\":\"https:\/\/www.truzzer.com\/wp-content\/uploads\/2026\/02\/review-us-on-google-package-bold-front-qr-code-truzzer-1-von-11-1.jpg\",\"datePublished\":\"2026-02-01T20:07:56+00:00\",\"dateModified\":\"2026-02-13T08:06:17+00:00\",\"description\":\"F\u00e5 flere 5-stjerners Google anmeldelser med v\u00e5rt komplette kort & klistremerke sett fra truzzer. Bestill n\u00e5 \u2013 klar til bruk!\",\"breadcrumb\":{\"@id\":\"https:\/\/www.truzzer.com\/no\/produkt\/review-us-on-google-package-bold-cards-and-stickers\/#breadcrumb\"},\"inLanguage\":\"nb-NO\",\"potentialAction\":[{\"@type\":\"ReadAction\",\"target\":[\"https:\/\/www.truzzer.com\/no\/produkt\/review-us-on-google-package-bold-cards-and-stickers\/\"]}]},{\"@type\":\"ImageObject\",\"inLanguage\":\"nb-NO\",\"@id\":\"https:\/\/www.truzzer.com\/no\/produkt\/review-us-on-google-package-bold-cards-and-stickers\/#primaryimage\",\"url\":\"https:\/\/www.truzzer.com\/wp-content\/uploads\/2026\/02\/review-us-on-google-package-bold-front-qr-code-truzzer-1-von-11-1.jpg\",\"contentUrl\":\"https:\/\/www.truzzer.com\/wp-content\/uploads\/2026\/02\/review-us-on-google-package-bold-front-qr-code-truzzer-1-von-11-1.jpg\",\"width\":1400,\"height\":1400},{\"@type\":\"BreadcrumbList\",\"@id\":\"https:\/\/www.truzzer.com\/no\/produkt\/review-us-on-google-package-bold-cards-and-stickers\/#breadcrumb\",\"itemListElement\":[{\"@type\":\"ListItem\",\"position\":1,\"name\":\"Home\",\"item\":\"https:\/\/www.truzzer.com\/no\/\"},{\"@type\":\"ListItem\",\"position\":2,\"name\":\"Butikk\",\"item\":\"https:\/\/www.truzzer.com\/no\/butikk\/\"},{\"@type\":\"ListItem\",\"position\":3,\"name\":\"Anmeld oss \u200b\u200bp\u00e5 Google Package Bold &#8211; Cards and Stickers\"}]},{\"@type\":\"WebSite\",\"@id\":\"https:\/\/www.truzzer.com\/no\/#website\",\"url\":\"https:\/\/www.truzzer.com\/no\/\",\"name\":\"truzzer\",\"description\":\"Experts for customer trust\",\"publisher\":{\"@id\":\"https:\/\/www.truzzer.com\/no\/#organization\"},\"potentialAction\":[{\"@type\":\"SearchAction\",\"target\":{\"@type\":\"EntryPoint\",\"urlTemplate\":\"https:\/\/www.truzzer.com\/no\/?s={search_term_string}\"},\"query-input\":{\"@type\":\"PropertyValueSpecification\",\"valueRequired\":true,\"valueName\":\"search_term_string\"}}],\"inLanguage\":\"nb-NO\"},{\"@type\":\"Organization\",\"@id\":\"https:\/\/www.truzzer.com\/no\/#organization\",\"name\":\"truzzer\",\"url\":\"https:\/\/www.truzzer.com\/no\/\",\"logo\":{\"@type\":\"ImageObject\",\"inLanguage\":\"nb-NO\",\"@id\":\"https:\/\/www.truzzer.com\/no\/#\/schema\/logo\/image\/\",\"url\":\"https:\/\/truzzer.com\/wp-content\/uploads\/2026\/01\/truzzer-logo-black-1.svg\",\"contentUrl\":\"https:\/\/truzzer.com\/wp-content\/uploads\/2026\/01\/truzzer-logo-black-1.svg\",\"width\":938,\"height\":199,\"caption\":\"truzzer\"},\"image\":{\"@id\":\"https:\/\/www.truzzer.com\/no\/#\/schema\/logo\/image\/\"}}]}<\/script>\n<!-- \/ Yoast SEO plugin. -->","yoast_head_json":{"title":"Anmeld oss p\u00e5 Google Pakke Bold | truzzer","description":"F\u00e5 flere 5-stjerners Google anmeldelser med v\u00e5rt komplette kort & klistremerke sett fra truzzer. Bestill n\u00e5 \u2013 klar til bruk!","robots":{"index":"index","follow":"follow","max-snippet":"max-snippet:-1","max-image-preview":"max-image-preview:large","max-video-preview":"max-video-preview:-1"},"canonical":"https:\/\/www.truzzer.com\/no\/produkt\/review-us-on-google-package-bold-cards-and-stickers\/","og_locale":"nb_NO","og_type":"article","og_title":"Anmeld oss p\u00e5 Google Pakke Bold | truzzer","og_description":"F\u00e5 flere 5-stjerners Google anmeldelser med v\u00e5rt komplette kort & klistremerke sett fra truzzer. Bestill n\u00e5 \u2013 klar til bruk!","og_url":"https:\/\/www.truzzer.com\/no\/produkt\/review-us-on-google-package-bold-cards-and-stickers\/","og_site_name":"truzzer","article_modified_time":"2026-02-13T08:06:17+00:00","og_image":[{"width":1400,"height":1400,"url":"https:\/\/www.truzzer.com\/wp-content\/uploads\/2026\/02\/review-us-on-google-package-bold-front-qr-code-truzzer-1-von-11-1.jpg","type":"image\/jpeg"}],"twitter_card":"summary_large_image","twitter_misc":{"Ansl. lesetid":"1 minutt"},"schema":{"@context":"https:\/\/schema.org","@graph":[{"@type":"WebPage","@id":"https:\/\/www.truzzer.com\/no\/produkt\/review-us-on-google-package-bold-cards-and-stickers\/","url":"https:\/\/www.truzzer.com\/no\/produkt\/review-us-on-google-package-bold-cards-and-stickers\/","name":"Anmeld oss p\u00e5 Google Pakke Bold | truzzer","isPartOf":{"@id":"https:\/\/www.truzzer.com\/no\/#website"},"primaryImageOfPage":{"@id":"https:\/\/www.truzzer.com\/no\/produkt\/review-us-on-google-package-bold-cards-and-stickers\/#primaryimage"},"image":{"@id":"https:\/\/www.truzzer.com\/no\/produkt\/review-us-on-google-package-bold-cards-and-stickers\/#primaryimage"},"thumbnailUrl":"https:\/\/www.truzzer.com\/wp-content\/uploads\/2026\/02\/review-us-on-google-package-bold-front-qr-code-truzzer-1-von-11-1.jpg","datePublished":"2026-02-01T20:07:56+00:00","dateModified":"2026-02-13T08:06:17+00:00","description":"F\u00e5 flere 5-stjerners Google anmeldelser med v\u00e5rt komplette kort & klistremerke sett fra truzzer. Bestill n\u00e5 \u2013 klar til bruk!","breadcrumb":{"@id":"https:\/\/www.truzzer.com\/no\/produkt\/review-us-on-google-package-bold-cards-and-stickers\/#breadcrumb"},"inLanguage":"nb-NO","potentialAction":[{"@type":"ReadAction","target":["https:\/\/www.truzzer.com\/no\/produkt\/review-us-on-google-package-bold-cards-and-stickers\/"]}]},{"@type":"ImageObject","inLanguage":"nb-NO","@id":"https:\/\/www.truzzer.com\/no\/produkt\/review-us-on-google-package-bold-cards-and-stickers\/#primaryimage","url":"https:\/\/www.truzzer.com\/wp-content\/uploads\/2026\/02\/review-us-on-google-package-bold-front-qr-code-truzzer-1-von-11-1.jpg","contentUrl":"https:\/\/www.truzzer.com\/wp-content\/uploads\/2026\/02\/review-us-on-google-package-bold-front-qr-code-truzzer-1-von-11-1.jpg","width":1400,"height":1400},{"@type":"BreadcrumbList","@id":"https:\/\/www.truzzer.com\/no\/produkt\/review-us-on-google-package-bold-cards-and-stickers\/#breadcrumb","itemListElement":[{"@type":"ListItem","position":1,"name":"Home","item":"https:\/\/www.truzzer.com\/no\/"},{"@type":"ListItem","position":2,"name":"Butikk","item":"https:\/\/www.truzzer.com\/no\/butikk\/"},{"@type":"ListItem","position":3,"name":"Anmeld oss \u200b\u200bp\u00e5 Google Package Bold &#8211; Cards and Stickers"}]},{"@type":"WebSite","@id":"https:\/\/www.truzzer.com\/no\/#website","url":"https:\/\/www.truzzer.com\/no\/","name":"truzzer","description":"Experts for customer trust","publisher":{"@id":"https:\/\/www.truzzer.com\/no\/#organization"},"potentialAction":[{"@type":"SearchAction","target":{"@type":"EntryPoint","urlTemplate":"https:\/\/www.truzzer.com\/no\/?s={search_term_string}"},"query-input":{"@type":"PropertyValueSpecification","valueRequired":true,"valueName":"search_term_string"}}],"inLanguage":"nb-NO"},{"@type":"Organization","@id":"https:\/\/www.truzzer.com\/no\/#organization","name":"truzzer","url":"https:\/\/www.truzzer.com\/no\/","logo":{"@type":"ImageObject","inLanguage":"nb-NO","@id":"https:\/\/www.truzzer.com\/no\/#\/schema\/logo\/image\/","url":"https:\/\/truzzer.com\/wp-content\/uploads\/2026\/01\/truzzer-logo-black-1.svg","contentUrl":"https:\/\/truzzer.com\/wp-content\/uploads\/2026\/01\/truzzer-logo-black-1.svg","width":938,"height":199,"caption":"truzzer"},"image":{"@id":"https:\/\/www.truzzer.com\/no\/#\/schema\/logo\/image\/"}}]}},"tiered_pricing_type":"fixed","tiered_pricing_fixed_rules":[],"tiered_pricing_product_settings":{"layout":"default","base_unit_name":{"singular":null,"plural":null},"default_variation":null},"tiered_pricing_minimum_quantity":109,"tiered_pricing_roles_data":[],"tiered_pricing_percentage_rules":[],"tiered_pricing_maximum_quantity":null,"tiered_pricing_quantity_step":null,"_links":{"self":[{"href":"https:\/\/www.truzzer.com\/no\/wp-json\/wp\/v2\/product\/93995","targetHints":{"allow":["GET"]}}],"collection":[{"href":"https:\/\/www.truzzer.com\/no\/wp-json\/wp\/v2\/product"}],"about":[{"href":"https:\/\/www.truzzer.com\/no\/wp-json\/wp\/v2\/types\/product"}],"replies":[{"embeddable":true,"href":"https:\/\/www.truzzer.com\/no\/wp-json\/wp\/v2\/comments?post=93995"}],"wp:featuredmedia":[{"embeddable":true,"href":"https:\/\/www.truzzer.com\/no\/wp-json\/wp\/v2\/media\/93996"}],"wp:attachment":[{"href":"https:\/\/www.truzzer.com\/no\/wp-json\/wp\/v2\/media?parent=93995"}],"wp:term":[{"taxonomy":"product_brand","embeddable":true,"href":"https:\/\/www.truzzer.com\/no\/wp-json\/wp\/v2\/product_brand?post=93995"},{"taxonomy":"product_cat","embeddable":true,"href":"https:\/\/www.truzzer.com\/no\/wp-json\/wp\/v2\/product_cat?post=93995"},{"taxonomy":"product_tag","embeddable":true,"href":"https:\/\/www.truzzer.com\/no\/wp-json\/wp\/v2\/product_tag?post=93995"}],"curies":[{"name":"wp","href":"https:\/\/api.w.org\/{rel}","templated":true}]}}