{"id":94055,"date":"2026-02-01T20:07:39","date_gmt":"2026-02-01T20:07:39","guid":{"rendered":"https:\/\/beta.truzzer.com\/product\/google-review-card-minimal\/"},"modified":"2026-02-13T08:08:49","modified_gmt":"2026-02-13T08:08:49","slug":"google-review-card-minimal","status":"publish","type":"product","link":"https:\/\/www.truzzer.com\/no\/produkt\/google-review-card-minimal\/","title":{"rendered":"Google Review Card &laquo;Minimal&raquo;"},"content":{"rendered":"<h2>Bare f\u00e5 flere Google-anmeldelser fra kunder<\/h2>\n<p>Med truzzer Google-anmeldelseskortene kan du f\u00e5 positive Google-anmeldelser fra forn\u00f8yde kunder raskere og forbedre omd\u00f8mmet og omd\u00f8mmet ditt.<br \/>\nI tillegg \u00f8ker du b\u00e5ndet til bedriften din og SEO-rangeringen din gjennom de positive anmeldelsene.<\/p>\n<p>I det hendige og samtidig sl\u00e5ende DIN A6-postkortformatet gj\u00f8r du nettvurderingen h\u00e5ndgripelig for kundene dine.<br \/>\nLegg truzzer Google anmeldelseskort i kundenes handleposer, gi dem til regningen, send dem sammen med produktene dine eller legg dem p\u00e5 bordene i restauranten. Ferdig.<\/p>\n<p>QR-koden tar kunder direkte til din Google-anmeldelse UTEN \u00e5 m\u00e5tte s\u00f8ke etter deg p\u00e5 Google f\u00f8rst. Slik reduserer du hopp i Google-gjennomgangsprosessen.<\/p>\n<p>Du kan enkelt tilpasse Google-anmeldelseskortene med logoen din og tilpasse dem til din bedrift.<\/p>\n<p>&nbsp;<\/p>\n<p>Gjennomg\u00e5 oss p\u00e5 Google-produktene er enkle \u00e5 bruke, som vi vil vise deg nedenfor ved \u00e5 bruke eksemplet med anmeldelsesklistremerker.<\/p>\n<p>&nbsp;<\/p>\n<h3>Trinn 1: Kunden skanner QR-koden<\/h3>\n<p>For \u00e5 f\u00f8lge deg trenger kunden bare \u00e5 skanne QR-koden. Alt du trenger \u00e5 gj\u00f8re er \u00e5 holde smarttelefonkameraet (ingen ekstra skanner-app n\u00f8dvendig) over produktet.<\/p>\n<p><img decoding=\"async\" src=\"https:\/\/www.truzzer.com\/wp-content\/uploads\/2026\/02\/how-to-use-the-product-truzzer-google.jpg.webp\" width=\"p&gt;\" class=\"alignnone wp-image-22402 size-full\" alt=\"Hand scanning a QR code for Google reviews on a smartphone.\"  > 3430&#8243; h\u00f8yde=&raquo;p>1430&#8243;<\/p>\n<p>En popup vil da vises p\u00e5 skjermen (iPhone) eller en QR-kode (Android \/ Google smarttelefoner).<\/p>\n<h3>Trinn 2: Kunden g\u00e5r direkte til Google-gjennomgangsskjemaet<\/h3>\n<p>Anmeldelsesskjemaet \u00e5pnes i smarttelefonens nettleser, og kunden kan vurdere deg direkte.<\/p>\n<p>Merk:<br \/>\nV\u00e6r oppmerksom p\u00e5 at en Google My Business-profil kreves for \u00e5 f\u00e5 Google-anmeldelser.<\/p>\n<p>&nbsp;<\/p>\n","protected":false},"excerpt":{"rendered":"<p><strong>Google-anmeldelseskortet i en slankere design<\/strong><\/p>\n<p>Med Google anmeldelseskort gir vi deg muligheten til \u00e5 f\u00e5 flere anmeldelser p\u00e5 Google raskere og enklere. Ikke mer \u00e5 sp\u00f8rre og be om anmeldelser. Bare gi fra deg kortet og motta Google-anmeldelser fra kunder.<\/p>\n<p>Anmeldelseskortene er sv\u00e6rt kundevennlige og gj\u00f8r Google-anmeldelsen h\u00e5ndgripelig for kundene dine<br \/>\nBare gi kortene til kundene dine, vis dem i butikken eller legg dem i handleposen.<br \/>\nKundene dine ser foresp\u00f8rselen om \u00e5 anmelde deg og trenger bare \u00e5 holde smarttelefonkameraet over QR-koden og vurdere deg direkte.<\/p>\n<p>Kortene er personlig tilpasset med logoen din foran og bak, og QR-koden f\u00f8rer direkte til anmeldelsesskjemaet p\u00e5 Google.<br \/>\nVi vil opprette og koble QR-koden for direkte evaluering p\u00e5 Google-profilen din for deg!<br \/>\nVi henter denne informasjonen fra bedriftens adresse.<\/p>\n<p>&nbsp;<\/p>\n<h3>Gjennomgangskortene hjelper deg hvis:<\/h3>\n<ul>\n<li><strong>Du \u00f8nsker \u00e5 f\u00e5 flere anmeldelser p\u00e5 Google<\/strong><\/li>\n<li><strong>Du \u00f8nsker \u00e5 tiltrekke deg flere kunder og \u00f8ke salget ditt<\/strong><\/li>\n<li><strong><\/strong><\/li>\n<li><strong><\/strong><\/li>\n<\/ul>\n<p>&nbsp;<\/p>\n","protected":false},"featured_media":94056,"comment_status":"open","ping_status":"closed","template":"","meta":{"_acf_changed":false,"_yoast_wpseo_focuskw":"Google Anmeldelse Visittkort","_yoast_wpseo_title":"Google Anmeldelse Card \u201cMinimal\u201d | truzzer","_yoast_wpseo_metadesc":"F\u00e5 flere 5-stjerners Google anmeldelser med v\u00e5rt QR-kode visittkort fra truzzer. Bestill n\u00e5 \u2013 klar til bruk!"},"product_brand":[1656],"product_cat":[769,768,767,770,505],"product_tag":[],"class_list":{"0":"post-94055","1":"product","2":"type-product","3":"status-publish","4":"has-post-thumbnail","6":"product_brand-google","7":"product_cat-google-anmeldelse-anmeldelseskort-med-qr-kode","8":"product_cat-google-anmeldelse-kort","9":"product_cat-google-anmeldelse-produkter","10":"product_cat-qr-kode-kort","11":"product_cat-qr-kode-produkter","12":"pa_industry-autodealer","13":"pa_industry-detailhandel","14":"pa_industry-schoonheidssalon","15":"pa_material-kartong","16":"pa_placement-bon","17":"pa_placement-brosjyre","18":"pa_placement-verpakking","19":"pa_product-type-kaarten","20":"pa_shape-rechthoek","21":"pa_technology-qr-code","22":"pa_technology-qr-kode","24":"first","25":"instock","26":"taxable","27":"shipping-taxable","28":"purchasable","29":"product-type-simple"},"acf":[],"yoast_head":"<!-- This site is optimized with the Yoast SEO plugin v27.0 - https:\/\/yoast.com\/product\/yoast-seo-wordpress\/ -->\n<title>Google Anmeldelse Card \u201cMinimal\u201d | truzzer<\/title>\n<meta name=\"description\" content=\"F\u00e5 flere 5-stjerners Google anmeldelser med v\u00e5rt QR-kode visittkort fra truzzer. Bestill n\u00e5 \u2013 klar til bruk!\" \/>\n<meta name=\"robots\" content=\"index, follow, max-snippet:-1, max-image-preview:large, max-video-preview:-1\" \/>\n<link rel=\"canonical\" href=\"https:\/\/www.truzzer.com\/no\/produkt\/google-review-card-minimal\/\" \/>\n<meta property=\"og:locale\" content=\"nb_NO\" \/>\n<meta property=\"og:type\" content=\"article\" \/>\n<meta property=\"og:title\" content=\"Google Anmeldelse Card \u201cMinimal\u201d | truzzer\" \/>\n<meta property=\"og:description\" content=\"F\u00e5 flere 5-stjerners Google anmeldelser med v\u00e5rt QR-kode visittkort fra truzzer. Bestill n\u00e5 \u2013 klar til bruk!\" \/>\n<meta property=\"og:url\" content=\"https:\/\/www.truzzer.com\/no\/produkt\/google-review-card-minimal\/\" \/>\n<meta property=\"og:site_name\" content=\"truzzer\" \/>\n<meta property=\"article:modified_time\" content=\"2026-02-13T08:08:49+00:00\" \/>\n<meta property=\"og:image\" content=\"https:\/\/www.truzzer.com\/wp-content\/uploads\/2026\/02\/review-us-on-google-card-minimal-front-qr-code-truzzer-4-von-11-5.jpg\" \/>\n\t<meta property=\"og:image:width\" content=\"1400\" \/>\n\t<meta property=\"og:image:height\" content=\"1400\" \/>\n\t<meta property=\"og:image:type\" content=\"image\/jpeg\" \/>\n<meta name=\"twitter:card\" content=\"summary_large_image\" \/>\n<meta name=\"twitter:label1\" content=\"Ansl. lesetid\" \/>\n\t<meta name=\"twitter:data1\" content=\"1 minutt\" \/>\n<script type=\"application\/ld+json\" class=\"yoast-schema-graph\">{\"@context\":\"https:\/\/schema.org\",\"@graph\":[{\"@type\":\"WebPage\",\"@id\":\"https:\/\/www.truzzer.com\/no\/produkt\/google-review-card-minimal\/\",\"url\":\"https:\/\/www.truzzer.com\/no\/produkt\/google-review-card-minimal\/\",\"name\":\"Google Anmeldelse Card \u201cMinimal\u201d | truzzer\",\"isPartOf\":{\"@id\":\"https:\/\/www.truzzer.com\/no\/#website\"},\"primaryImageOfPage\":{\"@id\":\"https:\/\/www.truzzer.com\/no\/produkt\/google-review-card-minimal\/#primaryimage\"},\"image\":{\"@id\":\"https:\/\/www.truzzer.com\/no\/produkt\/google-review-card-minimal\/#primaryimage\"},\"thumbnailUrl\":\"https:\/\/www.truzzer.com\/wp-content\/uploads\/2026\/02\/review-us-on-google-card-minimal-front-qr-code-truzzer-4-von-11-5.jpg\",\"datePublished\":\"2026-02-01T20:07:39+00:00\",\"dateModified\":\"2026-02-13T08:08:49+00:00\",\"description\":\"F\u00e5 flere 5-stjerners Google anmeldelser med v\u00e5rt QR-kode visittkort fra truzzer. Bestill n\u00e5 \u2013 klar til bruk!\",\"breadcrumb\":{\"@id\":\"https:\/\/www.truzzer.com\/no\/produkt\/google-review-card-minimal\/#breadcrumb\"},\"inLanguage\":\"nb-NO\",\"potentialAction\":[{\"@type\":\"ReadAction\",\"target\":[\"https:\/\/www.truzzer.com\/no\/produkt\/google-review-card-minimal\/\"]}]},{\"@type\":\"ImageObject\",\"inLanguage\":\"nb-NO\",\"@id\":\"https:\/\/www.truzzer.com\/no\/produkt\/google-review-card-minimal\/#primaryimage\",\"url\":\"https:\/\/www.truzzer.com\/wp-content\/uploads\/2026\/02\/review-us-on-google-card-minimal-front-qr-code-truzzer-4-von-11-5.jpg\",\"contentUrl\":\"https:\/\/www.truzzer.com\/wp-content\/uploads\/2026\/02\/review-us-on-google-card-minimal-front-qr-code-truzzer-4-von-11-5.jpg\",\"width\":1400,\"height\":1400},{\"@type\":\"BreadcrumbList\",\"@id\":\"https:\/\/www.truzzer.com\/no\/produkt\/google-review-card-minimal\/#breadcrumb\",\"itemListElement\":[{\"@type\":\"ListItem\",\"position\":1,\"name\":\"Home\",\"item\":\"https:\/\/www.truzzer.com\/no\/\"},{\"@type\":\"ListItem\",\"position\":2,\"name\":\"Butikk\",\"item\":\"https:\/\/www.truzzer.com\/no\/butikk\/\"},{\"@type\":\"ListItem\",\"position\":3,\"name\":\"Google Review Card &#8220;Minimal&#8221;\"}]},{\"@type\":\"WebSite\",\"@id\":\"https:\/\/www.truzzer.com\/no\/#website\",\"url\":\"https:\/\/www.truzzer.com\/no\/\",\"name\":\"truzzer\",\"description\":\"Experts for customer trust\",\"publisher\":{\"@id\":\"https:\/\/www.truzzer.com\/no\/#organization\"},\"potentialAction\":[{\"@type\":\"SearchAction\",\"target\":{\"@type\":\"EntryPoint\",\"urlTemplate\":\"https:\/\/www.truzzer.com\/no\/?s={search_term_string}\"},\"query-input\":{\"@type\":\"PropertyValueSpecification\",\"valueRequired\":true,\"valueName\":\"search_term_string\"}}],\"inLanguage\":\"nb-NO\"},{\"@type\":\"Organization\",\"@id\":\"https:\/\/www.truzzer.com\/no\/#organization\",\"name\":\"truzzer\",\"url\":\"https:\/\/www.truzzer.com\/no\/\",\"logo\":{\"@type\":\"ImageObject\",\"inLanguage\":\"nb-NO\",\"@id\":\"https:\/\/www.truzzer.com\/no\/#\/schema\/logo\/image\/\",\"url\":\"https:\/\/truzzer.com\/wp-content\/uploads\/2026\/01\/truzzer-logo-black-1.svg\",\"contentUrl\":\"https:\/\/truzzer.com\/wp-content\/uploads\/2026\/01\/truzzer-logo-black-1.svg\",\"width\":938,\"height\":199,\"caption\":\"truzzer\"},\"image\":{\"@id\":\"https:\/\/www.truzzer.com\/no\/#\/schema\/logo\/image\/\"}}]}<\/script>\n<!-- \/ Yoast SEO plugin. -->","yoast_head_json":{"title":"Google Anmeldelse Card \u201cMinimal\u201d | truzzer","description":"F\u00e5 flere 5-stjerners Google anmeldelser med v\u00e5rt QR-kode visittkort fra truzzer. Bestill n\u00e5 \u2013 klar til bruk!","robots":{"index":"index","follow":"follow","max-snippet":"max-snippet:-1","max-image-preview":"max-image-preview:large","max-video-preview":"max-video-preview:-1"},"canonical":"https:\/\/www.truzzer.com\/no\/produkt\/google-review-card-minimal\/","og_locale":"nb_NO","og_type":"article","og_title":"Google Anmeldelse Card \u201cMinimal\u201d | truzzer","og_description":"F\u00e5 flere 5-stjerners Google anmeldelser med v\u00e5rt QR-kode visittkort fra truzzer. Bestill n\u00e5 \u2013 klar til bruk!","og_url":"https:\/\/www.truzzer.com\/no\/produkt\/google-review-card-minimal\/","og_site_name":"truzzer","article_modified_time":"2026-02-13T08:08:49+00:00","og_image":[{"width":1400,"height":1400,"url":"https:\/\/www.truzzer.com\/wp-content\/uploads\/2026\/02\/review-us-on-google-card-minimal-front-qr-code-truzzer-4-von-11-5.jpg","type":"image\/jpeg"}],"twitter_card":"summary_large_image","twitter_misc":{"Ansl. lesetid":"1 minutt"},"schema":{"@context":"https:\/\/schema.org","@graph":[{"@type":"WebPage","@id":"https:\/\/www.truzzer.com\/no\/produkt\/google-review-card-minimal\/","url":"https:\/\/www.truzzer.com\/no\/produkt\/google-review-card-minimal\/","name":"Google Anmeldelse Card \u201cMinimal\u201d | truzzer","isPartOf":{"@id":"https:\/\/www.truzzer.com\/no\/#website"},"primaryImageOfPage":{"@id":"https:\/\/www.truzzer.com\/no\/produkt\/google-review-card-minimal\/#primaryimage"},"image":{"@id":"https:\/\/www.truzzer.com\/no\/produkt\/google-review-card-minimal\/#primaryimage"},"thumbnailUrl":"https:\/\/www.truzzer.com\/wp-content\/uploads\/2026\/02\/review-us-on-google-card-minimal-front-qr-code-truzzer-4-von-11-5.jpg","datePublished":"2026-02-01T20:07:39+00:00","dateModified":"2026-02-13T08:08:49+00:00","description":"F\u00e5 flere 5-stjerners Google anmeldelser med v\u00e5rt QR-kode visittkort fra truzzer. Bestill n\u00e5 \u2013 klar til bruk!","breadcrumb":{"@id":"https:\/\/www.truzzer.com\/no\/produkt\/google-review-card-minimal\/#breadcrumb"},"inLanguage":"nb-NO","potentialAction":[{"@type":"ReadAction","target":["https:\/\/www.truzzer.com\/no\/produkt\/google-review-card-minimal\/"]}]},{"@type":"ImageObject","inLanguage":"nb-NO","@id":"https:\/\/www.truzzer.com\/no\/produkt\/google-review-card-minimal\/#primaryimage","url":"https:\/\/www.truzzer.com\/wp-content\/uploads\/2026\/02\/review-us-on-google-card-minimal-front-qr-code-truzzer-4-von-11-5.jpg","contentUrl":"https:\/\/www.truzzer.com\/wp-content\/uploads\/2026\/02\/review-us-on-google-card-minimal-front-qr-code-truzzer-4-von-11-5.jpg","width":1400,"height":1400},{"@type":"BreadcrumbList","@id":"https:\/\/www.truzzer.com\/no\/produkt\/google-review-card-minimal\/#breadcrumb","itemListElement":[{"@type":"ListItem","position":1,"name":"Home","item":"https:\/\/www.truzzer.com\/no\/"},{"@type":"ListItem","position":2,"name":"Butikk","item":"https:\/\/www.truzzer.com\/no\/butikk\/"},{"@type":"ListItem","position":3,"name":"Google Review Card &#8220;Minimal&#8221;"}]},{"@type":"WebSite","@id":"https:\/\/www.truzzer.com\/no\/#website","url":"https:\/\/www.truzzer.com\/no\/","name":"truzzer","description":"Experts for customer trust","publisher":{"@id":"https:\/\/www.truzzer.com\/no\/#organization"},"potentialAction":[{"@type":"SearchAction","target":{"@type":"EntryPoint","urlTemplate":"https:\/\/www.truzzer.com\/no\/?s={search_term_string}"},"query-input":{"@type":"PropertyValueSpecification","valueRequired":true,"valueName":"search_term_string"}}],"inLanguage":"nb-NO"},{"@type":"Organization","@id":"https:\/\/www.truzzer.com\/no\/#organization","name":"truzzer","url":"https:\/\/www.truzzer.com\/no\/","logo":{"@type":"ImageObject","inLanguage":"nb-NO","@id":"https:\/\/www.truzzer.com\/no\/#\/schema\/logo\/image\/","url":"https:\/\/truzzer.com\/wp-content\/uploads\/2026\/01\/truzzer-logo-black-1.svg","contentUrl":"https:\/\/truzzer.com\/wp-content\/uploads\/2026\/01\/truzzer-logo-black-1.svg","width":938,"height":199,"caption":"truzzer"},"image":{"@id":"https:\/\/www.truzzer.com\/no\/#\/schema\/logo\/image\/"}}]}},"tiered_pricing_type":"fixed","tiered_pricing_fixed_rules":[],"tiered_pricing_product_settings":{"layout":"default","base_unit_name":{"singular":null,"plural":null},"default_variation":null},"tiered_pricing_minimum_quantity":null,"tiered_pricing_roles_data":[],"tiered_pricing_percentage_rules":[],"tiered_pricing_maximum_quantity":null,"tiered_pricing_quantity_step":null,"_links":{"self":[{"href":"https:\/\/www.truzzer.com\/no\/wp-json\/wp\/v2\/product\/94055","targetHints":{"allow":["GET"]}}],"collection":[{"href":"https:\/\/www.truzzer.com\/no\/wp-json\/wp\/v2\/product"}],"about":[{"href":"https:\/\/www.truzzer.com\/no\/wp-json\/wp\/v2\/types\/product"}],"replies":[{"embeddable":true,"href":"https:\/\/www.truzzer.com\/no\/wp-json\/wp\/v2\/comments?post=94055"}],"wp:featuredmedia":[{"embeddable":true,"href":"https:\/\/www.truzzer.com\/no\/wp-json\/wp\/v2\/media\/94056"}],"wp:attachment":[{"href":"https:\/\/www.truzzer.com\/no\/wp-json\/wp\/v2\/media?parent=94055"}],"wp:term":[{"taxonomy":"product_brand","embeddable":true,"href":"https:\/\/www.truzzer.com\/no\/wp-json\/wp\/v2\/product_brand?post=94055"},{"taxonomy":"product_cat","embeddable":true,"href":"https:\/\/www.truzzer.com\/no\/wp-json\/wp\/v2\/product_cat?post=94055"},{"taxonomy":"product_tag","embeddable":true,"href":"https:\/\/www.truzzer.com\/no\/wp-json\/wp\/v2\/product_tag?post=94055"}],"curies":[{"name":"wp","href":"https:\/\/api.w.org\/{rel}","templated":true}]}}