{"id":94099,"date":"2026-02-01T20:07:30","date_gmt":"2026-02-01T20:07:30","guid":{"rendered":"https:\/\/beta.truzzer.com\/product\/google-review-business-card-clean-with-google-review-qr-code\/"},"modified":"2026-02-13T08:13:42","modified_gmt":"2026-02-13T08:13:42","slug":"google-review-business-card-clean-with-google-review-qr-code","status":"publish","type":"product","link":"https:\/\/www.truzzer.com\/no\/produkt\/google-review-business-card-clean-with-google-review-qr-code\/","title":{"rendered":"Google Review Visittkort &laquo;rent&raquo; med Google anmeldelse QR-kode"},"content":{"rendered":"<h2>Bare f\u00e5 flere Google-anmeldelser fra kunder<\/h2>\n<p>Med truzzer Google visittkort minimalt, kan du motta positive anmeldelser fra forn\u00f8yde kunder raskere og \u00f8ke omd\u00f8mmet og omd\u00f8mmet ditt.<br \/>\nI tillegg \u00f8ker du b\u00e5ndet til bedriften din og SEO-rangeringen din gjennom de positive Google-anmeldelser.<\/p>\n<p>I det praktiske visittkortformatet har du alltid muligheten til \u00e5 f\u00e5 flere Google-anmeldelser for h\u00e5nden og gj\u00f8re onlineanmeldelsen tilgjengelig for kundene dine n\u00e5r som helst.<br \/>\nGi kundene dine truzzer Google visittkort, legg dem i handleposen, send dem med produktene dine eller legg dem p\u00e5 bordene i restauranten. Ferdig.<\/p>\n<p>QR-koden tar kunder direkte til din Google-anmeldelse UTEN \u00e5 m\u00e5tte s\u00f8ke etter deg p\u00e5 Google f\u00f8rst. Slik forhindrer du hopp i Google-gjennomgangsprosessen.<\/p>\n<p>Du kan enkelt tilpasse Google visittkort med logoen din og tilpasse dem til din bedrift.<br \/>\nGjennomg\u00e5 oss p\u00e5 Google-produktene er enkle \u00e5 bruke, som vi \u00f8nsker \u00e5 vise deg nedenfor ved \u00e5 bruke eksemplet med anmeldelsesklistremerker.<\/p>\n<p>&nbsp;<\/p>\n<p>&nbsp;<\/p>\n<h3>Trinn 1: Kunden skanner QR-koden<\/h3>\n<p>For \u00e5 f\u00f8lge deg trenger kunden bare \u00e5 skanne QR-koden. Alt du trenger \u00e5 gj\u00f8re er \u00e5 holde smarttelefonkameraet (ingen ekstra skanner-app n\u00f8dvendig) over produktet.<\/p>\n<p><img decoding=\"async\" src=\"https:\/\/www.truzzer.com\/wp-content\/uploads\/2026\/02\/how-to-use-the-product-truzzer-google.jpg.webp\" width=\"p&gt;\" class=\"alignnone wp-image-22402 size-full\" alt=\"Hand scanning a QR code for Google reviews on a smartphone.\"  > 3430&#8243; h\u00f8yde=&raquo;p>1430&#8243;<\/p>\n<p>En popup vil da vises p\u00e5 skjermen (iPhone) eller en QR-kode (Android \/ Google smarttelefoner).<\/p>\n<h3>Trinn 2: Kunden g\u00e5r direkte til Google-gjennomgangsskjemaet<\/h3>\n<p>Anmeldelsesskjemaet \u00e5pnes i smarttelefonens nettleser, og kunden kan vurdere deg direkte.<\/p>\n<p>Merk:<br \/>\nV\u00e6r oppmerksom p\u00e5 at en Google My Business-profil kreves for \u00e5 f\u00e5 Google-anmeldelser.<\/p>\n<p>&nbsp;<\/p>\n","protected":false},"excerpt":{"rendered":"<p><strong>Gj\u00f8r det enkelt for kundene dine \u00e5 anmelde deg p\u00e5 Google!<\/strong><\/p>\n<p>Med Google review visittkort &#8220;Clean&#8221; i redusert og attraktiv design, som passer inn i ethvert selskap, kan du enkelt vinne nye Google-anmeldelser overalt.<br \/>\nI et hendig visittkortformat kan &#8220;Gjennomg\u00e5 oss p\u00e5 Google&#8221; visittkort er ideelle for alle som reiser mye p\u00e5 jobb &#8211; f.eks. for h\u00e5ndverkere og selgere.<\/p>\n<p><strong>Dette er hvordan visittkortene fra Google Review hjelper deg<\/strong><\/p>\n<p>Vititkortene fjerner kundenes st\u00f8rste hindringer i Google-gjennomgangen:<\/p>\n<ul>\n<li>Ingen ubehagelige sp\u00f8rsm\u00e5l &amp; foresp\u00f8rsler, bare gi den over. Handlingsoppfordringen gj\u00f8r det for deg<\/li>\n<li>Anmeldelser vil ikke bli glemt, fordi kundene vil bli p\u00e5minnet om Google-anmeldelsen.<\/li>\n<li>Ingen s\u00f8k og ingen problemer: QR-koden f\u00f8rer direkte til evalueringsskjemaet ditt<\/li>\n<li>Tangripelig: Visittkortene gj\u00f8r Google-anmeldelsen h\u00e5ndgripelig.<\/li>\n<li>Ingen ekstra app: QR-koden kan skannes med smarttelefonkameraet<\/li>\n<\/ul>\n<p>Vi vil opprette og koble QR-koden for direkte evaluering p\u00e5 din Google-profil for deg! Vi henter denne informasjonen fra bedriftens adresse.<br \/>\nDu kan finne mer informasjon om hvordan kortene hjelper deg her: <a href=\"#tab-description\"><\/a><\/p>\n<p> og skriv inn kontaktinformasjonen din, som skal vises p\u00e5 visittkortet.<\/p>\n","protected":false},"featured_media":94100,"comment_status":"open","ping_status":"closed","template":"","meta":{"_acf_changed":false,"_yoast_wpseo_focuskw":"Google Anmeldelse Visittkort","_yoast_wpseo_title":"Google Anmeldelse Visittkort \u201cclean\u201d | truzzer","_yoast_wpseo_metadesc":"F\u00e5 flere 5-stjerners Google anmeldelser med v\u00e5rt QR-kode visittkort fra truzzer. Bestill n\u00e5 \u2013 klar til bruk!"},"product_brand":[1656],"product_cat":[814,505,604,605],"product_tag":[],"class_list":{"0":"post-94099","1":"product","2":"type-product","3":"status-publish","4":"has-post-thumbnail","6":"product_brand-google","7":"product_cat-google-anmeldelse-visittkort-med-qr-kode","8":"product_cat-qr-kode-produkter","9":"product_cat-qr-kode-visittkort","10":"product_cat-qr-kode-visittkort-med-kontaktinformasjon","11":"pa_industry-byra-radgivning","12":"pa_industry-eiendom-goed","13":"pa_industry-lokale-diensten","14":"pa_material-kartong","15":"pa_placement-balie-receptie","16":"pa_placement-brosjyre","17":"pa_placement-portemonnee-personlijk","18":"pa_product-type-visitekaartjes","19":"pa_technology-qr-code","20":"pa_technology-qr-kode","22":"first","23":"instock","24":"taxable","25":"shipping-taxable","26":"purchasable","27":"product-type-simple"},"acf":[],"yoast_head":"<!-- This site is optimized with the Yoast SEO plugin v27.0 - https:\/\/yoast.com\/product\/yoast-seo-wordpress\/ -->\n<title>Google Anmeldelse Visittkort \u201cclean\u201d | truzzer<\/title>\n<meta name=\"description\" content=\"F\u00e5 flere 5-stjerners Google anmeldelser med v\u00e5rt QR-kode visittkort fra truzzer. Bestill n\u00e5 \u2013 klar til bruk!\" \/>\n<meta name=\"robots\" content=\"index, follow, max-snippet:-1, max-image-preview:large, max-video-preview:-1\" \/>\n<link rel=\"canonical\" href=\"https:\/\/www.truzzer.com\/no\/produkt\/google-review-business-card-clean-with-google-review-qr-code\/\" \/>\n<meta property=\"og:locale\" content=\"nb_NO\" \/>\n<meta property=\"og:type\" content=\"article\" \/>\n<meta property=\"og:title\" content=\"Google Anmeldelse Visittkort \u201cclean\u201d | truzzer\" \/>\n<meta property=\"og:description\" content=\"F\u00e5 flere 5-stjerners Google anmeldelser med v\u00e5rt QR-kode visittkort fra truzzer. Bestill n\u00e5 \u2013 klar til bruk!\" \/>\n<meta property=\"og:url\" content=\"https:\/\/www.truzzer.com\/no\/produkt\/google-review-business-card-clean-with-google-review-qr-code\/\" \/>\n<meta property=\"og:site_name\" content=\"truzzer\" \/>\n<meta property=\"article:modified_time\" content=\"2026-02-13T08:13:42+00:00\" \/>\n<meta property=\"og:image\" content=\"https:\/\/www.truzzer.com\/wp-content\/uploads\/2026\/02\/google-review-business-card-minimal-with-qr-code-simple-truzzer-5.jpg\" \/>\n\t<meta property=\"og:image:width\" content=\"1400\" \/>\n\t<meta property=\"og:image:height\" content=\"1400\" \/>\n\t<meta property=\"og:image:type\" content=\"image\/jpeg\" \/>\n<meta name=\"twitter:card\" content=\"summary_large_image\" \/>\n<meta name=\"twitter:label1\" content=\"Ansl. lesetid\" \/>\n\t<meta name=\"twitter:data1\" content=\"1 minutt\" \/>\n<script type=\"application\/ld+json\" class=\"yoast-schema-graph\">{\"@context\":\"https:\/\/schema.org\",\"@graph\":[{\"@type\":\"WebPage\",\"@id\":\"https:\/\/www.truzzer.com\/no\/produkt\/google-review-business-card-clean-with-google-review-qr-code\/\",\"url\":\"https:\/\/www.truzzer.com\/no\/produkt\/google-review-business-card-clean-with-google-review-qr-code\/\",\"name\":\"Google Anmeldelse Visittkort \u201cclean\u201d | truzzer\",\"isPartOf\":{\"@id\":\"https:\/\/www.truzzer.com\/no\/#website\"},\"primaryImageOfPage\":{\"@id\":\"https:\/\/www.truzzer.com\/no\/produkt\/google-review-business-card-clean-with-google-review-qr-code\/#primaryimage\"},\"image\":{\"@id\":\"https:\/\/www.truzzer.com\/no\/produkt\/google-review-business-card-clean-with-google-review-qr-code\/#primaryimage\"},\"thumbnailUrl\":\"https:\/\/www.truzzer.com\/wp-content\/uploads\/2026\/02\/google-review-business-card-minimal-with-qr-code-simple-truzzer-5.jpg\",\"datePublished\":\"2026-02-01T20:07:30+00:00\",\"dateModified\":\"2026-02-13T08:13:42+00:00\",\"description\":\"F\u00e5 flere 5-stjerners Google anmeldelser med v\u00e5rt QR-kode visittkort fra truzzer. Bestill n\u00e5 \u2013 klar til bruk!\",\"breadcrumb\":{\"@id\":\"https:\/\/www.truzzer.com\/no\/produkt\/google-review-business-card-clean-with-google-review-qr-code\/#breadcrumb\"},\"inLanguage\":\"nb-NO\",\"potentialAction\":[{\"@type\":\"ReadAction\",\"target\":[\"https:\/\/www.truzzer.com\/no\/produkt\/google-review-business-card-clean-with-google-review-qr-code\/\"]}]},{\"@type\":\"ImageObject\",\"inLanguage\":\"nb-NO\",\"@id\":\"https:\/\/www.truzzer.com\/no\/produkt\/google-review-business-card-clean-with-google-review-qr-code\/#primaryimage\",\"url\":\"https:\/\/www.truzzer.com\/wp-content\/uploads\/2026\/02\/google-review-business-card-minimal-with-qr-code-simple-truzzer-5.jpg\",\"contentUrl\":\"https:\/\/www.truzzer.com\/wp-content\/uploads\/2026\/02\/google-review-business-card-minimal-with-qr-code-simple-truzzer-5.jpg\",\"width\":1400,\"height\":1400},{\"@type\":\"BreadcrumbList\",\"@id\":\"https:\/\/www.truzzer.com\/no\/produkt\/google-review-business-card-clean-with-google-review-qr-code\/#breadcrumb\",\"itemListElement\":[{\"@type\":\"ListItem\",\"position\":1,\"name\":\"Home\",\"item\":\"https:\/\/www.truzzer.com\/no\/\"},{\"@type\":\"ListItem\",\"position\":2,\"name\":\"Butikk\",\"item\":\"https:\/\/www.truzzer.com\/no\/butikk\/\"},{\"@type\":\"ListItem\",\"position\":3,\"name\":\"Google Review Visittkort &laquo;rent&raquo; med Google anmeldelse QR-kode\"}]},{\"@type\":\"WebSite\",\"@id\":\"https:\/\/www.truzzer.com\/no\/#website\",\"url\":\"https:\/\/www.truzzer.com\/no\/\",\"name\":\"truzzer\",\"description\":\"Experts for customer trust\",\"publisher\":{\"@id\":\"https:\/\/www.truzzer.com\/no\/#organization\"},\"potentialAction\":[{\"@type\":\"SearchAction\",\"target\":{\"@type\":\"EntryPoint\",\"urlTemplate\":\"https:\/\/www.truzzer.com\/no\/?s={search_term_string}\"},\"query-input\":{\"@type\":\"PropertyValueSpecification\",\"valueRequired\":true,\"valueName\":\"search_term_string\"}}],\"inLanguage\":\"nb-NO\"},{\"@type\":\"Organization\",\"@id\":\"https:\/\/www.truzzer.com\/no\/#organization\",\"name\":\"truzzer\",\"url\":\"https:\/\/www.truzzer.com\/no\/\",\"logo\":{\"@type\":\"ImageObject\",\"inLanguage\":\"nb-NO\",\"@id\":\"https:\/\/www.truzzer.com\/no\/#\/schema\/logo\/image\/\",\"url\":\"https:\/\/truzzer.com\/wp-content\/uploads\/2026\/01\/truzzer-logo-black-1.svg\",\"contentUrl\":\"https:\/\/truzzer.com\/wp-content\/uploads\/2026\/01\/truzzer-logo-black-1.svg\",\"width\":938,\"height\":199,\"caption\":\"truzzer\"},\"image\":{\"@id\":\"https:\/\/www.truzzer.com\/no\/#\/schema\/logo\/image\/\"}}]}<\/script>\n<!-- \/ Yoast SEO plugin. -->","yoast_head_json":{"title":"Google Anmeldelse Visittkort \u201cclean\u201d | truzzer","description":"F\u00e5 flere 5-stjerners Google anmeldelser med v\u00e5rt QR-kode visittkort fra truzzer. Bestill n\u00e5 \u2013 klar til bruk!","robots":{"index":"index","follow":"follow","max-snippet":"max-snippet:-1","max-image-preview":"max-image-preview:large","max-video-preview":"max-video-preview:-1"},"canonical":"https:\/\/www.truzzer.com\/no\/produkt\/google-review-business-card-clean-with-google-review-qr-code\/","og_locale":"nb_NO","og_type":"article","og_title":"Google Anmeldelse Visittkort \u201cclean\u201d | truzzer","og_description":"F\u00e5 flere 5-stjerners Google anmeldelser med v\u00e5rt QR-kode visittkort fra truzzer. Bestill n\u00e5 \u2013 klar til bruk!","og_url":"https:\/\/www.truzzer.com\/no\/produkt\/google-review-business-card-clean-with-google-review-qr-code\/","og_site_name":"truzzer","article_modified_time":"2026-02-13T08:13:42+00:00","og_image":[{"width":1400,"height":1400,"url":"https:\/\/www.truzzer.com\/wp-content\/uploads\/2026\/02\/google-review-business-card-minimal-with-qr-code-simple-truzzer-5.jpg","type":"image\/jpeg"}],"twitter_card":"summary_large_image","twitter_misc":{"Ansl. lesetid":"1 minutt"},"schema":{"@context":"https:\/\/schema.org","@graph":[{"@type":"WebPage","@id":"https:\/\/www.truzzer.com\/no\/produkt\/google-review-business-card-clean-with-google-review-qr-code\/","url":"https:\/\/www.truzzer.com\/no\/produkt\/google-review-business-card-clean-with-google-review-qr-code\/","name":"Google Anmeldelse Visittkort \u201cclean\u201d | truzzer","isPartOf":{"@id":"https:\/\/www.truzzer.com\/no\/#website"},"primaryImageOfPage":{"@id":"https:\/\/www.truzzer.com\/no\/produkt\/google-review-business-card-clean-with-google-review-qr-code\/#primaryimage"},"image":{"@id":"https:\/\/www.truzzer.com\/no\/produkt\/google-review-business-card-clean-with-google-review-qr-code\/#primaryimage"},"thumbnailUrl":"https:\/\/www.truzzer.com\/wp-content\/uploads\/2026\/02\/google-review-business-card-minimal-with-qr-code-simple-truzzer-5.jpg","datePublished":"2026-02-01T20:07:30+00:00","dateModified":"2026-02-13T08:13:42+00:00","description":"F\u00e5 flere 5-stjerners Google anmeldelser med v\u00e5rt QR-kode visittkort fra truzzer. Bestill n\u00e5 \u2013 klar til bruk!","breadcrumb":{"@id":"https:\/\/www.truzzer.com\/no\/produkt\/google-review-business-card-clean-with-google-review-qr-code\/#breadcrumb"},"inLanguage":"nb-NO","potentialAction":[{"@type":"ReadAction","target":["https:\/\/www.truzzer.com\/no\/produkt\/google-review-business-card-clean-with-google-review-qr-code\/"]}]},{"@type":"ImageObject","inLanguage":"nb-NO","@id":"https:\/\/www.truzzer.com\/no\/produkt\/google-review-business-card-clean-with-google-review-qr-code\/#primaryimage","url":"https:\/\/www.truzzer.com\/wp-content\/uploads\/2026\/02\/google-review-business-card-minimal-with-qr-code-simple-truzzer-5.jpg","contentUrl":"https:\/\/www.truzzer.com\/wp-content\/uploads\/2026\/02\/google-review-business-card-minimal-with-qr-code-simple-truzzer-5.jpg","width":1400,"height":1400},{"@type":"BreadcrumbList","@id":"https:\/\/www.truzzer.com\/no\/produkt\/google-review-business-card-clean-with-google-review-qr-code\/#breadcrumb","itemListElement":[{"@type":"ListItem","position":1,"name":"Home","item":"https:\/\/www.truzzer.com\/no\/"},{"@type":"ListItem","position":2,"name":"Butikk","item":"https:\/\/www.truzzer.com\/no\/butikk\/"},{"@type":"ListItem","position":3,"name":"Google Review Visittkort &laquo;rent&raquo; med Google anmeldelse QR-kode"}]},{"@type":"WebSite","@id":"https:\/\/www.truzzer.com\/no\/#website","url":"https:\/\/www.truzzer.com\/no\/","name":"truzzer","description":"Experts for customer trust","publisher":{"@id":"https:\/\/www.truzzer.com\/no\/#organization"},"potentialAction":[{"@type":"SearchAction","target":{"@type":"EntryPoint","urlTemplate":"https:\/\/www.truzzer.com\/no\/?s={search_term_string}"},"query-input":{"@type":"PropertyValueSpecification","valueRequired":true,"valueName":"search_term_string"}}],"inLanguage":"nb-NO"},{"@type":"Organization","@id":"https:\/\/www.truzzer.com\/no\/#organization","name":"truzzer","url":"https:\/\/www.truzzer.com\/no\/","logo":{"@type":"ImageObject","inLanguage":"nb-NO","@id":"https:\/\/www.truzzer.com\/no\/#\/schema\/logo\/image\/","url":"https:\/\/truzzer.com\/wp-content\/uploads\/2026\/01\/truzzer-logo-black-1.svg","contentUrl":"https:\/\/truzzer.com\/wp-content\/uploads\/2026\/01\/truzzer-logo-black-1.svg","width":938,"height":199,"caption":"truzzer"},"image":{"@id":"https:\/\/www.truzzer.com\/no\/#\/schema\/logo\/image\/"}}]}},"tiered_pricing_type":"fixed","tiered_pricing_fixed_rules":[],"tiered_pricing_product_settings":{"layout":"default","base_unit_name":{"singular":null,"plural":null},"default_variation":null},"tiered_pricing_minimum_quantity":null,"tiered_pricing_roles_data":[],"tiered_pricing_percentage_rules":[],"tiered_pricing_maximum_quantity":null,"tiered_pricing_quantity_step":null,"_links":{"self":[{"href":"https:\/\/www.truzzer.com\/no\/wp-json\/wp\/v2\/product\/94099","targetHints":{"allow":["GET"]}}],"collection":[{"href":"https:\/\/www.truzzer.com\/no\/wp-json\/wp\/v2\/product"}],"about":[{"href":"https:\/\/www.truzzer.com\/no\/wp-json\/wp\/v2\/types\/product"}],"replies":[{"embeddable":true,"href":"https:\/\/www.truzzer.com\/no\/wp-json\/wp\/v2\/comments?post=94099"}],"wp:featuredmedia":[{"embeddable":true,"href":"https:\/\/www.truzzer.com\/no\/wp-json\/wp\/v2\/media\/94100"}],"wp:attachment":[{"href":"https:\/\/www.truzzer.com\/no\/wp-json\/wp\/v2\/media?parent=94099"}],"wp:term":[{"taxonomy":"product_brand","embeddable":true,"href":"https:\/\/www.truzzer.com\/no\/wp-json\/wp\/v2\/product_brand?post=94099"},{"taxonomy":"product_cat","embeddable":true,"href":"https:\/\/www.truzzer.com\/no\/wp-json\/wp\/v2\/product_cat?post=94099"},{"taxonomy":"product_tag","embeddable":true,"href":"https:\/\/www.truzzer.com\/no\/wp-json\/wp\/v2\/product_tag?post=94099"}],"curies":[{"name":"wp","href":"https:\/\/api.w.org\/{rel}","templated":true}]}}