{"id":94363,"date":"2026-02-01T20:06:36","date_gmt":"2026-02-01T20:06:36","guid":{"rendered":"https:\/\/beta.truzzer.com\/product\/follow-us-on-facebook-business-card\/"},"modified":"2026-02-13T08:20:14","modified_gmt":"2026-02-13T08:20:14","slug":"follow-us-on-facebook-business-card","status":"publish","type":"product","link":"https:\/\/www.truzzer.com\/no\/produkt\/follow-us-on-facebook-business-card\/","title":{"rendered":"F\u00f8lg oss p\u00e5 Facebook visittkort"},"content":{"rendered":"<h2>Bare gj\u00f8r kunder til f\u00f8lgere<\/h2>\n<p>Med truzzer F\u00f8lg oss p\u00e5 Facebook visittkort kan du enkelt gj\u00f8re kundene dine om til ekte Facebook-abonnenter som virkelig er interessert i tilbudet ditt og innholdet ditt.<br \/>\nP\u00e5 denne m\u00e5ten kan du binde m\u00e5lgruppen din effektivt.<\/p>\n<p>I et hendig visittkortformat gj\u00f8r du Facebook-profilen din tilgjengelig for kundene dine uten at de trenger \u00e5 s\u00f8ke etter deg.<br \/>\nLegg truzzer Facebook-kortene i kundenes handleposer, gi dem til regningen, send dem sammen med produktene dine eller legg dem p\u00e5 bordene i restauranten. Ferdig.<\/p>\n<p>QR-koden tar kunder direkte til Facebook-profilen din uten \u00e5 m\u00e5tte lete etter deg.<\/p>\n<p>Du kan enkelt tilpasse Instagram-kortene med logoen din og tilpasse dem til din bedrift.<\/p>\n<p><strong>Merk:<\/strong><br \/>\nV\u00e6r oppmerksom p\u00e5 at du trenger din egen Facebook-profil for \u00e5 f\u00e5 f\u00f8lgere.<\/p>\n<p>&nbsp;<\/p>\n","protected":false},"excerpt":{"rendered":"<p>Gj\u00f8r det enkelt for kundene dine \u00e5 f\u00f8lge deg p\u00e5 Facebook med \u00abClean\u00bb Facebook visittkort i redusert og oppdatert Facebook-design som passer inn i enhver bedrift.<br \/>\nVi vil koble QR-koden til din Facebook-profil for deg!<br \/>\n og skriv inn ditt Facebook-brukernavn.<\/p>\n","protected":false},"featured_media":94364,"comment_status":"open","ping_status":"closed","template":"","meta":{"_acf_changed":false,"_yoast_wpseo_focuskw":"Facebook Visittkort","_yoast_wpseo_title":"F\u00f8lg oss p\u00e5 Facebook visittkort | truzzer","_yoast_wpseo_metadesc":"\u00d8k dine Facebook f\u00f8lgere med v\u00e5rt QR-kode visittkort fra truzzer. Bestill n\u00e5 \u2013 klar til bruk!"},"product_brand":[1651],"product_cat":[1156,1157,1158,505,604],"product_tag":[],"class_list":{"0":"post-94363","1":"product","2":"type-product","3":"status-publish","4":"has-post-thumbnail","6":"product_brand-facebook","7":"product_cat-facebook-fans-produkter","8":"product_cat-facebook-fans-visittkort","9":"product_cat-facebook-fans-visittkort-med-qr-kode","10":"product_cat-qr-kode-produkter","11":"product_cat-qr-kode-visittkort","12":"pa_industry-byra-radgivning","13":"pa_industry-eiendom-goed","14":"pa_industry-lokale-diensten","15":"pa_material-kartong","16":"pa_placement-balie-receptie","17":"pa_placement-brosjyre","18":"pa_placement-portemonnee-personlijk","19":"pa_product-type-visitekaartjes","20":"pa_technology-qr-code","22":"first","23":"instock","24":"taxable","25":"shipping-taxable","26":"purchasable","27":"product-type-simple"},"acf":[],"yoast_head":"<!-- This site is optimized with the Yoast SEO plugin v27.0 - https:\/\/yoast.com\/product\/yoast-seo-wordpress\/ -->\n<title>F\u00f8lg oss p\u00e5 Facebook visittkort | truzzer<\/title>\n<meta name=\"description\" content=\"\u00d8k dine Facebook f\u00f8lgere med v\u00e5rt QR-kode visittkort fra truzzer. Bestill n\u00e5 \u2013 klar til bruk!\" \/>\n<meta name=\"robots\" content=\"index, follow, max-snippet:-1, max-image-preview:large, max-video-preview:-1\" \/>\n<link rel=\"canonical\" href=\"https:\/\/www.truzzer.com\/no\/produkt\/follow-us-on-facebook-business-card\/\" \/>\n<meta property=\"og:locale\" content=\"nb_NO\" \/>\n<meta property=\"og:type\" content=\"article\" \/>\n<meta property=\"og:title\" content=\"F\u00f8lg oss p\u00e5 Facebook visittkort | truzzer\" \/>\n<meta property=\"og:description\" content=\"\u00d8k dine Facebook f\u00f8lgere med v\u00e5rt QR-kode visittkort fra truzzer. Bestill n\u00e5 \u2013 klar til bruk!\" \/>\n<meta property=\"og:url\" content=\"https:\/\/www.truzzer.com\/no\/produkt\/follow-us-on-facebook-business-card\/\" \/>\n<meta property=\"og:site_name\" content=\"truzzer\" \/>\n<meta property=\"article:modified_time\" content=\"2026-02-13T08:20:14+00:00\" \/>\n<meta property=\"og:image\" content=\"https:\/\/www.truzzer.com\/wp-content\/uploads\/2026\/02\/follow-us-on-facebook-business-card-qr-code-s-1.jpg\" \/>\n\t<meta property=\"og:image:width\" content=\"1400\" \/>\n\t<meta property=\"og:image:height\" content=\"1400\" \/>\n\t<meta property=\"og:image:type\" content=\"image\/jpeg\" \/>\n<meta name=\"twitter:card\" content=\"summary_large_image\" \/>\n<meta name=\"twitter:label1\" content=\"Ansl. lesetid\" \/>\n\t<meta name=\"twitter:data1\" content=\"1 minutt\" \/>\n<script type=\"application\/ld+json\" class=\"yoast-schema-graph\">{\"@context\":\"https:\/\/schema.org\",\"@graph\":[{\"@type\":\"WebPage\",\"@id\":\"https:\/\/www.truzzer.com\/no\/produkt\/follow-us-on-facebook-business-card\/\",\"url\":\"https:\/\/www.truzzer.com\/no\/produkt\/follow-us-on-facebook-business-card\/\",\"name\":\"F\u00f8lg oss p\u00e5 Facebook visittkort | truzzer\",\"isPartOf\":{\"@id\":\"https:\/\/www.truzzer.com\/no\/#website\"},\"primaryImageOfPage\":{\"@id\":\"https:\/\/www.truzzer.com\/no\/produkt\/follow-us-on-facebook-business-card\/#primaryimage\"},\"image\":{\"@id\":\"https:\/\/www.truzzer.com\/no\/produkt\/follow-us-on-facebook-business-card\/#primaryimage\"},\"thumbnailUrl\":\"https:\/\/www.truzzer.com\/wp-content\/uploads\/2026\/02\/follow-us-on-facebook-business-card-qr-code-s-1.jpg\",\"datePublished\":\"2026-02-01T20:06:36+00:00\",\"dateModified\":\"2026-02-13T08:20:14+00:00\",\"description\":\"\u00d8k dine Facebook f\u00f8lgere med v\u00e5rt QR-kode visittkort fra truzzer. Bestill n\u00e5 \u2013 klar til bruk!\",\"breadcrumb\":{\"@id\":\"https:\/\/www.truzzer.com\/no\/produkt\/follow-us-on-facebook-business-card\/#breadcrumb\"},\"inLanguage\":\"nb-NO\",\"potentialAction\":[{\"@type\":\"ReadAction\",\"target\":[\"https:\/\/www.truzzer.com\/no\/produkt\/follow-us-on-facebook-business-card\/\"]}]},{\"@type\":\"ImageObject\",\"inLanguage\":\"nb-NO\",\"@id\":\"https:\/\/www.truzzer.com\/no\/produkt\/follow-us-on-facebook-business-card\/#primaryimage\",\"url\":\"https:\/\/www.truzzer.com\/wp-content\/uploads\/2026\/02\/follow-us-on-facebook-business-card-qr-code-s-1.jpg\",\"contentUrl\":\"https:\/\/www.truzzer.com\/wp-content\/uploads\/2026\/02\/follow-us-on-facebook-business-card-qr-code-s-1.jpg\",\"width\":1400,\"height\":1400},{\"@type\":\"BreadcrumbList\",\"@id\":\"https:\/\/www.truzzer.com\/no\/produkt\/follow-us-on-facebook-business-card\/#breadcrumb\",\"itemListElement\":[{\"@type\":\"ListItem\",\"position\":1,\"name\":\"Home\",\"item\":\"https:\/\/www.truzzer.com\/no\/\"},{\"@type\":\"ListItem\",\"position\":2,\"name\":\"Butikk\",\"item\":\"https:\/\/www.truzzer.com\/no\/butikk\/\"},{\"@type\":\"ListItem\",\"position\":3,\"name\":\"F\u00f8lg oss p\u00e5 Facebook visittkort\"}]},{\"@type\":\"WebSite\",\"@id\":\"https:\/\/www.truzzer.com\/no\/#website\",\"url\":\"https:\/\/www.truzzer.com\/no\/\",\"name\":\"truzzer\",\"description\":\"Experts for customer trust\",\"publisher\":{\"@id\":\"https:\/\/www.truzzer.com\/no\/#organization\"},\"potentialAction\":[{\"@type\":\"SearchAction\",\"target\":{\"@type\":\"EntryPoint\",\"urlTemplate\":\"https:\/\/www.truzzer.com\/no\/?s={search_term_string}\"},\"query-input\":{\"@type\":\"PropertyValueSpecification\",\"valueRequired\":true,\"valueName\":\"search_term_string\"}}],\"inLanguage\":\"nb-NO\"},{\"@type\":\"Organization\",\"@id\":\"https:\/\/www.truzzer.com\/no\/#organization\",\"name\":\"truzzer\",\"url\":\"https:\/\/www.truzzer.com\/no\/\",\"logo\":{\"@type\":\"ImageObject\",\"inLanguage\":\"nb-NO\",\"@id\":\"https:\/\/www.truzzer.com\/no\/#\/schema\/logo\/image\/\",\"url\":\"https:\/\/truzzer.com\/wp-content\/uploads\/2026\/01\/truzzer-logo-black-1.svg\",\"contentUrl\":\"https:\/\/truzzer.com\/wp-content\/uploads\/2026\/01\/truzzer-logo-black-1.svg\",\"width\":938,\"height\":199,\"caption\":\"truzzer\"},\"image\":{\"@id\":\"https:\/\/www.truzzer.com\/no\/#\/schema\/logo\/image\/\"}}]}<\/script>\n<!-- \/ Yoast SEO plugin. -->","yoast_head_json":{"title":"F\u00f8lg oss p\u00e5 Facebook visittkort | truzzer","description":"\u00d8k dine Facebook f\u00f8lgere med v\u00e5rt QR-kode visittkort fra truzzer. Bestill n\u00e5 \u2013 klar til bruk!","robots":{"index":"index","follow":"follow","max-snippet":"max-snippet:-1","max-image-preview":"max-image-preview:large","max-video-preview":"max-video-preview:-1"},"canonical":"https:\/\/www.truzzer.com\/no\/produkt\/follow-us-on-facebook-business-card\/","og_locale":"nb_NO","og_type":"article","og_title":"F\u00f8lg oss p\u00e5 Facebook visittkort | truzzer","og_description":"\u00d8k dine Facebook f\u00f8lgere med v\u00e5rt QR-kode visittkort fra truzzer. Bestill n\u00e5 \u2013 klar til bruk!","og_url":"https:\/\/www.truzzer.com\/no\/produkt\/follow-us-on-facebook-business-card\/","og_site_name":"truzzer","article_modified_time":"2026-02-13T08:20:14+00:00","og_image":[{"width":1400,"height":1400,"url":"https:\/\/www.truzzer.com\/wp-content\/uploads\/2026\/02\/follow-us-on-facebook-business-card-qr-code-s-1.jpg","type":"image\/jpeg"}],"twitter_card":"summary_large_image","twitter_misc":{"Ansl. lesetid":"1 minutt"},"schema":{"@context":"https:\/\/schema.org","@graph":[{"@type":"WebPage","@id":"https:\/\/www.truzzer.com\/no\/produkt\/follow-us-on-facebook-business-card\/","url":"https:\/\/www.truzzer.com\/no\/produkt\/follow-us-on-facebook-business-card\/","name":"F\u00f8lg oss p\u00e5 Facebook visittkort | truzzer","isPartOf":{"@id":"https:\/\/www.truzzer.com\/no\/#website"},"primaryImageOfPage":{"@id":"https:\/\/www.truzzer.com\/no\/produkt\/follow-us-on-facebook-business-card\/#primaryimage"},"image":{"@id":"https:\/\/www.truzzer.com\/no\/produkt\/follow-us-on-facebook-business-card\/#primaryimage"},"thumbnailUrl":"https:\/\/www.truzzer.com\/wp-content\/uploads\/2026\/02\/follow-us-on-facebook-business-card-qr-code-s-1.jpg","datePublished":"2026-02-01T20:06:36+00:00","dateModified":"2026-02-13T08:20:14+00:00","description":"\u00d8k dine Facebook f\u00f8lgere med v\u00e5rt QR-kode visittkort fra truzzer. Bestill n\u00e5 \u2013 klar til bruk!","breadcrumb":{"@id":"https:\/\/www.truzzer.com\/no\/produkt\/follow-us-on-facebook-business-card\/#breadcrumb"},"inLanguage":"nb-NO","potentialAction":[{"@type":"ReadAction","target":["https:\/\/www.truzzer.com\/no\/produkt\/follow-us-on-facebook-business-card\/"]}]},{"@type":"ImageObject","inLanguage":"nb-NO","@id":"https:\/\/www.truzzer.com\/no\/produkt\/follow-us-on-facebook-business-card\/#primaryimage","url":"https:\/\/www.truzzer.com\/wp-content\/uploads\/2026\/02\/follow-us-on-facebook-business-card-qr-code-s-1.jpg","contentUrl":"https:\/\/www.truzzer.com\/wp-content\/uploads\/2026\/02\/follow-us-on-facebook-business-card-qr-code-s-1.jpg","width":1400,"height":1400},{"@type":"BreadcrumbList","@id":"https:\/\/www.truzzer.com\/no\/produkt\/follow-us-on-facebook-business-card\/#breadcrumb","itemListElement":[{"@type":"ListItem","position":1,"name":"Home","item":"https:\/\/www.truzzer.com\/no\/"},{"@type":"ListItem","position":2,"name":"Butikk","item":"https:\/\/www.truzzer.com\/no\/butikk\/"},{"@type":"ListItem","position":3,"name":"F\u00f8lg oss p\u00e5 Facebook visittkort"}]},{"@type":"WebSite","@id":"https:\/\/www.truzzer.com\/no\/#website","url":"https:\/\/www.truzzer.com\/no\/","name":"truzzer","description":"Experts for customer trust","publisher":{"@id":"https:\/\/www.truzzer.com\/no\/#organization"},"potentialAction":[{"@type":"SearchAction","target":{"@type":"EntryPoint","urlTemplate":"https:\/\/www.truzzer.com\/no\/?s={search_term_string}"},"query-input":{"@type":"PropertyValueSpecification","valueRequired":true,"valueName":"search_term_string"}}],"inLanguage":"nb-NO"},{"@type":"Organization","@id":"https:\/\/www.truzzer.com\/no\/#organization","name":"truzzer","url":"https:\/\/www.truzzer.com\/no\/","logo":{"@type":"ImageObject","inLanguage":"nb-NO","@id":"https:\/\/www.truzzer.com\/no\/#\/schema\/logo\/image\/","url":"https:\/\/truzzer.com\/wp-content\/uploads\/2026\/01\/truzzer-logo-black-1.svg","contentUrl":"https:\/\/truzzer.com\/wp-content\/uploads\/2026\/01\/truzzer-logo-black-1.svg","width":938,"height":199,"caption":"truzzer"},"image":{"@id":"https:\/\/www.truzzer.com\/no\/#\/schema\/logo\/image\/"}}]}},"tiered_pricing_type":"fixed","tiered_pricing_fixed_rules":[],"tiered_pricing_product_settings":{"layout":"default","base_unit_name":{"singular":null,"plural":null},"default_variation":null},"tiered_pricing_minimum_quantity":null,"tiered_pricing_roles_data":[],"tiered_pricing_percentage_rules":[],"tiered_pricing_maximum_quantity":null,"tiered_pricing_quantity_step":null,"_links":{"self":[{"href":"https:\/\/www.truzzer.com\/no\/wp-json\/wp\/v2\/product\/94363","targetHints":{"allow":["GET"]}}],"collection":[{"href":"https:\/\/www.truzzer.com\/no\/wp-json\/wp\/v2\/product"}],"about":[{"href":"https:\/\/www.truzzer.com\/no\/wp-json\/wp\/v2\/types\/product"}],"replies":[{"embeddable":true,"href":"https:\/\/www.truzzer.com\/no\/wp-json\/wp\/v2\/comments?post=94363"}],"wp:featuredmedia":[{"embeddable":true,"href":"https:\/\/www.truzzer.com\/no\/wp-json\/wp\/v2\/media\/94364"}],"wp:attachment":[{"href":"https:\/\/www.truzzer.com\/no\/wp-json\/wp\/v2\/media?parent=94363"}],"wp:term":[{"taxonomy":"product_brand","embeddable":true,"href":"https:\/\/www.truzzer.com\/no\/wp-json\/wp\/v2\/product_brand?post=94363"},{"taxonomy":"product_cat","embeddable":true,"href":"https:\/\/www.truzzer.com\/no\/wp-json\/wp\/v2\/product_cat?post=94363"},{"taxonomy":"product_tag","embeddable":true,"href":"https:\/\/www.truzzer.com\/no\/wp-json\/wp\/v2\/product_tag?post=94363"}],"curies":[{"name":"wp","href":"https:\/\/api.w.org\/{rel}","templated":true}]}}