{"id":94679,"date":"2026-02-01T20:04:51","date_gmt":"2026-02-01T20:04:51","guid":{"rendered":"https:\/\/beta.truzzer.com\/product\/thank-you-card-with-google-review-qr-code\/"},"modified":"2026-02-13T08:30:25","modified_gmt":"2026-02-13T08:30:25","slug":"thank-you-card-with-google-review-qr-code","status":"publish","type":"product","link":"https:\/\/www.truzzer.com\/no\/produkt\/thank-you-card-with-google-review-qr-code\/","title":{"rendered":"Takkekort med Google anmeldelse QR kode"},"content":{"rendered":"<h2>Si takk og f\u00e5 flere Google-anmeldelser fra kunder<\/h2>\n<p>Med <strong>truzzer takkekort med QR-kode for Google-anmeldelser<\/strong> kan du raskere motta positive anmeldelser fra dine forn\u00f8yde kunder og forbedre omd\u00f8mmet og omd\u00f8mmet ditt.<br \/>\nI tillegg \u00f8ker du b\u00e5ndet til bedriften din og SEO-rangeringen din gjennom de positive vurderingene.<\/p>\n<p>I det praktiske DIN A6-postkortformatet takker du kundene dine og gj\u00f8r nettvurderingen h\u00e5ndgripelig.<br \/>\nLegg truzzer Google takkekort i kundenes handleposer, gi dem til regningen, send dem sammen med produktene dine eller legg dem p\u00e5 bordene i restauranten. <strong>Ferdig<\/strong>.<\/p>\n<p>QR-koden tar kunder direkte til din Google-rangering UTEN \u00e5 m\u00e5tte s\u00f8ke etter deg p\u00e5 Google f\u00f8rst. Slik forhindrer du hopp i Google-vurderingen.<\/p>\n<p>Du kan enkelt tilpasse de anbefalte takkekortene med QR-kode for Google-rangeringer med logoen din og tilpasse dem til din bedrift.<\/p>\n","protected":false},"excerpt":{"rendered":"<p>Si takk og f\u00e5 flere Google-anmeldelser! \u2013 Ideell for nettbutikker!<\/p>\n<p>Med truzzer takkekort med QR-kodekobling til den direkte Google-anmeldelsen, tilbyr vi deg muligheten til \u00e5 f\u00e5 flere vurderinger p\u00e5 Google raskere og enklere. Ikke mer \u00e5 sp\u00f8rre og be om anmeldelser. Bare gi fra deg kortet og motta Google-vurderinger fra kunder.<\/p>\n<p>Takkekortene er sv\u00e6rt kundevennlige og gj\u00f8r Google-vurderingen h\u00e5ndgripelig for kundene dine<br \/>\nBare gi kortene til kundene dine, vis dem i butikken eller legg dem i handleposen.<br \/>\nKundene dine er glade for takknemligheten, ser foresp\u00f8rselen om \u00e5 rangere deg og trenger bare \u00e5 holde smarttelefonkameraet over QR-koden, s\u00e5 kan de rangere deg direkte.<\/p>\n<p>Kortene er personlig tilpasset med logoen din foran og bak, og QR-koden f\u00f8rer direkte til anmeldelsesskjemaet p\u00e5 Google.<br \/>\nVi vil opprette og koble QR-koden for direkte evaluering p\u00e5 Google-profilen din for deg!<br \/>\nVi henter denne informasjonen fra bedriftens adresse.<\/p>\n","protected":false},"featured_media":94680,"comment_status":"open","ping_status":"closed","template":"","meta":{"_acf_changed":false,"_yoast_wpseo_focuskw":"Google Anmeldelse Visittkort","_yoast_wpseo_title":"Takkekort | truzzer","_yoast_wpseo_metadesc":"F\u00e5 flere 5-stjerners Google anmeldelser med v\u00e5rt QR-kode visittkort fra truzzer. Bestill n\u00e5 \u2013 klar til bruk!"},"product_brand":[1656],"product_cat":[769,768,767,770,505],"product_tag":[],"class_list":{"0":"post-94679","1":"product","2":"type-product","3":"status-publish","4":"has-post-thumbnail","6":"product_brand-google","7":"product_cat-google-anmeldelse-anmeldelseskort-med-qr-kode","8":"product_cat-google-anmeldelse-kort","9":"product_cat-google-anmeldelse-produkter","10":"product_cat-qr-kode-kort","11":"product_cat-qr-kode-produkter","12":"pa_industry-byra-radgivning","13":"pa_industry-eiendom-goed","14":"pa_industry-lokale-diensten","15":"pa_material-kartong","16":"pa_placement-balie-receptie","17":"pa_placement-brosjyre","18":"pa_placement-portemonnee-personlijk","19":"pa_product-type-kaarten","20":"pa_shape-rechthoek","21":"pa_technology-qr-code","22":"pa_technology-qr-kode","24":"first","25":"instock","26":"taxable","27":"shipping-taxable","28":"purchasable","29":"product-type-simple"},"acf":[],"yoast_head":"<!-- This site is optimized with the Yoast SEO plugin v27.0 - https:\/\/yoast.com\/product\/yoast-seo-wordpress\/ -->\n<title>Takkekort | truzzer<\/title>\n<meta name=\"description\" content=\"F\u00e5 flere 5-stjerners Google anmeldelser med v\u00e5rt QR-kode visittkort fra truzzer. Bestill n\u00e5 \u2013 klar til bruk!\" \/>\n<meta name=\"robots\" content=\"index, follow, max-snippet:-1, max-image-preview:large, max-video-preview:-1\" \/>\n<link rel=\"canonical\" href=\"https:\/\/www.truzzer.com\/no\/produkt\/thank-you-card-with-google-review-qr-code\/\" \/>\n<meta property=\"og:locale\" content=\"nb_NO\" \/>\n<meta property=\"og:type\" content=\"article\" \/>\n<meta property=\"og:title\" content=\"Takkekort | truzzer\" \/>\n<meta property=\"og:description\" content=\"F\u00e5 flere 5-stjerners Google anmeldelser med v\u00e5rt QR-kode visittkort fra truzzer. Bestill n\u00e5 \u2013 klar til bruk!\" \/>\n<meta property=\"og:url\" content=\"https:\/\/www.truzzer.com\/no\/produkt\/thank-you-card-with-google-review-qr-code\/\" \/>\n<meta property=\"og:site_name\" content=\"truzzer\" \/>\n<meta property=\"article:modified_time\" content=\"2026-02-13T08:30:25+00:00\" \/>\n<meta property=\"og:image\" content=\"https:\/\/www.truzzer.com\/wp-content\/uploads\/2026\/02\/thank-you-card-purchase-google-review-front-1-1.jpg\" \/>\n\t<meta property=\"og:image:width\" content=\"1400\" \/>\n\t<meta property=\"og:image:height\" content=\"1400\" \/>\n\t<meta property=\"og:image:type\" content=\"image\/jpeg\" \/>\n<meta name=\"twitter:card\" content=\"summary_large_image\" \/>\n<meta name=\"twitter:label1\" content=\"Ansl. lesetid\" \/>\n\t<meta name=\"twitter:data1\" content=\"1 minutt\" \/>\n<script type=\"application\/ld+json\" class=\"yoast-schema-graph\">{\"@context\":\"https:\/\/schema.org\",\"@graph\":[{\"@type\":\"WebPage\",\"@id\":\"https:\/\/www.truzzer.com\/no\/produkt\/thank-you-card-with-google-review-qr-code\/\",\"url\":\"https:\/\/www.truzzer.com\/no\/produkt\/thank-you-card-with-google-review-qr-code\/\",\"name\":\"Takkekort | truzzer\",\"isPartOf\":{\"@id\":\"https:\/\/www.truzzer.com\/no\/#website\"},\"primaryImageOfPage\":{\"@id\":\"https:\/\/www.truzzer.com\/no\/produkt\/thank-you-card-with-google-review-qr-code\/#primaryimage\"},\"image\":{\"@id\":\"https:\/\/www.truzzer.com\/no\/produkt\/thank-you-card-with-google-review-qr-code\/#primaryimage\"},\"thumbnailUrl\":\"https:\/\/www.truzzer.com\/wp-content\/uploads\/2026\/02\/thank-you-card-purchase-google-review-front-1-1.jpg\",\"datePublished\":\"2026-02-01T20:04:51+00:00\",\"dateModified\":\"2026-02-13T08:30:25+00:00\",\"description\":\"F\u00e5 flere 5-stjerners Google anmeldelser med v\u00e5rt QR-kode visittkort fra truzzer. Bestill n\u00e5 \u2013 klar til bruk!\",\"breadcrumb\":{\"@id\":\"https:\/\/www.truzzer.com\/no\/produkt\/thank-you-card-with-google-review-qr-code\/#breadcrumb\"},\"inLanguage\":\"nb-NO\",\"potentialAction\":[{\"@type\":\"ReadAction\",\"target\":[\"https:\/\/www.truzzer.com\/no\/produkt\/thank-you-card-with-google-review-qr-code\/\"]}]},{\"@type\":\"ImageObject\",\"inLanguage\":\"nb-NO\",\"@id\":\"https:\/\/www.truzzer.com\/no\/produkt\/thank-you-card-with-google-review-qr-code\/#primaryimage\",\"url\":\"https:\/\/www.truzzer.com\/wp-content\/uploads\/2026\/02\/thank-you-card-purchase-google-review-front-1-1.jpg\",\"contentUrl\":\"https:\/\/www.truzzer.com\/wp-content\/uploads\/2026\/02\/thank-you-card-purchase-google-review-front-1-1.jpg\",\"width\":1400,\"height\":1400},{\"@type\":\"BreadcrumbList\",\"@id\":\"https:\/\/www.truzzer.com\/no\/produkt\/thank-you-card-with-google-review-qr-code\/#breadcrumb\",\"itemListElement\":[{\"@type\":\"ListItem\",\"position\":1,\"name\":\"Home\",\"item\":\"https:\/\/www.truzzer.com\/no\/\"},{\"@type\":\"ListItem\",\"position\":2,\"name\":\"Butikk\",\"item\":\"https:\/\/www.truzzer.com\/no\/butikk\/\"},{\"@type\":\"ListItem\",\"position\":3,\"name\":\"Takkekort med Google anmeldelse QR kode\"}]},{\"@type\":\"WebSite\",\"@id\":\"https:\/\/www.truzzer.com\/no\/#website\",\"url\":\"https:\/\/www.truzzer.com\/no\/\",\"name\":\"truzzer\",\"description\":\"Experts for customer trust\",\"publisher\":{\"@id\":\"https:\/\/www.truzzer.com\/no\/#organization\"},\"potentialAction\":[{\"@type\":\"SearchAction\",\"target\":{\"@type\":\"EntryPoint\",\"urlTemplate\":\"https:\/\/www.truzzer.com\/no\/?s={search_term_string}\"},\"query-input\":{\"@type\":\"PropertyValueSpecification\",\"valueRequired\":true,\"valueName\":\"search_term_string\"}}],\"inLanguage\":\"nb-NO\"},{\"@type\":\"Organization\",\"@id\":\"https:\/\/www.truzzer.com\/no\/#organization\",\"name\":\"truzzer\",\"url\":\"https:\/\/www.truzzer.com\/no\/\",\"logo\":{\"@type\":\"ImageObject\",\"inLanguage\":\"nb-NO\",\"@id\":\"https:\/\/www.truzzer.com\/no\/#\/schema\/logo\/image\/\",\"url\":\"https:\/\/truzzer.com\/wp-content\/uploads\/2026\/01\/truzzer-logo-black-1.svg\",\"contentUrl\":\"https:\/\/truzzer.com\/wp-content\/uploads\/2026\/01\/truzzer-logo-black-1.svg\",\"width\":938,\"height\":199,\"caption\":\"truzzer\"},\"image\":{\"@id\":\"https:\/\/www.truzzer.com\/no\/#\/schema\/logo\/image\/\"}}]}<\/script>\n<!-- \/ Yoast SEO plugin. -->","yoast_head_json":{"title":"Takkekort | truzzer","description":"F\u00e5 flere 5-stjerners Google anmeldelser med v\u00e5rt QR-kode visittkort fra truzzer. Bestill n\u00e5 \u2013 klar til bruk!","robots":{"index":"index","follow":"follow","max-snippet":"max-snippet:-1","max-image-preview":"max-image-preview:large","max-video-preview":"max-video-preview:-1"},"canonical":"https:\/\/www.truzzer.com\/no\/produkt\/thank-you-card-with-google-review-qr-code\/","og_locale":"nb_NO","og_type":"article","og_title":"Takkekort | truzzer","og_description":"F\u00e5 flere 5-stjerners Google anmeldelser med v\u00e5rt QR-kode visittkort fra truzzer. Bestill n\u00e5 \u2013 klar til bruk!","og_url":"https:\/\/www.truzzer.com\/no\/produkt\/thank-you-card-with-google-review-qr-code\/","og_site_name":"truzzer","article_modified_time":"2026-02-13T08:30:25+00:00","og_image":[{"width":1400,"height":1400,"url":"https:\/\/www.truzzer.com\/wp-content\/uploads\/2026\/02\/thank-you-card-purchase-google-review-front-1-1.jpg","type":"image\/jpeg"}],"twitter_card":"summary_large_image","twitter_misc":{"Ansl. lesetid":"1 minutt"},"schema":{"@context":"https:\/\/schema.org","@graph":[{"@type":"WebPage","@id":"https:\/\/www.truzzer.com\/no\/produkt\/thank-you-card-with-google-review-qr-code\/","url":"https:\/\/www.truzzer.com\/no\/produkt\/thank-you-card-with-google-review-qr-code\/","name":"Takkekort | truzzer","isPartOf":{"@id":"https:\/\/www.truzzer.com\/no\/#website"},"primaryImageOfPage":{"@id":"https:\/\/www.truzzer.com\/no\/produkt\/thank-you-card-with-google-review-qr-code\/#primaryimage"},"image":{"@id":"https:\/\/www.truzzer.com\/no\/produkt\/thank-you-card-with-google-review-qr-code\/#primaryimage"},"thumbnailUrl":"https:\/\/www.truzzer.com\/wp-content\/uploads\/2026\/02\/thank-you-card-purchase-google-review-front-1-1.jpg","datePublished":"2026-02-01T20:04:51+00:00","dateModified":"2026-02-13T08:30:25+00:00","description":"F\u00e5 flere 5-stjerners Google anmeldelser med v\u00e5rt QR-kode visittkort fra truzzer. Bestill n\u00e5 \u2013 klar til bruk!","breadcrumb":{"@id":"https:\/\/www.truzzer.com\/no\/produkt\/thank-you-card-with-google-review-qr-code\/#breadcrumb"},"inLanguage":"nb-NO","potentialAction":[{"@type":"ReadAction","target":["https:\/\/www.truzzer.com\/no\/produkt\/thank-you-card-with-google-review-qr-code\/"]}]},{"@type":"ImageObject","inLanguage":"nb-NO","@id":"https:\/\/www.truzzer.com\/no\/produkt\/thank-you-card-with-google-review-qr-code\/#primaryimage","url":"https:\/\/www.truzzer.com\/wp-content\/uploads\/2026\/02\/thank-you-card-purchase-google-review-front-1-1.jpg","contentUrl":"https:\/\/www.truzzer.com\/wp-content\/uploads\/2026\/02\/thank-you-card-purchase-google-review-front-1-1.jpg","width":1400,"height":1400},{"@type":"BreadcrumbList","@id":"https:\/\/www.truzzer.com\/no\/produkt\/thank-you-card-with-google-review-qr-code\/#breadcrumb","itemListElement":[{"@type":"ListItem","position":1,"name":"Home","item":"https:\/\/www.truzzer.com\/no\/"},{"@type":"ListItem","position":2,"name":"Butikk","item":"https:\/\/www.truzzer.com\/no\/butikk\/"},{"@type":"ListItem","position":3,"name":"Takkekort med Google anmeldelse QR kode"}]},{"@type":"WebSite","@id":"https:\/\/www.truzzer.com\/no\/#website","url":"https:\/\/www.truzzer.com\/no\/","name":"truzzer","description":"Experts for customer trust","publisher":{"@id":"https:\/\/www.truzzer.com\/no\/#organization"},"potentialAction":[{"@type":"SearchAction","target":{"@type":"EntryPoint","urlTemplate":"https:\/\/www.truzzer.com\/no\/?s={search_term_string}"},"query-input":{"@type":"PropertyValueSpecification","valueRequired":true,"valueName":"search_term_string"}}],"inLanguage":"nb-NO"},{"@type":"Organization","@id":"https:\/\/www.truzzer.com\/no\/#organization","name":"truzzer","url":"https:\/\/www.truzzer.com\/no\/","logo":{"@type":"ImageObject","inLanguage":"nb-NO","@id":"https:\/\/www.truzzer.com\/no\/#\/schema\/logo\/image\/","url":"https:\/\/truzzer.com\/wp-content\/uploads\/2026\/01\/truzzer-logo-black-1.svg","contentUrl":"https:\/\/truzzer.com\/wp-content\/uploads\/2026\/01\/truzzer-logo-black-1.svg","width":938,"height":199,"caption":"truzzer"},"image":{"@id":"https:\/\/www.truzzer.com\/no\/#\/schema\/logo\/image\/"}}]}},"tiered_pricing_type":"fixed","tiered_pricing_fixed_rules":[],"tiered_pricing_product_settings":{"layout":"default","base_unit_name":{"singular":null,"plural":null},"default_variation":null},"tiered_pricing_minimum_quantity":null,"tiered_pricing_roles_data":[],"tiered_pricing_percentage_rules":[],"tiered_pricing_maximum_quantity":null,"tiered_pricing_quantity_step":null,"_links":{"self":[{"href":"https:\/\/www.truzzer.com\/no\/wp-json\/wp\/v2\/product\/94679","targetHints":{"allow":["GET"]}}],"collection":[{"href":"https:\/\/www.truzzer.com\/no\/wp-json\/wp\/v2\/product"}],"about":[{"href":"https:\/\/www.truzzer.com\/no\/wp-json\/wp\/v2\/types\/product"}],"replies":[{"embeddable":true,"href":"https:\/\/www.truzzer.com\/no\/wp-json\/wp\/v2\/comments?post=94679"}],"wp:featuredmedia":[{"embeddable":true,"href":"https:\/\/www.truzzer.com\/no\/wp-json\/wp\/v2\/media\/94680"}],"wp:attachment":[{"href":"https:\/\/www.truzzer.com\/no\/wp-json\/wp\/v2\/media?parent=94679"}],"wp:term":[{"taxonomy":"product_brand","embeddable":true,"href":"https:\/\/www.truzzer.com\/no\/wp-json\/wp\/v2\/product_brand?post=94679"},{"taxonomy":"product_cat","embeddable":true,"href":"https:\/\/www.truzzer.com\/no\/wp-json\/wp\/v2\/product_cat?post=94679"},{"taxonomy":"product_tag","embeddable":true,"href":"https:\/\/www.truzzer.com\/no\/wp-json\/wp\/v2\/product_tag?post=94679"}],"curies":[{"name":"wp","href":"https:\/\/api.w.org\/{rel}","templated":true}]}}