{"id":98649,"date":"2026-02-01T20:00:29","date_gmt":"2026-02-01T20:00:29","guid":{"rendered":"https:\/\/beta.truzzer.com\/product\/review-us-on-tripadvisor-hotel-door-hanger-with-tripadvisor-review-qr-code\/"},"modified":"2026-02-13T08:01:45","modified_gmt":"2026-02-13T08:01:45","slug":"review-us-on-tripadvisor-hotel-door-hanger-with-tripadvisor-review-qr-code","status":"publish","type":"product","link":"https:\/\/www.truzzer.com\/no\/produkt\/review-us-on-tripadvisor-hotel-door-hanger-with-tripadvisor-review-qr-code\/","title":{"rendered":"Anmeld oss \u200b\u200bp\u00e5 TripAdvisor hotelld\u00f8rhenger med TripAdvisor anmeldelse QR kode"},"content":{"rendered":"<h2>Enkel l\u00f8sning for \u00e5 generere flere TripAdvisor-anmeldelser for hotellet ditt<\/h2>\n<p>For hotellbransjen er gjesteanmeldelser en av de mest innflytelsesrike faktorene som bidrar til bestillingsbeslutninger \u2013 spesielt anmeldelser p\u00e5 TripAdvisor.<br \/>\nMed v\u00e5re &laquo;Gjennomg\u00e5 oss p\u00e5 TripAdvisor&raquo; d\u00f8rhengere designet for hoteller, gj\u00f8r vi det enkelt for hotellbedrifter \u00e5 raskt og enkelt samle inn en rekke TripAdvisor-anmeldelser.<br \/>\nProsessen er utrolig enkel, og animasjonen p\u00e5 stedets foresp\u00f8rsel om gjennomgang sikrer at gjestene ikke glemmer \u00e5 anmelde hotellet ditt etter oppholdet.<br \/>\nTripAdvisor anmeldelse d\u00f8rhengere kan tilpasses med logoen din.<\/p>\n","protected":false},"excerpt":{"rendered":"<h2>D\u00f8rhengere for TripAdvisor-anmeldelser<\/h2>\n<p>Gj\u00f8r det enkelt for hotellgjestene dine \u00e5 anmelde hotellet ditt p\u00e5 TripAdvisor med d\u00f8rhengerne for TripAdvisor-anmeldelser fra Truzzer!<br \/>\nD\u00f8rhengerne forenkler prosessen med \u00e5 vurdere hotellet ditt direkte ved \u00e5 ha en QR-kodekobling som tar deg direkte til anmeldelsesskjemaet for TripAdvisor-oppf\u00f8ringen din.<br \/>\nForsiden inneholder en handlingsfremmende oppfordring som oppfordrer gjestene dine til \u00e5 anmelde oss p\u00e5 TripAdvisor.<br \/>\nP\u00e5 baksiden finner du QR-koden sammen med en kort forklaring p\u00e5 hvordan gjennomgangsprosessen fungerer.<br \/>\nTa neste steg i omd\u00f8mmemarkedsf\u00f8ring med &#8220;Gjennomg\u00e5 oss p\u00e5 TripAdvisor&#8221; d\u00f8rhengere for hoteller!<\/p>\n","protected":false},"featured_media":98653,"comment_status":"open","ping_status":"closed","template":"","meta":{"_acf_changed":false,"_yoast_wpseo_focuskw":"TripAdvisor Anmeldelse D\u00f8rhenger","_yoast_wpseo_title":"Anmeld oss p\u00e5 TripAdvisor hotell d\u00f8rhenger | truzzer","_yoast_wpseo_metadesc":"F\u00e5 flere TripAdvisor anmeldelser med v\u00e5r hotell d\u00f8rhenger fra truzzer. Bestill n\u00e5 \u2013 klar til bruk!"},"product_brand":[1689],"product_cat":[1421,505,1424,1425],"product_tag":[],"class_list":{"0":"post-98649","1":"product","2":"type-product","3":"status-publish","4":"has-post-thumbnail","6":"product_brand-tripadvisor","7":"product_cat-qr-kode-dorhengere","8":"product_cat-qr-kode-produkter","9":"product_cat-tripadvisor-reviews-products","10":"product_cat-tripadvisor-reviews-review-cards","11":"pa_industry-byra-radgivning","12":"pa_industry-eiendom-goed","13":"pa_industry-lokale-diensten","14":"pa_material-kartong","15":"pa_placement-balie-receptie","16":"pa_placement-brosjyre","17":"pa_placement-portemonnee-personlijk","18":"pa_product-type-door-hangers","19":"pa_technology-qr-code","21":"first","22":"instock","23":"taxable","24":"shipping-taxable","25":"purchasable","26":"product-type-simple"},"acf":[],"yoast_head":"<!-- This site is optimized with the Yoast SEO plugin v27.0 - https:\/\/yoast.com\/product\/yoast-seo-wordpress\/ -->\n<title>Anmeld oss p\u00e5 TripAdvisor hotell d\u00f8rhenger | truzzer<\/title>\n<meta name=\"description\" content=\"F\u00e5 flere TripAdvisor anmeldelser med v\u00e5r hotell d\u00f8rhenger fra truzzer. Bestill n\u00e5 \u2013 klar til bruk!\" \/>\n<meta name=\"robots\" content=\"index, follow, max-snippet:-1, max-image-preview:large, max-video-preview:-1\" \/>\n<link rel=\"canonical\" href=\"https:\/\/www.truzzer.com\/no\/produkt\/review-us-on-tripadvisor-hotel-door-hanger-with-tripadvisor-review-qr-code\/\" \/>\n<meta property=\"og:locale\" content=\"nb_NO\" \/>\n<meta property=\"og:type\" content=\"article\" \/>\n<meta property=\"og:title\" content=\"Anmeld oss p\u00e5 TripAdvisor hotell d\u00f8rhenger | truzzer\" \/>\n<meta property=\"og:description\" content=\"F\u00e5 flere TripAdvisor anmeldelser med v\u00e5r hotell d\u00f8rhenger fra truzzer. Bestill n\u00e5 \u2013 klar til bruk!\" \/>\n<meta property=\"og:url\" content=\"https:\/\/www.truzzer.com\/no\/produkt\/review-us-on-tripadvisor-hotel-door-hanger-with-tripadvisor-review-qr-code\/\" \/>\n<meta property=\"og:site_name\" content=\"truzzer\" \/>\n<meta property=\"article:modified_time\" content=\"2026-02-13T08:01:45+00:00\" \/>\n<meta property=\"og:image\" content=\"https:\/\/www.truzzer.com\/wp-content\/uploads\/2026\/02\/tripadvisor-review-door-hanger-for-hotels-truzzer-s-1.jpg\" \/>\n\t<meta property=\"og:image:width\" content=\"1200\" \/>\n\t<meta property=\"og:image:height\" content=\"1200\" \/>\n\t<meta property=\"og:image:type\" content=\"image\/jpeg\" \/>\n<meta name=\"twitter:card\" content=\"summary_large_image\" \/>\n<script type=\"application\/ld+json\" class=\"yoast-schema-graph\">{\"@context\":\"https:\/\/schema.org\",\"@graph\":[{\"@type\":\"WebPage\",\"@id\":\"https:\/\/www.truzzer.com\/no\/produkt\/review-us-on-tripadvisor-hotel-door-hanger-with-tripadvisor-review-qr-code\/\",\"url\":\"https:\/\/www.truzzer.com\/no\/produkt\/review-us-on-tripadvisor-hotel-door-hanger-with-tripadvisor-review-qr-code\/\",\"name\":\"Anmeld oss p\u00e5 TripAdvisor hotell d\u00f8rhenger | truzzer\",\"isPartOf\":{\"@id\":\"https:\/\/www.truzzer.com\/no\/#website\"},\"primaryImageOfPage\":{\"@id\":\"https:\/\/www.truzzer.com\/no\/produkt\/review-us-on-tripadvisor-hotel-door-hanger-with-tripadvisor-review-qr-code\/#primaryimage\"},\"image\":{\"@id\":\"https:\/\/www.truzzer.com\/no\/produkt\/review-us-on-tripadvisor-hotel-door-hanger-with-tripadvisor-review-qr-code\/#primaryimage\"},\"thumbnailUrl\":\"https:\/\/www.truzzer.com\/wp-content\/uploads\/2026\/02\/tripadvisor-review-door-hanger-for-hotels-truzzer-s-1.jpg\",\"datePublished\":\"2026-02-01T20:00:29+00:00\",\"dateModified\":\"2026-02-13T08:01:45+00:00\",\"description\":\"F\u00e5 flere TripAdvisor anmeldelser med v\u00e5r hotell d\u00f8rhenger fra truzzer. Bestill n\u00e5 \u2013 klar til bruk!\",\"breadcrumb\":{\"@id\":\"https:\/\/www.truzzer.com\/no\/produkt\/review-us-on-tripadvisor-hotel-door-hanger-with-tripadvisor-review-qr-code\/#breadcrumb\"},\"inLanguage\":\"nb-NO\",\"potentialAction\":[{\"@type\":\"ReadAction\",\"target\":[\"https:\/\/www.truzzer.com\/no\/produkt\/review-us-on-tripadvisor-hotel-door-hanger-with-tripadvisor-review-qr-code\/\"]}]},{\"@type\":\"ImageObject\",\"inLanguage\":\"nb-NO\",\"@id\":\"https:\/\/www.truzzer.com\/no\/produkt\/review-us-on-tripadvisor-hotel-door-hanger-with-tripadvisor-review-qr-code\/#primaryimage\",\"url\":\"https:\/\/www.truzzer.com\/wp-content\/uploads\/2026\/02\/tripadvisor-review-door-hanger-for-hotels-truzzer-s-1.jpg\",\"contentUrl\":\"https:\/\/www.truzzer.com\/wp-content\/uploads\/2026\/02\/tripadvisor-review-door-hanger-for-hotels-truzzer-s-1.jpg\",\"width\":1200,\"height\":1200},{\"@type\":\"BreadcrumbList\",\"@id\":\"https:\/\/www.truzzer.com\/no\/produkt\/review-us-on-tripadvisor-hotel-door-hanger-with-tripadvisor-review-qr-code\/#breadcrumb\",\"itemListElement\":[{\"@type\":\"ListItem\",\"position\":1,\"name\":\"Home\",\"item\":\"https:\/\/www.truzzer.com\/no\/\"},{\"@type\":\"ListItem\",\"position\":2,\"name\":\"Butikk\",\"item\":\"https:\/\/www.truzzer.com\/no\/butikk\/\"},{\"@type\":\"ListItem\",\"position\":3,\"name\":\"Anmeld oss \u200b\u200bp\u00e5 TripAdvisor hotelld\u00f8rhenger med TripAdvisor anmeldelse QR kode\"}]},{\"@type\":\"WebSite\",\"@id\":\"https:\/\/www.truzzer.com\/no\/#website\",\"url\":\"https:\/\/www.truzzer.com\/no\/\",\"name\":\"truzzer\",\"description\":\"Experts for customer trust\",\"publisher\":{\"@id\":\"https:\/\/www.truzzer.com\/no\/#organization\"},\"potentialAction\":[{\"@type\":\"SearchAction\",\"target\":{\"@type\":\"EntryPoint\",\"urlTemplate\":\"https:\/\/www.truzzer.com\/no\/?s={search_term_string}\"},\"query-input\":{\"@type\":\"PropertyValueSpecification\",\"valueRequired\":true,\"valueName\":\"search_term_string\"}}],\"inLanguage\":\"nb-NO\"},{\"@type\":\"Organization\",\"@id\":\"https:\/\/www.truzzer.com\/no\/#organization\",\"name\":\"truzzer\",\"url\":\"https:\/\/www.truzzer.com\/no\/\",\"logo\":{\"@type\":\"ImageObject\",\"inLanguage\":\"nb-NO\",\"@id\":\"https:\/\/www.truzzer.com\/no\/#\/schema\/logo\/image\/\",\"url\":\"https:\/\/truzzer.com\/wp-content\/uploads\/2026\/01\/truzzer-logo-black-1.svg\",\"contentUrl\":\"https:\/\/truzzer.com\/wp-content\/uploads\/2026\/01\/truzzer-logo-black-1.svg\",\"width\":938,\"height\":199,\"caption\":\"truzzer\"},\"image\":{\"@id\":\"https:\/\/www.truzzer.com\/no\/#\/schema\/logo\/image\/\"}}]}<\/script>\n<!-- \/ Yoast SEO plugin. -->","yoast_head_json":{"title":"Anmeld oss p\u00e5 TripAdvisor hotell d\u00f8rhenger | truzzer","description":"F\u00e5 flere TripAdvisor anmeldelser med v\u00e5r hotell d\u00f8rhenger fra truzzer. Bestill n\u00e5 \u2013 klar til bruk!","robots":{"index":"index","follow":"follow","max-snippet":"max-snippet:-1","max-image-preview":"max-image-preview:large","max-video-preview":"max-video-preview:-1"},"canonical":"https:\/\/www.truzzer.com\/no\/produkt\/review-us-on-tripadvisor-hotel-door-hanger-with-tripadvisor-review-qr-code\/","og_locale":"nb_NO","og_type":"article","og_title":"Anmeld oss p\u00e5 TripAdvisor hotell d\u00f8rhenger | truzzer","og_description":"F\u00e5 flere TripAdvisor anmeldelser med v\u00e5r hotell d\u00f8rhenger fra truzzer. Bestill n\u00e5 \u2013 klar til bruk!","og_url":"https:\/\/www.truzzer.com\/no\/produkt\/review-us-on-tripadvisor-hotel-door-hanger-with-tripadvisor-review-qr-code\/","og_site_name":"truzzer","article_modified_time":"2026-02-13T08:01:45+00:00","og_image":[{"width":1200,"height":1200,"url":"https:\/\/www.truzzer.com\/wp-content\/uploads\/2026\/02\/tripadvisor-review-door-hanger-for-hotels-truzzer-s-1.jpg","type":"image\/jpeg"}],"twitter_card":"summary_large_image","schema":{"@context":"https:\/\/schema.org","@graph":[{"@type":"WebPage","@id":"https:\/\/www.truzzer.com\/no\/produkt\/review-us-on-tripadvisor-hotel-door-hanger-with-tripadvisor-review-qr-code\/","url":"https:\/\/www.truzzer.com\/no\/produkt\/review-us-on-tripadvisor-hotel-door-hanger-with-tripadvisor-review-qr-code\/","name":"Anmeld oss p\u00e5 TripAdvisor hotell d\u00f8rhenger | truzzer","isPartOf":{"@id":"https:\/\/www.truzzer.com\/no\/#website"},"primaryImageOfPage":{"@id":"https:\/\/www.truzzer.com\/no\/produkt\/review-us-on-tripadvisor-hotel-door-hanger-with-tripadvisor-review-qr-code\/#primaryimage"},"image":{"@id":"https:\/\/www.truzzer.com\/no\/produkt\/review-us-on-tripadvisor-hotel-door-hanger-with-tripadvisor-review-qr-code\/#primaryimage"},"thumbnailUrl":"https:\/\/www.truzzer.com\/wp-content\/uploads\/2026\/02\/tripadvisor-review-door-hanger-for-hotels-truzzer-s-1.jpg","datePublished":"2026-02-01T20:00:29+00:00","dateModified":"2026-02-13T08:01:45+00:00","description":"F\u00e5 flere TripAdvisor anmeldelser med v\u00e5r hotell d\u00f8rhenger fra truzzer. Bestill n\u00e5 \u2013 klar til bruk!","breadcrumb":{"@id":"https:\/\/www.truzzer.com\/no\/produkt\/review-us-on-tripadvisor-hotel-door-hanger-with-tripadvisor-review-qr-code\/#breadcrumb"},"inLanguage":"nb-NO","potentialAction":[{"@type":"ReadAction","target":["https:\/\/www.truzzer.com\/no\/produkt\/review-us-on-tripadvisor-hotel-door-hanger-with-tripadvisor-review-qr-code\/"]}]},{"@type":"ImageObject","inLanguage":"nb-NO","@id":"https:\/\/www.truzzer.com\/no\/produkt\/review-us-on-tripadvisor-hotel-door-hanger-with-tripadvisor-review-qr-code\/#primaryimage","url":"https:\/\/www.truzzer.com\/wp-content\/uploads\/2026\/02\/tripadvisor-review-door-hanger-for-hotels-truzzer-s-1.jpg","contentUrl":"https:\/\/www.truzzer.com\/wp-content\/uploads\/2026\/02\/tripadvisor-review-door-hanger-for-hotels-truzzer-s-1.jpg","width":1200,"height":1200},{"@type":"BreadcrumbList","@id":"https:\/\/www.truzzer.com\/no\/produkt\/review-us-on-tripadvisor-hotel-door-hanger-with-tripadvisor-review-qr-code\/#breadcrumb","itemListElement":[{"@type":"ListItem","position":1,"name":"Home","item":"https:\/\/www.truzzer.com\/no\/"},{"@type":"ListItem","position":2,"name":"Butikk","item":"https:\/\/www.truzzer.com\/no\/butikk\/"},{"@type":"ListItem","position":3,"name":"Anmeld oss \u200b\u200bp\u00e5 TripAdvisor hotelld\u00f8rhenger med TripAdvisor anmeldelse QR kode"}]},{"@type":"WebSite","@id":"https:\/\/www.truzzer.com\/no\/#website","url":"https:\/\/www.truzzer.com\/no\/","name":"truzzer","description":"Experts for customer trust","publisher":{"@id":"https:\/\/www.truzzer.com\/no\/#organization"},"potentialAction":[{"@type":"SearchAction","target":{"@type":"EntryPoint","urlTemplate":"https:\/\/www.truzzer.com\/no\/?s={search_term_string}"},"query-input":{"@type":"PropertyValueSpecification","valueRequired":true,"valueName":"search_term_string"}}],"inLanguage":"nb-NO"},{"@type":"Organization","@id":"https:\/\/www.truzzer.com\/no\/#organization","name":"truzzer","url":"https:\/\/www.truzzer.com\/no\/","logo":{"@type":"ImageObject","inLanguage":"nb-NO","@id":"https:\/\/www.truzzer.com\/no\/#\/schema\/logo\/image\/","url":"https:\/\/truzzer.com\/wp-content\/uploads\/2026\/01\/truzzer-logo-black-1.svg","contentUrl":"https:\/\/truzzer.com\/wp-content\/uploads\/2026\/01\/truzzer-logo-black-1.svg","width":938,"height":199,"caption":"truzzer"},"image":{"@id":"https:\/\/www.truzzer.com\/no\/#\/schema\/logo\/image\/"}}]}},"tiered_pricing_type":"fixed","tiered_pricing_fixed_rules":[],"tiered_pricing_product_settings":{"layout":"default","base_unit_name":{"singular":null,"plural":null},"default_variation":null},"tiered_pricing_minimum_quantity":null,"tiered_pricing_roles_data":[],"tiered_pricing_percentage_rules":[],"tiered_pricing_maximum_quantity":null,"tiered_pricing_quantity_step":null,"_links":{"self":[{"href":"https:\/\/www.truzzer.com\/no\/wp-json\/wp\/v2\/product\/98649","targetHints":{"allow":["GET"]}}],"collection":[{"href":"https:\/\/www.truzzer.com\/no\/wp-json\/wp\/v2\/product"}],"about":[{"href":"https:\/\/www.truzzer.com\/no\/wp-json\/wp\/v2\/types\/product"}],"replies":[{"embeddable":true,"href":"https:\/\/www.truzzer.com\/no\/wp-json\/wp\/v2\/comments?post=98649"}],"wp:featuredmedia":[{"embeddable":true,"href":"https:\/\/www.truzzer.com\/no\/wp-json\/wp\/v2\/media\/98653"}],"wp:attachment":[{"href":"https:\/\/www.truzzer.com\/no\/wp-json\/wp\/v2\/media?parent=98649"}],"wp:term":[{"taxonomy":"product_brand","embeddable":true,"href":"https:\/\/www.truzzer.com\/no\/wp-json\/wp\/v2\/product_brand?post=98649"},{"taxonomy":"product_cat","embeddable":true,"href":"https:\/\/www.truzzer.com\/no\/wp-json\/wp\/v2\/product_cat?post=98649"},{"taxonomy":"product_tag","embeddable":true,"href":"https:\/\/www.truzzer.com\/no\/wp-json\/wp\/v2\/product_tag?post=98649"}],"curies":[{"name":"wp","href":"https:\/\/api.w.org\/{rel}","templated":true}]}}