{"id":98661,"date":"2026-02-01T20:00:12","date_gmt":"2026-02-01T20:00:12","guid":{"rendered":"https:\/\/beta.truzzer.com\/product\/instagram-nfc-tag-action-button\/"},"modified":"2026-02-13T08:04:12","modified_gmt":"2026-02-13T08:04:12","slug":"instagram-nfc-tag-action-button","status":"publish","type":"product","link":"https:\/\/www.truzzer.com\/no\/produkt\/instagram-nfc-tag-action-button\/","title":{"rendered":"Instagram NFC Tag-handlingsknapp"},"content":{"rendered":"","protected":false},"excerpt":{"rendered":"<p>Oppdag Truzzer NFC handlingsknapper. Truzzer&#8217;s NFC Action Buttons er boostet i lokal digital markedsf\u00f8ring for bedriften din og gj\u00f8r det enkelt for kundene dine \u00e5 komme i kontakt med deg, ettersom NFC Action Buttons eliminerer barrieren mellom offline og online.<\/p>\n<p>Alt kundene dine trenger \u00e5 gj\u00f8re er \u00e5 holde smarttelefonen sin i n\u00e6rheten av handlingsknappen, og Instagram-profilen din \u00e5pnes p\u00e5 kundene dine&#8217; smarttelefoner \u2013 ingen s\u00f8k, ingen foresp\u00f8rsler, ingen sp\u00f8rsm\u00e5l.<\/p>\n<ul>\n<li>Enkel \u00e5 bruke, bare hold smarttelefonen n\u00e6r handlingsknappen, og handlingen \u00e5pnes for kundene&#8217; smarttelefoner.<\/li>\n<li>Rengj\u00f8r: Handlingsknappene er vanntette og kan t\u00f8rkes av.<\/li>\n<li>Slitesterk: Det selvklebende belegget fester seg til alle flate overflater (bord, vinduer osv.).<\/li>\n<li>I\u00f8ynefallende &amp; Fremtredende: Med en h\u00f8yde p\u00e5 i underkant av 1 centimeter skiller handlingsknappene seg ut og er et skikkelig blikkfang.<\/li>\n<li>Praktisk for deg: Oppgi informasjonen din i konfigurasjonen nedenfor, s\u00e5 tar vi oss av koblingen.<\/li>\n<\/ul>\n","protected":false},"featured_media":98665,"comment_status":"open","ping_status":"closed","template":"","meta":{"_acf_changed":false,"_yoast_wpseo_focuskw":"Instagram QR-kode NFC Tag","_yoast_wpseo_title":"Instagram NFC Tag Aksjonsknapp | truzzer","_yoast_wpseo_metadesc":"\u00d8k dine Instagram f\u00f8lgere raskt med v\u00e5r NFC action tag fra truzzer. Bestill n\u00e5 \u2013 klar til bruk!"},"product_brand":[1658],"product_cat":[1428,570],"product_tag":[],"class_list":{"0":"post-98661","1":"product","2":"type-product","3":"status-publish","4":"has-post-thumbnail","6":"product_brand-instagram","7":"product_cat-instagram-folgere-annet-med-nfc","8":"product_cat-nfc-produkter","9":"pa_material-plastic","10":"pa_product-type-nfc-tags","11":"pa_technology-nfc","13":"first","14":"instock","15":"taxable","16":"shipping-taxable","17":"purchasable","18":"product-type-simple"},"acf":[],"yoast_head":"<!-- This site is optimized with the Yoast SEO plugin v27.0 - https:\/\/yoast.com\/product\/yoast-seo-wordpress\/ -->\n<title>Instagram NFC Tag Aksjonsknapp | truzzer<\/title>\n<meta name=\"description\" content=\"\u00d8k dine Instagram f\u00f8lgere raskt med v\u00e5r NFC action tag fra truzzer. Bestill n\u00e5 \u2013 klar til bruk!\" \/>\n<meta name=\"robots\" content=\"index, follow, max-snippet:-1, max-image-preview:large, max-video-preview:-1\" \/>\n<link rel=\"canonical\" href=\"https:\/\/www.truzzer.com\/no\/produkt\/instagram-nfc-tag-action-button\/\" \/>\n<meta property=\"og:locale\" content=\"nb_NO\" \/>\n<meta property=\"og:type\" content=\"article\" \/>\n<meta property=\"og:title\" content=\"Instagram NFC Tag Aksjonsknapp | truzzer\" \/>\n<meta property=\"og:description\" content=\"\u00d8k dine Instagram f\u00f8lgere raskt med v\u00e5r NFC action tag fra truzzer. Bestill n\u00e5 \u2013 klar til bruk!\" \/>\n<meta property=\"og:url\" content=\"https:\/\/www.truzzer.com\/no\/produkt\/instagram-nfc-tag-action-button\/\" \/>\n<meta property=\"og:site_name\" content=\"truzzer\" \/>\n<meta property=\"article:modified_time\" content=\"2026-02-13T08:04:12+00:00\" \/>\n<meta property=\"og:image\" content=\"https:\/\/www.truzzer.com\/wp-content\/uploads\/2026\/02\/NFC-ACTION-BUTTON-INSTAGRAM-empfehlio-truzzer-1-1.jpg\" \/>\n\t<meta property=\"og:image:width\" content=\"1400\" \/>\n\t<meta property=\"og:image:height\" content=\"1400\" \/>\n\t<meta property=\"og:image:type\" content=\"image\/jpeg\" \/>\n<meta name=\"twitter:card\" content=\"summary_large_image\" \/>\n<script type=\"application\/ld+json\" class=\"yoast-schema-graph\">{\"@context\":\"https:\/\/schema.org\",\"@graph\":[{\"@type\":\"WebPage\",\"@id\":\"https:\/\/www.truzzer.com\/no\/produkt\/instagram-nfc-tag-action-button\/\",\"url\":\"https:\/\/www.truzzer.com\/no\/produkt\/instagram-nfc-tag-action-button\/\",\"name\":\"Instagram NFC Tag Aksjonsknapp | truzzer\",\"isPartOf\":{\"@id\":\"https:\/\/www.truzzer.com\/no\/#website\"},\"primaryImageOfPage\":{\"@id\":\"https:\/\/www.truzzer.com\/no\/produkt\/instagram-nfc-tag-action-button\/#primaryimage\"},\"image\":{\"@id\":\"https:\/\/www.truzzer.com\/no\/produkt\/instagram-nfc-tag-action-button\/#primaryimage\"},\"thumbnailUrl\":\"https:\/\/www.truzzer.com\/wp-content\/uploads\/2026\/02\/NFC-ACTION-BUTTON-INSTAGRAM-empfehlio-truzzer-1-1.jpg\",\"datePublished\":\"2026-02-01T20:00:12+00:00\",\"dateModified\":\"2026-02-13T08:04:12+00:00\",\"description\":\"\u00d8k dine Instagram f\u00f8lgere raskt med v\u00e5r NFC action tag fra truzzer. Bestill n\u00e5 \u2013 klar til bruk!\",\"breadcrumb\":{\"@id\":\"https:\/\/www.truzzer.com\/no\/produkt\/instagram-nfc-tag-action-button\/#breadcrumb\"},\"inLanguage\":\"nb-NO\",\"potentialAction\":[{\"@type\":\"ReadAction\",\"target\":[\"https:\/\/www.truzzer.com\/no\/produkt\/instagram-nfc-tag-action-button\/\"]}]},{\"@type\":\"ImageObject\",\"inLanguage\":\"nb-NO\",\"@id\":\"https:\/\/www.truzzer.com\/no\/produkt\/instagram-nfc-tag-action-button\/#primaryimage\",\"url\":\"https:\/\/www.truzzer.com\/wp-content\/uploads\/2026\/02\/NFC-ACTION-BUTTON-INSTAGRAM-empfehlio-truzzer-1-1.jpg\",\"contentUrl\":\"https:\/\/www.truzzer.com\/wp-content\/uploads\/2026\/02\/NFC-ACTION-BUTTON-INSTAGRAM-empfehlio-truzzer-1-1.jpg\",\"width\":1400,\"height\":1400},{\"@type\":\"BreadcrumbList\",\"@id\":\"https:\/\/www.truzzer.com\/no\/produkt\/instagram-nfc-tag-action-button\/#breadcrumb\",\"itemListElement\":[{\"@type\":\"ListItem\",\"position\":1,\"name\":\"Home\",\"item\":\"https:\/\/www.truzzer.com\/no\/\"},{\"@type\":\"ListItem\",\"position\":2,\"name\":\"Butikk\",\"item\":\"https:\/\/www.truzzer.com\/no\/butikk\/\"},{\"@type\":\"ListItem\",\"position\":3,\"name\":\"Instagram NFC Tag-handlingsknapp\"}]},{\"@type\":\"WebSite\",\"@id\":\"https:\/\/www.truzzer.com\/no\/#website\",\"url\":\"https:\/\/www.truzzer.com\/no\/\",\"name\":\"truzzer\",\"description\":\"Experts for customer trust\",\"publisher\":{\"@id\":\"https:\/\/www.truzzer.com\/no\/#organization\"},\"potentialAction\":[{\"@type\":\"SearchAction\",\"target\":{\"@type\":\"EntryPoint\",\"urlTemplate\":\"https:\/\/www.truzzer.com\/no\/?s={search_term_string}\"},\"query-input\":{\"@type\":\"PropertyValueSpecification\",\"valueRequired\":true,\"valueName\":\"search_term_string\"}}],\"inLanguage\":\"nb-NO\"},{\"@type\":\"Organization\",\"@id\":\"https:\/\/www.truzzer.com\/no\/#organization\",\"name\":\"truzzer\",\"url\":\"https:\/\/www.truzzer.com\/no\/\",\"logo\":{\"@type\":\"ImageObject\",\"inLanguage\":\"nb-NO\",\"@id\":\"https:\/\/www.truzzer.com\/no\/#\/schema\/logo\/image\/\",\"url\":\"https:\/\/truzzer.com\/wp-content\/uploads\/2026\/01\/truzzer-logo-black-1.svg\",\"contentUrl\":\"https:\/\/truzzer.com\/wp-content\/uploads\/2026\/01\/truzzer-logo-black-1.svg\",\"width\":938,\"height\":199,\"caption\":\"truzzer\"},\"image\":{\"@id\":\"https:\/\/www.truzzer.com\/no\/#\/schema\/logo\/image\/\"}}]}<\/script>\n<!-- \/ Yoast SEO plugin. -->","yoast_head_json":{"title":"Instagram NFC Tag Aksjonsknapp | truzzer","description":"\u00d8k dine Instagram f\u00f8lgere raskt med v\u00e5r NFC action tag fra truzzer. Bestill n\u00e5 \u2013 klar til bruk!","robots":{"index":"index","follow":"follow","max-snippet":"max-snippet:-1","max-image-preview":"max-image-preview:large","max-video-preview":"max-video-preview:-1"},"canonical":"https:\/\/www.truzzer.com\/no\/produkt\/instagram-nfc-tag-action-button\/","og_locale":"nb_NO","og_type":"article","og_title":"Instagram NFC Tag Aksjonsknapp | truzzer","og_description":"\u00d8k dine Instagram f\u00f8lgere raskt med v\u00e5r NFC action tag fra truzzer. Bestill n\u00e5 \u2013 klar til bruk!","og_url":"https:\/\/www.truzzer.com\/no\/produkt\/instagram-nfc-tag-action-button\/","og_site_name":"truzzer","article_modified_time":"2026-02-13T08:04:12+00:00","og_image":[{"width":1400,"height":1400,"url":"https:\/\/www.truzzer.com\/wp-content\/uploads\/2026\/02\/NFC-ACTION-BUTTON-INSTAGRAM-empfehlio-truzzer-1-1.jpg","type":"image\/jpeg"}],"twitter_card":"summary_large_image","schema":{"@context":"https:\/\/schema.org","@graph":[{"@type":"WebPage","@id":"https:\/\/www.truzzer.com\/no\/produkt\/instagram-nfc-tag-action-button\/","url":"https:\/\/www.truzzer.com\/no\/produkt\/instagram-nfc-tag-action-button\/","name":"Instagram NFC Tag Aksjonsknapp | truzzer","isPartOf":{"@id":"https:\/\/www.truzzer.com\/no\/#website"},"primaryImageOfPage":{"@id":"https:\/\/www.truzzer.com\/no\/produkt\/instagram-nfc-tag-action-button\/#primaryimage"},"image":{"@id":"https:\/\/www.truzzer.com\/no\/produkt\/instagram-nfc-tag-action-button\/#primaryimage"},"thumbnailUrl":"https:\/\/www.truzzer.com\/wp-content\/uploads\/2026\/02\/NFC-ACTION-BUTTON-INSTAGRAM-empfehlio-truzzer-1-1.jpg","datePublished":"2026-02-01T20:00:12+00:00","dateModified":"2026-02-13T08:04:12+00:00","description":"\u00d8k dine Instagram f\u00f8lgere raskt med v\u00e5r NFC action tag fra truzzer. Bestill n\u00e5 \u2013 klar til bruk!","breadcrumb":{"@id":"https:\/\/www.truzzer.com\/no\/produkt\/instagram-nfc-tag-action-button\/#breadcrumb"},"inLanguage":"nb-NO","potentialAction":[{"@type":"ReadAction","target":["https:\/\/www.truzzer.com\/no\/produkt\/instagram-nfc-tag-action-button\/"]}]},{"@type":"ImageObject","inLanguage":"nb-NO","@id":"https:\/\/www.truzzer.com\/no\/produkt\/instagram-nfc-tag-action-button\/#primaryimage","url":"https:\/\/www.truzzer.com\/wp-content\/uploads\/2026\/02\/NFC-ACTION-BUTTON-INSTAGRAM-empfehlio-truzzer-1-1.jpg","contentUrl":"https:\/\/www.truzzer.com\/wp-content\/uploads\/2026\/02\/NFC-ACTION-BUTTON-INSTAGRAM-empfehlio-truzzer-1-1.jpg","width":1400,"height":1400},{"@type":"BreadcrumbList","@id":"https:\/\/www.truzzer.com\/no\/produkt\/instagram-nfc-tag-action-button\/#breadcrumb","itemListElement":[{"@type":"ListItem","position":1,"name":"Home","item":"https:\/\/www.truzzer.com\/no\/"},{"@type":"ListItem","position":2,"name":"Butikk","item":"https:\/\/www.truzzer.com\/no\/butikk\/"},{"@type":"ListItem","position":3,"name":"Instagram NFC Tag-handlingsknapp"}]},{"@type":"WebSite","@id":"https:\/\/www.truzzer.com\/no\/#website","url":"https:\/\/www.truzzer.com\/no\/","name":"truzzer","description":"Experts for customer trust","publisher":{"@id":"https:\/\/www.truzzer.com\/no\/#organization"},"potentialAction":[{"@type":"SearchAction","target":{"@type":"EntryPoint","urlTemplate":"https:\/\/www.truzzer.com\/no\/?s={search_term_string}"},"query-input":{"@type":"PropertyValueSpecification","valueRequired":true,"valueName":"search_term_string"}}],"inLanguage":"nb-NO"},{"@type":"Organization","@id":"https:\/\/www.truzzer.com\/no\/#organization","name":"truzzer","url":"https:\/\/www.truzzer.com\/no\/","logo":{"@type":"ImageObject","inLanguage":"nb-NO","@id":"https:\/\/www.truzzer.com\/no\/#\/schema\/logo\/image\/","url":"https:\/\/truzzer.com\/wp-content\/uploads\/2026\/01\/truzzer-logo-black-1.svg","contentUrl":"https:\/\/truzzer.com\/wp-content\/uploads\/2026\/01\/truzzer-logo-black-1.svg","width":938,"height":199,"caption":"truzzer"},"image":{"@id":"https:\/\/www.truzzer.com\/no\/#\/schema\/logo\/image\/"}}]}},"tiered_pricing_type":"fixed","tiered_pricing_fixed_rules":[],"tiered_pricing_product_settings":{"layout":"default","base_unit_name":{"singular":null,"plural":null},"default_variation":null},"tiered_pricing_minimum_quantity":null,"tiered_pricing_roles_data":[],"tiered_pricing_percentage_rules":[],"tiered_pricing_maximum_quantity":null,"tiered_pricing_quantity_step":null,"_links":{"self":[{"href":"https:\/\/www.truzzer.com\/no\/wp-json\/wp\/v2\/product\/98661","targetHints":{"allow":["GET"]}}],"collection":[{"href":"https:\/\/www.truzzer.com\/no\/wp-json\/wp\/v2\/product"}],"about":[{"href":"https:\/\/www.truzzer.com\/no\/wp-json\/wp\/v2\/types\/product"}],"replies":[{"embeddable":true,"href":"https:\/\/www.truzzer.com\/no\/wp-json\/wp\/v2\/comments?post=98661"}],"wp:featuredmedia":[{"embeddable":true,"href":"https:\/\/www.truzzer.com\/no\/wp-json\/wp\/v2\/media\/98665"}],"wp:attachment":[{"href":"https:\/\/www.truzzer.com\/no\/wp-json\/wp\/v2\/media?parent=98661"}],"wp:term":[{"taxonomy":"product_brand","embeddable":true,"href":"https:\/\/www.truzzer.com\/no\/wp-json\/wp\/v2\/product_brand?post=98661"},{"taxonomy":"product_cat","embeddable":true,"href":"https:\/\/www.truzzer.com\/no\/wp-json\/wp\/v2\/product_cat?post=98661"},{"taxonomy":"product_tag","embeddable":true,"href":"https:\/\/www.truzzer.com\/no\/wp-json\/wp\/v2\/product_tag?post=98661"}],"curies":[{"name":"wp","href":"https:\/\/api.w.org\/{rel}","templated":true}]}}