{"id":98767,"date":"2026-02-01T19:55:57","date_gmt":"2026-02-01T19:55:57","guid":{"rendered":"https:\/\/beta.truzzer.com\/product\/smart-nfc-vcard-business-card-personal\/"},"modified":"2026-02-13T08:20:10","modified_gmt":"2026-02-13T08:20:10","slug":"smart-nfc-vcard-business-card-personal","status":"publish","type":"product","link":"https:\/\/www.truzzer.com\/no\/produkt\/smart-nfc-vcard-business-card-personal\/","title":{"rendered":"Smart NFC VCARD Visittkort Personlig"},"content":{"rendered":"<p><strong>Vi introduserer Truzzer NFC visittkort \u2013 The Smart Future of Networking<\/strong><\/p>\n<p data-pm-slice=\"1 1 []\">I en stadig mer digital verden er det viktig \u00e5 presentere deg selv p\u00e5 en moderne og profesjonell m\u00e5te. De nye <strong>Truzzer NFC Business<\/strong>-kortene tilbyr akkurat det: en innovativ, b\u00e6rekraftig og enkel m\u00e5te \u00e5 dele kontaktinformasjonen din p\u00e5. Si farvel til store bunker med papir eller den kjedelige oppgaven med \u00e5 skrive ut detaljer \u2013 overf\u00f8r i stedet det digitale visittkortet ditt med et enkelt trykk og etterlater et varig inntrykk.<\/p>\n<h3>Hvorfor velge Truzzer NFC visittkort?<\/h3>\n<p>Tradisjonelle visittkort har v\u00e6rt en stift i forretningsverdenen i \u00e5rhundrer, men det finnes en smartere, mer effektiv og milj\u00f8vennlig l\u00f8sning: NFC-teknologi. NFC st\u00e5r for Near Field Communication og muliggj\u00f8r rask, tr\u00e5dl\u00f8s datautveksling ved \u00e5 la to enheter i umiddelbar n\u00e6rhet kommunisere. Truzzer integrerer denne avanserte teknologien i visittkortene sine, og bringer kontaktinformasjonen din direkte til mottakerens smarttelefon \u2013 p\u00e5 sekunder og uten manuell innsats.<\/p>\n<p>Med <strong>Truzzer NFC visittkort<\/strong> bidrar du ikke bare til digitaliseringen av nettverket ditt, men gir ogs\u00e5 en klar uttalelse om b\u00e6rekraft. Du eliminerer papiravfall og reduserer det \u00f8kologiske fotavtrykket ditt siden kortene kan brukes flere ganger uten behov for opptrykk.<\/p>\n<h3>Din personlige vCard-profil \u2013 en refleksjon av profesjonaliteten din<\/h3>\n<p>Truzzer NFC visittkort gir deg muligheten til \u00e5 lage en vCard-profil som er skreddersydd spesifikt for dine behov. Ditt vCard inneholder all viktig informasjon du \u00f8nsker \u00e5 dele \u2013 i et attraktivt og lett tilgjengelig format. Enten det er telefonnummeret ditt, e-postadressen, nettstedslenker, profiler p\u00e5 sosiale medier eller bedriftsinformasjon, samler vCard-en alt p\u00e5 ett sted.<\/p>\n<p>Hos Truzzer betyr individ virkelig individ: du har friheten til \u00e5 tilpasse oppsettet og innholdet p\u00e5 vCard-en slik du \u00f8nsker. Dette sikrer at ditt digitale visittkort ikke bare er funksjonelt, men ogs\u00e5 reflekterer din personlige eller bedriftsstil. Hvert trykk p\u00e5 NFC visittkortet ditt er ikke bare en utveksling av informasjon, men en uttalelse for din merkevare eller personlighet.<\/p>\n<h3>S\u00e5 enkelt er det<\/h3>\n<p>\u00c5 bruke Truzzer NFC visittkort kunne ikke v\u00e6rt enklere: bare trykk p\u00e5 en NFC-aktivert smarttelefon med kortet, og vCard-en \u00e5pnes automatisk. Mottakeren kan lagre informasjonen din i adresseboken sin med et enkelt klikk \u2013 ingen kjedelig skriving eller skanning av QR-koder. Dette sparer verdifull tid og gj\u00f8r utveksling av kontakter mer effektivt og s\u00f8ml\u00f8st enn noen gang f\u00f8r.<\/p>\n<ul>\n<li>\n<p data-pm-slice=\"1 1 []\"><strong>Rask kontaktoverf\u00f8ring:<\/strong> Kontaktdetaljene dine overf\u00f8res til mottakerens smarttelefon p\u00e5 bare noen f\u00e5 sekunder.<\/p>\n<\/li>\n<li>\n<p data-pm-slice=\"1 1 []\"><strong>Kompatibel med de fleste enheter:<\/strong> NFC-teknologi fungerer p\u00e5 alle moderne smarttelefoner, enten Android eller iOS.<\/p>\n<\/li>\n<li>\n<p data-pm-slice=\"1 1 []\"><strong>Ingen flere papirproblemer:<\/strong> Si farvel til glemte eller forlagte visittkort \u2013 det digitale vCard-kortet ditt er alltid for h\u00e5nden og holder seg oppdatert.<\/p>\n<\/li>\n<\/ul>\n<h3>B\u00e6rekraft og gjenbruk<\/h3>\n<p>Et annet sterkt argument for Truzzer NFC visittkort er deres milj\u00f8vennlighet. Papir er en begrenset ressurs, og tradisjonelle visittkort kasseres ofte etter \u00e9n gangs bruk. Med v\u00e5rt NFC-alternativ kan du unng\u00e5 dette un\u00f8dvendige avfallet. Siden kortene kan gjenbrukes flere ganger og det ikke er l\u00f8pende kostnader for opptrykk, sparer du ressurser og penger.<\/p>\n<p>Du kan dessuten oppdatere NFC-bedriftskortet ditt n\u00e5r som helst. Endringer i din stilling, bedrift eller ny kontaktinformasjon? Ikke noe problem! Din vCard-profil kan justeres i sanntid uten at du trenger et nytt kort. Dette betyr at n\u00e5r Truzzer NFC visittkortet ditt er opprettet, forblir det alltid oppdatert.<\/p>\n<h3>Gj\u00f8r et profesjonelt inntrykk p\u00e5 messer og arrangementer<\/h3>\n<p>Enten du er p\u00e5 messer, konferanser eller forretningsm\u00f8ter &#8211; med Truzzer NFC visittkort skiller du deg ut fra mengden. Du viser ikke bare dine tekniske kunnskaper, men ogs\u00e5 din vilje til \u00e5 koble sammen ved hjelp av moderne, digitale l\u00f8sninger. Med en enkelt gest deler du dataene dine profesjonelt og b\u00e6rekraftig, og etterlater et varig inntrykk p\u00e5 potensielle forretningspartnere.<\/p>\n<p>I en verden der f\u00f8rsteinntrykk teller, tilbyr Truzzer deg den perfekte m\u00e5ten \u00e5 optimalisere dette inntrykket p\u00e5. NFC visittkort er mer enn bare et praktisk verkt\u00f8y &#8211; de understreker din profesjonalitet, innovasjon og milj\u00f8ansvar.<\/p>\n","protected":false},"excerpt":{"rendered":"<p><strong>Vi introduserer Truzzer NFC visittkort \u2013 smartkortet med personlig vCard-profil<\/strong><\/p>\n<p data-pm-slice=\"1 1 []\">Presenter deg selv og din bedrift p\u00e5 en mest mulig moderne m\u00e5te &#8211; med de nye <strong>Truzzer NFC visittkortene<\/strong>. Dette innovative kortet lar deg overf\u00f8re kontaktinformasjonen din direkte til din motparts smarttelefon via NFC (Near Field Communication). Ingen papir, ingen skanning, ingen skriving \u2013 bare trykk, s\u00e5 vises det digitale visittkortet ditt umiddelbart.<\/p>\n<h3>Fordelene dine p\u00e5 et \u00f8yeblikk:<\/h3>\n<ul>\n<li><strong>Personlig tilpasset vCard-profil: <\/strong>Tilpass NFC-visitkortet ditt med dine personlige eller profesjonelle kontaktdetaljer \u2013 fra telefonnummer og e-postadresse til sosiale nettverk og nettstedkoblinger.<\/li>\n<li><strong>Enkel \u00e5 bruke: <\/strong>Bare et raskt trykk, og kontaktinformasjonen din lagres automatisk p\u00e5 mottakerens smarttelefon.<\/li>\n<li><strong>Milj\u00f8vennlig og b\u00e6rekraftig: <\/strong>Spar papir og ressurser ved \u00e5 velge dette fremtidssikre digitale alternativet.<\/li>\n<li><strong>Gjenbrukbart: <\/strong>N\u00e5r det er opprettet, kan du bruke NFC visittkortet gjentatte ganger \u2013 ideelt for nettverksarrangementer, m\u00f8ter eller messer.<\/li>\n<li><strong>Profesjonelt utseende: <\/strong>Vis dine forretningspartnere og kunder at du omfavner innovative teknologier og alltid er et skritt foran.<\/li>\n<\/ul>\n<h3>Slik fungerer det:<\/h3>\n<ol>\n<li>\n<p data-pm-slice=\"1 1 []\">Trykk NFC visittkortet til mottakerens smarttelefon: NFC-teknologien starter overf\u00f8ringen umiddelbart.<\/p>\n<\/li>\n<li>\n<p data-pm-slice=\"1 1 []\">Kontaktdetaljer vises automatisk: Informasjonen din vises som et vCard p\u00e5 mottakerens skjerm.<\/p>\n<\/li>\n<li>\n<p data-pm-slice=\"1 1 []\">Uanstrengt lagring: Mottakeren kan enkelt lagre opplysningene dine i adresseboken sin \u2013 ingen manuell inntasting er n\u00f8dvendig.<\/p>\n<\/li>\n<\/ol>\n<p data-pm-slice=\"1 1 []\">Opplev nettverksbygging p\u00e5 et nytt niv\u00e5 og gj\u00f8r et varig inntrykk med <strong>Truzzer NFC visittkort<\/strong>!<\/p>\n<p data-pm-slice=\"1 1 []\">Du kan tilpasse vCard-profilen din umiddelbart etter at du har mottatt den, rett etter den f\u00f8rste skanningen.<\/p>\n<p data-pm-slice=\"1 1 []\">Oppdag de forskjellige profiltypene du kan velge nedenfor:<\/p>\n<p><a href=\"https:\/\/truzzer.ekomiapps.de\/test_personal\" target=\"_blank\" rel=\"noopener\">Personlig &gt;<\/a><br \/>\n<a href=\"https:\/\/truzzer.ekomiapps.de\/test_restaurant\" target=\"_blank\" rel=\"noopener\">Restaurant &gt;<\/a><br \/>\n<a href=\"https:\/\/truzzer.ekomiapps.de\/test_real_estate\" target=\"_blank\" rel=\"noopener\">Megler &gt;<\/a><br \/>\n<a href=\"https:\/\/truzzer.ekomiapps.de\/test_shop\" target=\"_blank\" rel=\"noopener\">Shop &gt;<\/a><br \/>\n<a href=\"https:\/\/truzzer.ekomiapps.de\/test_appointment\" target=\"_blank\" rel=\"noopener\">Avtaleplanlegging &gt;<\/a><\/p>\n","protected":false},"featured_media":98781,"comment_status":"open","ping_status":"closed","template":"","meta":{"_acf_changed":false,"_yoast_wpseo_focuskw":"NFC VCARD NFC Kort","_yoast_wpseo_title":"Smart NFC VCARD Visittkort Personlig | truzzer","_yoast_wpseo_metadesc":"Del kontaktinformasjonen din med ett trykk med v\u00e5rt NFC visittkort \u2013 bare trykk fra truzzer. Bestill n\u00e5 \u2013 klar til bruk!"},"product_brand":[],"product_cat":[570,331],"product_tag":[],"class_list":{"0":"post-98767","1":"product","2":"type-product","3":"status-publish","4":"has-post-thumbnail","6":"product_cat-nfc-produkter","7":"product_cat-ukategorisert","8":"pa_industry-byra-radgivning","9":"pa_industry-eiendom-goed","10":"pa_industry-lokale-diensten","11":"pa_material-plastic","12":"pa_placement-balie-receptie","13":"pa_placement-brosjyre","14":"pa_placement-portemonnee-personlijk","15":"pa_product-type-visitekaartjes","16":"pa_technology-nfc","18":"first","19":"instock","20":"taxable","21":"shipping-taxable","22":"product-type-simple"},"acf":[],"yoast_head":"<!-- This site is optimized with the Yoast SEO plugin v27.0 - https:\/\/yoast.com\/product\/yoast-seo-wordpress\/ -->\n<title>Smart NFC VCARD Visittkort Personlig | truzzer<\/title>\n<meta name=\"description\" content=\"Del kontaktinformasjonen din med ett trykk med v\u00e5rt NFC visittkort \u2013 bare trykk fra truzzer. Bestill n\u00e5 \u2013 klar til bruk!\" \/>\n<meta name=\"robots\" content=\"index, follow, max-snippet:-1, max-image-preview:large, max-video-preview:-1\" \/>\n<link rel=\"canonical\" href=\"https:\/\/www.truzzer.com\/no\/produkt\/smart-nfc-vcard-business-card-personal\/\" \/>\n<meta property=\"og:locale\" content=\"nb_NO\" \/>\n<meta property=\"og:type\" content=\"article\" \/>\n<meta property=\"og:title\" content=\"Smart NFC VCARD Visittkort Personlig | truzzer\" \/>\n<meta property=\"og:description\" content=\"Del kontaktinformasjonen din med ett trykk med v\u00e5rt NFC visittkort \u2013 bare trykk fra truzzer. Bestill n\u00e5 \u2013 klar til bruk!\" \/>\n<meta property=\"og:url\" content=\"https:\/\/www.truzzer.com\/no\/produkt\/smart-nfc-vcard-business-card-personal\/\" \/>\n<meta property=\"og:site_name\" content=\"truzzer\" \/>\n<meta property=\"article:modified_time\" content=\"2026-02-13T08:20:10+00:00\" \/>\n<meta property=\"og:image\" content=\"https:\/\/www.truzzer.com\/wp-content\/uploads\/2026\/02\/smart-nfc-vcard-placeholder-back-2.jpg\" \/>\n\t<meta property=\"og:image:width\" content=\"1400\" \/>\n\t<meta property=\"og:image:height\" content=\"1400\" \/>\n\t<meta property=\"og:image:type\" content=\"image\/jpeg\" \/>\n<meta name=\"twitter:card\" content=\"summary_large_image\" \/>\n<meta name=\"twitter:label1\" content=\"Ansl. lesetid\" \/>\n\t<meta name=\"twitter:data1\" content=\"3 minutter\" \/>\n<script type=\"application\/ld+json\" class=\"yoast-schema-graph\">{\"@context\":\"https:\/\/schema.org\",\"@graph\":[{\"@type\":\"WebPage\",\"@id\":\"https:\/\/www.truzzer.com\/no\/produkt\/smart-nfc-vcard-business-card-personal\/\",\"url\":\"https:\/\/www.truzzer.com\/no\/produkt\/smart-nfc-vcard-business-card-personal\/\",\"name\":\"Smart NFC VCARD Visittkort Personlig | truzzer\",\"isPartOf\":{\"@id\":\"https:\/\/www.truzzer.com\/no\/#website\"},\"primaryImageOfPage\":{\"@id\":\"https:\/\/www.truzzer.com\/no\/produkt\/smart-nfc-vcard-business-card-personal\/#primaryimage\"},\"image\":{\"@id\":\"https:\/\/www.truzzer.com\/no\/produkt\/smart-nfc-vcard-business-card-personal\/#primaryimage\"},\"thumbnailUrl\":\"https:\/\/www.truzzer.com\/wp-content\/uploads\/2026\/02\/smart-nfc-vcard-placeholder-back-2.jpg\",\"datePublished\":\"2026-02-01T19:55:57+00:00\",\"dateModified\":\"2026-02-13T08:20:10+00:00\",\"description\":\"Del kontaktinformasjonen din med ett trykk med v\u00e5rt NFC visittkort \u2013 bare trykk fra truzzer. Bestill n\u00e5 \u2013 klar til bruk!\",\"breadcrumb\":{\"@id\":\"https:\/\/www.truzzer.com\/no\/produkt\/smart-nfc-vcard-business-card-personal\/#breadcrumb\"},\"inLanguage\":\"nb-NO\",\"potentialAction\":[{\"@type\":\"ReadAction\",\"target\":[\"https:\/\/www.truzzer.com\/no\/produkt\/smart-nfc-vcard-business-card-personal\/\"]}]},{\"@type\":\"ImageObject\",\"inLanguage\":\"nb-NO\",\"@id\":\"https:\/\/www.truzzer.com\/no\/produkt\/smart-nfc-vcard-business-card-personal\/#primaryimage\",\"url\":\"https:\/\/www.truzzer.com\/wp-content\/uploads\/2026\/02\/smart-nfc-vcard-placeholder-back-2.jpg\",\"contentUrl\":\"https:\/\/www.truzzer.com\/wp-content\/uploads\/2026\/02\/smart-nfc-vcard-placeholder-back-2.jpg\",\"width\":1400,\"height\":1400},{\"@type\":\"BreadcrumbList\",\"@id\":\"https:\/\/www.truzzer.com\/no\/produkt\/smart-nfc-vcard-business-card-personal\/#breadcrumb\",\"itemListElement\":[{\"@type\":\"ListItem\",\"position\":1,\"name\":\"Home\",\"item\":\"https:\/\/www.truzzer.com\/no\/\"},{\"@type\":\"ListItem\",\"position\":2,\"name\":\"Butikk\",\"item\":\"https:\/\/www.truzzer.com\/no\/butikk\/\"},{\"@type\":\"ListItem\",\"position\":3,\"name\":\"Smart NFC VCARD Visittkort Personlig\"}]},{\"@type\":\"WebSite\",\"@id\":\"https:\/\/www.truzzer.com\/no\/#website\",\"url\":\"https:\/\/www.truzzer.com\/no\/\",\"name\":\"truzzer\",\"description\":\"Experts for customer trust\",\"publisher\":{\"@id\":\"https:\/\/www.truzzer.com\/no\/#organization\"},\"potentialAction\":[{\"@type\":\"SearchAction\",\"target\":{\"@type\":\"EntryPoint\",\"urlTemplate\":\"https:\/\/www.truzzer.com\/no\/?s={search_term_string}\"},\"query-input\":{\"@type\":\"PropertyValueSpecification\",\"valueRequired\":true,\"valueName\":\"search_term_string\"}}],\"inLanguage\":\"nb-NO\"},{\"@type\":\"Organization\",\"@id\":\"https:\/\/www.truzzer.com\/no\/#organization\",\"name\":\"truzzer\",\"url\":\"https:\/\/www.truzzer.com\/no\/\",\"logo\":{\"@type\":\"ImageObject\",\"inLanguage\":\"nb-NO\",\"@id\":\"https:\/\/www.truzzer.com\/no\/#\/schema\/logo\/image\/\",\"url\":\"https:\/\/truzzer.com\/wp-content\/uploads\/2026\/01\/truzzer-logo-black-1.svg\",\"contentUrl\":\"https:\/\/truzzer.com\/wp-content\/uploads\/2026\/01\/truzzer-logo-black-1.svg\",\"width\":938,\"height\":199,\"caption\":\"truzzer\"},\"image\":{\"@id\":\"https:\/\/www.truzzer.com\/no\/#\/schema\/logo\/image\/\"}}]}<\/script>\n<!-- \/ Yoast SEO plugin. -->","yoast_head_json":{"title":"Smart NFC VCARD Visittkort Personlig | truzzer","description":"Del kontaktinformasjonen din med ett trykk med v\u00e5rt NFC visittkort \u2013 bare trykk fra truzzer. Bestill n\u00e5 \u2013 klar til bruk!","robots":{"index":"index","follow":"follow","max-snippet":"max-snippet:-1","max-image-preview":"max-image-preview:large","max-video-preview":"max-video-preview:-1"},"canonical":"https:\/\/www.truzzer.com\/no\/produkt\/smart-nfc-vcard-business-card-personal\/","og_locale":"nb_NO","og_type":"article","og_title":"Smart NFC VCARD Visittkort Personlig | truzzer","og_description":"Del kontaktinformasjonen din med ett trykk med v\u00e5rt NFC visittkort \u2013 bare trykk fra truzzer. Bestill n\u00e5 \u2013 klar til bruk!","og_url":"https:\/\/www.truzzer.com\/no\/produkt\/smart-nfc-vcard-business-card-personal\/","og_site_name":"truzzer","article_modified_time":"2026-02-13T08:20:10+00:00","og_image":[{"width":1400,"height":1400,"url":"https:\/\/www.truzzer.com\/wp-content\/uploads\/2026\/02\/smart-nfc-vcard-placeholder-back-2.jpg","type":"image\/jpeg"}],"twitter_card":"summary_large_image","twitter_misc":{"Ansl. lesetid":"3 minutter"},"schema":{"@context":"https:\/\/schema.org","@graph":[{"@type":"WebPage","@id":"https:\/\/www.truzzer.com\/no\/produkt\/smart-nfc-vcard-business-card-personal\/","url":"https:\/\/www.truzzer.com\/no\/produkt\/smart-nfc-vcard-business-card-personal\/","name":"Smart NFC VCARD Visittkort Personlig | truzzer","isPartOf":{"@id":"https:\/\/www.truzzer.com\/no\/#website"},"primaryImageOfPage":{"@id":"https:\/\/www.truzzer.com\/no\/produkt\/smart-nfc-vcard-business-card-personal\/#primaryimage"},"image":{"@id":"https:\/\/www.truzzer.com\/no\/produkt\/smart-nfc-vcard-business-card-personal\/#primaryimage"},"thumbnailUrl":"https:\/\/www.truzzer.com\/wp-content\/uploads\/2026\/02\/smart-nfc-vcard-placeholder-back-2.jpg","datePublished":"2026-02-01T19:55:57+00:00","dateModified":"2026-02-13T08:20:10+00:00","description":"Del kontaktinformasjonen din med ett trykk med v\u00e5rt NFC visittkort \u2013 bare trykk fra truzzer. Bestill n\u00e5 \u2013 klar til bruk!","breadcrumb":{"@id":"https:\/\/www.truzzer.com\/no\/produkt\/smart-nfc-vcard-business-card-personal\/#breadcrumb"},"inLanguage":"nb-NO","potentialAction":[{"@type":"ReadAction","target":["https:\/\/www.truzzer.com\/no\/produkt\/smart-nfc-vcard-business-card-personal\/"]}]},{"@type":"ImageObject","inLanguage":"nb-NO","@id":"https:\/\/www.truzzer.com\/no\/produkt\/smart-nfc-vcard-business-card-personal\/#primaryimage","url":"https:\/\/www.truzzer.com\/wp-content\/uploads\/2026\/02\/smart-nfc-vcard-placeholder-back-2.jpg","contentUrl":"https:\/\/www.truzzer.com\/wp-content\/uploads\/2026\/02\/smart-nfc-vcard-placeholder-back-2.jpg","width":1400,"height":1400},{"@type":"BreadcrumbList","@id":"https:\/\/www.truzzer.com\/no\/produkt\/smart-nfc-vcard-business-card-personal\/#breadcrumb","itemListElement":[{"@type":"ListItem","position":1,"name":"Home","item":"https:\/\/www.truzzer.com\/no\/"},{"@type":"ListItem","position":2,"name":"Butikk","item":"https:\/\/www.truzzer.com\/no\/butikk\/"},{"@type":"ListItem","position":3,"name":"Smart NFC VCARD Visittkort Personlig"}]},{"@type":"WebSite","@id":"https:\/\/www.truzzer.com\/no\/#website","url":"https:\/\/www.truzzer.com\/no\/","name":"truzzer","description":"Experts for customer trust","publisher":{"@id":"https:\/\/www.truzzer.com\/no\/#organization"},"potentialAction":[{"@type":"SearchAction","target":{"@type":"EntryPoint","urlTemplate":"https:\/\/www.truzzer.com\/no\/?s={search_term_string}"},"query-input":{"@type":"PropertyValueSpecification","valueRequired":true,"valueName":"search_term_string"}}],"inLanguage":"nb-NO"},{"@type":"Organization","@id":"https:\/\/www.truzzer.com\/no\/#organization","name":"truzzer","url":"https:\/\/www.truzzer.com\/no\/","logo":{"@type":"ImageObject","inLanguage":"nb-NO","@id":"https:\/\/www.truzzer.com\/no\/#\/schema\/logo\/image\/","url":"https:\/\/truzzer.com\/wp-content\/uploads\/2026\/01\/truzzer-logo-black-1.svg","contentUrl":"https:\/\/truzzer.com\/wp-content\/uploads\/2026\/01\/truzzer-logo-black-1.svg","width":938,"height":199,"caption":"truzzer"},"image":{"@id":"https:\/\/www.truzzer.com\/no\/#\/schema\/logo\/image\/"}}]}},"tiered_pricing_type":"fixed","tiered_pricing_fixed_rules":[],"tiered_pricing_product_settings":{"layout":"default","base_unit_name":{"singular":null,"plural":null},"default_variation":null},"tiered_pricing_minimum_quantity":null,"tiered_pricing_roles_data":[],"tiered_pricing_percentage_rules":[],"tiered_pricing_maximum_quantity":null,"tiered_pricing_quantity_step":null,"_links":{"self":[{"href":"https:\/\/www.truzzer.com\/no\/wp-json\/wp\/v2\/product\/98767","targetHints":{"allow":["GET"]}}],"collection":[{"href":"https:\/\/www.truzzer.com\/no\/wp-json\/wp\/v2\/product"}],"about":[{"href":"https:\/\/www.truzzer.com\/no\/wp-json\/wp\/v2\/types\/product"}],"replies":[{"embeddable":true,"href":"https:\/\/www.truzzer.com\/no\/wp-json\/wp\/v2\/comments?post=98767"}],"wp:featuredmedia":[{"embeddable":true,"href":"https:\/\/www.truzzer.com\/no\/wp-json\/wp\/v2\/media\/98781"}],"wp:attachment":[{"href":"https:\/\/www.truzzer.com\/no\/wp-json\/wp\/v2\/media?parent=98767"}],"wp:term":[{"taxonomy":"product_brand","embeddable":true,"href":"https:\/\/www.truzzer.com\/no\/wp-json\/wp\/v2\/product_brand?post=98767"},{"taxonomy":"product_cat","embeddable":true,"href":"https:\/\/www.truzzer.com\/no\/wp-json\/wp\/v2\/product_cat?post=98767"},{"taxonomy":"product_tag","embeddable":true,"href":"https:\/\/www.truzzer.com\/no\/wp-json\/wp\/v2\/product_tag?post=98767"}],"curies":[{"name":"wp","href":"https:\/\/api.w.org\/{rel}","templated":true}]}}