{"id":98817,"date":"2026-02-01T19:55:10","date_gmt":"2026-02-01T19:55:10","guid":{"rendered":"https:\/\/beta.truzzer.com\/product\/wifi-qr-code-table-stand-clean\/"},"modified":"2026-02-13T08:24:58","modified_gmt":"2026-02-13T08:24:58","slug":"wifi-qr-code-table-stand-clean","status":"publish","type":"product","link":"https:\/\/www.truzzer.com\/no\/produkt\/wifi-qr-code-table-stand-clean\/","title":{"rendered":"WIFI QR Kode Bordstativ Rengj\u00f8r"},"content":{"rendered":"<h3>Bordstativ &laquo;Rent&raquo; med WIFI QR-kode \u2013 den ukompliserte Wi-Fi-tilgangen for kundene dine<\/h3>\n<p><strong>Gi kundene dine rask og s\u00f8ml\u00f8s tilgang til Wi-Fi med det minimalistiske &laquo;Clean&raquo; bordstativet.<\/strong> Ingen forseggjorte passord eller un\u00f8dvendige trinn \u2013 kundene dine skanner ganske enkelt den tydelig utformede QR-koden og er umiddelbart online. &laquo;Clean&raquo;-stativet kjennetegnes ved sitt spesielt enkle, moderne design som passer perfekt inn i ethvert milj\u00f8 samtidig som det sikrer h\u00f8y brukervennlighet.<\/p>\n<hr \/>\n<h3>Hva er &laquo;Rent&raquo; bordstativ med WIFI QR-kode?<\/h3>\n<p>Bordstativet &laquo;Rent&raquo; tilbyr en elegant og grei m\u00e5te \u00e5 gi kundene eller gjestene dine rask tilgang til Wi-Fi. Dette minimalistiske stativet integreres s\u00f8ml\u00f8st i enhver setting og imponerer med et diskret, men funksjonelt design. Den tydelig plasserte QR-koden lar kundene dine f\u00e5 tilgang til Wi-Fi umiddelbart uten kompliserte passordoppf\u00f8ringer. Ideell for restauranter, kafeer, hoteller, kontorer og andre virksomheter som verdsetter et elegant og kundevennlig utseende.<\/p>\n<hr \/>\n<h3>Fordeler med &laquo;Clean&raquo; bordstativ med WIFI QR-kode<\/h3>\n<p><strong>1. Rask og praktisk Wi-Fi-tilgang:<\/strong><\/p>\n<ul>\n<li>Kundene dine skanner ganske enkelt den klare QR-koden med smarttelefonkameraet og kobles direkte til Wi-Fi. Ingen passord, ingen kompliserte p\u00e5loggingsprosesser \u2013 bare umiddelbare tilkoblinger.<\/li>\n<\/ul>\n<p><strong>2. Redusert, elegant design:<\/strong><\/p>\n<ul>\n<li>Bordstativet &laquo;Rent&raquo; passer diskret inn i omgivelsene dine. Dens minimalistiske design er perfekt for bedrifter som prioriterer et klart, moderne utseende. QR-koden er godt synlig og ikke skjult av un\u00f8dvendige designelementer.<\/li>\n<\/ul>\n<p><strong>3. Tidsbesparelser for deg og kundene dine:<\/strong><\/p>\n<ul>\n<li>Med sin tydelige, brukervennlige h\u00e5ndtering unng\u00e5r du henvendelser eller st\u00f8tteforesp\u00f8rsler fra kunder som trenger hjelp med Wi-Fi-tilgang. Alt er designet for enkelhet og effektivitet.<\/li>\n<\/ul>\n<p><strong>4. Slitesterk og robust:<\/strong><\/p>\n<ul>\n<li>Bordstativet &laquo;Clean&raquo; er laget av materialer av h\u00f8y kvalitet som ikke bare ser stilige ut, men som ogs\u00e5 er robuste nok til daglig bruk. Enten p\u00e5 bord, resepsjonsdisker eller arbeidsstasjoner \u2013 den er designet for kontinuerlig bruk.<\/li>\n<\/ul>\n<p><strong>5. Ingen ekstra maskinvare kreves:<\/strong><\/p>\n<ul>\n<li>Rengj\u00f8r-stativet fungerer med det eksisterende Wi-Fi-nettverket ditt. Du trenger ikke ekstra enheter eller rutere. QR-koden leder kundene dine rett til ditt eksisterende nettverk \u2013 uten tekniske hindringer.<\/li>\n<\/ul>\n<hr \/>\n<h2>Hvorfor b\u00f8r du bruke det &laquo;rene&raquo; bordstativet med WIFI QR-kode?<\/h2>\n<p>I dagens verden forventer kunder rask og ukomplisert tilgang til Wi-Fi, spesielt p\u00e5 restauranter, kafeer eller offentlige fasiliteter. Med bordstativet &laquo;Clean&raquo; kan du ikke bare tilby denne tjenesten, men ogs\u00e5 s\u00f8rge for at virksomheten din forblir stilig og profesjonell. &laquo;Clean&raquo;-stativet kombinerer funksjonalitet og estetikk, og gir en gjennomg\u00e5ende positiv kundeopplevelse.<\/p>\n<p><strong>Ideell for bedrifter som:<\/strong><\/p>\n<ul>\n<li><strong>Restauranter &amp; Kafeer:<\/strong> Perfekt for plassering av bord eller disker for \u00e5 gi gjestene dine enkel Wi-Fi-tilgang.<\/li>\n<li><strong>Hoteller &amp; Vandrerhjem:<\/strong> Ideell for mottakelser eller salongomr\u00e5der for \u00e5 tilby gjestene umiddelbar internettilgang.<\/li>\n<li><strong>Kontorer &amp; Co-Working Spaces:<\/strong> Gi bes\u00f8kende og forretningspartnere rask internettilgang \u2013 stilig og profesjonelt.<\/li>\n<li><strong>Detaljhandel:<\/strong> \u00d8k kundenes oppholdstid ved \u00e5 tilby gratis Wi-Fi direkte.<\/li>\n<\/ul>\n<hr \/>\n<h3>Hvordan fungerer bordet med WIFI QR-kode?<\/h3>\n<p><strong>1. Enkelt oppsett:<\/strong><\/p>\n<ul>\n<li>Plasser bordstativet p\u00e5 et synlig sted i virksomheten din, for eksempel p\u00e5 et bord, en disk eller et resepsjonsomr\u00e5de.<\/li>\n<\/ul>\n<p><strong>2. Skann QR-koden:<\/strong><\/p>\n<ul>\n<li>Kundene dine \u00e5pner ganske enkelt kameraappen p\u00e5 smarttelefonen, pek den mot QR-koden p\u00e5 stativet og klikk p\u00e5 varselet for \u00e5 koble til Wi-Fi.<\/li>\n<\/ul>\n<p><strong>3. \u00d8yeblikkelig tilkobling:<\/strong><\/p>\n<ul>\n<li>Etter skanning kobles kundene dine automatisk til Wi-Fi-nettverket ditt uten \u00e5 m\u00e5tte angi passord eller g\u00e5 gjennom lange registreringsskjemaer.<\/li>\n<\/ul>\n<p><strong>4. Wi-Fi-tilgang for alle enheter:<\/strong><\/p>\n<ul>\n<li>For Android- og iOS-enheter opprettes tilkoblingen umiddelbart. Brukere av b\u00e6rbare datamaskiner og nettbrett kan ogs\u00e5 skanne QR-koden for \u00e5 legge inn Wi-Fi-legitimasjonen manuelt.<\/li>\n<\/ul>\n","protected":false},"excerpt":{"rendered":"<p><strong>Bordstativ &#8220;Rent&#8221; med WIFI QR-kode \u2013 stilig design, ukomplisert Wi-Fi-tilgang<\/strong><\/p>\n<p>Med &#8220;Clean&#8221; bordstativ, tilbyr du kundene dine rask og enkel tilgang til Wi-Fi. Den klare QR-koden lar gjestene dine koble direkte til Wi-Fi uten kompliserte p\u00e5loggingsprosesser. Bare skann med et smarttelefonkamera og v\u00e6r online umiddelbart \u2013 ingen passord kreves. Dette stativet har en minimalistisk, moderne design som s\u00f8ml\u00f8st passer inn i ethvert milj\u00f8 \u2013 enten det er p\u00e5 kafeer, restauranter, hoteller eller kontorer.<\/p>\n<p><strong>Fordeler med &#8220;Clean&#8221; Bordstativ:<\/strong><\/p>\n<ul>\n<li><strong>\u00d8yeblikkelig Wi-Fi-tilgang:<\/strong> Bare skann QR-koden og koble direkte til Wi-Fi \u2013 ingen passord er n\u00f8dvendig.<\/li>\n<li><strong>Elegant og minimalistisk design:<\/strong> Passer perfekt inn i enhver setting, og gir et ryddig, profesjonelt utseende.<\/li>\n<li><strong>Tidsbesparelser:<\/strong> Ikke mer \u00e5 forklare Wi-Fi-detaljer \u2013 kundene dine kan koble til uavhengig og raskt.<\/li>\n<li><strong>Robust og slitesterk:<\/strong> Materialer av h\u00f8y kvalitet gj\u00f8r stativet ideelt for daglig bruk.<\/li>\n<li><strong>Kompatibel med alle enheter:<\/strong> Fungerer med Android, iOS og viser Wi-Fi-detaljer for b\u00e6rbare datamaskiner.<\/li>\n<\/ul>\n<p>Med &#8220;Clean&#8221; bordstativ gir du ikke bare en praktisk l\u00f8sning for Wi-Fi-tilgang, men skaper ogs\u00e5 en stilig og brukervennlig kundeopplevelse.<\/p>\n","protected":false},"featured_media":98825,"comment_status":"open","ping_status":"closed","template":"","meta":{"_acf_changed":false,"_yoast_wpseo_focuskw":"WiFi QR-kode Bordstativ","_yoast_wpseo_title":"WIFI QR Code Bordstativ Clean | truzzer","_yoast_wpseo_metadesc":"Del din WiFi tilgang umiddelbart med v\u00e5rt QR-kode bordstativ fra truzzer. Bestill n\u00e5 \u2013 klar til bruk!"},"product_brand":[],"product_cat":[985,505,1444],"product_tag":[],"class_list":{"0":"post-98817","1":"product","2":"type-product","3":"status-publish","4":"has-post-thumbnail","6":"product_cat-qr-kode-displays-stativer","7":"product_cat-qr-kode-produkter","8":"product_cat-wifi-bordstativer-med-qr-kode","9":"pa_industry-hotell","10":"pa_industry-medisinsk-praktijk","11":"pa_industry-restaurant-kafe","12":"pa_material-kartong","13":"pa_placement-balie-receptie","14":"pa_placement-kassa-pos","15":"pa_placement-tafel","16":"pa_product-type-utstillinger-og-stativer","17":"pa_technology-qr-code","18":"pa_technology-qr-kode","20":"first","21":"instock","22":"taxable","23":"shipping-taxable","24":"product-type-simple"},"acf":[],"yoast_head":"<!-- This site is optimized with the Yoast SEO plugin v27.0 - https:\/\/yoast.com\/product\/yoast-seo-wordpress\/ -->\n<title>WIFI QR Code Bordstativ Clean | truzzer<\/title>\n<meta name=\"description\" content=\"Del din WiFi tilgang umiddelbart med v\u00e5rt QR-kode bordstativ fra truzzer. Bestill n\u00e5 \u2013 klar til bruk!\" \/>\n<meta name=\"robots\" content=\"index, follow, max-snippet:-1, max-image-preview:large, max-video-preview:-1\" \/>\n<link rel=\"canonical\" href=\"https:\/\/www.truzzer.com\/no\/produkt\/wifi-qr-code-table-stand-clean\/\" \/>\n<meta property=\"og:locale\" content=\"nb_NO\" \/>\n<meta property=\"og:type\" content=\"article\" \/>\n<meta property=\"og:title\" content=\"WIFI QR Code Bordstativ Clean | truzzer\" \/>\n<meta property=\"og:description\" content=\"Del din WiFi tilgang umiddelbart med v\u00e5rt QR-kode bordstativ fra truzzer. Bestill n\u00e5 \u2013 klar til bruk!\" \/>\n<meta property=\"og:url\" content=\"https:\/\/www.truzzer.com\/no\/produkt\/wifi-qr-code-table-stand-clean\/\" \/>\n<meta property=\"og:site_name\" content=\"truzzer\" \/>\n<meta property=\"article:modified_time\" content=\"2026-02-13T08:24:58+00:00\" \/>\n<meta property=\"og:image\" content=\"https:\/\/www.truzzer.com\/wp-content\/uploads\/2026\/02\/empfehlio-truzzer-wifi-stand-clean-5-1200x1200-1-jpg-2.webp\" \/>\n\t<meta property=\"og:image:width\" content=\"1200\" \/>\n\t<meta property=\"og:image:height\" content=\"1200\" \/>\n\t<meta property=\"og:image:type\" content=\"image\/webp\" \/>\n<meta name=\"twitter:card\" content=\"summary_large_image\" \/>\n<meta name=\"twitter:label1\" content=\"Ansl. lesetid\" \/>\n\t<meta name=\"twitter:data1\" content=\"3 minutter\" \/>\n<script type=\"application\/ld+json\" class=\"yoast-schema-graph\">{\"@context\":\"https:\/\/schema.org\",\"@graph\":[{\"@type\":\"WebPage\",\"@id\":\"https:\/\/www.truzzer.com\/no\/produkt\/wifi-qr-code-table-stand-clean\/\",\"url\":\"https:\/\/www.truzzer.com\/no\/produkt\/wifi-qr-code-table-stand-clean\/\",\"name\":\"WIFI QR Code Bordstativ Clean | truzzer\",\"isPartOf\":{\"@id\":\"https:\/\/www.truzzer.com\/no\/#website\"},\"primaryImageOfPage\":{\"@id\":\"https:\/\/www.truzzer.com\/no\/produkt\/wifi-qr-code-table-stand-clean\/#primaryimage\"},\"image\":{\"@id\":\"https:\/\/www.truzzer.com\/no\/produkt\/wifi-qr-code-table-stand-clean\/#primaryimage\"},\"thumbnailUrl\":\"https:\/\/www.truzzer.com\/wp-content\/uploads\/2026\/02\/empfehlio-truzzer-wifi-stand-clean-5-1200x1200-1-jpg-2.webp\",\"datePublished\":\"2026-02-01T19:55:10+00:00\",\"dateModified\":\"2026-02-13T08:24:58+00:00\",\"description\":\"Del din WiFi tilgang umiddelbart med v\u00e5rt QR-kode bordstativ fra truzzer. Bestill n\u00e5 \u2013 klar til bruk!\",\"breadcrumb\":{\"@id\":\"https:\/\/www.truzzer.com\/no\/produkt\/wifi-qr-code-table-stand-clean\/#breadcrumb\"},\"inLanguage\":\"nb-NO\",\"potentialAction\":[{\"@type\":\"ReadAction\",\"target\":[\"https:\/\/www.truzzer.com\/no\/produkt\/wifi-qr-code-table-stand-clean\/\"]}]},{\"@type\":\"ImageObject\",\"inLanguage\":\"nb-NO\",\"@id\":\"https:\/\/www.truzzer.com\/no\/produkt\/wifi-qr-code-table-stand-clean\/#primaryimage\",\"url\":\"https:\/\/www.truzzer.com\/wp-content\/uploads\/2026\/02\/empfehlio-truzzer-wifi-stand-clean-5-1200x1200-1-jpg-2.webp\",\"contentUrl\":\"https:\/\/www.truzzer.com\/wp-content\/uploads\/2026\/02\/empfehlio-truzzer-wifi-stand-clean-5-1200x1200-1-jpg-2.webp\",\"width\":1200,\"height\":1200},{\"@type\":\"BreadcrumbList\",\"@id\":\"https:\/\/www.truzzer.com\/no\/produkt\/wifi-qr-code-table-stand-clean\/#breadcrumb\",\"itemListElement\":[{\"@type\":\"ListItem\",\"position\":1,\"name\":\"Home\",\"item\":\"https:\/\/www.truzzer.com\/no\/\"},{\"@type\":\"ListItem\",\"position\":2,\"name\":\"Butikk\",\"item\":\"https:\/\/www.truzzer.com\/no\/butikk\/\"},{\"@type\":\"ListItem\",\"position\":3,\"name\":\"WIFI QR Kode Bordstativ Rengj\u00f8r\"}]},{\"@type\":\"WebSite\",\"@id\":\"https:\/\/www.truzzer.com\/no\/#website\",\"url\":\"https:\/\/www.truzzer.com\/no\/\",\"name\":\"truzzer\",\"description\":\"Experts for customer trust\",\"publisher\":{\"@id\":\"https:\/\/www.truzzer.com\/no\/#organization\"},\"potentialAction\":[{\"@type\":\"SearchAction\",\"target\":{\"@type\":\"EntryPoint\",\"urlTemplate\":\"https:\/\/www.truzzer.com\/no\/?s={search_term_string}\"},\"query-input\":{\"@type\":\"PropertyValueSpecification\",\"valueRequired\":true,\"valueName\":\"search_term_string\"}}],\"inLanguage\":\"nb-NO\"},{\"@type\":\"Organization\",\"@id\":\"https:\/\/www.truzzer.com\/no\/#organization\",\"name\":\"truzzer\",\"url\":\"https:\/\/www.truzzer.com\/no\/\",\"logo\":{\"@type\":\"ImageObject\",\"inLanguage\":\"nb-NO\",\"@id\":\"https:\/\/www.truzzer.com\/no\/#\/schema\/logo\/image\/\",\"url\":\"https:\/\/truzzer.com\/wp-content\/uploads\/2026\/01\/truzzer-logo-black-1.svg\",\"contentUrl\":\"https:\/\/truzzer.com\/wp-content\/uploads\/2026\/01\/truzzer-logo-black-1.svg\",\"width\":938,\"height\":199,\"caption\":\"truzzer\"},\"image\":{\"@id\":\"https:\/\/www.truzzer.com\/no\/#\/schema\/logo\/image\/\"}}]}<\/script>\n<!-- \/ Yoast SEO plugin. -->","yoast_head_json":{"title":"WIFI QR Code Bordstativ Clean | truzzer","description":"Del din WiFi tilgang umiddelbart med v\u00e5rt QR-kode bordstativ fra truzzer. Bestill n\u00e5 \u2013 klar til bruk!","robots":{"index":"index","follow":"follow","max-snippet":"max-snippet:-1","max-image-preview":"max-image-preview:large","max-video-preview":"max-video-preview:-1"},"canonical":"https:\/\/www.truzzer.com\/no\/produkt\/wifi-qr-code-table-stand-clean\/","og_locale":"nb_NO","og_type":"article","og_title":"WIFI QR Code Bordstativ Clean | truzzer","og_description":"Del din WiFi tilgang umiddelbart med v\u00e5rt QR-kode bordstativ fra truzzer. Bestill n\u00e5 \u2013 klar til bruk!","og_url":"https:\/\/www.truzzer.com\/no\/produkt\/wifi-qr-code-table-stand-clean\/","og_site_name":"truzzer","article_modified_time":"2026-02-13T08:24:58+00:00","og_image":[{"width":1200,"height":1200,"url":"https:\/\/www.truzzer.com\/wp-content\/uploads\/2026\/02\/empfehlio-truzzer-wifi-stand-clean-5-1200x1200-1-jpg-2.webp","type":"image\/webp"}],"twitter_card":"summary_large_image","twitter_misc":{"Ansl. lesetid":"3 minutter"},"schema":{"@context":"https:\/\/schema.org","@graph":[{"@type":"WebPage","@id":"https:\/\/www.truzzer.com\/no\/produkt\/wifi-qr-code-table-stand-clean\/","url":"https:\/\/www.truzzer.com\/no\/produkt\/wifi-qr-code-table-stand-clean\/","name":"WIFI QR Code Bordstativ Clean | truzzer","isPartOf":{"@id":"https:\/\/www.truzzer.com\/no\/#website"},"primaryImageOfPage":{"@id":"https:\/\/www.truzzer.com\/no\/produkt\/wifi-qr-code-table-stand-clean\/#primaryimage"},"image":{"@id":"https:\/\/www.truzzer.com\/no\/produkt\/wifi-qr-code-table-stand-clean\/#primaryimage"},"thumbnailUrl":"https:\/\/www.truzzer.com\/wp-content\/uploads\/2026\/02\/empfehlio-truzzer-wifi-stand-clean-5-1200x1200-1-jpg-2.webp","datePublished":"2026-02-01T19:55:10+00:00","dateModified":"2026-02-13T08:24:58+00:00","description":"Del din WiFi tilgang umiddelbart med v\u00e5rt QR-kode bordstativ fra truzzer. Bestill n\u00e5 \u2013 klar til bruk!","breadcrumb":{"@id":"https:\/\/www.truzzer.com\/no\/produkt\/wifi-qr-code-table-stand-clean\/#breadcrumb"},"inLanguage":"nb-NO","potentialAction":[{"@type":"ReadAction","target":["https:\/\/www.truzzer.com\/no\/produkt\/wifi-qr-code-table-stand-clean\/"]}]},{"@type":"ImageObject","inLanguage":"nb-NO","@id":"https:\/\/www.truzzer.com\/no\/produkt\/wifi-qr-code-table-stand-clean\/#primaryimage","url":"https:\/\/www.truzzer.com\/wp-content\/uploads\/2026\/02\/empfehlio-truzzer-wifi-stand-clean-5-1200x1200-1-jpg-2.webp","contentUrl":"https:\/\/www.truzzer.com\/wp-content\/uploads\/2026\/02\/empfehlio-truzzer-wifi-stand-clean-5-1200x1200-1-jpg-2.webp","width":1200,"height":1200},{"@type":"BreadcrumbList","@id":"https:\/\/www.truzzer.com\/no\/produkt\/wifi-qr-code-table-stand-clean\/#breadcrumb","itemListElement":[{"@type":"ListItem","position":1,"name":"Home","item":"https:\/\/www.truzzer.com\/no\/"},{"@type":"ListItem","position":2,"name":"Butikk","item":"https:\/\/www.truzzer.com\/no\/butikk\/"},{"@type":"ListItem","position":3,"name":"WIFI QR Kode Bordstativ Rengj\u00f8r"}]},{"@type":"WebSite","@id":"https:\/\/www.truzzer.com\/no\/#website","url":"https:\/\/www.truzzer.com\/no\/","name":"truzzer","description":"Experts for customer trust","publisher":{"@id":"https:\/\/www.truzzer.com\/no\/#organization"},"potentialAction":[{"@type":"SearchAction","target":{"@type":"EntryPoint","urlTemplate":"https:\/\/www.truzzer.com\/no\/?s={search_term_string}"},"query-input":{"@type":"PropertyValueSpecification","valueRequired":true,"valueName":"search_term_string"}}],"inLanguage":"nb-NO"},{"@type":"Organization","@id":"https:\/\/www.truzzer.com\/no\/#organization","name":"truzzer","url":"https:\/\/www.truzzer.com\/no\/","logo":{"@type":"ImageObject","inLanguage":"nb-NO","@id":"https:\/\/www.truzzer.com\/no\/#\/schema\/logo\/image\/","url":"https:\/\/truzzer.com\/wp-content\/uploads\/2026\/01\/truzzer-logo-black-1.svg","contentUrl":"https:\/\/truzzer.com\/wp-content\/uploads\/2026\/01\/truzzer-logo-black-1.svg","width":938,"height":199,"caption":"truzzer"},"image":{"@id":"https:\/\/www.truzzer.com\/no\/#\/schema\/logo\/image\/"}}]}},"tiered_pricing_type":"fixed","tiered_pricing_fixed_rules":[],"tiered_pricing_product_settings":{"layout":"default","base_unit_name":{"singular":null,"plural":null},"default_variation":null},"tiered_pricing_minimum_quantity":null,"tiered_pricing_roles_data":[],"tiered_pricing_percentage_rules":[],"tiered_pricing_maximum_quantity":null,"tiered_pricing_quantity_step":null,"_links":{"self":[{"href":"https:\/\/www.truzzer.com\/no\/wp-json\/wp\/v2\/product\/98817","targetHints":{"allow":["GET"]}}],"collection":[{"href":"https:\/\/www.truzzer.com\/no\/wp-json\/wp\/v2\/product"}],"about":[{"href":"https:\/\/www.truzzer.com\/no\/wp-json\/wp\/v2\/types\/product"}],"replies":[{"embeddable":true,"href":"https:\/\/www.truzzer.com\/no\/wp-json\/wp\/v2\/comments?post=98817"}],"wp:featuredmedia":[{"embeddable":true,"href":"https:\/\/www.truzzer.com\/no\/wp-json\/wp\/v2\/media\/98825"}],"wp:attachment":[{"href":"https:\/\/www.truzzer.com\/no\/wp-json\/wp\/v2\/media?parent=98817"}],"wp:term":[{"taxonomy":"product_brand","embeddable":true,"href":"https:\/\/www.truzzer.com\/no\/wp-json\/wp\/v2\/product_brand?post=98817"},{"taxonomy":"product_cat","embeddable":true,"href":"https:\/\/www.truzzer.com\/no\/wp-json\/wp\/v2\/product_cat?post=98817"},{"taxonomy":"product_tag","embeddable":true,"href":"https:\/\/www.truzzer.com\/no\/wp-json\/wp\/v2\/product_tag?post=98817"}],"curies":[{"name":"wp","href":"https:\/\/api.w.org\/{rel}","templated":true}]}}