{"id":98829,"date":"2026-02-01T19:55:02","date_gmt":"2026-02-01T19:55:02","guid":{"rendered":"https:\/\/beta.truzzer.com\/product\/wifi-qr-code-table-stand-bold\/"},"modified":"2026-02-13T08:26:10","modified_gmt":"2026-02-13T08:26:10","slug":"wifi-qr-code-table-stand-bold","status":"publish","type":"product","link":"https:\/\/www.truzzer.com\/no\/produkt\/wifi-qr-code-table-stand-bold\/","title":{"rendered":"WIFI QR Kode Bordstativ Fet"},"content":{"rendered":"<h3>Bordstativ med WIFI QR-kode \u2013 Den enkleste m\u00e5ten \u00e5 gi kundene dine Wi-Fi p\u00e5<\/h3>\n<p><strong>Tilby kundene dine den enkleste og raskeste tilgangen til Wi-Fi med v\u00e5rt praktiske bordstativ med WIFI QR-kode.<\/strong> Du trenger ikke \u00e5 skrive inn passord, ingen un\u00f8dvendige hindringer \u2013 kundene dine skanner ganske enkelt QR-koden med smarttelefonkameraet og er online p\u00e5 sekunder. Dette stativet er den perfekte l\u00f8sningen for bedrifter som \u00f8nsker \u00e5 gi sine gjester eller kunder en brukervennlig og umiddelbart tilgjengelig Wi-Fi-opplevelse.<\/p>\n<hr \/>\n<h3>Hva er bordstativet med WIFI QR-kode?<\/h3>\n<p>Bordstativet med WIFI QR Code er et innovativt og enkelt produkt designet for \u00e5 gi kundene eller gjestene dine rask tilgang til Wi-Fi-nettverket ditt. Den er ideell for restauranter, kafeer, hoteller, kontorer, venterom, treningsstudioer, fris\u00f8rsalonger og andre typer virksomheter som \u00f8nsker \u00e5 tilby sine bes\u00f8kende en hyggelig Wi-Fi-opplevelse. Stativet viser tydelig en QR-kode som kundene ganske enkelt kan skanne med smarttelefonene sine for automatisk \u00e5 koble til Wi-Fi \u2013 ingen passord kreves!<\/p>\n<hr \/>\n<h3>Fordeler med bordstativet med WIFI QR-kode<\/h3>\n<p><strong>1. \u00d8yeblikkelig Wi-Fi-tilgang:<\/strong><\/p>\n<ul>\n<li>Kundene dine kan koble til Wi-Fi umiddelbart uten problemer. Ved \u00e5 skanne QR-koden p\u00e5 bordstativet med smarttelefonkameraet, slipper de \u00e5 legge inn lange og kompliserte passord manuelt. Dette forbedrer ikke bare kundeopplevelsen, men \u00f8ker ogs\u00e5 sannsynligheten for at kundene dine blir lenger og bruker flere av tjenestene dine.<\/li>\n<\/ul>\n<p><strong>2. Enkel bruk p\u00e5 alle enheter:<\/strong><\/p>\n<ul>\n<li>QR-koden fungerer med b\u00e5de Android- og iOS-enheter (iPhone). Brukere trenger bare \u00e5 \u00e5pne kameraappen og skanne koden. Dette gir dem umiddelbart en tilkobling til Wi-Fi, som de kan bekrefte med ett klikk. Brukere av b\u00e6rbare datamaskiner og nettbrett kan ogs\u00e5 dra nytte av \u00e5 skanne koden for \u00e5 angi Wi-Fi-legitimasjonen manuelt.<\/li>\n<\/ul>\n<p><strong>3. Brukervennlig og tidsbesparende:<\/strong><\/p>\n<ul>\n<li>Bordstativet eliminerer un\u00f8dvendige p\u00e5loggingsprosesser og reduserer innsatsen for kundene dine ved \u00e5 tilby en s\u00f8ml\u00f8s Wi-Fi-tilkobling. Dette sparer ikke bare tid, men lar ogs\u00e5 personalet fokusere p\u00e5 sine kjerneoppgaver, siden de ikke lenger trenger \u00e5 svare p\u00e5 individuelle foresp\u00f8rsler om Wi-Fi-tilgang.<\/li>\n<\/ul>\n<p><strong>4. Profesjonell og moderne design:<\/strong><\/p>\n<ul>\n<li>Bordstativet er ikke bare funksjonelt, men ogs\u00e5 visuelt tiltalende. Den slanke, moderne designen passer perfekt til estetikken til enhver bedrift eller restaurant samtidig som den opprettholder et profesjonelt utseende. QR-koden er godt synlig, noe som gj\u00f8r det enkelt for kunder \u00e5 finne og skanne.<\/li>\n<\/ul>\n<p><strong>5. Slitesterkt materiale for daglig bruk:<\/strong><\/p>\n<ul>\n<li>Bordstativet er laget av slitesterke materialer av h\u00f8y kvalitet, noe som gj\u00f8r det perfekt for daglig bruk i milj\u00f8er med mye trafikk. Enten p\u00e5 restaurantbord, resepsjonspulter eller kontorpulter, er stativet robust og langvarig.<\/li>\n<\/ul>\n<p><strong>6. Ingen ekstra maskinvare eller komplisert oppsett kreves:<\/strong><\/p>\n<ul>\n<li>Bordstativet med WIFI QR Code fungerer med ditt eksisterende Wi-Fi-nettverk. Du trenger ikke \u00e5 kj\u00f8pe ekstra maskinvare eller justere kompliserte nettverksinnstillinger. QR-koden skrives ganske enkelt ut p\u00e5 stativet, og kundene dine kan koble seg til nettverket ditt med en gang.<\/li>\n<\/ul>\n<hr \/>\n<h3>Hvorfor bruke bordstativet med WIFI QR-kode?<\/h3>\n<p>I en stadig mer digital verden forventer kundene rask og enkel tilgang til internett uansett hvor de g\u00e5r. Ved \u00e5 tilby gratis Wi-Fi i virksomheten din, skaper du ikke bare en hyggelig kundeopplevelse, men \u00f8ker ogs\u00e5 kundebevaring og -tilfredshet. Bordstativet med WIFI QR Code fra Truzzer er den perfekte l\u00f8sningen for \u00e5 tilby denne tjenesten p\u00e5 en mest mulig effektiv m\u00e5te.<\/p>\n<p><strong>Ideelle bedrifter for bordstativet med WIFI QR-kode?<\/strong><\/p>\n<ul>\n<li><strong>Restauranter og kafeer:<\/strong> Kunder kan raskt f\u00e5 tilgang til Wi-Fi mens de venter p\u00e5 bestillingen, noe som f\u00f8rer til h\u00f8yere kundetilfredshet.<\/li>\n<li><strong>Hoteller:<\/strong> Gi gjestene dine enkel tilgang til internett i lobbyen eller frokostomr\u00e5det.<\/li>\n<li><strong>Kontorer og venterom:<\/strong> Skap et innbydende milj\u00f8 for bes\u00f8kende eller kunder som venter p\u00e5 avtaler eller m\u00f8ter.<\/li>\n<li><strong>Detaljbutikker:<\/strong> La kundene dine holde kontakten mens de surfer i butikken din.<\/li>\n<li><strong>Fris\u00f8rsalonger og treningsstudioer:<\/strong> S\u00f8rg for at kundene dine enkelt kan surfe p\u00e5 internett under bes\u00f8ket.<\/li>\n<\/ul>\n<hr \/>\n<h3>Hvordan fungerer bordet med WIFI QR-kode?<\/h3>\n<p><strong>1. Enkelt oppsett:<\/strong><\/p>\n<ul>\n<li>Plasser bordstativet p\u00e5 et synlig sted i virksomheten din, for eksempel p\u00e5 et bord, en disk eller et resepsjonsomr\u00e5de.<\/li>\n<\/ul>\n<p><strong>2. Skann QR-koden:<\/strong><\/p>\n<ul>\n<li>Kundene dine \u00e5pner ganske enkelt kameraappen p\u00e5 smarttelefonen, pek den mot QR-koden p\u00e5 stativet og klikk p\u00e5 varselet for \u00e5 koble til Wi-Fi.<\/li>\n<\/ul>\n<p><strong>3. \u00d8yeblikkelig tilkobling:<\/strong><\/p>\n<ul>\n<li>Etter skanning kobles kundene dine automatisk til Wi-Fi-nettverket ditt uten \u00e5 m\u00e5tte angi passord eller g\u00e5 gjennom lange registreringsskjemaer.<\/li>\n<\/ul>\n<p><strong>4. Wi-Fi-tilgang for alle enheter:<\/strong><\/p>\n<ul>\n<li>For Android- og iOS-enheter opprettes tilkoblingen umiddelbart. Brukere av b\u00e6rbare datamaskiner og nettbrett kan ogs\u00e5 skanne QR-koden for \u00e5 legge inn Wi-Fi-legitimasjonen manuelt.<\/li>\n<\/ul>\n","protected":false},"excerpt":{"rendered":"<h3>Bordstativ med WIFI QR-kode \u2013 Enkelt Wi-Fi for kundene dine<\/h3>\n<p><strong>S\u00f8rg for en s\u00f8ml\u00f8s Wi-Fi-opplevelse i virksomheten din med bordstativet v\u00e5rt med en WIFI QR-kode.<\/strong><\/p>\n<p>Med dette elegante og praktiske stativet gir du kundene dine umiddelbar tilgang til Wi-Fi. Alt de trenger \u00e5 gj\u00f8re er \u00e5 skanne den godt synlige QR-koden med smarttelefonkameraet. Ingen mer kjedelig passordinntasting eller kompliserte p\u00e5loggingsprosesser! Kundene dine vil v\u00e6re online i l\u00f8pet av sekunder.<\/p>\n<p><strong>Funksjoner:<\/strong><\/p>\n<ul>\n<li><strong>\u00d8yeblikkelig Wi-Fi-tilkobling:<\/strong> Enkel tilkobling ved \u00e5 skanne QR-koden med smarttelefonkameraet.<\/li>\n<li><strong>Slank og moderne design:<\/strong> Stativet passer s\u00f8ml\u00f8st inn i ethvert milj\u00f8 \u2013 ideelt for kafeer, restauranter, kontorer, hoteller og butikker.<\/li>\n<li><strong>Brukervennlig:<\/strong> Ingen passord kreves; QR-koden f\u00f8rer direkte til Wi-Fi-tilkoblingen.<\/li>\n<li><strong>Slitesterke materialer:<\/strong> Bordstativet er langvarig og robust, perfekt for daglig bruk.<\/li>\n<li><strong>Allsidig bruk:<\/strong> Perfekt for bord, disker eller resepsjonsomr\u00e5der.<\/li>\n<\/ul>\n<p><strong>Slik fungerer det:<\/strong><\/p>\n<ol>\n<li>Plasser bordstativet p\u00e5 et synlig sted.<\/li>\n<li>Kundene dine skanner QR-koden med smarttelefonkameraet.<\/li>\n<li>Etter skanning kobles de umiddelbart til Wi-Fi \u2013 raskt, sikkert og praktisk.<\/li>\n<\/ol>\n","protected":false},"featured_media":98837,"comment_status":"open","ping_status":"closed","template":"","meta":{"_acf_changed":false,"_yoast_wpseo_focuskw":"WiFi QR-kode Bordstativ","_yoast_wpseo_title":"WIFI QR Code Bordstativ Bold | truzzer","_yoast_wpseo_metadesc":"Del din WiFi tilgang umiddelbart med v\u00e5rt QR-kode bordstativ fra truzzer. Bestill n\u00e5 \u2013 klar til bruk!"},"product_brand":[],"product_cat":[985,505,1444],"product_tag":[],"class_list":{"0":"post-98829","1":"product","2":"type-product","3":"status-publish","4":"has-post-thumbnail","6":"product_cat-qr-kode-displays-stativer","7":"product_cat-qr-kode-produkter","8":"product_cat-wifi-bordstativer-med-qr-kode","9":"pa_industry-hotell","10":"pa_industry-medisinsk-praktijk","11":"pa_industry-restaurant-kafe","12":"pa_material-kartong","13":"pa_placement-balie-receptie","14":"pa_placement-kassa-pos","15":"pa_placement-tafel","16":"pa_product-type-utstillinger-og-stativer","17":"pa_technology-qr-code","18":"pa_technology-qr-kode","20":"first","21":"instock","22":"taxable","23":"shipping-taxable","24":"product-type-simple"},"acf":[],"yoast_head":"<!-- This site is optimized with the Yoast SEO plugin v27.0 - https:\/\/yoast.com\/product\/yoast-seo-wordpress\/ -->\n<title>WIFI QR Code Bordstativ Bold | truzzer<\/title>\n<meta name=\"description\" content=\"Del din WiFi tilgang umiddelbart med v\u00e5rt QR-kode bordstativ fra truzzer. Bestill n\u00e5 \u2013 klar til bruk!\" \/>\n<meta name=\"robots\" content=\"index, follow, max-snippet:-1, max-image-preview:large, max-video-preview:-1\" \/>\n<link rel=\"canonical\" href=\"https:\/\/www.truzzer.com\/no\/produkt\/wifi-qr-code-table-stand-bold\/\" \/>\n<meta property=\"og:locale\" content=\"nb_NO\" \/>\n<meta property=\"og:type\" content=\"article\" \/>\n<meta property=\"og:title\" content=\"WIFI QR Code Bordstativ Bold | truzzer\" \/>\n<meta property=\"og:description\" content=\"Del din WiFi tilgang umiddelbart med v\u00e5rt QR-kode bordstativ fra truzzer. Bestill n\u00e5 \u2013 klar til bruk!\" \/>\n<meta property=\"og:url\" content=\"https:\/\/www.truzzer.com\/no\/produkt\/wifi-qr-code-table-stand-bold\/\" \/>\n<meta property=\"og:site_name\" content=\"truzzer\" \/>\n<meta property=\"article:modified_time\" content=\"2026-02-13T08:26:10+00:00\" \/>\n<meta property=\"og:image\" content=\"https:\/\/www.truzzer.com\/wp-content\/uploads\/2026\/02\/empfehlio-truzzer-wifi-stand-bold-5-jpg-3.webp\" \/>\n\t<meta property=\"og:image:width\" content=\"1400\" \/>\n\t<meta property=\"og:image:height\" content=\"1400\" \/>\n\t<meta property=\"og:image:type\" content=\"image\/webp\" \/>\n<meta name=\"twitter:card\" content=\"summary_large_image\" \/>\n<meta name=\"twitter:label1\" content=\"Ansl. lesetid\" \/>\n\t<meta name=\"twitter:data1\" content=\"4 minutter\" \/>\n<script type=\"application\/ld+json\" class=\"yoast-schema-graph\">{\"@context\":\"https:\/\/schema.org\",\"@graph\":[{\"@type\":\"WebPage\",\"@id\":\"https:\/\/www.truzzer.com\/no\/produkt\/wifi-qr-code-table-stand-bold\/\",\"url\":\"https:\/\/www.truzzer.com\/no\/produkt\/wifi-qr-code-table-stand-bold\/\",\"name\":\"WIFI QR Code Bordstativ Bold | truzzer\",\"isPartOf\":{\"@id\":\"https:\/\/www.truzzer.com\/no\/#website\"},\"primaryImageOfPage\":{\"@id\":\"https:\/\/www.truzzer.com\/no\/produkt\/wifi-qr-code-table-stand-bold\/#primaryimage\"},\"image\":{\"@id\":\"https:\/\/www.truzzer.com\/no\/produkt\/wifi-qr-code-table-stand-bold\/#primaryimage\"},\"thumbnailUrl\":\"https:\/\/www.truzzer.com\/wp-content\/uploads\/2026\/02\/empfehlio-truzzer-wifi-stand-bold-5-jpg-3.webp\",\"datePublished\":\"2026-02-01T19:55:02+00:00\",\"dateModified\":\"2026-02-13T08:26:10+00:00\",\"description\":\"Del din WiFi tilgang umiddelbart med v\u00e5rt QR-kode bordstativ fra truzzer. Bestill n\u00e5 \u2013 klar til bruk!\",\"breadcrumb\":{\"@id\":\"https:\/\/www.truzzer.com\/no\/produkt\/wifi-qr-code-table-stand-bold\/#breadcrumb\"},\"inLanguage\":\"nb-NO\",\"potentialAction\":[{\"@type\":\"ReadAction\",\"target\":[\"https:\/\/www.truzzer.com\/no\/produkt\/wifi-qr-code-table-stand-bold\/\"]}]},{\"@type\":\"ImageObject\",\"inLanguage\":\"nb-NO\",\"@id\":\"https:\/\/www.truzzer.com\/no\/produkt\/wifi-qr-code-table-stand-bold\/#primaryimage\",\"url\":\"https:\/\/www.truzzer.com\/wp-content\/uploads\/2026\/02\/empfehlio-truzzer-wifi-stand-bold-5-jpg-3.webp\",\"contentUrl\":\"https:\/\/www.truzzer.com\/wp-content\/uploads\/2026\/02\/empfehlio-truzzer-wifi-stand-bold-5-jpg-3.webp\",\"width\":1400,\"height\":1400},{\"@type\":\"BreadcrumbList\",\"@id\":\"https:\/\/www.truzzer.com\/no\/produkt\/wifi-qr-code-table-stand-bold\/#breadcrumb\",\"itemListElement\":[{\"@type\":\"ListItem\",\"position\":1,\"name\":\"Home\",\"item\":\"https:\/\/www.truzzer.com\/no\/\"},{\"@type\":\"ListItem\",\"position\":2,\"name\":\"Butikk\",\"item\":\"https:\/\/www.truzzer.com\/no\/butikk\/\"},{\"@type\":\"ListItem\",\"position\":3,\"name\":\"WIFI QR Kode Bordstativ Fet\"}]},{\"@type\":\"WebSite\",\"@id\":\"https:\/\/www.truzzer.com\/no\/#website\",\"url\":\"https:\/\/www.truzzer.com\/no\/\",\"name\":\"truzzer\",\"description\":\"Experts for customer trust\",\"publisher\":{\"@id\":\"https:\/\/www.truzzer.com\/no\/#organization\"},\"potentialAction\":[{\"@type\":\"SearchAction\",\"target\":{\"@type\":\"EntryPoint\",\"urlTemplate\":\"https:\/\/www.truzzer.com\/no\/?s={search_term_string}\"},\"query-input\":{\"@type\":\"PropertyValueSpecification\",\"valueRequired\":true,\"valueName\":\"search_term_string\"}}],\"inLanguage\":\"nb-NO\"},{\"@type\":\"Organization\",\"@id\":\"https:\/\/www.truzzer.com\/no\/#organization\",\"name\":\"truzzer\",\"url\":\"https:\/\/www.truzzer.com\/no\/\",\"logo\":{\"@type\":\"ImageObject\",\"inLanguage\":\"nb-NO\",\"@id\":\"https:\/\/www.truzzer.com\/no\/#\/schema\/logo\/image\/\",\"url\":\"https:\/\/truzzer.com\/wp-content\/uploads\/2026\/01\/truzzer-logo-black-1.svg\",\"contentUrl\":\"https:\/\/truzzer.com\/wp-content\/uploads\/2026\/01\/truzzer-logo-black-1.svg\",\"width\":938,\"height\":199,\"caption\":\"truzzer\"},\"image\":{\"@id\":\"https:\/\/www.truzzer.com\/no\/#\/schema\/logo\/image\/\"}}]}<\/script>\n<!-- \/ Yoast SEO plugin. -->","yoast_head_json":{"title":"WIFI QR Code Bordstativ Bold | truzzer","description":"Del din WiFi tilgang umiddelbart med v\u00e5rt QR-kode bordstativ fra truzzer. Bestill n\u00e5 \u2013 klar til bruk!","robots":{"index":"index","follow":"follow","max-snippet":"max-snippet:-1","max-image-preview":"max-image-preview:large","max-video-preview":"max-video-preview:-1"},"canonical":"https:\/\/www.truzzer.com\/no\/produkt\/wifi-qr-code-table-stand-bold\/","og_locale":"nb_NO","og_type":"article","og_title":"WIFI QR Code Bordstativ Bold | truzzer","og_description":"Del din WiFi tilgang umiddelbart med v\u00e5rt QR-kode bordstativ fra truzzer. Bestill n\u00e5 \u2013 klar til bruk!","og_url":"https:\/\/www.truzzer.com\/no\/produkt\/wifi-qr-code-table-stand-bold\/","og_site_name":"truzzer","article_modified_time":"2026-02-13T08:26:10+00:00","og_image":[{"width":1400,"height":1400,"url":"https:\/\/www.truzzer.com\/wp-content\/uploads\/2026\/02\/empfehlio-truzzer-wifi-stand-bold-5-jpg-3.webp","type":"image\/webp"}],"twitter_card":"summary_large_image","twitter_misc":{"Ansl. lesetid":"4 minutter"},"schema":{"@context":"https:\/\/schema.org","@graph":[{"@type":"WebPage","@id":"https:\/\/www.truzzer.com\/no\/produkt\/wifi-qr-code-table-stand-bold\/","url":"https:\/\/www.truzzer.com\/no\/produkt\/wifi-qr-code-table-stand-bold\/","name":"WIFI QR Code Bordstativ Bold | truzzer","isPartOf":{"@id":"https:\/\/www.truzzer.com\/no\/#website"},"primaryImageOfPage":{"@id":"https:\/\/www.truzzer.com\/no\/produkt\/wifi-qr-code-table-stand-bold\/#primaryimage"},"image":{"@id":"https:\/\/www.truzzer.com\/no\/produkt\/wifi-qr-code-table-stand-bold\/#primaryimage"},"thumbnailUrl":"https:\/\/www.truzzer.com\/wp-content\/uploads\/2026\/02\/empfehlio-truzzer-wifi-stand-bold-5-jpg-3.webp","datePublished":"2026-02-01T19:55:02+00:00","dateModified":"2026-02-13T08:26:10+00:00","description":"Del din WiFi tilgang umiddelbart med v\u00e5rt QR-kode bordstativ fra truzzer. Bestill n\u00e5 \u2013 klar til bruk!","breadcrumb":{"@id":"https:\/\/www.truzzer.com\/no\/produkt\/wifi-qr-code-table-stand-bold\/#breadcrumb"},"inLanguage":"nb-NO","potentialAction":[{"@type":"ReadAction","target":["https:\/\/www.truzzer.com\/no\/produkt\/wifi-qr-code-table-stand-bold\/"]}]},{"@type":"ImageObject","inLanguage":"nb-NO","@id":"https:\/\/www.truzzer.com\/no\/produkt\/wifi-qr-code-table-stand-bold\/#primaryimage","url":"https:\/\/www.truzzer.com\/wp-content\/uploads\/2026\/02\/empfehlio-truzzer-wifi-stand-bold-5-jpg-3.webp","contentUrl":"https:\/\/www.truzzer.com\/wp-content\/uploads\/2026\/02\/empfehlio-truzzer-wifi-stand-bold-5-jpg-3.webp","width":1400,"height":1400},{"@type":"BreadcrumbList","@id":"https:\/\/www.truzzer.com\/no\/produkt\/wifi-qr-code-table-stand-bold\/#breadcrumb","itemListElement":[{"@type":"ListItem","position":1,"name":"Home","item":"https:\/\/www.truzzer.com\/no\/"},{"@type":"ListItem","position":2,"name":"Butikk","item":"https:\/\/www.truzzer.com\/no\/butikk\/"},{"@type":"ListItem","position":3,"name":"WIFI QR Kode Bordstativ Fet"}]},{"@type":"WebSite","@id":"https:\/\/www.truzzer.com\/no\/#website","url":"https:\/\/www.truzzer.com\/no\/","name":"truzzer","description":"Experts for customer trust","publisher":{"@id":"https:\/\/www.truzzer.com\/no\/#organization"},"potentialAction":[{"@type":"SearchAction","target":{"@type":"EntryPoint","urlTemplate":"https:\/\/www.truzzer.com\/no\/?s={search_term_string}"},"query-input":{"@type":"PropertyValueSpecification","valueRequired":true,"valueName":"search_term_string"}}],"inLanguage":"nb-NO"},{"@type":"Organization","@id":"https:\/\/www.truzzer.com\/no\/#organization","name":"truzzer","url":"https:\/\/www.truzzer.com\/no\/","logo":{"@type":"ImageObject","inLanguage":"nb-NO","@id":"https:\/\/www.truzzer.com\/no\/#\/schema\/logo\/image\/","url":"https:\/\/truzzer.com\/wp-content\/uploads\/2026\/01\/truzzer-logo-black-1.svg","contentUrl":"https:\/\/truzzer.com\/wp-content\/uploads\/2026\/01\/truzzer-logo-black-1.svg","width":938,"height":199,"caption":"truzzer"},"image":{"@id":"https:\/\/www.truzzer.com\/no\/#\/schema\/logo\/image\/"}}]}},"tiered_pricing_type":"fixed","tiered_pricing_fixed_rules":[],"tiered_pricing_product_settings":{"layout":"default","base_unit_name":{"singular":null,"plural":null},"default_variation":null},"tiered_pricing_minimum_quantity":null,"tiered_pricing_roles_data":[],"tiered_pricing_percentage_rules":[],"tiered_pricing_maximum_quantity":null,"tiered_pricing_quantity_step":null,"_links":{"self":[{"href":"https:\/\/www.truzzer.com\/no\/wp-json\/wp\/v2\/product\/98829","targetHints":{"allow":["GET"]}}],"collection":[{"href":"https:\/\/www.truzzer.com\/no\/wp-json\/wp\/v2\/product"}],"about":[{"href":"https:\/\/www.truzzer.com\/no\/wp-json\/wp\/v2\/types\/product"}],"replies":[{"embeddable":true,"href":"https:\/\/www.truzzer.com\/no\/wp-json\/wp\/v2\/comments?post=98829"}],"wp:featuredmedia":[{"embeddable":true,"href":"https:\/\/www.truzzer.com\/no\/wp-json\/wp\/v2\/media\/98837"}],"wp:attachment":[{"href":"https:\/\/www.truzzer.com\/no\/wp-json\/wp\/v2\/media?parent=98829"}],"wp:term":[{"taxonomy":"product_brand","embeddable":true,"href":"https:\/\/www.truzzer.com\/no\/wp-json\/wp\/v2\/product_brand?post=98829"},{"taxonomy":"product_cat","embeddable":true,"href":"https:\/\/www.truzzer.com\/no\/wp-json\/wp\/v2\/product_cat?post=98829"},{"taxonomy":"product_tag","embeddable":true,"href":"https:\/\/www.truzzer.com\/no\/wp-json\/wp\/v2\/product_tag?post=98829"}],"curies":[{"name":"wp","href":"https:\/\/api.w.org\/{rel}","templated":true}]}}