{"id":98850,"date":"2026-02-01T19:54:34","date_gmt":"2026-02-01T19:54:34","guid":{"rendered":"https:\/\/beta.truzzer.com\/product\/google-review-qr-code-sticker-roll-with-google-review-qr-code\/"},"modified":"2026-02-13T08:28:33","modified_gmt":"2026-02-13T08:28:33","slug":"google-review-qr-code-sticker-roll-with-google-review-qr-code","status":"publish","type":"product","link":"https:\/\/www.truzzer.com\/no\/produkt\/google-review-qr-code-sticker-roll-with-google-review-qr-code\/","title":{"rendered":"Google anmeldelse QR kode klistremerkerull med Google anmeldelse QR kode"},"content":{"rendered":"<p data-start=\"0\" data-end=\"80\"><strong data-start=\"0\" data-end=\"80\">Vurder oss p\u00e5 Google-klistremerker som rulleetiketter med QR-kode for fraktpakker<\/strong><\/p>\n<p data-start=\"82\" data-end=\"206\">Med truzzers \u00abVurder oss p\u00e5 Google\u00bb-etiketter som inneholder en anmeldelse \u2013 QR-kodekobling, samler du enkelt inn nye Google-anmeldelser!<\/p>\n<ul data-start=\"208\" data-end=\"374\">\n<li data-start=\"208\" data-end=\"289\">\n<p data-start=\"210\" data-end=\"289\">I et praktisk rundt format gj\u00f8r du Google-anmeldelser konkrete for kundene dine.<\/p>\n<\/li>\n<li data-start=\"290\" data-end=\"374\">\n<p data-start=\"292\" data-end=\"374\">Plasser klistremerkene p\u00e5 pakkene dine \u2013 eller hvor som helst hvor kundene dine vil legge merke til dem.<\/p>\n<\/li>\n<\/ul>\n<hr data-start=\"376\" data-end=\"379\" \/>\n<h3 data-start=\"381\" data-end=\"432\">Bruk dem som hj\u00f8rneklistremerker p\u00e5 fraktesker<\/h3>\n<p data-start=\"434\" data-end=\"654\">Vil du sette klistremerkene p\u00e5 hj\u00f8rnene av boksene dine? Ikke noe problem! De er utformet slik at det er nok tomrom mellom handlingsfremmende uttrykk og QR-koden til \u00e5 tillate den &laquo;foldingen&raquo; uten \u00e5 b\u00f8ye noen av elementene.<\/p>\n<hr data-start=\"656\" data-end=\"659\" \/>\n<p data-start=\"661\" data-end=\"753\">V\u00e5re &laquo;Vurder oss p\u00e5 Google&raquo;-produktene er enkle \u00e5 bruke. Slik fungerer det med v\u00e5re anmeldelseskort:<\/p>\n<p data-start=\"755\" data-end=\"895\"><strong data-start=\"755\" data-end=\"793\">Trinn 1: Kunden skanner QR-koden<\/strong><br data-start=\"793\" data-end=\"796\" \/>For \u00e5 legge igjen en anmeldelse, retter kunden ganske enkelt smarttelefonkameraet mot koden p\u00e5 klistremerket.<\/p>\n<blockquote data-start=\"897\" data-end=\"1004\">\n<p data-start=\"899\" data-end=\"1004\">\u2022 P\u00e5 iPhone vises et popup-vindu p\u00e5 skjermen.<br data-start=\"943\" data-end=\"946\" \/>\u2022 P\u00e5 Android\/Google-telefoner vil et QR-kodeikon vises.<\/p>\n<\/blockquote>\n<p data-start=\"1006\" data-end=\"1159\"><strong data-start=\"1006\" data-end=\"1063\">Trinn 2: Kunden blir tatt rett til anmeldelsesskjemaet<\/strong><br data-start=\"1063\" data-end=\"1066\" \/>Evalueringsskjemaet \u00e5pnes umiddelbart, og kunden kan sende tilbakemeldinger!<\/p>\n<hr data-start=\"1161\" data-end=\"1164\" \/>\n<blockquote data-start=\"1166\" data-end=\"1377\" data-is-last-node=\"\" data-is-only-node=\"\">\n<p data-start=\"1168\" data-end=\"1377\" data-is-last-node=\"\"><strong data-start=\"1168\" data-end=\"1177\">Merk:<\/strong><br data-start=\"1177\" data-end=\"1180\" \/>Du trenger din egen Google My Business-dataprofil for \u00e5 motta data-anmeldelser. \/>Hvis du enn\u00e5 ikke har et, kan ekspertene v\u00e5re sette det opp for deg \u2013 bare klikk her etter at du har lagt til Google-gjennomgangskortet i handlekurven.<\/p>\n<\/blockquote>\n","protected":false},"excerpt":{"rendered":"<p><strong>Full av teft \u2013 \u00abVurder oss p\u00e5 Google\u00bb-etikettene fra truzzer, komplett med en Google Review QR-kode!<\/strong><\/p>\n<p>Den perfekte prikken over i-en for pakkene dine og et blikkfang p\u00e5 alle overflater! F\u00e5 flere Google-anmeldelser fra kundene dine med personlig tilpassede &laquo;Vurder oss p\u00e5 Google&raquo;-etiketter med en QR-kobling for direkte Google-anmeldelser.<\/p>\n<ul>\n<li>Ideell for fraktesker<\/li>\n<li>Passer for alle glatte overflater<\/li>\n<li>Perfekt for emballasje, butikker, fakturaklistremerker eller hvor det m\u00e5tte passe<\/li>\n<li>Viser kundene dine hvor enkelt det er \u00e5 anmelde deg p\u00e5 Google<\/li>\n<li>Tilpasset for deg<\/li>\n<li>Tilgjengelig i tre st\u00f8rrelser<\/li>\n<\/ul>\n<p>Vi oppretter og kobler til QR-koden for direkte anmeldelser p\u00e5 Google-profilen din!<\/p>\n","protected":false},"featured_media":98852,"comment_status":"open","ping_status":"closed","template":"","meta":{"_acf_changed":false,"_yoast_wpseo_focuskw":"Google Anmeldelse Klistremerkerull","_yoast_wpseo_title":"Google Anmeldelse QR Code Klistremerke Roll | truzzer","_yoast_wpseo_metadesc":"F\u00e5 flere 5-stjerners Google anmeldelser med v\u00e5r QR-kode klistremerkerull fra truzzer. Bestill n\u00e5 \u2013 klar til bruk!"},"product_brand":[1656],"product_cat":[1429,880,767,1448,506,1217,505],"product_tag":[],"class_list":{"0":"post-98850","1":"product","2":"type-product","3":"status-publish","4":"has-post-thumbnail","6":"product_brand-google","7":"product_cat-google-anmeldelse-klistremerker","8":"product_cat-google-anmeldelse-klistremerker-med-qr-kode","9":"product_cat-google-anmeldelse-produkter","10":"product_cat-google-review-roll-ups-with-qr-code","11":"product_cat-qr-kode-klistremerker","12":"product_cat-qr-kode-klistremerkeruller","13":"product_cat-qr-kode-produkter","14":"pa_industry-detailhandel","15":"pa_industry-events-entertainment","16":"pa_industry-restaurant-kafe","17":"pa_material-kartong","18":"pa_placement-bon","19":"pa_placement-brosjyre","20":"pa_placement-verpakking","21":"pa_product-type-klistremerke","22":"pa_product-type-sticker-roll","23":"pa_shape-rond","24":"pa_technology-qr-code","25":"pa_technology-qr-kode","27":"first","28":"instock","29":"taxable","30":"shipping-taxable","31":"purchasable","32":"product-type-variable","33":"has-default-attributes"},"acf":[],"yoast_head":"<!-- This site is optimized with the Yoast SEO plugin v27.0 - https:\/\/yoast.com\/product\/yoast-seo-wordpress\/ -->\n<title>Google Anmeldelse QR Code Klistremerke Roll | truzzer<\/title>\n<meta name=\"description\" content=\"F\u00e5 flere 5-stjerners Google anmeldelser med v\u00e5r QR-kode klistremerkerull fra truzzer. Bestill n\u00e5 \u2013 klar til bruk!\" \/>\n<meta name=\"robots\" content=\"index, follow, max-snippet:-1, max-image-preview:large, max-video-preview:-1\" \/>\n<link rel=\"canonical\" href=\"https:\/\/www.truzzer.com\/no\/produkt\/google-review-qr-code-sticker-roll-with-google-review-qr-code\/\" \/>\n<meta property=\"og:locale\" content=\"nb_NO\" \/>\n<meta property=\"og:type\" content=\"article\" \/>\n<meta property=\"og:title\" content=\"Google Anmeldelse QR Code Klistremerke Roll | truzzer\" \/>\n<meta property=\"og:description\" content=\"F\u00e5 flere 5-stjerners Google anmeldelser med v\u00e5r QR-kode klistremerkerull fra truzzer. Bestill n\u00e5 \u2013 klar til bruk!\" \/>\n<meta property=\"og:url\" content=\"https:\/\/www.truzzer.com\/no\/produkt\/google-review-qr-code-sticker-roll-with-google-review-qr-code\/\" \/>\n<meta property=\"og:site_name\" content=\"truzzer\" \/>\n<meta property=\"article:modified_time\" content=\"2026-02-13T08:28:33+00:00\" \/>\n<meta property=\"og:image\" content=\"https:\/\/www.truzzer.com\/wp-content\/uploads\/2026\/02\/review-us-on-google-sticker-roll-with-qr-code-eng-s-5.jpg\" \/>\n\t<meta property=\"og:image:width\" content=\"1200\" \/>\n\t<meta property=\"og:image:height\" content=\"1200\" \/>\n\t<meta property=\"og:image:type\" content=\"image\/jpeg\" \/>\n<meta name=\"twitter:card\" content=\"summary_large_image\" \/>\n<meta name=\"twitter:label1\" content=\"Ansl. lesetid\" \/>\n\t<meta name=\"twitter:data1\" content=\"1 minutt\" \/>\n<script type=\"application\/ld+json\" class=\"yoast-schema-graph\">{\"@context\":\"https:\/\/schema.org\",\"@graph\":[{\"@type\":\"WebPage\",\"@id\":\"https:\/\/www.truzzer.com\/no\/produkt\/google-review-qr-code-sticker-roll-with-google-review-qr-code\/\",\"url\":\"https:\/\/www.truzzer.com\/no\/produkt\/google-review-qr-code-sticker-roll-with-google-review-qr-code\/\",\"name\":\"Google Anmeldelse QR Code Klistremerke Roll | truzzer\",\"isPartOf\":{\"@id\":\"https:\/\/www.truzzer.com\/no\/#website\"},\"primaryImageOfPage\":{\"@id\":\"https:\/\/www.truzzer.com\/no\/produkt\/google-review-qr-code-sticker-roll-with-google-review-qr-code\/#primaryimage\"},\"image\":{\"@id\":\"https:\/\/www.truzzer.com\/no\/produkt\/google-review-qr-code-sticker-roll-with-google-review-qr-code\/#primaryimage\"},\"thumbnailUrl\":\"https:\/\/www.truzzer.com\/wp-content\/uploads\/2026\/02\/review-us-on-google-sticker-roll-with-qr-code-eng-s-5.jpg\",\"datePublished\":\"2026-02-01T19:54:34+00:00\",\"dateModified\":\"2026-02-13T08:28:33+00:00\",\"description\":\"F\u00e5 flere 5-stjerners Google anmeldelser med v\u00e5r QR-kode klistremerkerull fra truzzer. Bestill n\u00e5 \u2013 klar til bruk!\",\"breadcrumb\":{\"@id\":\"https:\/\/www.truzzer.com\/no\/produkt\/google-review-qr-code-sticker-roll-with-google-review-qr-code\/#breadcrumb\"},\"inLanguage\":\"nb-NO\",\"potentialAction\":[{\"@type\":\"ReadAction\",\"target\":[\"https:\/\/www.truzzer.com\/no\/produkt\/google-review-qr-code-sticker-roll-with-google-review-qr-code\/\"]}]},{\"@type\":\"ImageObject\",\"inLanguage\":\"nb-NO\",\"@id\":\"https:\/\/www.truzzer.com\/no\/produkt\/google-review-qr-code-sticker-roll-with-google-review-qr-code\/#primaryimage\",\"url\":\"https:\/\/www.truzzer.com\/wp-content\/uploads\/2026\/02\/review-us-on-google-sticker-roll-with-qr-code-eng-s-5.jpg\",\"contentUrl\":\"https:\/\/www.truzzer.com\/wp-content\/uploads\/2026\/02\/review-us-on-google-sticker-roll-with-qr-code-eng-s-5.jpg\",\"width\":1200,\"height\":1200},{\"@type\":\"BreadcrumbList\",\"@id\":\"https:\/\/www.truzzer.com\/no\/produkt\/google-review-qr-code-sticker-roll-with-google-review-qr-code\/#breadcrumb\",\"itemListElement\":[{\"@type\":\"ListItem\",\"position\":1,\"name\":\"Home\",\"item\":\"https:\/\/www.truzzer.com\/no\/\"},{\"@type\":\"ListItem\",\"position\":2,\"name\":\"Butikk\",\"item\":\"https:\/\/www.truzzer.com\/no\/butikk\/\"},{\"@type\":\"ListItem\",\"position\":3,\"name\":\"Google anmeldelse QR kode klistremerkerull med Google anmeldelse QR kode\"}]},{\"@type\":\"WebSite\",\"@id\":\"https:\/\/www.truzzer.com\/no\/#website\",\"url\":\"https:\/\/www.truzzer.com\/no\/\",\"name\":\"truzzer\",\"description\":\"Experts for customer trust\",\"publisher\":{\"@id\":\"https:\/\/www.truzzer.com\/no\/#organization\"},\"potentialAction\":[{\"@type\":\"SearchAction\",\"target\":{\"@type\":\"EntryPoint\",\"urlTemplate\":\"https:\/\/www.truzzer.com\/no\/?s={search_term_string}\"},\"query-input\":{\"@type\":\"PropertyValueSpecification\",\"valueRequired\":true,\"valueName\":\"search_term_string\"}}],\"inLanguage\":\"nb-NO\"},{\"@type\":\"Organization\",\"@id\":\"https:\/\/www.truzzer.com\/no\/#organization\",\"name\":\"truzzer\",\"url\":\"https:\/\/www.truzzer.com\/no\/\",\"logo\":{\"@type\":\"ImageObject\",\"inLanguage\":\"nb-NO\",\"@id\":\"https:\/\/www.truzzer.com\/no\/#\/schema\/logo\/image\/\",\"url\":\"https:\/\/truzzer.com\/wp-content\/uploads\/2026\/01\/truzzer-logo-black-1.svg\",\"contentUrl\":\"https:\/\/truzzer.com\/wp-content\/uploads\/2026\/01\/truzzer-logo-black-1.svg\",\"width\":938,\"height\":199,\"caption\":\"truzzer\"},\"image\":{\"@id\":\"https:\/\/www.truzzer.com\/no\/#\/schema\/logo\/image\/\"}}]}<\/script>\n<!-- \/ Yoast SEO plugin. -->","yoast_head_json":{"title":"Google Anmeldelse QR Code Klistremerke Roll | truzzer","description":"F\u00e5 flere 5-stjerners Google anmeldelser med v\u00e5r QR-kode klistremerkerull fra truzzer. Bestill n\u00e5 \u2013 klar til bruk!","robots":{"index":"index","follow":"follow","max-snippet":"max-snippet:-1","max-image-preview":"max-image-preview:large","max-video-preview":"max-video-preview:-1"},"canonical":"https:\/\/www.truzzer.com\/no\/produkt\/google-review-qr-code-sticker-roll-with-google-review-qr-code\/","og_locale":"nb_NO","og_type":"article","og_title":"Google Anmeldelse QR Code Klistremerke Roll | truzzer","og_description":"F\u00e5 flere 5-stjerners Google anmeldelser med v\u00e5r QR-kode klistremerkerull fra truzzer. Bestill n\u00e5 \u2013 klar til bruk!","og_url":"https:\/\/www.truzzer.com\/no\/produkt\/google-review-qr-code-sticker-roll-with-google-review-qr-code\/","og_site_name":"truzzer","article_modified_time":"2026-02-13T08:28:33+00:00","og_image":[{"width":1200,"height":1200,"url":"https:\/\/www.truzzer.com\/wp-content\/uploads\/2026\/02\/review-us-on-google-sticker-roll-with-qr-code-eng-s-5.jpg","type":"image\/jpeg"}],"twitter_card":"summary_large_image","twitter_misc":{"Ansl. lesetid":"1 minutt"},"schema":{"@context":"https:\/\/schema.org","@graph":[{"@type":"WebPage","@id":"https:\/\/www.truzzer.com\/no\/produkt\/google-review-qr-code-sticker-roll-with-google-review-qr-code\/","url":"https:\/\/www.truzzer.com\/no\/produkt\/google-review-qr-code-sticker-roll-with-google-review-qr-code\/","name":"Google Anmeldelse QR Code Klistremerke Roll | truzzer","isPartOf":{"@id":"https:\/\/www.truzzer.com\/no\/#website"},"primaryImageOfPage":{"@id":"https:\/\/www.truzzer.com\/no\/produkt\/google-review-qr-code-sticker-roll-with-google-review-qr-code\/#primaryimage"},"image":{"@id":"https:\/\/www.truzzer.com\/no\/produkt\/google-review-qr-code-sticker-roll-with-google-review-qr-code\/#primaryimage"},"thumbnailUrl":"https:\/\/www.truzzer.com\/wp-content\/uploads\/2026\/02\/review-us-on-google-sticker-roll-with-qr-code-eng-s-5.jpg","datePublished":"2026-02-01T19:54:34+00:00","dateModified":"2026-02-13T08:28:33+00:00","description":"F\u00e5 flere 5-stjerners Google anmeldelser med v\u00e5r QR-kode klistremerkerull fra truzzer. Bestill n\u00e5 \u2013 klar til bruk!","breadcrumb":{"@id":"https:\/\/www.truzzer.com\/no\/produkt\/google-review-qr-code-sticker-roll-with-google-review-qr-code\/#breadcrumb"},"inLanguage":"nb-NO","potentialAction":[{"@type":"ReadAction","target":["https:\/\/www.truzzer.com\/no\/produkt\/google-review-qr-code-sticker-roll-with-google-review-qr-code\/"]}]},{"@type":"ImageObject","inLanguage":"nb-NO","@id":"https:\/\/www.truzzer.com\/no\/produkt\/google-review-qr-code-sticker-roll-with-google-review-qr-code\/#primaryimage","url":"https:\/\/www.truzzer.com\/wp-content\/uploads\/2026\/02\/review-us-on-google-sticker-roll-with-qr-code-eng-s-5.jpg","contentUrl":"https:\/\/www.truzzer.com\/wp-content\/uploads\/2026\/02\/review-us-on-google-sticker-roll-with-qr-code-eng-s-5.jpg","width":1200,"height":1200},{"@type":"BreadcrumbList","@id":"https:\/\/www.truzzer.com\/no\/produkt\/google-review-qr-code-sticker-roll-with-google-review-qr-code\/#breadcrumb","itemListElement":[{"@type":"ListItem","position":1,"name":"Home","item":"https:\/\/www.truzzer.com\/no\/"},{"@type":"ListItem","position":2,"name":"Butikk","item":"https:\/\/www.truzzer.com\/no\/butikk\/"},{"@type":"ListItem","position":3,"name":"Google anmeldelse QR kode klistremerkerull med Google anmeldelse QR kode"}]},{"@type":"WebSite","@id":"https:\/\/www.truzzer.com\/no\/#website","url":"https:\/\/www.truzzer.com\/no\/","name":"truzzer","description":"Experts for customer trust","publisher":{"@id":"https:\/\/www.truzzer.com\/no\/#organization"},"potentialAction":[{"@type":"SearchAction","target":{"@type":"EntryPoint","urlTemplate":"https:\/\/www.truzzer.com\/no\/?s={search_term_string}"},"query-input":{"@type":"PropertyValueSpecification","valueRequired":true,"valueName":"search_term_string"}}],"inLanguage":"nb-NO"},{"@type":"Organization","@id":"https:\/\/www.truzzer.com\/no\/#organization","name":"truzzer","url":"https:\/\/www.truzzer.com\/no\/","logo":{"@type":"ImageObject","inLanguage":"nb-NO","@id":"https:\/\/www.truzzer.com\/no\/#\/schema\/logo\/image\/","url":"https:\/\/truzzer.com\/wp-content\/uploads\/2026\/01\/truzzer-logo-black-1.svg","contentUrl":"https:\/\/truzzer.com\/wp-content\/uploads\/2026\/01\/truzzer-logo-black-1.svg","width":938,"height":199,"caption":"truzzer"},"image":{"@id":"https:\/\/www.truzzer.com\/no\/#\/schema\/logo\/image\/"}}]}},"tiered_pricing_type":"fixed","tiered_pricing_fixed_rules":[],"tiered_pricing_product_settings":{"layout":"default","base_unit_name":{"singular":null,"plural":null},"default_variation":null},"tiered_pricing_minimum_quantity":null,"tiered_pricing_roles_data":[],"tiered_pricing_percentage_rules":[],"tiered_pricing_maximum_quantity":null,"tiered_pricing_quantity_step":null,"_links":{"self":[{"href":"https:\/\/www.truzzer.com\/no\/wp-json\/wp\/v2\/product\/98850","targetHints":{"allow":["GET"]}}],"collection":[{"href":"https:\/\/www.truzzer.com\/no\/wp-json\/wp\/v2\/product"}],"about":[{"href":"https:\/\/www.truzzer.com\/no\/wp-json\/wp\/v2\/types\/product"}],"replies":[{"embeddable":true,"href":"https:\/\/www.truzzer.com\/no\/wp-json\/wp\/v2\/comments?post=98850"}],"wp:featuredmedia":[{"embeddable":true,"href":"https:\/\/www.truzzer.com\/no\/wp-json\/wp\/v2\/media\/98852"}],"wp:attachment":[{"href":"https:\/\/www.truzzer.com\/no\/wp-json\/wp\/v2\/media?parent=98850"}],"wp:term":[{"taxonomy":"product_brand","embeddable":true,"href":"https:\/\/www.truzzer.com\/no\/wp-json\/wp\/v2\/product_brand?post=98850"},{"taxonomy":"product_cat","embeddable":true,"href":"https:\/\/www.truzzer.com\/no\/wp-json\/wp\/v2\/product_cat?post=98850"},{"taxonomy":"product_tag","embeddable":true,"href":"https:\/\/www.truzzer.com\/no\/wp-json\/wp\/v2\/product_tag?post=98850"}],"curies":[{"name":"wp","href":"https:\/\/api.w.org\/{rel}","templated":true}]}}