{"id":98868,"date":"2026-02-01T19:53:32","date_gmt":"2026-02-01T19:53:32","guid":{"rendered":"https:\/\/beta.truzzer.com\/product\/paypal-pay-qr-code-sticker-brand-refresh\/"},"modified":"2026-02-13T08:31:08","modified_gmt":"2026-02-13T08:31:08","slug":"paypal-pay-qr-code-sticker-brand-refresh","status":"publish","type":"product","link":"https:\/\/www.truzzer.com\/no\/produkt\/paypal-pay-qr-code-sticker-brand-refresh\/","title":{"rendered":"PayPal betale QR kode klistremerke merke oppdatering"},"content":{"rendered":"<p><strong>Vi introduserer PayPal QR Code Sticker \u2013 Din inngangsport til enkle kontaktl\u00f8se betalinger<\/strong><\/p>\n<p>Fremskynd og forenkle betalinger for kundene dine med PayPal QR Code-klistremerket. Dette klistremerket er den perfekte l\u00f8sningen for alle typer virksomheter \u2013 fra detaljhandel og gjestfrihet til arrangementer. Det forenkler raske, sikre og kontaktl\u00f8se betalinger via PayPal. En enkel skanning av QR-koden og transaksjonen utf\u00f8res i l\u00f8pet av sekunder.<\/p>\n<h3><strong>Produktfunksjoner:<\/strong><\/h3>\n<ul>\n<li><strong>Rask og problemfri betaling:<\/strong> Kunder trenger bare \u00e5 skanne QR-koden med smarttelefonene sine, sette inn bel\u00f8pet og bekrefte betalingen. Det er effektivt og eliminerer behovet for kontanter eller kort.<\/li>\n<li><strong>Allsidig bruk:<\/strong> PayPal QR Code-klistremerket passer perfekt ved utsjekkingssteder, p\u00e5 disker, bord eller d\u00f8rer. Dens tilpasningsevne strekker seg til b\u00e5de innend\u00f8rs og utend\u00f8rs bruk.<\/li>\n<li><strong>V\u00e6rbestandig og vanntett:<\/strong> Klistremerkets h\u00f8ykvalitetsmateriale gj\u00f8r det motstandsdyktig mot vann og v\u00e6r, ideelt for langvarig bruk selv under utfordrende forhold.<\/li>\n<li><strong>Subtil, profesjonell estetikk:<\/strong> Det enkle klistremerket med PayPal QR-koden smelter s\u00f8ml\u00f8st inn i enhver setting uten \u00e5 v\u00e6re p\u00e5trengende, og gir et profesjonelt utseende samtidig som synligheten for kundene dine opprettholdes.<\/li>\n<\/ul>\n<h3><strong>Hvorfor bedriften din trenger et PayPal QR-kodeklistremerke<\/strong><\/h3>\n<p>N\u00e5r vi navigerer gjennom en stadig mer digital verden, fortsetter betydningen av <strong>kontaktl\u00f8se betalinger<\/strong> \u00e5 \u00f8ke. PayPal QR Code-klistremerket gir kundene dine et moderne, hygienisk og praktisk betalingsalternativ. Med smarttelefonene sine kan de enkelt gjennomf\u00f8re transaksjoner uten \u00e5 stole p\u00e5 kontanter eller kort. I en tid der hygiene og kontaktl\u00f8se interaksjoner er av ytterste viktighet, er QR Code-klistremerket den ideelle l\u00f8sningen.<\/p>\n<h3><strong>Fordeler med PayPal QR Code Sticker:<\/strong><\/h3>\n<ul>\n<li><strong>Kontaktl\u00f8s betaling:<\/strong> Minimer bruken av kontanter og kort ved \u00e5 tilby en trygg og hygienisk betalingsl\u00f8sning.<\/li>\n<li><strong>Enkel \u00e5 installere:<\/strong> Det selvklebende klistremerket kan enkelt festes til enhver glatt overflate \u2013 enten ved kassen, inngangsd\u00f8ren eller direkte p\u00e5 bordene.<\/li>\n<li><strong>\u00d8k kundetilfredsheten:<\/strong> Gi kundene dine muligheten til \u00e5 betale enkelt og raskt ved \u00e5 bruke deres foretrukne digitale betalingstjeneste.<\/li>\n<li><strong>Kostnadseffektiv l\u00f8sning:<\/strong> Unng\u00e5 behovet for ekstra enheter eller kostbare systemer \u2013 PayPal QR Code-klistremerket forenkler aksepten av moderne betalingsmetoder.<\/li>\n<\/ul>\n<h3><strong>Perfekt for restauranter, detaljhandel, tjenester og mer<\/strong><\/h3>\n<p>PayPal QR Code-klistremerket er egnet for ulike bruksomr\u00e5der. Enten du driver en <strong>restaurant, kaf\u00e9, butikk eller markedsbod,<\/strong> lar klistremerket deg godta digitale betalinger direkte via PayPal. Den er ogs\u00e5 ideell for <strong>tjenesteleverand\u00f8rer<\/strong> eller <strong>kiosker<\/strong> som krever raske og fleksible betalingsalternativer.<\/p>\n<hr \/>\n<p>Ved \u00e5 implementere <strong>PayPal QR Code-klistremerket<\/strong> gir du ikke bare et moderne betalingsalternativ til kundene dine, du sikrer ogs\u00e5 en s\u00f8ml\u00f8s og praktisk betalingsprosess. Begynn \u00e5 omfavn fremtiden for betalinger i dag!<\/p>\n","protected":false},"excerpt":{"rendered":"<p><strong>PayPal QR-kodeklistremerke \u2013 Gj\u00f8r kontaktl\u00f8se betalinger enkle<\/strong><\/p>\n<p>Introduser kundene dine for en rask, grei og sikker betalingsm\u00e5te med PayPal QR Code-klistremerket. Bare plasser den ved kassen, p\u00e5 skranker eller d\u00f8r\u00e5pninger \u2013 dette klistremerket muliggj\u00f8r s\u00f8ml\u00f8se kontaktl\u00f8se betalinger via smarttelefoner. Skann, skriv inn bel\u00f8pet, og betalingen behandles. Den er perfekt for ulike bedrifter, inkludert restauranter, butikker og tjenesteleverand\u00f8rer. Klistremerket, som er vann- og v\u00e6rbestandig, er tilpasningsdyktig og garanterer en friksjonsfri betalingsprosess uten behov for kontanter eller kort. Opplev modernitet, hygiene og effektivitet i betalinger!<\/p>\n<ul>\n<li><strong>Kontaktl\u00f8s betaling:<\/strong> Reduser behovet for kontanter og kort samtidig som du tilbyr et trygt og hygienisk betalingsalternativ.<\/li>\n<li><strong>Enkel p\u00e5f\u00f8ring:<\/strong> Det selvklebende klistremerket kan enkelt festes til enhver glatt overflate \u2013 enten ved kassen, inngangsd\u00f8ren eller direkte p\u00e5 bordene.<\/li>\n<li><strong>Forbedret kundetilfredshet:<\/strong> Gi kundene dine muligheten til \u00e5 betale raskt og enkelt ved \u00e5 bruke deres valgte digitale betalingstjeneste.<\/li>\n<li><strong>Kostnadseffektiv l\u00f8sning:<\/strong> Unng\u00e5 behovet for ekstra enheter eller komplekse systemer \u2013 PayPal QR Code-klistremerket forenkler aksept av moderne betalingsm\u00e5ter.<\/li>\n<\/ul>\n","protected":false},"featured_media":98871,"comment_status":"open","ping_status":"closed","template":"","meta":{"_acf_changed":false,"_yoast_wpseo_focuskw":"PayPal QR-kode Klistremerke","_yoast_wpseo_title":"PayPal pay QR Code sticker brand refresh | truzzer","_yoast_wpseo_metadesc":"Motta PayPal betalinger enkelt med v\u00e5rt QR-kode klistremerke fra truzzer. Bestill n\u00e5 \u2013 klar til bruk!"},"product_brand":[1674],"product_cat":[1434,506,505],"product_tag":[],"class_list":{"0":"post-98868","1":"product","2":"type-product","3":"status-publish","4":"has-post-thumbnail","6":"product_brand-paypal","7":"product_cat-paypal-betaling-klistremerker-med-qr-kode","8":"product_cat-qr-kode-klistremerker","9":"product_cat-qr-kode-produkter","10":"pa_material-vinyl","11":"pa_product-type-klistremerke","12":"pa_shape-rechthoek","13":"pa_technology-qr-code","14":"pa_technology-qr-kode","16":"first","17":"instock","18":"taxable","19":"shipping-taxable","20":"purchasable","21":"product-type-variable","22":"has-default-attributes"},"acf":[],"yoast_head":"<!-- This site is optimized with the Yoast SEO plugin v27.0 - https:\/\/yoast.com\/product\/yoast-seo-wordpress\/ -->\n<title>PayPal pay QR Code sticker brand refresh | truzzer<\/title>\n<meta name=\"description\" content=\"Motta PayPal betalinger enkelt med v\u00e5rt QR-kode klistremerke fra truzzer. Bestill n\u00e5 \u2013 klar til bruk!\" \/>\n<meta name=\"robots\" content=\"index, follow, max-snippet:-1, max-image-preview:large, max-video-preview:-1\" \/>\n<link rel=\"canonical\" href=\"https:\/\/www.truzzer.com\/no\/produkt\/paypal-pay-qr-code-sticker-brand-refresh\/\" \/>\n<meta property=\"og:locale\" content=\"nb_NO\" \/>\n<meta property=\"og:type\" content=\"article\" \/>\n<meta property=\"og:title\" content=\"PayPal pay QR Code sticker brand refresh | truzzer\" \/>\n<meta property=\"og:description\" content=\"Motta PayPal betalinger enkelt med v\u00e5rt QR-kode klistremerke fra truzzer. Bestill n\u00e5 \u2013 klar til bruk!\" \/>\n<meta property=\"og:url\" content=\"https:\/\/www.truzzer.com\/no\/produkt\/paypal-pay-qr-code-sticker-brand-refresh\/\" \/>\n<meta property=\"og:site_name\" content=\"truzzer\" \/>\n<meta property=\"article:modified_time\" content=\"2026-02-13T08:31:08+00:00\" \/>\n<meta property=\"og:image\" content=\"https:\/\/www.truzzer.com\/wp-content\/uploads\/2026\/02\/paypal-bezahlen-qr-code-sticker-new-design-empfehlio-truzzer-single-2.jpg\" \/>\n\t<meta property=\"og:image:width\" content=\"1600\" \/>\n\t<meta property=\"og:image:height\" content=\"1600\" \/>\n\t<meta property=\"og:image:type\" content=\"image\/jpeg\" \/>\n<meta name=\"twitter:card\" content=\"summary_large_image\" \/>\n<meta name=\"twitter:label1\" content=\"Ansl. lesetid\" \/>\n\t<meta name=\"twitter:data1\" content=\"2 minutter\" \/>\n<script type=\"application\/ld+json\" class=\"yoast-schema-graph\">{\"@context\":\"https:\/\/schema.org\",\"@graph\":[{\"@type\":\"WebPage\",\"@id\":\"https:\/\/www.truzzer.com\/no\/produkt\/paypal-pay-qr-code-sticker-brand-refresh\/\",\"url\":\"https:\/\/www.truzzer.com\/no\/produkt\/paypal-pay-qr-code-sticker-brand-refresh\/\",\"name\":\"PayPal pay QR Code sticker brand refresh | truzzer\",\"isPartOf\":{\"@id\":\"https:\/\/www.truzzer.com\/no\/#website\"},\"primaryImageOfPage\":{\"@id\":\"https:\/\/www.truzzer.com\/no\/produkt\/paypal-pay-qr-code-sticker-brand-refresh\/#primaryimage\"},\"image\":{\"@id\":\"https:\/\/www.truzzer.com\/no\/produkt\/paypal-pay-qr-code-sticker-brand-refresh\/#primaryimage\"},\"thumbnailUrl\":\"https:\/\/www.truzzer.com\/wp-content\/uploads\/2026\/02\/paypal-bezahlen-qr-code-sticker-new-design-empfehlio-truzzer-single-2.jpg\",\"datePublished\":\"2026-02-01T19:53:32+00:00\",\"dateModified\":\"2026-02-13T08:31:08+00:00\",\"description\":\"Motta PayPal betalinger enkelt med v\u00e5rt QR-kode klistremerke fra truzzer. Bestill n\u00e5 \u2013 klar til bruk!\",\"breadcrumb\":{\"@id\":\"https:\/\/www.truzzer.com\/no\/produkt\/paypal-pay-qr-code-sticker-brand-refresh\/#breadcrumb\"},\"inLanguage\":\"nb-NO\",\"potentialAction\":[{\"@type\":\"ReadAction\",\"target\":[\"https:\/\/www.truzzer.com\/no\/produkt\/paypal-pay-qr-code-sticker-brand-refresh\/\"]}]},{\"@type\":\"ImageObject\",\"inLanguage\":\"nb-NO\",\"@id\":\"https:\/\/www.truzzer.com\/no\/produkt\/paypal-pay-qr-code-sticker-brand-refresh\/#primaryimage\",\"url\":\"https:\/\/www.truzzer.com\/wp-content\/uploads\/2026\/02\/paypal-bezahlen-qr-code-sticker-new-design-empfehlio-truzzer-single-2.jpg\",\"contentUrl\":\"https:\/\/www.truzzer.com\/wp-content\/uploads\/2026\/02\/paypal-bezahlen-qr-code-sticker-new-design-empfehlio-truzzer-single-2.jpg\",\"width\":1600,\"height\":1600},{\"@type\":\"BreadcrumbList\",\"@id\":\"https:\/\/www.truzzer.com\/no\/produkt\/paypal-pay-qr-code-sticker-brand-refresh\/#breadcrumb\",\"itemListElement\":[{\"@type\":\"ListItem\",\"position\":1,\"name\":\"Home\",\"item\":\"https:\/\/www.truzzer.com\/no\/\"},{\"@type\":\"ListItem\",\"position\":2,\"name\":\"Butikk\",\"item\":\"https:\/\/www.truzzer.com\/no\/butikk\/\"},{\"@type\":\"ListItem\",\"position\":3,\"name\":\"PayPal betale QR kode klistremerke merke oppdatering\"}]},{\"@type\":\"WebSite\",\"@id\":\"https:\/\/www.truzzer.com\/no\/#website\",\"url\":\"https:\/\/www.truzzer.com\/no\/\",\"name\":\"truzzer\",\"description\":\"Experts for customer trust\",\"publisher\":{\"@id\":\"https:\/\/www.truzzer.com\/no\/#organization\"},\"potentialAction\":[{\"@type\":\"SearchAction\",\"target\":{\"@type\":\"EntryPoint\",\"urlTemplate\":\"https:\/\/www.truzzer.com\/no\/?s={search_term_string}\"},\"query-input\":{\"@type\":\"PropertyValueSpecification\",\"valueRequired\":true,\"valueName\":\"search_term_string\"}}],\"inLanguage\":\"nb-NO\"},{\"@type\":\"Organization\",\"@id\":\"https:\/\/www.truzzer.com\/no\/#organization\",\"name\":\"truzzer\",\"url\":\"https:\/\/www.truzzer.com\/no\/\",\"logo\":{\"@type\":\"ImageObject\",\"inLanguage\":\"nb-NO\",\"@id\":\"https:\/\/www.truzzer.com\/no\/#\/schema\/logo\/image\/\",\"url\":\"https:\/\/truzzer.com\/wp-content\/uploads\/2026\/01\/truzzer-logo-black-1.svg\",\"contentUrl\":\"https:\/\/truzzer.com\/wp-content\/uploads\/2026\/01\/truzzer-logo-black-1.svg\",\"width\":938,\"height\":199,\"caption\":\"truzzer\"},\"image\":{\"@id\":\"https:\/\/www.truzzer.com\/no\/#\/schema\/logo\/image\/\"}}]}<\/script>\n<!-- \/ Yoast SEO plugin. -->","yoast_head_json":{"title":"PayPal pay QR Code sticker brand refresh | truzzer","description":"Motta PayPal betalinger enkelt med v\u00e5rt QR-kode klistremerke fra truzzer. Bestill n\u00e5 \u2013 klar til bruk!","robots":{"index":"index","follow":"follow","max-snippet":"max-snippet:-1","max-image-preview":"max-image-preview:large","max-video-preview":"max-video-preview:-1"},"canonical":"https:\/\/www.truzzer.com\/no\/produkt\/paypal-pay-qr-code-sticker-brand-refresh\/","og_locale":"nb_NO","og_type":"article","og_title":"PayPal pay QR Code sticker brand refresh | truzzer","og_description":"Motta PayPal betalinger enkelt med v\u00e5rt QR-kode klistremerke fra truzzer. Bestill n\u00e5 \u2013 klar til bruk!","og_url":"https:\/\/www.truzzer.com\/no\/produkt\/paypal-pay-qr-code-sticker-brand-refresh\/","og_site_name":"truzzer","article_modified_time":"2026-02-13T08:31:08+00:00","og_image":[{"width":1600,"height":1600,"url":"https:\/\/www.truzzer.com\/wp-content\/uploads\/2026\/02\/paypal-bezahlen-qr-code-sticker-new-design-empfehlio-truzzer-single-2.jpg","type":"image\/jpeg"}],"twitter_card":"summary_large_image","twitter_misc":{"Ansl. lesetid":"2 minutter"},"schema":{"@context":"https:\/\/schema.org","@graph":[{"@type":"WebPage","@id":"https:\/\/www.truzzer.com\/no\/produkt\/paypal-pay-qr-code-sticker-brand-refresh\/","url":"https:\/\/www.truzzer.com\/no\/produkt\/paypal-pay-qr-code-sticker-brand-refresh\/","name":"PayPal pay QR Code sticker brand refresh | truzzer","isPartOf":{"@id":"https:\/\/www.truzzer.com\/no\/#website"},"primaryImageOfPage":{"@id":"https:\/\/www.truzzer.com\/no\/produkt\/paypal-pay-qr-code-sticker-brand-refresh\/#primaryimage"},"image":{"@id":"https:\/\/www.truzzer.com\/no\/produkt\/paypal-pay-qr-code-sticker-brand-refresh\/#primaryimage"},"thumbnailUrl":"https:\/\/www.truzzer.com\/wp-content\/uploads\/2026\/02\/paypal-bezahlen-qr-code-sticker-new-design-empfehlio-truzzer-single-2.jpg","datePublished":"2026-02-01T19:53:32+00:00","dateModified":"2026-02-13T08:31:08+00:00","description":"Motta PayPal betalinger enkelt med v\u00e5rt QR-kode klistremerke fra truzzer. Bestill n\u00e5 \u2013 klar til bruk!","breadcrumb":{"@id":"https:\/\/www.truzzer.com\/no\/produkt\/paypal-pay-qr-code-sticker-brand-refresh\/#breadcrumb"},"inLanguage":"nb-NO","potentialAction":[{"@type":"ReadAction","target":["https:\/\/www.truzzer.com\/no\/produkt\/paypal-pay-qr-code-sticker-brand-refresh\/"]}]},{"@type":"ImageObject","inLanguage":"nb-NO","@id":"https:\/\/www.truzzer.com\/no\/produkt\/paypal-pay-qr-code-sticker-brand-refresh\/#primaryimage","url":"https:\/\/www.truzzer.com\/wp-content\/uploads\/2026\/02\/paypal-bezahlen-qr-code-sticker-new-design-empfehlio-truzzer-single-2.jpg","contentUrl":"https:\/\/www.truzzer.com\/wp-content\/uploads\/2026\/02\/paypal-bezahlen-qr-code-sticker-new-design-empfehlio-truzzer-single-2.jpg","width":1600,"height":1600},{"@type":"BreadcrumbList","@id":"https:\/\/www.truzzer.com\/no\/produkt\/paypal-pay-qr-code-sticker-brand-refresh\/#breadcrumb","itemListElement":[{"@type":"ListItem","position":1,"name":"Home","item":"https:\/\/www.truzzer.com\/no\/"},{"@type":"ListItem","position":2,"name":"Butikk","item":"https:\/\/www.truzzer.com\/no\/butikk\/"},{"@type":"ListItem","position":3,"name":"PayPal betale QR kode klistremerke merke oppdatering"}]},{"@type":"WebSite","@id":"https:\/\/www.truzzer.com\/no\/#website","url":"https:\/\/www.truzzer.com\/no\/","name":"truzzer","description":"Experts for customer trust","publisher":{"@id":"https:\/\/www.truzzer.com\/no\/#organization"},"potentialAction":[{"@type":"SearchAction","target":{"@type":"EntryPoint","urlTemplate":"https:\/\/www.truzzer.com\/no\/?s={search_term_string}"},"query-input":{"@type":"PropertyValueSpecification","valueRequired":true,"valueName":"search_term_string"}}],"inLanguage":"nb-NO"},{"@type":"Organization","@id":"https:\/\/www.truzzer.com\/no\/#organization","name":"truzzer","url":"https:\/\/www.truzzer.com\/no\/","logo":{"@type":"ImageObject","inLanguage":"nb-NO","@id":"https:\/\/www.truzzer.com\/no\/#\/schema\/logo\/image\/","url":"https:\/\/truzzer.com\/wp-content\/uploads\/2026\/01\/truzzer-logo-black-1.svg","contentUrl":"https:\/\/truzzer.com\/wp-content\/uploads\/2026\/01\/truzzer-logo-black-1.svg","width":938,"height":199,"caption":"truzzer"},"image":{"@id":"https:\/\/www.truzzer.com\/no\/#\/schema\/logo\/image\/"}}]}},"tiered_pricing_type":"fixed","tiered_pricing_fixed_rules":[],"tiered_pricing_product_settings":{"layout":"default","base_unit_name":{"singular":null,"plural":null},"default_variation":null},"tiered_pricing_minimum_quantity":null,"tiered_pricing_roles_data":[],"tiered_pricing_percentage_rules":[],"tiered_pricing_maximum_quantity":null,"tiered_pricing_quantity_step":null,"_links":{"self":[{"href":"https:\/\/www.truzzer.com\/no\/wp-json\/wp\/v2\/product\/98868","targetHints":{"allow":["GET"]}}],"collection":[{"href":"https:\/\/www.truzzer.com\/no\/wp-json\/wp\/v2\/product"}],"about":[{"href":"https:\/\/www.truzzer.com\/no\/wp-json\/wp\/v2\/types\/product"}],"replies":[{"embeddable":true,"href":"https:\/\/www.truzzer.com\/no\/wp-json\/wp\/v2\/comments?post=98868"}],"wp:featuredmedia":[{"embeddable":true,"href":"https:\/\/www.truzzer.com\/no\/wp-json\/wp\/v2\/media\/98871"}],"wp:attachment":[{"href":"https:\/\/www.truzzer.com\/no\/wp-json\/wp\/v2\/media?parent=98868"}],"wp:term":[{"taxonomy":"product_brand","embeddable":true,"href":"https:\/\/www.truzzer.com\/no\/wp-json\/wp\/v2\/product_brand?post=98868"},{"taxonomy":"product_cat","embeddable":true,"href":"https:\/\/www.truzzer.com\/no\/wp-json\/wp\/v2\/product_cat?post=98868"},{"taxonomy":"product_tag","embeddable":true,"href":"https:\/\/www.truzzer.com\/no\/wp-json\/wp\/v2\/product_tag?post=98868"}],"curies":[{"name":"wp","href":"https:\/\/api.w.org\/{rel}","templated":true}]}}