{"id":98888,"date":"2026-02-01T19:49:41","date_gmt":"2026-02-01T19:49:41","guid":{"rendered":"https:\/\/beta.truzzer.com\/product\/paypal-pay-qr-code-table-display-color\/"},"modified":"2026-02-13T08:35:46","modified_gmt":"2026-02-13T08:35:46","slug":"paypal-pay-qr-code-table-display-color","status":"publish","type":"product","link":"https:\/\/www.truzzer.com\/no\/produkt\/paypal-pay-qr-code-table-display-color\/","title":{"rendered":"PayPal Pay QR Kodetabell Skjermfarge"},"content":{"rendered":"<p><strong>Vi introduserer ditt tilpassede PayPal QR kodebordtelt med personlig logo<\/strong><\/p>\n<p>Forvandle betalingsopplevelsen for kundene dine som aldri f\u00f8r! Med v\u00e5rt skreddersydde bordtelt PayPal QR Code kan du tilby en praktisk betalingsl\u00f8sning uten kontanter eller kort.<\/p>\n<p><strong>Produktfunksjoner:<\/strong><\/p>\n<ul>\n<li><strong>Personlig logofunksjon:<\/strong> Vis din unike logo p\u00e5 bordteltet for \u00e5 fremme et profesjonelt og str\u00f8mlinjeformet utseende gjennom hele bedriften din.<\/li>\n<li><strong>Problemfri betaling:<\/strong> Kunder kan enkelt skanne PayPal QR-koden med smarttelefonene sine og overf\u00f8re \u00f8nsket bel\u00f8p umiddelbart. Det er sikkert, raskt og problemfritt.<\/li>\n<li><strong>Materiale av overlegen kvalitet:<\/strong> Konstruert av solid, h\u00f8ykvalitets papp, t\u00e5ler bordteltet uten problemer daglig slitasje, noe som gj\u00f8r det ideelt for restauranter, kafeer, butikker eller messer.<\/li>\n<li><strong>Slekt design:<\/strong> Den slanke, moderne designen passer diskr\u00e9 inn i alle omgivelser og vil garantert sl\u00e5 hodet p\u00e5 ethvert bord.<\/li>\n<li><strong>Bred applikasjon:<\/strong> Den er perfekt for gjestfrihetsbransjen, detaljhandelen eller arrangementer der en enkel og rask betalingsl\u00f8sning er avgj\u00f8rende.<\/li>\n<\/ul>\n<p><strong>Fordeler:<\/strong><\/p>\n<ul>\n<li>Reduser ventetidene og unng\u00e5 ulempene med kontanttransaksjoner.<\/li>\n<li>Pr\u00f8v bedriften din med en moderne og nyskapende stil.<\/li>\n<li>F\u00e5 tillit ved \u00e5 integrere merkevarelogoen din i betalingsprosessen.<\/li>\n<\/ul>\n<p>Invester i ditt personlige PayPal QR Code-bordtelt i dag og introduser kundene dine for fremtidens uanstrengte og moderne betalingsm\u00e5te!<\/p>\n","protected":false},"excerpt":{"rendered":"<p><strong>Vi introduserer ditt tilpassede PayPal QR kodebordtelt med personlig logo<\/strong><\/p>\n<p>Forvandle betalingsopplevelsen for kundene dine som aldri f\u00f8r! Med v\u00e5rt skreddersydde bordtelt PayPal QR Code kan du tilby en praktisk betalingsl\u00f8sning uten kontanter eller kort.<\/p>\n<p><strong>Produktfunksjoner:<\/strong><\/p>\n<ul>\n<li><strong>Personlig logofunksjon:<\/strong> Vis din unike logo p\u00e5 bordteltet for \u00e5 fremme et profesjonelt og str\u00f8mlinjeformet utseende gjennom hele bedriften din.<\/li>\n<li><strong>Problemfri betaling:<\/strong> Kunder kan enkelt skanne PayPal QR-koden med smarttelefonene sine og overf\u00f8re \u00f8nsket bel\u00f8p umiddelbart. Det er sikkert, raskt og problemfritt.<\/li>\n<li><strong>Materiale av overlegen kvalitet:<\/strong> Konstruert av solid, h\u00f8ykvalitets papp, t\u00e5ler bordteltet uten problemer daglig slitasje, noe som gj\u00f8r det ideelt for restauranter, kafeer, butikker eller messer.<\/li>\n<li><strong>Slekt design:<\/strong> Den slanke, moderne designen passer diskr\u00e9 inn i alle omgivelser og vil garantert sl\u00e5 hodet p\u00e5 ethvert bord.<\/li>\n<li><strong>Bredt bruksomr\u00e5de:<\/strong> Det er perfekt for gjestfrihetsbransjen, detaljhandelen eller arrangementer der en enkel og rask betalingsl\u00f8sning er avgj\u00f8rende.<\/li>\n<li><strong>For- og bakside identiske:<\/strong> Begge sider av bordteltet har samme design.<\/li>\n<\/ul>\n<p><strong>Fordeler:<\/strong><\/p>\n<ul>\n<li>Reduser ventetidene og unng\u00e5 ulempene med kontanttransaksjoner.<\/li>\n<li>Pr\u00f8v bedriften din med en moderne og nyskapende stil.<\/li>\n<li>F\u00e5 tillit ved \u00e5 integrere merkevarelogoen din i betalingsprosessen.<\/li>\n<\/ul>\n<p>Invester i ditt personlige PayPal QR Code-bordtelt i dag og introduser kundene dine for fremtidens uanstrengte og moderne betalingsm\u00e5te!<\/p>\n","protected":false},"featured_media":98892,"comment_status":"open","ping_status":"closed","template":"","meta":{"_acf_changed":false,"_yoast_wpseo_focuskw":"PayPal QR-kode Bordstativ","_yoast_wpseo_title":"PayPal Pay QR Code Table Display Color | truzzer","_yoast_wpseo_metadesc":"Motta PayPal betalinger enkelt med v\u00e5rt QR-kode bordstativ fra truzzer. Bestill n\u00e5 \u2013 klar til bruk!"},"product_brand":[1674],"product_cat":[1451,985,505],"product_tag":[],"class_list":{"0":"post-98888","1":"product","2":"type-product","3":"status-publish","4":"has-post-thumbnail","6":"product_brand-paypal","7":"product_cat-paypal-betaling-bordstativer-med-qr-kode","8":"product_cat-qr-kode-displays-stativer","9":"product_cat-qr-kode-produkter","10":"pa_material-kartong","11":"pa_product-type-utstillinger-og-stativer","12":"pa_technology-qr-code","13":"pa_technology-qr-kode","15":"first","16":"instock","17":"taxable","18":"shipping-taxable","19":"purchasable","20":"product-type-simple"},"acf":[],"yoast_head":"<!-- This site is optimized with the Yoast SEO plugin v27.0 - https:\/\/yoast.com\/product\/yoast-seo-wordpress\/ -->\n<title>PayPal Pay QR Code Table Display Color | truzzer<\/title>\n<meta name=\"description\" content=\"Motta PayPal betalinger enkelt med v\u00e5rt QR-kode bordstativ fra truzzer. Bestill n\u00e5 \u2013 klar til bruk!\" \/>\n<meta name=\"robots\" content=\"index, follow, max-snippet:-1, max-image-preview:large, max-video-preview:-1\" \/>\n<link rel=\"canonical\" href=\"https:\/\/www.truzzer.com\/no\/produkt\/paypal-pay-qr-code-table-display-color\/\" \/>\n<meta property=\"og:locale\" content=\"nb_NO\" \/>\n<meta property=\"og:type\" content=\"article\" \/>\n<meta property=\"og:title\" content=\"PayPal Pay QR Code Table Display Color | truzzer\" \/>\n<meta property=\"og:description\" content=\"Motta PayPal betalinger enkelt med v\u00e5rt QR-kode bordstativ fra truzzer. Bestill n\u00e5 \u2013 klar til bruk!\" \/>\n<meta property=\"og:url\" content=\"https:\/\/www.truzzer.com\/no\/produkt\/paypal-pay-qr-code-table-display-color\/\" \/>\n<meta property=\"og:site_name\" content=\"truzzer\" \/>\n<meta property=\"article:modified_time\" content=\"2026-02-13T08:35:46+00:00\" \/>\n<meta property=\"og:image\" content=\"https:\/\/www.truzzer.com\/wp-content\/uploads\/2026\/02\/paypal-pay-bezahlen-qr-code-table-tent-old-design-empfehlio-truzzer-b-iso-2.jpg\" \/>\n\t<meta property=\"og:image:width\" content=\"1400\" \/>\n\t<meta property=\"og:image:height\" content=\"1400\" \/>\n\t<meta property=\"og:image:type\" content=\"image\/jpeg\" \/>\n<meta name=\"twitter:card\" content=\"summary_large_image\" \/>\n<meta name=\"twitter:label1\" content=\"Ansl. lesetid\" \/>\n\t<meta name=\"twitter:data1\" content=\"1 minutt\" \/>\n<script type=\"application\/ld+json\" class=\"yoast-schema-graph\">{\"@context\":\"https:\/\/schema.org\",\"@graph\":[{\"@type\":\"WebPage\",\"@id\":\"https:\/\/www.truzzer.com\/no\/produkt\/paypal-pay-qr-code-table-display-color\/\",\"url\":\"https:\/\/www.truzzer.com\/no\/produkt\/paypal-pay-qr-code-table-display-color\/\",\"name\":\"PayPal Pay QR Code Table Display Color | truzzer\",\"isPartOf\":{\"@id\":\"https:\/\/www.truzzer.com\/no\/#website\"},\"primaryImageOfPage\":{\"@id\":\"https:\/\/www.truzzer.com\/no\/produkt\/paypal-pay-qr-code-table-display-color\/#primaryimage\"},\"image\":{\"@id\":\"https:\/\/www.truzzer.com\/no\/produkt\/paypal-pay-qr-code-table-display-color\/#primaryimage\"},\"thumbnailUrl\":\"https:\/\/www.truzzer.com\/wp-content\/uploads\/2026\/02\/paypal-pay-bezahlen-qr-code-table-tent-old-design-empfehlio-truzzer-b-iso-2.jpg\",\"datePublished\":\"2026-02-01T19:49:41+00:00\",\"dateModified\":\"2026-02-13T08:35:46+00:00\",\"description\":\"Motta PayPal betalinger enkelt med v\u00e5rt QR-kode bordstativ fra truzzer. Bestill n\u00e5 \u2013 klar til bruk!\",\"breadcrumb\":{\"@id\":\"https:\/\/www.truzzer.com\/no\/produkt\/paypal-pay-qr-code-table-display-color\/#breadcrumb\"},\"inLanguage\":\"nb-NO\",\"potentialAction\":[{\"@type\":\"ReadAction\",\"target\":[\"https:\/\/www.truzzer.com\/no\/produkt\/paypal-pay-qr-code-table-display-color\/\"]}]},{\"@type\":\"ImageObject\",\"inLanguage\":\"nb-NO\",\"@id\":\"https:\/\/www.truzzer.com\/no\/produkt\/paypal-pay-qr-code-table-display-color\/#primaryimage\",\"url\":\"https:\/\/www.truzzer.com\/wp-content\/uploads\/2026\/02\/paypal-pay-bezahlen-qr-code-table-tent-old-design-empfehlio-truzzer-b-iso-2.jpg\",\"contentUrl\":\"https:\/\/www.truzzer.com\/wp-content\/uploads\/2026\/02\/paypal-pay-bezahlen-qr-code-table-tent-old-design-empfehlio-truzzer-b-iso-2.jpg\",\"width\":1400,\"height\":1400},{\"@type\":\"BreadcrumbList\",\"@id\":\"https:\/\/www.truzzer.com\/no\/produkt\/paypal-pay-qr-code-table-display-color\/#breadcrumb\",\"itemListElement\":[{\"@type\":\"ListItem\",\"position\":1,\"name\":\"Home\",\"item\":\"https:\/\/www.truzzer.com\/no\/\"},{\"@type\":\"ListItem\",\"position\":2,\"name\":\"Butikk\",\"item\":\"https:\/\/www.truzzer.com\/no\/butikk\/\"},{\"@type\":\"ListItem\",\"position\":3,\"name\":\"PayPal Pay QR Kodetabell Skjermfarge\"}]},{\"@type\":\"WebSite\",\"@id\":\"https:\/\/www.truzzer.com\/no\/#website\",\"url\":\"https:\/\/www.truzzer.com\/no\/\",\"name\":\"truzzer\",\"description\":\"Experts for customer trust\",\"publisher\":{\"@id\":\"https:\/\/www.truzzer.com\/no\/#organization\"},\"potentialAction\":[{\"@type\":\"SearchAction\",\"target\":{\"@type\":\"EntryPoint\",\"urlTemplate\":\"https:\/\/www.truzzer.com\/no\/?s={search_term_string}\"},\"query-input\":{\"@type\":\"PropertyValueSpecification\",\"valueRequired\":true,\"valueName\":\"search_term_string\"}}],\"inLanguage\":\"nb-NO\"},{\"@type\":\"Organization\",\"@id\":\"https:\/\/www.truzzer.com\/no\/#organization\",\"name\":\"truzzer\",\"url\":\"https:\/\/www.truzzer.com\/no\/\",\"logo\":{\"@type\":\"ImageObject\",\"inLanguage\":\"nb-NO\",\"@id\":\"https:\/\/www.truzzer.com\/no\/#\/schema\/logo\/image\/\",\"url\":\"https:\/\/truzzer.com\/wp-content\/uploads\/2026\/01\/truzzer-logo-black-1.svg\",\"contentUrl\":\"https:\/\/truzzer.com\/wp-content\/uploads\/2026\/01\/truzzer-logo-black-1.svg\",\"width\":938,\"height\":199,\"caption\":\"truzzer\"},\"image\":{\"@id\":\"https:\/\/www.truzzer.com\/no\/#\/schema\/logo\/image\/\"}}]}<\/script>\n<!-- \/ Yoast SEO plugin. -->","yoast_head_json":{"title":"PayPal Pay QR Code Table Display Color | truzzer","description":"Motta PayPal betalinger enkelt med v\u00e5rt QR-kode bordstativ fra truzzer. Bestill n\u00e5 \u2013 klar til bruk!","robots":{"index":"index","follow":"follow","max-snippet":"max-snippet:-1","max-image-preview":"max-image-preview:large","max-video-preview":"max-video-preview:-1"},"canonical":"https:\/\/www.truzzer.com\/no\/produkt\/paypal-pay-qr-code-table-display-color\/","og_locale":"nb_NO","og_type":"article","og_title":"PayPal Pay QR Code Table Display Color | truzzer","og_description":"Motta PayPal betalinger enkelt med v\u00e5rt QR-kode bordstativ fra truzzer. Bestill n\u00e5 \u2013 klar til bruk!","og_url":"https:\/\/www.truzzer.com\/no\/produkt\/paypal-pay-qr-code-table-display-color\/","og_site_name":"truzzer","article_modified_time":"2026-02-13T08:35:46+00:00","og_image":[{"width":1400,"height":1400,"url":"https:\/\/www.truzzer.com\/wp-content\/uploads\/2026\/02\/paypal-pay-bezahlen-qr-code-table-tent-old-design-empfehlio-truzzer-b-iso-2.jpg","type":"image\/jpeg"}],"twitter_card":"summary_large_image","twitter_misc":{"Ansl. lesetid":"1 minutt"},"schema":{"@context":"https:\/\/schema.org","@graph":[{"@type":"WebPage","@id":"https:\/\/www.truzzer.com\/no\/produkt\/paypal-pay-qr-code-table-display-color\/","url":"https:\/\/www.truzzer.com\/no\/produkt\/paypal-pay-qr-code-table-display-color\/","name":"PayPal Pay QR Code Table Display Color | truzzer","isPartOf":{"@id":"https:\/\/www.truzzer.com\/no\/#website"},"primaryImageOfPage":{"@id":"https:\/\/www.truzzer.com\/no\/produkt\/paypal-pay-qr-code-table-display-color\/#primaryimage"},"image":{"@id":"https:\/\/www.truzzer.com\/no\/produkt\/paypal-pay-qr-code-table-display-color\/#primaryimage"},"thumbnailUrl":"https:\/\/www.truzzer.com\/wp-content\/uploads\/2026\/02\/paypal-pay-bezahlen-qr-code-table-tent-old-design-empfehlio-truzzer-b-iso-2.jpg","datePublished":"2026-02-01T19:49:41+00:00","dateModified":"2026-02-13T08:35:46+00:00","description":"Motta PayPal betalinger enkelt med v\u00e5rt QR-kode bordstativ fra truzzer. Bestill n\u00e5 \u2013 klar til bruk!","breadcrumb":{"@id":"https:\/\/www.truzzer.com\/no\/produkt\/paypal-pay-qr-code-table-display-color\/#breadcrumb"},"inLanguage":"nb-NO","potentialAction":[{"@type":"ReadAction","target":["https:\/\/www.truzzer.com\/no\/produkt\/paypal-pay-qr-code-table-display-color\/"]}]},{"@type":"ImageObject","inLanguage":"nb-NO","@id":"https:\/\/www.truzzer.com\/no\/produkt\/paypal-pay-qr-code-table-display-color\/#primaryimage","url":"https:\/\/www.truzzer.com\/wp-content\/uploads\/2026\/02\/paypal-pay-bezahlen-qr-code-table-tent-old-design-empfehlio-truzzer-b-iso-2.jpg","contentUrl":"https:\/\/www.truzzer.com\/wp-content\/uploads\/2026\/02\/paypal-pay-bezahlen-qr-code-table-tent-old-design-empfehlio-truzzer-b-iso-2.jpg","width":1400,"height":1400},{"@type":"BreadcrumbList","@id":"https:\/\/www.truzzer.com\/no\/produkt\/paypal-pay-qr-code-table-display-color\/#breadcrumb","itemListElement":[{"@type":"ListItem","position":1,"name":"Home","item":"https:\/\/www.truzzer.com\/no\/"},{"@type":"ListItem","position":2,"name":"Butikk","item":"https:\/\/www.truzzer.com\/no\/butikk\/"},{"@type":"ListItem","position":3,"name":"PayPal Pay QR Kodetabell Skjermfarge"}]},{"@type":"WebSite","@id":"https:\/\/www.truzzer.com\/no\/#website","url":"https:\/\/www.truzzer.com\/no\/","name":"truzzer","description":"Experts for customer trust","publisher":{"@id":"https:\/\/www.truzzer.com\/no\/#organization"},"potentialAction":[{"@type":"SearchAction","target":{"@type":"EntryPoint","urlTemplate":"https:\/\/www.truzzer.com\/no\/?s={search_term_string}"},"query-input":{"@type":"PropertyValueSpecification","valueRequired":true,"valueName":"search_term_string"}}],"inLanguage":"nb-NO"},{"@type":"Organization","@id":"https:\/\/www.truzzer.com\/no\/#organization","name":"truzzer","url":"https:\/\/www.truzzer.com\/no\/","logo":{"@type":"ImageObject","inLanguage":"nb-NO","@id":"https:\/\/www.truzzer.com\/no\/#\/schema\/logo\/image\/","url":"https:\/\/truzzer.com\/wp-content\/uploads\/2026\/01\/truzzer-logo-black-1.svg","contentUrl":"https:\/\/truzzer.com\/wp-content\/uploads\/2026\/01\/truzzer-logo-black-1.svg","width":938,"height":199,"caption":"truzzer"},"image":{"@id":"https:\/\/www.truzzer.com\/no\/#\/schema\/logo\/image\/"}}]}},"tiered_pricing_type":"fixed","tiered_pricing_fixed_rules":[],"tiered_pricing_product_settings":{"layout":"default","base_unit_name":{"singular":null,"plural":null},"default_variation":null},"tiered_pricing_minimum_quantity":null,"tiered_pricing_roles_data":[],"tiered_pricing_percentage_rules":[],"tiered_pricing_maximum_quantity":null,"tiered_pricing_quantity_step":null,"_links":{"self":[{"href":"https:\/\/www.truzzer.com\/no\/wp-json\/wp\/v2\/product\/98888","targetHints":{"allow":["GET"]}}],"collection":[{"href":"https:\/\/www.truzzer.com\/no\/wp-json\/wp\/v2\/product"}],"about":[{"href":"https:\/\/www.truzzer.com\/no\/wp-json\/wp\/v2\/types\/product"}],"replies":[{"embeddable":true,"href":"https:\/\/www.truzzer.com\/no\/wp-json\/wp\/v2\/comments?post=98888"}],"wp:featuredmedia":[{"embeddable":true,"href":"https:\/\/www.truzzer.com\/no\/wp-json\/wp\/v2\/media\/98892"}],"wp:attachment":[{"href":"https:\/\/www.truzzer.com\/no\/wp-json\/wp\/v2\/media?parent=98888"}],"wp:term":[{"taxonomy":"product_brand","embeddable":true,"href":"https:\/\/www.truzzer.com\/no\/wp-json\/wp\/v2\/product_brand?post=98888"},{"taxonomy":"product_cat","embeddable":true,"href":"https:\/\/www.truzzer.com\/no\/wp-json\/wp\/v2\/product_cat?post=98888"},{"taxonomy":"product_tag","embeddable":true,"href":"https:\/\/www.truzzer.com\/no\/wp-json\/wp\/v2\/product_tag?post=98888"}],"curies":[{"name":"wp","href":"https:\/\/api.w.org\/{rel}","templated":true}]}}