{"id":98895,"date":"2026-02-01T19:49:30","date_gmt":"2026-02-01T19:49:30","guid":{"rendered":"https:\/\/beta.truzzer.com\/product\/paypal-pay-qr-code-table-tent\/"},"modified":"2026-02-13T08:36:57","modified_gmt":"2026-02-13T08:36:57","slug":"paypal-pay-qr-code-table-tent","status":"publish","type":"product","link":"https:\/\/www.truzzer.com\/no\/produkt\/paypal-pay-qr-code-table-tent\/","title":{"rendered":"PayPal Pay QR Kode Bordtelt"},"content":{"rendered":"<p><strong>Vi introduserer ditt tilpassede PayPal QR kodebordtelt med personlig logo<\/strong><\/p>\n<p>Forenkle betalinger for kundene dine som aldri f\u00f8r! Med v\u00e5rt skreddersydde bordtelt PayPal QR Code kan kundene dine enkelt betale med QR-kode \u2013 en kontantl\u00f8s, kortl\u00f8s l\u00f8sning.<\/p>\n<p><strong>Produktfunksjoner:<\/strong><\/p>\n<ul>\n<li><strong>Personlig logointegrering:<\/strong> Ha din unike logo p\u00e5 bordteltet for \u00e5 presentere et profesjonelt og sammenhengende bilde gjennom hele virksomheten din.<\/li>\n<li><strong>S\u00f8ml\u00f8s betaling:<\/strong> Kunder kan raskt skanne PayPal QR-koden med smarttelefonene sine og umiddelbart betale \u00f8nsket bel\u00f8p. Det er trygt, raskt og enkelt.<\/li>\n<li><strong>Materiale av overlegen kvalitet:<\/strong> Bordteltet, laget av robust papp av h\u00f8y kvalitet, t\u00e5ler lett daglig bruk. Den er perfekt for restauranter, kafeer, butikker eller messer.<\/li>\n<li><strong>Samtidig design:<\/strong> Den slanke, moderne designen smelter enkelt inn i enhver setting og vil garantert tiltrekke seg oppmerksomhet p\u00e5 ethvert bord.<\/li>\n<li><strong>Bredt bruk:<\/strong> Ideell for gjestfrihetsbransjen, detaljhandelen eller arrangementer, uansett hvor et raskt og enkelt betalingsalternativ er n\u00f8dvendig.<\/li>\n<\/ul>\n<p><strong>Fordeler:<\/strong><\/p>\n<ul>\n<li>Minimer ventetiden og ulempen med \u00e5 h\u00e5ndtere kontanter.<\/li>\n<li>Skriv et moderne og innovativt preg p\u00e5 virksomheten din.<\/li>\n<li>F\u00f8r tillit ved \u00e5 integrere merkevarelogoen din i betalingsprosessen.<\/li>\n<\/ul>\n<p>Invester i ditt personlige PayPal QR Code-bordtelt i dag og utstyr kundene dine med fremtidens problemfrie og n\u00e5v\u00e6rende betalingsm\u00e5te!<\/p>\n","protected":false},"excerpt":{"rendered":"<p><strong>Vi introduserer ditt tilpassede PayPal QR kodebordtelt med personlig logo<\/strong><\/p>\n<p>Forenkle betalinger for kundene dine som aldri f\u00f8r! Med v\u00e5rt skreddersydde bordtelt PayPal QR Code kan kundene dine enkelt betale med QR-kode \u2013 en kontantl\u00f8s, kortl\u00f8s l\u00f8sning.<\/p>\n<p><strong>Produktfunksjoner:<\/strong><\/p>\n<ul>\n<li><strong>Personlig logointegrering:<\/strong> Ha din unike logo p\u00e5 bordteltet for \u00e5 presentere et profesjonelt og sammenhengende bilde gjennom hele virksomheten din.<\/li>\n<li><strong>S\u00f8ml\u00f8s betaling:<\/strong> Kunder kan raskt skanne PayPal QR-koden med smarttelefonene sine og umiddelbart betale \u00f8nsket bel\u00f8p. Det er trygt, raskt og enkelt.<\/li>\n<li><strong>Materiale av overlegen kvalitet:<\/strong> Bordteltet, laget av robust papp av h\u00f8y kvalitet, t\u00e5ler lett daglig bruk. Den er perfekt for restauranter, kafeer, butikker eller messer.<\/li>\n<li><strong>Samtidig design:<\/strong> Den slanke, moderne designen smelter enkelt inn i enhver setting og vil garantert tiltrekke seg oppmerksomhet p\u00e5 ethvert bord.<\/li>\n<li><strong>Bredt bruk:<\/strong> Ideell for gjestfrihetsbransjen, detaljhandelen eller arrangementer, uansett hvor et raskt og enkelt betalingsalternativ er n\u00f8dvendig.<\/li>\n<\/ul>\n<p><strong>Fordeler:<\/strong><\/p>\n<ul>\n<li>Minimer ventetiden og ulempen med \u00e5 h\u00e5ndtere kontanter.<\/li>\n<li>Skriv et moderne og innovativt preg p\u00e5 virksomheten din.<\/li>\n<li>F\u00f8r tillit ved \u00e5 integrere merkevarelogoen din i betalingsprosessen.<\/li>\n<\/ul>\n<p>Invester i ditt personlige PayPal QR Code-bordtelt i dag og utstyr kundene dine med fremtidens problemfrie og n\u00e5v\u00e6rende betalingsm\u00e5te!<\/p>\n","protected":false},"featured_media":98901,"comment_status":"open","ping_status":"closed","template":"","meta":{"_acf_changed":false,"_yoast_wpseo_focuskw":"PayPal QR-kode Bordtelt","_yoast_wpseo_title":"PayPal Pay QR Code Bordtelt | truzzer","_yoast_wpseo_metadesc":"Motta PayPal betalinger enkelt med v\u00e5rt QR-kode bordtelt fra truzzer. Bestill n\u00e5 \u2013 klar til bruk!"},"product_brand":[1674],"product_cat":[1451,985,505],"product_tag":[],"class_list":{"0":"post-98895","1":"product","2":"type-product","3":"status-publish","4":"has-post-thumbnail","6":"product_brand-paypal","7":"product_cat-paypal-betaling-bordstativer-med-qr-kode","8":"product_cat-qr-kode-displays-stativer","9":"product_cat-qr-kode-produkter","10":"pa_material-kartong","11":"pa_product-type-utstillinger-og-stativer","12":"pa_technology-qr-code","13":"pa_technology-qr-kode","15":"first","16":"instock","17":"taxable","18":"shipping-taxable","19":"purchasable","20":"product-type-simple"},"acf":[],"yoast_head":"<!-- This site is optimized with the Yoast SEO plugin v27.0 - https:\/\/yoast.com\/product\/yoast-seo-wordpress\/ -->\n<title>PayPal Pay QR Code Bordtelt | truzzer<\/title>\n<meta name=\"description\" content=\"Motta PayPal betalinger enkelt med v\u00e5rt QR-kode bordtelt fra truzzer. Bestill n\u00e5 \u2013 klar til bruk!\" \/>\n<meta name=\"robots\" content=\"index, follow, max-snippet:-1, max-image-preview:large, max-video-preview:-1\" \/>\n<link rel=\"canonical\" href=\"https:\/\/www.truzzer.com\/no\/produkt\/paypal-pay-qr-code-table-tent\/\" \/>\n<meta property=\"og:locale\" content=\"nb_NO\" \/>\n<meta property=\"og:type\" content=\"article\" \/>\n<meta property=\"og:title\" content=\"PayPal Pay QR Code Bordtelt | truzzer\" \/>\n<meta property=\"og:description\" content=\"Motta PayPal betalinger enkelt med v\u00e5rt QR-kode bordtelt fra truzzer. Bestill n\u00e5 \u2013 klar til bruk!\" \/>\n<meta property=\"og:url\" content=\"https:\/\/www.truzzer.com\/no\/produkt\/paypal-pay-qr-code-table-tent\/\" \/>\n<meta property=\"og:site_name\" content=\"truzzer\" \/>\n<meta property=\"article:modified_time\" content=\"2026-02-13T08:36:57+00:00\" \/>\n<meta property=\"og:image\" content=\"https:\/\/www.truzzer.com\/wp-content\/uploads\/2026\/02\/paypal-pay-bezahlen-qr-code-table-tent-old-design-empfehlio-truzzer-a-iso-2.jpg\" \/>\n\t<meta property=\"og:image:width\" content=\"1400\" \/>\n\t<meta property=\"og:image:height\" content=\"1400\" \/>\n\t<meta property=\"og:image:type\" content=\"image\/jpeg\" \/>\n<meta name=\"twitter:card\" content=\"summary_large_image\" \/>\n<meta name=\"twitter:label1\" content=\"Ansl. lesetid\" \/>\n\t<meta name=\"twitter:data1\" content=\"1 minutt\" \/>\n<script type=\"application\/ld+json\" class=\"yoast-schema-graph\">{\"@context\":\"https:\/\/schema.org\",\"@graph\":[{\"@type\":\"WebPage\",\"@id\":\"https:\/\/www.truzzer.com\/no\/produkt\/paypal-pay-qr-code-table-tent\/\",\"url\":\"https:\/\/www.truzzer.com\/no\/produkt\/paypal-pay-qr-code-table-tent\/\",\"name\":\"PayPal Pay QR Code Bordtelt | truzzer\",\"isPartOf\":{\"@id\":\"https:\/\/www.truzzer.com\/no\/#website\"},\"primaryImageOfPage\":{\"@id\":\"https:\/\/www.truzzer.com\/no\/produkt\/paypal-pay-qr-code-table-tent\/#primaryimage\"},\"image\":{\"@id\":\"https:\/\/www.truzzer.com\/no\/produkt\/paypal-pay-qr-code-table-tent\/#primaryimage\"},\"thumbnailUrl\":\"https:\/\/www.truzzer.com\/wp-content\/uploads\/2026\/02\/paypal-pay-bezahlen-qr-code-table-tent-old-design-empfehlio-truzzer-a-iso-2.jpg\",\"datePublished\":\"2026-02-01T19:49:30+00:00\",\"dateModified\":\"2026-02-13T08:36:57+00:00\",\"description\":\"Motta PayPal betalinger enkelt med v\u00e5rt QR-kode bordtelt fra truzzer. Bestill n\u00e5 \u2013 klar til bruk!\",\"breadcrumb\":{\"@id\":\"https:\/\/www.truzzer.com\/no\/produkt\/paypal-pay-qr-code-table-tent\/#breadcrumb\"},\"inLanguage\":\"nb-NO\",\"potentialAction\":[{\"@type\":\"ReadAction\",\"target\":[\"https:\/\/www.truzzer.com\/no\/produkt\/paypal-pay-qr-code-table-tent\/\"]}]},{\"@type\":\"ImageObject\",\"inLanguage\":\"nb-NO\",\"@id\":\"https:\/\/www.truzzer.com\/no\/produkt\/paypal-pay-qr-code-table-tent\/#primaryimage\",\"url\":\"https:\/\/www.truzzer.com\/wp-content\/uploads\/2026\/02\/paypal-pay-bezahlen-qr-code-table-tent-old-design-empfehlio-truzzer-a-iso-2.jpg\",\"contentUrl\":\"https:\/\/www.truzzer.com\/wp-content\/uploads\/2026\/02\/paypal-pay-bezahlen-qr-code-table-tent-old-design-empfehlio-truzzer-a-iso-2.jpg\",\"width\":1400,\"height\":1400},{\"@type\":\"BreadcrumbList\",\"@id\":\"https:\/\/www.truzzer.com\/no\/produkt\/paypal-pay-qr-code-table-tent\/#breadcrumb\",\"itemListElement\":[{\"@type\":\"ListItem\",\"position\":1,\"name\":\"Home\",\"item\":\"https:\/\/www.truzzer.com\/no\/\"},{\"@type\":\"ListItem\",\"position\":2,\"name\":\"Butikk\",\"item\":\"https:\/\/www.truzzer.com\/no\/butikk\/\"},{\"@type\":\"ListItem\",\"position\":3,\"name\":\"PayPal Pay QR Kode Bordtelt\"}]},{\"@type\":\"WebSite\",\"@id\":\"https:\/\/www.truzzer.com\/no\/#website\",\"url\":\"https:\/\/www.truzzer.com\/no\/\",\"name\":\"truzzer\",\"description\":\"Experts for customer trust\",\"publisher\":{\"@id\":\"https:\/\/www.truzzer.com\/no\/#organization\"},\"potentialAction\":[{\"@type\":\"SearchAction\",\"target\":{\"@type\":\"EntryPoint\",\"urlTemplate\":\"https:\/\/www.truzzer.com\/no\/?s={search_term_string}\"},\"query-input\":{\"@type\":\"PropertyValueSpecification\",\"valueRequired\":true,\"valueName\":\"search_term_string\"}}],\"inLanguage\":\"nb-NO\"},{\"@type\":\"Organization\",\"@id\":\"https:\/\/www.truzzer.com\/no\/#organization\",\"name\":\"truzzer\",\"url\":\"https:\/\/www.truzzer.com\/no\/\",\"logo\":{\"@type\":\"ImageObject\",\"inLanguage\":\"nb-NO\",\"@id\":\"https:\/\/www.truzzer.com\/no\/#\/schema\/logo\/image\/\",\"url\":\"https:\/\/truzzer.com\/wp-content\/uploads\/2026\/01\/truzzer-logo-black-1.svg\",\"contentUrl\":\"https:\/\/truzzer.com\/wp-content\/uploads\/2026\/01\/truzzer-logo-black-1.svg\",\"width\":938,\"height\":199,\"caption\":\"truzzer\"},\"image\":{\"@id\":\"https:\/\/www.truzzer.com\/no\/#\/schema\/logo\/image\/\"}}]}<\/script>\n<!-- \/ Yoast SEO plugin. -->","yoast_head_json":{"title":"PayPal Pay QR Code Bordtelt | truzzer","description":"Motta PayPal betalinger enkelt med v\u00e5rt QR-kode bordtelt fra truzzer. Bestill n\u00e5 \u2013 klar til bruk!","robots":{"index":"index","follow":"follow","max-snippet":"max-snippet:-1","max-image-preview":"max-image-preview:large","max-video-preview":"max-video-preview:-1"},"canonical":"https:\/\/www.truzzer.com\/no\/produkt\/paypal-pay-qr-code-table-tent\/","og_locale":"nb_NO","og_type":"article","og_title":"PayPal Pay QR Code Bordtelt | truzzer","og_description":"Motta PayPal betalinger enkelt med v\u00e5rt QR-kode bordtelt fra truzzer. Bestill n\u00e5 \u2013 klar til bruk!","og_url":"https:\/\/www.truzzer.com\/no\/produkt\/paypal-pay-qr-code-table-tent\/","og_site_name":"truzzer","article_modified_time":"2026-02-13T08:36:57+00:00","og_image":[{"width":1400,"height":1400,"url":"https:\/\/www.truzzer.com\/wp-content\/uploads\/2026\/02\/paypal-pay-bezahlen-qr-code-table-tent-old-design-empfehlio-truzzer-a-iso-2.jpg","type":"image\/jpeg"}],"twitter_card":"summary_large_image","twitter_misc":{"Ansl. lesetid":"1 minutt"},"schema":{"@context":"https:\/\/schema.org","@graph":[{"@type":"WebPage","@id":"https:\/\/www.truzzer.com\/no\/produkt\/paypal-pay-qr-code-table-tent\/","url":"https:\/\/www.truzzer.com\/no\/produkt\/paypal-pay-qr-code-table-tent\/","name":"PayPal Pay QR Code Bordtelt | truzzer","isPartOf":{"@id":"https:\/\/www.truzzer.com\/no\/#website"},"primaryImageOfPage":{"@id":"https:\/\/www.truzzer.com\/no\/produkt\/paypal-pay-qr-code-table-tent\/#primaryimage"},"image":{"@id":"https:\/\/www.truzzer.com\/no\/produkt\/paypal-pay-qr-code-table-tent\/#primaryimage"},"thumbnailUrl":"https:\/\/www.truzzer.com\/wp-content\/uploads\/2026\/02\/paypal-pay-bezahlen-qr-code-table-tent-old-design-empfehlio-truzzer-a-iso-2.jpg","datePublished":"2026-02-01T19:49:30+00:00","dateModified":"2026-02-13T08:36:57+00:00","description":"Motta PayPal betalinger enkelt med v\u00e5rt QR-kode bordtelt fra truzzer. Bestill n\u00e5 \u2013 klar til bruk!","breadcrumb":{"@id":"https:\/\/www.truzzer.com\/no\/produkt\/paypal-pay-qr-code-table-tent\/#breadcrumb"},"inLanguage":"nb-NO","potentialAction":[{"@type":"ReadAction","target":["https:\/\/www.truzzer.com\/no\/produkt\/paypal-pay-qr-code-table-tent\/"]}]},{"@type":"ImageObject","inLanguage":"nb-NO","@id":"https:\/\/www.truzzer.com\/no\/produkt\/paypal-pay-qr-code-table-tent\/#primaryimage","url":"https:\/\/www.truzzer.com\/wp-content\/uploads\/2026\/02\/paypal-pay-bezahlen-qr-code-table-tent-old-design-empfehlio-truzzer-a-iso-2.jpg","contentUrl":"https:\/\/www.truzzer.com\/wp-content\/uploads\/2026\/02\/paypal-pay-bezahlen-qr-code-table-tent-old-design-empfehlio-truzzer-a-iso-2.jpg","width":1400,"height":1400},{"@type":"BreadcrumbList","@id":"https:\/\/www.truzzer.com\/no\/produkt\/paypal-pay-qr-code-table-tent\/#breadcrumb","itemListElement":[{"@type":"ListItem","position":1,"name":"Home","item":"https:\/\/www.truzzer.com\/no\/"},{"@type":"ListItem","position":2,"name":"Butikk","item":"https:\/\/www.truzzer.com\/no\/butikk\/"},{"@type":"ListItem","position":3,"name":"PayPal Pay QR Kode Bordtelt"}]},{"@type":"WebSite","@id":"https:\/\/www.truzzer.com\/no\/#website","url":"https:\/\/www.truzzer.com\/no\/","name":"truzzer","description":"Experts for customer trust","publisher":{"@id":"https:\/\/www.truzzer.com\/no\/#organization"},"potentialAction":[{"@type":"SearchAction","target":{"@type":"EntryPoint","urlTemplate":"https:\/\/www.truzzer.com\/no\/?s={search_term_string}"},"query-input":{"@type":"PropertyValueSpecification","valueRequired":true,"valueName":"search_term_string"}}],"inLanguage":"nb-NO"},{"@type":"Organization","@id":"https:\/\/www.truzzer.com\/no\/#organization","name":"truzzer","url":"https:\/\/www.truzzer.com\/no\/","logo":{"@type":"ImageObject","inLanguage":"nb-NO","@id":"https:\/\/www.truzzer.com\/no\/#\/schema\/logo\/image\/","url":"https:\/\/truzzer.com\/wp-content\/uploads\/2026\/01\/truzzer-logo-black-1.svg","contentUrl":"https:\/\/truzzer.com\/wp-content\/uploads\/2026\/01\/truzzer-logo-black-1.svg","width":938,"height":199,"caption":"truzzer"},"image":{"@id":"https:\/\/www.truzzer.com\/no\/#\/schema\/logo\/image\/"}}]}},"tiered_pricing_type":"fixed","tiered_pricing_fixed_rules":[],"tiered_pricing_product_settings":{"layout":"default","base_unit_name":{"singular":null,"plural":null},"default_variation":null},"tiered_pricing_minimum_quantity":null,"tiered_pricing_roles_data":[],"tiered_pricing_percentage_rules":[],"tiered_pricing_maximum_quantity":null,"tiered_pricing_quantity_step":null,"_links":{"self":[{"href":"https:\/\/www.truzzer.com\/no\/wp-json\/wp\/v2\/product\/98895","targetHints":{"allow":["GET"]}}],"collection":[{"href":"https:\/\/www.truzzer.com\/no\/wp-json\/wp\/v2\/product"}],"about":[{"href":"https:\/\/www.truzzer.com\/no\/wp-json\/wp\/v2\/types\/product"}],"replies":[{"embeddable":true,"href":"https:\/\/www.truzzer.com\/no\/wp-json\/wp\/v2\/comments?post=98895"}],"wp:featuredmedia":[{"embeddable":true,"href":"https:\/\/www.truzzer.com\/no\/wp-json\/wp\/v2\/media\/98901"}],"wp:attachment":[{"href":"https:\/\/www.truzzer.com\/no\/wp-json\/wp\/v2\/media?parent=98895"}],"wp:term":[{"taxonomy":"product_brand","embeddable":true,"href":"https:\/\/www.truzzer.com\/no\/wp-json\/wp\/v2\/product_brand?post=98895"},{"taxonomy":"product_cat","embeddable":true,"href":"https:\/\/www.truzzer.com\/no\/wp-json\/wp\/v2\/product_cat?post=98895"},{"taxonomy":"product_tag","embeddable":true,"href":"https:\/\/www.truzzer.com\/no\/wp-json\/wp\/v2\/product_tag?post=98895"}],"curies":[{"name":"wp","href":"https:\/\/api.w.org\/{rel}","templated":true}]}}