{"id":98906,"date":"2026-02-01T19:48:52","date_gmt":"2026-02-01T19:48:52","guid":{"rendered":"https:\/\/beta.truzzer.com\/product\/paypal-pay-qr-code-table-tent-brand-refresh\/"},"modified":"2026-02-13T08:39:18","modified_gmt":"2026-02-13T08:39:18","slug":"paypal-pay-qr-code-table-tent-brand-refresh","status":"publish","type":"product","link":"https:\/\/www.truzzer.com\/no\/produkt\/paypal-pay-qr-code-table-tent-brand-refresh\/","title":{"rendered":"PayPal Pay QR Kode Bordtelt Merke Refresh"},"content":{"rendered":"<p><strong>Vi introduserer ditt personlige PayPal QR kodebordtelt med tilpasset logo<br \/>\n<\/strong><\/p>\n<p data-pm-slice=\"1 1 []\">Gj\u00f8r betalingsprosessen til en lek for kundene dine med v\u00e5rt tilpassbare bordtelt PayPal QR Code. Designet for \u00e5 tilby et praktisk kontantfritt og kortfritt betalingsalternativ, forbedrer den kundeopplevelsen p\u00e5 ditt etablissement.<\/p>\n<p><strong>Produktfunksjoner:<\/strong><\/p>\n<ul>\n<li><strong>Personlig tilpasset logo:<\/strong> Bordteltet kan ha din egen logo, noe som sikrer et profesjonelt og konsistent utseende gjennom hele virksomheten.<\/li>\n<li><strong>Enkel betaling<\/strong>: Kunder kan ganske enkelt skanne PayPal QR-koden med smarttelefonen for \u00e5 umiddelbart overf\u00f8re \u00f8nsket betaling, noe som tilbyr en trygg, rask og ukomplisert m\u00e5te \u00e5 betale p\u00e5.<\/li>\n<li><strong>H\u00f8ykvalitetspapp<\/strong>: Bordteltet er laget av solid og h\u00f8ykvalitets papp, og er bygget for \u00e5 t\u00e5le daglig slitasje, noe som gj\u00f8r det til det perfekte tilbeh\u00f8ret for restauranter, kafeer, butikker eller messer.<\/li>\n<li><strong>Moderne design<\/strong>: Den minimalistiske, men moderne designen vil s\u00f8ml\u00f8st gli inn i enhver setting og bli et tiltalende midtpunkt p\u00e5 ethvert bord.<\/li>\n<li><strong>Allsidig bruk<\/strong>: Det er en ideell l\u00f8sning for gjestfrihetsbransjen, detaljhandelen eller arrangementer der et praktisk og raskt betalingsalternativ er \u00f8nsket.<\/li>\n<\/ul>\n<p><strong>Fordeler:<\/strong><\/p>\n<ul>\n<li>Si farvel til lange ventetider og bryet med \u00e5 h\u00e5ndtere kontanter.<\/li>\n<li>Gi bedriften din et moderne og innovativt forsprang.<\/li>\n<li>Bygg tillit hos kundene ved \u00e5 inkludere merkevarens logo i betalingsprosessen.<\/li>\n<\/ul>\n<p>Invester i et personlig tilpasset PayPal QR Code bordtelt i dag og utstyr kundene dine med fremtidens enkle, moderne betalingsl\u00f8sning!<\/p>\n","protected":false},"excerpt":{"rendered":"<p>Gj\u00f8r betalingsprosessen til en lek for kundene dine med v\u00e5rt tilpassbare bordtelt PayPal QR Code. Designet for \u00e5 tilby et praktisk kontantfritt og kortfritt betalingsalternativ, forbedrer den kundeopplevelsen p\u00e5 ditt etablissement.<\/p>\n<p><strong>Produktfunksjoner:<\/strong><\/p>\n<ul>\n<li><strong>Personlig tilpasset logo:<\/strong> Bordteltet kan ha din egen logo, noe som sikrer et profesjonelt og konsistent utseende gjennom hele virksomheten.<\/li>\n<li><strong>Enkel betaling<\/strong>: Kunder kan ganske enkelt skanne PayPal QR-koden med smarttelefonen for \u00e5 umiddelbart overf\u00f8re \u00f8nsket betaling, noe som tilbyr en trygg, rask og ukomplisert m\u00e5te \u00e5 betale p\u00e5.<\/li>\n<li><strong>H\u00f8ykvalitetspapp<\/strong>: Bordteltet er laget av solid og h\u00f8ykvalitets papp, og er bygget for \u00e5 t\u00e5le daglig slitasje, noe som gj\u00f8r det til det perfekte tilbeh\u00f8ret for restauranter, kafeer, butikker eller messer.<\/li>\n<li><strong>Moderne design<\/strong>: Den minimalistiske, men moderne designen vil s\u00f8ml\u00f8st gli inn i enhver setting og bli et tiltalende midtpunkt p\u00e5 ethvert bord.<\/li>\n<li><strong>Allsidig bruk<\/strong>: Det er en ideell l\u00f8sning for gjestfrihetsbransjen, detaljhandelen eller arrangementer der et praktisk og raskt betalingsalternativ er \u00f8nsket.<\/li>\n<\/ul>\n<p><strong>Fordeler:<\/strong><\/p>\n<ul>\n<li>Si farvel til lange ventetider og bryet med \u00e5 h\u00e5ndtere kontanter.<\/li>\n<li>Gi bedriften din et moderne og innovativt forsprang.<\/li>\n<li>Bygg tillit hos kundene ved \u00e5 inkludere merkevarens logo i betalingsprosessen.<\/li>\n<\/ul>\n<p>Invester i et personlig tilpasset PayPal QR Code bordtelt i dag og utstyr kundene dine med fremtidens enkle, moderne betalingsl\u00f8sning!<\/p>\n","protected":false},"featured_media":98912,"comment_status":"open","ping_status":"closed","template":"","meta":{"_acf_changed":false,"_yoast_wpseo_focuskw":"","_yoast_wpseo_title":"","_yoast_wpseo_metadesc":""},"product_brand":[1674],"product_cat":[1451,985,505],"product_tag":[],"class_list":{"0":"post-98906","1":"product","2":"type-product","3":"status-publish","4":"has-post-thumbnail","6":"product_brand-paypal","7":"product_cat-paypal-betaling-bordstativer-med-qr-kode","8":"product_cat-qr-kode-displays-stativer","9":"product_cat-qr-kode-produkter","10":"pa_material-kartong","11":"pa_product-type-utstillinger-og-stativer","12":"pa_technology-qr-code","13":"pa_technology-qr-kode","15":"first","16":"instock","17":"taxable","18":"shipping-taxable","19":"purchasable","20":"product-type-simple"},"acf":[],"yoast_head":"<!-- This site is optimized with the Yoast SEO plugin v27.0 - https:\/\/yoast.com\/product\/yoast-seo-wordpress\/ -->\n<title>PayPal Pay QR Kode Bordtelt Merke Refresh | truzzer<\/title>\n<meta name=\"robots\" content=\"index, follow, max-snippet:-1, max-image-preview:large, max-video-preview:-1\" \/>\n<link rel=\"canonical\" href=\"https:\/\/www.truzzer.com\/no\/produkt\/paypal-pay-qr-code-table-tent-brand-refresh\/\" \/>\n<meta property=\"og:locale\" content=\"nb_NO\" \/>\n<meta property=\"og:type\" content=\"article\" \/>\n<meta property=\"og:title\" content=\"PayPal Pay QR Kode Bordtelt Merke Refresh | truzzer\" \/>\n<meta property=\"og:description\" content=\"Gj\u00f8r betalingsprosessen til en lek for kundene dine med v\u00e5rt tilpassbare bordtelt PayPal QR Code. Designet for \u00e5 tilby et praktisk kontantfritt og kortfritt betalingsalternativ, forbedrer den kundeopplevelsen p\u00e5 ditt etablissement. Produktfunksjoner: Personlig tilpasset logo: Bordteltet kan ha din egen logo, noe som sikrer et profesjonelt og konsistent utseende gjennom hele virksomheten. Enkel betaling: Kunder kan ganske enkelt skanne PayPal QR-koden med smarttelefonen for \u00e5 umiddelbart overf\u00f8re \u00f8nsket betaling, noe som tilbyr en trygg, rask og ukomplisert m\u00e5te \u00e5 betale p\u00e5. H\u00f8ykvalitetspapp: Bordteltet er laget av solid og h\u00f8ykvalitets papp, og er bygget for \u00e5 t\u00e5le daglig slitasje, noe som gj\u00f8r det til det perfekte tilbeh\u00f8ret for restauranter, kafeer, butikker eller messer. Moderne design: Den minimalistiske, men moderne designen vil s\u00f8ml\u00f8st gli inn i enhver setting og bli et tiltalende midtpunkt p\u00e5 ethvert bord. Allsidig bruk: Det er en ideell l\u00f8sning for gjestfrihetsbransjen, detaljhandelen eller arrangementer der et praktisk og raskt betalingsalternativ er \u00f8nsket. Fordeler: Si farvel til lange ventetider og bryet med \u00e5 h\u00e5ndtere kontanter. Gi bedriften din et moderne og innovativt forsprang. Bygg tillit hos kundene ved \u00e5 inkludere merkevarens logo i betalingsprosessen. Invester i et personlig tilpasset PayPal QR Code bordtelt i dag og utstyr kundene dine med fremtidens enkle, moderne betalingsl\u00f8sning!\" \/>\n<meta property=\"og:url\" content=\"https:\/\/www.truzzer.com\/no\/produkt\/paypal-pay-qr-code-table-tent-brand-refresh\/\" \/>\n<meta property=\"og:site_name\" content=\"truzzer\" \/>\n<meta property=\"article:modified_time\" content=\"2026-02-13T08:39:18+00:00\" \/>\n<meta property=\"og:image\" content=\"https:\/\/www.truzzer.com\/wp-content\/uploads\/2026\/02\/paypal-pay-bezahlen-qr-code-table-tent-new-design-empfehlio-truzzer-a-iso-2.jpg\" \/>\n\t<meta property=\"og:image:width\" content=\"1400\" \/>\n\t<meta property=\"og:image:height\" content=\"1400\" \/>\n\t<meta property=\"og:image:type\" content=\"image\/jpeg\" \/>\n<meta name=\"twitter:card\" content=\"summary_large_image\" \/>\n<meta name=\"twitter:label1\" content=\"Ansl. lesetid\" \/>\n\t<meta name=\"twitter:data1\" content=\"1 minutt\" \/>\n<script type=\"application\/ld+json\" class=\"yoast-schema-graph\">{\"@context\":\"https:\/\/schema.org\",\"@graph\":[{\"@type\":\"WebPage\",\"@id\":\"https:\/\/www.truzzer.com\/no\/produkt\/paypal-pay-qr-code-table-tent-brand-refresh\/\",\"url\":\"https:\/\/www.truzzer.com\/no\/produkt\/paypal-pay-qr-code-table-tent-brand-refresh\/\",\"name\":\"PayPal Pay QR Kode Bordtelt Merke Refresh | truzzer\",\"isPartOf\":{\"@id\":\"https:\/\/www.truzzer.com\/no\/#website\"},\"primaryImageOfPage\":{\"@id\":\"https:\/\/www.truzzer.com\/no\/produkt\/paypal-pay-qr-code-table-tent-brand-refresh\/#primaryimage\"},\"image\":{\"@id\":\"https:\/\/www.truzzer.com\/no\/produkt\/paypal-pay-qr-code-table-tent-brand-refresh\/#primaryimage\"},\"thumbnailUrl\":\"https:\/\/www.truzzer.com\/wp-content\/uploads\/2026\/02\/paypal-pay-bezahlen-qr-code-table-tent-new-design-empfehlio-truzzer-a-iso-2.jpg\",\"datePublished\":\"2026-02-01T19:48:52+00:00\",\"dateModified\":\"2026-02-13T08:39:18+00:00\",\"breadcrumb\":{\"@id\":\"https:\/\/www.truzzer.com\/no\/produkt\/paypal-pay-qr-code-table-tent-brand-refresh\/#breadcrumb\"},\"inLanguage\":\"nb-NO\",\"potentialAction\":[{\"@type\":\"ReadAction\",\"target\":[\"https:\/\/www.truzzer.com\/no\/produkt\/paypal-pay-qr-code-table-tent-brand-refresh\/\"]}]},{\"@type\":\"ImageObject\",\"inLanguage\":\"nb-NO\",\"@id\":\"https:\/\/www.truzzer.com\/no\/produkt\/paypal-pay-qr-code-table-tent-brand-refresh\/#primaryimage\",\"url\":\"https:\/\/www.truzzer.com\/wp-content\/uploads\/2026\/02\/paypal-pay-bezahlen-qr-code-table-tent-new-design-empfehlio-truzzer-a-iso-2.jpg\",\"contentUrl\":\"https:\/\/www.truzzer.com\/wp-content\/uploads\/2026\/02\/paypal-pay-bezahlen-qr-code-table-tent-new-design-empfehlio-truzzer-a-iso-2.jpg\",\"width\":1400,\"height\":1400},{\"@type\":\"BreadcrumbList\",\"@id\":\"https:\/\/www.truzzer.com\/no\/produkt\/paypal-pay-qr-code-table-tent-brand-refresh\/#breadcrumb\",\"itemListElement\":[{\"@type\":\"ListItem\",\"position\":1,\"name\":\"Home\",\"item\":\"https:\/\/www.truzzer.com\/no\/\"},{\"@type\":\"ListItem\",\"position\":2,\"name\":\"Butikk\",\"item\":\"https:\/\/www.truzzer.com\/no\/butikk\/\"},{\"@type\":\"ListItem\",\"position\":3,\"name\":\"PayPal Pay QR Kode Bordtelt Merke Refresh\"}]},{\"@type\":\"WebSite\",\"@id\":\"https:\/\/www.truzzer.com\/no\/#website\",\"url\":\"https:\/\/www.truzzer.com\/no\/\",\"name\":\"truzzer\",\"description\":\"Experts for customer trust\",\"publisher\":{\"@id\":\"https:\/\/www.truzzer.com\/no\/#organization\"},\"potentialAction\":[{\"@type\":\"SearchAction\",\"target\":{\"@type\":\"EntryPoint\",\"urlTemplate\":\"https:\/\/www.truzzer.com\/no\/?s={search_term_string}\"},\"query-input\":{\"@type\":\"PropertyValueSpecification\",\"valueRequired\":true,\"valueName\":\"search_term_string\"}}],\"inLanguage\":\"nb-NO\"},{\"@type\":\"Organization\",\"@id\":\"https:\/\/www.truzzer.com\/no\/#organization\",\"name\":\"truzzer\",\"url\":\"https:\/\/www.truzzer.com\/no\/\",\"logo\":{\"@type\":\"ImageObject\",\"inLanguage\":\"nb-NO\",\"@id\":\"https:\/\/www.truzzer.com\/no\/#\/schema\/logo\/image\/\",\"url\":\"https:\/\/truzzer.com\/wp-content\/uploads\/2026\/01\/truzzer-logo-black-1.svg\",\"contentUrl\":\"https:\/\/truzzer.com\/wp-content\/uploads\/2026\/01\/truzzer-logo-black-1.svg\",\"width\":938,\"height\":199,\"caption\":\"truzzer\"},\"image\":{\"@id\":\"https:\/\/www.truzzer.com\/no\/#\/schema\/logo\/image\/\"}}]}<\/script>\n<!-- \/ Yoast SEO plugin. -->","yoast_head_json":{"title":"PayPal Pay QR Kode Bordtelt Merke Refresh | truzzer","robots":{"index":"index","follow":"follow","max-snippet":"max-snippet:-1","max-image-preview":"max-image-preview:large","max-video-preview":"max-video-preview:-1"},"canonical":"https:\/\/www.truzzer.com\/no\/produkt\/paypal-pay-qr-code-table-tent-brand-refresh\/","og_locale":"nb_NO","og_type":"article","og_title":"PayPal Pay QR Kode Bordtelt Merke Refresh | truzzer","og_description":"Gj\u00f8r betalingsprosessen til en lek for kundene dine med v\u00e5rt tilpassbare bordtelt PayPal QR Code. Designet for \u00e5 tilby et praktisk kontantfritt og kortfritt betalingsalternativ, forbedrer den kundeopplevelsen p\u00e5 ditt etablissement. Produktfunksjoner: Personlig tilpasset logo: Bordteltet kan ha din egen logo, noe som sikrer et profesjonelt og konsistent utseende gjennom hele virksomheten. Enkel betaling: Kunder kan ganske enkelt skanne PayPal QR-koden med smarttelefonen for \u00e5 umiddelbart overf\u00f8re \u00f8nsket betaling, noe som tilbyr en trygg, rask og ukomplisert m\u00e5te \u00e5 betale p\u00e5. H\u00f8ykvalitetspapp: Bordteltet er laget av solid og h\u00f8ykvalitets papp, og er bygget for \u00e5 t\u00e5le daglig slitasje, noe som gj\u00f8r det til det perfekte tilbeh\u00f8ret for restauranter, kafeer, butikker eller messer. Moderne design: Den minimalistiske, men moderne designen vil s\u00f8ml\u00f8st gli inn i enhver setting og bli et tiltalende midtpunkt p\u00e5 ethvert bord. Allsidig bruk: Det er en ideell l\u00f8sning for gjestfrihetsbransjen, detaljhandelen eller arrangementer der et praktisk og raskt betalingsalternativ er \u00f8nsket. Fordeler: Si farvel til lange ventetider og bryet med \u00e5 h\u00e5ndtere kontanter. Gi bedriften din et moderne og innovativt forsprang. Bygg tillit hos kundene ved \u00e5 inkludere merkevarens logo i betalingsprosessen. Invester i et personlig tilpasset PayPal QR Code bordtelt i dag og utstyr kundene dine med fremtidens enkle, moderne betalingsl\u00f8sning!","og_url":"https:\/\/www.truzzer.com\/no\/produkt\/paypal-pay-qr-code-table-tent-brand-refresh\/","og_site_name":"truzzer","article_modified_time":"2026-02-13T08:39:18+00:00","og_image":[{"width":1400,"height":1400,"url":"https:\/\/www.truzzer.com\/wp-content\/uploads\/2026\/02\/paypal-pay-bezahlen-qr-code-table-tent-new-design-empfehlio-truzzer-a-iso-2.jpg","type":"image\/jpeg"}],"twitter_card":"summary_large_image","twitter_misc":{"Ansl. lesetid":"1 minutt"},"schema":{"@context":"https:\/\/schema.org","@graph":[{"@type":"WebPage","@id":"https:\/\/www.truzzer.com\/no\/produkt\/paypal-pay-qr-code-table-tent-brand-refresh\/","url":"https:\/\/www.truzzer.com\/no\/produkt\/paypal-pay-qr-code-table-tent-brand-refresh\/","name":"PayPal Pay QR Kode Bordtelt Merke Refresh | truzzer","isPartOf":{"@id":"https:\/\/www.truzzer.com\/no\/#website"},"primaryImageOfPage":{"@id":"https:\/\/www.truzzer.com\/no\/produkt\/paypal-pay-qr-code-table-tent-brand-refresh\/#primaryimage"},"image":{"@id":"https:\/\/www.truzzer.com\/no\/produkt\/paypal-pay-qr-code-table-tent-brand-refresh\/#primaryimage"},"thumbnailUrl":"https:\/\/www.truzzer.com\/wp-content\/uploads\/2026\/02\/paypal-pay-bezahlen-qr-code-table-tent-new-design-empfehlio-truzzer-a-iso-2.jpg","datePublished":"2026-02-01T19:48:52+00:00","dateModified":"2026-02-13T08:39:18+00:00","breadcrumb":{"@id":"https:\/\/www.truzzer.com\/no\/produkt\/paypal-pay-qr-code-table-tent-brand-refresh\/#breadcrumb"},"inLanguage":"nb-NO","potentialAction":[{"@type":"ReadAction","target":["https:\/\/www.truzzer.com\/no\/produkt\/paypal-pay-qr-code-table-tent-brand-refresh\/"]}]},{"@type":"ImageObject","inLanguage":"nb-NO","@id":"https:\/\/www.truzzer.com\/no\/produkt\/paypal-pay-qr-code-table-tent-brand-refresh\/#primaryimage","url":"https:\/\/www.truzzer.com\/wp-content\/uploads\/2026\/02\/paypal-pay-bezahlen-qr-code-table-tent-new-design-empfehlio-truzzer-a-iso-2.jpg","contentUrl":"https:\/\/www.truzzer.com\/wp-content\/uploads\/2026\/02\/paypal-pay-bezahlen-qr-code-table-tent-new-design-empfehlio-truzzer-a-iso-2.jpg","width":1400,"height":1400},{"@type":"BreadcrumbList","@id":"https:\/\/www.truzzer.com\/no\/produkt\/paypal-pay-qr-code-table-tent-brand-refresh\/#breadcrumb","itemListElement":[{"@type":"ListItem","position":1,"name":"Home","item":"https:\/\/www.truzzer.com\/no\/"},{"@type":"ListItem","position":2,"name":"Butikk","item":"https:\/\/www.truzzer.com\/no\/butikk\/"},{"@type":"ListItem","position":3,"name":"PayPal Pay QR Kode Bordtelt Merke Refresh"}]},{"@type":"WebSite","@id":"https:\/\/www.truzzer.com\/no\/#website","url":"https:\/\/www.truzzer.com\/no\/","name":"truzzer","description":"Experts for customer trust","publisher":{"@id":"https:\/\/www.truzzer.com\/no\/#organization"},"potentialAction":[{"@type":"SearchAction","target":{"@type":"EntryPoint","urlTemplate":"https:\/\/www.truzzer.com\/no\/?s={search_term_string}"},"query-input":{"@type":"PropertyValueSpecification","valueRequired":true,"valueName":"search_term_string"}}],"inLanguage":"nb-NO"},{"@type":"Organization","@id":"https:\/\/www.truzzer.com\/no\/#organization","name":"truzzer","url":"https:\/\/www.truzzer.com\/no\/","logo":{"@type":"ImageObject","inLanguage":"nb-NO","@id":"https:\/\/www.truzzer.com\/no\/#\/schema\/logo\/image\/","url":"https:\/\/truzzer.com\/wp-content\/uploads\/2026\/01\/truzzer-logo-black-1.svg","contentUrl":"https:\/\/truzzer.com\/wp-content\/uploads\/2026\/01\/truzzer-logo-black-1.svg","width":938,"height":199,"caption":"truzzer"},"image":{"@id":"https:\/\/www.truzzer.com\/no\/#\/schema\/logo\/image\/"}}]}},"tiered_pricing_type":"fixed","tiered_pricing_fixed_rules":[],"tiered_pricing_product_settings":{"layout":"default","base_unit_name":{"singular":null,"plural":null},"default_variation":null},"tiered_pricing_minimum_quantity":null,"tiered_pricing_roles_data":[],"tiered_pricing_percentage_rules":[],"tiered_pricing_maximum_quantity":null,"tiered_pricing_quantity_step":null,"_links":{"self":[{"href":"https:\/\/www.truzzer.com\/no\/wp-json\/wp\/v2\/product\/98906","targetHints":{"allow":["GET"]}}],"collection":[{"href":"https:\/\/www.truzzer.com\/no\/wp-json\/wp\/v2\/product"}],"about":[{"href":"https:\/\/www.truzzer.com\/no\/wp-json\/wp\/v2\/types\/product"}],"replies":[{"embeddable":true,"href":"https:\/\/www.truzzer.com\/no\/wp-json\/wp\/v2\/comments?post=98906"}],"wp:featuredmedia":[{"embeddable":true,"href":"https:\/\/www.truzzer.com\/no\/wp-json\/wp\/v2\/media\/98912"}],"wp:attachment":[{"href":"https:\/\/www.truzzer.com\/no\/wp-json\/wp\/v2\/media?parent=98906"}],"wp:term":[{"taxonomy":"product_brand","embeddable":true,"href":"https:\/\/www.truzzer.com\/no\/wp-json\/wp\/v2\/product_brand?post=98906"},{"taxonomy":"product_cat","embeddable":true,"href":"https:\/\/www.truzzer.com\/no\/wp-json\/wp\/v2\/product_cat?post=98906"},{"taxonomy":"product_tag","embeddable":true,"href":"https:\/\/www.truzzer.com\/no\/wp-json\/wp\/v2\/product_tag?post=98906"}],"curies":[{"name":"wp","href":"https:\/\/api.w.org\/{rel}","templated":true}]}}