{"id":98953,"date":"2026-02-01T20:03:02","date_gmt":"2026-02-01T20:03:02","guid":{"rendered":"https:\/\/beta.truzzer.com\/product\/review-us-on-google-nfc-stand-display\/"},"modified":"2026-02-13T09:51:35","modified_gmt":"2026-02-13T09:51:35","slug":"review-us-on-google-nfc-stand-display","status":"publish","type":"product","link":"https:\/\/www.truzzer.com\/no\/produkt\/review-us-on-google-nfc-stand-display\/","title":{"rendered":"Anmeld oss \u200b\u200bp\u00e5 Google NFC stativ \/ skjerm"},"content":{"rendered":"<p>Optimalisering av virksomhetens tilstedev\u00e6relse p\u00e5 nettet og forbedring av lokal s\u00f8kemotoroptimalisering (SEO) er avgj\u00f8rende skritt for \u00e5 tiltrekke flere kunder og \u00f8ke synligheten din. En innovativ m\u00e5te \u00e5 oppn\u00e5 dette p\u00e5 er \u00e5 utnytte NFC-teknologi for Google-anmeldelser. Denne tiln\u00e6rmingen forenkler ikke bare prosessen med \u00e5 f\u00e5 anmeldelser, men p\u00e5virker ogs\u00e5 din lokale SEO-innsats betydelig. La oss fordype oss i hvordan NFC Google-anmeldelser kan forvandle bedriftens fotavtrykk p\u00e5 nettet.<\/p>\n<h3>\u00a0NFC Technology: Elevating Google Reviews<\/h3>\n<p>Near Field Communication (NFC)-teknologi gir en s\u00f8ml\u00f8s bro mellom fysisk interaksjon og digitalt engasjement. Ved \u00e5 integrere NFC-stander eller -skjermer p\u00e5 bedriftsstedet ditt, kan kunder enkelt f\u00e5 tilgang til Google-anmeldelsersiden med et enkelt trykk p\u00e5 smarttelefonen. Denne kontaktl\u00f8se interaksjonen handler ikke bare om bekvemmelighet; det handler om \u00e5 skape en smidig vei for kunder \u00e5 dele sine erfaringer.<\/p>\n<h3>Kraften til Google-anmeldelser i lokal SEO<\/h3>\n<p>Google-anmeldelser spiller en sentral rolle i lokal SEO. De p\u00e5virker hvordan Google oppfatter virksomheten din, og p\u00e5virker s\u00f8kerangeringen din i lokale s\u00f8k. Et h\u00f8yere volum av positive anmeldelser forbedrer ikke bare din synlighet, men forbedrer ogs\u00e5 p\u00e5liteligheten blant potensielle kunder. Her er hvordan NFC Google-anmeldelser kommer din lokale SEO til nytte:<\/p>\n<ul>\n<li>\u00d8kt anmeldelsesvolum: Med NFC-stander blir det \u00e5 oppfordre kunder til \u00e5 legge igjen en anmeldelse diskret og integrert i opplevelsen deres der du er. Denne enkle tilgangen kan f\u00f8re til et h\u00f8yere volum av anmeldelser, en n\u00f8kkelfaktor Google bruker for \u00e5 rangere bedrifter i lokale s\u00f8k.<\/li>\n<li>Forbedret kundeengasjement: NFC-teknologi fremmer en direkte form for engasjement, og oppmuntrer kunder til \u00e5 samhandle med bedriften din p\u00e5 stedet. Denne umiddelbare tilbakemeldingssl\u00f8yfen kan f\u00f8re til mer detaljerte og autentiske anmeldelser, og berike innholdet som Google indekserer for SEO-form\u00e5l.<\/li>\n<li>Forbedrede tillitssignaler: Google verdsetter autentiske kundeinteraksjoner. En jevn str\u00f8m av ekte anmeldelser signaliserer til Google at bedriften din er b\u00e5de anerkjent og relevant, noe som \u00f8ker din lokale SEO-rangering.<\/li>\n<li>S\u00f8keordrikt innhold: Kunder inkluderer ofte relevante s\u00f8keord i anmeldelsene sine uten engang \u00e5 v\u00e6re klar over det. Enten det er \u00e5 nevne \u00abbyens beste kaffe\u00bb eller \u00abden mest avslappende spa-opplevelsen\u00bb, kan disse u\u00f8nskede s\u00f8keordene bidra til \u00e5 forbedre s\u00f8kets synlighet.<\/li>\n<\/ul>\n<h3>Implementering av NFC Google-anmeldelser for SEO-suksess<\/h3>\n<p>For \u00e5 utnytte det fulle potensialet til NFC for \u00e5 forbedre Google-anmeldelser og, i forlengelse, din lokale SEO, b\u00f8r du vurdere f\u00f8lgende trinn:<\/p>\n<ul>\n<li>Plasser NFC-skjermer strategisk: Enten det er ved kassen, p\u00e5 spisebord eller i n\u00e6rheten av utgangen, s\u00f8rg for at NFC-poengene dine er synlige og tilgjengelige for kundene akkurat n\u00e5r opplevelsen av tjenesten deres er ferskest i minnet.<\/li>\n<li>Utdan dine kunder: Informer kundene dine kort om NFC-taggene og oppfordre dem til \u00e5 legge igjen en anmeldelse ved \u00e5 forklare hvor raskt og enkelt det er.<\/li>\n<li>Overv\u00e5k og svar p\u00e5 anmeldelser: \u00c5 engasjere seg i anmeldelsene du mottar, viser ikke bare kundens verdsettelse, men signaliserer ogs\u00e5 til Google at du verdsetter tilbakemeldinger fra kunder, en viktig faktor i SEO.<\/li>\n<li>Utnytt positive anmeldelser i markedsf\u00f8ring: Vis frem de positive anmeldelsene dine p\u00e5 nettstedet ditt og i markedsf\u00f8ring p\u00e5 sosiale medier for \u00e5 bygge tillit og oppmuntre flere kunder til \u00e5 gi tilbakemeldinger.<\/li>\n<\/ul>\n<h3>Opsummering<\/h3>\n<p>\u00c5 innlemme NFC-teknologi for \u00e5 forenkle Google-anmeldelser er mer enn bare en taktikk for \u00e5 samle tilbakemeldinger fra kunder; det er et strategisk grep for \u00e5 \u00f8ke din lokale SEO, forbedre din online synlighet og tiltrekke flere kunder til virksomheten din. Ved \u00e5 gj\u00f8re det enklere for kunder \u00e5 legge igjen anmeldelser, forbedrer du ikke bare tjenesten din med direkte tilbakemeldinger, men bygger ogs\u00e5 en sterkere og mer synlig tilstedev\u00e6relse p\u00e5 nettet som kan f\u00f8re til betydelig vekst for virksomheten din. Omfavn NFC Google-anmeldelser som en hj\u00f8rnestein i din lokale SEO-strategi og se bedriften din stige til toppen av lokale s\u00f8keresultater.<\/p>\n","protected":false},"excerpt":{"rendered":"<h2>F\u00e5 Google-anmeldelser med NFC<\/h2>\n<p>&nbsp;<\/p>\n<h3>Forvandle kundeopplevelsen med v\u00e5re NFC-stativ for Google-anmeldelser<\/h3>\n<p><strong>Maksimer Google-anmeldelsene dine uten problemer<\/strong> med v\u00e5re banebrytende NFC-stativ og -skjermer. Disse kontaktl\u00f8se Google anmeldelsesforsterkerne er designet for s\u00f8ml\u00f8s interaksjon, og lar deg f\u00e5 nye anmeldelser direkte p\u00e5 stedet, uten problemer.<\/p>\n<h4>Hvorfor velge v\u00e5re NFC-stativ?<\/h4>\n<ul>\n<li><strong>Brukervennlig:<\/strong> Bare plasser NFC-stativet der du befinner deg. Kundene dine n\u00e6rmer seg smarttelefonen til standen, og en pop-up leder dem umiddelbart til ditt Google-anmeldelsesskjema. S\u00e5 enkelt er det!<\/li>\n<li><strong>Design som tiltrekker seg oppmerksomhet:<\/strong> Med sin slanke design fengsler ikke bare kundene dine med Google-vurderingstabellen &#8217; interesse, men oppfordrer dem ogs\u00e5 aktivt til \u00e5 rangere deg p\u00e5 Google.<\/li>\n<li><strong>Ingen app er n\u00f8dvendig:<\/strong> Enten det er gjennom NFC-teknologi eller den alternative QR-koden p\u00e5 skjermen, trenger ikke kundene dine noen separat app for \u00e5 legge igjen en anmeldelse. Tilgjengelighet er n\u00f8kkelen.<\/li>\n<li><strong>Overvinne hindringer:<\/strong> Vi eliminerer de st\u00f8rste hindringene for Google-vurdering:\n<ul>\n<li>Ingen vanskelige sp\u00f8rsm\u00e5l eller foresp\u00f8rsler; stativet sp\u00f8r etter deg.<\/li>\n<li>Kunder blir p\u00e5minnet p\u00e5 stedet, noe som \u00f8ker sannsynligheten for \u00e5 legge igjen en anmeldelse.<\/li>\n<li>Direktelink: NFC-link og Google Review QR-kode f\u00f8rer rett til anmeldelsesskjemaet ditt \u2013 vi konfigurerer det for deg.<\/li>\n<li>Taktilt engasjement: Den fysiske interaksjonen med stativet gj\u00f8r det \u00e5 legge igjen en anmeldelse til en h\u00e5ndgripelig handling.<\/li>\n<li>Enest\u00e5ende design: V\u00e5r moderne design sikrer at NFC-stativet ikke bare er et verkt\u00f8y, men en samtaledel.<\/li>\n<\/ul>\n<\/li>\n<\/ul>\n<h4>V\u00e5rt l\u00f8fte<\/h4>\n<h2>Vi tar oss av alt for deg \u2013 fra \u00e5 lage til \u00e5 koble sammen NFC- og QR-koden for direkte anmeldelser p\u00e5 Google-profilen din!<\/h2>\n<p>\u00d8v din tilstedev\u00e6relse p\u00e5 nettet og trekk til deg flere kunder i dag. V\u00e5re NFC-stativ er mer enn bare en m\u00e5te \u00e5 samle anmeldelser p\u00e5; de er din nye partner for \u00e5 bygge et sterkere online omd\u00f8mme og \u00f8ke kundetilfredsheten.<\/p>\n<p>Invester i omd\u00f8mmet ditt n\u00e5 og se bedriften din trives med positive tilbakemeldinger fra kundene dine.<\/p>\n","protected":false},"featured_media":98971,"comment_status":"open","ping_status":"closed","template":"","meta":{"_acf_changed":false,"_yoast_wpseo_focuskw":"Google Anmeldelse NFC Stand","_yoast_wpseo_title":"Anmeld oss p\u00e5 Google NFC Stand \/ Display | truzzer","_yoast_wpseo_metadesc":"F\u00e5 flere 5-stjerners Google anmeldelser med v\u00e5rt NFC stand display fra truzzer. Bestill n\u00e5 \u2013 klar til bruk!"},"product_brand":[1656],"product_cat":[1017,1453,767,570,1447],"product_tag":[],"class_list":{"0":"post-98953","1":"product","2":"type-product","3":"status-publish","4":"has-post-thumbnail","6":"product_brand-google","7":"product_cat-google-anmeldelse-bordstativer","8":"product_cat-google-anmeldelse-bordstativer-med-nfc","9":"product_cat-google-anmeldelse-produkter","10":"product_cat-nfc-produkter","11":"product_cat-nfc-stativer","12":"pa_industry-hotell","13":"pa_industry-medisinsk-praktijk","14":"pa_industry-restaurant-kafe","15":"pa_material-acrylic","16":"pa_placement-balie-receptie","17":"pa_placement-kassa-pos","18":"pa_placement-tafel","19":"pa_product-type-utstillinger-og-stativer","20":"pa_technology-nfc","22":"first","23":"instock","24":"sale","25":"taxable","26":"shipping-taxable","27":"purchasable","28":"product-type-variable","29":"has-default-attributes"},"acf":[],"yoast_head":"<!-- This site is optimized with the Yoast SEO plugin v27.0 - https:\/\/yoast.com\/product\/yoast-seo-wordpress\/ -->\n<title>Anmeld oss p\u00e5 Google NFC Stand \/ Display | truzzer<\/title>\n<meta name=\"description\" content=\"F\u00e5 flere 5-stjerners Google anmeldelser med v\u00e5rt NFC stand display fra truzzer. Bestill n\u00e5 \u2013 klar til bruk!\" \/>\n<meta name=\"robots\" content=\"index, follow, max-snippet:-1, max-image-preview:large, max-video-preview:-1\" \/>\n<link rel=\"canonical\" href=\"https:\/\/www.truzzer.com\/no\/produkt\/review-us-on-google-nfc-stand-display\/\" \/>\n<meta property=\"og:locale\" content=\"nb_NO\" \/>\n<meta property=\"og:type\" content=\"article\" \/>\n<meta property=\"og:title\" content=\"Anmeld oss p\u00e5 Google NFC Stand \/ Display | truzzer\" \/>\n<meta property=\"og:description\" content=\"F\u00e5 flere 5-stjerners Google anmeldelser med v\u00e5rt NFC stand display fra truzzer. Bestill n\u00e5 \u2013 klar til bruk!\" \/>\n<meta property=\"og:url\" content=\"https:\/\/www.truzzer.com\/no\/produkt\/review-us-on-google-nfc-stand-display\/\" \/>\n<meta property=\"og:site_name\" content=\"truzzer\" \/>\n<meta property=\"article:modified_time\" content=\"2026-02-13T09:51:35+00:00\" \/>\n<meta property=\"og:image\" content=\"https:\/\/www.truzzer.com\/wp-content\/uploads\/2026\/02\/google-review-nfc-stand-display-with-qr-code-truzzer-iso-s-2.jpg\" \/>\n\t<meta property=\"og:image:width\" content=\"1200\" \/>\n\t<meta property=\"og:image:height\" content=\"1200\" \/>\n\t<meta property=\"og:image:type\" content=\"image\/jpeg\" \/>\n<meta name=\"twitter:card\" content=\"summary_large_image\" \/>\n<meta name=\"twitter:label1\" content=\"Ansl. lesetid\" \/>\n\t<meta name=\"twitter:data1\" content=\"3 minutter\" \/>\n<script type=\"application\/ld+json\" class=\"yoast-schema-graph\">{\"@context\":\"https:\/\/schema.org\",\"@graph\":[{\"@type\":\"WebPage\",\"@id\":\"https:\/\/www.truzzer.com\/no\/produkt\/review-us-on-google-nfc-stand-display\/\",\"url\":\"https:\/\/www.truzzer.com\/no\/produkt\/review-us-on-google-nfc-stand-display\/\",\"name\":\"Anmeld oss p\u00e5 Google NFC Stand \/ Display | truzzer\",\"isPartOf\":{\"@id\":\"https:\/\/www.truzzer.com\/no\/#website\"},\"primaryImageOfPage\":{\"@id\":\"https:\/\/www.truzzer.com\/no\/produkt\/review-us-on-google-nfc-stand-display\/#primaryimage\"},\"image\":{\"@id\":\"https:\/\/www.truzzer.com\/no\/produkt\/review-us-on-google-nfc-stand-display\/#primaryimage\"},\"thumbnailUrl\":\"https:\/\/www.truzzer.com\/wp-content\/uploads\/2026\/02\/google-review-nfc-stand-display-with-qr-code-truzzer-iso-s-2.jpg\",\"datePublished\":\"2026-02-01T20:03:02+00:00\",\"dateModified\":\"2026-02-13T09:51:35+00:00\",\"description\":\"F\u00e5 flere 5-stjerners Google anmeldelser med v\u00e5rt NFC stand display fra truzzer. Bestill n\u00e5 \u2013 klar til bruk!\",\"breadcrumb\":{\"@id\":\"https:\/\/www.truzzer.com\/no\/produkt\/review-us-on-google-nfc-stand-display\/#breadcrumb\"},\"inLanguage\":\"nb-NO\",\"potentialAction\":[{\"@type\":\"ReadAction\",\"target\":[\"https:\/\/www.truzzer.com\/no\/produkt\/review-us-on-google-nfc-stand-display\/\"]}]},{\"@type\":\"ImageObject\",\"inLanguage\":\"nb-NO\",\"@id\":\"https:\/\/www.truzzer.com\/no\/produkt\/review-us-on-google-nfc-stand-display\/#primaryimage\",\"url\":\"https:\/\/www.truzzer.com\/wp-content\/uploads\/2026\/02\/google-review-nfc-stand-display-with-qr-code-truzzer-iso-s-2.jpg\",\"contentUrl\":\"https:\/\/www.truzzer.com\/wp-content\/uploads\/2026\/02\/google-review-nfc-stand-display-with-qr-code-truzzer-iso-s-2.jpg\",\"width\":1200,\"height\":1200},{\"@type\":\"BreadcrumbList\",\"@id\":\"https:\/\/www.truzzer.com\/no\/produkt\/review-us-on-google-nfc-stand-display\/#breadcrumb\",\"itemListElement\":[{\"@type\":\"ListItem\",\"position\":1,\"name\":\"Home\",\"item\":\"https:\/\/www.truzzer.com\/no\/\"},{\"@type\":\"ListItem\",\"position\":2,\"name\":\"Butikk\",\"item\":\"https:\/\/www.truzzer.com\/no\/butikk\/\"},{\"@type\":\"ListItem\",\"position\":3,\"name\":\"Anmeld oss \u200b\u200bp\u00e5 Google NFC stativ \/ skjerm\"}]},{\"@type\":\"WebSite\",\"@id\":\"https:\/\/www.truzzer.com\/no\/#website\",\"url\":\"https:\/\/www.truzzer.com\/no\/\",\"name\":\"truzzer\",\"description\":\"Experts for customer trust\",\"publisher\":{\"@id\":\"https:\/\/www.truzzer.com\/no\/#organization\"},\"potentialAction\":[{\"@type\":\"SearchAction\",\"target\":{\"@type\":\"EntryPoint\",\"urlTemplate\":\"https:\/\/www.truzzer.com\/no\/?s={search_term_string}\"},\"query-input\":{\"@type\":\"PropertyValueSpecification\",\"valueRequired\":true,\"valueName\":\"search_term_string\"}}],\"inLanguage\":\"nb-NO\"},{\"@type\":\"Organization\",\"@id\":\"https:\/\/www.truzzer.com\/no\/#organization\",\"name\":\"truzzer\",\"url\":\"https:\/\/www.truzzer.com\/no\/\",\"logo\":{\"@type\":\"ImageObject\",\"inLanguage\":\"nb-NO\",\"@id\":\"https:\/\/www.truzzer.com\/no\/#\/schema\/logo\/image\/\",\"url\":\"https:\/\/truzzer.com\/wp-content\/uploads\/2026\/01\/truzzer-logo-black-1.svg\",\"contentUrl\":\"https:\/\/truzzer.com\/wp-content\/uploads\/2026\/01\/truzzer-logo-black-1.svg\",\"width\":938,\"height\":199,\"caption\":\"truzzer\"},\"image\":{\"@id\":\"https:\/\/www.truzzer.com\/no\/#\/schema\/logo\/image\/\"}}]}<\/script>\n<!-- \/ Yoast SEO plugin. -->","yoast_head_json":{"title":"Anmeld oss p\u00e5 Google NFC Stand \/ Display | truzzer","description":"F\u00e5 flere 5-stjerners Google anmeldelser med v\u00e5rt NFC stand display fra truzzer. Bestill n\u00e5 \u2013 klar til bruk!","robots":{"index":"index","follow":"follow","max-snippet":"max-snippet:-1","max-image-preview":"max-image-preview:large","max-video-preview":"max-video-preview:-1"},"canonical":"https:\/\/www.truzzer.com\/no\/produkt\/review-us-on-google-nfc-stand-display\/","og_locale":"nb_NO","og_type":"article","og_title":"Anmeld oss p\u00e5 Google NFC Stand \/ Display | truzzer","og_description":"F\u00e5 flere 5-stjerners Google anmeldelser med v\u00e5rt NFC stand display fra truzzer. Bestill n\u00e5 \u2013 klar til bruk!","og_url":"https:\/\/www.truzzer.com\/no\/produkt\/review-us-on-google-nfc-stand-display\/","og_site_name":"truzzer","article_modified_time":"2026-02-13T09:51:35+00:00","og_image":[{"width":1200,"height":1200,"url":"https:\/\/www.truzzer.com\/wp-content\/uploads\/2026\/02\/google-review-nfc-stand-display-with-qr-code-truzzer-iso-s-2.jpg","type":"image\/jpeg"}],"twitter_card":"summary_large_image","twitter_misc":{"Ansl. lesetid":"3 minutter"},"schema":{"@context":"https:\/\/schema.org","@graph":[{"@type":"WebPage","@id":"https:\/\/www.truzzer.com\/no\/produkt\/review-us-on-google-nfc-stand-display\/","url":"https:\/\/www.truzzer.com\/no\/produkt\/review-us-on-google-nfc-stand-display\/","name":"Anmeld oss p\u00e5 Google NFC Stand \/ Display | truzzer","isPartOf":{"@id":"https:\/\/www.truzzer.com\/no\/#website"},"primaryImageOfPage":{"@id":"https:\/\/www.truzzer.com\/no\/produkt\/review-us-on-google-nfc-stand-display\/#primaryimage"},"image":{"@id":"https:\/\/www.truzzer.com\/no\/produkt\/review-us-on-google-nfc-stand-display\/#primaryimage"},"thumbnailUrl":"https:\/\/www.truzzer.com\/wp-content\/uploads\/2026\/02\/google-review-nfc-stand-display-with-qr-code-truzzer-iso-s-2.jpg","datePublished":"2026-02-01T20:03:02+00:00","dateModified":"2026-02-13T09:51:35+00:00","description":"F\u00e5 flere 5-stjerners Google anmeldelser med v\u00e5rt NFC stand display fra truzzer. Bestill n\u00e5 \u2013 klar til bruk!","breadcrumb":{"@id":"https:\/\/www.truzzer.com\/no\/produkt\/review-us-on-google-nfc-stand-display\/#breadcrumb"},"inLanguage":"nb-NO","potentialAction":[{"@type":"ReadAction","target":["https:\/\/www.truzzer.com\/no\/produkt\/review-us-on-google-nfc-stand-display\/"]}]},{"@type":"ImageObject","inLanguage":"nb-NO","@id":"https:\/\/www.truzzer.com\/no\/produkt\/review-us-on-google-nfc-stand-display\/#primaryimage","url":"https:\/\/www.truzzer.com\/wp-content\/uploads\/2026\/02\/google-review-nfc-stand-display-with-qr-code-truzzer-iso-s-2.jpg","contentUrl":"https:\/\/www.truzzer.com\/wp-content\/uploads\/2026\/02\/google-review-nfc-stand-display-with-qr-code-truzzer-iso-s-2.jpg","width":1200,"height":1200},{"@type":"BreadcrumbList","@id":"https:\/\/www.truzzer.com\/no\/produkt\/review-us-on-google-nfc-stand-display\/#breadcrumb","itemListElement":[{"@type":"ListItem","position":1,"name":"Home","item":"https:\/\/www.truzzer.com\/no\/"},{"@type":"ListItem","position":2,"name":"Butikk","item":"https:\/\/www.truzzer.com\/no\/butikk\/"},{"@type":"ListItem","position":3,"name":"Anmeld oss \u200b\u200bp\u00e5 Google NFC stativ \/ skjerm"}]},{"@type":"WebSite","@id":"https:\/\/www.truzzer.com\/no\/#website","url":"https:\/\/www.truzzer.com\/no\/","name":"truzzer","description":"Experts for customer trust","publisher":{"@id":"https:\/\/www.truzzer.com\/no\/#organization"},"potentialAction":[{"@type":"SearchAction","target":{"@type":"EntryPoint","urlTemplate":"https:\/\/www.truzzer.com\/no\/?s={search_term_string}"},"query-input":{"@type":"PropertyValueSpecification","valueRequired":true,"valueName":"search_term_string"}}],"inLanguage":"nb-NO"},{"@type":"Organization","@id":"https:\/\/www.truzzer.com\/no\/#organization","name":"truzzer","url":"https:\/\/www.truzzer.com\/no\/","logo":{"@type":"ImageObject","inLanguage":"nb-NO","@id":"https:\/\/www.truzzer.com\/no\/#\/schema\/logo\/image\/","url":"https:\/\/truzzer.com\/wp-content\/uploads\/2026\/01\/truzzer-logo-black-1.svg","contentUrl":"https:\/\/truzzer.com\/wp-content\/uploads\/2026\/01\/truzzer-logo-black-1.svg","width":938,"height":199,"caption":"truzzer"},"image":{"@id":"https:\/\/www.truzzer.com\/no\/#\/schema\/logo\/image\/"}}]}},"tiered_pricing_type":"fixed","tiered_pricing_fixed_rules":[],"tiered_pricing_product_settings":{"layout":"default","base_unit_name":{"singular":null,"plural":null},"default_variation":null},"tiered_pricing_minimum_quantity":null,"tiered_pricing_roles_data":[],"tiered_pricing_percentage_rules":[],"tiered_pricing_maximum_quantity":null,"tiered_pricing_quantity_step":null,"_links":{"self":[{"href":"https:\/\/www.truzzer.com\/no\/wp-json\/wp\/v2\/product\/98953","targetHints":{"allow":["GET"]}}],"collection":[{"href":"https:\/\/www.truzzer.com\/no\/wp-json\/wp\/v2\/product"}],"about":[{"href":"https:\/\/www.truzzer.com\/no\/wp-json\/wp\/v2\/types\/product"}],"replies":[{"embeddable":true,"href":"https:\/\/www.truzzer.com\/no\/wp-json\/wp\/v2\/comments?post=98953"}],"wp:featuredmedia":[{"embeddable":true,"href":"https:\/\/www.truzzer.com\/no\/wp-json\/wp\/v2\/media\/98971"}],"wp:attachment":[{"href":"https:\/\/www.truzzer.com\/no\/wp-json\/wp\/v2\/media?parent=98953"}],"wp:term":[{"taxonomy":"product_brand","embeddable":true,"href":"https:\/\/www.truzzer.com\/no\/wp-json\/wp\/v2\/product_brand?post=98953"},{"taxonomy":"product_cat","embeddable":true,"href":"https:\/\/www.truzzer.com\/no\/wp-json\/wp\/v2\/product_cat?post=98953"},{"taxonomy":"product_tag","embeddable":true,"href":"https:\/\/www.truzzer.com\/no\/wp-json\/wp\/v2\/product_tag?post=98953"}],"curies":[{"name":"wp","href":"https:\/\/api.w.org\/{rel}","templated":true}]}}