{"id":98982,"date":"2026-02-01T20:02:53","date_gmt":"2026-02-01T20:02:53","guid":{"rendered":"https:\/\/beta.truzzer.com\/product\/follow-us-on-instagram-nfc-stand-display\/"},"modified":"2026-02-13T09:52:50","modified_gmt":"2026-02-13T09:52:50","slug":"follow-us-on-instagram-nfc-stand-display","status":"publish","type":"product","link":"https:\/\/www.truzzer.com\/no\/produkt\/follow-us-on-instagram-nfc-stand-display\/","title":{"rendered":"F\u00f8lg oss p\u00e5 Instagram NFC Stand \/ Display"},"content":{"rendered":"","protected":false},"excerpt":{"rendered":"<h2>F\u00e5 Instagram-f\u00f8lgere med NFC!<\/h2>\n<p><strong>\u00c5 konvertere kunder til Instagram-f\u00f8lgere har aldri v\u00e6rt enklere!<\/strong><br \/>\nMed de kontaktl\u00f8se Instagram NFC-stativene\/skjermene kan du enkelt vinne nye Instagram-f\u00f8lgere direkte p\u00e5 stedet.<br \/>\nMed sitt kule design vekker bordstanderen Instagram NFC kundenes interesse og handlingsfremmende oppfordringer oppfordrer kundene til \u00e5 f\u00f8lge deg p\u00e5 Instagram.<\/p>\n<p>Alt kundene dine trenger \u00e5 gj\u00f8re er \u00e5 holde smarttelefonen i n\u00e6rheten av stativet, og en pop-up \u00e5pnes p\u00e5 mobiltelefonen deres, som vil f\u00f8re direkte til Instagram-profilen din!<\/p>\n<p>Hvis kundens smarttelefon ikke har en NFC-funksjon, er det en alternativ QR-kode p\u00e5 utstilleren, som kan skannes direkte med smarttelefonkameraet <strong>&#8211; i begge tilfeller er ingen egen app n\u00f8dvendig!<\/strong><\/p>\n<h3><strong>Dette er hvordan NFC standees hjelper deg med \u00e5 f\u00e5 flere f\u00f8lgere<br \/>\n<\/strong><\/h3>\n<p>&nbsp;<\/p>\n<ul>\n<li>Ingen vanskelige sp\u00f8rsm\u00e5l &amp; Sp\u00f8r, bare plasser p\u00e5 stedet. <strong>Handlingsfremmende oppfordring<\/strong> oppfordrer kundene dine til \u00e5 f\u00f8lge deg<\/li>\n<li>Ikke glem, for kunder vil bli gjort oppmerksomme p\u00e5 Instagram-profilen din<\/li>\n<li>Ingen s\u00f8k og ingen problemer: <strong>NFC-koblingen og Instagram QR-koden f\u00f8rer direkte til profilen din<\/strong>(vi lager denne for deg)<strong><br \/>\n<\/strong><\/li>\n<li><strong>Tilgripelig<\/strong>: Skjermene gj\u00f8r Instagram-profilen din h\u00e5ndgripelig.<\/li>\n<li>Ingen ekstra app kreves.<\/li>\n<li>B\u00f8yefang: moderne design<\/li>\n<\/ul>\n<p><strong>Vi oppretter og kobler NFC-koblingen og QR-koden til Instagram-profilen din for deg!<\/strong><strong><br \/>\n<\/strong><\/p>\n","protected":false},"featured_media":98997,"comment_status":"open","ping_status":"closed","template":"","meta":{"_acf_changed":false,"_yoast_wpseo_focuskw":"Instagram QR-kode NFC Stand","_yoast_wpseo_title":"F\u00f8lg oss p\u00e5 Instagram NFC Stand \/ Display | truzzer","_yoast_wpseo_metadesc":"\u00d8k dine Instagram f\u00f8lgere raskt med v\u00e5rt NFC stand display fra truzzer. Bestill n\u00e5 \u2013 klar til bruk!"},"product_brand":[1658],"product_cat":[1454,570],"product_tag":[],"class_list":{"0":"post-98982","1":"product","2":"type-product","3":"status-publish","4":"has-post-thumbnail","6":"product_brand-instagram","7":"product_cat-instagram-folgere-bordstativer-med-nfc","8":"product_cat-nfc-produkter","9":"pa_industry-hotell","10":"pa_industry-medisinsk-praktijk","11":"pa_industry-restaurant-kafe","12":"pa_material-acrylic","13":"pa_placement-balie-receptie","14":"pa_placement-kassa-pos","15":"pa_placement-tafel","16":"pa_product-type-utstillinger-og-stativer","17":"pa_technology-nfc","19":"first","20":"instock","21":"taxable","22":"shipping-taxable","23":"purchasable","24":"product-type-simple"},"acf":[],"yoast_head":"<!-- This site is optimized with the Yoast SEO plugin v27.0 - https:\/\/yoast.com\/product\/yoast-seo-wordpress\/ -->\n<title>F\u00f8lg oss p\u00e5 Instagram NFC Stand \/ Display | truzzer<\/title>\n<meta name=\"description\" content=\"\u00d8k dine Instagram f\u00f8lgere raskt med v\u00e5rt NFC stand display fra truzzer. Bestill n\u00e5 \u2013 klar til bruk!\" \/>\n<meta name=\"robots\" content=\"index, follow, max-snippet:-1, max-image-preview:large, max-video-preview:-1\" \/>\n<link rel=\"canonical\" href=\"https:\/\/www.truzzer.com\/no\/produkt\/follow-us-on-instagram-nfc-stand-display\/\" \/>\n<meta property=\"og:locale\" content=\"nb_NO\" \/>\n<meta property=\"og:type\" content=\"article\" \/>\n<meta property=\"og:title\" content=\"F\u00f8lg oss p\u00e5 Instagram NFC Stand \/ Display | truzzer\" \/>\n<meta property=\"og:description\" content=\"\u00d8k dine Instagram f\u00f8lgere raskt med v\u00e5rt NFC stand display fra truzzer. Bestill n\u00e5 \u2013 klar til bruk!\" \/>\n<meta property=\"og:url\" content=\"https:\/\/www.truzzer.com\/no\/produkt\/follow-us-on-instagram-nfc-stand-display\/\" \/>\n<meta property=\"og:site_name\" content=\"truzzer\" \/>\n<meta property=\"article:modified_time\" content=\"2026-02-13T09:52:50+00:00\" \/>\n<meta property=\"og:image\" content=\"https:\/\/www.truzzer.com\/wp-content\/uploads\/2026\/02\/instagram-nfc-stand-1.jpg\" \/>\n\t<meta property=\"og:image:width\" content=\"1200\" \/>\n\t<meta property=\"og:image:height\" content=\"1200\" \/>\n\t<meta property=\"og:image:type\" content=\"image\/jpeg\" \/>\n<meta name=\"twitter:card\" content=\"summary_large_image\" \/>\n<script type=\"application\/ld+json\" class=\"yoast-schema-graph\">{\"@context\":\"https:\/\/schema.org\",\"@graph\":[{\"@type\":\"WebPage\",\"@id\":\"https:\/\/www.truzzer.com\/no\/produkt\/follow-us-on-instagram-nfc-stand-display\/\",\"url\":\"https:\/\/www.truzzer.com\/no\/produkt\/follow-us-on-instagram-nfc-stand-display\/\",\"name\":\"F\u00f8lg oss p\u00e5 Instagram NFC Stand \/ Display | truzzer\",\"isPartOf\":{\"@id\":\"https:\/\/www.truzzer.com\/no\/#website\"},\"primaryImageOfPage\":{\"@id\":\"https:\/\/www.truzzer.com\/no\/produkt\/follow-us-on-instagram-nfc-stand-display\/#primaryimage\"},\"image\":{\"@id\":\"https:\/\/www.truzzer.com\/no\/produkt\/follow-us-on-instagram-nfc-stand-display\/#primaryimage\"},\"thumbnailUrl\":\"https:\/\/www.truzzer.com\/wp-content\/uploads\/2026\/02\/instagram-nfc-stand-1.jpg\",\"datePublished\":\"2026-02-01T20:02:53+00:00\",\"dateModified\":\"2026-02-13T09:52:50+00:00\",\"description\":\"\u00d8k dine Instagram f\u00f8lgere raskt med v\u00e5rt NFC stand display fra truzzer. Bestill n\u00e5 \u2013 klar til bruk!\",\"breadcrumb\":{\"@id\":\"https:\/\/www.truzzer.com\/no\/produkt\/follow-us-on-instagram-nfc-stand-display\/#breadcrumb\"},\"inLanguage\":\"nb-NO\",\"potentialAction\":[{\"@type\":\"ReadAction\",\"target\":[\"https:\/\/www.truzzer.com\/no\/produkt\/follow-us-on-instagram-nfc-stand-display\/\"]}]},{\"@type\":\"ImageObject\",\"inLanguage\":\"nb-NO\",\"@id\":\"https:\/\/www.truzzer.com\/no\/produkt\/follow-us-on-instagram-nfc-stand-display\/#primaryimage\",\"url\":\"https:\/\/www.truzzer.com\/wp-content\/uploads\/2026\/02\/instagram-nfc-stand-1.jpg\",\"contentUrl\":\"https:\/\/www.truzzer.com\/wp-content\/uploads\/2026\/02\/instagram-nfc-stand-1.jpg\",\"width\":1200,\"height\":1200},{\"@type\":\"BreadcrumbList\",\"@id\":\"https:\/\/www.truzzer.com\/no\/produkt\/follow-us-on-instagram-nfc-stand-display\/#breadcrumb\",\"itemListElement\":[{\"@type\":\"ListItem\",\"position\":1,\"name\":\"Home\",\"item\":\"https:\/\/www.truzzer.com\/no\/\"},{\"@type\":\"ListItem\",\"position\":2,\"name\":\"Butikk\",\"item\":\"https:\/\/www.truzzer.com\/no\/butikk\/\"},{\"@type\":\"ListItem\",\"position\":3,\"name\":\"F\u00f8lg oss p\u00e5 Instagram NFC Stand \/ Display\"}]},{\"@type\":\"WebSite\",\"@id\":\"https:\/\/www.truzzer.com\/no\/#website\",\"url\":\"https:\/\/www.truzzer.com\/no\/\",\"name\":\"truzzer\",\"description\":\"Experts for customer trust\",\"publisher\":{\"@id\":\"https:\/\/www.truzzer.com\/no\/#organization\"},\"potentialAction\":[{\"@type\":\"SearchAction\",\"target\":{\"@type\":\"EntryPoint\",\"urlTemplate\":\"https:\/\/www.truzzer.com\/no\/?s={search_term_string}\"},\"query-input\":{\"@type\":\"PropertyValueSpecification\",\"valueRequired\":true,\"valueName\":\"search_term_string\"}}],\"inLanguage\":\"nb-NO\"},{\"@type\":\"Organization\",\"@id\":\"https:\/\/www.truzzer.com\/no\/#organization\",\"name\":\"truzzer\",\"url\":\"https:\/\/www.truzzer.com\/no\/\",\"logo\":{\"@type\":\"ImageObject\",\"inLanguage\":\"nb-NO\",\"@id\":\"https:\/\/www.truzzer.com\/no\/#\/schema\/logo\/image\/\",\"url\":\"https:\/\/truzzer.com\/wp-content\/uploads\/2026\/01\/truzzer-logo-black-1.svg\",\"contentUrl\":\"https:\/\/truzzer.com\/wp-content\/uploads\/2026\/01\/truzzer-logo-black-1.svg\",\"width\":938,\"height\":199,\"caption\":\"truzzer\"},\"image\":{\"@id\":\"https:\/\/www.truzzer.com\/no\/#\/schema\/logo\/image\/\"}}]}<\/script>\n<!-- \/ Yoast SEO plugin. -->","yoast_head_json":{"title":"F\u00f8lg oss p\u00e5 Instagram NFC Stand \/ Display | truzzer","description":"\u00d8k dine Instagram f\u00f8lgere raskt med v\u00e5rt NFC stand display fra truzzer. Bestill n\u00e5 \u2013 klar til bruk!","robots":{"index":"index","follow":"follow","max-snippet":"max-snippet:-1","max-image-preview":"max-image-preview:large","max-video-preview":"max-video-preview:-1"},"canonical":"https:\/\/www.truzzer.com\/no\/produkt\/follow-us-on-instagram-nfc-stand-display\/","og_locale":"nb_NO","og_type":"article","og_title":"F\u00f8lg oss p\u00e5 Instagram NFC Stand \/ Display | truzzer","og_description":"\u00d8k dine Instagram f\u00f8lgere raskt med v\u00e5rt NFC stand display fra truzzer. Bestill n\u00e5 \u2013 klar til bruk!","og_url":"https:\/\/www.truzzer.com\/no\/produkt\/follow-us-on-instagram-nfc-stand-display\/","og_site_name":"truzzer","article_modified_time":"2026-02-13T09:52:50+00:00","og_image":[{"width":1200,"height":1200,"url":"https:\/\/www.truzzer.com\/wp-content\/uploads\/2026\/02\/instagram-nfc-stand-1.jpg","type":"image\/jpeg"}],"twitter_card":"summary_large_image","schema":{"@context":"https:\/\/schema.org","@graph":[{"@type":"WebPage","@id":"https:\/\/www.truzzer.com\/no\/produkt\/follow-us-on-instagram-nfc-stand-display\/","url":"https:\/\/www.truzzer.com\/no\/produkt\/follow-us-on-instagram-nfc-stand-display\/","name":"F\u00f8lg oss p\u00e5 Instagram NFC Stand \/ Display | truzzer","isPartOf":{"@id":"https:\/\/www.truzzer.com\/no\/#website"},"primaryImageOfPage":{"@id":"https:\/\/www.truzzer.com\/no\/produkt\/follow-us-on-instagram-nfc-stand-display\/#primaryimage"},"image":{"@id":"https:\/\/www.truzzer.com\/no\/produkt\/follow-us-on-instagram-nfc-stand-display\/#primaryimage"},"thumbnailUrl":"https:\/\/www.truzzer.com\/wp-content\/uploads\/2026\/02\/instagram-nfc-stand-1.jpg","datePublished":"2026-02-01T20:02:53+00:00","dateModified":"2026-02-13T09:52:50+00:00","description":"\u00d8k dine Instagram f\u00f8lgere raskt med v\u00e5rt NFC stand display fra truzzer. Bestill n\u00e5 \u2013 klar til bruk!","breadcrumb":{"@id":"https:\/\/www.truzzer.com\/no\/produkt\/follow-us-on-instagram-nfc-stand-display\/#breadcrumb"},"inLanguage":"nb-NO","potentialAction":[{"@type":"ReadAction","target":["https:\/\/www.truzzer.com\/no\/produkt\/follow-us-on-instagram-nfc-stand-display\/"]}]},{"@type":"ImageObject","inLanguage":"nb-NO","@id":"https:\/\/www.truzzer.com\/no\/produkt\/follow-us-on-instagram-nfc-stand-display\/#primaryimage","url":"https:\/\/www.truzzer.com\/wp-content\/uploads\/2026\/02\/instagram-nfc-stand-1.jpg","contentUrl":"https:\/\/www.truzzer.com\/wp-content\/uploads\/2026\/02\/instagram-nfc-stand-1.jpg","width":1200,"height":1200},{"@type":"BreadcrumbList","@id":"https:\/\/www.truzzer.com\/no\/produkt\/follow-us-on-instagram-nfc-stand-display\/#breadcrumb","itemListElement":[{"@type":"ListItem","position":1,"name":"Home","item":"https:\/\/www.truzzer.com\/no\/"},{"@type":"ListItem","position":2,"name":"Butikk","item":"https:\/\/www.truzzer.com\/no\/butikk\/"},{"@type":"ListItem","position":3,"name":"F\u00f8lg oss p\u00e5 Instagram NFC Stand \/ Display"}]},{"@type":"WebSite","@id":"https:\/\/www.truzzer.com\/no\/#website","url":"https:\/\/www.truzzer.com\/no\/","name":"truzzer","description":"Experts for customer trust","publisher":{"@id":"https:\/\/www.truzzer.com\/no\/#organization"},"potentialAction":[{"@type":"SearchAction","target":{"@type":"EntryPoint","urlTemplate":"https:\/\/www.truzzer.com\/no\/?s={search_term_string}"},"query-input":{"@type":"PropertyValueSpecification","valueRequired":true,"valueName":"search_term_string"}}],"inLanguage":"nb-NO"},{"@type":"Organization","@id":"https:\/\/www.truzzer.com\/no\/#organization","name":"truzzer","url":"https:\/\/www.truzzer.com\/no\/","logo":{"@type":"ImageObject","inLanguage":"nb-NO","@id":"https:\/\/www.truzzer.com\/no\/#\/schema\/logo\/image\/","url":"https:\/\/truzzer.com\/wp-content\/uploads\/2026\/01\/truzzer-logo-black-1.svg","contentUrl":"https:\/\/truzzer.com\/wp-content\/uploads\/2026\/01\/truzzer-logo-black-1.svg","width":938,"height":199,"caption":"truzzer"},"image":{"@id":"https:\/\/www.truzzer.com\/no\/#\/schema\/logo\/image\/"}}]}},"tiered_pricing_type":"fixed","tiered_pricing_fixed_rules":[],"tiered_pricing_product_settings":{"layout":"default","base_unit_name":{"singular":null,"plural":null},"default_variation":null},"tiered_pricing_minimum_quantity":null,"tiered_pricing_roles_data":[],"tiered_pricing_percentage_rules":[],"tiered_pricing_maximum_quantity":null,"tiered_pricing_quantity_step":null,"_links":{"self":[{"href":"https:\/\/www.truzzer.com\/no\/wp-json\/wp\/v2\/product\/98982","targetHints":{"allow":["GET"]}}],"collection":[{"href":"https:\/\/www.truzzer.com\/no\/wp-json\/wp\/v2\/product"}],"about":[{"href":"https:\/\/www.truzzer.com\/no\/wp-json\/wp\/v2\/types\/product"}],"replies":[{"embeddable":true,"href":"https:\/\/www.truzzer.com\/no\/wp-json\/wp\/v2\/comments?post=98982"}],"wp:featuredmedia":[{"embeddable":true,"href":"https:\/\/www.truzzer.com\/no\/wp-json\/wp\/v2\/media\/98997"}],"wp:attachment":[{"href":"https:\/\/www.truzzer.com\/no\/wp-json\/wp\/v2\/media?parent=98982"}],"wp:term":[{"taxonomy":"product_brand","embeddable":true,"href":"https:\/\/www.truzzer.com\/no\/wp-json\/wp\/v2\/product_brand?post=98982"},{"taxonomy":"product_cat","embeddable":true,"href":"https:\/\/www.truzzer.com\/no\/wp-json\/wp\/v2\/product_cat?post=98982"},{"taxonomy":"product_tag","embeddable":true,"href":"https:\/\/www.truzzer.com\/no\/wp-json\/wp\/v2\/product_tag?post=98982"}],"curies":[{"name":"wp","href":"https:\/\/api.w.org\/{rel}","templated":true}]}}