{"id":99050,"date":"2026-02-01T20:01:58","date_gmt":"2026-02-01T20:01:58","guid":{"rendered":"https:\/\/beta.truzzer.com\/product\/google-review-nfc-sticker-square-with-google-review-qr-code\/"},"modified":"2026-02-13T09:57:36","modified_gmt":"2026-02-13T09:57:36","slug":"google-review-nfc-sticker-square-with-google-review-qr-code","status":"publish","type":"product","link":"https:\/\/www.truzzer.com\/no\/produkt\/google-review-nfc-sticker-square-with-google-review-qr-code\/","title":{"rendered":"Google anmeldelse NFC-klistremerke &laquo;Firkantet&raquo; med Google gjennomgang QR-kode"},"content":{"rendered":"<h2>F\u00e5 flere Google-anmeldelser med Google Review NFC QR-kodeklistremerker fra truzzer!<\/h2>\n<p>Med <strong>truzzer Google anmeldelsesklistremerker<\/strong> med NFC-kobling kan du f\u00e5 raskere positive anmeldelser fra dine forn\u00f8yde kunder direkte i butikken din.<\/p>\n<p>Plasser klistremerkene tydelig i kassen, p\u00e5 inngangsd\u00f8ren eller hvor som helst hvor kundene dine kan se klistremerkene.<\/p>\n<p>-Passer for innend\u00f8rs og utend\u00f8rs bruk<br \/>\n&#8211; V\u00e6rbestandig<br \/>\n-Passer for enhver glatt overflate<br \/>\n-For butikker, d\u00f8rer eller som bil Google-klistremerke<br \/>\n-Viser kundene dine at de ogs\u00e5 kan finne deg p\u00e5 Google<br \/>\n&#8211; Individuelt laget for deg<\/p>\n<p>&nbsp;<\/p>\n<p>&nbsp;<\/p>\n","protected":false},"excerpt":{"rendered":"<h2>F\u00e5 Google-anmeldelser med NFC<\/h2>\n<p><strong>\u00c5 f\u00e5 Google-anmeldelser fra kunder har aldri v\u00e6rt s\u00e5 enkelt!<\/strong><br \/>\nMed de kontaktl\u00f8se Google anmeldelser NFC klistremerker \/ klistremerker kan du enkelt vinne nye Google anmeldelser direkte p\u00e5 nettstedet.<br \/>\nMed sin kule design vekker ratingklistremerket Google kundenes interesse og handlingsfremmende oppfordringer oppfordrer kundene dine til \u00e5 rangere deg p\u00e5 Google.<\/p>\n<p>Alt kundene dine trenger \u00e5 gj\u00f8re er \u00e5 holde smarttelefonen sin n\u00e6r klistremerket, og en pop-up \u00e5pnes p\u00e5 telefonen deres, som vil f\u00f8re direkte til anmeldelsesskjemaet ditt!<\/p>\n<p>Hvis kundens smarttelefon ikke har en NFC-funksjon, er det en alternativ QR-kode p\u00e5 klistremerket som kan skannes direkte med smarttelefonkameraet <strong>&#8211; i begge tilfeller er ingen egen app n\u00f8dvendig!<\/strong><\/p>\n<h3><strong>Slik hjelper NFC-klistremerkene deg for flere Google-rangeringer<br \/><\/strong><\/h3>\n<p>NFC-klistremerkene tar deg og kundene dine de st\u00f8rste hindringene i Google-vurderingen:<\/p>\n<ul>\n<li>Ingen vanskelige sp\u00f8rsm\u00e5l &amp; Sp\u00f8r, bare plasser p\u00e5 stedet. <strong>Handlingsfremmende oppfordring<\/strong> tar over foresp\u00f8rselen om en Google-vurdering for deg<\/li>\n<li>Ikke glem, for kundene vil bli p\u00e5minnet om Google-vurderingen.<\/li>\n<li>Ingen s\u00f8k og ingen problemer: <strong>NFC-koblingen og Google Review QR-koden f\u00f8rer direkte til anmeldelsesskjemaet ditt<\/strong> (vi lager dette for deg)<strong><br \/><\/strong><\/li>\n<li><strong>Ber\u00f8rbar<\/strong>: Klistremerkene gj\u00f8r vurderingen ber\u00f8rbar.<\/li>\n<li>Ingen ekstra app kreves.<\/li>\n<li>B\u00f8yefang: moderne design<\/li>\n<\/ul>\n<p><strong>Vi oppretter og kobler sammen NFC-koblingen og QR-koden for direkte evaluering p\u00e5 Google-profilen din for deg!<\/strong><strong><br \/><\/strong><\/p>\n","protected":false},"featured_media":99053,"comment_status":"open","ping_status":"closed","template":"","meta":{"_acf_changed":false,"_yoast_wpseo_focuskw":"Google Anmeldelse NFC Klistremerke","_yoast_wpseo_title":"Google Anmeldelse NFC Klistremerke \u201cFirkantet\u201d | truzzer","_yoast_wpseo_metadesc":"F\u00e5 flere 5-stjerners Google anmeldelser med v\u00e5rt NFC klistremerke fra truzzer. Bestill n\u00e5 \u2013 klar til bruk!"},"product_brand":[1656],"product_cat":[1455,1431,570],"product_tag":[],"class_list":{"0":"post-99050","1":"product","2":"type-product","3":"status-publish","4":"has-post-thumbnail","6":"product_brand-google","7":"product_cat-google-anmeldelse-klistremerker-med-qr-nfc","8":"product_cat-nfc-klistremerker","9":"product_cat-nfc-produkter","10":"pa_industry-detailhandel","11":"pa_industry-fitness-gym","12":"pa_industry-restaurant-kafe","13":"pa_material-vinyl","14":"pa_placement-balie-receptie","15":"pa_placement-verpakking","16":"pa_placement-window-door","17":"pa_product-type-klistremerke","18":"pa_shape-vierkant","19":"pa_technology-nfc","20":"pa_technology-qr-nfc-2","22":"first","23":"instock","24":"taxable","25":"shipping-taxable","26":"purchasable","27":"product-type-simple"},"acf":[],"yoast_head":"<!-- This site is optimized with the Yoast SEO plugin v27.0 - https:\/\/yoast.com\/product\/yoast-seo-wordpress\/ -->\n<title>Google Anmeldelse NFC Klistremerke \u201cFirkantet\u201d | truzzer<\/title>\n<meta name=\"description\" content=\"F\u00e5 flere 5-stjerners Google anmeldelser med v\u00e5rt NFC klistremerke fra truzzer. Bestill n\u00e5 \u2013 klar til bruk!\" \/>\n<meta name=\"robots\" content=\"index, follow, max-snippet:-1, max-image-preview:large, max-video-preview:-1\" \/>\n<link rel=\"canonical\" href=\"https:\/\/www.truzzer.com\/no\/produkt\/google-review-nfc-sticker-square-with-google-review-qr-code\/\" \/>\n<meta property=\"og:locale\" content=\"nb_NO\" \/>\n<meta property=\"og:type\" content=\"article\" \/>\n<meta property=\"og:title\" content=\"Google Anmeldelse NFC Klistremerke \u201cFirkantet\u201d | truzzer\" \/>\n<meta property=\"og:description\" content=\"F\u00e5 flere 5-stjerners Google anmeldelser med v\u00e5rt NFC klistremerke fra truzzer. Bestill n\u00e5 \u2013 klar til bruk!\" \/>\n<meta property=\"og:url\" content=\"https:\/\/www.truzzer.com\/no\/produkt\/google-review-nfc-sticker-square-with-google-review-qr-code\/\" \/>\n<meta property=\"og:site_name\" content=\"truzzer\" \/>\n<meta property=\"article:modified_time\" content=\"2026-02-13T09:57:36+00:00\" \/>\n<meta property=\"og:image\" content=\"https:\/\/www.truzzer.com\/wp-content\/uploads\/2026\/02\/google-review-nfc-sticker-google-qr-code-truzzer-1-2.jpg\" \/>\n\t<meta property=\"og:image:width\" content=\"1200\" \/>\n\t<meta property=\"og:image:height\" content=\"1200\" \/>\n\t<meta property=\"og:image:type\" content=\"image\/jpeg\" \/>\n<meta name=\"twitter:card\" content=\"summary_large_image\" \/>\n<script type=\"application\/ld+json\" class=\"yoast-schema-graph\">{\"@context\":\"https:\/\/schema.org\",\"@graph\":[{\"@type\":\"WebPage\",\"@id\":\"https:\/\/www.truzzer.com\/no\/produkt\/google-review-nfc-sticker-square-with-google-review-qr-code\/\",\"url\":\"https:\/\/www.truzzer.com\/no\/produkt\/google-review-nfc-sticker-square-with-google-review-qr-code\/\",\"name\":\"Google Anmeldelse NFC Klistremerke \u201cFirkantet\u201d | truzzer\",\"isPartOf\":{\"@id\":\"https:\/\/www.truzzer.com\/no\/#website\"},\"primaryImageOfPage\":{\"@id\":\"https:\/\/www.truzzer.com\/no\/produkt\/google-review-nfc-sticker-square-with-google-review-qr-code\/#primaryimage\"},\"image\":{\"@id\":\"https:\/\/www.truzzer.com\/no\/produkt\/google-review-nfc-sticker-square-with-google-review-qr-code\/#primaryimage\"},\"thumbnailUrl\":\"https:\/\/www.truzzer.com\/wp-content\/uploads\/2026\/02\/google-review-nfc-sticker-google-qr-code-truzzer-1-2.jpg\",\"datePublished\":\"2026-02-01T20:01:58+00:00\",\"dateModified\":\"2026-02-13T09:57:36+00:00\",\"description\":\"F\u00e5 flere 5-stjerners Google anmeldelser med v\u00e5rt NFC klistremerke fra truzzer. Bestill n\u00e5 \u2013 klar til bruk!\",\"breadcrumb\":{\"@id\":\"https:\/\/www.truzzer.com\/no\/produkt\/google-review-nfc-sticker-square-with-google-review-qr-code\/#breadcrumb\"},\"inLanguage\":\"nb-NO\",\"potentialAction\":[{\"@type\":\"ReadAction\",\"target\":[\"https:\/\/www.truzzer.com\/no\/produkt\/google-review-nfc-sticker-square-with-google-review-qr-code\/\"]}]},{\"@type\":\"ImageObject\",\"inLanguage\":\"nb-NO\",\"@id\":\"https:\/\/www.truzzer.com\/no\/produkt\/google-review-nfc-sticker-square-with-google-review-qr-code\/#primaryimage\",\"url\":\"https:\/\/www.truzzer.com\/wp-content\/uploads\/2026\/02\/google-review-nfc-sticker-google-qr-code-truzzer-1-2.jpg\",\"contentUrl\":\"https:\/\/www.truzzer.com\/wp-content\/uploads\/2026\/02\/google-review-nfc-sticker-google-qr-code-truzzer-1-2.jpg\",\"width\":1200,\"height\":1200},{\"@type\":\"BreadcrumbList\",\"@id\":\"https:\/\/www.truzzer.com\/no\/produkt\/google-review-nfc-sticker-square-with-google-review-qr-code\/#breadcrumb\",\"itemListElement\":[{\"@type\":\"ListItem\",\"position\":1,\"name\":\"Home\",\"item\":\"https:\/\/www.truzzer.com\/no\/\"},{\"@type\":\"ListItem\",\"position\":2,\"name\":\"Butikk\",\"item\":\"https:\/\/www.truzzer.com\/no\/butikk\/\"},{\"@type\":\"ListItem\",\"position\":3,\"name\":\"Google anmeldelse NFC-klistremerke &#8220;Firkantet&#8221; med Google gjennomgang QR-kode\"}]},{\"@type\":\"WebSite\",\"@id\":\"https:\/\/www.truzzer.com\/no\/#website\",\"url\":\"https:\/\/www.truzzer.com\/no\/\",\"name\":\"truzzer\",\"description\":\"Experts for customer trust\",\"publisher\":{\"@id\":\"https:\/\/www.truzzer.com\/no\/#organization\"},\"potentialAction\":[{\"@type\":\"SearchAction\",\"target\":{\"@type\":\"EntryPoint\",\"urlTemplate\":\"https:\/\/www.truzzer.com\/no\/?s={search_term_string}\"},\"query-input\":{\"@type\":\"PropertyValueSpecification\",\"valueRequired\":true,\"valueName\":\"search_term_string\"}}],\"inLanguage\":\"nb-NO\"},{\"@type\":\"Organization\",\"@id\":\"https:\/\/www.truzzer.com\/no\/#organization\",\"name\":\"truzzer\",\"url\":\"https:\/\/www.truzzer.com\/no\/\",\"logo\":{\"@type\":\"ImageObject\",\"inLanguage\":\"nb-NO\",\"@id\":\"https:\/\/www.truzzer.com\/no\/#\/schema\/logo\/image\/\",\"url\":\"https:\/\/truzzer.com\/wp-content\/uploads\/2026\/01\/truzzer-logo-black-1.svg\",\"contentUrl\":\"https:\/\/truzzer.com\/wp-content\/uploads\/2026\/01\/truzzer-logo-black-1.svg\",\"width\":938,\"height\":199,\"caption\":\"truzzer\"},\"image\":{\"@id\":\"https:\/\/www.truzzer.com\/no\/#\/schema\/logo\/image\/\"}}]}<\/script>\n<!-- \/ Yoast SEO plugin. -->","yoast_head_json":{"title":"Google Anmeldelse NFC Klistremerke \u201cFirkantet\u201d | truzzer","description":"F\u00e5 flere 5-stjerners Google anmeldelser med v\u00e5rt NFC klistremerke fra truzzer. Bestill n\u00e5 \u2013 klar til bruk!","robots":{"index":"index","follow":"follow","max-snippet":"max-snippet:-1","max-image-preview":"max-image-preview:large","max-video-preview":"max-video-preview:-1"},"canonical":"https:\/\/www.truzzer.com\/no\/produkt\/google-review-nfc-sticker-square-with-google-review-qr-code\/","og_locale":"nb_NO","og_type":"article","og_title":"Google Anmeldelse NFC Klistremerke \u201cFirkantet\u201d | truzzer","og_description":"F\u00e5 flere 5-stjerners Google anmeldelser med v\u00e5rt NFC klistremerke fra truzzer. Bestill n\u00e5 \u2013 klar til bruk!","og_url":"https:\/\/www.truzzer.com\/no\/produkt\/google-review-nfc-sticker-square-with-google-review-qr-code\/","og_site_name":"truzzer","article_modified_time":"2026-02-13T09:57:36+00:00","og_image":[{"width":1200,"height":1200,"url":"https:\/\/www.truzzer.com\/wp-content\/uploads\/2026\/02\/google-review-nfc-sticker-google-qr-code-truzzer-1-2.jpg","type":"image\/jpeg"}],"twitter_card":"summary_large_image","schema":{"@context":"https:\/\/schema.org","@graph":[{"@type":"WebPage","@id":"https:\/\/www.truzzer.com\/no\/produkt\/google-review-nfc-sticker-square-with-google-review-qr-code\/","url":"https:\/\/www.truzzer.com\/no\/produkt\/google-review-nfc-sticker-square-with-google-review-qr-code\/","name":"Google Anmeldelse NFC Klistremerke \u201cFirkantet\u201d | truzzer","isPartOf":{"@id":"https:\/\/www.truzzer.com\/no\/#website"},"primaryImageOfPage":{"@id":"https:\/\/www.truzzer.com\/no\/produkt\/google-review-nfc-sticker-square-with-google-review-qr-code\/#primaryimage"},"image":{"@id":"https:\/\/www.truzzer.com\/no\/produkt\/google-review-nfc-sticker-square-with-google-review-qr-code\/#primaryimage"},"thumbnailUrl":"https:\/\/www.truzzer.com\/wp-content\/uploads\/2026\/02\/google-review-nfc-sticker-google-qr-code-truzzer-1-2.jpg","datePublished":"2026-02-01T20:01:58+00:00","dateModified":"2026-02-13T09:57:36+00:00","description":"F\u00e5 flere 5-stjerners Google anmeldelser med v\u00e5rt NFC klistremerke fra truzzer. Bestill n\u00e5 \u2013 klar til bruk!","breadcrumb":{"@id":"https:\/\/www.truzzer.com\/no\/produkt\/google-review-nfc-sticker-square-with-google-review-qr-code\/#breadcrumb"},"inLanguage":"nb-NO","potentialAction":[{"@type":"ReadAction","target":["https:\/\/www.truzzer.com\/no\/produkt\/google-review-nfc-sticker-square-with-google-review-qr-code\/"]}]},{"@type":"ImageObject","inLanguage":"nb-NO","@id":"https:\/\/www.truzzer.com\/no\/produkt\/google-review-nfc-sticker-square-with-google-review-qr-code\/#primaryimage","url":"https:\/\/www.truzzer.com\/wp-content\/uploads\/2026\/02\/google-review-nfc-sticker-google-qr-code-truzzer-1-2.jpg","contentUrl":"https:\/\/www.truzzer.com\/wp-content\/uploads\/2026\/02\/google-review-nfc-sticker-google-qr-code-truzzer-1-2.jpg","width":1200,"height":1200},{"@type":"BreadcrumbList","@id":"https:\/\/www.truzzer.com\/no\/produkt\/google-review-nfc-sticker-square-with-google-review-qr-code\/#breadcrumb","itemListElement":[{"@type":"ListItem","position":1,"name":"Home","item":"https:\/\/www.truzzer.com\/no\/"},{"@type":"ListItem","position":2,"name":"Butikk","item":"https:\/\/www.truzzer.com\/no\/butikk\/"},{"@type":"ListItem","position":3,"name":"Google anmeldelse NFC-klistremerke &#8220;Firkantet&#8221; med Google gjennomgang QR-kode"}]},{"@type":"WebSite","@id":"https:\/\/www.truzzer.com\/no\/#website","url":"https:\/\/www.truzzer.com\/no\/","name":"truzzer","description":"Experts for customer trust","publisher":{"@id":"https:\/\/www.truzzer.com\/no\/#organization"},"potentialAction":[{"@type":"SearchAction","target":{"@type":"EntryPoint","urlTemplate":"https:\/\/www.truzzer.com\/no\/?s={search_term_string}"},"query-input":{"@type":"PropertyValueSpecification","valueRequired":true,"valueName":"search_term_string"}}],"inLanguage":"nb-NO"},{"@type":"Organization","@id":"https:\/\/www.truzzer.com\/no\/#organization","name":"truzzer","url":"https:\/\/www.truzzer.com\/no\/","logo":{"@type":"ImageObject","inLanguage":"nb-NO","@id":"https:\/\/www.truzzer.com\/no\/#\/schema\/logo\/image\/","url":"https:\/\/truzzer.com\/wp-content\/uploads\/2026\/01\/truzzer-logo-black-1.svg","contentUrl":"https:\/\/truzzer.com\/wp-content\/uploads\/2026\/01\/truzzer-logo-black-1.svg","width":938,"height":199,"caption":"truzzer"},"image":{"@id":"https:\/\/www.truzzer.com\/no\/#\/schema\/logo\/image\/"}}]}},"tiered_pricing_type":"fixed","tiered_pricing_fixed_rules":[],"tiered_pricing_product_settings":{"layout":"default","base_unit_name":{"singular":null,"plural":null},"default_variation":null},"tiered_pricing_minimum_quantity":null,"tiered_pricing_roles_data":[],"tiered_pricing_percentage_rules":[],"tiered_pricing_maximum_quantity":null,"tiered_pricing_quantity_step":null,"_links":{"self":[{"href":"https:\/\/www.truzzer.com\/no\/wp-json\/wp\/v2\/product\/99050","targetHints":{"allow":["GET"]}}],"collection":[{"href":"https:\/\/www.truzzer.com\/no\/wp-json\/wp\/v2\/product"}],"about":[{"href":"https:\/\/www.truzzer.com\/no\/wp-json\/wp\/v2\/types\/product"}],"replies":[{"embeddable":true,"href":"https:\/\/www.truzzer.com\/no\/wp-json\/wp\/v2\/comments?post=99050"}],"wp:featuredmedia":[{"embeddable":true,"href":"https:\/\/www.truzzer.com\/no\/wp-json\/wp\/v2\/media\/99053"}],"wp:attachment":[{"href":"https:\/\/www.truzzer.com\/no\/wp-json\/wp\/v2\/media?parent=99050"}],"wp:term":[{"taxonomy":"product_brand","embeddable":true,"href":"https:\/\/www.truzzer.com\/no\/wp-json\/wp\/v2\/product_brand?post=99050"},{"taxonomy":"product_cat","embeddable":true,"href":"https:\/\/www.truzzer.com\/no\/wp-json\/wp\/v2\/product_cat?post=99050"},{"taxonomy":"product_tag","embeddable":true,"href":"https:\/\/www.truzzer.com\/no\/wp-json\/wp\/v2\/product_tag?post=99050"}],"curies":[{"name":"wp","href":"https:\/\/api.w.org\/{rel}","templated":true}]}}