{"id":99074,"date":"2026-02-01T20:01:31","date_gmt":"2026-02-01T20:01:31","guid":{"rendered":"https:\/\/beta.truzzer.com\/product\/google-review-nfc-business-card-tap-with-google-review-qr-code\/"},"modified":"2026-02-13T08:01:48","modified_gmt":"2026-02-13T08:01:48","slug":"google-review-nfc-business-card-tap-with-google-review-qr-code","status":"publish","type":"product","link":"https:\/\/www.truzzer.com\/no\/produkt\/google-review-nfc-business-card-tap-with-google-review-qr-code\/","title":{"rendered":"Google Review NFC visittkort &laquo;Tap&raquo; med Google Review QR-kode"},"content":{"rendered":"<h2>F\u00e5 flere Google-anmeldelser med truzzers Google-anmeldelse NFC QR-kodekort &laquo;Tap&raquo;!<\/h2>\n<p>Med <strong>truzzer Google Review Cards<\/strong> med NFC-koblinger kan du raskt motta positive anmeldelser fra dine forn\u00f8yde kunder rett p\u00e5 bedriftsstedet ditt.<br \/>\n-V\u00e6rbestandig<br \/>\n&#8211; Viser kundene dine at de ogs\u00e5 kan finne deg p\u00e5 Google<br \/>\n&#8211; Skreddersydd spesielt for deg<\/p>\n","protected":false},"excerpt":{"rendered":"<div class=\"woocommerce-product-details__short-description\">\n<div style=\"width: 1920px\" class=\"wp-video\"><video class=\"wp-video-shortcode\" id=\"video-0-1\" width=\"1920\" height=\"1080\" preload=\"metadata\" controls=\"controls\"><a href=\"https:\/\/www.truzzer.com\/wp-content\/uploads\/2023\/08\/google-version-2-eng.mp4\">https:\/\/www.truzzer.com\/wp-content\/uploads\/2023\/08\/google-version-2-eng.mp4<\/a><\/video><\/div>\n<h2>F\u00e5 flere Google-anmeldelser med NFC-kort<\/h2>\n<p><strong>\u00c5 f\u00e5 Google-anmeldelser fra kunder har aldri v\u00e6rt enklere!<\/strong><br \/>\nMed kontaktl\u00f8se Google Anmeldelser NFC-kort kan du enkelt f\u00e5 nye Google-anmeldelser direkte p\u00e5 stedet.<br \/>\nDen i\u00f8ynefallende designen til Google Review NFC Cards gir gnister til kunder&#8217; interesse, og oppfordringen til handling oppfordrer dem til \u00e5 anmelde virksomheten din p\u00e5 Google.<br \/>\nAlt kundene dine trenger \u00e5 gj\u00f8re er \u00e5 holde smarttelefonen i n\u00e6rheten av NFC-kortene, og en pop-up \u00e5pnes p\u00e5 telefonen deres, som f\u00f8rer dem direkte til anmeldelsesskjemaet ditt!<\/p>\n<p>Hvis kunder&#8217; smarttelefoner har ikke NFC-funksjonalitet, en alternativ QR-kode er tilgjengelig p\u00e5 baksiden av NFC-kortene, som kan skannes direkte ved hjelp av smarttelefonkameraet <strong>&#8211; i begge tilfeller kreves det ingen egen app!<\/strong><\/p>\n<h3><strong>Hvordan NFC-kort hjelper deg med \u00e5 f\u00e5 flere Google-anmeldelser<\/strong><\/h3>\n<p>NFC-kortene eliminerer de st\u00f8rste hindringene for b\u00e5de deg og kundene dine n\u00e5r det kommer til Google-anmeldelser:<\/p>\n<ul>\n<li>Ikke mer ubehagelig \u00e5 sp\u00f8rre eller trygle. <strong>Handlingsfremmende oppfordring<\/strong> tar seg av \u00e5 be om Google-vurderinger for deg.<\/li>\n<li>Ikke mer \u00e5 glemme, siden kundene blir p\u00e5minnet om \u00e5 legge igjen en Google-anmeldelse.<\/li>\n<li>Ingen s\u00f8k eller problemer: <strong>NFC-koblingen og Google Review QR-koden f\u00f8rer direkte til anmeldelsesskjemaet ditt<\/strong> (som vi lager for deg)<strong><br \/><\/strong><\/li>\n<li><strong>Tangripelig:<\/strong> NFC-kortene gj\u00f8r gjennomgangsprosessen mer h\u00e5ndgripelig.<\/li>\n<li>Ingen ekstra app kreves.<\/li>\n<li>Blikfang: Moderne design<\/li>\n<\/ul>\n<p><strong>Vi h\u00e5ndterer opprettelsen og koblingen av NFC-koblingen og QR-koden for direkte anmeldelser p\u00e5 Google-profilen din!<\/strong><strong><br \/><\/strong><\/p>\n","protected":false},"featured_media":99081,"comment_status":"open","ping_status":"closed","template":"","meta":{"_acf_changed":false,"_yoast_wpseo_focuskw":"Google Anmeldelse NFC Kort","_yoast_wpseo_title":"Google Anmeldelse NFC Visittkort \u201cTap\u201d | truzzer","_yoast_wpseo_metadesc":"F\u00e5 flere 5-stjerners Google anmeldelser med v\u00e5rt NFC visittkort \u2013 bare trykk fra truzzer. Bestill n\u00e5 \u2013 klar til bruk!"},"product_brand":[1656],"product_cat":[767,813,1459,570,571],"product_tag":[],"class_list":{"0":"post-99074","1":"product","2":"type-product","3":"status-publish","4":"has-post-thumbnail","6":"product_brand-google","7":"product_cat-google-anmeldelse-produkter","8":"product_cat-google-anmeldelse-visittkort","9":"product_cat-google-anmeldelse-visittkort-med-qr-nfc","10":"product_cat-nfc-produkter","11":"product_cat-nfc-visittkort","12":"pa_industry-byra-radgivning","13":"pa_industry-eiendom-goed","14":"pa_industry-lokale-diensten","15":"pa_material-kartong","16":"pa_material-plastic","17":"pa_orientation-portrett","18":"pa_placement-balie-receptie","19":"pa_placement-brosjyre","20":"pa_placement-portemonnee-personlijk","21":"pa_product-type-visitekaartjes","22":"pa_shape-rechthoek","23":"pa_technology-nfc","24":"pa_technology-qr-nfc","25":"pa_technology-qr-nfc-2","27":"first","28":"instock","29":"taxable","30":"shipping-taxable","31":"purchasable","32":"product-type-simple"},"acf":[],"yoast_head":"<!-- This site is optimized with the Yoast SEO plugin v27.0 - https:\/\/yoast.com\/product\/yoast-seo-wordpress\/ -->\n<title>Google Anmeldelse NFC Visittkort \u201cTap\u201d | truzzer<\/title>\n<meta name=\"description\" content=\"F\u00e5 flere 5-stjerners Google anmeldelser med v\u00e5rt NFC visittkort \u2013 bare trykk fra truzzer. Bestill n\u00e5 \u2013 klar til bruk!\" \/>\n<meta name=\"robots\" content=\"index, follow, max-snippet:-1, max-image-preview:large, max-video-preview:-1\" \/>\n<link rel=\"canonical\" href=\"https:\/\/www.truzzer.com\/no\/produkt\/google-review-nfc-business-card-tap-with-google-review-qr-code\/\" \/>\n<meta property=\"og:locale\" content=\"nb_NO\" \/>\n<meta property=\"og:type\" content=\"article\" \/>\n<meta property=\"og:title\" content=\"Google Anmeldelse NFC Visittkort \u201cTap\u201d | truzzer\" \/>\n<meta property=\"og:description\" content=\"F\u00e5 flere 5-stjerners Google anmeldelser med v\u00e5rt NFC visittkort \u2013 bare trykk fra truzzer. Bestill n\u00e5 \u2013 klar til bruk!\" \/>\n<meta property=\"og:url\" content=\"https:\/\/www.truzzer.com\/no\/produkt\/google-review-nfc-business-card-tap-with-google-review-qr-code\/\" \/>\n<meta property=\"og:site_name\" content=\"truzzer\" \/>\n<meta property=\"article:modified_time\" content=\"2026-02-13T08:01:48+00:00\" \/>\n<meta property=\"og:image\" content=\"https:\/\/www.truzzer.com\/wp-content\/uploads\/2026\/02\/GOOGLE-NFC-REVIEW-CARD-TRUZZER-FRONT-tap-S-1.jpg\" \/>\n\t<meta property=\"og:image:width\" content=\"1200\" \/>\n\t<meta property=\"og:image:height\" content=\"1200\" \/>\n\t<meta property=\"og:image:type\" content=\"image\/jpeg\" \/>\n<meta name=\"twitter:card\" content=\"summary_large_image\" \/>\n<script type=\"application\/ld+json\" class=\"yoast-schema-graph\">{\"@context\":\"https:\/\/schema.org\",\"@graph\":[{\"@type\":\"WebPage\",\"@id\":\"https:\/\/www.truzzer.com\/no\/produkt\/google-review-nfc-business-card-tap-with-google-review-qr-code\/\",\"url\":\"https:\/\/www.truzzer.com\/no\/produkt\/google-review-nfc-business-card-tap-with-google-review-qr-code\/\",\"name\":\"Google Anmeldelse NFC Visittkort \u201cTap\u201d | truzzer\",\"isPartOf\":{\"@id\":\"https:\/\/www.truzzer.com\/no\/#website\"},\"primaryImageOfPage\":{\"@id\":\"https:\/\/www.truzzer.com\/no\/produkt\/google-review-nfc-business-card-tap-with-google-review-qr-code\/#primaryimage\"},\"image\":{\"@id\":\"https:\/\/www.truzzer.com\/no\/produkt\/google-review-nfc-business-card-tap-with-google-review-qr-code\/#primaryimage\"},\"thumbnailUrl\":\"https:\/\/www.truzzer.com\/wp-content\/uploads\/2026\/02\/GOOGLE-NFC-REVIEW-CARD-TRUZZER-FRONT-tap-S-1.jpg\",\"datePublished\":\"2026-02-01T20:01:31+00:00\",\"dateModified\":\"2026-02-13T08:01:48+00:00\",\"description\":\"F\u00e5 flere 5-stjerners Google anmeldelser med v\u00e5rt NFC visittkort \u2013 bare trykk fra truzzer. Bestill n\u00e5 \u2013 klar til bruk!\",\"breadcrumb\":{\"@id\":\"https:\/\/www.truzzer.com\/no\/produkt\/google-review-nfc-business-card-tap-with-google-review-qr-code\/#breadcrumb\"},\"inLanguage\":\"nb-NO\",\"potentialAction\":[{\"@type\":\"ReadAction\",\"target\":[\"https:\/\/www.truzzer.com\/no\/produkt\/google-review-nfc-business-card-tap-with-google-review-qr-code\/\"]}]},{\"@type\":\"ImageObject\",\"inLanguage\":\"nb-NO\",\"@id\":\"https:\/\/www.truzzer.com\/no\/produkt\/google-review-nfc-business-card-tap-with-google-review-qr-code\/#primaryimage\",\"url\":\"https:\/\/www.truzzer.com\/wp-content\/uploads\/2026\/02\/GOOGLE-NFC-REVIEW-CARD-TRUZZER-FRONT-tap-S-1.jpg\",\"contentUrl\":\"https:\/\/www.truzzer.com\/wp-content\/uploads\/2026\/02\/GOOGLE-NFC-REVIEW-CARD-TRUZZER-FRONT-tap-S-1.jpg\",\"width\":1200,\"height\":1200},{\"@type\":\"BreadcrumbList\",\"@id\":\"https:\/\/www.truzzer.com\/no\/produkt\/google-review-nfc-business-card-tap-with-google-review-qr-code\/#breadcrumb\",\"itemListElement\":[{\"@type\":\"ListItem\",\"position\":1,\"name\":\"Home\",\"item\":\"https:\/\/www.truzzer.com\/no\/\"},{\"@type\":\"ListItem\",\"position\":2,\"name\":\"Butikk\",\"item\":\"https:\/\/www.truzzer.com\/no\/butikk\/\"},{\"@type\":\"ListItem\",\"position\":3,\"name\":\"Google Review NFC visittkort &#8220;Tap&#8221; med Google Review QR-kode\"}]},{\"@type\":\"WebSite\",\"@id\":\"https:\/\/www.truzzer.com\/no\/#website\",\"url\":\"https:\/\/www.truzzer.com\/no\/\",\"name\":\"truzzer\",\"description\":\"Experts for customer trust\",\"publisher\":{\"@id\":\"https:\/\/www.truzzer.com\/no\/#organization\"},\"potentialAction\":[{\"@type\":\"SearchAction\",\"target\":{\"@type\":\"EntryPoint\",\"urlTemplate\":\"https:\/\/www.truzzer.com\/no\/?s={search_term_string}\"},\"query-input\":{\"@type\":\"PropertyValueSpecification\",\"valueRequired\":true,\"valueName\":\"search_term_string\"}}],\"inLanguage\":\"nb-NO\"},{\"@type\":\"Organization\",\"@id\":\"https:\/\/www.truzzer.com\/no\/#organization\",\"name\":\"truzzer\",\"url\":\"https:\/\/www.truzzer.com\/no\/\",\"logo\":{\"@type\":\"ImageObject\",\"inLanguage\":\"nb-NO\",\"@id\":\"https:\/\/www.truzzer.com\/no\/#\/schema\/logo\/image\/\",\"url\":\"https:\/\/truzzer.com\/wp-content\/uploads\/2026\/01\/truzzer-logo-black-1.svg\",\"contentUrl\":\"https:\/\/truzzer.com\/wp-content\/uploads\/2026\/01\/truzzer-logo-black-1.svg\",\"width\":938,\"height\":199,\"caption\":\"truzzer\"},\"image\":{\"@id\":\"https:\/\/www.truzzer.com\/no\/#\/schema\/logo\/image\/\"}}]}<\/script>\n<!-- \/ Yoast SEO plugin. -->","yoast_head_json":{"title":"Google Anmeldelse NFC Visittkort \u201cTap\u201d | truzzer","description":"F\u00e5 flere 5-stjerners Google anmeldelser med v\u00e5rt NFC visittkort \u2013 bare trykk fra truzzer. Bestill n\u00e5 \u2013 klar til bruk!","robots":{"index":"index","follow":"follow","max-snippet":"max-snippet:-1","max-image-preview":"max-image-preview:large","max-video-preview":"max-video-preview:-1"},"canonical":"https:\/\/www.truzzer.com\/no\/produkt\/google-review-nfc-business-card-tap-with-google-review-qr-code\/","og_locale":"nb_NO","og_type":"article","og_title":"Google Anmeldelse NFC Visittkort \u201cTap\u201d | truzzer","og_description":"F\u00e5 flere 5-stjerners Google anmeldelser med v\u00e5rt NFC visittkort \u2013 bare trykk fra truzzer. Bestill n\u00e5 \u2013 klar til bruk!","og_url":"https:\/\/www.truzzer.com\/no\/produkt\/google-review-nfc-business-card-tap-with-google-review-qr-code\/","og_site_name":"truzzer","article_modified_time":"2026-02-13T08:01:48+00:00","og_image":[{"width":1200,"height":1200,"url":"https:\/\/www.truzzer.com\/wp-content\/uploads\/2026\/02\/GOOGLE-NFC-REVIEW-CARD-TRUZZER-FRONT-tap-S-1.jpg","type":"image\/jpeg"}],"twitter_card":"summary_large_image","schema":{"@context":"https:\/\/schema.org","@graph":[{"@type":"WebPage","@id":"https:\/\/www.truzzer.com\/no\/produkt\/google-review-nfc-business-card-tap-with-google-review-qr-code\/","url":"https:\/\/www.truzzer.com\/no\/produkt\/google-review-nfc-business-card-tap-with-google-review-qr-code\/","name":"Google Anmeldelse NFC Visittkort \u201cTap\u201d | truzzer","isPartOf":{"@id":"https:\/\/www.truzzer.com\/no\/#website"},"primaryImageOfPage":{"@id":"https:\/\/www.truzzer.com\/no\/produkt\/google-review-nfc-business-card-tap-with-google-review-qr-code\/#primaryimage"},"image":{"@id":"https:\/\/www.truzzer.com\/no\/produkt\/google-review-nfc-business-card-tap-with-google-review-qr-code\/#primaryimage"},"thumbnailUrl":"https:\/\/www.truzzer.com\/wp-content\/uploads\/2026\/02\/GOOGLE-NFC-REVIEW-CARD-TRUZZER-FRONT-tap-S-1.jpg","datePublished":"2026-02-01T20:01:31+00:00","dateModified":"2026-02-13T08:01:48+00:00","description":"F\u00e5 flere 5-stjerners Google anmeldelser med v\u00e5rt NFC visittkort \u2013 bare trykk fra truzzer. Bestill n\u00e5 \u2013 klar til bruk!","breadcrumb":{"@id":"https:\/\/www.truzzer.com\/no\/produkt\/google-review-nfc-business-card-tap-with-google-review-qr-code\/#breadcrumb"},"inLanguage":"nb-NO","potentialAction":[{"@type":"ReadAction","target":["https:\/\/www.truzzer.com\/no\/produkt\/google-review-nfc-business-card-tap-with-google-review-qr-code\/"]}]},{"@type":"ImageObject","inLanguage":"nb-NO","@id":"https:\/\/www.truzzer.com\/no\/produkt\/google-review-nfc-business-card-tap-with-google-review-qr-code\/#primaryimage","url":"https:\/\/www.truzzer.com\/wp-content\/uploads\/2026\/02\/GOOGLE-NFC-REVIEW-CARD-TRUZZER-FRONT-tap-S-1.jpg","contentUrl":"https:\/\/www.truzzer.com\/wp-content\/uploads\/2026\/02\/GOOGLE-NFC-REVIEW-CARD-TRUZZER-FRONT-tap-S-1.jpg","width":1200,"height":1200},{"@type":"BreadcrumbList","@id":"https:\/\/www.truzzer.com\/no\/produkt\/google-review-nfc-business-card-tap-with-google-review-qr-code\/#breadcrumb","itemListElement":[{"@type":"ListItem","position":1,"name":"Home","item":"https:\/\/www.truzzer.com\/no\/"},{"@type":"ListItem","position":2,"name":"Butikk","item":"https:\/\/www.truzzer.com\/no\/butikk\/"},{"@type":"ListItem","position":3,"name":"Google Review NFC visittkort &#8220;Tap&#8221; med Google Review QR-kode"}]},{"@type":"WebSite","@id":"https:\/\/www.truzzer.com\/no\/#website","url":"https:\/\/www.truzzer.com\/no\/","name":"truzzer","description":"Experts for customer trust","publisher":{"@id":"https:\/\/www.truzzer.com\/no\/#organization"},"potentialAction":[{"@type":"SearchAction","target":{"@type":"EntryPoint","urlTemplate":"https:\/\/www.truzzer.com\/no\/?s={search_term_string}"},"query-input":{"@type":"PropertyValueSpecification","valueRequired":true,"valueName":"search_term_string"}}],"inLanguage":"nb-NO"},{"@type":"Organization","@id":"https:\/\/www.truzzer.com\/no\/#organization","name":"truzzer","url":"https:\/\/www.truzzer.com\/no\/","logo":{"@type":"ImageObject","inLanguage":"nb-NO","@id":"https:\/\/www.truzzer.com\/no\/#\/schema\/logo\/image\/","url":"https:\/\/truzzer.com\/wp-content\/uploads\/2026\/01\/truzzer-logo-black-1.svg","contentUrl":"https:\/\/truzzer.com\/wp-content\/uploads\/2026\/01\/truzzer-logo-black-1.svg","width":938,"height":199,"caption":"truzzer"},"image":{"@id":"https:\/\/www.truzzer.com\/no\/#\/schema\/logo\/image\/"}}]}},"tiered_pricing_type":"fixed","tiered_pricing_fixed_rules":[],"tiered_pricing_product_settings":{"layout":"default","base_unit_name":{"singular":null,"plural":null},"default_variation":null},"tiered_pricing_minimum_quantity":null,"tiered_pricing_roles_data":[],"tiered_pricing_percentage_rules":[],"tiered_pricing_maximum_quantity":null,"tiered_pricing_quantity_step":null,"_links":{"self":[{"href":"https:\/\/www.truzzer.com\/no\/wp-json\/wp\/v2\/product\/99074","targetHints":{"allow":["GET"]}}],"collection":[{"href":"https:\/\/www.truzzer.com\/no\/wp-json\/wp\/v2\/product"}],"about":[{"href":"https:\/\/www.truzzer.com\/no\/wp-json\/wp\/v2\/types\/product"}],"replies":[{"embeddable":true,"href":"https:\/\/www.truzzer.com\/no\/wp-json\/wp\/v2\/comments?post=99074"}],"wp:featuredmedia":[{"embeddable":true,"href":"https:\/\/www.truzzer.com\/no\/wp-json\/wp\/v2\/media\/99081"}],"wp:attachment":[{"href":"https:\/\/www.truzzer.com\/no\/wp-json\/wp\/v2\/media?parent=99074"}],"wp:term":[{"taxonomy":"product_brand","embeddable":true,"href":"https:\/\/www.truzzer.com\/no\/wp-json\/wp\/v2\/product_brand?post=99074"},{"taxonomy":"product_cat","embeddable":true,"href":"https:\/\/www.truzzer.com\/no\/wp-json\/wp\/v2\/product_cat?post=99074"},{"taxonomy":"product_tag","embeddable":true,"href":"https:\/\/www.truzzer.com\/no\/wp-json\/wp\/v2\/product_tag?post=99074"}],"curies":[{"name":"wp","href":"https:\/\/api.w.org\/{rel}","templated":true}]}}