{"id":101792,"date":"2026-02-04T15:43:35","date_gmt":"2026-02-04T15:43:35","guid":{"rendered":"https:\/\/beta.truzzer.com\/legal-information\/"},"modified":"2026-02-13T08:22:04","modified_gmt":"2026-02-13T08:22:04","slug":"legal-information","status":"publish","type":"page","link":"https:\/\/www.truzzer.com\/pl\/legal-information\/","title":{"rendered":"Informacje prawne"},"content":{"rendered":"<article class=\"entry-content post-22029 typ strony-status strony-publikacja wpisu\" id=\"post-22029\">\n<p><strong><\/strong><\/p>\n<p>truzzer.com, produkt firmy eKomi Inc.<\/p>\n<p>9100 Wilshire Boulevard, #725 E<br \/>\nBeverly Hills, Kalifornia 90210<\/p>\n<p><strong>Numer identyfikacyjny pracodawcy 46-3575280\u00a0 <\/strong><\/p>\n<h4><strong>Kontakt:<\/strong><\/h4>\n<p>Telefon:<\/p>\n<p>NL: +31 0137009709<\/p>\n<p>USA: +1 844-356-6487<br \/>\nIT: +39 800727483<br \/>\nFR: +33-185149756<br \/>\nWielka Brytania: +49 030 2000 444 999<br \/>\nES: +34 911238286<\/p>\n<p>(Odpowiedzi na pytania zostan\u0105 udzielone w ci\u0105gu 24 godzin)<\/p>\n<p>Faks: +49 030 2000 444 998<\/p>\n<p>E-mail: <a class=\"__cf_email__\" data-cfemail=\"a2cac7cececde2d6d0d7d8d8c7d08cc1cdcf\" href=\"\/cdn-cgi\/l\/email-protection\">[chroniony e-mailem]<\/a><\/p>\n<p>Zgodnie z art. 36 niemieckiej ustawy o rozstrzyganiu spor\u00f3w konsumenckich (Verbraucherstreitbeilegungsgesetz) jeste\u015bmy zobowi\u0105zani poinformowa\u0107 Ci\u0119 o europejskiej platformie internetowego rozstrzygania spor\u00f3w (platforma ODR) udost\u0119pnianej przez Komisj\u0119 Europejsk\u0105, kt\u00f3r\u0105 mo\u017cna znale\u017a\u0107 pod adresem:<\/p>\n<p>https:\/\/ec.europa.eu\/consumers\/odr.<\/p>\n<p>eKomi Holding GmbH nie uczestniczy w post\u0119powaniach na tej platformie ani w innych post\u0119powaniach dotycz\u0105cych rozstrzygania spor\u00f3w prowadzonych przez organ arbitra\u017cowy, ani nie jest do tego zobowi\u0105zana.<\/p>\n<\/article>\n","protected":false},"excerpt":{"rendered":"<p>truzzer.com, produkt firmy eKomi Inc. 9100 Wilshire Boulevard, #725 E Beverly Hills, Kalifornia 90210 Numer identyfikacyjny pracodawcy 46-3575280\u00a0 Kontakt: Telefon:<\/p>\n","protected":false},"author":1,"featured_media":0,"parent":0,"menu_order":0,"comment_status":"closed","ping_status":"closed","template":"","meta":{"_acf_changed":false,"_yoast_wpseo_focuskw":"","_yoast_wpseo_title":"","_yoast_wpseo_metadesc":"","footnotes":""},"class_list":["post-101792","page","type-page","status-publish","hentry"],"acf":[],"yoast_head":"<!-- This site is optimized with the Yoast SEO plugin v27.0 - https:\/\/yoast.com\/product\/yoast-seo-wordpress\/ -->\n<title>Informacje prawne | truzzer<\/title>\n<meta name=\"robots\" content=\"index, follow, max-snippet:-1, max-image-preview:large, max-video-preview:-1\" \/>\n<link rel=\"canonical\" href=\"https:\/\/www.truzzer.com\/pl\/legal-information\/\" \/>\n<meta property=\"og:locale\" content=\"pl_PL\" \/>\n<meta property=\"og:type\" content=\"article\" \/>\n<meta property=\"og:title\" content=\"Informacje prawne | truzzer\" \/>\n<meta property=\"og:description\" content=\"truzzer.com, produkt firmy eKomi Inc. 9100 Wilshire Boulevard, #725 E Beverly Hills, Kalifornia 90210 Numer identyfikacyjny pracodawcy 46-3575280\u00a0 Kontakt: Telefon:\" \/>\n<meta property=\"og:url\" content=\"https:\/\/www.truzzer.com\/pl\/legal-information\/\" \/>\n<meta property=\"og:site_name\" content=\"truzzer\" \/>\n<meta property=\"article:modified_time\" content=\"2026-02-13T08:22:04+00:00\" \/>\n<meta name=\"twitter:card\" content=\"summary_large_image\" \/>\n<meta name=\"twitter:label1\" content=\"Szacowany czas czytania\" \/>\n\t<meta name=\"twitter:data1\" content=\"1 minuta\" \/>\n<script type=\"application\/ld+json\" class=\"yoast-schema-graph\">{\"@context\":\"https:\/\/schema.org\",\"@graph\":[{\"@type\":\"WebPage\",\"@id\":\"https:\/\/www.truzzer.com\/pl\/legal-information\/\",\"url\":\"https:\/\/www.truzzer.com\/pl\/legal-information\/\",\"name\":\"Informacje prawne | truzzer\",\"isPartOf\":{\"@id\":\"https:\/\/www.truzzer.com\/pl\/#website\"},\"datePublished\":\"2026-02-04T15:43:35+00:00\",\"dateModified\":\"2026-02-13T08:22:04+00:00\",\"breadcrumb\":{\"@id\":\"https:\/\/www.truzzer.com\/pl\/legal-information\/#breadcrumb\"},\"inLanguage\":\"pl-PL\",\"potentialAction\":[{\"@type\":\"ReadAction\",\"target\":[\"https:\/\/www.truzzer.com\/pl\/legal-information\/\"]}]},{\"@type\":\"BreadcrumbList\",\"@id\":\"https:\/\/www.truzzer.com\/pl\/legal-information\/#breadcrumb\",\"itemListElement\":[{\"@type\":\"ListItem\",\"position\":1,\"name\":\"Home\",\"item\":\"https:\/\/www.truzzer.com\/pl\/\"},{\"@type\":\"ListItem\",\"position\":2,\"name\":\"Informacje prawne\"}]},{\"@type\":\"WebSite\",\"@id\":\"https:\/\/www.truzzer.com\/pl\/#website\",\"url\":\"https:\/\/www.truzzer.com\/pl\/\",\"name\":\"truzzer\",\"description\":\"Experts for customer trust\",\"publisher\":{\"@id\":\"https:\/\/www.truzzer.com\/pl\/#organization\"},\"potentialAction\":[{\"@type\":\"SearchAction\",\"target\":{\"@type\":\"EntryPoint\",\"urlTemplate\":\"https:\/\/www.truzzer.com\/pl\/?s={search_term_string}\"},\"query-input\":{\"@type\":\"PropertyValueSpecification\",\"valueRequired\":true,\"valueName\":\"search_term_string\"}}],\"inLanguage\":\"pl-PL\"},{\"@type\":\"Organization\",\"@id\":\"https:\/\/www.truzzer.com\/pl\/#organization\",\"name\":\"truzzer\",\"url\":\"https:\/\/www.truzzer.com\/pl\/\",\"logo\":{\"@type\":\"ImageObject\",\"inLanguage\":\"pl-PL\",\"@id\":\"https:\/\/www.truzzer.com\/pl\/#\/schema\/logo\/image\/\",\"url\":\"https:\/\/truzzer.com\/wp-content\/uploads\/2026\/01\/truzzer-logo-black-1.svg\",\"contentUrl\":\"https:\/\/truzzer.com\/wp-content\/uploads\/2026\/01\/truzzer-logo-black-1.svg\",\"width\":938,\"height\":199,\"caption\":\"truzzer\"},\"image\":{\"@id\":\"https:\/\/www.truzzer.com\/pl\/#\/schema\/logo\/image\/\"}}]}<\/script>\n<!-- \/ Yoast SEO plugin. -->","yoast_head_json":{"title":"Informacje prawne | truzzer","robots":{"index":"index","follow":"follow","max-snippet":"max-snippet:-1","max-image-preview":"max-image-preview:large","max-video-preview":"max-video-preview:-1"},"canonical":"https:\/\/www.truzzer.com\/pl\/legal-information\/","og_locale":"pl_PL","og_type":"article","og_title":"Informacje prawne | truzzer","og_description":"truzzer.com, produkt firmy eKomi Inc. 9100 Wilshire Boulevard, #725 E Beverly Hills, Kalifornia 90210 Numer identyfikacyjny pracodawcy 46-3575280\u00a0 Kontakt: Telefon:","og_url":"https:\/\/www.truzzer.com\/pl\/legal-information\/","og_site_name":"truzzer","article_modified_time":"2026-02-13T08:22:04+00:00","twitter_card":"summary_large_image","twitter_misc":{"Szacowany czas czytania":"1 minuta"},"schema":{"@context":"https:\/\/schema.org","@graph":[{"@type":"WebPage","@id":"https:\/\/www.truzzer.com\/pl\/legal-information\/","url":"https:\/\/www.truzzer.com\/pl\/legal-information\/","name":"Informacje prawne | truzzer","isPartOf":{"@id":"https:\/\/www.truzzer.com\/pl\/#website"},"datePublished":"2026-02-04T15:43:35+00:00","dateModified":"2026-02-13T08:22:04+00:00","breadcrumb":{"@id":"https:\/\/www.truzzer.com\/pl\/legal-information\/#breadcrumb"},"inLanguage":"pl-PL","potentialAction":[{"@type":"ReadAction","target":["https:\/\/www.truzzer.com\/pl\/legal-information\/"]}]},{"@type":"BreadcrumbList","@id":"https:\/\/www.truzzer.com\/pl\/legal-information\/#breadcrumb","itemListElement":[{"@type":"ListItem","position":1,"name":"Home","item":"https:\/\/www.truzzer.com\/pl\/"},{"@type":"ListItem","position":2,"name":"Informacje prawne"}]},{"@type":"WebSite","@id":"https:\/\/www.truzzer.com\/pl\/#website","url":"https:\/\/www.truzzer.com\/pl\/","name":"truzzer","description":"Experts for customer trust","publisher":{"@id":"https:\/\/www.truzzer.com\/pl\/#organization"},"potentialAction":[{"@type":"SearchAction","target":{"@type":"EntryPoint","urlTemplate":"https:\/\/www.truzzer.com\/pl\/?s={search_term_string}"},"query-input":{"@type":"PropertyValueSpecification","valueRequired":true,"valueName":"search_term_string"}}],"inLanguage":"pl-PL"},{"@type":"Organization","@id":"https:\/\/www.truzzer.com\/pl\/#organization","name":"truzzer","url":"https:\/\/www.truzzer.com\/pl\/","logo":{"@type":"ImageObject","inLanguage":"pl-PL","@id":"https:\/\/www.truzzer.com\/pl\/#\/schema\/logo\/image\/","url":"https:\/\/truzzer.com\/wp-content\/uploads\/2026\/01\/truzzer-logo-black-1.svg","contentUrl":"https:\/\/truzzer.com\/wp-content\/uploads\/2026\/01\/truzzer-logo-black-1.svg","width":938,"height":199,"caption":"truzzer"},"image":{"@id":"https:\/\/www.truzzer.com\/pl\/#\/schema\/logo\/image\/"}}]}},"_links":{"self":[{"href":"https:\/\/www.truzzer.com\/pl\/wp-json\/wp\/v2\/pages\/101792","targetHints":{"allow":["GET"]}}],"collection":[{"href":"https:\/\/www.truzzer.com\/pl\/wp-json\/wp\/v2\/pages"}],"about":[{"href":"https:\/\/www.truzzer.com\/pl\/wp-json\/wp\/v2\/types\/page"}],"author":[{"embeddable":true,"href":"https:\/\/www.truzzer.com\/pl\/wp-json\/wp\/v2\/users\/1"}],"replies":[{"embeddable":true,"href":"https:\/\/www.truzzer.com\/pl\/wp-json\/wp\/v2\/comments?post=101792"}],"version-history":[{"count":0,"href":"https:\/\/www.truzzer.com\/pl\/wp-json\/wp\/v2\/pages\/101792\/revisions"}],"wp:attachment":[{"href":"https:\/\/www.truzzer.com\/pl\/wp-json\/wp\/v2\/media?parent=101792"}],"curies":[{"name":"wp","href":"https:\/\/api.w.org\/{rel}","templated":true}]}}